{"id":3,"date":"2024-06-18T13:01:10","date_gmt":"2024-06-18T11:01:10","guid":{"rendered":"https:\/\/kirkensbymisjon.no\/tilbud-kvartal-xiii\/forside\/"},"modified":"2024-10-16T11:35:28","modified_gmt":"2024-10-16T09:35:28","slug":"forside","status":"publish","type":"page","link":"https:\/\/kirkensbymisjon.no\/tilbud-kvartal-xiii\/","title":{"rendered":"Forside"},"content":{"rendered":"\n<p>Kvartal XIII er et tilbud for voksne personer med psykisk helseproblematikk, uavhengig av diagnose, alder, kj\u00f8nn eller etnisk tilh\u00f8righet. Kvartal XIIIs tilbud passer spesielt godt for unge voksne som har et \u00f8nske om \u00e5 bo selvstendig i et vanlig bomilj\u00f8, og som \u00f8nsker \u00e5 benytte seg av n\u00e6rmilj\u00f8et og byens muligheter.<\/p>\n\n\n\n<p>Vi tilbyr beboerne v\u00e5re fellesskap gjennom felles aktiviteter, m\u00e5ltider og sosialt samv\u00e6r. Tilbudet passer ogs\u00e5 for personer med en annen kulturell bakgrunn enn norsk. <br><br>\u00d8nsker du \u00e5 s\u00f8ke bolig i Kvartal XIII? <br>Les mer om <a href=\"\/tilbud-kvartal-xiii\/bli-beboer\">hvordan du s\u00f8ker<\/a>.<\/p>\n\n\n\n<blockquote class=\"wp-block-quote is-layout-flow wp-block-quote-is-layout-flow\">\n<p>Alle mennesker har behov for trygghet, stabilitet og forutsigbarhet. Det finner jeg i Kvartal XIII.<\/p>\n<cite>Beboer<\/cite><\/blockquote>\n\n\n\t<div class=\"alignwide wp-block-kbm-link-list\">\n\t\t<div class=\"kbm-link-list__items\">\n\t\t\t\n<div class=\"wp-block-kbm-link-list-item\">\t<svg xmlns=\"http:\/\/www.w3.org\/2000\/svg\" viewBox=\"0 0 48 48\" height=\"24\" width=\"24\" class=\"t2-icon t2-icon-integrationmulticultural\" aria-hidden=\"true\" focusable=\"false\"><path d=\"M17.576 2.122c-1.569.297-2.843 1.076-3.532 2.158-.466.732-.614 1.3-.614 2.353 0 1.401.405 2.616 1.332 3.994.33.491.709 1.107.843 1.37.615 1.21.401 2.381-.634 3.467-.774.812-1.514 1.084-3.131 1.151-1.597.066-3.765-.142-7.64-.732-.44-.067-.899-.143-1.02-.169l-.22-.047.02 13.705L3 43.077l.64.096c6.849 1.034 9.181 1.086 10.625.24.476-.279 1.193-1.07 1.454-1.605.52-1.061.344-1.845-.802-3.577-1.162-1.756-1.494-2.707-1.491-4.271.001-1.048.17-1.681.643-2.413.557-.863 1.774-1.661 3.051-2.003.658-.175 2.624-.197 3.28-.036 1.667.41 3.024 1.637 3.409 3.081.143.539.14 1.895-.007 2.451-.17.647-.705 1.654-1.215 2.286-1.074 1.332-1.532 2.279-1.605 3.318-.138 1.966 1.17 3.072 3.757 3.176 1.227.05 2.476-.05 5.859-.466 1.406-.173 2.789-.314 3.072-.314h.514l-.047-.82c-.026-.451-.173-1.468-.328-2.26-.397-2.037-.475-2.674-.431-3.52.067-1.273.632-2.198 1.649-2.699.95-.468 2.066-.406 3.253.181.352.174.964.571 1.36.883 1.421 1.119 2.453 1.539 3.8 1.545 1.376.006 2.365-.39 3.196-1.279.828-.884 1.259-1.994 1.341-3.449.155-2.753-1.249-4.986-3.465-5.509-.418-.099-.775-.12-1.472-.086-1.433.069-2.477.443-3.891 1.394-1.411.948-2.208 1.229-3.013 1.062-.646-.134-1.177-.418-1.717-.919-.61-.564-.94-1.198-1.11-2.13-.229-1.257-.024-4.109.57-7.952.15-.966.256-1.773.236-1.793-.052-.052-1.965.126-3.793.353-3.637.451-5.67.548-6.742.321-.699-.148-1.51-.539-1.873-.901-.954-.955-.947-2.7.017-4.262.204-.33.525-.78.712-1 1.155-1.354 1.685-2.857 1.506-4.271-.137-1.089-.422-1.694-1.138-2.416a4.806 4.806 0 0 0-2.284-1.317c-.692-.181-2.181-.219-2.944-.074\"\/><\/svg>\t<div class=\"kbm-link-list-item__content\">\n\t\t<p class=\"kbm-link-list-item__title\">Mestring og tilh\u00f8righet<\/p>\n\t\t\t\t\t<p class=\"kbm-link-list-item__description\">V\u00e5rt m\u00e5l er at du skal erfare hva det vil si \u00e5 bo for deg selv, skape ditt eget hjem, oppleve tilh\u00f8righet gjennom fellesskap med andre, og \u00e5 mestre et selvstendig liv.<\/p>\n\t\t\t<\/div>\n\t<\/div>\n\n<div class=\"wp-block-kbm-link-list-item\">\t<svg xmlns=\"http:\/\/www.w3.org\/2000\/svg\" viewBox=\"0 0 48 48\" height=\"24\" width=\"24\" class=\"t2-icon t2-icon-heart\" aria-hidden=\"true\" focusable=\"false\"><path d=\"M12.608 7.169c-1.695.306-3.132.959-4.579 2.081-1.894 1.468-3.293 3.755-3.79 6.194-.689 3.382.232 7.499 2.57 11.489 2.339 3.991 6.459 8.359 11.511 12.202 1.924 1.463 5.432 3.825 5.682 3.825.244 0 3.789-2.389 5.678-3.826 3.507-2.666 6.767-5.781 9.058-8.654 4.107-5.151 5.927-10.598 5.023-15.036-.867-4.255-4.231-7.559-8.431-8.282-.908-.156-2.546-.157-3.46-.001-3.228.55-6.151 2.758-7.548 5.699-.151.319-.296.58-.32.58-.025 0-.212-.333-.416-.74-1.452-2.905-4.266-4.995-7.456-5.539-.885-.151-2.667-.147-3.522.008\"\/><\/svg>\t<div class=\"kbm-link-list-item__content\">\n\t\t<p class=\"kbm-link-list-item__title\">Tilrettelagt for unge<\/p>\n\t\t\t\t\t<p class=\"kbm-link-list-item__description\">Vi skreddersyr tilbudet for unge mennesker med psykoselidelser, spesielt unge med flerkulturell bakgrunn. Vi har takh\u00f8yde for ulike syn p\u00e5 helse og sykdom, og er opptatt av \u00e5 romme mangfold og tilby tilpasset oppf\u00f8lging.<\/p>\n\t\t\t<\/div>\n\t<\/div>\n\n<div class=\"wp-block-kbm-link-list-item\">\t<svg xmlns=\"http:\/\/www.w3.org\/2000\/svg\" viewBox=\"0 0 48 48\" height=\"24\" width=\"24\" class=\"t2-icon t2-icon-housing\" aria-hidden=\"true\" focusable=\"false\"><path d=\"M23.546 3.463c-.096.053-4.748 4.237-10.338 9.297l-10.164 9.2 2.478.021L8 22.002v11.087c0 10.096.012 11.111.131 11.362.256.541.306.549 3.393.549 3.033 0 3.006.004 3.335-.498.131-.199.144-.674.181-6.605l.04-6.39.261-.234.262-.233h2.842c3.152 0 3.185.005 3.424.509.118.247.131.901.131 6.451 0 6.834-.019 6.573.511 6.864.23.126.873.136 8.489.136 7.616 0 8.259-.01 8.489-.136.546-.299.511.504.511-11.775V22.002l2.477-.021 2.478-.021-10.128-9.16c-5.57-5.038-10.222-9.223-10.337-9.299-.242-.161-.691-.179-.944-.038\"\/><\/svg>\t<div class=\"kbm-link-list-item__content\">\n\t\t<p class=\"kbm-link-list-item__title\">Trygghet og forutsigbarhet<\/p>\n\t\t\t\t\t<p class=\"kbm-link-list-item__description\">Vi har ordin\u00e6re husleiekontrakter. Vi tilbyr st\u00f8tte og fellesaktiviteter, men vi ivaretar ogs\u00e5 din rett til privatliv.<\/p>\n\t\t\t<\/div>\n\t<\/div>\n\t\t<\/div>\n\t<\/div>\n\t","protected":false},"excerpt":{"rendered":"<p>Kvartal XIII er et tilbud for voksne personer med psykisk helseproblematikk, uavhengig av diagnose, alder,&hellip;<\/p>\n","protected":false},"author":2,"featured_media":0,"parent":0,"menu_order":0,"comment_status":"closed","ping_status":"closed","template":"","meta":{"_relevanssi_hide_post":"","_relevanssi_hide_content":"","_relevanssi_pin_for_all":"","_relevanssi_pin_keywords":"","_relevanssi_unpin_keywords":"","_relevanssi_related_keywords":"","_relevanssi_related_include_ids":"","_relevanssi_related_exclude_ids":"","_relevanssi_related_no_append":"","_relevanssi_related_not_related":"","_relevanssi_related_posts":"1","_relevanssi_noindex_reason":"","editor_notices":[],"footnotes":""},"class_list":["post-3","page","type-page","status-publish","hentry"],"yoast_head":"<!-- This site is optimized with the Yoast SEO Premium plugin v27.2 (Yoast SEO v27.2) - https:\/\/yoast.com\/product\/yoast-seo-premium-wordpress\/ -->\n<title>Kirkens Bymisjon - Kvartal XIII<\/title>\n<meta name=\"description\" content=\"Boliger med held\u00f8gnstjenester til personer over 18 \u00e5r med psykiske lidelser i Oslo. Vi tilbyr beboerne v\u00e5re fellesskap og stabilitet.\" \/>\n<meta name=\"robots\" content=\"index, follow, max-snippet:-1, max-image-preview:large, max-video-preview:-1\" \/>\n<link rel=\"canonical\" href=\"https:\/\/kirkensbymisjon.no\/tilbud-kvartal-xiii\/\" \/>\n<meta property=\"og:locale\" content=\"nb_NO\" \/>\n<meta property=\"og:type\" content=\"article\" \/>\n<meta property=\"og:title\" content=\"Kirkens Bymisjon - Kvartal XIII\" \/>\n<meta property=\"og:description\" content=\"Boliger med held\u00f8gnstjenester til personer over 18 \u00e5r med psykiske lidelser i Oslo. Vi tilbyr beboerne v\u00e5re fellesskap og stabilitet.\" \/>\n<meta property=\"og:url\" content=\"https:\/\/kirkensbymisjon.no\/tilbud-kvartal-xiii\/\" \/>\n<meta property=\"og:site_name\" content=\"Kvartal XIII\" \/>\n<meta property=\"article:modified_time\" content=\"2024-10-16T09:35:28+00:00\" \/>\n<meta property=\"og:image\" content=\"https:\/\/kirkensbymisjon.no\/content\/uploads\/sites\/34\/2024\/06\/Tilbud_Kvartal13_01.jpeg\" \/>\n\t<meta property=\"og:image:width\" content=\"1000\" \/>\n\t<meta property=\"og:image:height\" content=\"500\" \/>\n\t<meta property=\"og:image:type\" content=\"image\/jpeg\" \/>\n<meta name=\"twitter:card\" content=\"summary_large_image\" \/>\n<meta name=\"twitter:title\" content=\"Forside\" \/>\n<meta name=\"twitter:label1\" content=\"Ansl. lesetid\" \/>\n\t<meta name=\"twitter:data1\" content=\"1 minutt\" \/>\n<script type=\"application\/ld+json\" class=\"yoast-schema-graph\">{\"@context\":\"https:\/\/schema.org\",\"@graph\":[{\"@type\":\"WebPage\",\"@id\":\"https:\/\/kirkensbymisjon.no\/tilbud-kvartal-xiii\/\",\"url\":\"https:\/\/kirkensbymisjon.no\/tilbud-kvartal-xiii\/\",\"name\":\"Kirkens Bymisjon - Kvartal XIII\",\"isPartOf\":{\"@id\":\"https:\/\/kirkensbymisjon.no\/tilbud-kvartal-xiii\/#website\"},\"datePublished\":\"2024-06-18T11:01:10+00:00\",\"dateModified\":\"2024-10-16T09:35:28+00:00\",\"description\":\"Boliger med held\u00f8gnstjenester til personer over 18 \u00e5r med psykiske lidelser i Oslo. Vi tilbyr beboerne v\u00e5re fellesskap og stabilitet.\",\"breadcrumb\":{\"@id\":\"https:\/\/kirkensbymisjon.no\/tilbud-kvartal-xiii\/#breadcrumb\"},\"inLanguage\":\"nb-NO\",\"potentialAction\":[{\"@type\":\"ReadAction\",\"target\":[\"https:\/\/kirkensbymisjon.no\/tilbud-kvartal-xiii\/\"]}]},{\"@type\":\"BreadcrumbList\",\"@id\":\"https:\/\/kirkensbymisjon.no\/tilbud-kvartal-xiii\/#breadcrumb\",\"itemListElement\":[{\"@type\":\"ListItem\",\"position\":1,\"name\":\"Hjem\",\"item\":\"https:\/\/kirkensbymisjon.no\/tilbud-kvartal-xiii\/\"},{\"@type\":\"ListItem\",\"position\":2,\"name\":\"Forside\"}]},{\"@type\":\"WebSite\",\"@id\":\"https:\/\/kirkensbymisjon.no\/tilbud-kvartal-xiii\/#website\",\"url\":\"https:\/\/kirkensbymisjon.no\/tilbud-kvartal-xiii\/\",\"name\":\"Kvartal XIII\",\"description\":\"\",\"potentialAction\":[{\"@type\":\"SearchAction\",\"target\":{\"@type\":\"EntryPoint\",\"urlTemplate\":\"https:\/\/kirkensbymisjon.no\/tilbud-kvartal-xiii\/?s={search_term_string}\"},\"query-input\":{\"@type\":\"PropertyValueSpecification\",\"valueRequired\":true,\"valueName\":\"search_term_string\"}}],\"inLanguage\":\"nb-NO\"}]}<\/script>\n<!-- \/ Yoast SEO Premium plugin. -->","yoast_head_json":{"title":"Kirkens Bymisjon - Kvartal XIII","description":"Boliger med held\u00f8gnstjenester til personer over 18 \u00e5r med psykiske lidelser i Oslo. Vi tilbyr beboerne v\u00e5re fellesskap og stabilitet.","robots":{"index":"index","follow":"follow","max-snippet":"max-snippet:-1","max-image-preview":"max-image-preview:large","max-video-preview":"max-video-preview:-1"},"canonical":"https:\/\/kirkensbymisjon.no\/tilbud-kvartal-xiii\/","og_locale":"nb_NO","og_type":"article","og_title":"Kirkens Bymisjon - Kvartal XIII","og_description":"Boliger med held\u00f8gnstjenester til personer over 18 \u00e5r med psykiske lidelser i Oslo. Vi tilbyr beboerne v\u00e5re fellesskap og stabilitet.","og_url":"https:\/\/kirkensbymisjon.no\/tilbud-kvartal-xiii\/","og_site_name":"Kvartal XIII","article_modified_time":"2024-10-16T09:35:28+00:00","og_image":[{"width":1000,"height":500,"url":"https:\/\/kirkensbymisjon.no\/content\/uploads\/sites\/34\/2024\/06\/Tilbud_Kvartal13_01.jpeg","type":"image\/jpeg"}],"twitter_card":"summary_large_image","twitter_title":"Forside","twitter_misc":{"Ansl. lesetid":"1 minutt"},"schema":{"@context":"https:\/\/schema.org","@graph":[{"@type":"WebPage","@id":"https:\/\/kirkensbymisjon.no\/tilbud-kvartal-xiii\/","url":"https:\/\/kirkensbymisjon.no\/tilbud-kvartal-xiii\/","name":"Kirkens Bymisjon - Kvartal XIII","isPartOf":{"@id":"https:\/\/kirkensbymisjon.no\/tilbud-kvartal-xiii\/#website"},"datePublished":"2024-06-18T11:01:10+00:00","dateModified":"2024-10-16T09:35:28+00:00","description":"Boliger med held\u00f8gnstjenester til personer over 18 \u00e5r med psykiske lidelser i Oslo. Vi tilbyr beboerne v\u00e5re fellesskap og stabilitet.","breadcrumb":{"@id":"https:\/\/kirkensbymisjon.no\/tilbud-kvartal-xiii\/#breadcrumb"},"inLanguage":"nb-NO","potentialAction":[{"@type":"ReadAction","target":["https:\/\/kirkensbymisjon.no\/tilbud-kvartal-xiii\/"]}]},{"@type":"BreadcrumbList","@id":"https:\/\/kirkensbymisjon.no\/tilbud-kvartal-xiii\/#breadcrumb","itemListElement":[{"@type":"ListItem","position":1,"name":"Hjem","item":"https:\/\/kirkensbymisjon.no\/tilbud-kvartal-xiii\/"},{"@type":"ListItem","position":2,"name":"Forside"}]},{"@type":"WebSite","@id":"https:\/\/kirkensbymisjon.no\/tilbud-kvartal-xiii\/#website","url":"https:\/\/kirkensbymisjon.no\/tilbud-kvartal-xiii\/","name":"Kvartal XIII","description":"","potentialAction":[{"@type":"SearchAction","target":{"@type":"EntryPoint","urlTemplate":"https:\/\/kirkensbymisjon.no\/tilbud-kvartal-xiii\/?s={search_term_string}"},"query-input":{"@type":"PropertyValueSpecification","valueRequired":true,"valueName":"search_term_string"}}],"inLanguage":"nb-NO"}]}},"_links":{"self":[{"href":"https:\/\/kirkensbymisjon.no\/tilbud-kvartal-xiii\/wp-json\/wp\/v2\/pages\/3","targetHints":{"allow":["GET"]}}],"collection":[{"href":"https:\/\/kirkensbymisjon.no\/tilbud-kvartal-xiii\/wp-json\/wp\/v2\/pages"}],"about":[{"href":"https:\/\/kirkensbymisjon.no\/tilbud-kvartal-xiii\/wp-json\/wp\/v2\/types\/page"}],"author":[{"embeddable":true,"href":"https:\/\/kirkensbymisjon.no\/tilbud-kvartal-xiii\/wp-json\/wp\/v2\/users\/2"}],"replies":[{"embeddable":true,"href":"https:\/\/kirkensbymisjon.no\/tilbud-kvartal-xiii\/wp-json\/wp\/v2\/comments?post=3"}],"version-history":[{"count":4,"href":"https:\/\/kirkensbymisjon.no\/tilbud-kvartal-xiii\/wp-json\/wp\/v2\/pages\/3\/revisions"}],"predecessor-version":[{"id":68,"href":"https:\/\/kirkensbymisjon.no\/tilbud-kvartal-xiii\/wp-json\/wp\/v2\/pages\/3\/revisions\/68"}],"wp:attachment":[{"href":"https:\/\/kirkensbymisjon.no\/tilbud-kvartal-xiii\/wp-json\/wp\/v2\/media?parent=3"}],"curies":[{"name":"wp","href":"https:\/\/api.w.org\/{rel}","templated":true}]}}