{"id":8,"date":"2024-07-24T12:16:13","date_gmt":"2024-07-24T10:16:13","guid":{"rendered":"https:\/\/kirkensbymisjon.no\/tilbud-kvartal-xiii\/?page_id=8"},"modified":"2024-10-16T11:36:58","modified_gmt":"2024-10-16T09:36:58","slug":"om-kvartal-xiii","status":"publish","type":"page","link":"https:\/\/kirkensbymisjon.no\/tilbud-kvartal-xiii\/om-kvartal-xiii\/","title":{"rendered":"Om Kvartal XIII"},"content":{"rendered":"\n<h2 class=\"wp-block-heading\" id=\"h-om-kvartal-xiii\"><strong>Om Kvartal XIII<\/strong><\/h2>\n\n\n\n<p><strong>Kvartal XIII startet opp i januar 2017. Vi har en samarbeidsavtale med Oslo kommune, Velferdsetaten.<\/strong><\/p>\n\n\n\n<p>Kvartal XIII tilbyr boliger med held\u00f8gnstjenester til personer over 18 \u00e5r med psykiske lidelser. Vi holder til i en byg\u00e5rd p\u00e5 Sinsen, sentralt i Oslo. Hos oss kan du bo over lengre tid dersom du har behov for det og mottar tjenester fra oss.<\/p>\n\n\n\n<h3 class=\"wp-block-heading\" id=\"h-respekt-omsorg-og-rettferdighet\"><strong>Respekt, omsorg og rettferdighet<\/strong><\/h3>\n\n\n\n<p>En av de viktigste visjonene for v\u00e5rt arbeid &nbsp;er at alle mennesker skal erfare respekt, omsorg og rettferdighet. Dette preger v\u00e5r virksomhet gjennom m\u00e5ten vi m\u00f8ter hverandre p\u00e5, b\u00e5de beboere, p\u00e5r\u00f8rende, samarbeidspartnere og kollegaer.<\/p>\n\n\n\n<h3 class=\"wp-block-heading\" id=\"h-for-unge-med-psykiske-lidelser\"><strong>For unge med psykiske lidelser<\/strong><\/h3>\n\n\n\n<p>Vi \u00f8nsker prim\u00e6rt \u00e5 gi et tilbud til unge med psykiske lidelser, og vil legge til rette for unge voksne med flerkulturell bakgrunn. Folk i byen v\u00e5r kommer fra mange forskjellige kulturer, med ulike syn og tiln\u00e6rminger p\u00e5 helse og sykdom. Dette mangfoldet \u00f8nsker vi \u00e5 gi plass til p\u00e5 Kvartal XIII.<\/p>\n\n\n\n<h3 class=\"wp-block-heading\" id=\"h-var-fagkompetanse\"><strong>V\u00e5r fagkompetanse<\/strong><\/h3>\n\n\n\n<p>I Kvartal XIII har vi en tverrfaglig tiln\u00e6rming til den enkelte beboers livssituasjon og bistandsbehov. Derfor har vi ansatt sosionomer, sykepleiere, familieterapeut, idrettspedagog, vernepleier, milj\u00f8arbeidere og personer med erfaring fra kunst og kultur.<\/p>\n\n\n\n<p>V\u00e5rt arbeid er forankret i en sosialfaglig og milj\u00f8terapeutisk tradisjon, og vi baserer oss mye p\u00e5 Recovery, tanken om at alle kan leve meningsfulle liv til tross for psykiske helseutfordringer. Selvbestemmelse og selvstyring er viktige prinsipper her, at alle kan finne sin egen vei.<\/p>\n\n\n\n<p>Vil du lese mer om <a href=\"https:\/\/www.napha.no\/content\/13883\/Recovery\" target=\"_blank\" rel=\"noreferrer noopener\"><strong>Recovery-filosofien<\/strong><\/a>?\u00a0<\/p>\n\n\n\n<h3 class=\"wp-block-heading\" id=\"h-stotte-og-fellesskap\"><strong>St\u00f8tte og fellesskap<\/strong><\/h3>\n\n\n\n<p>Vi legger vekt p\u00e5 selvstendighet gjennom \u00e5 gi tilpasset st\u00f8tte og omsorg.<br>Hos oss har du tilgang til fellesskap, og vi har tilbud om ulike aktiviteter og trening i praktiske gj\u00f8rem\u00e5l. Vi legger ogs\u00e5 til rette for dagaktiviteter som f.eks skole eller arbeid.<\/p>\n\n\n\n<p>Ansatte er tilgjengelige p\u00e5 dag og kveld, men du kan ogs\u00e5 ta kontakt om natten ved behov.<\/p>\n\n\n\n<p>Vi samarbeider med andre instanser, institusjoner og andre personer som kan v\u00e6re viktige for deg, dersom du \u00f8nsker det. Dette kan v\u00e6re fastlege, skole, arbeidsgiver, DPS, d\u00f8gninstitusjoner, NAV, familiemedlemmer og andre.<\/p>\n\n\n\n<h3 class=\"wp-block-heading\" id=\"h-samarbeid-med-parorende\"><strong>Samarbeid med p\u00e5r\u00f8rende<\/strong><\/h3>\n\n\n\n<p>Vi \u00f8nsker \u00e5 bidra til at overgangen fra foreldrehjem eller institusjon til egen bolig blir enklere for b\u00e5de deg og dine p\u00e5r\u00f8rende. Derfor inviterer vi alle til et samarbeid der vi kan utveksle nyttig informasjon og kunnskap. Samarbeidet er avhengig av gjensidig tillit, der vi avtaler med deg hvordan vi skal samarbeide og hvor hyppig kontakten skal v\u00e6re.<\/p>\n","protected":false},"excerpt":{"rendered":"<p>Om Kvartal XIII Kvartal XIII startet opp i januar 2017. Vi har en samarbeidsavtale med&hellip;<\/p>\n","protected":false},"author":6,"featured_media":0,"parent":0,"menu_order":0,"comment_status":"closed","ping_status":"closed","template":"","meta":{"_relevanssi_hide_post":"","_relevanssi_hide_content":"","_relevanssi_pin_for_all":"","_relevanssi_pin_keywords":"","_relevanssi_unpin_keywords":"","_relevanssi_related_keywords":"","_relevanssi_related_include_ids":"","_relevanssi_related_exclude_ids":"","_relevanssi_related_no_append":"","_relevanssi_related_not_related":"","_relevanssi_related_posts":"1","_relevanssi_noindex_reason":"","editor_notices":[],"footnotes":""},"class_list":["post-8","page","type-page","status-publish","hentry"],"yoast_head":"<!-- This site is optimized with the Yoast SEO Premium plugin v27.2 (Yoast SEO v27.2) - https:\/\/yoast.com\/product\/yoast-seo-premium-wordpress\/ -->\n<title>Om Kvartal XIII - Kvartal XIII<\/title>\n<meta name=\"robots\" content=\"index, follow, max-snippet:-1, max-image-preview:large, max-video-preview:-1\" \/>\n<link rel=\"canonical\" href=\"https:\/\/kirkensbymisjon.no\/tilbud-kvartal-xiii\/om-kvartal-xiii\/\" \/>\n<meta property=\"og:locale\" content=\"nb_NO\" \/>\n<meta property=\"og:type\" content=\"article\" \/>\n<meta property=\"og:title\" content=\"Om Kvartal XIII\" \/>\n<meta property=\"og:description\" content=\"Om Kvartal XIII Kvartal XIII startet opp i januar 2017. Vi har en samarbeidsavtale med&hellip;\" \/>\n<meta property=\"og:url\" content=\"https:\/\/kirkensbymisjon.no\/tilbud-kvartal-xiii\/om-kvartal-xiii\/\" \/>\n<meta property=\"og:site_name\" content=\"Kvartal XIII\" \/>\n<meta property=\"article:modified_time\" content=\"2024-10-16T09:36:58+00:00\" \/>\n<meta name=\"twitter:card\" content=\"summary_large_image\" \/>\n<meta name=\"twitter:label1\" content=\"Ansl. lesetid\" \/>\n\t<meta name=\"twitter:data1\" content=\"3 minutter\" \/>\n<script type=\"application\/ld+json\" class=\"yoast-schema-graph\">{\"@context\":\"https:\/\/schema.org\",\"@graph\":[{\"@type\":\"WebPage\",\"@id\":\"https:\/\/kirkensbymisjon.no\/tilbud-kvartal-xiii\/om-kvartal-xiii\/\",\"url\":\"https:\/\/kirkensbymisjon.no\/tilbud-kvartal-xiii\/om-kvartal-xiii\/\",\"name\":\"Om Kvartal XIII - Kvartal XIII\",\"isPartOf\":{\"@id\":\"https:\/\/kirkensbymisjon.no\/tilbud-kvartal-xiii\/#website\"},\"datePublished\":\"2024-07-24T10:16:13+00:00\",\"dateModified\":\"2024-10-16T09:36:58+00:00\",\"breadcrumb\":{\"@id\":\"https:\/\/kirkensbymisjon.no\/tilbud-kvartal-xiii\/om-kvartal-xiii\/#breadcrumb\"},\"inLanguage\":\"nb-NO\",\"potentialAction\":[{\"@type\":\"ReadAction\",\"target\":[\"https:\/\/kirkensbymisjon.no\/tilbud-kvartal-xiii\/om-kvartal-xiii\/\"]}]},{\"@type\":\"BreadcrumbList\",\"@id\":\"https:\/\/kirkensbymisjon.no\/tilbud-kvartal-xiii\/om-kvartal-xiii\/#breadcrumb\",\"itemListElement\":[{\"@type\":\"ListItem\",\"position\":1,\"name\":\"Hjem\",\"item\":\"https:\/\/kirkensbymisjon.no\/tilbud-kvartal-xiii\/\"},{\"@type\":\"ListItem\",\"position\":2,\"name\":\"Om Kvartal XIII\"}]},{\"@type\":\"WebSite\",\"@id\":\"https:\/\/kirkensbymisjon.no\/tilbud-kvartal-xiii\/#website\",\"url\":\"https:\/\/kirkensbymisjon.no\/tilbud-kvartal-xiii\/\",\"name\":\"Kvartal XIII\",\"description\":\"\",\"potentialAction\":[{\"@type\":\"SearchAction\",\"target\":{\"@type\":\"EntryPoint\",\"urlTemplate\":\"https:\/\/kirkensbymisjon.no\/tilbud-kvartal-xiii\/?s={search_term_string}\"},\"query-input\":{\"@type\":\"PropertyValueSpecification\",\"valueRequired\":true,\"valueName\":\"search_term_string\"}}],\"inLanguage\":\"nb-NO\"}]}<\/script>\n<!-- \/ Yoast SEO Premium plugin. -->","yoast_head_json":{"title":"Om Kvartal XIII - Kvartal XIII","robots":{"index":"index","follow":"follow","max-snippet":"max-snippet:-1","max-image-preview":"max-image-preview:large","max-video-preview":"max-video-preview:-1"},"canonical":"https:\/\/kirkensbymisjon.no\/tilbud-kvartal-xiii\/om-kvartal-xiii\/","og_locale":"nb_NO","og_type":"article","og_title":"Om Kvartal XIII","og_description":"Om Kvartal XIII Kvartal XIII startet opp i januar 2017. Vi har en samarbeidsavtale med&hellip;","og_url":"https:\/\/kirkensbymisjon.no\/tilbud-kvartal-xiii\/om-kvartal-xiii\/","og_site_name":"Kvartal XIII","article_modified_time":"2024-10-16T09:36:58+00:00","twitter_card":"summary_large_image","twitter_misc":{"Ansl. lesetid":"3 minutter"},"schema":{"@context":"https:\/\/schema.org","@graph":[{"@type":"WebPage","@id":"https:\/\/kirkensbymisjon.no\/tilbud-kvartal-xiii\/om-kvartal-xiii\/","url":"https:\/\/kirkensbymisjon.no\/tilbud-kvartal-xiii\/om-kvartal-xiii\/","name":"Om Kvartal XIII - Kvartal XIII","isPartOf":{"@id":"https:\/\/kirkensbymisjon.no\/tilbud-kvartal-xiii\/#website"},"datePublished":"2024-07-24T10:16:13+00:00","dateModified":"2024-10-16T09:36:58+00:00","breadcrumb":{"@id":"https:\/\/kirkensbymisjon.no\/tilbud-kvartal-xiii\/om-kvartal-xiii\/#breadcrumb"},"inLanguage":"nb-NO","potentialAction":[{"@type":"ReadAction","target":["https:\/\/kirkensbymisjon.no\/tilbud-kvartal-xiii\/om-kvartal-xiii\/"]}]},{"@type":"BreadcrumbList","@id":"https:\/\/kirkensbymisjon.no\/tilbud-kvartal-xiii\/om-kvartal-xiii\/#breadcrumb","itemListElement":[{"@type":"ListItem","position":1,"name":"Hjem","item":"https:\/\/kirkensbymisjon.no\/tilbud-kvartal-xiii\/"},{"@type":"ListItem","position":2,"name":"Om Kvartal XIII"}]},{"@type":"WebSite","@id":"https:\/\/kirkensbymisjon.no\/tilbud-kvartal-xiii\/#website","url":"https:\/\/kirkensbymisjon.no\/tilbud-kvartal-xiii\/","name":"Kvartal XIII","description":"","potentialAction":[{"@type":"SearchAction","target":{"@type":"EntryPoint","urlTemplate":"https:\/\/kirkensbymisjon.no\/tilbud-kvartal-xiii\/?s={search_term_string}"},"query-input":{"@type":"PropertyValueSpecification","valueRequired":true,"valueName":"search_term_string"}}],"inLanguage":"nb-NO"}]}},"_links":{"self":[{"href":"https:\/\/kirkensbymisjon.no\/tilbud-kvartal-xiii\/wp-json\/wp\/v2\/pages\/8","targetHints":{"allow":["GET"]}}],"collection":[{"href":"https:\/\/kirkensbymisjon.no\/tilbud-kvartal-xiii\/wp-json\/wp\/v2\/pages"}],"about":[{"href":"https:\/\/kirkensbymisjon.no\/tilbud-kvartal-xiii\/wp-json\/wp\/v2\/types\/page"}],"author":[{"embeddable":true,"href":"https:\/\/kirkensbymisjon.no\/tilbud-kvartal-xiii\/wp-json\/wp\/v2\/users\/6"}],"replies":[{"embeddable":true,"href":"https:\/\/kirkensbymisjon.no\/tilbud-kvartal-xiii\/wp-json\/wp\/v2\/comments?post=8"}],"version-history":[{"count":3,"href":"https:\/\/kirkensbymisjon.no\/tilbud-kvartal-xiii\/wp-json\/wp\/v2\/pages\/8\/revisions"}],"predecessor-version":[{"id":69,"href":"https:\/\/kirkensbymisjon.no\/tilbud-kvartal-xiii\/wp-json\/wp\/v2\/pages\/8\/revisions\/69"}],"wp:attachment":[{"href":"https:\/\/kirkensbymisjon.no\/tilbud-kvartal-xiii\/wp-json\/wp\/v2\/media?parent=8"}],"curies":[{"name":"wp","href":"https:\/\/api.w.org\/{rel}","templated":true}]}}