{"id":3,"date":"2024-09-09T13:41:08","date_gmt":"2024-09-09T11:41:08","guid":{"rendered":"https:\/\/kirkensbymisjon.no\/tilbud-kvinner-i-sentrum\/forside\/"},"modified":"2024-10-15T08:59:42","modified_gmt":"2024-10-15T06:59:42","slug":"forside","status":"publish","type":"page","link":"https:\/\/kirkensbymisjon.no\/tilbud-kvinner-i-sentrum\/","title":{"rendered":"Forside"},"content":{"rendered":"\t<div class=\"alignwide wp-block-kbm-link-list\">\n\t\t<div class=\"kbm-link-list__items\">\n\t\t\t\n<div class=\"wp-block-kbm-link-list-item\">\t<svg xmlns=\"http:\/\/www.w3.org\/2000\/svg\" viewBox=\"0 0 48 48\" height=\"24\" width=\"24\" class=\"t2-icon t2-icon-conversations\" aria-hidden=\"true\" focusable=\"false\"><path d=\"M17.32 3.094c-5.657.702-10.128 3.89-11.592 8.266-.429 1.281-.554 2.15-.503 3.48.091 2.359.84 4.177 2.637 6.4l.194.24-1.547 2.48a1047.26 1047.26 0 0 0-2.025 3.256l-.477.776 2.297-.788c1.263-.433 3.316-1.138 4.562-1.568l2.266-.78.934.293c1.466.46 1.347.473 1.814-.197 2.253-3.232 6.618-5.596 11.23-6.078.871-.091 3.664-.057 4.456.054l.326.046.22-.49c.601-1.341.867-2.55.87-3.964.003-1.161-.111-1.889-.471-3-.548-1.693-1.441-3.086-2.858-4.456-2.194-2.121-5.095-3.478-8.345-3.904-.83-.109-3.313-.15-3.988-.066m9.974 16.986c-4.999.527-9.314 3.225-11.195 7-1.41 2.83-1.427 5.935-.047 8.712 2.876 5.789 10.846 8.631 17.838 6.361l.97-.315 4.51 1.553c2.481.855 4.521 1.543 4.534 1.53.014-.013-.878-1.472-1.981-3.242l-2.005-3.219.429-.53c1.19-1.471 1.904-2.945 2.27-4.685.168-.797.184-2.557.031-3.405-.236-1.313-.826-2.755-1.62-3.96-.612-.929-2.306-2.599-3.308-3.26-1.897-1.254-4.01-2.062-6.32-2.418-.979-.151-3.203-.217-4.106-.122\"\/><\/svg>\t<div class=\"kbm-link-list-item__content\">\n\t\t<p class=\"kbm-link-list-item__title\">Hva tilbyr vi?<\/p>\n\t\t\t\t\t<p class=\"kbm-link-list-item__description\">Kvinner i sentrum er et stort fellesskap av over 200 kvinner fra ulike nasjonaliteter.<\/p>\n\t\t\t<\/div>\n\t<\/div>\n\n<div class=\"wp-block-kbm-link-list-item\">\t<svg xmlns=\"http:\/\/www.w3.org\/2000\/svg\" viewBox=\"0 0 48 48\" height=\"24\" width=\"24\" class=\"t2-icon t2-icon-training\" aria-hidden=\"true\" focusable=\"false\"><path d=\"M35.6 4.126c-3.41.481-6.585 1.803-9.071 3.777-.736.584-1.97 1.815-2.582 2.577-.809 1.006-2.803 4.024-3.723 5.636-1.546 2.708-3.41 6.521-4.402 9.003a35.19 35.19 0 0 1-.991 2.178C13.137 30.681 11.222 35.365 9.639 40c-.744 2.18-.784 2.548-.368 3.393.655 1.332 2.212 1.956 3.413 1.368.673-.329.889-.688 1.516-2.517 1.425-4.162 3.96-10.521 4.125-10.348.033.035.553 1.162 1.155 2.504 2.764 6.158 4.24 9.187 4.684 9.612.591.565 1.579.696 2.425.321.555-.245 1.192-.889 1.451-1.467.194-.432.215-.56.183-1.108-.034-.601-.067-.685-1.12-2.889-2.068-4.328-4.619-9.984-4.566-10.124.024-.064.161-.082.41-.055.267.03 1.229-.121 3.373-.528 1.65-.314 3.586-.681 4.303-.816.883-.167 1.383-.301 1.553-.416.421-.287.693-.699.832-1.261.121-.493.121-.577-.004-1.2-.441-2.186-1.46-3.994-3.372-5.982-.675-.702-1.038-1.15-1.198-1.477-.267-.547-.824-1.194-1.709-1.985l-.63-.563.235-.371c.935-1.479 2.502-2.982 4.128-3.96 1.723-1.037 4.062-1.784 6.422-2.051.418-.047.911-.141 1.095-.208 1.19-.432 1.377-2.103.356-3.179-.618-.651-1.234-.779-2.731-.567m-4.248 7.093a3.5 3.5 0 0 0-2.163 2.238c-.133.44-.161.701-.134 1.262.029.616.071.783.33 1.306.513 1.038 1.425 1.708 2.602 1.909 2.253.387 4.329-1.698 3.946-3.96-.197-1.165-.869-2.076-1.911-2.591-.551-.272-.672-.3-1.373-.323-.64-.021-.858.006-1.297.159M27.283 21.88c.481.567 1.159 1.625 1.087 1.697-.042.042-3.566.739-3.752.742-.096.002.823-1.332 1.51-2.192.34-.424.647-.762.682-.749.036.012.248.238.473.502\"\/><\/svg>\t<div class=\"kbm-link-list-item__content\">\n\t\t<p class=\"kbm-link-list-item__title\">Aktiviteter og tilbud<\/p>\n\t\t\t\t\t<p class=\"kbm-link-list-item__description\">Ukentlig og gjennom \u00e5ret tilbys det mange ulike aktiviteter, treninger og kurs.<\/p>\n\t\t\t<\/div>\n\t<\/div>\n\n<a class=\"wp-block-kbm-link-list-item\" href=\"https:\/\/kirkensbymisjon.no\/tilbud-kvinner-i-sentrum\/om-kvinner-i-sentrum\/#ta-ordet!-\u2013-et-kurs-for-kvinner\">\t<svg xmlns=\"http:\/\/www.w3.org\/2000\/svg\" viewBox=\"0 0 48 48\" height=\"24\" width=\"24\" class=\"t2-icon t2-icon-message\" aria-hidden=\"true\" focusable=\"false\"><path d=\"M43.158 3.152c-.132.057-.713.623-1.29 1.256a26.174 26.174 0 0 1-4.051 3.666 28.09 28.09 0 0 1-10.044 4.657l-1.133.268V29.742l1.097.259c3.632.858 7.287 2.572 10.284 4.823 1.447 1.087 2.562 2.134 4.557 4.277.329.353.548.516.777.578.562.151 1.132-.099 1.428-.626l.177-.315V3.944l-.182-.27c-.388-.577-1.024-.782-1.62-.522M23.36 13.443c-.242.034-3.51.065-7.263.069-7.546.009-7.166-.018-7.586.533-.218.285-.233.353-.258 1.205l-.027.903-2.213.023c-2.171.024-2.218.028-2.474.21-.552.394-.536.267-.564 4.614-.014 2.156-.003 4.107.025 4.336.055.453.273.835.626 1.097.214.158.338.168 2.42.191l2.194.023v.751c0 .859.069 1.097.421 1.463.292.302.641.418 1.259.419h.44l2.553 6.82c1.404 3.751 2.652 7.042 2.772 7.314a2.624 2.624 0 0 0 3.263 1.431c.354-.119.623-.326 1.56-1.203 1.716-1.606 2.871-2.831 3.093-3.283.164-.334.196-.518.197-1.133l.002-.734-2.303-4.615-2.303-4.614 2.403.028L24 29.32v-7.98c0-6.337-.021-7.978-.1-7.969-.055.006-.298.039-.54.072\"\/><\/svg>\t<div class=\"kbm-link-list-item__content\">\n\t\t<p class=\"kbm-link-list-item__title\">Ta ordet!<\/p>\n\t\t\t\t\t<p class=\"kbm-link-list-item__description\">Et kurs i selvhevdelse og trening p\u00e5 \u00e5 ta ordet i forsamlinger.<\/p>\n\t\t\t<\/div>\n\t<\/a>\n\t\t<\/div>\n\t<\/div>\n\t\n\n\n<div class=\"wp-block-media-text alignwide is-stacked-on-mobile is-style-filled\"><figure class=\"wp-block-media-text__media\"><img loading=\"lazy\" decoding=\"async\" width=\"1000\" height=\"500\" src=\"https:\/\/kirkensbymisjon.no\/content\/uploads\/sites\/152\/2024\/09\/tilbud_kvinner-sentrum_04.jpeg\" alt=\"Illustrasjon av mangfoldige kvinner\" class=\"wp-image-12 size-full\" srcset=\"https:\/\/kirkensbymisjon.no\/content\/uploads\/sites\/152\/2024\/09\/tilbud_kvinner-sentrum_04.jpeg 1000w, https:\/\/kirkensbymisjon.no\/content\/uploads\/sites\/152\/2024\/09\/tilbud_kvinner-sentrum_04-300x150.jpeg 300w, https:\/\/kirkensbymisjon.no\/content\/uploads\/sites\/152\/2024\/09\/tilbud_kvinner-sentrum_04-768x384.jpeg 768w\" sizes=\"auto, (max-width: 1000px) 100vw, 1000px\" \/><\/figure><div class=\"wp-block-media-text__content\">\n<h2 class=\"wp-block-heading\" id=\"h-en-vei-inn-i-samfunnet\">En vei inn i samfunnet<\/h2>\n\n\n\n<p>Kvinner i sentrum tilbyr et raust fellesskap, \u00f8kt kunnskap om arbeidslivet og det norske samfunnet, tilbud om aktiviteter og lokalkunnskap.<\/p>\n<\/div><\/div>\n\n\n\t<div class=\"layout-2 alignwide wp-block-kbm-testimonials\">\n\t\t<div class=\"kbm-testimonials__inner\">\n\t\t\t<div class=\"swiper\">\n\t\t\t\t<div class=\"swiper-wrapper\">\n\t\t\t\t\t\n\t<div class=\"wp-block-kbm-testimonial-item swiper-slide\">\n\t\t\t\t\t<div class=\"kbm-testimonial-item__image\" style=\"background-position: 50% 50%; background-image: url(https:\/\/kirkensbymisjon.no\/content\/uploads\/sites\/152\/2024\/09\/tilbud_kvinner-sentrum_asta.jpg);\">\n\t\t\t\t<svg xmlns=\"http:\/\/www.w3.org\/2000\/svg\" viewBox=\"0 0 24 24\" height=\"48\" width=\"48\" class=\"t2-icon t2-icon-quote\" aria-hidden=\"true\" focusable=\"false\"><path d=\"M20 13.7843c0 .4445-.0894.8628-.2682 1.2549-.1651.3791-.3989.719-.7015 1.0196-.3027.2876-.6603.5164-1.0729.6863-.3989.1699-.8322.2549-1.2999.2549-.5915 0-1.1142-.1242-1.5681-.3725-.4402-.2484-.8184-.5687-1.1348-.9608-.3026-.4053-.5364-.8628-.7015-1.3726-.1513-.5229-.227-1.0523-.227-1.5882 0-.5883.0826-1.17.2476-1.7451.1651-.5752.3989-1.11113.7015-1.60786.3164-.49673.7016-.94771 1.1555-1.35294.4539-.40523.9628-.73856 1.5268-1l1.8157.92157c-.3577.33987-.6671.73202-.9285 1.17647-.2476.44444-.3714.90846-.3714 1.39216v.1765c.3989.0653.7703.1895 1.1142.3725.3439.183.6396.4118.8872.6863.2613.2745.4608.5882.5983.9412.1513.3529.227.7255.227 1.1176Zm-8.0261 0c0 .4445-.0894.8628-.2683 1.2549-.165.3791-.3989.719-.7015 1.0196-.3026.2876-.6602.5164-1.07288.6863-.3989.1699-.83218.2549-1.29986.2549-.59147 0-1.11417-.1242-1.56809-.3725-.44016-.2484-.81843-.5687-1.1348-.9608-.30261-.4053-.53645-.8628-.70151-1.3726C5.07565 13.7712 5 13.2418 5 12.7059c0-.5883.08253-1.17.24759-1.7451.16506-.5752.3989-1.11113.70152-1.60786.31636-.49673.70151-.94771 1.15543-1.35294s.96286-.73856 1.52682-1l1.81564.92157c-.3576.33987-.66708.73202-.92843 1.17647-.24759.44444-.37139.90846-.37139 1.39216v.1765c.3989.0653.77029.1895 1.11412.3725.3439.183.6397.4118.8873.6863.2613.2745.4608.5882.5983.9412.1513.3529.227.7255.227 1.1176Z\"\/><\/svg>\t\t\t<\/div>\n\t\t\t\t\n\n<blockquote class=\"wp-block-quote is-layout-flow wp-block-quote-is-layout-flow\">\n<p>Jeg er glad for det nettverket jeg har f\u00e5tt i Kvinner i sentrum, jeg deltar p\u00e5 alle aktiviteter som tilbys. I tillegg har jeg f\u00e5tt muligheten til \u00e5 delta p\u00e5 sv\u00f8mmekurs her, det har gjort meg trygg i vannet. Det er veldig g\u00f8y \u00e5 l\u00e6re nye ting!<\/p>\n<cite>Asta Tamasauskiene, deltaker opprinnelig fra Litauen<\/cite><\/blockquote>\n\n\t<\/div>\n\t\n\n\t<div class=\"wp-block-kbm-testimonial-item swiper-slide\">\n\t\t\t\t\t<div class=\"kbm-testimonial-item__image\" style=\"background-position: 50% 50%; background-image: url(https:\/\/kirkensbymisjon.no\/content\/uploads\/sites\/152\/2024\/09\/tilbud_kvinner-sentrum_qamar.jpg);\">\n\t\t\t\t<svg xmlns=\"http:\/\/www.w3.org\/2000\/svg\" viewBox=\"0 0 24 24\" height=\"48\" width=\"48\" class=\"t2-icon t2-icon-quote\" aria-hidden=\"true\" focusable=\"false\"><path d=\"M20 13.7843c0 .4445-.0894.8628-.2682 1.2549-.1651.3791-.3989.719-.7015 1.0196-.3027.2876-.6603.5164-1.0729.6863-.3989.1699-.8322.2549-1.2999.2549-.5915 0-1.1142-.1242-1.5681-.3725-.4402-.2484-.8184-.5687-1.1348-.9608-.3026-.4053-.5364-.8628-.7015-1.3726-.1513-.5229-.227-1.0523-.227-1.5882 0-.5883.0826-1.17.2476-1.7451.1651-.5752.3989-1.11113.7015-1.60786.3164-.49673.7016-.94771 1.1555-1.35294.4539-.40523.9628-.73856 1.5268-1l1.8157.92157c-.3577.33987-.6671.73202-.9285 1.17647-.2476.44444-.3714.90846-.3714 1.39216v.1765c.3989.0653.7703.1895 1.1142.3725.3439.183.6396.4118.8872.6863.2613.2745.4608.5882.5983.9412.1513.3529.227.7255.227 1.1176Zm-8.0261 0c0 .4445-.0894.8628-.2683 1.2549-.165.3791-.3989.719-.7015 1.0196-.3026.2876-.6602.5164-1.07288.6863-.3989.1699-.83218.2549-1.29986.2549-.59147 0-1.11417-.1242-1.56809-.3725-.44016-.2484-.81843-.5687-1.1348-.9608-.30261-.4053-.53645-.8628-.70151-1.3726C5.07565 13.7712 5 13.2418 5 12.7059c0-.5883.08253-1.17.24759-1.7451.16506-.5752.3989-1.11113.70152-1.60786.31636-.49673.70151-.94771 1.15543-1.35294s.96286-.73856 1.52682-1l1.81564.92157c-.3576.33987-.66708.73202-.92843 1.17647-.24759.44444-.37139.90846-.37139 1.39216v.1765c.3989.0653.77029.1895 1.11412.3725.3439.183.6397.4118.8873.6863.2613.2745.4608.5882.5983.9412.1513.3529.227.7255.227 1.1176Z\"\/><\/svg>\t\t\t<\/div>\n\t\t\t\t\n\n<blockquote class=\"wp-block-quote is-layout-flow wp-block-quote-is-layout-flow\">\n<p>Her f\u00e5r vi l\u00e6re \u00e5 bli gode rollemodeller for v\u00e5re barn, fordi vi l\u00e6rer om det norske samfunnet. Jeg har deltatt p\u00e5 norskoppl\u00e6ring her, og n\u00e5 er jeg snart ferdig med videreg\u00e5ende skole. I tillegg har jeg l\u00e6rt \u00e5 sykle, det har jeg hatt lyst til helt siden jeg var liten.<\/p>\n<cite>Qamar, deltaker opprinnelig fra Somalia<\/cite><\/blockquote>\n\n\t<\/div>\n\t\n\t\t\t\t<\/div>\n\t\t\t\t\t<div class=\"swiper-navigation\">\n\t\t<div class=\"swiper-button-prev\"><svg xmlns=\"http:\/\/www.w3.org\/2000\/svg\" viewBox=\"0 0 24 24\" height=\"24\" width=\"24\" class=\"t2-icon t2-icon-arrowforward\" aria-hidden=\"true\" focusable=\"false\"><path d=\"M12.78 5.036a1.099 1.099 0 0 0-.497.287c-.208.208-.259.344-.258.684.001.264.016.33.105.465.058.087 1.079 1.14 2.27 2.341l2.165 2.182-5.913.013-5.912.012-.165.088c-.391.209-.551.469-.551.892 0 .34.054.476.282.704.3.299-.236.275 6.347.287l5.913.012-2.167 2.185c-1.191 1.202-2.213 2.255-2.27 2.341-.088.134-.103.201-.104.464-.001.34.05.475.258.684.284.284.676.383 1.038.263.198-.066.423-.281 3.655-3.503l3.444-3.433-2.58-2.585c-2.816-2.822-4.255-4.224-4.433-4.315a1.155 1.155 0 0 0-.627-.068\"\/><\/svg><\/div>\n\t\t<div class=\"swiper-pagination\"><\/div>\n\t\t<div class=\"swiper-button-next\"><svg xmlns=\"http:\/\/www.w3.org\/2000\/svg\" viewBox=\"0 0 24 24\" height=\"24\" width=\"24\" class=\"t2-icon t2-icon-arrowforward\" aria-hidden=\"true\" focusable=\"false\"><path d=\"M12.78 5.036a1.099 1.099 0 0 0-.497.287c-.208.208-.259.344-.258.684.001.264.016.33.105.465.058.087 1.079 1.14 2.27 2.341l2.165 2.182-5.913.013-5.912.012-.165.088c-.391.209-.551.469-.551.892 0 .34.054.476.282.704.3.299-.236.275 6.347.287l5.913.012-2.167 2.185c-1.191 1.202-2.213 2.255-2.27 2.341-.088.134-.103.201-.104.464-.001.34.05.475.258.684.284.284.676.383 1.038.263.198-.066.423-.281 3.655-3.503l3.444-3.433-2.58-2.585c-2.816-2.822-4.255-4.224-4.433-4.315a1.155 1.155 0 0 0-.627-.068\"\/><\/svg><\/div>\n\t<\/div>\n\t\t\t\t<\/div>\n\t\t<\/div>\n\t<\/div>\n\t","protected":false},"excerpt":{"rendered":"<p>En vei inn i samfunnet Kvinner i sentrum tilbyr et raust fellesskap, \u00f8kt kunnskap om&hellip;<\/p>\n","protected":false},"author":5,"featured_media":0,"parent":0,"menu_order":0,"comment_status":"closed","ping_status":"closed","template":"","meta":{"_relevanssi_hide_post":"","_relevanssi_hide_content":"","_relevanssi_pin_for_all":"","_relevanssi_pin_keywords":"","_relevanssi_unpin_keywords":"","_relevanssi_related_keywords":"","_relevanssi_related_include_ids":"","_relevanssi_related_exclude_ids":"","_relevanssi_related_no_append":"","_relevanssi_related_not_related":"","_relevanssi_related_posts":"1","_relevanssi_noindex_reason":"","editor_notices":[],"footnotes":""},"class_list":["post-3","page","type-page","status-publish","hentry"],"yoast_head":"<!-- This site is optimized with the Yoast SEO Premium plugin v27.2 (Yoast SEO v27.4) - https:\/\/yoast.com\/product\/yoast-seo-premium-wordpress\/ -->\n<title>Forside - Kvinner i sentrum<\/title>\n<meta name=\"description\" content=\"Aktiviteter og kurs som bidrar til integrering, selvstendiggj\u00f8ring og fellesskap.\" \/>\n<meta name=\"robots\" content=\"index, follow, max-snippet:-1, max-image-preview:large, max-video-preview:-1\" \/>\n<link rel=\"canonical\" href=\"https:\/\/kirkensbymisjon.no\/tilbud-kvinner-i-sentrum\/\" \/>\n<meta property=\"og:locale\" content=\"nb_NO\" \/>\n<meta property=\"og:type\" content=\"article\" \/>\n<meta property=\"og:title\" content=\"Forside\" \/>\n<meta property=\"og:description\" content=\"Aktiviteter og kurs som bidrar til integrering, selvstendiggj\u00f8ring og fellesskap.\" \/>\n<meta property=\"og:url\" content=\"https:\/\/kirkensbymisjon.no\/tilbud-kvinner-i-sentrum\/\" \/>\n<meta property=\"og:site_name\" content=\"Kvinner i sentrum\" \/>\n<meta property=\"article:modified_time\" content=\"2024-10-15T06:59:42+00:00\" \/>\n<meta property=\"og:image\" content=\"https:\/\/kirkensbymisjon.no\/content\/uploads\/sites\/152\/2024\/09\/tilbud_kvinner-sentrum_04.jpeg\" \/>\n<meta name=\"twitter:card\" content=\"summary_large_image\" \/>\n<meta name=\"twitter:label1\" content=\"Ansl. lesetid\" \/>\n\t<meta name=\"twitter:data1\" content=\"1 minutt\" \/>\n<script type=\"application\/ld+json\" class=\"yoast-schema-graph\">{\"@context\":\"https:\\\/\\\/schema.org\",\"@graph\":[{\"@type\":\"WebPage\",\"@id\":\"https:\\\/\\\/kirkensbymisjon.no\\\/tilbud-kvinner-i-sentrum\\\/\",\"url\":\"https:\\\/\\\/kirkensbymisjon.no\\\/tilbud-kvinner-i-sentrum\\\/\",\"name\":\"Forside - Kvinner i sentrum\",\"isPartOf\":{\"@id\":\"https:\\\/\\\/kirkensbymisjon.no\\\/tilbud-kvinner-i-sentrum\\\/#website\"},\"primaryImageOfPage\":{\"@id\":\"https:\\\/\\\/kirkensbymisjon.no\\\/tilbud-kvinner-i-sentrum\\\/#primaryimage\"},\"image\":{\"@id\":\"https:\\\/\\\/kirkensbymisjon.no\\\/tilbud-kvinner-i-sentrum\\\/#primaryimage\"},\"thumbnailUrl\":\"https:\\\/\\\/kirkensbymisjon.no\\\/content\\\/uploads\\\/sites\\\/152\\\/2024\\\/09\\\/tilbud_kvinner-sentrum_04.jpeg\",\"datePublished\":\"2024-09-09T11:41:08+00:00\",\"dateModified\":\"2024-10-15T06:59:42+00:00\",\"description\":\"Aktiviteter og kurs som bidrar til integrering, selvstendiggj\u00f8ring og fellesskap.\",\"breadcrumb\":{\"@id\":\"https:\\\/\\\/kirkensbymisjon.no\\\/tilbud-kvinner-i-sentrum\\\/#breadcrumb\"},\"inLanguage\":\"nb-NO\",\"potentialAction\":[{\"@type\":\"ReadAction\",\"target\":[\"https:\\\/\\\/kirkensbymisjon.no\\\/tilbud-kvinner-i-sentrum\\\/\"]}]},{\"@type\":\"ImageObject\",\"inLanguage\":\"nb-NO\",\"@id\":\"https:\\\/\\\/kirkensbymisjon.no\\\/tilbud-kvinner-i-sentrum\\\/#primaryimage\",\"url\":\"https:\\\/\\\/kirkensbymisjon.no\\\/content\\\/uploads\\\/sites\\\/152\\\/2024\\\/09\\\/tilbud_kvinner-sentrum_04.jpeg\",\"contentUrl\":\"https:\\\/\\\/kirkensbymisjon.no\\\/content\\\/uploads\\\/sites\\\/152\\\/2024\\\/09\\\/tilbud_kvinner-sentrum_04.jpeg\"},{\"@type\":\"BreadcrumbList\",\"@id\":\"https:\\\/\\\/kirkensbymisjon.no\\\/tilbud-kvinner-i-sentrum\\\/#breadcrumb\",\"itemListElement\":[{\"@type\":\"ListItem\",\"position\":1,\"name\":\"Hjem\",\"item\":\"https:\\\/\\\/kirkensbymisjon.no\\\/tilbud-kvinner-i-sentrum\\\/\"},{\"@type\":\"ListItem\",\"position\":2,\"name\":\"Forside\"}]},{\"@type\":\"WebSite\",\"@id\":\"https:\\\/\\\/kirkensbymisjon.no\\\/tilbud-kvinner-i-sentrum\\\/#website\",\"url\":\"https:\\\/\\\/kirkensbymisjon.no\\\/tilbud-kvinner-i-sentrum\\\/\",\"name\":\"Kvinner i sentrum\",\"description\":\"\",\"potentialAction\":[{\"@type\":\"SearchAction\",\"target\":{\"@type\":\"EntryPoint\",\"urlTemplate\":\"https:\\\/\\\/kirkensbymisjon.no\\\/tilbud-kvinner-i-sentrum\\\/?s={search_term_string}\"},\"query-input\":{\"@type\":\"PropertyValueSpecification\",\"valueRequired\":true,\"valueName\":\"search_term_string\"}}],\"inLanguage\":\"nb-NO\"}]}<\/script>\n<!-- \/ Yoast SEO Premium plugin. -->","yoast_head_json":{"title":"Forside - Kvinner i sentrum","description":"Aktiviteter og kurs som bidrar til integrering, selvstendiggj\u00f8ring og fellesskap.","robots":{"index":"index","follow":"follow","max-snippet":"max-snippet:-1","max-image-preview":"max-image-preview:large","max-video-preview":"max-video-preview:-1"},"canonical":"https:\/\/kirkensbymisjon.no\/tilbud-kvinner-i-sentrum\/","og_locale":"nb_NO","og_type":"article","og_title":"Forside","og_description":"Aktiviteter og kurs som bidrar til integrering, selvstendiggj\u00f8ring og fellesskap.","og_url":"https:\/\/kirkensbymisjon.no\/tilbud-kvinner-i-sentrum\/","og_site_name":"Kvinner i sentrum","article_modified_time":"2024-10-15T06:59:42+00:00","og_image":[{"url":"https:\/\/kirkensbymisjon.no\/content\/uploads\/sites\/152\/2024\/09\/tilbud_kvinner-sentrum_04.jpeg","type":"","width":"","height":""}],"twitter_card":"summary_large_image","twitter_misc":{"Ansl. lesetid":"1 minutt"},"schema":{"@context":"https:\/\/schema.org","@graph":[{"@type":"WebPage","@id":"https:\/\/kirkensbymisjon.no\/tilbud-kvinner-i-sentrum\/","url":"https:\/\/kirkensbymisjon.no\/tilbud-kvinner-i-sentrum\/","name":"Forside - Kvinner i sentrum","isPartOf":{"@id":"https:\/\/kirkensbymisjon.no\/tilbud-kvinner-i-sentrum\/#website"},"primaryImageOfPage":{"@id":"https:\/\/kirkensbymisjon.no\/tilbud-kvinner-i-sentrum\/#primaryimage"},"image":{"@id":"https:\/\/kirkensbymisjon.no\/tilbud-kvinner-i-sentrum\/#primaryimage"},"thumbnailUrl":"https:\/\/kirkensbymisjon.no\/content\/uploads\/sites\/152\/2024\/09\/tilbud_kvinner-sentrum_04.jpeg","datePublished":"2024-09-09T11:41:08+00:00","dateModified":"2024-10-15T06:59:42+00:00","description":"Aktiviteter og kurs som bidrar til integrering, selvstendiggj\u00f8ring og fellesskap.","breadcrumb":{"@id":"https:\/\/kirkensbymisjon.no\/tilbud-kvinner-i-sentrum\/#breadcrumb"},"inLanguage":"nb-NO","potentialAction":[{"@type":"ReadAction","target":["https:\/\/kirkensbymisjon.no\/tilbud-kvinner-i-sentrum\/"]}]},{"@type":"ImageObject","inLanguage":"nb-NO","@id":"https:\/\/kirkensbymisjon.no\/tilbud-kvinner-i-sentrum\/#primaryimage","url":"https:\/\/kirkensbymisjon.no\/content\/uploads\/sites\/152\/2024\/09\/tilbud_kvinner-sentrum_04.jpeg","contentUrl":"https:\/\/kirkensbymisjon.no\/content\/uploads\/sites\/152\/2024\/09\/tilbud_kvinner-sentrum_04.jpeg"},{"@type":"BreadcrumbList","@id":"https:\/\/kirkensbymisjon.no\/tilbud-kvinner-i-sentrum\/#breadcrumb","itemListElement":[{"@type":"ListItem","position":1,"name":"Hjem","item":"https:\/\/kirkensbymisjon.no\/tilbud-kvinner-i-sentrum\/"},{"@type":"ListItem","position":2,"name":"Forside"}]},{"@type":"WebSite","@id":"https:\/\/kirkensbymisjon.no\/tilbud-kvinner-i-sentrum\/#website","url":"https:\/\/kirkensbymisjon.no\/tilbud-kvinner-i-sentrum\/","name":"Kvinner i sentrum","description":"","potentialAction":[{"@type":"SearchAction","target":{"@type":"EntryPoint","urlTemplate":"https:\/\/kirkensbymisjon.no\/tilbud-kvinner-i-sentrum\/?s={search_term_string}"},"query-input":{"@type":"PropertyValueSpecification","valueRequired":true,"valueName":"search_term_string"}}],"inLanguage":"nb-NO"}]}},"_links":{"self":[{"href":"https:\/\/kirkensbymisjon.no\/tilbud-kvinner-i-sentrum\/wp-json\/wp\/v2\/pages\/3","targetHints":{"allow":["GET"]}}],"collection":[{"href":"https:\/\/kirkensbymisjon.no\/tilbud-kvinner-i-sentrum\/wp-json\/wp\/v2\/pages"}],"about":[{"href":"https:\/\/kirkensbymisjon.no\/tilbud-kvinner-i-sentrum\/wp-json\/wp\/v2\/types\/page"}],"author":[{"embeddable":true,"href":"https:\/\/kirkensbymisjon.no\/tilbud-kvinner-i-sentrum\/wp-json\/wp\/v2\/users\/5"}],"replies":[{"embeddable":true,"href":"https:\/\/kirkensbymisjon.no\/tilbud-kvinner-i-sentrum\/wp-json\/wp\/v2\/comments?post=3"}],"version-history":[{"count":5,"href":"https:\/\/kirkensbymisjon.no\/tilbud-kvinner-i-sentrum\/wp-json\/wp\/v2\/pages\/3\/revisions"}],"predecessor-version":[{"id":60,"href":"https:\/\/kirkensbymisjon.no\/tilbud-kvinner-i-sentrum\/wp-json\/wp\/v2\/pages\/3\/revisions\/60"}],"wp:attachment":[{"href":"https:\/\/kirkensbymisjon.no\/tilbud-kvinner-i-sentrum\/wp-json\/wp\/v2\/media?parent=3"}],"curies":[{"name":"wp","href":"https:\/\/api.w.org\/{rel}","templated":true}]}}