{"id":4,"date":"2024-08-26T09:17:15","date_gmt":"2024-08-26T07:17:15","guid":{"rendered":"https:\/\/kirkensbymisjon.no\/tilbud-kvinneverkstedet\/forside-2\/"},"modified":"2024-09-08T09:35:48","modified_gmt":"2024-09-08T07:35:48","slug":"forside-2","status":"publish","type":"page","link":"https:\/\/kirkensbymisjon.no\/tilbud-kvinneverkstedet\/","title":{"rendered":"Forside"},"content":{"rendered":"\t<div class=\"alignwide wp-block-kbm-link-list\">\n\t\t<div class=\"kbm-link-list__items\">\n\t\t\t\n<div class=\"wp-block-kbm-link-list-item\">\t<svg xmlns=\"http:\/\/www.w3.org\/2000\/svg\" viewBox=\"0 0 48 48\" height=\"24\" width=\"24\" class=\"t2-icon t2-icon-substanceabuse\" aria-hidden=\"true\" focusable=\"false\"><path d=\"M12.56 9.154c-1.341.298-2.645 1.02-3.574 1.979C7.697 12.465 7.02 14.139 7.02 16c0 1.434.389 2.738 1.147 3.847 1.839 2.689 5.013 3.786 8.045 2.781 2.343-.777 4.141-2.82 4.672-5.308.157-.736.12-2.2-.074-2.939-.374-1.42-.887-2.311-1.927-3.341-.989-.98-2.132-1.604-3.441-1.88-.683-.143-2.248-.147-2.882-.006m19.96.013c-.635.139-1.595.533-2.262.927-.582.343-1.821 1.582-2.164 2.164-.801 1.355-1.097 2.524-1.03 4.056.053 1.203.179 1.707.694 2.766a6.659 6.659 0 0 0 3.162 3.162c1.198.583 1.617.675 3.08.675s1.882-.092 3.08-.675a6.878 6.878 0 0 0 2.325-1.823c.5-.602 1.152-1.869 1.369-2.659.108-.395.143-.818.143-1.76 0-1.463-.092-1.882-.675-3.08a6.878 6.878 0 0 0-1.823-2.325c-.59-.49-1.865-1.151-2.619-1.357-.694-.191-2.555-.231-3.28-.071M8.438 28.079c-2.389.351-4.344 1.951-5.133 4.201l-.225.64-.024 3.02-.025 3.02h17.586l.048-1.06c.071-1.592.431-2.97 1.156-4.42.413-.828 1.123-1.894 1.7-2.553.219-.251.399-.497.399-.548 0-.149-.879-.956-1.44-1.322a7.39 7.39 0 0 0-1.133-.577c-1.197-.462-1.483-.481-7.257-.47-2.888.005-5.431.037-5.652.069m24.251.006c-1.748.203-3.4.813-4.929 1.82-.842.555-2.146 1.809-2.743 2.638-1.226 1.702-1.977 3.887-1.977 5.747v.67h21.92v-.67c0-1.861-.751-4.045-1.978-5.748-.523-.727-1.755-1.947-2.502-2.478-2.187-1.554-5.092-2.292-7.791-1.979\"\/><\/svg>\t<div class=\"kbm-link-list-item__content\">\n\t\t<p class=\"kbm-link-list-item__title\">Meningsfull hverdag<\/p>\n\t\t\t\t\t<p class=\"kbm-link-list-item__description\">V\u00e5rt tilbud skaper arbeidsplasser til flere og bidrar til sosiale fellesskap.<\/p>\n\t\t\t<\/div>\n\t<\/div>\n\n<div class=\"wp-block-kbm-link-list-item\">\t<svg xmlns=\"http:\/\/www.w3.org\/2000\/svg\" viewBox=\"0 0 48 48\" height=\"24\" width=\"24\" class=\"t2-icon t2-icon-heart\" aria-hidden=\"true\" focusable=\"false\"><path d=\"M12.608 7.169c-1.695.306-3.132.959-4.579 2.081-1.894 1.468-3.293 3.755-3.79 6.194-.689 3.382.232 7.499 2.57 11.489 2.339 3.991 6.459 8.359 11.511 12.202 1.924 1.463 5.432 3.825 5.682 3.825.244 0 3.789-2.389 5.678-3.826 3.507-2.666 6.767-5.781 9.058-8.654 4.107-5.151 5.927-10.598 5.023-15.036-.867-4.255-4.231-7.559-8.431-8.282-.908-.156-2.546-.157-3.46-.001-3.228.55-6.151 2.758-7.548 5.699-.151.319-.296.58-.32.58-.025 0-.212-.333-.416-.74-1.452-2.905-4.266-4.995-7.456-5.539-.885-.151-2.667-.147-3.522.008\"\/><\/svg>\t<div class=\"kbm-link-list-item__content\">\n\t\t<p class=\"kbm-link-list-item__title\">Gave med mening<\/p>\n\t\t\t\t\t<p class=\"kbm-link-list-item__description\">V\u00e5re produkter bidrar til glede hos b\u00e5de arbeider, kj\u00f8per og mottaker.<\/p>\n\t\t\t<\/div>\n\t<\/div>\n\n<div class=\"wp-block-kbm-link-list-item\">\t<svg xmlns=\"http:\/\/www.w3.org\/2000\/svg\" viewBox=\"0 0 48 48\" height=\"24\" width=\"24\" class=\"t2-icon t2-icon-eco\" aria-hidden=\"true\" focusable=\"false\"><path d=\"M35.08 6.091c-2.869.362-5.372 1.869-6.939 4.177-.789 1.162-1.373 2.843-1.325 3.811l.024.474.48-.306c3.121-1.986 7.201-3.356 12.16-4.082.616-.09 1.246-.159 1.4-.153.267.011.269.013.04.044-.132.018-.87.158-1.64.31-4.457.885-7.798 2.205-10.128 4.004-1.139.879-1.754 1.674-2.518 3.258-.831 1.723-1.141 2.909-1.873 7.172-.349 2.031-.698 3.68-.779 3.68-.034 0-.062-.031-.062-.07 0-.038-.088-.497-.197-1.02-.108-.522-.324-1.677-.481-2.565-.346-1.963-.581-2.802-1.05-3.745-1.562-3.139-4.348-5.186-9.312-6.843-1.801-.602-4.247-1.213-6.16-1.541-.559-.096.403-.044 1.293.07 4.833.618 9.276 2.043 12.426 3.987.69.426.721.437.782.273.081-.22-.066-1.297-.264-1.933A8.677 8.677 0 0 0 20.5 14c-1.268-2.508-3.46-4.254-6.248-4.976-.786-.204-1.133-.248-2.212-.283-2.049-.064-3.777.265-6.6 1.259-3.312 1.166-3.896 1.34-4.981 1.481l-.382.049.416.313c.873.655 1.813 1.532 3.325 3.102 2.317 2.404 3.555 3.375 5.729 4.496 1.644.847 3.154 1.397 4.373 1.594.743.12 2.106.102 2.758-.036.648-.137 1.576-.558 2.137-.97.216-.158.405-.275.419-.259.015.017.191.336.392.71.694 1.293 1.51 3.505 1.974 5.35.36 1.429.867 4.29.777 4.38-.019.019-.356.086-.748.15-1.559.252-3.036.812-4.522 1.715-2.588 1.573-4.68 4.003-5.495 6.383-.197.577-.412 1.732-.412 2.218 0 .99.696 1.825 2.087 2.504 1.61.786 3.439 1.244 6.368 1.595 1.707.204 6.983.204 8.69 0 3.907-.468 6.492-1.304 7.695-2.488.753-.743.88-1.259.643-2.617-.222-1.267-.711-2.409-1.589-3.71-.593-.878-2.308-2.612-3.214-3.25-1.795-1.264-3.631-2.047-5.509-2.35-.392-.064-.728-.13-.745-.147-.05-.05.35-2.603.66-4.213.554-2.877 1.23-5.393 1.997-7.431.238-.633.452-1.17.475-1.194.023-.023.204.074.402.217 1.524 1.094 3.714 1.264 6.181.479 2.284-.727 4.844-2.119 6.539-3.556.352-.298 1.473-1.392 2.491-2.43 1.019-1.038 2.232-2.193 2.697-2.566l.846-.679-.537-.06c-.723-.081-1.555-.326-3.728-1.096a80.54 80.54 0 0 0-2.739-.925c-2.163-.656-4.136-.882-5.83-.668m6.38 3.882a.311.311 0 0 1-.2 0c-.055-.022-.01-.04.1-.04s.155.018.1.04\"\/><\/svg>\t<div class=\"kbm-link-list-item__content\">\n\t\t<p class=\"kbm-link-list-item__title\">Gr\u00f8nn produksjon<\/p>\n\t\t\t\t\t<p class=\"kbm-link-list-item__description\">B\u00e6rekraft og gjenbruksmaterialer er en viktig del av v\u00e5r produksjon.<\/p>\n\t\t\t<\/div>\n\t<\/div>\n\t\t<\/div>\n\t<\/div>\n\t\n\n\n<p>Kvinneverkstedet er en arbeidsplass og arbeidstreningsarena for kvinner i rusrehabilitering. Kunstrommet arbeider innenfor ulike kreative prosesser.<\/p>\n\n\n\n<p>M\u00e5lsettingen for verkstedet er \u00e5 ruste mennesket til \u00e5 m\u00f8te verden og arbeidslivet, gjennom praktisk arbeid, fellesskap, kunnskap og \u00f8kt selvrespekt.<\/p>\n\n\n\n<h2 class=\"wp-block-heading\" id=\"h-se-vare-produkter-i-nettbutikken\">Se v\u00e5re produkter i <a href=\"\/nettbutikk\/produktkategori\/verksteder\/kvinneverkstedet-kristiansand\/\">nettbutikken<\/a><\/h2>\n\n\n\t<div class=\"alignwide wp-block-kbm-products\">\n\t\t<div class=\"kbm-products__inner\">\n\t\t\t<div class=\"t2-featured-content-layout alignwide alignwide handpicked-products col-4 wp-block-t2-featured-content-layout\" role=\"list\">\n\t\t\t\t\t\t\t\t<div class=\"wp-block-kbm-featured-product\">\n\t\t<div class=\"wc-product-card\">\n\t\t\t<div class=\"wc-product-card__inner\">\n\t\t\t\t<div class=\"wc-product-card__front\">\n\t\t\t\t\t<div>\n\t\t\t\t\t\t<a href=\"https:\/\/kirkensbymisjon.no\/nettbutikk\/?p=170\" class=\"wc-product-card__thumbnail\">\n\t\t\t\t\t\t\t<img decoding=\"async\" src=\"https:\/\/kirkensbymisjon.no\/content\/uploads\/sites\/123\/2024\/08\/gavepake-sape-ringblomst.jpg\" alt=\"Gavepakke; s\u00e5pe og salve av ringblomst\">\n\t\t\t\t\t\t<\/a>\n\t\t\t\t\t\t<h2 class=\"wc-product-card__name\">\n\t\t\t\t\t\t\t<a href=\"https:\/\/kirkensbymisjon.no\/nettbutikk\/?p=170\">Gavepakke; s\u00e5pe og salve av ringblomst<\/a>\n\t\t\t\t\t\t<\/h2>\n\t\t\t\t\t\t\t\t\t\t\t\t\t<div class=\"wc-product-card__description\">\n\t\t\t\t\t\t\t\tH\u00e5ndlaget ringblomstsalve og ringblomsts\u00e5pe. Leveres i en gaveeske\t\t\t\t\t\t\t<\/div>\n\t\t\t\t\t\t\t\t\t\t\t<\/div>\n\t\t\t\t\t<div class=\"wc-product-card__footer\">\n\t\t\t\t\t\t<span class=\"amount\">Kr 158,&ndash;<\/span>\n\t\t\t\t\t\t<a href=\"https:\/\/kirkensbymisjon.no\/nettbutikk\/?p=170\">\n\t\t\t\t\t\t\t<span>Se<\/span>\n\t\t\t\t\t\t\t<span>Se detaljer<\/span>\n\t\t\t\t\t\t\t<svg xmlns=\"http:\/\/www.w3.org\/2000\/svg\" viewBox=\"0 0 24 24\" height=\"24\" width=\"24\" class=\"t2-icon t2-icon-plus\" aria-hidden=\"true\" focusable=\"false\"><path d=\"M11.8 5.037a1.088 1.088 0 0 0-.722.566c-.075.148-.078.25-.078 2.772v2.619l-2.61.016c-1.867.012-2.652.03-2.756.064-.168.055-.438.301-.54.494-.049.092-.07.223-.07.432 0 .34.054.476.282.704.289.289.14.275 3.064.288l2.63.012v2.619c0 2.544.002 2.625.08 2.778.191.372.516.577.92.577s.729-.205.92-.577c.078-.153.08-.234.08-2.778v-2.619l2.63-.012c2.924-.013 2.775.001 3.064-.288.228-.228.282-.364.282-.704 0-.209-.021-.34-.07-.432-.102-.193-.372-.439-.54-.494-.104-.034-.889-.052-2.756-.064L13 10.994V8.375c0-2.522-.003-2.624-.078-2.772-.214-.418-.685-.656-1.122-.566\"\/><\/svg>\t\t\t\t\t\t<\/a>\n\t\t\t\t\t<\/div>\n\t\t\t\t<\/div>\n\t\t\t<\/div>\n\t\t<\/div>\n\t<\/div>\n\t\n\t\t\t\t\t\t\t\t<div class=\"wp-block-kbm-featured-product\">\n\t\t<div class=\"wc-product-card\">\n\t\t\t<div class=\"wc-product-card__inner\">\n\t\t\t\t<div class=\"wc-product-card__front\">\n\t\t\t\t\t<div>\n\t\t\t\t\t\t<a href=\"https:\/\/kirkensbymisjon.no\/nettbutikk\/?p=172\" class=\"wc-product-card__thumbnail\">\n\t\t\t\t\t\t\t<img decoding=\"async\" src=\"https:\/\/kirkensbymisjon.no\/content\/uploads\/sites\/123\/2024\/08\/ringblomstsalve-50ml.jpg\" alt=\"Ringblomstsalve &#8211; 50 ml\">\n\t\t\t\t\t\t<\/a>\n\t\t\t\t\t\t<h2 class=\"wc-product-card__name\">\n\t\t\t\t\t\t\t<a href=\"https:\/\/kirkensbymisjon.no\/nettbutikk\/?p=172\">Ringblomstsalve &#8211; 50 ml<\/a>\n\t\t\t\t\t\t<\/h2>\n\t\t\t\t\t\t\t\t\t\t\t\t\t<div class=\"wc-product-card__description\">\n\t\t\t\t\t\t\t\tNaturlig fremstilt produkt som inneholder ringblomst, olivenolje, bivoks og lavendel.\t\t\t\t\t\t\t<\/div>\n\t\t\t\t\t\t\t\t\t\t\t<\/div>\n\t\t\t\t\t<div class=\"wc-product-card__footer\">\n\t\t\t\t\t\t<span class=\"amount\">Kr 120,&ndash;<\/span>\n\t\t\t\t\t\t<a href=\"https:\/\/kirkensbymisjon.no\/nettbutikk\/?p=172\">\n\t\t\t\t\t\t\t<span>Se<\/span>\n\t\t\t\t\t\t\t<span>Se detaljer<\/span>\n\t\t\t\t\t\t\t<svg xmlns=\"http:\/\/www.w3.org\/2000\/svg\" viewBox=\"0 0 24 24\" height=\"24\" width=\"24\" class=\"t2-icon t2-icon-plus\" aria-hidden=\"true\" focusable=\"false\"><path d=\"M11.8 5.037a1.088 1.088 0 0 0-.722.566c-.075.148-.078.25-.078 2.772v2.619l-2.61.016c-1.867.012-2.652.03-2.756.064-.168.055-.438.301-.54.494-.049.092-.07.223-.07.432 0 .34.054.476.282.704.289.289.14.275 3.064.288l2.63.012v2.619c0 2.544.002 2.625.08 2.778.191.372.516.577.92.577s.729-.205.92-.577c.078-.153.08-.234.08-2.778v-2.619l2.63-.012c2.924-.013 2.775.001 3.064-.288.228-.228.282-.364.282-.704 0-.209-.021-.34-.07-.432-.102-.193-.372-.439-.54-.494-.104-.034-.889-.052-2.756-.064L13 10.994V8.375c0-2.522-.003-2.624-.078-2.772-.214-.418-.685-.656-1.122-.566\"\/><\/svg>\t\t\t\t\t\t<\/a>\n\t\t\t\t\t<\/div>\n\t\t\t\t<\/div>\n\t\t\t<\/div>\n\t\t<\/div>\n\t<\/div>\n\t\n\t\t\t\t\t\t\t\t<div class=\"wp-block-kbm-featured-product\">\n\t\t<div class=\"wc-product-card\">\n\t\t\t<div class=\"wc-product-card__inner\">\n\t\t\t\t<div class=\"wc-product-card__front\">\n\t\t\t\t\t<div>\n\t\t\t\t\t\t<a href=\"https:\/\/kirkensbymisjon.no\/nettbutikk\/?p=275\" class=\"wc-product-card__thumbnail\">\n\t\t\t\t\t\t\t<img decoding=\"async\" src=\"https:\/\/kirkensbymisjon.no\/content\/uploads\/sites\/123\/2024\/08\/kaffesaCC8Ape-avlang.jpg\" alt=\"Kaffes\u00e5pe\">\n\t\t\t\t\t\t<\/a>\n\t\t\t\t\t\t<h2 class=\"wc-product-card__name\">\n\t\t\t\t\t\t\t<a href=\"https:\/\/kirkensbymisjon.no\/nettbutikk\/?p=275\">Kaffes\u00e5pe<\/a>\n\t\t\t\t\t\t<\/h2>\n\t\t\t\t\t\t\t\t\t\t\t\t\t<div class=\"wc-product-card__description\">\n\t\t\t\t\t\t\t\tGjenbruk av kaffegrut. Kaffes\u00e5pen er nyttig \u00e5 ha p\u00e5 kj\u00f8kkenet til \u00e5 vaske hendene med.&hellip;\t\t\t\t\t\t\t<\/div>\n\t\t\t\t\t\t\t\t\t\t\t<\/div>\n\t\t\t\t\t<div class=\"wc-product-card__footer\">\n\t\t\t\t\t\t<span class=\"amount\">Kr 64,&ndash;<\/span>\n\t\t\t\t\t\t<a href=\"https:\/\/kirkensbymisjon.no\/nettbutikk\/?p=275\">\n\t\t\t\t\t\t\t<span>Se<\/span>\n\t\t\t\t\t\t\t<span>Se detaljer<\/span>\n\t\t\t\t\t\t\t<svg xmlns=\"http:\/\/www.w3.org\/2000\/svg\" viewBox=\"0 0 24 24\" height=\"24\" width=\"24\" class=\"t2-icon t2-icon-plus\" aria-hidden=\"true\" focusable=\"false\"><path d=\"M11.8 5.037a1.088 1.088 0 0 0-.722.566c-.075.148-.078.25-.078 2.772v2.619l-2.61.016c-1.867.012-2.652.03-2.756.064-.168.055-.438.301-.54.494-.049.092-.07.223-.07.432 0 .34.054.476.282.704.289.289.14.275 3.064.288l2.63.012v2.619c0 2.544.002 2.625.08 2.778.191.372.516.577.92.577s.729-.205.92-.577c.078-.153.08-.234.08-2.778v-2.619l2.63-.012c2.924-.013 2.775.001 3.064-.288.228-.228.282-.364.282-.704 0-.209-.021-.34-.07-.432-.102-.193-.372-.439-.54-.494-.104-.034-.889-.052-2.756-.064L13 10.994V8.375c0-2.522-.003-2.624-.078-2.772-.214-.418-.685-.656-1.122-.566\"\/><\/svg>\t\t\t\t\t\t<\/a>\n\t\t\t\t\t<\/div>\n\t\t\t\t<\/div>\n\t\t\t<\/div>\n\t\t<\/div>\n\t<\/div>\n\t\n\t\t\t\t\t\t\t\t<div class=\"wp-block-kbm-featured-product\">\n\t\t<div class=\"wc-product-card\">\n\t\t\t<div class=\"wc-product-card__inner\">\n\t\t\t\t<div class=\"wc-product-card__front\">\n\t\t\t\t\t<div>\n\t\t\t\t\t\t<a href=\"https:\/\/kirkensbymisjon.no\/nettbutikk\/?p=173\" class=\"wc-product-card__thumbnail\">\n\t\t\t\t\t\t\t<img decoding=\"async\" src=\"https:\/\/kirkensbymisjon.no\/content\/uploads\/sites\/123\/2024\/08\/saape-4.jpg\" alt=\"Hjertes\u00e5pe &#8211; r\u00f8d\">\n\t\t\t\t\t\t<\/a>\n\t\t\t\t\t\t<h2 class=\"wc-product-card__name\">\n\t\t\t\t\t\t\t<a href=\"https:\/\/kirkensbymisjon.no\/nettbutikk\/?p=173\">Hjertes\u00e5pe &#8211; r\u00f8d<\/a>\n\t\t\t\t\t\t<\/h2>\n\t\t\t\t\t\t\t\t\t\t\t\t\t<div class=\"wc-product-card__description\">\n\t\t\t\t\t\t\t\tHjerteformet s\u00e5pe. Leveres i en gaveeske.\t\t\t\t\t\t\t<\/div>\n\t\t\t\t\t\t\t\t\t\t\t<\/div>\n\t\t\t\t\t<div class=\"wc-product-card__footer\">\n\t\t\t\t\t\t<span class=\"amount\">Kr 64,&ndash;<\/span>\n\t\t\t\t\t\t<a href=\"https:\/\/kirkensbymisjon.no\/nettbutikk\/?p=173\">\n\t\t\t\t\t\t\t<span>Se<\/span>\n\t\t\t\t\t\t\t<span>Se detaljer<\/span>\n\t\t\t\t\t\t\t<svg xmlns=\"http:\/\/www.w3.org\/2000\/svg\" viewBox=\"0 0 24 24\" height=\"24\" width=\"24\" class=\"t2-icon t2-icon-plus\" aria-hidden=\"true\" focusable=\"false\"><path d=\"M11.8 5.037a1.088 1.088 0 0 0-.722.566c-.075.148-.078.25-.078 2.772v2.619l-2.61.016c-1.867.012-2.652.03-2.756.064-.168.055-.438.301-.54.494-.049.092-.07.223-.07.432 0 .34.054.476.282.704.289.289.14.275 3.064.288l2.63.012v2.619c0 2.544.002 2.625.08 2.778.191.372.516.577.92.577s.729-.205.92-.577c.078-.153.08-.234.08-2.778v-2.619l2.63-.012c2.924-.013 2.775.001 3.064-.288.228-.228.282-.364.282-.704 0-.209-.021-.34-.07-.432-.102-.193-.372-.439-.54-.494-.104-.034-.889-.052-2.756-.064L13 10.994V8.375c0-2.522-.003-2.624-.078-2.772-.214-.418-.685-.656-1.122-.566\"\/><\/svg>\t\t\t\t\t\t<\/a>\n\t\t\t\t\t<\/div>\n\t\t\t\t<\/div>\n\t\t\t<\/div>\n\t\t<\/div>\n\t<\/div>\n\t\n\t\t\t\t\t\t<\/div>\n\t\t<\/div>\n\t<\/div>\n\t\n\n\n<div class=\"wp-block-media-text alignwide is-stacked-on-mobile is-style-filled\"><figure class=\"wp-block-media-text__media\"><a href=\"https:\/\/kirkensbymisjon.no\/nettbutikk\/produktkategori\/verksteder\/kvinneverkstedet-kristiansand\/\"><img loading=\"lazy\" decoding=\"async\" width=\"1000\" height=\"1000\" src=\"https:\/\/kirkensbymisjon.no\/content\/uploads\/sites\/145\/2024\/08\/tilbud_kvinneverkstedet_02.jpg\" alt=\"Produkter fra Kvinneverkstedet\" class=\"wp-image-14 size-full\" srcset=\"https:\/\/kirkensbymisjon.no\/content\/uploads\/sites\/145\/2024\/08\/tilbud_kvinneverkstedet_02.jpg 1000w, https:\/\/kirkensbymisjon.no\/content\/uploads\/sites\/145\/2024\/08\/tilbud_kvinneverkstedet_02-300x300.jpg 300w, https:\/\/kirkensbymisjon.no\/content\/uploads\/sites\/145\/2024\/08\/tilbud_kvinneverkstedet_02-150x150.jpg 150w, https:\/\/kirkensbymisjon.no\/content\/uploads\/sites\/145\/2024\/08\/tilbud_kvinneverkstedet_02-768x768.jpg 768w\" sizes=\"auto, (max-width: 1000px) 100vw, 1000px\" \/><\/a><\/figure><div class=\"wp-block-media-text__content\">\n<h2 class=\"wp-block-heading\" id=\"h-handlagde-produkter-nbsp\"><strong>H\u00e5ndlagde produkter<\/strong>&nbsp;<\/h2>\n\n\n\n<p>Vi produserer naturprodukter som s\u00e5per og kremer av ringblomst og lavendel fra egen hage. Vi lager ogs\u00e5 brosteinslys av 100 % stearin og diverse tekstilprodukter til kj\u00f8kken. <\/p>\n\n\n\n<p><a href=\"https:\/\/kirkensbymisjon.no\/nettbutikk\/produktkategori\/verksteder\/kvinneverkstedet-kristiansand\/\">G\u00e5 til nettbutikken<\/a><\/p>\n<\/div><\/div>\n","protected":false},"excerpt":{"rendered":"<p>Kvinneverkstedet er en arbeidsplass og arbeidstreningsarena for kvinner i rusrehabilitering. Kunstrommet arbeider innenfor ulike kreative&hellip;<\/p>\n","protected":false},"author":5,"featured_media":0,"parent":0,"menu_order":0,"comment_status":"closed","ping_status":"closed","template":"","meta":{"_relevanssi_hide_post":"","_relevanssi_hide_content":"","_relevanssi_pin_for_all":"","_relevanssi_pin_keywords":"","_relevanssi_unpin_keywords":"","_relevanssi_related_keywords":"","_relevanssi_related_include_ids":"","_relevanssi_related_exclude_ids":"","_relevanssi_related_no_append":"","_relevanssi_related_not_related":"","_relevanssi_related_posts":"1","_relevanssi_noindex_reason":"","editor_notices":[],"footnotes":""},"class_list":["post-4","page","type-page","status-publish","hentry"],"yoast_head":"<!-- This site is optimized with the Yoast SEO Premium plugin v27.2 (Yoast SEO v27.2) - https:\/\/yoast.com\/product\/yoast-seo-premium-wordpress\/ -->\n<title>Forside - Kvinneverkstedet<\/title>\n<meta name=\"robots\" content=\"index, follow, max-snippet:-1, max-image-preview:large, max-video-preview:-1\" \/>\n<link rel=\"canonical\" href=\"https:\/\/kirkensbymisjon.no\/tilbud-kvinneverkstedet\/\" \/>\n<meta property=\"og:locale\" content=\"nb_NO\" \/>\n<meta property=\"og:type\" content=\"article\" \/>\n<meta property=\"og:title\" content=\"Forside\" \/>\n<meta property=\"og:description\" content=\"Kvinneverkstedet er en arbeidsplass og arbeidstreningsarena for kvinner i rusrehabilitering. Kunstrommet arbeider innenfor ulike kreative&hellip;\" \/>\n<meta property=\"og:url\" content=\"https:\/\/kirkensbymisjon.no\/tilbud-kvinneverkstedet\/\" \/>\n<meta property=\"og:site_name\" content=\"Kvinneverkstedet\" \/>\n<meta property=\"article:modified_time\" content=\"2024-09-08T07:35:48+00:00\" \/>\n<meta property=\"og:image\" content=\"https:\/\/kirkensbymisjon.no\/content\/uploads\/sites\/145\/2024\/08\/tilbud_kvinneverkstedet_02.jpg\" \/>\n<meta name=\"twitter:card\" content=\"summary_large_image\" \/>\n<meta name=\"twitter:label1\" content=\"Ansl. lesetid\" \/>\n\t<meta name=\"twitter:data1\" content=\"1 minutt\" \/>\n<script type=\"application\/ld+json\" class=\"yoast-schema-graph\">{\"@context\":\"https:\/\/schema.org\",\"@graph\":[{\"@type\":\"WebPage\",\"@id\":\"https:\/\/kirkensbymisjon.no\/tilbud-kvinneverkstedet\/\",\"url\":\"https:\/\/kirkensbymisjon.no\/tilbud-kvinneverkstedet\/\",\"name\":\"Forside - Kvinneverkstedet\",\"isPartOf\":{\"@id\":\"https:\/\/kirkensbymisjon.no\/tilbud-kvinneverkstedet\/#website\"},\"primaryImageOfPage\":{\"@id\":\"https:\/\/kirkensbymisjon.no\/tilbud-kvinneverkstedet\/#primaryimage\"},\"image\":{\"@id\":\"https:\/\/kirkensbymisjon.no\/tilbud-kvinneverkstedet\/#primaryimage\"},\"thumbnailUrl\":\"https:\/\/kirkensbymisjon.no\/content\/uploads\/sites\/145\/2024\/08\/tilbud_kvinneverkstedet_02.jpg\",\"datePublished\":\"2024-08-26T07:17:15+00:00\",\"dateModified\":\"2024-09-08T07:35:48+00:00\",\"breadcrumb\":{\"@id\":\"https:\/\/kirkensbymisjon.no\/tilbud-kvinneverkstedet\/#breadcrumb\"},\"inLanguage\":\"nb-NO\",\"potentialAction\":[{\"@type\":\"ReadAction\",\"target\":[\"https:\/\/kirkensbymisjon.no\/tilbud-kvinneverkstedet\/\"]}]},{\"@type\":\"ImageObject\",\"inLanguage\":\"nb-NO\",\"@id\":\"https:\/\/kirkensbymisjon.no\/tilbud-kvinneverkstedet\/#primaryimage\",\"url\":\"https:\/\/kirkensbymisjon.no\/content\/uploads\/sites\/145\/2024\/08\/tilbud_kvinneverkstedet_02.jpg\",\"contentUrl\":\"https:\/\/kirkensbymisjon.no\/content\/uploads\/sites\/145\/2024\/08\/tilbud_kvinneverkstedet_02.jpg\"},{\"@type\":\"BreadcrumbList\",\"@id\":\"https:\/\/kirkensbymisjon.no\/tilbud-kvinneverkstedet\/#breadcrumb\",\"itemListElement\":[{\"@type\":\"ListItem\",\"position\":1,\"name\":\"Hjem\",\"item\":\"https:\/\/kirkensbymisjon.no\/tilbud-kvinneverkstedet\/\"},{\"@type\":\"ListItem\",\"position\":2,\"name\":\"Forside\"}]},{\"@type\":\"WebSite\",\"@id\":\"https:\/\/kirkensbymisjon.no\/tilbud-kvinneverkstedet\/#website\",\"url\":\"https:\/\/kirkensbymisjon.no\/tilbud-kvinneverkstedet\/\",\"name\":\"Kvinneverkstedet\",\"description\":\"\",\"potentialAction\":[{\"@type\":\"SearchAction\",\"target\":{\"@type\":\"EntryPoint\",\"urlTemplate\":\"https:\/\/kirkensbymisjon.no\/tilbud-kvinneverkstedet\/?s={search_term_string}\"},\"query-input\":{\"@type\":\"PropertyValueSpecification\",\"valueRequired\":true,\"valueName\":\"search_term_string\"}}],\"inLanguage\":\"nb-NO\"}]}<\/script>\n<!-- \/ Yoast SEO Premium plugin. -->","yoast_head_json":{"title":"Forside - Kvinneverkstedet","robots":{"index":"index","follow":"follow","max-snippet":"max-snippet:-1","max-image-preview":"max-image-preview:large","max-video-preview":"max-video-preview:-1"},"canonical":"https:\/\/kirkensbymisjon.no\/tilbud-kvinneverkstedet\/","og_locale":"nb_NO","og_type":"article","og_title":"Forside","og_description":"Kvinneverkstedet er en arbeidsplass og arbeidstreningsarena for kvinner i rusrehabilitering. Kunstrommet arbeider innenfor ulike kreative&hellip;","og_url":"https:\/\/kirkensbymisjon.no\/tilbud-kvinneverkstedet\/","og_site_name":"Kvinneverkstedet","article_modified_time":"2024-09-08T07:35:48+00:00","og_image":[{"url":"https:\/\/kirkensbymisjon.no\/content\/uploads\/sites\/145\/2024\/08\/tilbud_kvinneverkstedet_02.jpg","type":"","width":"","height":""}],"twitter_card":"summary_large_image","twitter_misc":{"Ansl. lesetid":"1 minutt"},"schema":{"@context":"https:\/\/schema.org","@graph":[{"@type":"WebPage","@id":"https:\/\/kirkensbymisjon.no\/tilbud-kvinneverkstedet\/","url":"https:\/\/kirkensbymisjon.no\/tilbud-kvinneverkstedet\/","name":"Forside - Kvinneverkstedet","isPartOf":{"@id":"https:\/\/kirkensbymisjon.no\/tilbud-kvinneverkstedet\/#website"},"primaryImageOfPage":{"@id":"https:\/\/kirkensbymisjon.no\/tilbud-kvinneverkstedet\/#primaryimage"},"image":{"@id":"https:\/\/kirkensbymisjon.no\/tilbud-kvinneverkstedet\/#primaryimage"},"thumbnailUrl":"https:\/\/kirkensbymisjon.no\/content\/uploads\/sites\/145\/2024\/08\/tilbud_kvinneverkstedet_02.jpg","datePublished":"2024-08-26T07:17:15+00:00","dateModified":"2024-09-08T07:35:48+00:00","breadcrumb":{"@id":"https:\/\/kirkensbymisjon.no\/tilbud-kvinneverkstedet\/#breadcrumb"},"inLanguage":"nb-NO","potentialAction":[{"@type":"ReadAction","target":["https:\/\/kirkensbymisjon.no\/tilbud-kvinneverkstedet\/"]}]},{"@type":"ImageObject","inLanguage":"nb-NO","@id":"https:\/\/kirkensbymisjon.no\/tilbud-kvinneverkstedet\/#primaryimage","url":"https:\/\/kirkensbymisjon.no\/content\/uploads\/sites\/145\/2024\/08\/tilbud_kvinneverkstedet_02.jpg","contentUrl":"https:\/\/kirkensbymisjon.no\/content\/uploads\/sites\/145\/2024\/08\/tilbud_kvinneverkstedet_02.jpg"},{"@type":"BreadcrumbList","@id":"https:\/\/kirkensbymisjon.no\/tilbud-kvinneverkstedet\/#breadcrumb","itemListElement":[{"@type":"ListItem","position":1,"name":"Hjem","item":"https:\/\/kirkensbymisjon.no\/tilbud-kvinneverkstedet\/"},{"@type":"ListItem","position":2,"name":"Forside"}]},{"@type":"WebSite","@id":"https:\/\/kirkensbymisjon.no\/tilbud-kvinneverkstedet\/#website","url":"https:\/\/kirkensbymisjon.no\/tilbud-kvinneverkstedet\/","name":"Kvinneverkstedet","description":"","potentialAction":[{"@type":"SearchAction","target":{"@type":"EntryPoint","urlTemplate":"https:\/\/kirkensbymisjon.no\/tilbud-kvinneverkstedet\/?s={search_term_string}"},"query-input":{"@type":"PropertyValueSpecification","valueRequired":true,"valueName":"search_term_string"}}],"inLanguage":"nb-NO"}]}},"_links":{"self":[{"href":"https:\/\/kirkensbymisjon.no\/tilbud-kvinneverkstedet\/wp-json\/wp\/v2\/pages\/4","targetHints":{"allow":["GET"]}}],"collection":[{"href":"https:\/\/kirkensbymisjon.no\/tilbud-kvinneverkstedet\/wp-json\/wp\/v2\/pages"}],"about":[{"href":"https:\/\/kirkensbymisjon.no\/tilbud-kvinneverkstedet\/wp-json\/wp\/v2\/types\/page"}],"author":[{"embeddable":true,"href":"https:\/\/kirkensbymisjon.no\/tilbud-kvinneverkstedet\/wp-json\/wp\/v2\/users\/5"}],"replies":[{"embeddable":true,"href":"https:\/\/kirkensbymisjon.no\/tilbud-kvinneverkstedet\/wp-json\/wp\/v2\/comments?post=4"}],"version-history":[{"count":5,"href":"https:\/\/kirkensbymisjon.no\/tilbud-kvinneverkstedet\/wp-json\/wp\/v2\/pages\/4\/revisions"}],"predecessor-version":[{"id":46,"href":"https:\/\/kirkensbymisjon.no\/tilbud-kvinneverkstedet\/wp-json\/wp\/v2\/pages\/4\/revisions\/46"}],"wp:attachment":[{"href":"https:\/\/kirkensbymisjon.no\/tilbud-kvinneverkstedet\/wp-json\/wp\/v2\/media?parent=4"}],"curies":[{"name":"wp","href":"https:\/\/api.w.org\/{rel}","templated":true}]}}