{"id":3,"date":"2024-06-19T15:56:38","date_gmt":"2024-06-19T13:56:38","guid":{"rendered":"https:\/\/kirkensbymisjon.no\/tilbud-lauras-hus\/forside\/"},"modified":"2026-03-07T09:52:03","modified_gmt":"2026-03-07T08:52:03","slug":"forside","status":"publish","type":"page","link":"https:\/\/kirkensbymisjon.no\/tilbud-lauras-hus\/","title":{"rendered":"Forside"},"content":{"rendered":"\n<p>V\u00e5r m\u00e5lgruppe er personer som er utsatt for menneskehandel og deres barn, spesielt kvinner og barn i behov av tett sosialfaglig oppf\u00f8lging.<\/p>\n\n\n\n<p>Vi tilbyr trygge leiligheter i en d\u00f8gnbemannet boenhet. Lauras hus best\u00e5r i dag av seks leiligheter med tilknyttede fellesarealer beliggende i samme boligblokk, og tre eksterne leiligheter i blokken ovenfor.<\/p>\n\n\n\n<h2 class=\"wp-block-heading\" id=\"h-om-prosjektet-og-hvordan-vi-jobber\">Om prosjektet og hvordan vi jobber<\/h2>\n\n\n\n<p>Prosjektet tilknyttet Lauras hus samarbeider med ROSA-prosjektet, Oslo kommune ved HTSO og Nav Gr\u00fcnerl\u00f8kka om inntak. Vi har stort fokus p\u00e5 fysisk og psykisk helse, spesielt psykosomatiske utfordringer, og arbeid med stabilisering av symptomer p\u00e5 traume. Vi s\u00f8ker \u00e5 m\u00f8te beboerne p\u00e5 deres premisser og individuelle behov. Vi jobber prosessorientert med m\u00e5l om \u00e5 maksimere beboerens evne til \u00e5 h\u00e5ndtere egen livssituasjon.<\/p>\n\n\n\n<p>Beboernes oppholdsgrunnlag setter rammene for deres rettigheter, det \u00e5 f\u00f8lge opp beboernes utfordringer knyttet til oppholdsstatus er derfor en stor del av den individuelle oppf\u00f8lgingen. Oppholdsstatus setter ogs\u00e5 rammene for botid p\u00e5 Lauras hus. Botid er derfor sv\u00e6rt individuell, men av erfaring kan botiden strekke seg over \u00e5r.<\/p>\n\n\n\n<p>Oppf\u00f8lgingsarbeidet ledes av sosialkonsulenter med sosialfaglig bakgrunn. Arbeidet p\u00e5 Lauras hus er basert p\u00e5 likeverd og respekt for mennesket. Bakgrunnen for initiativet til prosjektet var at fagfeltet etterlyste et mer differensiert botilbud til ofre\/utsatte for menneskehandel. <\/p>\n\n\n\n<p>Tilbudene <a href=\"\/tilbud-aksept\">Aksept<\/a>, <a href=\"\/tilbud-nadheim\">Nadheim<\/a> og Lauras hus er organisert som tre avdelinger under samme virksomhet i Kirkens Bymisjon. Prosjektet hadde oppstart i 2009, og er statlig finansiert og underlagt Justisdepartementet. Vi har 6,5 \u00e5rsverk fordelt p\u00e5 10 ansatte.<\/p>\n","protected":false},"excerpt":{"rendered":"<p>V\u00e5r m\u00e5lgruppe er personer som er utsatt for menneskehandel og deres barn, spesielt kvinner og&hellip;<\/p>\n","protected":false},"author":2,"featured_media":0,"parent":0,"menu_order":0,"comment_status":"closed","ping_status":"closed","template":"","meta":{"_relevanssi_hide_post":"","_relevanssi_hide_content":"","_relevanssi_pin_for_all":"","_relevanssi_pin_keywords":"","_relevanssi_unpin_keywords":"","_relevanssi_related_keywords":"","_relevanssi_related_include_ids":"","_relevanssi_related_exclude_ids":"","_relevanssi_related_no_append":"","_relevanssi_related_not_related":"","_relevanssi_related_posts":"1","_relevanssi_noindex_reason":"","editor_notices":[],"footnotes":""},"class_list":["post-3","page","type-page","status-publish","hentry"],"yoast_head":"<!-- This site is optimized with the Yoast SEO Premium plugin v27.2 (Yoast SEO v27.2) - https:\/\/yoast.com\/product\/yoast-seo-premium-wordpress\/ -->\n<title>Kirkens Bymisjon - Lauras hus<\/title>\n<meta name=\"description\" content=\"Et d\u00f8gnbemannet botilbud i Oslo for personer som er utsatt for menneskehandel og deres barn.\" \/>\n<meta name=\"robots\" content=\"index, follow, max-snippet:-1, max-image-preview:large, max-video-preview:-1\" \/>\n<link rel=\"canonical\" href=\"https:\/\/kirkensbymisjon.no\/tilbud-lauras-hus\/\" \/>\n<meta property=\"og:locale\" content=\"nb_NO\" \/>\n<meta property=\"og:type\" content=\"article\" \/>\n<meta property=\"og:title\" content=\"Kirkens Bymisjon - Lauras hus\" \/>\n<meta property=\"og:description\" content=\"Et d\u00f8gnbemannet botilbud i Oslo for personer som er utsatt for menneskehandel og deres barn.\" \/>\n<meta property=\"og:url\" content=\"https:\/\/kirkensbymisjon.no\/tilbud-lauras-hus\/\" \/>\n<meta property=\"og:site_name\" content=\"Lauras hus\" \/>\n<meta property=\"article:modified_time\" content=\"2026-03-07T08:52:03+00:00\" \/>\n<meta name=\"twitter:card\" content=\"summary_large_image\" \/>\n<meta name=\"twitter:title\" content=\"Forside\" \/>\n<meta name=\"twitter:label1\" content=\"Ansl. lesetid\" \/>\n\t<meta name=\"twitter:data1\" content=\"2 minutter\" \/>\n<script type=\"application\/ld+json\" class=\"yoast-schema-graph\">{\"@context\":\"https:\/\/schema.org\",\"@graph\":[{\"@type\":\"WebPage\",\"@id\":\"https:\/\/kirkensbymisjon.no\/tilbud-lauras-hus\/\",\"url\":\"https:\/\/kirkensbymisjon.no\/tilbud-lauras-hus\/\",\"name\":\"Kirkens Bymisjon - Lauras hus\",\"isPartOf\":{\"@id\":\"https:\/\/kirkensbymisjon.no\/tilbud-lauras-hus\/#website\"},\"datePublished\":\"2024-06-19T13:56:38+00:00\",\"dateModified\":\"2026-03-07T08:52:03+00:00\",\"description\":\"Et d\u00f8gnbemannet botilbud i Oslo for personer som er utsatt for menneskehandel og deres barn.\",\"breadcrumb\":{\"@id\":\"https:\/\/kirkensbymisjon.no\/tilbud-lauras-hus\/#breadcrumb\"},\"inLanguage\":\"nb-NO\",\"potentialAction\":[{\"@type\":\"ReadAction\",\"target\":[\"https:\/\/kirkensbymisjon.no\/tilbud-lauras-hus\/\"]}]},{\"@type\":\"BreadcrumbList\",\"@id\":\"https:\/\/kirkensbymisjon.no\/tilbud-lauras-hus\/#breadcrumb\",\"itemListElement\":[{\"@type\":\"ListItem\",\"position\":1,\"name\":\"Hjem\",\"item\":\"https:\/\/kirkensbymisjon.no\/tilbud-lauras-hus\/\"},{\"@type\":\"ListItem\",\"position\":2,\"name\":\"Forside\"}]},{\"@type\":\"WebSite\",\"@id\":\"https:\/\/kirkensbymisjon.no\/tilbud-lauras-hus\/#website\",\"url\":\"https:\/\/kirkensbymisjon.no\/tilbud-lauras-hus\/\",\"name\":\"Lauras hus\",\"description\":\"\",\"potentialAction\":[{\"@type\":\"SearchAction\",\"target\":{\"@type\":\"EntryPoint\",\"urlTemplate\":\"https:\/\/kirkensbymisjon.no\/tilbud-lauras-hus\/?s={search_term_string}\"},\"query-input\":{\"@type\":\"PropertyValueSpecification\",\"valueRequired\":true,\"valueName\":\"search_term_string\"}}],\"inLanguage\":\"nb-NO\"}]}<\/script>\n<!-- \/ Yoast SEO Premium plugin. -->","yoast_head_json":{"title":"Kirkens Bymisjon - Lauras hus","description":"Et d\u00f8gnbemannet botilbud i Oslo for personer som er utsatt for menneskehandel og deres barn.","robots":{"index":"index","follow":"follow","max-snippet":"max-snippet:-1","max-image-preview":"max-image-preview:large","max-video-preview":"max-video-preview:-1"},"canonical":"https:\/\/kirkensbymisjon.no\/tilbud-lauras-hus\/","og_locale":"nb_NO","og_type":"article","og_title":"Kirkens Bymisjon - Lauras hus","og_description":"Et d\u00f8gnbemannet botilbud i Oslo for personer som er utsatt for menneskehandel og deres barn.","og_url":"https:\/\/kirkensbymisjon.no\/tilbud-lauras-hus\/","og_site_name":"Lauras hus","article_modified_time":"2026-03-07T08:52:03+00:00","twitter_card":"summary_large_image","twitter_title":"Forside","twitter_misc":{"Ansl. lesetid":"2 minutter"},"schema":{"@context":"https:\/\/schema.org","@graph":[{"@type":"WebPage","@id":"https:\/\/kirkensbymisjon.no\/tilbud-lauras-hus\/","url":"https:\/\/kirkensbymisjon.no\/tilbud-lauras-hus\/","name":"Kirkens Bymisjon - Lauras hus","isPartOf":{"@id":"https:\/\/kirkensbymisjon.no\/tilbud-lauras-hus\/#website"},"datePublished":"2024-06-19T13:56:38+00:00","dateModified":"2026-03-07T08:52:03+00:00","description":"Et d\u00f8gnbemannet botilbud i Oslo for personer som er utsatt for menneskehandel og deres barn.","breadcrumb":{"@id":"https:\/\/kirkensbymisjon.no\/tilbud-lauras-hus\/#breadcrumb"},"inLanguage":"nb-NO","potentialAction":[{"@type":"ReadAction","target":["https:\/\/kirkensbymisjon.no\/tilbud-lauras-hus\/"]}]},{"@type":"BreadcrumbList","@id":"https:\/\/kirkensbymisjon.no\/tilbud-lauras-hus\/#breadcrumb","itemListElement":[{"@type":"ListItem","position":1,"name":"Hjem","item":"https:\/\/kirkensbymisjon.no\/tilbud-lauras-hus\/"},{"@type":"ListItem","position":2,"name":"Forside"}]},{"@type":"WebSite","@id":"https:\/\/kirkensbymisjon.no\/tilbud-lauras-hus\/#website","url":"https:\/\/kirkensbymisjon.no\/tilbud-lauras-hus\/","name":"Lauras hus","description":"","potentialAction":[{"@type":"SearchAction","target":{"@type":"EntryPoint","urlTemplate":"https:\/\/kirkensbymisjon.no\/tilbud-lauras-hus\/?s={search_term_string}"},"query-input":{"@type":"PropertyValueSpecification","valueRequired":true,"valueName":"search_term_string"}}],"inLanguage":"nb-NO"}]}},"_links":{"self":[{"href":"https:\/\/kirkensbymisjon.no\/tilbud-lauras-hus\/wp-json\/wp\/v2\/pages\/3","targetHints":{"allow":["GET"]}}],"collection":[{"href":"https:\/\/kirkensbymisjon.no\/tilbud-lauras-hus\/wp-json\/wp\/v2\/pages"}],"about":[{"href":"https:\/\/kirkensbymisjon.no\/tilbud-lauras-hus\/wp-json\/wp\/v2\/types\/page"}],"author":[{"embeddable":true,"href":"https:\/\/kirkensbymisjon.no\/tilbud-lauras-hus\/wp-json\/wp\/v2\/users\/2"}],"replies":[{"embeddable":true,"href":"https:\/\/kirkensbymisjon.no\/tilbud-lauras-hus\/wp-json\/wp\/v2\/comments?post=3"}],"version-history":[{"count":5,"href":"https:\/\/kirkensbymisjon.no\/tilbud-lauras-hus\/wp-json\/wp\/v2\/pages\/3\/revisions"}],"predecessor-version":[{"id":30,"href":"https:\/\/kirkensbymisjon.no\/tilbud-lauras-hus\/wp-json\/wp\/v2\/pages\/3\/revisions\/30"}],"wp:attachment":[{"href":"https:\/\/kirkensbymisjon.no\/tilbud-lauras-hus\/wp-json\/wp\/v2\/media?parent=3"}],"curies":[{"name":"wp","href":"https:\/\/api.w.org\/{rel}","templated":true}]}}