{"id":3,"date":"2024-06-18T13:05:42","date_gmt":"2024-06-18T11:05:42","guid":{"rendered":"https:\/\/kirkensbymisjon.no\/tilbud-legal-aid\/forside\/"},"modified":"2024-11-27T18:53:38","modified_gmt":"2024-11-27T17:53:38","slug":"forside","status":"publish","type":"page","link":"https:\/\/kirkensbymisjon.no\/tilbud-legal-aid\/","title":{"rendered":"Forside"},"content":{"rendered":"\n<p>F\u00e6rre enn 9 % av den norske befolkning oppfyller inntektskravene til den statlige rettshjelpsordningen. I tillegg er det bare en h\u00e5ndfull typer av saker som er prioriterte i loven. Vi opplever derfor at sv\u00e6rt mange faller utenfor ordningen, og at disse i tillegg ikke har r\u00e5d til \u00e5 skaffe seg hjelp av advokat.<\/p>\n\n\n\n<p>Resultatet er at sv\u00e6rt mange ikke har en realistisk mulighet til \u00e5 ivareta sine rettigheter. Legal Aid, Trondheim har derfor som m\u00e5l \u00e5 supplere det ordin\u00e6re rettshjelpstilbudet i Norge, og \u00e5 bidra til at flest mulig f\u00e5r en slik mulighet.<\/p>\n\n\n\n<h2 class=\"wp-block-heading\" id=\"h-hvem-kan-fa-hjelp-av-legal-aid\"><strong>Hvem kan f\u00e5 hjelp av Legal Aid?<\/strong><\/h2>\n\n\n\n<p>V\u00e5r m\u00e5lgruppe er individer som av \u00f8konomiske eller sosiale \u00e5rsaker st\u00e5r utenfor det ordin\u00e6re rettshjelpstilbudet i Norge. Dette omfatter de med begrenset \u00f8konomi og nettverk, de med manglende spr\u00e5k- og samfunnskunnskaper eller de som av andre \u00e5rsaker er ute av stand til \u00e5 ivareta egen rettslig stilling p\u00e5 en forsvarlig m\u00e5te.<\/p>\n\n\n\n<p>Personer som har rett p\u00e5 fri rettshjelp eller juridisk bistand gjennom forsikring, fagforeninger, o.l., vil bli henvist til riktig instans\/akt\u00f8r. Ta kontakt for en vurdering av dine alternativer.<\/p>\n\n\n\n<h2 class=\"wp-block-heading\" id=\"h-hva-kan-du-fa-hjelp-til\"><strong><strong>Hva kan du f\u00e5 hjelp til?<\/strong><\/strong><\/h2>\n\n\n\n<p>Legal Aid, Trondheim tilbyr b\u00e5de muntlig og skriftlig r\u00e5dgivning, veiledning og representasjon, innenfor de aller fleste rettsomr\u00e5der.<\/p>\n\n\n\n<p>Legal Aid, Trondheim er\u00a0ikke<strong>\u00a0<\/strong>et advokatfirma, men et rettshjelptiltak drevet av jurister. Dette inneb\u00e6rer at vi bare helt unntaksvis kan f\u00f8re saker for en domstol. Er du under 25 \u00e5r? Da kan du kontakte\u00a0<a href=\"\/tilbud-ung-rettshjelp\">Ung rettshjelp<\/a>.<\/p>\n","protected":false},"excerpt":{"rendered":"<p>F\u00e6rre enn 9 % av den norske befolkning oppfyller inntektskravene til den statlige rettshjelpsordningen. I&hellip;<\/p>\n","protected":false},"author":2,"featured_media":0,"parent":0,"menu_order":0,"comment_status":"closed","ping_status":"closed","template":"","meta":{"_relevanssi_hide_post":"","_relevanssi_hide_content":"","_relevanssi_pin_for_all":"","_relevanssi_pin_keywords":"","_relevanssi_unpin_keywords":"","_relevanssi_related_keywords":"","_relevanssi_related_include_ids":"","_relevanssi_related_exclude_ids":"","_relevanssi_related_no_append":"","_relevanssi_related_not_related":"","_relevanssi_related_posts":"1","_relevanssi_noindex_reason":"","editor_notices":[],"footnotes":""},"class_list":["post-3","page","type-page","status-publish","hentry"],"yoast_head":"<!-- This site is optimized with the Yoast SEO Premium plugin v27.2 (Yoast SEO v27.4) - https:\/\/yoast.com\/product\/yoast-seo-premium-wordpress\/ -->\n<title>Kirkens Bymisjon - Legal Aid<\/title>\n<meta name=\"description\" content=\"Gratis lavterskeltilbud som tilbyr juridisk veiledning, r\u00e5dgivning og representasjon.\" \/>\n<meta name=\"robots\" content=\"index, follow, max-snippet:-1, max-image-preview:large, max-video-preview:-1\" \/>\n<link rel=\"canonical\" href=\"https:\/\/kirkensbymisjon.no\/tilbud-legal-aid\/\" \/>\n<meta property=\"og:locale\" content=\"nb_NO\" \/>\n<meta property=\"og:type\" content=\"article\" \/>\n<meta property=\"og:title\" content=\"Kirkens Bymisjon - Legal Aid\" \/>\n<meta property=\"og:description\" content=\"Gratis lavterskeltilbud som tilbyr juridisk veiledning, r\u00e5dgivning og representasjon.\" \/>\n<meta property=\"og:url\" content=\"https:\/\/kirkensbymisjon.no\/tilbud-legal-aid\/\" \/>\n<meta property=\"og:site_name\" content=\"Legal Aid\" \/>\n<meta property=\"article:modified_time\" content=\"2024-11-27T17:53:38+00:00\" \/>\n<meta name=\"twitter:card\" content=\"summary_large_image\" \/>\n<meta name=\"twitter:title\" content=\"Forside\" \/>\n<meta name=\"twitter:label1\" content=\"Ansl. lesetid\" \/>\n\t<meta name=\"twitter:data1\" content=\"2 minutter\" \/>\n<script type=\"application\/ld+json\" class=\"yoast-schema-graph\">{\"@context\":\"https:\\\/\\\/schema.org\",\"@graph\":[{\"@type\":\"WebPage\",\"@id\":\"https:\\\/\\\/kirkensbymisjon.no\\\/tilbud-legal-aid\\\/\",\"url\":\"https:\\\/\\\/kirkensbymisjon.no\\\/tilbud-legal-aid\\\/\",\"name\":\"Kirkens Bymisjon - Legal Aid\",\"isPartOf\":{\"@id\":\"https:\\\/\\\/kirkensbymisjon.no\\\/tilbud-legal-aid\\\/#website\"},\"datePublished\":\"2024-06-18T11:05:42+00:00\",\"dateModified\":\"2024-11-27T17:53:38+00:00\",\"description\":\"Gratis lavterskeltilbud som tilbyr juridisk veiledning, r\u00e5dgivning og representasjon.\",\"breadcrumb\":{\"@id\":\"https:\\\/\\\/kirkensbymisjon.no\\\/tilbud-legal-aid\\\/#breadcrumb\"},\"inLanguage\":\"nb-NO\",\"potentialAction\":[{\"@type\":\"ReadAction\",\"target\":[\"https:\\\/\\\/kirkensbymisjon.no\\\/tilbud-legal-aid\\\/\"]}]},{\"@type\":\"BreadcrumbList\",\"@id\":\"https:\\\/\\\/kirkensbymisjon.no\\\/tilbud-legal-aid\\\/#breadcrumb\",\"itemListElement\":[{\"@type\":\"ListItem\",\"position\":1,\"name\":\"Hjem\",\"item\":\"https:\\\/\\\/kirkensbymisjon.no\\\/tilbud-legal-aid\\\/\"},{\"@type\":\"ListItem\",\"position\":2,\"name\":\"Forside\"}]},{\"@type\":\"WebSite\",\"@id\":\"https:\\\/\\\/kirkensbymisjon.no\\\/tilbud-legal-aid\\\/#website\",\"url\":\"https:\\\/\\\/kirkensbymisjon.no\\\/tilbud-legal-aid\\\/\",\"name\":\"Legal Aid\",\"description\":\"\",\"potentialAction\":[{\"@type\":\"SearchAction\",\"target\":{\"@type\":\"EntryPoint\",\"urlTemplate\":\"https:\\\/\\\/kirkensbymisjon.no\\\/tilbud-legal-aid\\\/?s={search_term_string}\"},\"query-input\":{\"@type\":\"PropertyValueSpecification\",\"valueRequired\":true,\"valueName\":\"search_term_string\"}}],\"inLanguage\":\"nb-NO\"}]}<\/script>\n<!-- \/ Yoast SEO Premium plugin. -->","yoast_head_json":{"title":"Kirkens Bymisjon - Legal Aid","description":"Gratis lavterskeltilbud som tilbyr juridisk veiledning, r\u00e5dgivning og representasjon.","robots":{"index":"index","follow":"follow","max-snippet":"max-snippet:-1","max-image-preview":"max-image-preview:large","max-video-preview":"max-video-preview:-1"},"canonical":"https:\/\/kirkensbymisjon.no\/tilbud-legal-aid\/","og_locale":"nb_NO","og_type":"article","og_title":"Kirkens Bymisjon - Legal Aid","og_description":"Gratis lavterskeltilbud som tilbyr juridisk veiledning, r\u00e5dgivning og representasjon.","og_url":"https:\/\/kirkensbymisjon.no\/tilbud-legal-aid\/","og_site_name":"Legal Aid","article_modified_time":"2024-11-27T17:53:38+00:00","twitter_card":"summary_large_image","twitter_title":"Forside","twitter_misc":{"Ansl. lesetid":"2 minutter"},"schema":{"@context":"https:\/\/schema.org","@graph":[{"@type":"WebPage","@id":"https:\/\/kirkensbymisjon.no\/tilbud-legal-aid\/","url":"https:\/\/kirkensbymisjon.no\/tilbud-legal-aid\/","name":"Kirkens Bymisjon - Legal Aid","isPartOf":{"@id":"https:\/\/kirkensbymisjon.no\/tilbud-legal-aid\/#website"},"datePublished":"2024-06-18T11:05:42+00:00","dateModified":"2024-11-27T17:53:38+00:00","description":"Gratis lavterskeltilbud som tilbyr juridisk veiledning, r\u00e5dgivning og representasjon.","breadcrumb":{"@id":"https:\/\/kirkensbymisjon.no\/tilbud-legal-aid\/#breadcrumb"},"inLanguage":"nb-NO","potentialAction":[{"@type":"ReadAction","target":["https:\/\/kirkensbymisjon.no\/tilbud-legal-aid\/"]}]},{"@type":"BreadcrumbList","@id":"https:\/\/kirkensbymisjon.no\/tilbud-legal-aid\/#breadcrumb","itemListElement":[{"@type":"ListItem","position":1,"name":"Hjem","item":"https:\/\/kirkensbymisjon.no\/tilbud-legal-aid\/"},{"@type":"ListItem","position":2,"name":"Forside"}]},{"@type":"WebSite","@id":"https:\/\/kirkensbymisjon.no\/tilbud-legal-aid\/#website","url":"https:\/\/kirkensbymisjon.no\/tilbud-legal-aid\/","name":"Legal Aid","description":"","potentialAction":[{"@type":"SearchAction","target":{"@type":"EntryPoint","urlTemplate":"https:\/\/kirkensbymisjon.no\/tilbud-legal-aid\/?s={search_term_string}"},"query-input":{"@type":"PropertyValueSpecification","valueRequired":true,"valueName":"search_term_string"}}],"inLanguage":"nb-NO"}]}},"_links":{"self":[{"href":"https:\/\/kirkensbymisjon.no\/tilbud-legal-aid\/wp-json\/wp\/v2\/pages\/3","targetHints":{"allow":["GET"]}}],"collection":[{"href":"https:\/\/kirkensbymisjon.no\/tilbud-legal-aid\/wp-json\/wp\/v2\/pages"}],"about":[{"href":"https:\/\/kirkensbymisjon.no\/tilbud-legal-aid\/wp-json\/wp\/v2\/types\/page"}],"author":[{"embeddable":true,"href":"https:\/\/kirkensbymisjon.no\/tilbud-legal-aid\/wp-json\/wp\/v2\/users\/2"}],"replies":[{"embeddable":true,"href":"https:\/\/kirkensbymisjon.no\/tilbud-legal-aid\/wp-json\/wp\/v2\/comments?post=3"}],"version-history":[{"count":4,"href":"https:\/\/kirkensbymisjon.no\/tilbud-legal-aid\/wp-json\/wp\/v2\/pages\/3\/revisions"}],"predecessor-version":[{"id":49,"href":"https:\/\/kirkensbymisjon.no\/tilbud-legal-aid\/wp-json\/wp\/v2\/pages\/3\/revisions\/49"}],"wp:attachment":[{"href":"https:\/\/kirkensbymisjon.no\/tilbud-legal-aid\/wp-json\/wp\/v2\/media?parent=3"}],"curies":[{"name":"wp","href":"https:\/\/api.w.org\/{rel}","templated":true}]}}