{"id":3,"date":"2024-06-19T15:57:15","date_gmt":"2024-06-19T13:57:15","guid":{"rendered":"https:\/\/kirkensbymisjon.no\/tilbud-matstasjon\/forside\/"},"modified":"2024-11-12T11:15:10","modified_gmt":"2024-11-12T10:15:10","slug":"forside","status":"publish","type":"page","link":"https:\/\/kirkensbymisjon.no\/tilbud-matstasjon\/","title":{"rendered":"Forside"},"content":{"rendered":"\n<p>Matstasjon er et tilbud i Bod\u00f8 som kj\u00f8rer ut overskuddsmat til flere hundre mennesker i uken. Mandag til fredag henter vi inn overskuddsmat fra mange av byens butikker. Overskuddsmat er produkter som n\u00e6rmer seg eller akkurat har passert utl\u00f8psdato, og utgj\u00f8r ca.100 tonn mat i \u00e5ret.<\/p>\n\n\n\n<p>Vi leverer maten hjem til mennesker som av ulike grunner har behov for hjelp. Du kan kontakte oss hvis du har behov for \u00e5 komme p\u00e5 listen. Vi jobber med \u00e5 etablere samarbeid med flere butikker for \u00e5 kunne gi et enda bedre og variert tilbud. Vi p\u00e5 Matstasjon oppfordrer butikker og grossister til \u00e5 hjelpe oss med \u00e5 redusere matsvinnet. Ta kontakt med oss hvis du vil bidra!<\/p>\n\n\n\n<div class=\"wp-block-media-text alignwide is-stacked-on-mobile is-style-filled\"><figure class=\"wp-block-media-text__media\"><img decoding=\"async\" src=\"https:\/\/kirkensbymisjon.no\/content\/uploads\/2024\/09\/Standard_Bli-frivillig_01-1024x751.jpg\" alt=\"Frivillige i samtale med gjest i kafeen. Foto: Kirkens Bymisjon\" class=\"wp-image-3078 size-full\" \/><\/figure><div class=\"wp-block-media-text__content\">\n<h2 class=\"wp-block-heading\" id=\"h-bli-frivillig-nbsp\"><strong>Bli frivillig!<\/strong>&nbsp;<\/h2>\n\n\n\n<p>Vi trenger deg som \u00f8nsker \u00e5 gj\u00f8re en frivillig innsats til nytte og glede for andre og deg selv. Gjennom frivillig engasjement kan du bruke din erfaring og kompetanse \u2013 eller l\u00e6re noe nytt.&nbsp;<\/p>\n\n\n\n<p><a href=\"\/bli-frivillig\">Les mer om frivillighet<\/a><\/p>\n<\/div><\/div>\n\n\n\n<div class=\"wp-block-media-text alignwide is-stacked-on-mobile is-style-filled\"><figure class=\"wp-block-media-text__media\"><img decoding=\"async\" src=\"https:\/\/kirkensbymisjon.no\/content\/uploads\/2024\/09\/tilbud_miljo_04.jpg\" alt=\"Kvinne som levrer tekstiler i innsmalingsboks\" class=\"wp-image-3080 size-full\" \/><\/figure><div class=\"wp-block-media-text__content\">\n<h2 class=\"wp-block-heading\" id=\"h-baerekraft\">B\u00e6rekraft<\/h2>\n\n\n\n<p>Vi jobber aktivt for et mer b\u00e6rekraftig og rettferdig samfunn, med et spesielt fokus p\u00e5 tre av FNs b\u00e6rekraftsm\u00e5l: Utrydde fattigdom (1), redusere ulikhet (10), og samarbeid for \u00e5 n\u00e5 m\u00e5lene (17).<\/p>\n\n\n\n<p><a href=\"\/Barekraft\">Les mer om v\u00e5re tilbud<\/a><\/p>\n<\/div><\/div>\n","protected":false},"excerpt":{"rendered":"<p>Matstasjon er et tilbud i Bod\u00f8 som kj\u00f8rer ut overskuddsmat til flere hundre mennesker i&hellip;<\/p>\n","protected":false},"author":2,"featured_media":0,"parent":0,"menu_order":0,"comment_status":"closed","ping_status":"closed","template":"","meta":{"_relevanssi_hide_post":"","_relevanssi_hide_content":"","_relevanssi_pin_for_all":"","_relevanssi_pin_keywords":"","_relevanssi_unpin_keywords":"","_relevanssi_related_keywords":"","_relevanssi_related_include_ids":"","_relevanssi_related_exclude_ids":"","_relevanssi_related_no_append":"","_relevanssi_related_not_related":"","_relevanssi_related_posts":"1","_relevanssi_noindex_reason":"","editor_notices":[],"footnotes":""},"class_list":["post-3","page","type-page","status-publish","hentry"],"yoast_head":"<!-- This site is optimized with the Yoast SEO Premium plugin v27.2 (Yoast SEO v27.4) - https:\/\/yoast.com\/product\/yoast-seo-premium-wordpress\/ -->\n<title>Kirkens Bymisjon - Matstasjon<\/title>\n<meta name=\"description\" content=\"Matstasjon i Bod\u00f8\" \/>\n<meta name=\"robots\" content=\"index, follow, max-snippet:-1, max-image-preview:large, max-video-preview:-1\" \/>\n<link rel=\"canonical\" href=\"https:\/\/kirkensbymisjon.no\/tilbud-matstasjon\/\" \/>\n<meta property=\"og:locale\" content=\"nb_NO\" \/>\n<meta property=\"og:type\" content=\"article\" \/>\n<meta property=\"og:title\" content=\"Kirkens Bymisjon - Matstasjon\" \/>\n<meta property=\"og:description\" content=\"Matstasjon i Bod\u00f8\" \/>\n<meta property=\"og:url\" content=\"https:\/\/kirkensbymisjon.no\/tilbud-matstasjon\/\" \/>\n<meta property=\"og:site_name\" content=\"Matstasjon\" \/>\n<meta property=\"article:modified_time\" content=\"2024-11-12T10:15:10+00:00\" \/>\n<meta name=\"twitter:card\" content=\"summary_large_image\" \/>\n<meta name=\"twitter:title\" content=\"Forside\" \/>\n<meta name=\"twitter:label1\" content=\"Ansl. lesetid\" \/>\n\t<meta name=\"twitter:data1\" content=\"2 minutter\" \/>\n<script type=\"application\/ld+json\" class=\"yoast-schema-graph\">{\"@context\":\"https:\\\/\\\/schema.org\",\"@graph\":[{\"@type\":\"WebPage\",\"@id\":\"https:\\\/\\\/kirkensbymisjon.no\\\/tilbud-matstasjon\\\/\",\"url\":\"https:\\\/\\\/kirkensbymisjon.no\\\/tilbud-matstasjon\\\/\",\"name\":\"Kirkens Bymisjon - Matstasjon\",\"isPartOf\":{\"@id\":\"https:\\\/\\\/kirkensbymisjon.no\\\/tilbud-matstasjon\\\/#website\"},\"primaryImageOfPage\":{\"@id\":\"https:\\\/\\\/kirkensbymisjon.no\\\/tilbud-matstasjon\\\/#primaryimage\"},\"image\":{\"@id\":\"https:\\\/\\\/kirkensbymisjon.no\\\/tilbud-matstasjon\\\/#primaryimage\"},\"thumbnailUrl\":\"https:\\\/\\\/kirkensbymisjon.no\\\/content\\\/uploads\\\/2024\\\/09\\\/Standard_Bli-frivillig_01-1024x751.jpg\",\"datePublished\":\"2024-06-19T13:57:15+00:00\",\"dateModified\":\"2024-11-12T10:15:10+00:00\",\"description\":\"Matstasjon i Bod\u00f8\",\"breadcrumb\":{\"@id\":\"https:\\\/\\\/kirkensbymisjon.no\\\/tilbud-matstasjon\\\/#breadcrumb\"},\"inLanguage\":\"nb-NO\",\"potentialAction\":[{\"@type\":\"ReadAction\",\"target\":[\"https:\\\/\\\/kirkensbymisjon.no\\\/tilbud-matstasjon\\\/\"]}]},{\"@type\":\"ImageObject\",\"inLanguage\":\"nb-NO\",\"@id\":\"https:\\\/\\\/kirkensbymisjon.no\\\/tilbud-matstasjon\\\/#primaryimage\",\"url\":\"https:\\\/\\\/kirkensbymisjon.no\\\/content\\\/uploads\\\/2024\\\/09\\\/Standard_Bli-frivillig_01-1024x751.jpg\",\"contentUrl\":\"https:\\\/\\\/kirkensbymisjon.no\\\/content\\\/uploads\\\/2024\\\/09\\\/Standard_Bli-frivillig_01-1024x751.jpg\"},{\"@type\":\"BreadcrumbList\",\"@id\":\"https:\\\/\\\/kirkensbymisjon.no\\\/tilbud-matstasjon\\\/#breadcrumb\",\"itemListElement\":[{\"@type\":\"ListItem\",\"position\":1,\"name\":\"Hjem\",\"item\":\"https:\\\/\\\/kirkensbymisjon.no\\\/tilbud-matstasjon\\\/\"},{\"@type\":\"ListItem\",\"position\":2,\"name\":\"Forside\"}]},{\"@type\":\"WebSite\",\"@id\":\"https:\\\/\\\/kirkensbymisjon.no\\\/tilbud-matstasjon\\\/#website\",\"url\":\"https:\\\/\\\/kirkensbymisjon.no\\\/tilbud-matstasjon\\\/\",\"name\":\"Matstasjon\",\"description\":\"\",\"potentialAction\":[{\"@type\":\"SearchAction\",\"target\":{\"@type\":\"EntryPoint\",\"urlTemplate\":\"https:\\\/\\\/kirkensbymisjon.no\\\/tilbud-matstasjon\\\/?s={search_term_string}\"},\"query-input\":{\"@type\":\"PropertyValueSpecification\",\"valueRequired\":true,\"valueName\":\"search_term_string\"}}],\"inLanguage\":\"nb-NO\"}]}<\/script>\n<!-- \/ Yoast SEO Premium plugin. -->","yoast_head_json":{"title":"Kirkens Bymisjon - Matstasjon","description":"Matstasjon i Bod\u00f8","robots":{"index":"index","follow":"follow","max-snippet":"max-snippet:-1","max-image-preview":"max-image-preview:large","max-video-preview":"max-video-preview:-1"},"canonical":"https:\/\/kirkensbymisjon.no\/tilbud-matstasjon\/","og_locale":"nb_NO","og_type":"article","og_title":"Kirkens Bymisjon - Matstasjon","og_description":"Matstasjon i Bod\u00f8","og_url":"https:\/\/kirkensbymisjon.no\/tilbud-matstasjon\/","og_site_name":"Matstasjon","article_modified_time":"2024-11-12T10:15:10+00:00","twitter_card":"summary_large_image","twitter_title":"Forside","twitter_misc":{"Ansl. lesetid":"2 minutter"},"schema":{"@context":"https:\/\/schema.org","@graph":[{"@type":"WebPage","@id":"https:\/\/kirkensbymisjon.no\/tilbud-matstasjon\/","url":"https:\/\/kirkensbymisjon.no\/tilbud-matstasjon\/","name":"Kirkens Bymisjon - Matstasjon","isPartOf":{"@id":"https:\/\/kirkensbymisjon.no\/tilbud-matstasjon\/#website"},"primaryImageOfPage":{"@id":"https:\/\/kirkensbymisjon.no\/tilbud-matstasjon\/#primaryimage"},"image":{"@id":"https:\/\/kirkensbymisjon.no\/tilbud-matstasjon\/#primaryimage"},"thumbnailUrl":"https:\/\/kirkensbymisjon.no\/content\/uploads\/2024\/09\/Standard_Bli-frivillig_01-1024x751.jpg","datePublished":"2024-06-19T13:57:15+00:00","dateModified":"2024-11-12T10:15:10+00:00","description":"Matstasjon i Bod\u00f8","breadcrumb":{"@id":"https:\/\/kirkensbymisjon.no\/tilbud-matstasjon\/#breadcrumb"},"inLanguage":"nb-NO","potentialAction":[{"@type":"ReadAction","target":["https:\/\/kirkensbymisjon.no\/tilbud-matstasjon\/"]}]},{"@type":"ImageObject","inLanguage":"nb-NO","@id":"https:\/\/kirkensbymisjon.no\/tilbud-matstasjon\/#primaryimage","url":"https:\/\/kirkensbymisjon.no\/content\/uploads\/2024\/09\/Standard_Bli-frivillig_01-1024x751.jpg","contentUrl":"https:\/\/kirkensbymisjon.no\/content\/uploads\/2024\/09\/Standard_Bli-frivillig_01-1024x751.jpg"},{"@type":"BreadcrumbList","@id":"https:\/\/kirkensbymisjon.no\/tilbud-matstasjon\/#breadcrumb","itemListElement":[{"@type":"ListItem","position":1,"name":"Hjem","item":"https:\/\/kirkensbymisjon.no\/tilbud-matstasjon\/"},{"@type":"ListItem","position":2,"name":"Forside"}]},{"@type":"WebSite","@id":"https:\/\/kirkensbymisjon.no\/tilbud-matstasjon\/#website","url":"https:\/\/kirkensbymisjon.no\/tilbud-matstasjon\/","name":"Matstasjon","description":"","potentialAction":[{"@type":"SearchAction","target":{"@type":"EntryPoint","urlTemplate":"https:\/\/kirkensbymisjon.no\/tilbud-matstasjon\/?s={search_term_string}"},"query-input":{"@type":"PropertyValueSpecification","valueRequired":true,"valueName":"search_term_string"}}],"inLanguage":"nb-NO"}]}},"_links":{"self":[{"href":"https:\/\/kirkensbymisjon.no\/tilbud-matstasjon\/wp-json\/wp\/v2\/pages\/3","targetHints":{"allow":["GET"]}}],"collection":[{"href":"https:\/\/kirkensbymisjon.no\/tilbud-matstasjon\/wp-json\/wp\/v2\/pages"}],"about":[{"href":"https:\/\/kirkensbymisjon.no\/tilbud-matstasjon\/wp-json\/wp\/v2\/types\/page"}],"author":[{"embeddable":true,"href":"https:\/\/kirkensbymisjon.no\/tilbud-matstasjon\/wp-json\/wp\/v2\/users\/2"}],"replies":[{"embeddable":true,"href":"https:\/\/kirkensbymisjon.no\/tilbud-matstasjon\/wp-json\/wp\/v2\/comments?post=3"}],"version-history":[{"count":5,"href":"https:\/\/kirkensbymisjon.no\/tilbud-matstasjon\/wp-json\/wp\/v2\/pages\/3\/revisions"}],"predecessor-version":[{"id":32,"href":"https:\/\/kirkensbymisjon.no\/tilbud-matstasjon\/wp-json\/wp\/v2\/pages\/3\/revisions\/32"}],"wp:attachment":[{"href":"https:\/\/kirkensbymisjon.no\/tilbud-matstasjon\/wp-json\/wp\/v2\/media?parent=3"}],"curies":[{"name":"wp","href":"https:\/\/api.w.org\/{rel}","templated":true}]}}