{"id":3,"date":"2024-06-19T15:59:11","date_gmt":"2024-06-19T13:59:11","guid":{"rendered":"https:\/\/kirkensbymisjon.no\/tilbud-moteplass-for-ungdom\/forside\/"},"modified":"2024-09-06T20:07:17","modified_gmt":"2024-09-06T18:07:17","slug":"forside","status":"publish","type":"page","link":"https:\/\/kirkensbymisjon.no\/tilbud-moteplass-for-ungdom\/","title":{"rendered":"Forside"},"content":{"rendered":"\n<p>M\u00f8teplass for ungdom er et uformelt samlingspunkt for ungdommer i alderen 12-19 \u00e5r. Tilbudet ble startet i 2020, og er i dag popul\u00e6rt fordi omgivelsene er hyggelige, maten er god og ungdommene kan senke skuldrene, slappe av og bare henge. Sammen med ungdommene \u00f8nsker vi \u00e5 skape en attraktiv og trygg m\u00f8teplass som bidrar til entusiasme og selvutvikling.<\/p>\n\n\n\n<p>Vi serverer gratis mat og drikke til alle ungdommene som kommer.<\/p>\n\n\n\n<h2 class=\"wp-block-heading\" id=\"h-vare-aktiviteter\"><strong>V\u00e5re aktiviteter<\/strong>:<\/h2>\n\n\n\n<ul class=\"wp-block-list\">\n<li>Brettspill.<\/li>\n\n\n\n<li>Biljard.<\/li>\n\n\n\n<li>Tegning.<\/li>\n\n\n\n<li>Hekling.<\/li>\n\n\n\n<li>Perling.<\/li>\n\n\n\n<li>Teaterforestillinger.<\/li>\n\n\n\n<li>Filmvisning.<\/li>\n\n\n\n<li>Workshop (\u00e9n torsdag i m\u00e5neden).<\/li>\n<\/ul>\n\n\n\n<div class=\"wp-block-media-text alignwide is-stacked-on-mobile is-style-filled\"><figure class=\"wp-block-media-text__media\"><img decoding=\"async\" src=\"https:\/\/kirkensbymisjon.no\/content\/uploads\/sites\/6\/2024\/06\/Standard_Skattkammeret_01-1024x780.jpg\" alt=\"\" class=\"wp-image-45 size-full\"\/><\/figure><div class=\"wp-block-media-text__content\">\n<h2 class=\"wp-block-heading\" id=\"h-skattkammeret\">Skattkammeret<\/h2>\n\n\n\n<p>Her kan barn og unge l\u00e5ne sport- og fritidsutstyr gratis. Flere steder i landet arrangerer vi ogs\u00e5 kostnadsfrie aktiviteter.<\/p>\n\n\n\n<p><a href=\"\/tilbud-skattkammeret\">Les mer om v\u00e5re tilbud<\/a><\/p>\n<\/div><\/div>\n\n\n\n<h2 class=\"wp-block-heading\" id=\"h-arbeidstrening-for-ungdom\"><strong>Arbeidstrening for ungdom<\/strong><\/h2>\n\n\n\n<p>I tillegg til v\u00e5re to faste ansatte har vi to ungdommer som f\u00e5r arbeidstrening gjennom M\u00f8teplass for ungdom. De jobber 1 og 2 timer hver i uken, og bidrar med laging\/servering av drikke (kaffe, iskaffe, kakao, varm saft og smoothie) samt \u00e5 holde kj\u00f8kkenet rent og ryddig.<\/p>\n","protected":false},"excerpt":{"rendered":"<p>M\u00f8teplass for ungdom er et uformelt samlingspunkt for ungdommer i alderen 12-19 \u00e5r. Tilbudet ble&hellip;<\/p>\n","protected":false},"author":2,"featured_media":5,"parent":0,"menu_order":0,"comment_status":"closed","ping_status":"closed","template":"","meta":{"_relevanssi_hide_post":"","_relevanssi_hide_content":"","_relevanssi_pin_for_all":"","_relevanssi_pin_keywords":"","_relevanssi_unpin_keywords":"","_relevanssi_related_keywords":"","_relevanssi_related_include_ids":"","_relevanssi_related_exclude_ids":"","_relevanssi_related_no_append":"","_relevanssi_related_not_related":"","_relevanssi_related_posts":"1","_relevanssi_noindex_reason":"","editor_notices":[],"footnotes":""},"class_list":["post-3","page","type-page","status-publish","has-post-thumbnail","hentry"],"yoast_head":"<!-- This site is optimized with the Yoast SEO Premium plugin v27.2 (Yoast SEO v27.2) - https:\/\/yoast.com\/product\/yoast-seo-premium-wordpress\/ -->\n<title>Kirkens Bymisjon - M\u00f8teplass for ungdom<\/title>\n<meta name=\"description\" content=\"En trygg m\u00f8teplass i Moss for ungdom mellom 12\u201319 \u00e5r. Her kan du v\u00e6re sosial og finne et fellesskap.\" \/>\n<meta name=\"robots\" content=\"index, follow, max-snippet:-1, max-image-preview:large, max-video-preview:-1\" \/>\n<link rel=\"canonical\" href=\"https:\/\/kirkensbymisjon.no\/tilbud-moteplass-for-ungdom\/\" \/>\n<meta property=\"og:locale\" content=\"nb_NO\" \/>\n<meta property=\"og:type\" content=\"article\" \/>\n<meta property=\"og:title\" content=\"Kirkens Bymisjon - M\u00f8teplass for ungdom\" \/>\n<meta property=\"og:description\" content=\"En trygg m\u00f8teplass i Moss for ungdom mellom 12-19 \u00e5r. Her kan du v\u00e6re sosial og finne et fellesskap.\" \/>\n<meta property=\"og:url\" content=\"https:\/\/kirkensbymisjon.no\/tilbud-moteplass-for-ungdom\/\" \/>\n<meta property=\"og:site_name\" content=\"M\u00f8teplass for ungdom\" \/>\n<meta property=\"article:modified_time\" content=\"2024-09-06T18:07:17+00:00\" \/>\n<meta property=\"og:image\" content=\"https:\/\/kirkensbymisjon.no\/content\/uploads\/sites\/60\/2024\/06\/Tilbud_Moteplass-undgom_01.jpg\" \/>\n\t<meta property=\"og:image:width\" content=\"1998\" \/>\n\t<meta property=\"og:image:height\" content=\"941\" \/>\n\t<meta property=\"og:image:type\" content=\"image\/jpeg\" \/>\n<meta name=\"twitter:card\" content=\"summary_large_image\" \/>\n<meta name=\"twitter:title\" content=\"Forside\" \/>\n<meta name=\"twitter:label1\" content=\"Ansl. lesetid\" \/>\n\t<meta name=\"twitter:data1\" content=\"2 minutter\" \/>\n<script type=\"application\/ld+json\" class=\"yoast-schema-graph\">{\"@context\":\"https:\/\/schema.org\",\"@graph\":[{\"@type\":\"WebPage\",\"@id\":\"https:\/\/kirkensbymisjon.no\/tilbud-moteplass-for-ungdom\/\",\"url\":\"https:\/\/kirkensbymisjon.no\/tilbud-moteplass-for-ungdom\/\",\"name\":\"Kirkens Bymisjon - M\u00f8teplass for ungdom\",\"isPartOf\":{\"@id\":\"https:\/\/kirkensbymisjon.no\/tilbud-moteplass-for-ungdom\/#website\"},\"primaryImageOfPage\":{\"@id\":\"https:\/\/kirkensbymisjon.no\/tilbud-moteplass-for-ungdom\/#primaryimage\"},\"image\":{\"@id\":\"https:\/\/kirkensbymisjon.no\/tilbud-moteplass-for-ungdom\/#primaryimage\"},\"thumbnailUrl\":\"https:\/\/kirkensbymisjon.no\/content\/uploads\/sites\/60\/2024\/06\/Tilbud_Moteplass-undgom_01.jpg\",\"datePublished\":\"2024-06-19T13:59:11+00:00\",\"dateModified\":\"2024-09-06T18:07:17+00:00\",\"description\":\"En trygg m\u00f8teplass i Moss for ungdom mellom 12\u201319 \u00e5r. Her kan du v\u00e6re sosial og finne et fellesskap.\",\"breadcrumb\":{\"@id\":\"https:\/\/kirkensbymisjon.no\/tilbud-moteplass-for-ungdom\/#breadcrumb\"},\"inLanguage\":\"nb-NO\",\"potentialAction\":[{\"@type\":\"ReadAction\",\"target\":[\"https:\/\/kirkensbymisjon.no\/tilbud-moteplass-for-ungdom\/\"]}]},{\"@type\":\"ImageObject\",\"inLanguage\":\"nb-NO\",\"@id\":\"https:\/\/kirkensbymisjon.no\/tilbud-moteplass-for-ungdom\/#primaryimage\",\"url\":\"https:\/\/kirkensbymisjon.no\/content\/uploads\/sites\/60\/2024\/06\/Tilbud_Moteplass-undgom_01.jpg\",\"contentUrl\":\"https:\/\/kirkensbymisjon.no\/content\/uploads\/sites\/60\/2024\/06\/Tilbud_Moteplass-undgom_01.jpg\",\"width\":1998,\"height\":941,\"caption\":\"Ungdom som spiller sjakk\"},{\"@type\":\"BreadcrumbList\",\"@id\":\"https:\/\/kirkensbymisjon.no\/tilbud-moteplass-for-ungdom\/#breadcrumb\",\"itemListElement\":[{\"@type\":\"ListItem\",\"position\":1,\"name\":\"Hjem\",\"item\":\"https:\/\/kirkensbymisjon.no\/tilbud-moteplass-for-ungdom\/\"},{\"@type\":\"ListItem\",\"position\":2,\"name\":\"Forside\"}]},{\"@type\":\"WebSite\",\"@id\":\"https:\/\/kirkensbymisjon.no\/tilbud-moteplass-for-ungdom\/#website\",\"url\":\"https:\/\/kirkensbymisjon.no\/tilbud-moteplass-for-ungdom\/\",\"name\":\"M\u00f8teplass for ungdom\",\"description\":\"\",\"potentialAction\":[{\"@type\":\"SearchAction\",\"target\":{\"@type\":\"EntryPoint\",\"urlTemplate\":\"https:\/\/kirkensbymisjon.no\/tilbud-moteplass-for-ungdom\/?s={search_term_string}\"},\"query-input\":{\"@type\":\"PropertyValueSpecification\",\"valueRequired\":true,\"valueName\":\"search_term_string\"}}],\"inLanguage\":\"nb-NO\"}]}<\/script>\n<!-- \/ Yoast SEO Premium plugin. -->","yoast_head_json":{"title":"Kirkens Bymisjon - M\u00f8teplass for ungdom","description":"En trygg m\u00f8teplass i Moss for ungdom mellom 12\u201319 \u00e5r. Her kan du v\u00e6re sosial og finne et fellesskap.","robots":{"index":"index","follow":"follow","max-snippet":"max-snippet:-1","max-image-preview":"max-image-preview:large","max-video-preview":"max-video-preview:-1"},"canonical":"https:\/\/kirkensbymisjon.no\/tilbud-moteplass-for-ungdom\/","og_locale":"nb_NO","og_type":"article","og_title":"Kirkens Bymisjon - M\u00f8teplass for ungdom","og_description":"En trygg m\u00f8teplass i Moss for ungdom mellom 12-19 \u00e5r. Her kan du v\u00e6re sosial og finne et fellesskap.","og_url":"https:\/\/kirkensbymisjon.no\/tilbud-moteplass-for-ungdom\/","og_site_name":"M\u00f8teplass for ungdom","article_modified_time":"2024-09-06T18:07:17+00:00","og_image":[{"width":1998,"height":941,"url":"https:\/\/kirkensbymisjon.no\/content\/uploads\/sites\/60\/2024\/06\/Tilbud_Moteplass-undgom_01.jpg","type":"image\/jpeg"}],"twitter_card":"summary_large_image","twitter_title":"Forside","twitter_misc":{"Ansl. lesetid":"2 minutter"},"schema":{"@context":"https:\/\/schema.org","@graph":[{"@type":"WebPage","@id":"https:\/\/kirkensbymisjon.no\/tilbud-moteplass-for-ungdom\/","url":"https:\/\/kirkensbymisjon.no\/tilbud-moteplass-for-ungdom\/","name":"Kirkens Bymisjon - M\u00f8teplass for ungdom","isPartOf":{"@id":"https:\/\/kirkensbymisjon.no\/tilbud-moteplass-for-ungdom\/#website"},"primaryImageOfPage":{"@id":"https:\/\/kirkensbymisjon.no\/tilbud-moteplass-for-ungdom\/#primaryimage"},"image":{"@id":"https:\/\/kirkensbymisjon.no\/tilbud-moteplass-for-ungdom\/#primaryimage"},"thumbnailUrl":"https:\/\/kirkensbymisjon.no\/content\/uploads\/sites\/60\/2024\/06\/Tilbud_Moteplass-undgom_01.jpg","datePublished":"2024-06-19T13:59:11+00:00","dateModified":"2024-09-06T18:07:17+00:00","description":"En trygg m\u00f8teplass i Moss for ungdom mellom 12\u201319 \u00e5r. Her kan du v\u00e6re sosial og finne et fellesskap.","breadcrumb":{"@id":"https:\/\/kirkensbymisjon.no\/tilbud-moteplass-for-ungdom\/#breadcrumb"},"inLanguage":"nb-NO","potentialAction":[{"@type":"ReadAction","target":["https:\/\/kirkensbymisjon.no\/tilbud-moteplass-for-ungdom\/"]}]},{"@type":"ImageObject","inLanguage":"nb-NO","@id":"https:\/\/kirkensbymisjon.no\/tilbud-moteplass-for-ungdom\/#primaryimage","url":"https:\/\/kirkensbymisjon.no\/content\/uploads\/sites\/60\/2024\/06\/Tilbud_Moteplass-undgom_01.jpg","contentUrl":"https:\/\/kirkensbymisjon.no\/content\/uploads\/sites\/60\/2024\/06\/Tilbud_Moteplass-undgom_01.jpg","width":1998,"height":941,"caption":"Ungdom som spiller sjakk"},{"@type":"BreadcrumbList","@id":"https:\/\/kirkensbymisjon.no\/tilbud-moteplass-for-ungdom\/#breadcrumb","itemListElement":[{"@type":"ListItem","position":1,"name":"Hjem","item":"https:\/\/kirkensbymisjon.no\/tilbud-moteplass-for-ungdom\/"},{"@type":"ListItem","position":2,"name":"Forside"}]},{"@type":"WebSite","@id":"https:\/\/kirkensbymisjon.no\/tilbud-moteplass-for-ungdom\/#website","url":"https:\/\/kirkensbymisjon.no\/tilbud-moteplass-for-ungdom\/","name":"M\u00f8teplass for ungdom","description":"","potentialAction":[{"@type":"SearchAction","target":{"@type":"EntryPoint","urlTemplate":"https:\/\/kirkensbymisjon.no\/tilbud-moteplass-for-ungdom\/?s={search_term_string}"},"query-input":{"@type":"PropertyValueSpecification","valueRequired":true,"valueName":"search_term_string"}}],"inLanguage":"nb-NO"}]}},"_links":{"self":[{"href":"https:\/\/kirkensbymisjon.no\/tilbud-moteplass-for-ungdom\/wp-json\/wp\/v2\/pages\/3","targetHints":{"allow":["GET"]}}],"collection":[{"href":"https:\/\/kirkensbymisjon.no\/tilbud-moteplass-for-ungdom\/wp-json\/wp\/v2\/pages"}],"about":[{"href":"https:\/\/kirkensbymisjon.no\/tilbud-moteplass-for-ungdom\/wp-json\/wp\/v2\/types\/page"}],"author":[{"embeddable":true,"href":"https:\/\/kirkensbymisjon.no\/tilbud-moteplass-for-ungdom\/wp-json\/wp\/v2\/users\/2"}],"replies":[{"embeddable":true,"href":"https:\/\/kirkensbymisjon.no\/tilbud-moteplass-for-ungdom\/wp-json\/wp\/v2\/comments?post=3"}],"version-history":[{"count":5,"href":"https:\/\/kirkensbymisjon.no\/tilbud-moteplass-for-ungdom\/wp-json\/wp\/v2\/pages\/3\/revisions"}],"predecessor-version":[{"id":27,"href":"https:\/\/kirkensbymisjon.no\/tilbud-moteplass-for-ungdom\/wp-json\/wp\/v2\/pages\/3\/revisions\/27"}],"wp:featuredmedia":[{"embeddable":true,"href":"https:\/\/kirkensbymisjon.no\/tilbud-moteplass-for-ungdom\/wp-json\/wp\/v2\/media\/5"}],"wp:attachment":[{"href":"https:\/\/kirkensbymisjon.no\/tilbud-moteplass-for-ungdom\/wp-json\/wp\/v2\/media?parent=3"}],"curies":[{"name":"wp","href":"https:\/\/api.w.org\/{rel}","templated":true}]}}