{"id":20,"date":"2024-08-14T13:02:38","date_gmt":"2024-08-14T11:02:38","guid":{"rendered":"https:\/\/kirkensbymisjon.no\/tilbud-motestedet\/?page_id=20"},"modified":"2024-09-05T20:06:14","modified_gmt":"2024-09-05T18:06:14","slug":"om-motestedene","status":"publish","type":"page","link":"https:\/\/kirkensbymisjon.no\/tilbud-motestedet\/om-motestedene\/","title":{"rendered":"Om m\u00f8testedene"},"content":{"rendered":"\n<h2 class=\"wp-block-heading\" id=\"h-hvem-er-vi\">Hvem er vi?<\/h2>\n\n\n\n<ul class=\"wp-block-list\">\n<li>M\u00f8testedet drives av et tverrfaglig team som kan tilby samtale og formidle kontakt med hjelpe- og behandlingsapparatet.<\/li>\n\n\n\n<li>Kj\u00f8kkenet drives i hovedsak av frivillige som lager, anretter og serverer den varme maten. M\u00f8testedet har over 40 frivillige medarbeidere.<\/li>\n\n\n\n<li>Noen av m\u00f8testedene har tidvis personale som kan kommunisere p\u00e5 ulike spr\u00e5k, f.eks. polsk og rumensk.<\/li>\n<\/ul>\n\n\n\n<figure class=\"wp-block-image size-full\"><img loading=\"lazy\" decoding=\"async\" width=\"1559\" height=\"1060\" src=\"https:\/\/kirkensbymisjon.no\/content\/uploads\/sites\/61\/2024\/08\/Tilbud_Motestedet_03.jpg\" alt=\"Frivillige\" class=\"wp-image-25\" srcset=\"https:\/\/kirkensbymisjon.no\/content\/uploads\/sites\/61\/2024\/08\/Tilbud_Motestedet_03.jpg 1559w, https:\/\/kirkensbymisjon.no\/content\/uploads\/sites\/61\/2024\/08\/Tilbud_Motestedet_03-300x204.jpg 300w, https:\/\/kirkensbymisjon.no\/content\/uploads\/sites\/61\/2024\/08\/Tilbud_Motestedet_03-1024x696.jpg 1024w, https:\/\/kirkensbymisjon.no\/content\/uploads\/sites\/61\/2024\/08\/Tilbud_Motestedet_03-768x522.jpg 768w, https:\/\/kirkensbymisjon.no\/content\/uploads\/sites\/61\/2024\/08\/Tilbud_Motestedet_03-1536x1044.jpg 1536w\" sizes=\"auto, (max-width: 1559px) 100vw, 1559px\" \/><\/figure>\n\n\n\n<h2 class=\"wp-block-heading\" id=\"h-hvem-er-vare-gjester\">Hvem er v\u00e5re gjester?<\/h2>\n\n\n\n<ul class=\"wp-block-list\">\n<li>M\u00f8testedet er et gaten\u00e6rt, skadereduserende og lindrende tiltak. V\u00e5rt m\u00e5l er \u00e5 skape en bedre hverdag for mennesker som lever vanskelige liv. Hos oss skal rusavhengige og vanskeligstilte mennesker oppleve seg m\u00f8tt, sett og h\u00f8rt.<\/li>\n\n\n\n<li>Kaf\u00e9-gjestene kan v\u00e6re rusavhengige, LAR-pasienter, mennesker med d\u00e5rlig psykisk helse, mennesker uten fast bopel og mennesker som tjener penger p\u00e5 ulike gateaktiviteter som tigging og flaske-innsamling, eller sm\u00e5jobber. M\u00f8testedet har bes\u00f8kende fra mange ulike land.<\/li>\n<\/ul>\n","protected":false},"excerpt":{"rendered":"<p>Hvem er vi? Hvem er v\u00e5re gjester?<\/p>\n","protected":false},"author":5,"featured_media":0,"parent":0,"menu_order":0,"comment_status":"closed","ping_status":"closed","template":"","meta":{"_relevanssi_hide_post":"","_relevanssi_hide_content":"","_relevanssi_pin_for_all":"","_relevanssi_pin_keywords":"","_relevanssi_unpin_keywords":"","_relevanssi_related_keywords":"","_relevanssi_related_include_ids":"","_relevanssi_related_exclude_ids":"","_relevanssi_related_no_append":"","_relevanssi_related_not_related":"","_relevanssi_related_posts":"1","_relevanssi_noindex_reason":"","editor_notices":[],"footnotes":""},"class_list":["post-20","page","type-page","status-publish","hentry"],"yoast_head":"<!-- This site is optimized with the Yoast SEO Premium plugin v27.2 (Yoast SEO v27.2) - https:\/\/yoast.com\/product\/yoast-seo-premium-wordpress\/ -->\n<title>Om m\u00f8testedene - M\u00f8testedet<\/title>\n<meta name=\"robots\" content=\"index, follow, max-snippet:-1, max-image-preview:large, max-video-preview:-1\" \/>\n<link rel=\"canonical\" href=\"https:\/\/kirkensbymisjon.no\/tilbud-motestedet\/om-motestedene\/\" \/>\n<meta property=\"og:locale\" content=\"nb_NO\" \/>\n<meta property=\"og:type\" content=\"article\" \/>\n<meta property=\"og:title\" content=\"Om m\u00f8testedene\" \/>\n<meta property=\"og:description\" content=\"Hvem er vi? Hvem er v\u00e5re gjester?\" \/>\n<meta property=\"og:url\" content=\"https:\/\/kirkensbymisjon.no\/tilbud-motestedet\/om-motestedene\/\" \/>\n<meta property=\"og:site_name\" content=\"M\u00f8testedet\" \/>\n<meta property=\"article:modified_time\" content=\"2024-09-05T18:06:14+00:00\" \/>\n<meta property=\"og:image\" content=\"https:\/\/kirkensbymisjon.no\/content\/uploads\/sites\/61\/2024\/08\/Tilbud_Motestedet_03.jpg\" \/>\n<meta name=\"twitter:card\" content=\"summary_large_image\" \/>\n<meta name=\"twitter:label1\" content=\"Ansl. lesetid\" \/>\n\t<meta name=\"twitter:data1\" content=\"1 minutt\" \/>\n<script type=\"application\/ld+json\" class=\"yoast-schema-graph\">{\"@context\":\"https:\/\/schema.org\",\"@graph\":[{\"@type\":\"WebPage\",\"@id\":\"https:\/\/kirkensbymisjon.no\/tilbud-motestedet\/om-motestedene\/\",\"url\":\"https:\/\/kirkensbymisjon.no\/tilbud-motestedet\/om-motestedene\/\",\"name\":\"Om m\u00f8testedene - M\u00f8testedet\",\"isPartOf\":{\"@id\":\"https:\/\/kirkensbymisjon.no\/tilbud-motestedet\/#website\"},\"primaryImageOfPage\":{\"@id\":\"https:\/\/kirkensbymisjon.no\/tilbud-motestedet\/om-motestedene\/#primaryimage\"},\"image\":{\"@id\":\"https:\/\/kirkensbymisjon.no\/tilbud-motestedet\/om-motestedene\/#primaryimage\"},\"thumbnailUrl\":\"https:\/\/kirkensbymisjon.no\/content\/uploads\/sites\/61\/2024\/08\/Tilbud_Motestedet_03.jpg\",\"datePublished\":\"2024-08-14T11:02:38+00:00\",\"dateModified\":\"2024-09-05T18:06:14+00:00\",\"breadcrumb\":{\"@id\":\"https:\/\/kirkensbymisjon.no\/tilbud-motestedet\/om-motestedene\/#breadcrumb\"},\"inLanguage\":\"nb-NO\",\"potentialAction\":[{\"@type\":\"ReadAction\",\"target\":[\"https:\/\/kirkensbymisjon.no\/tilbud-motestedet\/om-motestedene\/\"]}]},{\"@type\":\"ImageObject\",\"inLanguage\":\"nb-NO\",\"@id\":\"https:\/\/kirkensbymisjon.no\/tilbud-motestedet\/om-motestedene\/#primaryimage\",\"url\":\"https:\/\/kirkensbymisjon.no\/content\/uploads\/sites\/61\/2024\/08\/Tilbud_Motestedet_03.jpg\",\"contentUrl\":\"https:\/\/kirkensbymisjon.no\/content\/uploads\/sites\/61\/2024\/08\/Tilbud_Motestedet_03.jpg\"},{\"@type\":\"BreadcrumbList\",\"@id\":\"https:\/\/kirkensbymisjon.no\/tilbud-motestedet\/om-motestedene\/#breadcrumb\",\"itemListElement\":[{\"@type\":\"ListItem\",\"position\":1,\"name\":\"Hjem\",\"item\":\"https:\/\/kirkensbymisjon.no\/tilbud-motestedet\/\"},{\"@type\":\"ListItem\",\"position\":2,\"name\":\"Om m\u00f8testedene\"}]},{\"@type\":\"WebSite\",\"@id\":\"https:\/\/kirkensbymisjon.no\/tilbud-motestedet\/#website\",\"url\":\"https:\/\/kirkensbymisjon.no\/tilbud-motestedet\/\",\"name\":\"M\u00f8testedet\",\"description\":\"\",\"potentialAction\":[{\"@type\":\"SearchAction\",\"target\":{\"@type\":\"EntryPoint\",\"urlTemplate\":\"https:\/\/kirkensbymisjon.no\/tilbud-motestedet\/?s={search_term_string}\"},\"query-input\":{\"@type\":\"PropertyValueSpecification\",\"valueRequired\":true,\"valueName\":\"search_term_string\"}}],\"inLanguage\":\"nb-NO\"}]}<\/script>\n<!-- \/ Yoast SEO Premium plugin. -->","yoast_head_json":{"title":"Om m\u00f8testedene - M\u00f8testedet","robots":{"index":"index","follow":"follow","max-snippet":"max-snippet:-1","max-image-preview":"max-image-preview:large","max-video-preview":"max-video-preview:-1"},"canonical":"https:\/\/kirkensbymisjon.no\/tilbud-motestedet\/om-motestedene\/","og_locale":"nb_NO","og_type":"article","og_title":"Om m\u00f8testedene","og_description":"Hvem er vi? Hvem er v\u00e5re gjester?","og_url":"https:\/\/kirkensbymisjon.no\/tilbud-motestedet\/om-motestedene\/","og_site_name":"M\u00f8testedet","article_modified_time":"2024-09-05T18:06:14+00:00","og_image":[{"url":"https:\/\/kirkensbymisjon.no\/content\/uploads\/sites\/61\/2024\/08\/Tilbud_Motestedet_03.jpg","type":"","width":"","height":""}],"twitter_card":"summary_large_image","twitter_misc":{"Ansl. lesetid":"1 minutt"},"schema":{"@context":"https:\/\/schema.org","@graph":[{"@type":"WebPage","@id":"https:\/\/kirkensbymisjon.no\/tilbud-motestedet\/om-motestedene\/","url":"https:\/\/kirkensbymisjon.no\/tilbud-motestedet\/om-motestedene\/","name":"Om m\u00f8testedene - M\u00f8testedet","isPartOf":{"@id":"https:\/\/kirkensbymisjon.no\/tilbud-motestedet\/#website"},"primaryImageOfPage":{"@id":"https:\/\/kirkensbymisjon.no\/tilbud-motestedet\/om-motestedene\/#primaryimage"},"image":{"@id":"https:\/\/kirkensbymisjon.no\/tilbud-motestedet\/om-motestedene\/#primaryimage"},"thumbnailUrl":"https:\/\/kirkensbymisjon.no\/content\/uploads\/sites\/61\/2024\/08\/Tilbud_Motestedet_03.jpg","datePublished":"2024-08-14T11:02:38+00:00","dateModified":"2024-09-05T18:06:14+00:00","breadcrumb":{"@id":"https:\/\/kirkensbymisjon.no\/tilbud-motestedet\/om-motestedene\/#breadcrumb"},"inLanguage":"nb-NO","potentialAction":[{"@type":"ReadAction","target":["https:\/\/kirkensbymisjon.no\/tilbud-motestedet\/om-motestedene\/"]}]},{"@type":"ImageObject","inLanguage":"nb-NO","@id":"https:\/\/kirkensbymisjon.no\/tilbud-motestedet\/om-motestedene\/#primaryimage","url":"https:\/\/kirkensbymisjon.no\/content\/uploads\/sites\/61\/2024\/08\/Tilbud_Motestedet_03.jpg","contentUrl":"https:\/\/kirkensbymisjon.no\/content\/uploads\/sites\/61\/2024\/08\/Tilbud_Motestedet_03.jpg"},{"@type":"BreadcrumbList","@id":"https:\/\/kirkensbymisjon.no\/tilbud-motestedet\/om-motestedene\/#breadcrumb","itemListElement":[{"@type":"ListItem","position":1,"name":"Hjem","item":"https:\/\/kirkensbymisjon.no\/tilbud-motestedet\/"},{"@type":"ListItem","position":2,"name":"Om m\u00f8testedene"}]},{"@type":"WebSite","@id":"https:\/\/kirkensbymisjon.no\/tilbud-motestedet\/#website","url":"https:\/\/kirkensbymisjon.no\/tilbud-motestedet\/","name":"M\u00f8testedet","description":"","potentialAction":[{"@type":"SearchAction","target":{"@type":"EntryPoint","urlTemplate":"https:\/\/kirkensbymisjon.no\/tilbud-motestedet\/?s={search_term_string}"},"query-input":{"@type":"PropertyValueSpecification","valueRequired":true,"valueName":"search_term_string"}}],"inLanguage":"nb-NO"}]}},"_links":{"self":[{"href":"https:\/\/kirkensbymisjon.no\/tilbud-motestedet\/wp-json\/wp\/v2\/pages\/20","targetHints":{"allow":["GET"]}}],"collection":[{"href":"https:\/\/kirkensbymisjon.no\/tilbud-motestedet\/wp-json\/wp\/v2\/pages"}],"about":[{"href":"https:\/\/kirkensbymisjon.no\/tilbud-motestedet\/wp-json\/wp\/v2\/types\/page"}],"author":[{"embeddable":true,"href":"https:\/\/kirkensbymisjon.no\/tilbud-motestedet\/wp-json\/wp\/v2\/users\/5"}],"replies":[{"embeddable":true,"href":"https:\/\/kirkensbymisjon.no\/tilbud-motestedet\/wp-json\/wp\/v2\/comments?post=20"}],"version-history":[{"count":4,"href":"https:\/\/kirkensbymisjon.no\/tilbud-motestedet\/wp-json\/wp\/v2\/pages\/20\/revisions"}],"predecessor-version":[{"id":87,"href":"https:\/\/kirkensbymisjon.no\/tilbud-motestedet\/wp-json\/wp\/v2\/pages\/20\/revisions\/87"}],"wp:attachment":[{"href":"https:\/\/kirkensbymisjon.no\/tilbud-motestedet\/wp-json\/wp\/v2\/media?parent=20"}],"curies":[{"name":"wp","href":"https:\/\/api.w.org\/{rel}","templated":true}]}}