{"id":3,"date":"2024-06-19T16:01:06","date_gmt":"2024-06-19T14:01:06","guid":{"rendered":"https:\/\/kirkensbymisjon.no\/tilbud-motestedet\/forside\/"},"modified":"2024-08-30T00:26:27","modified_gmt":"2024-08-29T22:26:27","slug":"forside","status":"publish","type":"page","link":"https:\/\/kirkensbymisjon.no\/tilbud-motestedet\/","title":{"rendered":"Forside"},"content":{"rendered":"\n<div class=\"wp-block-media-text alignwide is-stacked-on-mobile is-style-filled\"><figure class=\"wp-block-media-text__media\"><img loading=\"lazy\" decoding=\"async\" width=\"1024\" height=\"702\" src=\"https:\/\/kirkensbymisjon.no\/content\/uploads\/sites\/61\/2024\/08\/Tilbud_Motestedet_02-1024x702.jpg\" alt=\"M\u00e5ltidsfellesskap i kaf\u00e9\" class=\"wp-image-12 size-full\" srcset=\"https:\/\/kirkensbymisjon.no\/content\/uploads\/sites\/61\/2024\/08\/Tilbud_Motestedet_02-1024x702.jpg 1024w, https:\/\/kirkensbymisjon.no\/content\/uploads\/sites\/61\/2024\/08\/Tilbud_Motestedet_02-300x206.jpg 300w, https:\/\/kirkensbymisjon.no\/content\/uploads\/sites\/61\/2024\/08\/Tilbud_Motestedet_02-768x527.jpg 768w, https:\/\/kirkensbymisjon.no\/content\/uploads\/sites\/61\/2024\/08\/Tilbud_Motestedet_02-1536x1053.jpg 1536w, https:\/\/kirkensbymisjon.no\/content\/uploads\/sites\/61\/2024\/08\/Tilbud_Motestedet_02.jpg 1559w\" sizes=\"auto, (max-width: 1024px) 100vw, 1024px\" \/><\/figure><div class=\"wp-block-media-text__content\">\n<h2 class=\"wp-block-heading\" id=\"h-et-sted-for-mat-fellesskap-og-hvile\">Et sted for mat, fellesskap og hvile<\/h2>\n\n\n\n<p>M\u00f8testedet er en kaf\u00e9 og et v\u00e6rested for mennesker i rus- og gatemilj\u00f8et. Hit kan du komme akkurat som du er.<\/p>\n\n\n\n<p>Alle som kommer til oss f\u00e5r tilbud om et rimelig m\u00e5ltid, fellesskap og ulike aktiviteter. Ved behov kan v\u00e5re gjester f\u00e5 l\u00e5ne telefon for \u00e5 kontakte NAV og andre offentlige kontorer. Her er det ogs\u00e5 alltid tilgjengelig pc og gratis internett.<\/p>\n<\/div><\/div>\n\n\n\t<div class=\"alignwide wp-block-kbm-link-list\">\n\t\t<div class=\"kbm-link-list__items\">\n\t\t\t\n<div class=\"wp-block-kbm-link-list-item\">\t<svg xmlns=\"http:\/\/www.w3.org\/2000\/svg\" viewBox=\"0 0 48 48\" height=\"24\" width=\"24\" class=\"t2-icon t2-icon-foodservice\" aria-hidden=\"true\" focusable=\"false\"><path d=\"M33.876 3.268c-1.698.996-2.874 4.265-3.469 9.652-.321 2.901-.364 4.112-.366 10.36l-.001 6.04.22.374c.403.685 1.115 1.106 1.872 1.106h.344l.022 6.22.022 6.22.185.409c.797 1.76 3.217 1.787 4.072.046L37 43.24V23.96c0-21.203.04-19.614-.504-20.216-.429-.475-.826-.646-1.576-.682-.593-.028-.67-.013-1.044.206m-21.751.847c-.442.163-.696.369-.904.733l-.178.312-.002 7.607c-.001 7.337.005 7.63.159 8.24.458 1.819 1.648 3.264 3.376 4.098l.776.375.024 9 .024 9 .173.32c.383.709 1.104 1.155 1.873 1.158.909.004 1.587-.402 1.969-1.18l.225-.458.022-8.924.021-8.924.625-.292a6.341 6.341 0 0 0 3.61-4.794c.065-.417.084-2.699.067-7.906-.024-7.153-.029-7.326-.185-7.592a1.894 1.894 0 0 0-1.1-.821c-.713-.188-1.53.189-1.827.844-.142.313-.15.67-.151 7.554-.001 5.161-.028 7.275-.091 7.4-.259.505-.885.614-1.277.221l-.234-.234-.002-7.266c-.001-6.855-.01-7.284-.147-7.587a1.611 1.611 0 0 0-2.622-.489c-.194.194-.367.463-.419.65-.062.223-.089 2.489-.09 7.506v7.186l-.234.234a.851.851 0 0 1-.978.148c-.392-.21-.388-.13-.388-7.835 0-6.913-.006-7.217-.151-7.502a1.788 1.788 0 0 0-.3-.427c-.447-.392-1.155-.543-1.664-.355\"\/><\/svg>\t<div class=\"kbm-link-list-item__content\">\n\t\t<p class=\"kbm-link-list-item__title\">Et varmt m\u00e5ltid<\/p>\n\t\t\t\t\t<p class=\"kbm-link-list-item__description\">Et sunt og godt m\u00e5ltid til en rimelig pris.<\/p>\n\t\t\t<\/div>\n\t<\/div>\n\n<div class=\"wp-block-kbm-link-list-item\">\t<svg xmlns=\"http:\/\/www.w3.org\/2000\/svg\" viewBox=\"0 0 48 48\" height=\"24\" width=\"24\" class=\"t2-icon t2-icon-substanceabuse\" aria-hidden=\"true\" focusable=\"false\"><path d=\"M12.56 9.154c-1.341.298-2.645 1.02-3.574 1.979C7.697 12.465 7.02 14.139 7.02 16c0 1.434.389 2.738 1.147 3.847 1.839 2.689 5.013 3.786 8.045 2.781 2.343-.777 4.141-2.82 4.672-5.308.157-.736.12-2.2-.074-2.939-.374-1.42-.887-2.311-1.927-3.341-.989-.98-2.132-1.604-3.441-1.88-.683-.143-2.248-.147-2.882-.006m19.96.013c-.635.139-1.595.533-2.262.927-.582.343-1.821 1.582-2.164 2.164-.801 1.355-1.097 2.524-1.03 4.056.053 1.203.179 1.707.694 2.766a6.659 6.659 0 0 0 3.162 3.162c1.198.583 1.617.675 3.08.675s1.882-.092 3.08-.675a6.878 6.878 0 0 0 2.325-1.823c.5-.602 1.152-1.869 1.369-2.659.108-.395.143-.818.143-1.76 0-1.463-.092-1.882-.675-3.08a6.878 6.878 0 0 0-1.823-2.325c-.59-.49-1.865-1.151-2.619-1.357-.694-.191-2.555-.231-3.28-.071M8.438 28.079c-2.389.351-4.344 1.951-5.133 4.201l-.225.64-.024 3.02-.025 3.02h17.586l.048-1.06c.071-1.592.431-2.97 1.156-4.42.413-.828 1.123-1.894 1.7-2.553.219-.251.399-.497.399-.548 0-.149-.879-.956-1.44-1.322a7.39 7.39 0 0 0-1.133-.577c-1.197-.462-1.483-.481-7.257-.47-2.888.005-5.431.037-5.652.069m24.251.006c-1.748.203-3.4.813-4.929 1.82-.842.555-2.146 1.809-2.743 2.638-1.226 1.702-1.977 3.887-1.977 5.747v.67h21.92v-.67c0-1.861-.751-4.045-1.978-5.748-.523-.727-1.755-1.947-2.502-2.478-2.187-1.554-5.092-2.292-7.791-1.979\"\/><\/svg>\t<div class=\"kbm-link-list-item__content\">\n\t\t<p class=\"kbm-link-list-item__title\">Fellesskap og tilh\u00f8righet<\/p>\n\t\t\t\t\t<p class=\"kbm-link-list-item__description\">Et inkluderende fellesskap med rom for alle.<\/p>\n\t\t\t<\/div>\n\t<\/div>\n\n<div class=\"wp-block-kbm-link-list-item\">\t<svg xmlns=\"http:\/\/www.w3.org\/2000\/svg\" viewBox=\"0 0 48 48\" height=\"24\" width=\"24\" class=\"t2-icon t2-icon-conversations\" aria-hidden=\"true\" focusable=\"false\"><path d=\"M17.32 3.094c-5.657.702-10.128 3.89-11.592 8.266-.429 1.281-.554 2.15-.503 3.48.091 2.359.84 4.177 2.637 6.4l.194.24-1.547 2.48a1047.26 1047.26 0 0 0-2.025 3.256l-.477.776 2.297-.788c1.263-.433 3.316-1.138 4.562-1.568l2.266-.78.934.293c1.466.46 1.347.473 1.814-.197 2.253-3.232 6.618-5.596 11.23-6.078.871-.091 3.664-.057 4.456.054l.326.046.22-.49c.601-1.341.867-2.55.87-3.964.003-1.161-.111-1.889-.471-3-.548-1.693-1.441-3.086-2.858-4.456-2.194-2.121-5.095-3.478-8.345-3.904-.83-.109-3.313-.15-3.988-.066m9.974 16.986c-4.999.527-9.314 3.225-11.195 7-1.41 2.83-1.427 5.935-.047 8.712 2.876 5.789 10.846 8.631 17.838 6.361l.97-.315 4.51 1.553c2.481.855 4.521 1.543 4.534 1.53.014-.013-.878-1.472-1.981-3.242l-2.005-3.219.429-.53c1.19-1.471 1.904-2.945 2.27-4.685.168-.797.184-2.557.031-3.405-.236-1.313-.826-2.755-1.62-3.96-.612-.929-2.306-2.599-3.308-3.26-1.897-1.254-4.01-2.062-6.32-2.418-.979-.151-3.203-.217-4.106-.122\"\/><\/svg>\t<div class=\"kbm-link-list-item__content\">\n\t\t<p class=\"kbm-link-list-item__title\">Omsorg og samtale<\/p>\n\t\t\t\t\t<p class=\"kbm-link-list-item__description\">Veiledning og samtale til de som \u00f8nsker det.<\/p>\n\t\t\t<\/div>\n\t<\/div>\n\t\t<\/div>\n\t<\/div>\n\t","protected":false},"excerpt":{"rendered":"<p>Et sted for mat, fellesskap og hvile M\u00f8testedet er en kaf\u00e9 og et v\u00e6rested for&hellip;<\/p>\n","protected":false},"author":2,"featured_media":0,"parent":0,"menu_order":0,"comment_status":"closed","ping_status":"closed","template":"","meta":{"_relevanssi_hide_post":"","_relevanssi_hide_content":"","_relevanssi_pin_for_all":"","_relevanssi_pin_keywords":"","_relevanssi_unpin_keywords":"","_relevanssi_related_keywords":"","_relevanssi_related_include_ids":"","_relevanssi_related_exclude_ids":"","_relevanssi_related_no_append":"","_relevanssi_related_not_related":"","_relevanssi_related_posts":"1","_relevanssi_noindex_reason":"","editor_notices":[],"footnotes":""},"class_list":["post-3","page","type-page","status-publish","hentry"],"yoast_head":"<!-- This site is optimized with the Yoast SEO Premium plugin v27.2 (Yoast SEO v27.2) - https:\/\/yoast.com\/product\/yoast-seo-premium-wordpress\/ -->\n<title>Kirkens Bymisjon - M\u00f8testedet<\/title>\n<meta name=\"description\" content=\"Vi er et lavterskel og gaten\u00e6rt kaf\u00e9tilbud for mennesker som lever i s\u00e5rbare livssituasjoner.\" \/>\n<meta name=\"robots\" content=\"index, follow, max-snippet:-1, max-image-preview:large, max-video-preview:-1\" \/>\n<link rel=\"canonical\" href=\"https:\/\/kirkensbymisjon.no\/tilbud-motestedet\/\" \/>\n<meta property=\"og:locale\" content=\"nb_NO\" \/>\n<meta property=\"og:type\" content=\"article\" \/>\n<meta property=\"og:title\" content=\"Forside\" \/>\n<meta property=\"og:description\" content=\"Vi er et lavterskel og gaten\u00e6rt kaf\u00e9tilbud for mennesker som lever i s\u00e5rbare livssituasjoner.\" \/>\n<meta property=\"og:url\" content=\"https:\/\/kirkensbymisjon.no\/tilbud-motestedet\/\" \/>\n<meta property=\"og:site_name\" content=\"M\u00f8testedet\" \/>\n<meta property=\"article:modified_time\" content=\"2024-08-29T22:26:27+00:00\" \/>\n<meta property=\"og:image\" content=\"https:\/\/kirkensbymisjon.no\/content\/uploads\/sites\/61\/2024\/08\/Tilbud_Motestedet_02-1024x702.jpg\" \/>\n<meta name=\"twitter:card\" content=\"summary_large_image\" \/>\n<meta name=\"twitter:label1\" content=\"Ansl. lesetid\" \/>\n\t<meta name=\"twitter:data1\" content=\"1 minutt\" \/>\n<script type=\"application\/ld+json\" class=\"yoast-schema-graph\">{\"@context\":\"https:\/\/schema.org\",\"@graph\":[{\"@type\":\"WebPage\",\"@id\":\"https:\/\/kirkensbymisjon.no\/tilbud-motestedet\/\",\"url\":\"https:\/\/kirkensbymisjon.no\/tilbud-motestedet\/\",\"name\":\"Kirkens Bymisjon - M\u00f8testedet\",\"isPartOf\":{\"@id\":\"https:\/\/kirkensbymisjon.no\/tilbud-motestedet\/#website\"},\"primaryImageOfPage\":{\"@id\":\"https:\/\/kirkensbymisjon.no\/tilbud-motestedet\/#primaryimage\"},\"image\":{\"@id\":\"https:\/\/kirkensbymisjon.no\/tilbud-motestedet\/#primaryimage\"},\"thumbnailUrl\":\"https:\/\/kirkensbymisjon.no\/content\/uploads\/sites\/61\/2024\/08\/Tilbud_Motestedet_02-1024x702.jpg\",\"datePublished\":\"2024-06-19T14:01:06+00:00\",\"dateModified\":\"2024-08-29T22:26:27+00:00\",\"description\":\"Vi er et lavterskel og gaten\u00e6rt kaf\u00e9tilbud for mennesker som lever i s\u00e5rbare livssituasjoner.\",\"breadcrumb\":{\"@id\":\"https:\/\/kirkensbymisjon.no\/tilbud-motestedet\/#breadcrumb\"},\"inLanguage\":\"nb-NO\",\"potentialAction\":[{\"@type\":\"ReadAction\",\"target\":[\"https:\/\/kirkensbymisjon.no\/tilbud-motestedet\/\"]}]},{\"@type\":\"ImageObject\",\"inLanguage\":\"nb-NO\",\"@id\":\"https:\/\/kirkensbymisjon.no\/tilbud-motestedet\/#primaryimage\",\"url\":\"https:\/\/kirkensbymisjon.no\/content\/uploads\/sites\/61\/2024\/08\/Tilbud_Motestedet_02-1024x702.jpg\",\"contentUrl\":\"https:\/\/kirkensbymisjon.no\/content\/uploads\/sites\/61\/2024\/08\/Tilbud_Motestedet_02-1024x702.jpg\"},{\"@type\":\"BreadcrumbList\",\"@id\":\"https:\/\/kirkensbymisjon.no\/tilbud-motestedet\/#breadcrumb\",\"itemListElement\":[{\"@type\":\"ListItem\",\"position\":1,\"name\":\"Hjem\",\"item\":\"https:\/\/kirkensbymisjon.no\/tilbud-motestedet\/\"},{\"@type\":\"ListItem\",\"position\":2,\"name\":\"Forside\"}]},{\"@type\":\"WebSite\",\"@id\":\"https:\/\/kirkensbymisjon.no\/tilbud-motestedet\/#website\",\"url\":\"https:\/\/kirkensbymisjon.no\/tilbud-motestedet\/\",\"name\":\"M\u00f8testedet\",\"description\":\"\",\"potentialAction\":[{\"@type\":\"SearchAction\",\"target\":{\"@type\":\"EntryPoint\",\"urlTemplate\":\"https:\/\/kirkensbymisjon.no\/tilbud-motestedet\/?s={search_term_string}\"},\"query-input\":{\"@type\":\"PropertyValueSpecification\",\"valueRequired\":true,\"valueName\":\"search_term_string\"}}],\"inLanguage\":\"nb-NO\"}]}<\/script>\n<!-- \/ Yoast SEO Premium plugin. -->","yoast_head_json":{"title":"Kirkens Bymisjon - M\u00f8testedet","description":"Vi er et lavterskel og gaten\u00e6rt kaf\u00e9tilbud for mennesker som lever i s\u00e5rbare livssituasjoner.","robots":{"index":"index","follow":"follow","max-snippet":"max-snippet:-1","max-image-preview":"max-image-preview:large","max-video-preview":"max-video-preview:-1"},"canonical":"https:\/\/kirkensbymisjon.no\/tilbud-motestedet\/","og_locale":"nb_NO","og_type":"article","og_title":"Forside","og_description":"Vi er et lavterskel og gaten\u00e6rt kaf\u00e9tilbud for mennesker som lever i s\u00e5rbare livssituasjoner.","og_url":"https:\/\/kirkensbymisjon.no\/tilbud-motestedet\/","og_site_name":"M\u00f8testedet","article_modified_time":"2024-08-29T22:26:27+00:00","og_image":[{"url":"https:\/\/kirkensbymisjon.no\/content\/uploads\/sites\/61\/2024\/08\/Tilbud_Motestedet_02-1024x702.jpg","type":"","width":"","height":""}],"twitter_card":"summary_large_image","twitter_misc":{"Ansl. lesetid":"1 minutt"},"schema":{"@context":"https:\/\/schema.org","@graph":[{"@type":"WebPage","@id":"https:\/\/kirkensbymisjon.no\/tilbud-motestedet\/","url":"https:\/\/kirkensbymisjon.no\/tilbud-motestedet\/","name":"Kirkens Bymisjon - M\u00f8testedet","isPartOf":{"@id":"https:\/\/kirkensbymisjon.no\/tilbud-motestedet\/#website"},"primaryImageOfPage":{"@id":"https:\/\/kirkensbymisjon.no\/tilbud-motestedet\/#primaryimage"},"image":{"@id":"https:\/\/kirkensbymisjon.no\/tilbud-motestedet\/#primaryimage"},"thumbnailUrl":"https:\/\/kirkensbymisjon.no\/content\/uploads\/sites\/61\/2024\/08\/Tilbud_Motestedet_02-1024x702.jpg","datePublished":"2024-06-19T14:01:06+00:00","dateModified":"2024-08-29T22:26:27+00:00","description":"Vi er et lavterskel og gaten\u00e6rt kaf\u00e9tilbud for mennesker som lever i s\u00e5rbare livssituasjoner.","breadcrumb":{"@id":"https:\/\/kirkensbymisjon.no\/tilbud-motestedet\/#breadcrumb"},"inLanguage":"nb-NO","potentialAction":[{"@type":"ReadAction","target":["https:\/\/kirkensbymisjon.no\/tilbud-motestedet\/"]}]},{"@type":"ImageObject","inLanguage":"nb-NO","@id":"https:\/\/kirkensbymisjon.no\/tilbud-motestedet\/#primaryimage","url":"https:\/\/kirkensbymisjon.no\/content\/uploads\/sites\/61\/2024\/08\/Tilbud_Motestedet_02-1024x702.jpg","contentUrl":"https:\/\/kirkensbymisjon.no\/content\/uploads\/sites\/61\/2024\/08\/Tilbud_Motestedet_02-1024x702.jpg"},{"@type":"BreadcrumbList","@id":"https:\/\/kirkensbymisjon.no\/tilbud-motestedet\/#breadcrumb","itemListElement":[{"@type":"ListItem","position":1,"name":"Hjem","item":"https:\/\/kirkensbymisjon.no\/tilbud-motestedet\/"},{"@type":"ListItem","position":2,"name":"Forside"}]},{"@type":"WebSite","@id":"https:\/\/kirkensbymisjon.no\/tilbud-motestedet\/#website","url":"https:\/\/kirkensbymisjon.no\/tilbud-motestedet\/","name":"M\u00f8testedet","description":"","potentialAction":[{"@type":"SearchAction","target":{"@type":"EntryPoint","urlTemplate":"https:\/\/kirkensbymisjon.no\/tilbud-motestedet\/?s={search_term_string}"},"query-input":{"@type":"PropertyValueSpecification","valueRequired":true,"valueName":"search_term_string"}}],"inLanguage":"nb-NO"}]}},"_links":{"self":[{"href":"https:\/\/kirkensbymisjon.no\/tilbud-motestedet\/wp-json\/wp\/v2\/pages\/3","targetHints":{"allow":["GET"]}}],"collection":[{"href":"https:\/\/kirkensbymisjon.no\/tilbud-motestedet\/wp-json\/wp\/v2\/pages"}],"about":[{"href":"https:\/\/kirkensbymisjon.no\/tilbud-motestedet\/wp-json\/wp\/v2\/types\/page"}],"author":[{"embeddable":true,"href":"https:\/\/kirkensbymisjon.no\/tilbud-motestedet\/wp-json\/wp\/v2\/users\/2"}],"replies":[{"embeddable":true,"href":"https:\/\/kirkensbymisjon.no\/tilbud-motestedet\/wp-json\/wp\/v2\/comments?post=3"}],"version-history":[{"count":5,"href":"https:\/\/kirkensbymisjon.no\/tilbud-motestedet\/wp-json\/wp\/v2\/pages\/3\/revisions"}],"predecessor-version":[{"id":84,"href":"https:\/\/kirkensbymisjon.no\/tilbud-motestedet\/wp-json\/wp\/v2\/pages\/3\/revisions\/84"}],"wp:attachment":[{"href":"https:\/\/kirkensbymisjon.no\/tilbud-motestedet\/wp-json\/wp\/v2\/media?parent=3"}],"curies":[{"name":"wp","href":"https:\/\/api.w.org\/{rel}","templated":true}]}}