{"id":10,"date":"2024-08-06T10:51:22","date_gmt":"2024-08-06T08:51:22","guid":{"rendered":"https:\/\/kirkensbymisjon.no\/tilbud-myrsnipa-samvaerssted\/?page_id=10"},"modified":"2025-01-06T01:02:17","modified_gmt":"2025-01-06T00:02:17","slug":"hva-vi-tilbyr","status":"publish","type":"page","link":"https:\/\/kirkensbymisjon.no\/tilbud-myrsnipa-samvaerssted\/hva-vi-tilbyr\/","title":{"rendered":"Hva vi tilbyr"},"content":{"rendered":"\n<h2 class=\"wp-block-heading\">Hvem er vi til for?<\/h2>\n\n\n\n<ul class=\"wp-block-list\">\n<li>Barn som er i barnevernet, hvor foreldrene ikke har den daglige omsorgen.<\/li>\n\n\n\n<li>Barn med foreldre hvor rettssystemet har bestemt at det skal v\u00e6re tilsyn under samv\u00e6r.<\/li>\n\n\n\n<li>Barn med en eller begge foreldre i fengsel.<\/li>\n<\/ul>\n\n\n\n<div class=\"wp-block-media-text alignwide is-stacked-on-mobile is-style-filled\"><figure class=\"wp-block-media-text__media\"><img loading=\"lazy\" decoding=\"async\" width=\"1000\" height=\"500\" src=\"https:\/\/kirkensbymisjon.no\/content\/uploads\/sites\/99\/2024\/08\/Tilbud_Innsattes-barn_01.jpeg\" alt=\"Jente utenfor et fengsel\" class=\"wp-image-92 size-full\" srcset=\"https:\/\/kirkensbymisjon.no\/content\/uploads\/sites\/99\/2024\/08\/Tilbud_Innsattes-barn_01.jpeg 1000w, https:\/\/kirkensbymisjon.no\/content\/uploads\/sites\/99\/2024\/08\/Tilbud_Innsattes-barn_01-300x150.jpeg 300w, https:\/\/kirkensbymisjon.no\/content\/uploads\/sites\/99\/2024\/08\/Tilbud_Innsattes-barn_01-768x384.jpeg 768w\" sizes=\"auto, (max-width: 1000px) 100vw, 1000px\" \/><\/figure><div class=\"wp-block-media-text__content\">\n<h2 class=\"wp-block-heading\" id=\"h-innsattes-barn\">Innsattes barn<\/h2>\n\n\n\n<p>\u00abInnsattes barn\u00bb er en del av tilbudet ved Myrsnipa Samv\u00e6rssted som bidrar til \u00e5\u00a0gj\u00f8re hverdagen bedre for barn av innsatte. Vi samarbeider med friomsorgen, overgangsboliger og flere fengsler p\u00e5 \u00d8stlandet.\u00a0<\/p>\n\n\n\n<p><a href=\"\/tilbud-innsattes-barn\/\">Les mer om \u00abInnsattes barn\u00bb<\/a><\/p>\n<\/div><\/div>\n\n\n\n<h2 class=\"wp-block-heading\" id=\"h-hva-vi-tilbyr\">Hva vi tilbyr?<\/h2>\n\n\n\n<ul class=\"wp-block-list\">\n<li>Tilrettelegging av samv\u00e6r i trygge og barnevennlige omgivelser i s\u00e6rskilt tilrettelagte egne leiligheter. Leilighetene er komplett innredet som et hjem, hvor familiene kan gj\u00f8re hverdagslige aktiviteter.<\/li>\n\n\n\n<li>Kvalifiserte og erfarne ansatte f\u00f8rer tilsyn. Det skrives samv\u00e6rsrapporter der dette bestilles. <\/li>\n\n\n\n<li>Veiledning kan gis til foreldre og andre omsorgspersoner. Samtaler med barn og foreldre, sammen eller hver for seg.<\/li>\n\n\n\n<li>Samv\u00e6rene foreg\u00e5r i hovedsak p\u00e5 dagtid, men vi har ogs\u00e5 mulighet for samv\u00e6r med tilsyn p\u00e5 kvelder og i helger.<\/li>\n\n\n\n<li>Samv\u00e6rene betales i hovedsak av barneverntjenesten, Bufetat eller annen offentlig instans.<\/li>\n\n\n\n<li>Enkelte avdelinger tilbyr ogs\u00e5 private samv\u00e6r. <a href=\"https:\/\/kirkensbymisjon.no\/tilbud-myrsnipa-samvaerssted\/kontaktinformasjon\/\">Kontakt oss<\/a> i byen n\u00e6rmest deg for mer informasjon. Flere av v\u00e5re avdelinger har et utvidet tilbud utover samv\u00e6r. Kontakt oss i byen n\u00e6rmest deg.<\/li>\n<\/ul>\n","protected":false},"excerpt":{"rendered":"<p>Hvem er vi til for? Innsattes barn \u00abInnsattes barn\u00bb er en del av tilbudet ved&hellip;<\/p>\n","protected":false},"author":5,"featured_media":0,"parent":0,"menu_order":0,"comment_status":"closed","ping_status":"closed","template":"","meta":{"_relevanssi_hide_post":"","_relevanssi_hide_content":"","_relevanssi_pin_for_all":"","_relevanssi_pin_keywords":"","_relevanssi_unpin_keywords":"","_relevanssi_related_keywords":"","_relevanssi_related_include_ids":"","_relevanssi_related_exclude_ids":"","_relevanssi_related_no_append":"","_relevanssi_related_not_related":"","_relevanssi_related_posts":"1","_relevanssi_noindex_reason":"","editor_notices":[],"footnotes":""},"class_list":["post-10","page","type-page","status-publish","hentry"],"yoast_head":"<!-- This site is optimized with the Yoast SEO Premium plugin v27.2 (Yoast SEO v27.2) - https:\/\/yoast.com\/product\/yoast-seo-premium-wordpress\/ -->\n<title>Hva vi tilbyr - Myrsnipa Samv\u00e6rssted<\/title>\n<meta name=\"robots\" content=\"index, follow, max-snippet:-1, max-image-preview:large, max-video-preview:-1\" \/>\n<link rel=\"canonical\" href=\"https:\/\/kirkensbymisjon.no\/tilbud-myrsnipa-samvaerssted\/hva-vi-tilbyr\/\" \/>\n<meta property=\"og:locale\" content=\"nb_NO\" \/>\n<meta property=\"og:type\" content=\"article\" \/>\n<meta property=\"og:title\" content=\"Hva vi tilbyr\" \/>\n<meta property=\"og:description\" content=\"Hvem er vi til for? Innsattes barn \u00abInnsattes barn\u00bb er en del av tilbudet ved&hellip;\" \/>\n<meta property=\"og:url\" content=\"https:\/\/kirkensbymisjon.no\/tilbud-myrsnipa-samvaerssted\/hva-vi-tilbyr\/\" \/>\n<meta property=\"og:site_name\" content=\"Myrsnipa Samv\u00e6rssted\" \/>\n<meta property=\"article:modified_time\" content=\"2025-01-06T00:02:17+00:00\" \/>\n<meta property=\"og:image\" content=\"https:\/\/kirkensbymisjon.no\/content\/uploads\/sites\/99\/2024\/08\/Tilbud_Innsattes-barn_01.jpeg\" \/>\n\t<meta property=\"og:image:width\" content=\"1000\" \/>\n\t<meta property=\"og:image:height\" content=\"500\" \/>\n\t<meta property=\"og:image:type\" content=\"image\/jpeg\" \/>\n<meta name=\"twitter:card\" content=\"summary_large_image\" \/>\n<meta name=\"twitter:label1\" content=\"Ansl. lesetid\" \/>\n\t<meta name=\"twitter:data1\" content=\"2 minutter\" \/>\n<script type=\"application\/ld+json\" class=\"yoast-schema-graph\">{\"@context\":\"https:\/\/schema.org\",\"@graph\":[{\"@type\":\"WebPage\",\"@id\":\"https:\/\/kirkensbymisjon.no\/tilbud-myrsnipa-samvaerssted\/hva-vi-tilbyr\/\",\"url\":\"https:\/\/kirkensbymisjon.no\/tilbud-myrsnipa-samvaerssted\/hva-vi-tilbyr\/\",\"name\":\"Hva vi tilbyr - Myrsnipa Samv\u00e6rssted\",\"isPartOf\":{\"@id\":\"https:\/\/kirkensbymisjon.no\/tilbud-myrsnipa-samvaerssted\/#website\"},\"primaryImageOfPage\":{\"@id\":\"https:\/\/kirkensbymisjon.no\/tilbud-myrsnipa-samvaerssted\/hva-vi-tilbyr\/#primaryimage\"},\"image\":{\"@id\":\"https:\/\/kirkensbymisjon.no\/tilbud-myrsnipa-samvaerssted\/hva-vi-tilbyr\/#primaryimage\"},\"thumbnailUrl\":\"https:\/\/kirkensbymisjon.no\/content\/uploads\/sites\/99\/2024\/08\/Tilbud_Innsattes-barn_01.jpeg\",\"datePublished\":\"2024-08-06T08:51:22+00:00\",\"dateModified\":\"2025-01-06T00:02:17+00:00\",\"breadcrumb\":{\"@id\":\"https:\/\/kirkensbymisjon.no\/tilbud-myrsnipa-samvaerssted\/hva-vi-tilbyr\/#breadcrumb\"},\"inLanguage\":\"nb-NO\",\"potentialAction\":[{\"@type\":\"ReadAction\",\"target\":[\"https:\/\/kirkensbymisjon.no\/tilbud-myrsnipa-samvaerssted\/hva-vi-tilbyr\/\"]}]},{\"@type\":\"ImageObject\",\"inLanguage\":\"nb-NO\",\"@id\":\"https:\/\/kirkensbymisjon.no\/tilbud-myrsnipa-samvaerssted\/hva-vi-tilbyr\/#primaryimage\",\"url\":\"https:\/\/kirkensbymisjon.no\/content\/uploads\/sites\/99\/2024\/08\/Tilbud_Innsattes-barn_01.jpeg\",\"contentUrl\":\"https:\/\/kirkensbymisjon.no\/content\/uploads\/sites\/99\/2024\/08\/Tilbud_Innsattes-barn_01.jpeg\"},{\"@type\":\"BreadcrumbList\",\"@id\":\"https:\/\/kirkensbymisjon.no\/tilbud-myrsnipa-samvaerssted\/hva-vi-tilbyr\/#breadcrumb\",\"itemListElement\":[{\"@type\":\"ListItem\",\"position\":1,\"name\":\"Hjem\",\"item\":\"https:\/\/kirkensbymisjon.no\/tilbud-myrsnipa-samvaerssted\/\"},{\"@type\":\"ListItem\",\"position\":2,\"name\":\"Hva vi tilbyr\"}]},{\"@type\":\"WebSite\",\"@id\":\"https:\/\/kirkensbymisjon.no\/tilbud-myrsnipa-samvaerssted\/#website\",\"url\":\"https:\/\/kirkensbymisjon.no\/tilbud-myrsnipa-samvaerssted\/\",\"name\":\"Myrsnipa Samv\u00e6rssted\",\"description\":\"\",\"potentialAction\":[{\"@type\":\"SearchAction\",\"target\":{\"@type\":\"EntryPoint\",\"urlTemplate\":\"https:\/\/kirkensbymisjon.no\/tilbud-myrsnipa-samvaerssted\/?s={search_term_string}\"},\"query-input\":{\"@type\":\"PropertyValueSpecification\",\"valueRequired\":true,\"valueName\":\"search_term_string\"}}],\"inLanguage\":\"nb-NO\"}]}<\/script>\n<!-- \/ Yoast SEO Premium plugin. -->","yoast_head_json":{"title":"Hva vi tilbyr - Myrsnipa Samv\u00e6rssted","robots":{"index":"index","follow":"follow","max-snippet":"max-snippet:-1","max-image-preview":"max-image-preview:large","max-video-preview":"max-video-preview:-1"},"canonical":"https:\/\/kirkensbymisjon.no\/tilbud-myrsnipa-samvaerssted\/hva-vi-tilbyr\/","og_locale":"nb_NO","og_type":"article","og_title":"Hva vi tilbyr","og_description":"Hvem er vi til for? Innsattes barn \u00abInnsattes barn\u00bb er en del av tilbudet ved&hellip;","og_url":"https:\/\/kirkensbymisjon.no\/tilbud-myrsnipa-samvaerssted\/hva-vi-tilbyr\/","og_site_name":"Myrsnipa Samv\u00e6rssted","article_modified_time":"2025-01-06T00:02:17+00:00","og_image":[{"width":1000,"height":500,"url":"https:\/\/kirkensbymisjon.no\/content\/uploads\/sites\/99\/2024\/08\/Tilbud_Innsattes-barn_01.jpeg","type":"image\/jpeg"}],"twitter_card":"summary_large_image","twitter_misc":{"Ansl. lesetid":"2 minutter"},"schema":{"@context":"https:\/\/schema.org","@graph":[{"@type":"WebPage","@id":"https:\/\/kirkensbymisjon.no\/tilbud-myrsnipa-samvaerssted\/hva-vi-tilbyr\/","url":"https:\/\/kirkensbymisjon.no\/tilbud-myrsnipa-samvaerssted\/hva-vi-tilbyr\/","name":"Hva vi tilbyr - Myrsnipa Samv\u00e6rssted","isPartOf":{"@id":"https:\/\/kirkensbymisjon.no\/tilbud-myrsnipa-samvaerssted\/#website"},"primaryImageOfPage":{"@id":"https:\/\/kirkensbymisjon.no\/tilbud-myrsnipa-samvaerssted\/hva-vi-tilbyr\/#primaryimage"},"image":{"@id":"https:\/\/kirkensbymisjon.no\/tilbud-myrsnipa-samvaerssted\/hva-vi-tilbyr\/#primaryimage"},"thumbnailUrl":"https:\/\/kirkensbymisjon.no\/content\/uploads\/sites\/99\/2024\/08\/Tilbud_Innsattes-barn_01.jpeg","datePublished":"2024-08-06T08:51:22+00:00","dateModified":"2025-01-06T00:02:17+00:00","breadcrumb":{"@id":"https:\/\/kirkensbymisjon.no\/tilbud-myrsnipa-samvaerssted\/hva-vi-tilbyr\/#breadcrumb"},"inLanguage":"nb-NO","potentialAction":[{"@type":"ReadAction","target":["https:\/\/kirkensbymisjon.no\/tilbud-myrsnipa-samvaerssted\/hva-vi-tilbyr\/"]}]},{"@type":"ImageObject","inLanguage":"nb-NO","@id":"https:\/\/kirkensbymisjon.no\/tilbud-myrsnipa-samvaerssted\/hva-vi-tilbyr\/#primaryimage","url":"https:\/\/kirkensbymisjon.no\/content\/uploads\/sites\/99\/2024\/08\/Tilbud_Innsattes-barn_01.jpeg","contentUrl":"https:\/\/kirkensbymisjon.no\/content\/uploads\/sites\/99\/2024\/08\/Tilbud_Innsattes-barn_01.jpeg"},{"@type":"BreadcrumbList","@id":"https:\/\/kirkensbymisjon.no\/tilbud-myrsnipa-samvaerssted\/hva-vi-tilbyr\/#breadcrumb","itemListElement":[{"@type":"ListItem","position":1,"name":"Hjem","item":"https:\/\/kirkensbymisjon.no\/tilbud-myrsnipa-samvaerssted\/"},{"@type":"ListItem","position":2,"name":"Hva vi tilbyr"}]},{"@type":"WebSite","@id":"https:\/\/kirkensbymisjon.no\/tilbud-myrsnipa-samvaerssted\/#website","url":"https:\/\/kirkensbymisjon.no\/tilbud-myrsnipa-samvaerssted\/","name":"Myrsnipa Samv\u00e6rssted","description":"","potentialAction":[{"@type":"SearchAction","target":{"@type":"EntryPoint","urlTemplate":"https:\/\/kirkensbymisjon.no\/tilbud-myrsnipa-samvaerssted\/?s={search_term_string}"},"query-input":{"@type":"PropertyValueSpecification","valueRequired":true,"valueName":"search_term_string"}}],"inLanguage":"nb-NO"}]}},"_links":{"self":[{"href":"https:\/\/kirkensbymisjon.no\/tilbud-myrsnipa-samvaerssted\/wp-json\/wp\/v2\/pages\/10","targetHints":{"allow":["GET"]}}],"collection":[{"href":"https:\/\/kirkensbymisjon.no\/tilbud-myrsnipa-samvaerssted\/wp-json\/wp\/v2\/pages"}],"about":[{"href":"https:\/\/kirkensbymisjon.no\/tilbud-myrsnipa-samvaerssted\/wp-json\/wp\/v2\/types\/page"}],"author":[{"embeddable":true,"href":"https:\/\/kirkensbymisjon.no\/tilbud-myrsnipa-samvaerssted\/wp-json\/wp\/v2\/users\/5"}],"replies":[{"embeddable":true,"href":"https:\/\/kirkensbymisjon.no\/tilbud-myrsnipa-samvaerssted\/wp-json\/wp\/v2\/comments?post=10"}],"version-history":[{"count":4,"href":"https:\/\/kirkensbymisjon.no\/tilbud-myrsnipa-samvaerssted\/wp-json\/wp\/v2\/pages\/10\/revisions"}],"predecessor-version":[{"id":201,"href":"https:\/\/kirkensbymisjon.no\/tilbud-myrsnipa-samvaerssted\/wp-json\/wp\/v2\/pages\/10\/revisions\/201"}],"wp:attachment":[{"href":"https:\/\/kirkensbymisjon.no\/tilbud-myrsnipa-samvaerssted\/wp-json\/wp\/v2\/media?parent=10"}],"curies":[{"name":"wp","href":"https:\/\/api.w.org\/{rel}","templated":true}]}}