{"id":3,"date":"2024-06-26T23:55:37","date_gmt":"2024-06-26T21:55:37","guid":{"rendered":"https:\/\/kirkensbymisjon.no\/tilbud-myrsnipa-samvaerssted\/forside\/"},"modified":"2024-11-08T15:58:06","modified_gmt":"2024-11-08T14:58:06","slug":"forside","status":"publish","type":"page","link":"https:\/\/kirkensbymisjon.no\/tilbud-myrsnipa-samvaerssted\/","title":{"rendered":"Forside"},"content":{"rendered":"\n<div class=\"wp-block-media-text alignwide is-stacked-on-mobile is-style-filled\"><figure class=\"wp-block-media-text__media\"><img loading=\"lazy\" decoding=\"async\" width=\"1024\" height=\"767\" src=\"https:\/\/kirkensbymisjon.no\/content\/uploads\/sites\/99\/2024\/08\/tilbud_myrsnipa_01-1024x767.jpg\" alt=\"Far og s\u00f8nn\" class=\"wp-image-18 size-full\" srcset=\"https:\/\/kirkensbymisjon.no\/content\/uploads\/sites\/99\/2024\/08\/tilbud_myrsnipa_01-1024x767.jpg 1024w, https:\/\/kirkensbymisjon.no\/content\/uploads\/sites\/99\/2024\/08\/tilbud_myrsnipa_01-300x225.jpg 300w, https:\/\/kirkensbymisjon.no\/content\/uploads\/sites\/99\/2024\/08\/tilbud_myrsnipa_01-768x575.jpg 768w, https:\/\/kirkensbymisjon.no\/content\/uploads\/sites\/99\/2024\/08\/tilbud_myrsnipa_01-1536x1150.jpg 1536w, https:\/\/kirkensbymisjon.no\/content\/uploads\/sites\/99\/2024\/08\/tilbud_myrsnipa_01.jpg 1701w\" sizes=\"auto, (max-width: 1024px) 100vw, 1024px\" \/><\/figure><div class=\"wp-block-media-text__content\">\n<h2 class=\"wp-block-heading\" id=\"h-book-et-samvaer-hos-oss\">Book et samv\u00e6r hos oss<\/h2>\n\n\n\n<p>Vi tilrettelegger for trygge og forutsigbare samv\u00e6r mellom b\u00e5de barn og foreldre. Samv\u00e6rene foreg\u00e5r i v\u00e5re hyggelige og barnevennlige leiligheter.&nbsp;<\/p>\n\n\n\n<p><a href=\"\/tilbud-myrsnipa-samvaerssted\/kontaktinformasjon\/\">Ta kontakt <\/a><br>eller fyll ut <a href=\"\/tilbud-myrsnipa-samvaerssted\/kontaktinformasjon\/\">kontaktskjema for din n\u00e6rmeste by<\/a>.<\/p>\n<\/div><\/div>\n\n\n\n<p>Barn og foreldre som kommer til oss er ofte i en vanskelig livssituasjon, med for eksempel rusavhengighet, psykiske helseproblemer, fengselsopphold eller en konfliktfylt familiesituasjon. Men de fleste barn har likevel behov, nytte og glede av \u00e5 ha kontakt med sine foreldre.<\/p>\n\n\n\n<p>Det \u00e5 bli fratatt omsorgen for barn, kan v\u00e6re en enorm belastning. <br>P\u00e5 nettsiden, <a href=\"https:\/\/foreldreforalltid.no\/\">foreldreforalltid.no<\/a> kan man finne nyttig informasjon knyttet til en rekke problemstillinger foreldre og barn kan erfare etter en omsorgsovertagelse.<\/p>\n\n\n\n<div class=\"wp-block-media-text alignwide is-stacked-on-mobile is-style-filled\"><figure class=\"wp-block-media-text__media\"><img loading=\"lazy\" decoding=\"async\" width=\"1024\" height=\"815\" src=\"https:\/\/kirkensbymisjon.no\/content\/uploads\/sites\/99\/2024\/08\/Tilbud_Si-ifra_01-1024x815.jpg\" alt=\"Ung jente\" class=\"wp-image-136 size-full\" srcset=\"https:\/\/kirkensbymisjon.no\/content\/uploads\/sites\/99\/2024\/08\/Tilbud_Si-ifra_01-1024x815.jpg 1024w, https:\/\/kirkensbymisjon.no\/content\/uploads\/sites\/99\/2024\/08\/Tilbud_Si-ifra_01-300x239.jpg 300w, https:\/\/kirkensbymisjon.no\/content\/uploads\/sites\/99\/2024\/08\/Tilbud_Si-ifra_01-768x611.jpg 768w, https:\/\/kirkensbymisjon.no\/content\/uploads\/sites\/99\/2024\/08\/Tilbud_Si-ifra_01-1536x1222.jpg 1536w, https:\/\/kirkensbymisjon.no\/content\/uploads\/sites\/99\/2024\/08\/Tilbud_Si-ifra_01.jpg 1701w\" sizes=\"auto, (max-width: 1024px) 100vw, 1024px\" \/><\/figure><div class=\"wp-block-media-text__content\">\n<h2 class=\"wp-block-heading\" id=\"h-si-fra-nar-du-er-fornoyd-eller-nar-noe-ma-forbedres\"><strong>Si fra n\u00e5r du er forn\u00f8yd eller n\u00e5r noe m\u00e5 forbedres<\/strong><\/h2>\n\n\n\n<p>Vi ber deg s\u00e6rlig si ifra til oss hvis du eller andre opplever noe hos oss som ikke er greit, f\u00f8les ubehagelig eller er ulovlig. Eller har fors\u00f8kt \u00e5 si ifra, men opplever at du ikke blir h\u00f8rt.<\/p>\n\n\n\n<p><a href=\"https:\/\/kirkensbymisjon.no\/siifra\">Les mer og meld ifra her<\/a><\/p>\n<\/div><\/div>\n","protected":false},"excerpt":{"rendered":"<p>Book et samv\u00e6r hos oss Vi tilrettelegger for trygge og forutsigbare samv\u00e6r mellom b\u00e5de barn&hellip;<\/p>\n","protected":false},"author":5,"featured_media":0,"parent":0,"menu_order":0,"comment_status":"closed","ping_status":"closed","template":"","meta":{"_relevanssi_hide_post":"","_relevanssi_hide_content":"","_relevanssi_pin_for_all":"","_relevanssi_pin_keywords":"","_relevanssi_unpin_keywords":"","_relevanssi_related_keywords":"","_relevanssi_related_include_ids":"","_relevanssi_related_exclude_ids":"","_relevanssi_related_no_append":"","_relevanssi_related_not_related":"","_relevanssi_related_posts":"1","_relevanssi_noindex_reason":"","editor_notices":[],"footnotes":""},"class_list":["post-3","page","type-page","status-publish","hentry"],"yoast_head":"<!-- This site is optimized with the Yoast SEO Premium plugin v27.2 (Yoast SEO v27.2) - https:\/\/yoast.com\/product\/yoast-seo-premium-wordpress\/ -->\n<title>Kirkens Bymisjon - Myrsnipa Samv\u00e6rssted<\/title>\n<meta name=\"description\" content=\"Vi tilrettelegger for samv\u00e6r med tilsyn mellom barn og deres foreldre.\" \/>\n<meta name=\"robots\" content=\"index, follow, max-snippet:-1, max-image-preview:large, max-video-preview:-1\" \/>\n<link rel=\"canonical\" href=\"https:\/\/kirkensbymisjon.no\/tilbud-myrsnipa-samvaerssted\/\" \/>\n<meta property=\"og:locale\" content=\"nb_NO\" \/>\n<meta property=\"og:type\" content=\"article\" \/>\n<meta property=\"og:title\" content=\"Kirkens Bymisjon - Myrsnipa Samv\u00e6rssted\" \/>\n<meta property=\"og:description\" content=\"Vi tilrettelegger for samv\u00e6r med tilsyn mellom barn og deres foreldre.\" \/>\n<meta property=\"og:url\" content=\"https:\/\/kirkensbymisjon.no\/tilbud-myrsnipa-samvaerssted\/\" \/>\n<meta property=\"og:site_name\" content=\"Myrsnipa Samv\u00e6rssted\" \/>\n<meta property=\"article:modified_time\" content=\"2024-11-08T14:58:06+00:00\" \/>\n<meta property=\"og:image\" content=\"https:\/\/kirkensbymisjon.no\/content\/uploads\/sites\/99\/2024\/08\/tilbud_myrsnipa_01.jpg\" \/>\n\t<meta property=\"og:image:width\" content=\"1701\" \/>\n\t<meta property=\"og:image:height\" content=\"1274\" \/>\n\t<meta property=\"og:image:type\" content=\"image\/jpeg\" \/>\n<meta name=\"twitter:card\" content=\"summary_large_image\" \/>\n<meta name=\"twitter:title\" content=\"Forside\" \/>\n<meta name=\"twitter:label1\" content=\"Ansl. lesetid\" \/>\n\t<meta name=\"twitter:data1\" content=\"2 minutter\" \/>\n<script type=\"application\/ld+json\" class=\"yoast-schema-graph\">{\"@context\":\"https:\/\/schema.org\",\"@graph\":[{\"@type\":\"WebPage\",\"@id\":\"https:\/\/kirkensbymisjon.no\/tilbud-myrsnipa-samvaerssted\/\",\"url\":\"https:\/\/kirkensbymisjon.no\/tilbud-myrsnipa-samvaerssted\/\",\"name\":\"Kirkens Bymisjon - Myrsnipa Samv\u00e6rssted\",\"isPartOf\":{\"@id\":\"https:\/\/kirkensbymisjon.no\/tilbud-myrsnipa-samvaerssted\/#website\"},\"primaryImageOfPage\":{\"@id\":\"https:\/\/kirkensbymisjon.no\/tilbud-myrsnipa-samvaerssted\/#primaryimage\"},\"image\":{\"@id\":\"https:\/\/kirkensbymisjon.no\/tilbud-myrsnipa-samvaerssted\/#primaryimage\"},\"thumbnailUrl\":\"https:\/\/kirkensbymisjon.no\/content\/uploads\/sites\/99\/2024\/08\/tilbud_myrsnipa_01-1024x767.jpg\",\"datePublished\":\"2024-06-26T21:55:37+00:00\",\"dateModified\":\"2024-11-08T14:58:06+00:00\",\"description\":\"Vi tilrettelegger for samv\u00e6r med tilsyn mellom barn og deres foreldre.\",\"breadcrumb\":{\"@id\":\"https:\/\/kirkensbymisjon.no\/tilbud-myrsnipa-samvaerssted\/#breadcrumb\"},\"inLanguage\":\"nb-NO\",\"potentialAction\":[{\"@type\":\"ReadAction\",\"target\":[\"https:\/\/kirkensbymisjon.no\/tilbud-myrsnipa-samvaerssted\/\"]}]},{\"@type\":\"ImageObject\",\"inLanguage\":\"nb-NO\",\"@id\":\"https:\/\/kirkensbymisjon.no\/tilbud-myrsnipa-samvaerssted\/#primaryimage\",\"url\":\"https:\/\/kirkensbymisjon.no\/content\/uploads\/sites\/99\/2024\/08\/tilbud_myrsnipa_01-1024x767.jpg\",\"contentUrl\":\"https:\/\/kirkensbymisjon.no\/content\/uploads\/sites\/99\/2024\/08\/tilbud_myrsnipa_01-1024x767.jpg\"},{\"@type\":\"BreadcrumbList\",\"@id\":\"https:\/\/kirkensbymisjon.no\/tilbud-myrsnipa-samvaerssted\/#breadcrumb\",\"itemListElement\":[{\"@type\":\"ListItem\",\"position\":1,\"name\":\"Hjem\",\"item\":\"https:\/\/kirkensbymisjon.no\/tilbud-myrsnipa-samvaerssted\/\"},{\"@type\":\"ListItem\",\"position\":2,\"name\":\"Forside\"}]},{\"@type\":\"WebSite\",\"@id\":\"https:\/\/kirkensbymisjon.no\/tilbud-myrsnipa-samvaerssted\/#website\",\"url\":\"https:\/\/kirkensbymisjon.no\/tilbud-myrsnipa-samvaerssted\/\",\"name\":\"Myrsnipa Samv\u00e6rssted\",\"description\":\"\",\"potentialAction\":[{\"@type\":\"SearchAction\",\"target\":{\"@type\":\"EntryPoint\",\"urlTemplate\":\"https:\/\/kirkensbymisjon.no\/tilbud-myrsnipa-samvaerssted\/?s={search_term_string}\"},\"query-input\":{\"@type\":\"PropertyValueSpecification\",\"valueRequired\":true,\"valueName\":\"search_term_string\"}}],\"inLanguage\":\"nb-NO\"}]}<\/script>\n<!-- \/ Yoast SEO Premium plugin. -->","yoast_head_json":{"title":"Kirkens Bymisjon - Myrsnipa Samv\u00e6rssted","description":"Vi tilrettelegger for samv\u00e6r med tilsyn mellom barn og deres foreldre.","robots":{"index":"index","follow":"follow","max-snippet":"max-snippet:-1","max-image-preview":"max-image-preview:large","max-video-preview":"max-video-preview:-1"},"canonical":"https:\/\/kirkensbymisjon.no\/tilbud-myrsnipa-samvaerssted\/","og_locale":"nb_NO","og_type":"article","og_title":"Kirkens Bymisjon - Myrsnipa Samv\u00e6rssted","og_description":"Vi tilrettelegger for samv\u00e6r med tilsyn mellom barn og deres foreldre.","og_url":"https:\/\/kirkensbymisjon.no\/tilbud-myrsnipa-samvaerssted\/","og_site_name":"Myrsnipa Samv\u00e6rssted","article_modified_time":"2024-11-08T14:58:06+00:00","og_image":[{"width":1701,"height":1274,"url":"https:\/\/kirkensbymisjon.no\/content\/uploads\/sites\/99\/2024\/08\/tilbud_myrsnipa_01.jpg","type":"image\/jpeg"}],"twitter_card":"summary_large_image","twitter_title":"Forside","twitter_misc":{"Ansl. lesetid":"2 minutter"},"schema":{"@context":"https:\/\/schema.org","@graph":[{"@type":"WebPage","@id":"https:\/\/kirkensbymisjon.no\/tilbud-myrsnipa-samvaerssted\/","url":"https:\/\/kirkensbymisjon.no\/tilbud-myrsnipa-samvaerssted\/","name":"Kirkens Bymisjon - Myrsnipa Samv\u00e6rssted","isPartOf":{"@id":"https:\/\/kirkensbymisjon.no\/tilbud-myrsnipa-samvaerssted\/#website"},"primaryImageOfPage":{"@id":"https:\/\/kirkensbymisjon.no\/tilbud-myrsnipa-samvaerssted\/#primaryimage"},"image":{"@id":"https:\/\/kirkensbymisjon.no\/tilbud-myrsnipa-samvaerssted\/#primaryimage"},"thumbnailUrl":"https:\/\/kirkensbymisjon.no\/content\/uploads\/sites\/99\/2024\/08\/tilbud_myrsnipa_01-1024x767.jpg","datePublished":"2024-06-26T21:55:37+00:00","dateModified":"2024-11-08T14:58:06+00:00","description":"Vi tilrettelegger for samv\u00e6r med tilsyn mellom barn og deres foreldre.","breadcrumb":{"@id":"https:\/\/kirkensbymisjon.no\/tilbud-myrsnipa-samvaerssted\/#breadcrumb"},"inLanguage":"nb-NO","potentialAction":[{"@type":"ReadAction","target":["https:\/\/kirkensbymisjon.no\/tilbud-myrsnipa-samvaerssted\/"]}]},{"@type":"ImageObject","inLanguage":"nb-NO","@id":"https:\/\/kirkensbymisjon.no\/tilbud-myrsnipa-samvaerssted\/#primaryimage","url":"https:\/\/kirkensbymisjon.no\/content\/uploads\/sites\/99\/2024\/08\/tilbud_myrsnipa_01-1024x767.jpg","contentUrl":"https:\/\/kirkensbymisjon.no\/content\/uploads\/sites\/99\/2024\/08\/tilbud_myrsnipa_01-1024x767.jpg"},{"@type":"BreadcrumbList","@id":"https:\/\/kirkensbymisjon.no\/tilbud-myrsnipa-samvaerssted\/#breadcrumb","itemListElement":[{"@type":"ListItem","position":1,"name":"Hjem","item":"https:\/\/kirkensbymisjon.no\/tilbud-myrsnipa-samvaerssted\/"},{"@type":"ListItem","position":2,"name":"Forside"}]},{"@type":"WebSite","@id":"https:\/\/kirkensbymisjon.no\/tilbud-myrsnipa-samvaerssted\/#website","url":"https:\/\/kirkensbymisjon.no\/tilbud-myrsnipa-samvaerssted\/","name":"Myrsnipa Samv\u00e6rssted","description":"","potentialAction":[{"@type":"SearchAction","target":{"@type":"EntryPoint","urlTemplate":"https:\/\/kirkensbymisjon.no\/tilbud-myrsnipa-samvaerssted\/?s={search_term_string}"},"query-input":{"@type":"PropertyValueSpecification","valueRequired":true,"valueName":"search_term_string"}}],"inLanguage":"nb-NO"}]}},"_links":{"self":[{"href":"https:\/\/kirkensbymisjon.no\/tilbud-myrsnipa-samvaerssted\/wp-json\/wp\/v2\/pages\/3","targetHints":{"allow":["GET"]}}],"collection":[{"href":"https:\/\/kirkensbymisjon.no\/tilbud-myrsnipa-samvaerssted\/wp-json\/wp\/v2\/pages"}],"about":[{"href":"https:\/\/kirkensbymisjon.no\/tilbud-myrsnipa-samvaerssted\/wp-json\/wp\/v2\/types\/page"}],"author":[{"embeddable":true,"href":"https:\/\/kirkensbymisjon.no\/tilbud-myrsnipa-samvaerssted\/wp-json\/wp\/v2\/users\/5"}],"replies":[{"embeddable":true,"href":"https:\/\/kirkensbymisjon.no\/tilbud-myrsnipa-samvaerssted\/wp-json\/wp\/v2\/comments?post=3"}],"version-history":[{"count":5,"href":"https:\/\/kirkensbymisjon.no\/tilbud-myrsnipa-samvaerssted\/wp-json\/wp\/v2\/pages\/3\/revisions"}],"predecessor-version":[{"id":189,"href":"https:\/\/kirkensbymisjon.no\/tilbud-myrsnipa-samvaerssted\/wp-json\/wp\/v2\/pages\/3\/revisions\/189"}],"wp:attachment":[{"href":"https:\/\/kirkensbymisjon.no\/tilbud-myrsnipa-samvaerssted\/wp-json\/wp\/v2\/media?parent=3"}],"curies":[{"name":"wp","href":"https:\/\/api.w.org\/{rel}","templated":true}]}}