{"id":8,"date":"2024-08-06T10:51:01","date_gmt":"2024-08-06T08:51:01","guid":{"rendered":"https:\/\/kirkensbymisjon.no\/tilbud-myrsnipa-samvaerssted\/?page_id=8"},"modified":"2025-01-06T01:00:48","modified_gmt":"2025-01-06T00:00:48","slug":"om-samvaersstedene","status":"publish","type":"page","link":"https:\/\/kirkensbymisjon.no\/tilbud-myrsnipa-samvaerssted\/om-samvaersstedene\/","title":{"rendered":"Om samv\u00e6rsstedene"},"content":{"rendered":"\n<p>Vi startet opp i 2002 i Oslo. Siden har tilbudet ekspandert, og finnes n\u00e5 i stadig flere byer i landet.&nbsp;Vi har et engasjement for, og et \u00f8nske om \u00e5 bidra til, god og trygg kontakt mellom barn og foreldre som av forskjellige grunner ikke bor sammen.<\/p>\n\n\n\n<p>Vi er opptatt av \u00e5 v\u00e6re i front n\u00e5r det gjelder tilrettelagte samv\u00e6r med tilsyn i Norge. Det er oftest Barneverntjenesten, Buf-etat eller Familievernkontorene i den enkelte kommune som formidler samv\u00e6r til Myrsnipa Samv\u00e6rssted.<\/p>\n\n\n<div class=\"t2-accordion wp-block-t2-accordion\" data-allow-multiple=\"1\" role=\"list\">\n<div class=\"t2-accordion-item wp-block-t2-accordion-item\" role=\"listitem\">\n\t\t\t<h2 class=\"t2-accordion-title\">\n\t\t\t\t<button type=\"button\" class=\"t2-accordion-trigger\" id=\"tilrettelegger-og-bist\u00e5r\" aria-controls=\"accordion-panel\" aria-expanded=\"false\">\n\t\t\t\t\tTilrettelegger og bist\u00e5r\n\t\t\t\t\t<span class=\"t2-accordion-icon is-closed-icon\"><svg xmlns=\"http:\/\/www.w3.org\/2000\/svg\" viewBox=\"0 0 24 24\" height=\"24\" width=\"24\" class=\"t2-icon t2-icon-plus\" aria-hidden=\"true\" focusable=\"false\"><path d=\"M11.8 5.037a1.088 1.088 0 0 0-.722.566c-.075.148-.078.25-.078 2.772v2.619l-2.61.016c-1.867.012-2.652.03-2.756.064-.168.055-.438.301-.54.494-.049.092-.07.223-.07.432 0 .34.054.476.282.704.289.289.14.275 3.064.288l2.63.012v2.619c0 2.544.002 2.625.08 2.778.191.372.516.577.92.577s.729-.205.92-.577c.078-.153.08-.234.08-2.778v-2.619l2.63-.012c2.924-.013 2.775.001 3.064-.288.228-.228.282-.364.282-.704 0-.209-.021-.34-.07-.432-.102-.193-.372-.439-.54-.494-.104-.034-.889-.052-2.756-.064L13 10.994V8.375c0-2.522-.003-2.624-.078-2.772-.214-.418-.685-.656-1.122-.566\"\/><\/svg><\/span>\n\t\t\t\t\t<span class=\"t2-accordion-icon is-open-icon\"><svg xmlns=\"http:\/\/www.w3.org\/2000\/svg\" viewBox=\"0 0 24 24\" height=\"24\" width=\"24\" class=\"t2-icon t2-icon-chevronup\" aria-hidden=\"true\" focusable=\"false\"><path d=\"M6.7 14.7c-.2-.2-.3-.4-.3-.7s.1-.5.3-.7l4.6-4.6c.1-.1.2-.2.3-.2.1 0 .2-.1.4-.1.1 0 .3 0 .4.1.1 0 .2.1.3.2l4.6 4.6c.2.2.3.4.3.7s-.1.5-.3.7c-.2.2-.4.3-.7.3s-.5-.1-.7-.3L12 10.8l-3.9 3.9c-.2.2-.4.3-.7.3s-.5-.1-.7-.3z\" fill=\"currentColor\" \/><\/svg><\/span>\n\t\t\t\t<\/button>\n\t\t\t<\/h2>\n\t\t\t<div class=\"t2-accordion-item__inner-container is-layout-flow\" id=\"accordion-panel\" aria-labelledby=\"tilrettelegger-og-bist\u00e5r\" role=\"region\" hidden>\n\t\t\t\t\n\n<p>Myrsnipa Samv\u00e6rsted har opparbeidet seg h\u00f8y kompetanse i \u00e5 tilrettelegge og bist\u00e5 i samv\u00e6r mellom barn og foreldre der relasjonen kan v\u00e6re problematisk. <\/p>\n\n\n\n<p>Vi tilbyr ogs\u00e5 veiledning til foreldre som f\u00f8ler seg usikre p\u00e5 sin foreldrerolle n\u00e5r kontakten er sporadisk. De fleste barn har behov, nytte og glede av \u00e5 ha kontakt med sine foreldre. En viktig forutsetning for trygge og gode samv\u00e6r er \u00e5 gj\u00f8re de forutsigbare b\u00e5de for barna og foreldrene.<\/p>\n\n\n\n<p>P\u00e5 samv\u00e6rsstedene er vi ogs\u00e5 opptatt av at barna som kommer for \u00e5 m\u00f8te sine foreldre skal f\u00e5 med seg gode minner fra samv\u00e6rene og foreldrene sine. Det inneb\u00e6rer at vi har fokus p\u00e5 aktiviteter som barn og foreldrene kan gj\u00f8re sammen. Det kan v\u00e6re \u00e5 gj\u00f8re en aktivitet i leilighetene v\u00e5re som for eksempel tegne, male, perle, lage mat, se film, eller det kan ogs\u00e5 v\u00e6re \u00e5 g\u00e5 p\u00e5 kino, gjennomf\u00f8re samv\u00e6r p\u00e5 forskjellige aktivitetsparker, turer i skog og mark, grille mat sammen, markere bursdager og h\u00f8ytidsdager for eksempel ved \u00e5 spise p\u00e5 en restaurant.<\/p>\n\n\n\t\t\t<\/div>\n\t\t<\/div>\n\n<div class=\"t2-accordion-item wp-block-t2-accordion-item\" role=\"listitem\">\n\t\t\t<h2 class=\"t2-accordion-title\">\n\t\t\t\t<button type=\"button\" class=\"t2-accordion-trigger\" id=\"samtaler-med-barna\" aria-controls=\"accordion-panel-1\" aria-expanded=\"false\">\n\t\t\t\t\tSamtaler med barna\n\t\t\t\t\t<span class=\"t2-accordion-icon is-closed-icon\"><svg xmlns=\"http:\/\/www.w3.org\/2000\/svg\" viewBox=\"0 0 24 24\" height=\"24\" width=\"24\" class=\"t2-icon t2-icon-plus\" aria-hidden=\"true\" focusable=\"false\"><path d=\"M11.8 5.037a1.088 1.088 0 0 0-.722.566c-.075.148-.078.25-.078 2.772v2.619l-2.61.016c-1.867.012-2.652.03-2.756.064-.168.055-.438.301-.54.494-.049.092-.07.223-.07.432 0 .34.054.476.282.704.289.289.14.275 3.064.288l2.63.012v2.619c0 2.544.002 2.625.08 2.778.191.372.516.577.92.577s.729-.205.92-.577c.078-.153.08-.234.08-2.778v-2.619l2.63-.012c2.924-.013 2.775.001 3.064-.288.228-.228.282-.364.282-.704 0-.209-.021-.34-.07-.432-.102-.193-.372-.439-.54-.494-.104-.034-.889-.052-2.756-.064L13 10.994V8.375c0-2.522-.003-2.624-.078-2.772-.214-.418-.685-.656-1.122-.566\"\/><\/svg><\/span>\n\t\t\t\t\t<span class=\"t2-accordion-icon is-open-icon\"><svg xmlns=\"http:\/\/www.w3.org\/2000\/svg\" viewBox=\"0 0 24 24\" height=\"24\" width=\"24\" class=\"t2-icon t2-icon-chevronup\" aria-hidden=\"true\" focusable=\"false\"><path d=\"M6.7 14.7c-.2-.2-.3-.4-.3-.7s.1-.5.3-.7l4.6-4.6c.1-.1.2-.2.3-.2.1 0 .2-.1.4-.1.1 0 .3 0 .4.1.1 0 .2.1.3.2l4.6 4.6c.2.2.3.4.3.7s-.1.5-.3.7c-.2.2-.4.3-.7.3s-.5-.1-.7-.3L12 10.8l-3.9 3.9c-.2.2-.4.3-.7.3s-.5-.1-.7-.3z\" fill=\"currentColor\" \/><\/svg><\/span>\n\t\t\t\t<\/button>\n\t\t\t<\/h2>\n\t\t\t<div class=\"t2-accordion-item__inner-container is-layout-flow\" id=\"accordion-panel-1\" aria-labelledby=\"samtaler-med-barna\" role=\"region\" hidden>\n\t\t\t\t\n\n<p>Vi som jobber ved Myrsnipa Samv\u00e6rssted bruker mye tid p\u00e5 \u00e5 samtale med barna slik at barna trygges og kan f\u00e5 komme med innspill og \u00f8nsker slik at samv\u00e6rene blir best mulig for dem. Vi bruker ogs\u00e5 tid med biologiske foreldre som kommer for \u00e5 m\u00f8te barna sine hos oss, samt p\u00e5 fosterforeldre som barna bor hos. Det at vi f\u00e5r til ett godt samarbeide med foreldre\/fosterforeldre, kommer barna til gode. Kontakt og veiledning til de voksne i nettverket gj\u00f8res for \u00e5 trygge barna og for \u00e5 lage best mulig rammer rundt dem.<\/p>\n\n\n\n<p>Myrsnipa Samv\u00e6rssted liker \u00e5 se p\u00e5 seg selv som en brobygger mellom voksenpersonene i barnets liv. Det er v\u00e5r erfaring at verdien av trygghet, deltakelse og gode minner ikke alltid er s\u00e5 lett \u00e5 m\u00e5le i kroner og \u00f8re, samtidig som vi er trygge p\u00e5 at dette er noe vi ogs\u00e5 i fremtiden vil og m\u00e5 prioritere.<\/p>\n\n\n\t\t\t<\/div>\n\t\t<\/div>\n\n<div class=\"t2-accordion-item wp-block-t2-accordion-item\" role=\"listitem\">\n\t\t\t<h2 class=\"t2-accordion-title\">\n\t\t\t\t<button type=\"button\" class=\"t2-accordion-trigger\" id=\"presisering-fra-bufdir\" aria-controls=\"accordion-panel-2\" aria-expanded=\"false\">\n\t\t\t\t\tPresisering fra Bufdir\n\t\t\t\t\t<span class=\"t2-accordion-icon is-closed-icon\"><svg xmlns=\"http:\/\/www.w3.org\/2000\/svg\" viewBox=\"0 0 24 24\" height=\"24\" width=\"24\" class=\"t2-icon t2-icon-plus\" aria-hidden=\"true\" focusable=\"false\"><path d=\"M11.8 5.037a1.088 1.088 0 0 0-.722.566c-.075.148-.078.25-.078 2.772v2.619l-2.61.016c-1.867.012-2.652.03-2.756.064-.168.055-.438.301-.54.494-.049.092-.07.223-.07.432 0 .34.054.476.282.704.289.289.14.275 3.064.288l2.63.012v2.619c0 2.544.002 2.625.08 2.778.191.372.516.577.92.577s.729-.205.92-.577c.078-.153.08-.234.08-2.778v-2.619l2.63-.012c2.924-.013 2.775.001 3.064-.288.228-.228.282-.364.282-.704 0-.209-.021-.34-.07-.432-.102-.193-.372-.439-.54-.494-.104-.034-.889-.052-2.756-.064L13 10.994V8.375c0-2.522-.003-2.624-.078-2.772-.214-.418-.685-.656-1.122-.566\"\/><\/svg><\/span>\n\t\t\t\t\t<span class=\"t2-accordion-icon is-open-icon\"><svg xmlns=\"http:\/\/www.w3.org\/2000\/svg\" viewBox=\"0 0 24 24\" height=\"24\" width=\"24\" class=\"t2-icon t2-icon-chevronup\" aria-hidden=\"true\" focusable=\"false\"><path d=\"M6.7 14.7c-.2-.2-.3-.4-.3-.7s.1-.5.3-.7l4.6-4.6c.1-.1.2-.2.3-.2.1 0 .2-.1.4-.1.1 0 .3 0 .4.1.1 0 .2.1.3.2l4.6 4.6c.2.2.3.4.3.7s-.1.5-.3.7c-.2.2-.4.3-.7.3s-.5-.1-.7-.3L12 10.8l-3.9 3.9c-.2.2-.4.3-.7.3s-.5-.1-.7-.3z\" fill=\"currentColor\" \/><\/svg><\/span>\n\t\t\t\t<\/button>\n\t\t\t<\/h2>\n\t\t\t<div class=\"t2-accordion-item__inner-container is-layout-flow\" id=\"accordion-panel-2\" aria-labelledby=\"presisering-fra-bufdir\" role=\"region\" hidden>\n\t\t\t\t\n\n<p><a href=\"https:\/\/kirkensbymisjon.no\/content\/uploads\/sites\/99\/2024\/08\/Bufdir_Presisering.pdf\" target=\"_blank\" rel=\"noreferrer noopener\">Les mer om<\/a> adgang til \u00e5 bruke blant annet Ideelle organisasjoner ved samv\u00e6r.<\/p>\n\n\n\t\t\t<\/div>\n\t\t<\/div>\n<\/div>\n\n\t<div class=\"alignfull wp-block-kbm-gallery\" data-scroll=\"1\">\n\t\t<div class=\"kbm-gallery__scroll\">\n\t\t\t<div class=\"kbm-gallery__wrapper\">\n\t\t\t\t\n\n<figure class=\"wp-block-gallery has-nested-images columns-default is-cropped wp-block-gallery-1 is-layout-flex wp-block-gallery-is-layout-flex\">\n<figure class=\"wp-block-image size-large\"><img loading=\"lazy\" decoding=\"async\" width=\"1024\" height=\"681\" data-id=\"62\" src=\"https:\/\/kirkensbymisjon.no\/content\/uploads\/sites\/99\/2024\/08\/Tilbud_Myrsnipa_11-1024x681.jpg\" alt=\"Leiligheten p\u00e5 Myrsnipa Samv\u00e6rssted\" class=\"wp-image-62\" srcset=\"https:\/\/kirkensbymisjon.no\/content\/uploads\/sites\/99\/2024\/08\/Tilbud_Myrsnipa_11-1024x681.jpg 1024w, https:\/\/kirkensbymisjon.no\/content\/uploads\/sites\/99\/2024\/08\/Tilbud_Myrsnipa_11-300x199.jpg 300w, https:\/\/kirkensbymisjon.no\/content\/uploads\/sites\/99\/2024\/08\/Tilbud_Myrsnipa_11-768x511.jpg 768w, https:\/\/kirkensbymisjon.no\/content\/uploads\/sites\/99\/2024\/08\/Tilbud_Myrsnipa_11.jpg 1280w\" sizes=\"auto, (max-width: 1024px) 100vw, 1024px\" \/><\/figure>\n\n\n\n<figure class=\"wp-block-image size-large\"><img loading=\"lazy\" decoding=\"async\" width=\"1024\" height=\"682\" data-id=\"63\" src=\"https:\/\/kirkensbymisjon.no\/content\/uploads\/sites\/99\/2024\/08\/Tilbud_Myrsnipa_12-1024x682.jpg\" alt=\"Leiligheten p\u00e5 Myrsnipa Samv\u00e6rssted\" class=\"wp-image-63\" srcset=\"https:\/\/kirkensbymisjon.no\/content\/uploads\/sites\/99\/2024\/08\/Tilbud_Myrsnipa_12-1024x682.jpg 1024w, https:\/\/kirkensbymisjon.no\/content\/uploads\/sites\/99\/2024\/08\/Tilbud_Myrsnipa_12-300x200.jpg 300w, https:\/\/kirkensbymisjon.no\/content\/uploads\/sites\/99\/2024\/08\/Tilbud_Myrsnipa_12-768x512.jpg 768w, https:\/\/kirkensbymisjon.no\/content\/uploads\/sites\/99\/2024\/08\/Tilbud_Myrsnipa_12.jpg 1280w\" sizes=\"auto, (max-width: 1024px) 100vw, 1024px\" \/><\/figure>\n\n\n\n<figure class=\"wp-block-image size-large\"><img loading=\"lazy\" decoding=\"async\" width=\"1024\" height=\"690\" data-id=\"61\" src=\"https:\/\/kirkensbymisjon.no\/content\/uploads\/sites\/99\/2024\/08\/Tilbud_Myrsnipa_10-1024x690.jpg\" alt=\"Leiligheten p\u00e5 Myrsnipa Samv\u00e6rssted\" class=\"wp-image-61\" srcset=\"https:\/\/kirkensbymisjon.no\/content\/uploads\/sites\/99\/2024\/08\/Tilbud_Myrsnipa_10-1024x690.jpg 1024w, https:\/\/kirkensbymisjon.no\/content\/uploads\/sites\/99\/2024\/08\/Tilbud_Myrsnipa_10-300x202.jpg 300w, https:\/\/kirkensbymisjon.no\/content\/uploads\/sites\/99\/2024\/08\/Tilbud_Myrsnipa_10-768x517.jpg 768w, https:\/\/kirkensbymisjon.no\/content\/uploads\/sites\/99\/2024\/08\/Tilbud_Myrsnipa_10.jpg 1280w\" sizes=\"auto, (max-width: 1024px) 100vw, 1024px\" \/><\/figure>\n\n\n\n<figure class=\"wp-block-image size-large\"><img loading=\"lazy\" decoding=\"async\" width=\"1024\" height=\"681\" data-id=\"60\" src=\"https:\/\/kirkensbymisjon.no\/content\/uploads\/sites\/99\/2024\/08\/Tilbud_Myrsnipa_09-1024x681.jpg\" alt=\"Leiligheten p\u00e5 Myrsnipa Samv\u00e6rssted\" class=\"wp-image-60\" srcset=\"https:\/\/kirkensbymisjon.no\/content\/uploads\/sites\/99\/2024\/08\/Tilbud_Myrsnipa_09-1024x681.jpg 1024w, https:\/\/kirkensbymisjon.no\/content\/uploads\/sites\/99\/2024\/08\/Tilbud_Myrsnipa_09-300x199.jpg 300w, https:\/\/kirkensbymisjon.no\/content\/uploads\/sites\/99\/2024\/08\/Tilbud_Myrsnipa_09-768x511.jpg 768w, https:\/\/kirkensbymisjon.no\/content\/uploads\/sites\/99\/2024\/08\/Tilbud_Myrsnipa_09.jpg 1280w\" sizes=\"auto, (max-width: 1024px) 100vw, 1024px\" \/><\/figure>\n\n\n\n<figure class=\"wp-block-image size-large\"><img loading=\"lazy\" decoding=\"async\" width=\"1024\" height=\"658\" data-id=\"59\" src=\"https:\/\/kirkensbymisjon.no\/content\/uploads\/sites\/99\/2024\/08\/Tilbud_Myrsnipa_08-1024x658.jpg\" alt=\"Leiligheten p\u00e5 Myrsnipa Samv\u00e6rssted\" class=\"wp-image-59\" srcset=\"https:\/\/kirkensbymisjon.no\/content\/uploads\/sites\/99\/2024\/08\/Tilbud_Myrsnipa_08-1024x658.jpg 1024w, https:\/\/kirkensbymisjon.no\/content\/uploads\/sites\/99\/2024\/08\/Tilbud_Myrsnipa_08-300x193.jpg 300w, https:\/\/kirkensbymisjon.no\/content\/uploads\/sites\/99\/2024\/08\/Tilbud_Myrsnipa_08-768x493.jpg 768w, https:\/\/kirkensbymisjon.no\/content\/uploads\/sites\/99\/2024\/08\/Tilbud_Myrsnipa_08-1536x987.jpg 1536w, https:\/\/kirkensbymisjon.no\/content\/uploads\/sites\/99\/2024\/08\/Tilbud_Myrsnipa_08.jpg 1600w\" sizes=\"auto, (max-width: 1024px) 100vw, 1024px\" \/><\/figure>\n\n\n\n<figure class=\"wp-block-image size-large\"><img loading=\"lazy\" decoding=\"async\" width=\"1024\" height=\"681\" data-id=\"57\" src=\"https:\/\/kirkensbymisjon.no\/content\/uploads\/sites\/99\/2024\/08\/Tilbud_Myrsnipa_06-1024x681.jpg\" alt=\"Leiligheten p\u00e5 Myrsnipa Samv\u00e6rssted\" class=\"wp-image-57\" srcset=\"https:\/\/kirkensbymisjon.no\/content\/uploads\/sites\/99\/2024\/08\/Tilbud_Myrsnipa_06-1024x681.jpg 1024w, https:\/\/kirkensbymisjon.no\/content\/uploads\/sites\/99\/2024\/08\/Tilbud_Myrsnipa_06-300x199.jpg 300w, https:\/\/kirkensbymisjon.no\/content\/uploads\/sites\/99\/2024\/08\/Tilbud_Myrsnipa_06-768x511.jpg 768w, https:\/\/kirkensbymisjon.no\/content\/uploads\/sites\/99\/2024\/08\/Tilbud_Myrsnipa_06.jpg 1280w\" sizes=\"auto, (max-width: 1024px) 100vw, 1024px\" \/><\/figure>\n\n\n\n<figure class=\"wp-block-image size-large\"><img loading=\"lazy\" decoding=\"async\" width=\"1024\" height=\"681\" data-id=\"56\" src=\"https:\/\/kirkensbymisjon.no\/content\/uploads\/sites\/99\/2024\/08\/Tilbud_Myrsnipa_05-1024x681.jpg\" alt=\"Leiligheten p\u00e5 Myrsnipa Samv\u00e6rssted\" class=\"wp-image-56\" srcset=\"https:\/\/kirkensbymisjon.no\/content\/uploads\/sites\/99\/2024\/08\/Tilbud_Myrsnipa_05-1024x681.jpg 1024w, https:\/\/kirkensbymisjon.no\/content\/uploads\/sites\/99\/2024\/08\/Tilbud_Myrsnipa_05-300x199.jpg 300w, https:\/\/kirkensbymisjon.no\/content\/uploads\/sites\/99\/2024\/08\/Tilbud_Myrsnipa_05-768x511.jpg 768w, https:\/\/kirkensbymisjon.no\/content\/uploads\/sites\/99\/2024\/08\/Tilbud_Myrsnipa_05.jpg 1280w\" sizes=\"auto, (max-width: 1024px) 100vw, 1024px\" \/><\/figure>\n\n\n\n<figure class=\"wp-block-image size-large\"><img loading=\"lazy\" decoding=\"async\" width=\"1024\" height=\"682\" data-id=\"55\" src=\"https:\/\/kirkensbymisjon.no\/content\/uploads\/sites\/99\/2024\/08\/Tilbud_Myrsnipa_04-1024x682.jpg\" alt=\"Leiligheten p\u00e5 Myrsnipa Samv\u00e6rssted\" class=\"wp-image-55\" srcset=\"https:\/\/kirkensbymisjon.no\/content\/uploads\/sites\/99\/2024\/08\/Tilbud_Myrsnipa_04-1024x682.jpg 1024w, https:\/\/kirkensbymisjon.no\/content\/uploads\/sites\/99\/2024\/08\/Tilbud_Myrsnipa_04-300x200.jpg 300w, https:\/\/kirkensbymisjon.no\/content\/uploads\/sites\/99\/2024\/08\/Tilbud_Myrsnipa_04-768x512.jpg 768w, https:\/\/kirkensbymisjon.no\/content\/uploads\/sites\/99\/2024\/08\/Tilbud_Myrsnipa_04.jpg 1280w\" sizes=\"auto, (max-width: 1024px) 100vw, 1024px\" \/><\/figure>\n<\/figure>\n\n\t\t\t<\/div>\n\t\t<\/div>\n\t<\/div>\n\t\n\n\n<h2 class=\"wp-block-heading\" id=\"h-vare-leiligheter\">V\u00e5re leiligheter<\/h2>\n\n\n\n<ul class=\"wp-block-list\">\n<li>Samv\u00e6rene foreg\u00e5r i hyggelige og barnevennlige leiligheter. Barna vet hvor de skal og hva som venter dem der av muligheter for lek og aktiviteter. Der m\u00f8ter de sine foreldre og et fast personale.<\/li>\n\n\n\n<li>Hos oss kan barn og foreldre v\u00e6re sammen om ulike aktiviteter som \u00e5 lage mat, spille spill, tegne, se barne-TV eller gj\u00f8re lekser. Myrsnipa samv\u00e6rssted samarbeider med foreldre, barn og barneverntjenesten om planlegging og gjennomf\u00f8ring av samv\u00e6rene.<\/li>\n\n\n\n<li>Vi ser det som viktig \u00e5 v\u00e6re brobygger mellom voksenpersonene rundt barna.<\/li>\n\n\n\n<li>Vi bestreber oss p\u00e5 at det enkelte barn blir ivaretatt, samtidig som foreldrenes myndighet og integritet blir opprettholdt.<\/li>\n<\/ul>\n","protected":false},"excerpt":{"rendered":"<p>Vi startet opp i 2002 i Oslo. Siden har tilbudet ekspandert, og finnes n\u00e5 i&hellip;<\/p>\n","protected":false},"author":5,"featured_media":0,"parent":0,"menu_order":0,"comment_status":"closed","ping_status":"closed","template":"","meta":{"_relevanssi_hide_post":"","_relevanssi_hide_content":"","_relevanssi_pin_for_all":"","_relevanssi_pin_keywords":"","_relevanssi_unpin_keywords":"","_relevanssi_related_keywords":"","_relevanssi_related_include_ids":"","_relevanssi_related_exclude_ids":"","_relevanssi_related_no_append":"","_relevanssi_related_not_related":"","_relevanssi_related_posts":"1","_relevanssi_noindex_reason":"","editor_notices":[],"footnotes":""},"class_list":["post-8","page","type-page","status-publish","hentry"],"yoast_head":"<!-- This site is optimized with the Yoast SEO Premium plugin v27.2 (Yoast SEO v27.2) - https:\/\/yoast.com\/product\/yoast-seo-premium-wordpress\/ -->\n<title>Om samv\u00e6rsstedene - Myrsnipa Samv\u00e6rssted<\/title>\n<meta name=\"robots\" content=\"index, follow, max-snippet:-1, max-image-preview:large, max-video-preview:-1\" \/>\n<link rel=\"canonical\" href=\"https:\/\/kirkensbymisjon.no\/tilbud-myrsnipa-samvaerssted\/om-samvaersstedene\/\" \/>\n<meta property=\"og:locale\" content=\"nb_NO\" \/>\n<meta property=\"og:type\" content=\"article\" \/>\n<meta property=\"og:title\" content=\"Om samv\u00e6rsstedene\" \/>\n<meta property=\"og:description\" content=\"Vi startet opp i 2002 i Oslo. Siden har tilbudet ekspandert, og finnes n\u00e5 i&hellip;\" \/>\n<meta property=\"og:url\" content=\"https:\/\/kirkensbymisjon.no\/tilbud-myrsnipa-samvaerssted\/om-samvaersstedene\/\" \/>\n<meta property=\"og:site_name\" content=\"Myrsnipa Samv\u00e6rssted\" \/>\n<meta property=\"article:modified_time\" content=\"2025-01-06T00:00:48+00:00\" \/>\n<meta property=\"og:image\" content=\"https:\/\/kirkensbymisjon.no\/content\/uploads\/sites\/99\/2024\/08\/Tilbud_Myrsnipa_11.jpg\" \/>\n\t<meta property=\"og:image:width\" content=\"1280\" \/>\n\t<meta property=\"og:image:height\" content=\"851\" \/>\n\t<meta property=\"og:image:type\" content=\"image\/jpeg\" \/>\n<meta name=\"twitter:card\" content=\"summary_large_image\" \/>\n<meta name=\"twitter:label1\" content=\"Ansl. lesetid\" \/>\n\t<meta name=\"twitter:data1\" content=\"5 minutter\" \/>\n<script type=\"application\/ld+json\" class=\"yoast-schema-graph\">{\"@context\":\"https:\/\/schema.org\",\"@graph\":[{\"@type\":\"WebPage\",\"@id\":\"https:\/\/kirkensbymisjon.no\/tilbud-myrsnipa-samvaerssted\/om-samvaersstedene\/\",\"url\":\"https:\/\/kirkensbymisjon.no\/tilbud-myrsnipa-samvaerssted\/om-samvaersstedene\/\",\"name\":\"Om samv\u00e6rsstedene - Myrsnipa Samv\u00e6rssted\",\"isPartOf\":{\"@id\":\"https:\/\/kirkensbymisjon.no\/tilbud-myrsnipa-samvaerssted\/#website\"},\"primaryImageOfPage\":{\"@id\":\"https:\/\/kirkensbymisjon.no\/tilbud-myrsnipa-samvaerssted\/om-samvaersstedene\/#primaryimage\"},\"image\":{\"@id\":\"https:\/\/kirkensbymisjon.no\/tilbud-myrsnipa-samvaerssted\/om-samvaersstedene\/#primaryimage\"},\"thumbnailUrl\":\"https:\/\/kirkensbymisjon.no\/content\/uploads\/sites\/99\/2024\/08\/Tilbud_Myrsnipa_11-1024x681.jpg\",\"datePublished\":\"2024-08-06T08:51:01+00:00\",\"dateModified\":\"2025-01-06T00:00:48+00:00\",\"breadcrumb\":{\"@id\":\"https:\/\/kirkensbymisjon.no\/tilbud-myrsnipa-samvaerssted\/om-samvaersstedene\/#breadcrumb\"},\"inLanguage\":\"nb-NO\",\"potentialAction\":[{\"@type\":\"ReadAction\",\"target\":[\"https:\/\/kirkensbymisjon.no\/tilbud-myrsnipa-samvaerssted\/om-samvaersstedene\/\"]}]},{\"@type\":\"ImageObject\",\"inLanguage\":\"nb-NO\",\"@id\":\"https:\/\/kirkensbymisjon.no\/tilbud-myrsnipa-samvaerssted\/om-samvaersstedene\/#primaryimage\",\"url\":\"https:\/\/kirkensbymisjon.no\/content\/uploads\/sites\/99\/2024\/08\/Tilbud_Myrsnipa_11-1024x681.jpg\",\"contentUrl\":\"https:\/\/kirkensbymisjon.no\/content\/uploads\/sites\/99\/2024\/08\/Tilbud_Myrsnipa_11-1024x681.jpg\"},{\"@type\":\"BreadcrumbList\",\"@id\":\"https:\/\/kirkensbymisjon.no\/tilbud-myrsnipa-samvaerssted\/om-samvaersstedene\/#breadcrumb\",\"itemListElement\":[{\"@type\":\"ListItem\",\"position\":1,\"name\":\"Hjem\",\"item\":\"https:\/\/kirkensbymisjon.no\/tilbud-myrsnipa-samvaerssted\/\"},{\"@type\":\"ListItem\",\"position\":2,\"name\":\"Om samv\u00e6rsstedene\"}]},{\"@type\":\"WebSite\",\"@id\":\"https:\/\/kirkensbymisjon.no\/tilbud-myrsnipa-samvaerssted\/#website\",\"url\":\"https:\/\/kirkensbymisjon.no\/tilbud-myrsnipa-samvaerssted\/\",\"name\":\"Myrsnipa Samv\u00e6rssted\",\"description\":\"\",\"potentialAction\":[{\"@type\":\"SearchAction\",\"target\":{\"@type\":\"EntryPoint\",\"urlTemplate\":\"https:\/\/kirkensbymisjon.no\/tilbud-myrsnipa-samvaerssted\/?s={search_term_string}\"},\"query-input\":{\"@type\":\"PropertyValueSpecification\",\"valueRequired\":true,\"valueName\":\"search_term_string\"}}],\"inLanguage\":\"nb-NO\"}]}<\/script>\n<!-- \/ Yoast SEO Premium plugin. -->","yoast_head_json":{"title":"Om samv\u00e6rsstedene - Myrsnipa Samv\u00e6rssted","robots":{"index":"index","follow":"follow","max-snippet":"max-snippet:-1","max-image-preview":"max-image-preview:large","max-video-preview":"max-video-preview:-1"},"canonical":"https:\/\/kirkensbymisjon.no\/tilbud-myrsnipa-samvaerssted\/om-samvaersstedene\/","og_locale":"nb_NO","og_type":"article","og_title":"Om samv\u00e6rsstedene","og_description":"Vi startet opp i 2002 i Oslo. Siden har tilbudet ekspandert, og finnes n\u00e5 i&hellip;","og_url":"https:\/\/kirkensbymisjon.no\/tilbud-myrsnipa-samvaerssted\/om-samvaersstedene\/","og_site_name":"Myrsnipa Samv\u00e6rssted","article_modified_time":"2025-01-06T00:00:48+00:00","og_image":[{"width":1280,"height":851,"url":"https:\/\/kirkensbymisjon.no\/content\/uploads\/sites\/99\/2024\/08\/Tilbud_Myrsnipa_11.jpg","type":"image\/jpeg"}],"twitter_card":"summary_large_image","twitter_misc":{"Ansl. lesetid":"5 minutter"},"schema":{"@context":"https:\/\/schema.org","@graph":[{"@type":"WebPage","@id":"https:\/\/kirkensbymisjon.no\/tilbud-myrsnipa-samvaerssted\/om-samvaersstedene\/","url":"https:\/\/kirkensbymisjon.no\/tilbud-myrsnipa-samvaerssted\/om-samvaersstedene\/","name":"Om samv\u00e6rsstedene - Myrsnipa Samv\u00e6rssted","isPartOf":{"@id":"https:\/\/kirkensbymisjon.no\/tilbud-myrsnipa-samvaerssted\/#website"},"primaryImageOfPage":{"@id":"https:\/\/kirkensbymisjon.no\/tilbud-myrsnipa-samvaerssted\/om-samvaersstedene\/#primaryimage"},"image":{"@id":"https:\/\/kirkensbymisjon.no\/tilbud-myrsnipa-samvaerssted\/om-samvaersstedene\/#primaryimage"},"thumbnailUrl":"https:\/\/kirkensbymisjon.no\/content\/uploads\/sites\/99\/2024\/08\/Tilbud_Myrsnipa_11-1024x681.jpg","datePublished":"2024-08-06T08:51:01+00:00","dateModified":"2025-01-06T00:00:48+00:00","breadcrumb":{"@id":"https:\/\/kirkensbymisjon.no\/tilbud-myrsnipa-samvaerssted\/om-samvaersstedene\/#breadcrumb"},"inLanguage":"nb-NO","potentialAction":[{"@type":"ReadAction","target":["https:\/\/kirkensbymisjon.no\/tilbud-myrsnipa-samvaerssted\/om-samvaersstedene\/"]}]},{"@type":"ImageObject","inLanguage":"nb-NO","@id":"https:\/\/kirkensbymisjon.no\/tilbud-myrsnipa-samvaerssted\/om-samvaersstedene\/#primaryimage","url":"https:\/\/kirkensbymisjon.no\/content\/uploads\/sites\/99\/2024\/08\/Tilbud_Myrsnipa_11-1024x681.jpg","contentUrl":"https:\/\/kirkensbymisjon.no\/content\/uploads\/sites\/99\/2024\/08\/Tilbud_Myrsnipa_11-1024x681.jpg"},{"@type":"BreadcrumbList","@id":"https:\/\/kirkensbymisjon.no\/tilbud-myrsnipa-samvaerssted\/om-samvaersstedene\/#breadcrumb","itemListElement":[{"@type":"ListItem","position":1,"name":"Hjem","item":"https:\/\/kirkensbymisjon.no\/tilbud-myrsnipa-samvaerssted\/"},{"@type":"ListItem","position":2,"name":"Om samv\u00e6rsstedene"}]},{"@type":"WebSite","@id":"https:\/\/kirkensbymisjon.no\/tilbud-myrsnipa-samvaerssted\/#website","url":"https:\/\/kirkensbymisjon.no\/tilbud-myrsnipa-samvaerssted\/","name":"Myrsnipa Samv\u00e6rssted","description":"","potentialAction":[{"@type":"SearchAction","target":{"@type":"EntryPoint","urlTemplate":"https:\/\/kirkensbymisjon.no\/tilbud-myrsnipa-samvaerssted\/?s={search_term_string}"},"query-input":{"@type":"PropertyValueSpecification","valueRequired":true,"valueName":"search_term_string"}}],"inLanguage":"nb-NO"}]}},"_links":{"self":[{"href":"https:\/\/kirkensbymisjon.no\/tilbud-myrsnipa-samvaerssted\/wp-json\/wp\/v2\/pages\/8","targetHints":{"allow":["GET"]}}],"collection":[{"href":"https:\/\/kirkensbymisjon.no\/tilbud-myrsnipa-samvaerssted\/wp-json\/wp\/v2\/pages"}],"about":[{"href":"https:\/\/kirkensbymisjon.no\/tilbud-myrsnipa-samvaerssted\/wp-json\/wp\/v2\/types\/page"}],"author":[{"embeddable":true,"href":"https:\/\/kirkensbymisjon.no\/tilbud-myrsnipa-samvaerssted\/wp-json\/wp\/v2\/users\/5"}],"replies":[{"embeddable":true,"href":"https:\/\/kirkensbymisjon.no\/tilbud-myrsnipa-samvaerssted\/wp-json\/wp\/v2\/comments?post=8"}],"version-history":[{"count":4,"href":"https:\/\/kirkensbymisjon.no\/tilbud-myrsnipa-samvaerssted\/wp-json\/wp\/v2\/pages\/8\/revisions"}],"predecessor-version":[{"id":199,"href":"https:\/\/kirkensbymisjon.no\/tilbud-myrsnipa-samvaerssted\/wp-json\/wp\/v2\/pages\/8\/revisions\/199"}],"wp:attachment":[{"href":"https:\/\/kirkensbymisjon.no\/tilbud-myrsnipa-samvaerssted\/wp-json\/wp\/v2\/media?parent=8"}],"curies":[{"name":"wp","href":"https:\/\/api.w.org\/{rel}","templated":true}]}}