{"id":3,"date":"2024-06-27T00:05:07","date_gmt":"2024-06-26T22:05:07","guid":{"rendered":"https:\/\/kirkensbymisjon.no\/tilbud-nabolagshuset\/forside\/"},"modified":"2025-06-10T18:21:13","modified_gmt":"2025-06-10T16:21:13","slug":"forside","status":"publish","type":"page","link":"https:\/\/kirkensbymisjon.no\/tilbud-nabolagshuset\/","title":{"rendered":"Forside"},"content":{"rendered":"\n<h2 class=\"wp-block-heading\" id=\"h-et-levende-hus-for-nabolaget\">Et levende hus for nabolaget<\/h2>\n\n\n\n<p>Nabolagshus er et konsept som f\u00f8rst og fremst er et fysisk m\u00f8tested for n\u00e6rmilj\u00f8et, med tilh\u00f8rende \u00e5pne, gratis og lavterskel aktiviteter og tilbud i regi av de som bor i omr\u00e5det, ungdommer i jobb og samarbeidspartnere. Hensikten med konseptet er \u00e5 motvirke utenforskap og styrke en f\u00f8lelse av tilh\u00f8righet, stolthet og trygghet i lokalsamfunnet. Det langsiktige m\u00e5let er at innbyggerne skal trives, \u00f8nske \u00e5 bli boende lenger, og bidra til \u00e5 styrke verdien av sitt eget nabolag.<\/p>\n\n\n\n<p><strong>Les mer om:<\/strong><\/p>\n\n\n\n<ul class=\"wp-block-list\">\n<li><a href=\"https:\/\/kirkensbymisjon.no\/tilbud-nabolagshuset\/landbrukskvartalet\/\">Nabolagshuset, Landbrukskvartalet.<\/a><\/li>\n\n\n\n<li><a href=\"https:\/\/kirkensbymisjon.no\/tilbud-nabolagshuset\/petersborg\/\">Nabolagshuset, Petersborg.<\/a><\/li>\n\n\n\n<li><a href=\"https:\/\/kirkensbymisjon.no\/tilbud-nabolagshuset\/trosterud\/\">Nabolagshuset, Trosterud.<\/a><\/li>\n\n\n\n<li><a href=\"https:\/\/kirkensbymisjon.no\/tilbud-nabolagshuset\/ostre-bydel\/\">Nabolagshuset, \u00d8stre bydel<\/a>.<\/li>\n<\/ul>\n\n\n\n<p>En egen metodikk ivaretar nabolagets interesser og behov ved at tilbud og aktiviteter tilpasses \u00f8nsker og tilgjengelige ressurser. Nabolagshus skal v\u00e6re et sted hvor ildsjeler og frivillige kan bidra med sitt engasjement, og hvor Kirkens Bymisjon bidrar til realiseringen gjennom \u00e5 igangsette og tilrettelegge for at m\u00f8tene kan skje.<\/p>\n\n\n\n<p>Nabolagshuskonseptet baserer seg p\u00e5 flerbruk, samarbeid og samskaping. Gjennom \u00e5 knytte til seg gode partnere, sikres stabilitet, langsiktighet og b\u00e6rekraft<strong>. <\/strong>Konseptet benytter egen metodikk for m\u00e5ling av merverdi for beboere, nabolag og partnere.<\/p>\n\n\n\n<p>Slagordet til Nabolagshusene er \u00ab<em>Vi bygger nabolag sammen med de som bor her<\/em>\u00bb.<\/p>\n\n\n\t<div class=\"alignwide wp-block-kbm-link-list\">\n\t\t<div class=\"kbm-link-list__items\">\n\t\t\t\n<div class=\"wp-block-kbm-link-list-item\">\t<svg xmlns=\"http:\/\/www.w3.org\/2000\/svg\" viewBox=\"0 0 48 48\" height=\"24\" width=\"24\" class=\"t2-icon t2-icon-child\" aria-hidden=\"true\" focusable=\"false\"><path d=\"M22.48 4.083a22.9 22.9 0 0 0-3.643.637c-4.782 1.215-9.055 4.091-11.768 7.92-1.339 1.89-2.379 4.2-2.87 6.374-.107.471-.174.877-.15.902.087.087 4.165.035 4.951-.064 3.552-.445 6.287-1.242 9.377-2.733 5.019-2.422 9.062-6.008 11.68-10.359.454-.755.903-1.587.903-1.674 0-.134-2.46-.708-3.8-.887-1.157-.154-3.632-.216-4.68-.116m10.334 2.053c-.147.277-.484 1.442-.611 2.11-.603 3.166.272 6.614 2.33 9.186 2.143 2.678 5.219 4.283 8.691 4.534l.785.057-.052-.432c-.466-3.924-1.689-6.961-4.022-9.991-.725-.941-2.455-2.645-3.418-3.367a23.81 23.81 0 0 0-2.932-1.863c-.637-.346-.702-.366-.771-.234m-3.385 4.556c-1.996 2.789-4.882 5.435-7.847 7.195-4.513 2.679-9.686 4.12-15.89 4.426-.852.042-1.572.1-1.6.129-.112.112-.04 3.203.098 4.158.331 2.31.953 4.278 2.007 6.346 2.145 4.213 5.559 7.445 9.883 9.359 4.618 2.043 9.756 2.228 14.6.527 1.926-.677 4.461-2.119 6.03-3.43 4.305-3.6 6.941-8.865 7.258-14.502.03-.539.033-.98.007-.98-.026 0-.468-.055-.982-.123-5.668-.743-9.68-3.183-11.634-7.077-.427-.851-.977-2.522-1.158-3.52a23.852 23.852 0 0 1-.23-1.948l-.091-1.189-.451.629M18.84 24.141c.429.222.955.777 1.154 1.219.109.242.163.531.163.88.002.688-.238 1.202-.794 1.702-.971.873-2.304.78-3.187-.223-.556-.631-.715-1.441-.442-2.245.173-.508.883-1.235 1.386-1.419.48-.176 1.292-.135 1.72.086m13.058.008c1.112.567 1.642 1.95 1.146 2.99-.701 1.47-2.463 1.834-3.656.756-.496-.448-.708-.942-.708-1.655 0-.516.033-.66.237-1.028.284-.513.811-.997 1.269-1.166.459-.169 1.275-.121 1.712.103\"\/><\/svg>\t<div class=\"kbm-link-list-item__content\">\n\t\t<p class=\"kbm-link-list-item__title\">Rom for alle<\/p>\n\t\t\t\t\t<p class=\"kbm-link-list-item__description\">Hovedm\u00e5lgruppen for tilbudene v\u00e5re er barn og unge, men nabolagshuset er ogs\u00e5 en viktig m\u00f8teplass p\u00e5 tvers av generasjoner. Vi er et \u00e5pent m\u00f8tested med gratis og lavterskel aktiviteter i regi av frivillige, unge i jobb og samarbeidspartnere.<\/p>\n\t\t\t<\/div>\n\t<\/div>\n\n<div class=\"wp-block-kbm-link-list-item\">\t<svg xmlns=\"http:\/\/www.w3.org\/2000\/svg\" viewBox=\"0 0 48 48\" height=\"24\" width=\"24\" class=\"t2-icon t2-icon-housing\" aria-hidden=\"true\" focusable=\"false\"><path d=\"M23.546 3.463c-.096.053-4.748 4.237-10.338 9.297l-10.164 9.2 2.478.021L8 22.002v11.087c0 10.096.012 11.111.131 11.362.256.541.306.549 3.393.549 3.033 0 3.006.004 3.335-.498.131-.199.144-.674.181-6.605l.04-6.39.261-.234.262-.233h2.842c3.152 0 3.185.005 3.424.509.118.247.131.901.131 6.451 0 6.834-.019 6.573.511 6.864.23.126.873.136 8.489.136 7.616 0 8.259-.01 8.489-.136.546-.299.511.504.511-11.775V22.002l2.477-.021 2.478-.021-10.128-9.16c-5.57-5.038-10.222-9.223-10.337-9.299-.242-.161-.691-.179-.944-.038\"\/><\/svg>\t<div class=\"kbm-link-list-item__content\">\n\t\t<p class=\"kbm-link-list-item__title\">Vi bygger nabolag<\/p>\n\t\t\t\t\t<p class=\"kbm-link-list-item__description\">Nabolagshuset skal v\u00e6re et sted hvor ildsjeler og frivillige kan bidra med sitt engasjement. Vi inviterer til kontinuerlig medvirkning for at naboer skal f\u00e5 eierskap til huset, og endrer tilbud og aktiviteter etter nabolagets \u00f8nsker.<\/p>\n\t\t\t<\/div>\n\t<\/div>\n\n<div class=\"wp-block-kbm-link-list-item\">\t<svg xmlns=\"http:\/\/www.w3.org\/2000\/svg\" viewBox=\"0 0 48 48\" height=\"24\" width=\"24\" class=\"t2-icon t2-icon-eco\" aria-hidden=\"true\" focusable=\"false\"><path d=\"M35.08 6.091c-2.869.362-5.372 1.869-6.939 4.177-.789 1.162-1.373 2.843-1.325 3.811l.024.474.48-.306c3.121-1.986 7.201-3.356 12.16-4.082.616-.09 1.246-.159 1.4-.153.267.011.269.013.04.044-.132.018-.87.158-1.64.31-4.457.885-7.798 2.205-10.128 4.004-1.139.879-1.754 1.674-2.518 3.258-.831 1.723-1.141 2.909-1.873 7.172-.349 2.031-.698 3.68-.779 3.68-.034 0-.062-.031-.062-.07 0-.038-.088-.497-.197-1.02-.108-.522-.324-1.677-.481-2.565-.346-1.963-.581-2.802-1.05-3.745-1.562-3.139-4.348-5.186-9.312-6.843-1.801-.602-4.247-1.213-6.16-1.541-.559-.096.403-.044 1.293.07 4.833.618 9.276 2.043 12.426 3.987.69.426.721.437.782.273.081-.22-.066-1.297-.264-1.933A8.677 8.677 0 0 0 20.5 14c-1.268-2.508-3.46-4.254-6.248-4.976-.786-.204-1.133-.248-2.212-.283-2.049-.064-3.777.265-6.6 1.259-3.312 1.166-3.896 1.34-4.981 1.481l-.382.049.416.313c.873.655 1.813 1.532 3.325 3.102 2.317 2.404 3.555 3.375 5.729 4.496 1.644.847 3.154 1.397 4.373 1.594.743.12 2.106.102 2.758-.036.648-.137 1.576-.558 2.137-.97.216-.158.405-.275.419-.259.015.017.191.336.392.71.694 1.293 1.51 3.505 1.974 5.35.36 1.429.867 4.29.777 4.38-.019.019-.356.086-.748.15-1.559.252-3.036.812-4.522 1.715-2.588 1.573-4.68 4.003-5.495 6.383-.197.577-.412 1.732-.412 2.218 0 .99.696 1.825 2.087 2.504 1.61.786 3.439 1.244 6.368 1.595 1.707.204 6.983.204 8.69 0 3.907-.468 6.492-1.304 7.695-2.488.753-.743.88-1.259.643-2.617-.222-1.267-.711-2.409-1.589-3.71-.593-.878-2.308-2.612-3.214-3.25-1.795-1.264-3.631-2.047-5.509-2.35-.392-.064-.728-.13-.745-.147-.05-.05.35-2.603.66-4.213.554-2.877 1.23-5.393 1.997-7.431.238-.633.452-1.17.475-1.194.023-.023.204.074.402.217 1.524 1.094 3.714 1.264 6.181.479 2.284-.727 4.844-2.119 6.539-3.556.352-.298 1.473-1.392 2.491-2.43 1.019-1.038 2.232-2.193 2.697-2.566l.846-.679-.537-.06c-.723-.081-1.555-.326-3.728-1.096a80.54 80.54 0 0 0-2.739-.925c-2.163-.656-4.136-.882-5.83-.668m6.38 3.882a.311.311 0 0 1-.2 0c-.055-.022-.01-.04.1-.04s.155.018.1.04\"\/><\/svg>\t<div class=\"kbm-link-list-item__content\">\n\t\t<p class=\"kbm-link-list-item__title\">B\u00e6rekraftig drift<\/p>\n\t\t\t\t\t<p class=\"kbm-link-list-item__description\">En vesentlig faktor for suksessen til Nabolagshus-konseptet er en metode for b\u00e6rekraftig drift, som sikrer langsiktighet for Kirkens Bymisjon, beboerne og samarbeidspartnerne. Byggingen av en b\u00e6rekraftig drift er tidkrevende, og derfor er det innf\u00f8rt en trinnvis fordeling av ansvar, \u00f8konomi og drift. Sammen utforsker man optimale l\u00f8sninger gjennom samarbeid, flerbruk og samskapning p\u00e5 tvers av akt\u00f8rer.<\/p>\n\t\t\t<\/div>\n\t<\/div>\n\t\t<\/div>\n\t<\/div>\n\t\n\n\n<div class=\"wp-block-media-text alignwide is-stacked-on-mobile is-style-filled\"><figure class=\"wp-block-media-text__media\"><img loading=\"lazy\" decoding=\"async\" width=\"785\" height=\"520\" src=\"https:\/\/kirkensbymisjon.no\/content\/uploads\/sites\/100\/2024\/08\/Tilbud_Nabolagshuset-Petersborg_02.png\" alt=\"Mange unge frivillige\" class=\"wp-image-40 size-full\" srcset=\"https:\/\/kirkensbymisjon.no\/content\/uploads\/sites\/100\/2024\/08\/Tilbud_Nabolagshuset-Petersborg_02.png 785w, https:\/\/kirkensbymisjon.no\/content\/uploads\/sites\/100\/2024\/08\/Tilbud_Nabolagshuset-Petersborg_02-300x199.png 300w, https:\/\/kirkensbymisjon.no\/content\/uploads\/sites\/100\/2024\/08\/Tilbud_Nabolagshuset-Petersborg_02-768x509.png 768w\" sizes=\"auto, (max-width: 785px) 100vw, 785px\" \/><\/figure><div class=\"wp-block-media-text__content\">\n<h2 class=\"wp-block-heading\" id=\"h-vi-satser-pa-de-unge\">Vi satser p\u00e5 de unge<\/h2>\n\n\n\n<p>Hos oss skal vi skape mestring gjennom ansvar og tillit, samtidig som ungdommene skal f\u00e5 bruke kreativiteten sin til \u00e5 skape noe meningsfylt. M\u00e5let med v\u00e5rt <strong>unge i jobb-program<\/strong> er \u00e5 forhindre at ungdom havner i utenforskap. Samhold, eierskap, tilh\u00f8righet og mestring er n\u00f8kkelord for hva vi \u00f8nsker \u00e5 gi dem. Arbeidet kan inneb\u00e6re deltakelse i oppstart\/forprosjekt, ulike driftsoppgaver som aktivitetsledelse, enkel matlaging, vedlikehold, renhold og drift av sosiale medier. Erfaringene gir ungdom en inngangsbillett til arbeidslivet, samtidig er de gode rollemodeller for de yngre barna som vokser opp i omr\u00e5det.<\/p>\n<\/div><\/div>\n\n\n\n<h3 class=\"wp-block-heading\" id=\"h-mer-om-var-satsning-pa-unge\">Mer om v\u00e5r satsning p\u00e5 unge<\/h3>\n\n\n\n<p><strong>Etter fem \u00e5r med v\u00e5rt \u201cunge i jobb\u201d program kan vi vise til f\u00f8lgende:<\/strong><\/p>\n\n\n\n<ul class=\"wp-block-list\">\n<li>9\/10 ungdom som har jobbet her har f\u00e5tt seg ny jobb og\/eller fortsetter p\u00e5begynt\/ny utdanning.<\/li>\n\n\n\n<li>Over 80 ungdommer mellom 13 og 18 \u00e5r har v\u00e6rt i jobb hos oss!<\/li>\n\n\n\n<li>Inng\u00e5tt et st\u00f8rre samarbeid med Deliotte som holder 4-6 kurs i \u00e5ret for v\u00e5re ungdommer.<\/li>\n\n\n\n<li>Inng\u00e5tt samarbeid med Kiwi om at de \u00e5rlig holde kurs for ungdommene v\u00e5re, samt gir de en fordel hvis de s\u00f8ker jobb p\u00e5 n\u00e6rbutikkene.<\/li>\n\n\n\n<li>Flere lokale n\u00e6ringer har stilt som mentorer for ungdommene v\u00e5re og hatt ulike kurs for dem.<\/li>\n<\/ul>\n\n\n\n<p><strong>Info om programmet<\/strong>: Lokale ungdom f\u00f8lger et tredelt program hvor man f\u00f8lger et individuelt tilpasset l\u00f8p hvor de l\u00e6rer alt grunnleggende som omhandler feks det \u00e5 ha en jobb og arbeidslivet, f\u00e5r teste seg i ulike funksjoner, l\u00e6rer hvordan de kan bli aktive samfunnsborgere i sitt n\u00e6rmilj\u00f8, f\u00e5r deltatt p\u00e5 en rekke kurs og kompetansel\u00f8fts aktiviteter, mot slutten av programmet har vi en rekke utviklingsaktiviteter og bist\u00e5r ungdommen med \u00e5 finne deres neste jobb eller studieretning.<\/p>\n\n\n<div class=\"t2-accordion wp-block-t2-accordion\" data-allow-multiple=\"1\" role=\"list\">\n<div class=\"t2-accordion-item wp-block-t2-accordion-item\" role=\"listitem\">\n\t\t\t<h2 class=\"t2-accordion-title\">\n\t\t\t\t<button type=\"button\" class=\"t2-accordion-trigger\" id=\"varsling\" aria-controls=\"accordion-panel\" aria-expanded=\"false\">\n\t\t\t\t\tVarsling\n\t\t\t\t\t<span class=\"t2-accordion-icon is-closed-icon\"><svg xmlns=\"http:\/\/www.w3.org\/2000\/svg\" viewBox=\"0 0 24 24\" height=\"24\" width=\"24\" class=\"t2-icon t2-icon-plus\" aria-hidden=\"true\" focusable=\"false\"><path d=\"M11.8 5.037a1.088 1.088 0 0 0-.722.566c-.075.148-.078.25-.078 2.772v2.619l-2.61.016c-1.867.012-2.652.03-2.756.064-.168.055-.438.301-.54.494-.049.092-.07.223-.07.432 0 .34.054.476.282.704.289.289.14.275 3.064.288l2.63.012v2.619c0 2.544.002 2.625.08 2.778.191.372.516.577.92.577s.729-.205.92-.577c.078-.153.08-.234.08-2.778v-2.619l2.63-.012c2.924-.013 2.775.001 3.064-.288.228-.228.282-.364.282-.704 0-.209-.021-.34-.07-.432-.102-.193-.372-.439-.54-.494-.104-.034-.889-.052-2.756-.064L13 10.994V8.375c0-2.522-.003-2.624-.078-2.772-.214-.418-.685-.656-1.122-.566\"\/><\/svg><\/span>\n\t\t\t\t\t<span class=\"t2-accordion-icon is-open-icon\"><svg xmlns=\"http:\/\/www.w3.org\/2000\/svg\" viewBox=\"0 0 24 24\" height=\"24\" width=\"24\" class=\"t2-icon t2-icon-chevronup\" aria-hidden=\"true\" focusable=\"false\"><path d=\"M6.7 14.7c-.2-.2-.3-.4-.3-.7s.1-.5.3-.7l4.6-4.6c.1-.1.2-.2.3-.2.1 0 .2-.1.4-.1.1 0 .3 0 .4.1.1 0 .2.1.3.2l4.6 4.6c.2.2.3.4.3.7s-.1.5-.3.7c-.2.2-.4.3-.7.3s-.5-.1-.7-.3L12 10.8l-3.9 3.9c-.2.2-.4.3-.7.3s-.5-.1-.7-.3z\" fill=\"currentColor\" \/><\/svg><\/span>\n\t\t\t\t<\/button>\n\t\t\t<\/h2>\n\t\t\t<div class=\"t2-accordion-item__inner-container is-layout-flow\" id=\"accordion-panel\" aria-labelledby=\"varsling\" role=\"region\" hidden>\n\t\t\t\t\n\n<p><strong>Kirkens Bymisjon skal v\u00e6re en trygg organisasjon for barn og unge.<\/strong><\/p>\n\n\n\n<p>Nabolagshus f\u00f8lger organisasjonens kvalitetssystem. Her inng\u00e5r \u00abTrygg organisasjon for barn\u00bb, som er v\u00e5r standard for \u00e5 forebygge, avdekke, beskytte og sikre barns rettigheter i v\u00e5re tiltak. For \u00e5 gj\u00f8re det enklere for barn \u00e5 melde ifra om kritikkverdige forhold, er det opprettet en digital Si ifra-portal hvor barnet kan velge \u00e5 v\u00e6re anonym om \u00f8nskelig.<\/p>\n\n\n\n<p>Si ifra n\u00e5r du er forn\u00f8yd eller n\u00e5r noe m\u00e5 forbedres. Vi ber deg s\u00e6rlig si ifra til oss hvis:<\/p>\n\n\n\n<ul class=\"wp-block-list\">\n<li>Du eller andre opplever noe hos oss som ikke er greit, f\u00f8les ubehagelig eller er ulovlig.<\/li>\n\n\n\n<li>Du har fors\u00f8kt \u00e5 si ifra, men opplever at du ikke blir h\u00f8rt.<\/li>\n<\/ul>\n\n\n\n<p>Les mer og meld ifra <a href=\"https:\/\/portal.mittvarsel.no\/skjema\/kirkens-bymisjon\/4r8D025euiXcdk3b.826\">her<\/a>!<\/p>\n\n\n\t\t\t<\/div>\n\t\t<\/div>\n<\/div>","protected":false},"excerpt":{"rendered":"<p>Et levende hus for nabolaget Nabolagshus er et konsept som f\u00f8rst og fremst er et&hellip;<\/p>\n","protected":false},"author":5,"featured_media":6,"parent":0,"menu_order":0,"comment_status":"closed","ping_status":"closed","template":"","meta":{"_relevanssi_hide_post":"","_relevanssi_hide_content":"","_relevanssi_pin_for_all":"","_relevanssi_pin_keywords":"","_relevanssi_unpin_keywords":"","_relevanssi_related_keywords":"","_relevanssi_related_include_ids":"","_relevanssi_related_exclude_ids":"","_relevanssi_related_no_append":"","_relevanssi_related_not_related":"","_relevanssi_related_posts":"1","_relevanssi_noindex_reason":"","editor_notices":[],"footnotes":""},"class_list":["post-3","page","type-page","status-publish","has-post-thumbnail","hentry"],"yoast_head":"<!-- This site is optimized with the Yoast SEO Premium plugin v27.2 (Yoast SEO v27.2) - https:\/\/yoast.com\/product\/yoast-seo-premium-wordpress\/ -->\n<title>Kirkens Bymisjon - Nabolagshuset<\/title>\n<meta name=\"description\" content=\"En viktig og \u00e5pen m\u00f8teplass for alle generasjoner i n\u00e6rmilj\u00f8et.\" \/>\n<meta name=\"robots\" content=\"index, follow, max-snippet:-1, max-image-preview:large, max-video-preview:-1\" \/>\n<link rel=\"canonical\" href=\"https:\/\/kirkensbymisjon.no\/tilbud-nabolagshuset\/\" \/>\n<meta property=\"og:locale\" content=\"nb_NO\" \/>\n<meta property=\"og:type\" content=\"article\" \/>\n<meta property=\"og:title\" content=\"Forside\" \/>\n<meta property=\"og:description\" content=\"En viktig og \u00e5pen m\u00f8teplass for alle generasjoner i n\u00e6rmilj\u00f8et.\" \/>\n<meta property=\"og:url\" content=\"https:\/\/kirkensbymisjon.no\/tilbud-nabolagshuset\/\" \/>\n<meta property=\"og:site_name\" content=\"Nabolagshuset\" \/>\n<meta property=\"article:modified_time\" content=\"2025-06-10T16:21:13+00:00\" \/>\n<meta property=\"og:image\" content=\"https:\/\/kirkensbymisjon.no\/content\/uploads\/sites\/100\/2024\/06\/Tilbud_Nabolagshuset_01.png\" \/>\n\t<meta property=\"og:image:width\" content=\"1000\" \/>\n\t<meta property=\"og:image:height\" content=\"500\" \/>\n\t<meta property=\"og:image:type\" content=\"image\/png\" \/>\n<meta name=\"twitter:card\" content=\"summary_large_image\" \/>\n<meta name=\"twitter:label1\" content=\"Ansl. lesetid\" \/>\n\t<meta name=\"twitter:data1\" content=\"4 minutter\" \/>\n<script type=\"application\/ld+json\" class=\"yoast-schema-graph\">{\"@context\":\"https:\/\/schema.org\",\"@graph\":[{\"@type\":\"WebPage\",\"@id\":\"https:\/\/kirkensbymisjon.no\/tilbud-nabolagshuset\/\",\"url\":\"https:\/\/kirkensbymisjon.no\/tilbud-nabolagshuset\/\",\"name\":\"Kirkens Bymisjon - Nabolagshuset\",\"isPartOf\":{\"@id\":\"https:\/\/kirkensbymisjon.no\/tilbud-nabolagshuset\/#website\"},\"primaryImageOfPage\":{\"@id\":\"https:\/\/kirkensbymisjon.no\/tilbud-nabolagshuset\/#primaryimage\"},\"image\":{\"@id\":\"https:\/\/kirkensbymisjon.no\/tilbud-nabolagshuset\/#primaryimage\"},\"thumbnailUrl\":\"https:\/\/kirkensbymisjon.no\/content\/uploads\/sites\/100\/2024\/06\/Tilbud_Nabolagshuset_01.png\",\"datePublished\":\"2024-06-26T22:05:07+00:00\",\"dateModified\":\"2025-06-10T16:21:13+00:00\",\"description\":\"En viktig og \u00e5pen m\u00f8teplass for alle generasjoner i n\u00e6rmilj\u00f8et.\",\"breadcrumb\":{\"@id\":\"https:\/\/kirkensbymisjon.no\/tilbud-nabolagshuset\/#breadcrumb\"},\"inLanguage\":\"nb-NO\",\"potentialAction\":[{\"@type\":\"ReadAction\",\"target\":[\"https:\/\/kirkensbymisjon.no\/tilbud-nabolagshuset\/\"]}]},{\"@type\":\"ImageObject\",\"inLanguage\":\"nb-NO\",\"@id\":\"https:\/\/kirkensbymisjon.no\/tilbud-nabolagshuset\/#primaryimage\",\"url\":\"https:\/\/kirkensbymisjon.no\/content\/uploads\/sites\/100\/2024\/06\/Tilbud_Nabolagshuset_01.png\",\"contentUrl\":\"https:\/\/kirkensbymisjon.no\/content\/uploads\/sites\/100\/2024\/06\/Tilbud_Nabolagshuset_01.png\",\"width\":1000,\"height\":500,\"caption\":\"Barn i aktiviteter utenfor Nabolagshuset\"},{\"@type\":\"BreadcrumbList\",\"@id\":\"https:\/\/kirkensbymisjon.no\/tilbud-nabolagshuset\/#breadcrumb\",\"itemListElement\":[{\"@type\":\"ListItem\",\"position\":1,\"name\":\"Hjem\",\"item\":\"https:\/\/kirkensbymisjon.no\/tilbud-nabolagshuset\/\"},{\"@type\":\"ListItem\",\"position\":2,\"name\":\"Forside\"}]},{\"@type\":\"WebSite\",\"@id\":\"https:\/\/kirkensbymisjon.no\/tilbud-nabolagshuset\/#website\",\"url\":\"https:\/\/kirkensbymisjon.no\/tilbud-nabolagshuset\/\",\"name\":\"Nabolagshuset\",\"description\":\"\",\"potentialAction\":[{\"@type\":\"SearchAction\",\"target\":{\"@type\":\"EntryPoint\",\"urlTemplate\":\"https:\/\/kirkensbymisjon.no\/tilbud-nabolagshuset\/?s={search_term_string}\"},\"query-input\":{\"@type\":\"PropertyValueSpecification\",\"valueRequired\":true,\"valueName\":\"search_term_string\"}}],\"inLanguage\":\"nb-NO\"}]}<\/script>\n<!-- \/ Yoast SEO Premium plugin. -->","yoast_head_json":{"title":"Kirkens Bymisjon - Nabolagshuset","description":"En viktig og \u00e5pen m\u00f8teplass for alle generasjoner i n\u00e6rmilj\u00f8et.","robots":{"index":"index","follow":"follow","max-snippet":"max-snippet:-1","max-image-preview":"max-image-preview:large","max-video-preview":"max-video-preview:-1"},"canonical":"https:\/\/kirkensbymisjon.no\/tilbud-nabolagshuset\/","og_locale":"nb_NO","og_type":"article","og_title":"Forside","og_description":"En viktig og \u00e5pen m\u00f8teplass for alle generasjoner i n\u00e6rmilj\u00f8et.","og_url":"https:\/\/kirkensbymisjon.no\/tilbud-nabolagshuset\/","og_site_name":"Nabolagshuset","article_modified_time":"2025-06-10T16:21:13+00:00","og_image":[{"width":1000,"height":500,"url":"https:\/\/kirkensbymisjon.no\/content\/uploads\/sites\/100\/2024\/06\/Tilbud_Nabolagshuset_01.png","type":"image\/png"}],"twitter_card":"summary_large_image","twitter_misc":{"Ansl. lesetid":"4 minutter"},"schema":{"@context":"https:\/\/schema.org","@graph":[{"@type":"WebPage","@id":"https:\/\/kirkensbymisjon.no\/tilbud-nabolagshuset\/","url":"https:\/\/kirkensbymisjon.no\/tilbud-nabolagshuset\/","name":"Kirkens Bymisjon - Nabolagshuset","isPartOf":{"@id":"https:\/\/kirkensbymisjon.no\/tilbud-nabolagshuset\/#website"},"primaryImageOfPage":{"@id":"https:\/\/kirkensbymisjon.no\/tilbud-nabolagshuset\/#primaryimage"},"image":{"@id":"https:\/\/kirkensbymisjon.no\/tilbud-nabolagshuset\/#primaryimage"},"thumbnailUrl":"https:\/\/kirkensbymisjon.no\/content\/uploads\/sites\/100\/2024\/06\/Tilbud_Nabolagshuset_01.png","datePublished":"2024-06-26T22:05:07+00:00","dateModified":"2025-06-10T16:21:13+00:00","description":"En viktig og \u00e5pen m\u00f8teplass for alle generasjoner i n\u00e6rmilj\u00f8et.","breadcrumb":{"@id":"https:\/\/kirkensbymisjon.no\/tilbud-nabolagshuset\/#breadcrumb"},"inLanguage":"nb-NO","potentialAction":[{"@type":"ReadAction","target":["https:\/\/kirkensbymisjon.no\/tilbud-nabolagshuset\/"]}]},{"@type":"ImageObject","inLanguage":"nb-NO","@id":"https:\/\/kirkensbymisjon.no\/tilbud-nabolagshuset\/#primaryimage","url":"https:\/\/kirkensbymisjon.no\/content\/uploads\/sites\/100\/2024\/06\/Tilbud_Nabolagshuset_01.png","contentUrl":"https:\/\/kirkensbymisjon.no\/content\/uploads\/sites\/100\/2024\/06\/Tilbud_Nabolagshuset_01.png","width":1000,"height":500,"caption":"Barn i aktiviteter utenfor Nabolagshuset"},{"@type":"BreadcrumbList","@id":"https:\/\/kirkensbymisjon.no\/tilbud-nabolagshuset\/#breadcrumb","itemListElement":[{"@type":"ListItem","position":1,"name":"Hjem","item":"https:\/\/kirkensbymisjon.no\/tilbud-nabolagshuset\/"},{"@type":"ListItem","position":2,"name":"Forside"}]},{"@type":"WebSite","@id":"https:\/\/kirkensbymisjon.no\/tilbud-nabolagshuset\/#website","url":"https:\/\/kirkensbymisjon.no\/tilbud-nabolagshuset\/","name":"Nabolagshuset","description":"","potentialAction":[{"@type":"SearchAction","target":{"@type":"EntryPoint","urlTemplate":"https:\/\/kirkensbymisjon.no\/tilbud-nabolagshuset\/?s={search_term_string}"},"query-input":{"@type":"PropertyValueSpecification","valueRequired":true,"valueName":"search_term_string"}}],"inLanguage":"nb-NO"}]}},"_links":{"self":[{"href":"https:\/\/kirkensbymisjon.no\/tilbud-nabolagshuset\/wp-json\/wp\/v2\/pages\/3","targetHints":{"allow":["GET"]}}],"collection":[{"href":"https:\/\/kirkensbymisjon.no\/tilbud-nabolagshuset\/wp-json\/wp\/v2\/pages"}],"about":[{"href":"https:\/\/kirkensbymisjon.no\/tilbud-nabolagshuset\/wp-json\/wp\/v2\/types\/page"}],"author":[{"embeddable":true,"href":"https:\/\/kirkensbymisjon.no\/tilbud-nabolagshuset\/wp-json\/wp\/v2\/users\/5"}],"replies":[{"embeddable":true,"href":"https:\/\/kirkensbymisjon.no\/tilbud-nabolagshuset\/wp-json\/wp\/v2\/comments?post=3"}],"version-history":[{"count":5,"href":"https:\/\/kirkensbymisjon.no\/tilbud-nabolagshuset\/wp-json\/wp\/v2\/pages\/3\/revisions"}],"predecessor-version":[{"id":252,"href":"https:\/\/kirkensbymisjon.no\/tilbud-nabolagshuset\/wp-json\/wp\/v2\/pages\/3\/revisions\/252"}],"wp:featuredmedia":[{"embeddable":true,"href":"https:\/\/kirkensbymisjon.no\/tilbud-nabolagshuset\/wp-json\/wp\/v2\/media\/6"}],"wp:attachment":[{"href":"https:\/\/kirkensbymisjon.no\/tilbud-nabolagshuset\/wp-json\/wp\/v2\/media?parent=3"}],"curies":[{"name":"wp","href":"https:\/\/api.w.org\/{rel}","templated":true}]}}