{"id":176,"date":"2024-09-12T05:23:51","date_gmt":"2024-09-12T05:23:51","guid":{"rendered":"https:\/\/kirkensbymisjon.no\/tilbud-nadheim\/?page_id=176"},"modified":"2025-11-14T11:25:37","modified_gmt":"2025-11-14T11:25:37","slug":"andre-tilbud","status":"publish","type":"page","link":"https:\/\/kirkensbymisjon.no\/tilbud-nadheim\/andre-tilbud\/","title":{"rendered":"Andre tilbud"},"content":{"rendered":"\n<h2 class=\"wp-block-heading\" id=\"h-andre-aktorer-og-tilbud\">Andre akt\u00f8rer og tilbud<\/h2>\n\n\n<div class=\"t2-accordion wp-block-t2-accordion\" data-allow-multiple=\"1\" role=\"list\">\n<div class=\"t2-accordion-item wp-block-t2-accordion-item\" role=\"listitem\">\n\t\t\t<h2 class=\"t2-accordion-title\">\n\t\t\t\t<button type=\"button\" class=\"t2-accordion-trigger\" id=\"bergen\" aria-controls=\"accordion-panel\" aria-expanded=\"false\">\n\t\t\t\t\tBergen\n\t\t\t\t\t<span class=\"t2-accordion-icon is-closed-icon\"><svg xmlns=\"http:\/\/www.w3.org\/2000\/svg\" viewBox=\"0 0 24 24\" height=\"24\" width=\"24\" class=\"t2-icon t2-icon-plus\" aria-hidden=\"true\" focusable=\"false\"><path d=\"M11.8 5.037a1.088 1.088 0 0 0-.722.566c-.075.148-.078.25-.078 2.772v2.619l-2.61.016c-1.867.012-2.652.03-2.756.064-.168.055-.438.301-.54.494-.049.092-.07.223-.07.432 0 .34.054.476.282.704.289.289.14.275 3.064.288l2.63.012v2.619c0 2.544.002 2.625.08 2.778.191.372.516.577.92.577s.729-.205.92-.577c.078-.153.08-.234.08-2.778v-2.619l2.63-.012c2.924-.013 2.775.001 3.064-.288.228-.228.282-.364.282-.704 0-.209-.021-.34-.07-.432-.102-.193-.372-.439-.54-.494-.104-.034-.889-.052-2.756-.064L13 10.994V8.375c0-2.522-.003-2.624-.078-2.772-.214-.418-.685-.656-1.122-.566\"\/><\/svg><\/span>\n\t\t\t\t\t<span class=\"t2-accordion-icon is-open-icon\"><svg xmlns=\"http:\/\/www.w3.org\/2000\/svg\" viewBox=\"0 0 24 24\" height=\"24\" width=\"24\" class=\"t2-icon t2-icon-chevronup\" aria-hidden=\"true\" focusable=\"false\"><path d=\"M6.7 14.7c-.2-.2-.3-.4-.3-.7s.1-.5.3-.7l4.6-4.6c.1-.1.2-.2.3-.2.1 0 .2-.1.4-.1.1 0 .3 0 .4.1.1 0 .2.1.3.2l4.6 4.6c.2.2.3.4.3.7s-.1.5-.3.7c-.2.2-.4.3-.7.3s-.5-.1-.7-.3L12 10.8l-3.9 3.9c-.2.2-.4.3-.7.3s-.5-.1-.7-.3z\" fill=\"currentColor\" \/><\/svg><\/span>\n\t\t\t\t<\/button>\n\t\t\t<\/h2>\n\t\t\t<div class=\"t2-accordion-item__inner-container is-layout-flow\" id=\"accordion-panel\" aria-labelledby=\"bergen\" role=\"region\" hidden>\n\t\t\t\t\n\n<ul class=\"wp-block-list\">\n<li><a href=\"https:\/\/www.bergen.kommune.no\/omkommunen\/avdelinger\/utekontakten\" target=\"_blank\" rel=\"noreferrer noopener\">Utekontakten i Bergen<\/a><\/li>\n\n\n\n<li><a href=\"https:\/\/www.rodekors.no\/om-rode-kors\/lokalforeninger-og-distrikter\/hordaland\/bergen\/\" target=\"_blank\" rel=\"noreferrer noopener\">EVA, Bergen R\u00f8de kors<\/a><\/li>\n\n\n\n<li><a href=\"http:\/\/minuttest.no\/\" target=\"_blank\" rel=\"noreferrer noopener\">Minuttest<\/a><\/li>\n\n\n\n<li><a href=\"https:\/\/www.helse-bergen.no\/avdelinger\/hudavdelinga\/poliklinikk-for-seksuelt-overforbare-infeksjonar\" target=\"_blank\" rel=\"noreferrer noopener\">SOI poliklinikk<\/a><\/li>\n\n\n\n<li><a href=\"https:\/\/kirkensbymisjon.old.dekodes.no\/helsesenteret-bergen\/\" target=\"_blank\" rel=\"noreferrer noopener\"><\/a><a href=\"\/tilbud-Helsesenteret-for-papirlose-migranter\">Helsesenteret for papirl\u00f8se migranter, Bergen<\/a><\/li>\n\n\n\n<li><a href=\"https:\/\/www.bergen.kommune.no\/omkommunen\/avdelinger\/krisesenter-for-bergen-og-omegn\" target=\"_blank\" rel=\"noreferrer noopener\">Bergen kommune &#8211; Krisesenter for Bergen og omegn<\/a><\/li>\n\n\n\n<li><a href=\"https:\/\/caritasbergen.no\/\" target=\"_blank\" rel=\"noreferrer noopener\">Caritas Bergen<\/a><\/li>\n<\/ul>\n\n\n\t\t\t<\/div>\n\t\t<\/div>\n\n<div class=\"t2-accordion-item wp-block-t2-accordion-item\" role=\"listitem\">\n\t\t\t<h2 class=\"t2-accordion-title\">\n\t\t\t\t<button type=\"button\" class=\"t2-accordion-trigger\" id=\"haugesund\" aria-controls=\"accordion-panel-1\" aria-expanded=\"false\">\n\t\t\t\t\tHaugesund\n\t\t\t\t\t<span class=\"t2-accordion-icon is-closed-icon\"><svg xmlns=\"http:\/\/www.w3.org\/2000\/svg\" viewBox=\"0 0 24 24\" height=\"24\" width=\"24\" class=\"t2-icon t2-icon-plus\" aria-hidden=\"true\" focusable=\"false\"><path d=\"M11.8 5.037a1.088 1.088 0 0 0-.722.566c-.075.148-.078.25-.078 2.772v2.619l-2.61.016c-1.867.012-2.652.03-2.756.064-.168.055-.438.301-.54.494-.049.092-.07.223-.07.432 0 .34.054.476.282.704.289.289.14.275 3.064.288l2.63.012v2.619c0 2.544.002 2.625.08 2.778.191.372.516.577.92.577s.729-.205.92-.577c.078-.153.08-.234.08-2.778v-2.619l2.63-.012c2.924-.013 2.775.001 3.064-.288.228-.228.282-.364.282-.704 0-.209-.021-.34-.07-.432-.102-.193-.372-.439-.54-.494-.104-.034-.889-.052-2.756-.064L13 10.994V8.375c0-2.522-.003-2.624-.078-2.772-.214-.418-.685-.656-1.122-.566\"\/><\/svg><\/span>\n\t\t\t\t\t<span class=\"t2-accordion-icon is-open-icon\"><svg xmlns=\"http:\/\/www.w3.org\/2000\/svg\" viewBox=\"0 0 24 24\" height=\"24\" width=\"24\" class=\"t2-icon t2-icon-chevronup\" aria-hidden=\"true\" focusable=\"false\"><path d=\"M6.7 14.7c-.2-.2-.3-.4-.3-.7s.1-.5.3-.7l4.6-4.6c.1-.1.2-.2.3-.2.1 0 .2-.1.4-.1.1 0 .3 0 .4.1.1 0 .2.1.3.2l4.6 4.6c.2.2.3.4.3.7s-.1.5-.3.7c-.2.2-.4.3-.7.3s-.5-.1-.7-.3L12 10.8l-3.9 3.9c-.2.2-.4.3-.7.3s-.5-.1-.7-.3z\" fill=\"currentColor\" \/><\/svg><\/span>\n\t\t\t\t<\/button>\n\t\t\t<\/h2>\n\t\t\t<div class=\"t2-accordion-item__inner-container is-layout-flow\" id=\"accordion-panel-1\" aria-labelledby=\"haugesund\" role=\"region\" hidden>\n\t\t\t\t\n\n<ul class=\"wp-block-list\">\n<li><a href=\"https:\/\/hsr.as\/avdelinger\/hsr\/hudavdeling\/testivestno\" target=\"_blank\" rel=\"noreferrer noopener\">Testivest.no \u2013 Haugesund Sanitetsforenings Revmatismesykehus (hrs.as)<\/a><\/li>\n<\/ul>\n\n\n\t\t\t<\/div>\n\t\t<\/div>\n\n<div class=\"t2-accordion-item wp-block-t2-accordion-item\" role=\"listitem\">\n\t\t\t<h2 class=\"t2-accordion-title\">\n\t\t\t\t<button type=\"button\" class=\"t2-accordion-trigger\" id=\"kristiansand\" aria-controls=\"accordion-panel-2\" aria-expanded=\"false\">\n\t\t\t\t\tKristiansand\n\t\t\t\t\t<span class=\"t2-accordion-icon is-closed-icon\"><svg xmlns=\"http:\/\/www.w3.org\/2000\/svg\" viewBox=\"0 0 24 24\" height=\"24\" width=\"24\" class=\"t2-icon t2-icon-plus\" aria-hidden=\"true\" focusable=\"false\"><path d=\"M11.8 5.037a1.088 1.088 0 0 0-.722.566c-.075.148-.078.25-.078 2.772v2.619l-2.61.016c-1.867.012-2.652.03-2.756.064-.168.055-.438.301-.54.494-.049.092-.07.223-.07.432 0 .34.054.476.282.704.289.289.14.275 3.064.288l2.63.012v2.619c0 2.544.002 2.625.08 2.778.191.372.516.577.92.577s.729-.205.92-.577c.078-.153.08-.234.08-2.778v-2.619l2.63-.012c2.924-.013 2.775.001 3.064-.288.228-.228.282-.364.282-.704 0-.209-.021-.34-.07-.432-.102-.193-.372-.439-.54-.494-.104-.034-.889-.052-2.756-.064L13 10.994V8.375c0-2.522-.003-2.624-.078-2.772-.214-.418-.685-.656-1.122-.566\"\/><\/svg><\/span>\n\t\t\t\t\t<span class=\"t2-accordion-icon is-open-icon\"><svg xmlns=\"http:\/\/www.w3.org\/2000\/svg\" viewBox=\"0 0 24 24\" height=\"24\" width=\"24\" class=\"t2-icon t2-icon-chevronup\" aria-hidden=\"true\" focusable=\"false\"><path d=\"M6.7 14.7c-.2-.2-.3-.4-.3-.7s.1-.5.3-.7l4.6-4.6c.1-.1.2-.2.3-.2.1 0 .2-.1.4-.1.1 0 .3 0 .4.1.1 0 .2.1.3.2l4.6 4.6c.2.2.3.4.3.7s-.1.5-.3.7c-.2.2-.4.3-.7.3s-.5-.1-.7-.3L12 10.8l-3.9 3.9c-.2.2-.4.3-.7.3s-.5-.1-.7-.3z\" fill=\"currentColor\" \/><\/svg><\/span>\n\t\t\t\t<\/button>\n\t\t\t<\/h2>\n\t\t\t<div class=\"t2-accordion-item__inner-container is-layout-flow\" id=\"accordion-panel-2\" aria-labelledby=\"kristiansand\" role=\"region\" hidden>\n\t\t\t\t\n\n<ul class=\"wp-block-list\">\n<li><a href=\"https:\/\/shalam.no\/shalam-women\/\" target=\"_blank\" rel=\"noreferrer noopener\">Shalam Women<\/a><\/li>\n<\/ul>\n\n\n\t\t\t<\/div>\n\t\t<\/div>\n\n<div class=\"t2-accordion-item wp-block-t2-accordion-item\" role=\"listitem\">\n\t\t\t<h2 class=\"t2-accordion-title\">\n\t\t\t\t<button type=\"button\" class=\"t2-accordion-trigger\" id=\"oslo\" aria-controls=\"accordion-panel-3\" aria-expanded=\"false\">\n\t\t\t\t\tOslo\n\t\t\t\t\t<span class=\"t2-accordion-icon is-closed-icon\"><svg xmlns=\"http:\/\/www.w3.org\/2000\/svg\" viewBox=\"0 0 24 24\" height=\"24\" width=\"24\" class=\"t2-icon t2-icon-plus\" aria-hidden=\"true\" focusable=\"false\"><path d=\"M11.8 5.037a1.088 1.088 0 0 0-.722.566c-.075.148-.078.25-.078 2.772v2.619l-2.61.016c-1.867.012-2.652.03-2.756.064-.168.055-.438.301-.54.494-.049.092-.07.223-.07.432 0 .34.054.476.282.704.289.289.14.275 3.064.288l2.63.012v2.619c0 2.544.002 2.625.08 2.778.191.372.516.577.92.577s.729-.205.92-.577c.078-.153.08-.234.08-2.778v-2.619l2.63-.012c2.924-.013 2.775.001 3.064-.288.228-.228.282-.364.282-.704 0-.209-.021-.34-.07-.432-.102-.193-.372-.439-.54-.494-.104-.034-.889-.052-2.756-.064L13 10.994V8.375c0-2.522-.003-2.624-.078-2.772-.214-.418-.685-.656-1.122-.566\"\/><\/svg><\/span>\n\t\t\t\t\t<span class=\"t2-accordion-icon is-open-icon\"><svg xmlns=\"http:\/\/www.w3.org\/2000\/svg\" viewBox=\"0 0 24 24\" height=\"24\" width=\"24\" class=\"t2-icon t2-icon-chevronup\" aria-hidden=\"true\" focusable=\"false\"><path d=\"M6.7 14.7c-.2-.2-.3-.4-.3-.7s.1-.5.3-.7l4.6-4.6c.1-.1.2-.2.3-.2.1 0 .2-.1.4-.1.1 0 .3 0 .4.1.1 0 .2.1.3.2l4.6 4.6c.2.2.3.4.3.7s-.1.5-.3.7c-.2.2-.4.3-.7.3s-.5-.1-.7-.3L12 10.8l-3.9 3.9c-.2.2-.4.3-.7.3s-.5-.1-.7-.3z\" fill=\"currentColor\" \/><\/svg><\/span>\n\t\t\t\t<\/button>\n\t\t\t<\/h2>\n\t\t\t<div class=\"t2-accordion-item__inner-container is-layout-flow\" id=\"accordion-panel-3\" aria-labelledby=\"oslo\" role=\"region\" hidden>\n\t\t\t\t\n\n<ul class=\"wp-block-list\">\n<li><a href=\"http:\/\/prosentret.no\/\" target=\"_blank\" rel=\"noreferrer noopener\">Prosentret<\/a><\/li>\n\n\n\n<li><a href=\"http:\/\/rosa-help.no\/\" target=\"_blank\" rel=\"noreferrer noopener\">ROSA<\/a><\/li>\n\n\n\n<li><a href=\"http:\/\/www.pion-norge.no\/\" target=\"_blank\" rel=\"noreferrer noopener\">PION<\/a><\/li>\n\n\n\n<li><a href=\"https:\/\/www.oslo-universitetssykehus.no\/avdelinger\/Klinikk-for-kirurgi-og-spesialisert-medisin\/avdeling-for-revmatologi-hud-og-infeksjonssykdommer\/olafiaklinikken\/\" target=\"_blank\" rel=\"noreferrer noopener\">Olafiaklinikken<\/a><\/li>\n\n\n\n<li><a href=\"https:\/\/www.sexogsamfunn.no\/\" target=\"_blank\" rel=\"noreferrer noopener\">Sex og Samfunn<\/a><\/li>\n\n\n\n<li><a href=\"https:\/\/kirkensbymisjon.no\/tilbud-helsesenteret-for-papirlose-migranter\/kontaktinformasjon\/#oslo\">Helsesenteret for papirl\u00f8se migranter, Oslo<\/a><\/li>\n\n\n\n<li><a href=\"https:\/\/caritas.no\/ressurssenteret_oslo\/\" target=\"_blank\" rel=\"noreferrer noopener\">Caritas Ressurssenter<\/a><\/li>\n\n\n\n<li><a href=\"\/tilbud-aksept\">Aksept \u2013 Nasjonalt helse- og sosialfaglig senter for alle ber\u00f8rt av hiv<\/a><\/li>\n\n\n\n<li><a href=\"https:\/\/minuttest.no\/\" target=\"_blank\" rel=\"noreferrer noopener\">Minuttest<\/a><\/li>\n\n\n\n<li><a href=\"\/tilbud-lauras-hus\">Lauras Hus<\/a><\/li>\n\n\n\n<li><a href=\"https:\/\/reform.no\/\" target=\"_blank\" rel=\"noreferrer noopener\">Reform &#8211; ressurssenter for menn<\/a><\/li>\n<\/ul>\n\n\n\t\t\t<\/div>\n\t\t<\/div>\n\n<div class=\"t2-accordion-item wp-block-t2-accordion-item\" role=\"listitem\">\n\t\t\t<h2 class=\"t2-accordion-title\">\n\t\t\t\t<button type=\"button\" class=\"t2-accordion-trigger\" id=\"stavanger\" aria-controls=\"accordion-panel-4\" aria-expanded=\"false\">\n\t\t\t\t\tStavanger\n\t\t\t\t\t<span class=\"t2-accordion-icon is-closed-icon\"><svg xmlns=\"http:\/\/www.w3.org\/2000\/svg\" viewBox=\"0 0 24 24\" height=\"24\" width=\"24\" class=\"t2-icon t2-icon-plus\" aria-hidden=\"true\" focusable=\"false\"><path d=\"M11.8 5.037a1.088 1.088 0 0 0-.722.566c-.075.148-.078.25-.078 2.772v2.619l-2.61.016c-1.867.012-2.652.03-2.756.064-.168.055-.438.301-.54.494-.049.092-.07.223-.07.432 0 .34.054.476.282.704.289.289.14.275 3.064.288l2.63.012v2.619c0 2.544.002 2.625.08 2.778.191.372.516.577.92.577s.729-.205.92-.577c.078-.153.08-.234.08-2.778v-2.619l2.63-.012c2.924-.013 2.775.001 3.064-.288.228-.228.282-.364.282-.704 0-.209-.021-.34-.07-.432-.102-.193-.372-.439-.54-.494-.104-.034-.889-.052-2.756-.064L13 10.994V8.375c0-2.522-.003-2.624-.078-2.772-.214-.418-.685-.656-1.122-.566\"\/><\/svg><\/span>\n\t\t\t\t\t<span class=\"t2-accordion-icon is-open-icon\"><svg xmlns=\"http:\/\/www.w3.org\/2000\/svg\" viewBox=\"0 0 24 24\" height=\"24\" width=\"24\" class=\"t2-icon t2-icon-chevronup\" aria-hidden=\"true\" focusable=\"false\"><path d=\"M6.7 14.7c-.2-.2-.3-.4-.3-.7s.1-.5.3-.7l4.6-4.6c.1-.1.2-.2.3-.2.1 0 .2-.1.4-.1.1 0 .3 0 .4.1.1 0 .2.1.3.2l4.6 4.6c.2.2.3.4.3.7s-.1.5-.3.7c-.2.2-.4.3-.7.3s-.5-.1-.7-.3L12 10.8l-3.9 3.9c-.2.2-.4.3-.7.3s-.5-.1-.7-.3z\" fill=\"currentColor\" \/><\/svg><\/span>\n\t\t\t\t<\/button>\n\t\t\t<\/h2>\n\t\t\t<div class=\"t2-accordion-item__inner-container is-layout-flow\" id=\"accordion-panel-4\" aria-labelledby=\"stavanger\" role=\"region\" hidden>\n\t\t\t\t\n\n<ul class=\"wp-block-list\">\n<li><a href=\"https:\/\/www.rodekors.no\/om-rode-kors\/lokalforeninger-og-distrikter\/rogaland\/stavanger\/\" target=\"_blank\" rel=\"noreferrer noopener\">EVA, Stavanger R\u00f8de Kors<\/a><\/li>\n\n\n\n<li><a href=\"https:\/\/minuttest.no\/\" target=\"_blank\" rel=\"noreferrer noopener\">Minuttest<\/a><\/li>\n\n\n\n<li><a href=\"https:\/\/www.stavanger.kommune.no\/helse-og-omsorg\/krisesenteret-i-stavanger\/\" target=\"_blank\" rel=\"noreferrer noopener\">Krisesenteret i Stavanger<\/a><\/li>\n\n\n\n<li><a href=\"https:\/\/www.kianorge.no\/region\/kia-rogaland\" target=\"_blank\" rel=\"noreferrer noopener\">KIA Norge<\/a><\/li>\n\n\n\n<li><a href=\"https:\/\/www.caritastavanger.com\/\">Caritas Stavanger<\/a><\/li>\n\n\n\n<li><a href=\"https:\/\/seifnorge.wpcomstaging.com\/\" target=\"_blank\" rel=\"noreferrer noopener\">SEIF \u2013 Selvhjelp for innvandrere og flyktninger<\/a><\/li>\n<\/ul>\n\n\n\t\t\t<\/div>\n\t\t<\/div>\n\n<div class=\"t2-accordion-item wp-block-t2-accordion-item\" role=\"listitem\">\n\t\t\t<h2 class=\"t2-accordion-title\">\n\t\t\t\t<button type=\"button\" class=\"t2-accordion-trigger\" id=\"trondheim\" aria-controls=\"accordion-panel-5\" aria-expanded=\"false\">\n\t\t\t\t\tTrondheim\n\t\t\t\t\t<span class=\"t2-accordion-icon is-closed-icon\"><svg xmlns=\"http:\/\/www.w3.org\/2000\/svg\" viewBox=\"0 0 24 24\" height=\"24\" width=\"24\" class=\"t2-icon t2-icon-plus\" aria-hidden=\"true\" focusable=\"false\"><path d=\"M11.8 5.037a1.088 1.088 0 0 0-.722.566c-.075.148-.078.25-.078 2.772v2.619l-2.61.016c-1.867.012-2.652.03-2.756.064-.168.055-.438.301-.54.494-.049.092-.07.223-.07.432 0 .34.054.476.282.704.289.289.14.275 3.064.288l2.63.012v2.619c0 2.544.002 2.625.08 2.778.191.372.516.577.92.577s.729-.205.92-.577c.078-.153.08-.234.08-2.778v-2.619l2.63-.012c2.924-.013 2.775.001 3.064-.288.228-.228.282-.364.282-.704 0-.209-.021-.34-.07-.432-.102-.193-.372-.439-.54-.494-.104-.034-.889-.052-2.756-.064L13 10.994V8.375c0-2.522-.003-2.624-.078-2.772-.214-.418-.685-.656-1.122-.566\"\/><\/svg><\/span>\n\t\t\t\t\t<span class=\"t2-accordion-icon is-open-icon\"><svg xmlns=\"http:\/\/www.w3.org\/2000\/svg\" viewBox=\"0 0 24 24\" height=\"24\" width=\"24\" class=\"t2-icon t2-icon-chevronup\" aria-hidden=\"true\" focusable=\"false\"><path d=\"M6.7 14.7c-.2-.2-.3-.4-.3-.7s.1-.5.3-.7l4.6-4.6c.1-.1.2-.2.3-.2.1 0 .2-.1.4-.1.1 0 .3 0 .4.1.1 0 .2.1.3.2l4.6 4.6c.2.2.3.4.3.7s-.1.5-.3.7c-.2.2-.4.3-.7.3s-.5-.1-.7-.3L12 10.8l-3.9 3.9c-.2.2-.4.3-.7.3s-.5-.1-.7-.3z\" fill=\"currentColor\" \/><\/svg><\/span>\n\t\t\t\t<\/button>\n\t\t\t<\/h2>\n\t\t\t<div class=\"t2-accordion-item__inner-container is-layout-flow\" id=\"accordion-panel-5\" aria-labelledby=\"trondheim\" role=\"region\" hidden>\n\t\t\t\t\n\n<ul class=\"wp-block-list\">\n<li><a href=\"https:\/\/minuttest.no\/\" target=\"_blank\" rel=\"noreferrer noopener\">Minuttest<\/a><\/li>\n\n\n\n<li><a href=\"\/tilbud-aksept\">Aksept, Trondheim \u2013 tilbud til alle ber\u00f8rte av hiv<\/a><\/li>\n\n\n\n<li><a href=\"https:\/\/kirkensbymisjon.no\/tilbud-legal-aid\/\" target=\"_blank\" rel=\"noreferrer noopener\">Legal Aid &#8211; juridisk veiledning, r\u00e5dgivning og representasjon<\/a><\/li>\n\n\n\n<li><a href=\"https:\/\/caritastrondheim.no\/\" target=\"_blank\" rel=\"noreferrer noopener\">Caritas Trondheim<\/a><\/li>\n\n\n\n<li><a href=\"https:\/\/www.trondheim.kommune.no\/uteseksjonen\/\">Uteseksjonen, Trondheim kommune<\/a><\/li>\n<\/ul>\n\n\n\t\t\t<\/div>\n\t\t<\/div>\n<\/div>\n\n\n<div class=\"wp-block-media-text alignwide is-stacked-on-mobile is-style-filled\"><figure class=\"wp-block-media-text__media\"><img loading=\"lazy\" decoding=\"async\" width=\"738\" height=\"1024\" src=\"https:\/\/kirkensbymisjon.no\/content\/uploads\/sites\/3\/2024\/06\/Tilbud_Nadheim_03-738x1024.jpeg\" alt=\"Hender under hurtigtest for hiv\" class=\"wp-image-11 size-full\" srcset=\"https:\/\/kirkensbymisjon.no\/content\/uploads\/sites\/3\/2024\/06\/Tilbud_Nadheim_03-738x1024.jpeg 738w, https:\/\/kirkensbymisjon.no\/content\/uploads\/sites\/3\/2024\/06\/Tilbud_Nadheim_03-216x300.jpeg 216w, https:\/\/kirkensbymisjon.no\/content\/uploads\/sites\/3\/2024\/06\/Tilbud_Nadheim_03-768x1065.jpeg 768w, https:\/\/kirkensbymisjon.no\/content\/uploads\/sites\/3\/2024\/06\/Tilbud_Nadheim_03-1108x1536.jpeg 1108w, https:\/\/kirkensbymisjon.no\/content\/uploads\/sites\/3\/2024\/06\/Tilbud_Nadheim_03-1477x2048.jpeg 1477w, https:\/\/kirkensbymisjon.no\/content\/uploads\/sites\/3\/2024\/06\/Tilbud_Nadheim_03.jpeg 1846w\" sizes=\"auto, (max-width: 738px) 100vw, 738px\" \/><\/figure><div class=\"wp-block-media-text__content\">\n<h2 class=\"wp-block-heading\" id=\"h-lurer-du-pa-om-du-har-hiv\">Lurer du p\u00e5 om du har hiv?<\/h2>\n\n\n\n<p>P\u00e5 <strong>minuttest.no<\/strong> kan du finne ut hvor du kan ta en anonym hiv-hurtigtest gratis, og f\u00e5 svaret i l\u00f8pet av ett minutt.<\/p>\n\n\n\n<p><a href=\"http:\/\/minuttest.no\/\" target=\"_blank\" rel=\"noreferrer noopener\">Se hvordan hurtigtesten virker og hvor du kan ta den<\/a>.<\/p>\n<\/div><\/div>\n","protected":false},"excerpt":{"rendered":"<p>Andre akt\u00f8rer og tilbud Lurer du p\u00e5 om du har hiv? P\u00e5 minuttest.no kan du&hellip;<\/p>\n","protected":false},"author":5,"featured_media":0,"parent":0,"menu_order":0,"comment_status":"closed","ping_status":"closed","template":"","meta":{"_relevanssi_hide_post":"","_relevanssi_hide_content":"","_relevanssi_pin_for_all":"","_relevanssi_pin_keywords":"","_relevanssi_unpin_keywords":"","_relevanssi_related_keywords":"","_relevanssi_related_include_ids":"","_relevanssi_related_exclude_ids":"","_relevanssi_related_no_append":"","_relevanssi_related_not_related":"","_relevanssi_related_posts":"1","_relevanssi_noindex_reason":"","editor_notices":[],"footnotes":""},"class_list":["post-176","page","type-page","status-publish","hentry"],"yoast_head":"<!-- This site is optimized with the Yoast SEO Premium plugin v27.2 (Yoast SEO v27.2) - https:\/\/yoast.com\/product\/yoast-seo-premium-wordpress\/ -->\n<title>Andre tilbud - Nadheim<\/title>\n<meta name=\"robots\" content=\"index, follow, max-snippet:-1, max-image-preview:large, max-video-preview:-1\" \/>\n<link rel=\"canonical\" href=\"https:\/\/kirkensbymisjon.no\/tilbud-nadheim\/andre-tilbud\/\" \/>\n<meta property=\"og:locale\" content=\"nb_NO\" \/>\n<meta property=\"og:type\" content=\"article\" \/>\n<meta property=\"og:title\" content=\"Andre tilbud\" \/>\n<meta property=\"og:description\" content=\"Andre akt\u00f8rer og tilbud Lurer du p\u00e5 om du har hiv? P\u00e5 minuttest.no kan du&hellip;\" \/>\n<meta property=\"og:url\" content=\"https:\/\/kirkensbymisjon.no\/tilbud-nadheim\/andre-tilbud\/\" \/>\n<meta property=\"og:site_name\" content=\"Nadheim\" \/>\n<meta property=\"article:modified_time\" content=\"2025-11-14T11:25:37+00:00\" \/>\n<meta property=\"og:image\" content=\"https:\/\/kirkensbymisjon.no\/content\/uploads\/sites\/3\/2024\/06\/Tilbud_Nadheim_03.jpeg\" \/>\n\t<meta property=\"og:image:width\" content=\"1846\" \/>\n\t<meta property=\"og:image:height\" content=\"2560\" \/>\n\t<meta property=\"og:image:type\" content=\"image\/jpeg\" \/>\n<meta name=\"twitter:card\" content=\"summary_large_image\" \/>\n<meta name=\"twitter:label1\" content=\"Ansl. lesetid\" \/>\n\t<meta name=\"twitter:data1\" content=\"1 minutt\" \/>\n<script type=\"application\/ld+json\" class=\"yoast-schema-graph\">{\"@context\":\"https:\/\/schema.org\",\"@graph\":[{\"@type\":\"WebPage\",\"@id\":\"https:\/\/kirkensbymisjon.no\/tilbud-nadheim\/andre-tilbud\/\",\"url\":\"https:\/\/kirkensbymisjon.no\/tilbud-nadheim\/andre-tilbud\/\",\"name\":\"Andre tilbud - Nadheim\",\"isPartOf\":{\"@id\":\"https:\/\/kirkensbymisjon.no\/tilbud-nadheim\/#website\"},\"primaryImageOfPage\":{\"@id\":\"https:\/\/kirkensbymisjon.no\/tilbud-nadheim\/andre-tilbud\/#primaryimage\"},\"image\":{\"@id\":\"https:\/\/kirkensbymisjon.no\/tilbud-nadheim\/andre-tilbud\/#primaryimage\"},\"thumbnailUrl\":\"https:\/\/kirkensbymisjon.no\/content\/uploads\/sites\/3\/2024\/06\/Tilbud_Nadheim_03-738x1024.jpeg\",\"datePublished\":\"2024-09-12T05:23:51+00:00\",\"dateModified\":\"2025-11-14T11:25:37+00:00\",\"breadcrumb\":{\"@id\":\"https:\/\/kirkensbymisjon.no\/tilbud-nadheim\/andre-tilbud\/#breadcrumb\"},\"inLanguage\":\"nb-NO\",\"potentialAction\":[{\"@type\":\"ReadAction\",\"target\":[\"https:\/\/kirkensbymisjon.no\/tilbud-nadheim\/andre-tilbud\/\"]}]},{\"@type\":\"ImageObject\",\"inLanguage\":\"nb-NO\",\"@id\":\"https:\/\/kirkensbymisjon.no\/tilbud-nadheim\/andre-tilbud\/#primaryimage\",\"url\":\"https:\/\/kirkensbymisjon.no\/content\/uploads\/sites\/3\/2024\/06\/Tilbud_Nadheim_03-738x1024.jpeg\",\"contentUrl\":\"https:\/\/kirkensbymisjon.no\/content\/uploads\/sites\/3\/2024\/06\/Tilbud_Nadheim_03-738x1024.jpeg\"},{\"@type\":\"BreadcrumbList\",\"@id\":\"https:\/\/kirkensbymisjon.no\/tilbud-nadheim\/andre-tilbud\/#breadcrumb\",\"itemListElement\":[{\"@type\":\"ListItem\",\"position\":1,\"name\":\"Hjem\",\"item\":\"https:\/\/kirkensbymisjon.no\/tilbud-nadheim\/\"},{\"@type\":\"ListItem\",\"position\":2,\"name\":\"Andre tilbud\"}]},{\"@type\":\"WebSite\",\"@id\":\"https:\/\/kirkensbymisjon.no\/tilbud-nadheim\/#website\",\"url\":\"https:\/\/kirkensbymisjon.no\/tilbud-nadheim\/\",\"name\":\"Nadheim\",\"description\":\"\",\"potentialAction\":[{\"@type\":\"SearchAction\",\"target\":{\"@type\":\"EntryPoint\",\"urlTemplate\":\"https:\/\/kirkensbymisjon.no\/tilbud-nadheim\/?s={search_term_string}\"},\"query-input\":{\"@type\":\"PropertyValueSpecification\",\"valueRequired\":true,\"valueName\":\"search_term_string\"}}],\"inLanguage\":\"nb-NO\"}]}<\/script>\n<!-- \/ Yoast SEO Premium plugin. -->","yoast_head_json":{"title":"Andre tilbud - Nadheim","robots":{"index":"index","follow":"follow","max-snippet":"max-snippet:-1","max-image-preview":"max-image-preview:large","max-video-preview":"max-video-preview:-1"},"canonical":"https:\/\/kirkensbymisjon.no\/tilbud-nadheim\/andre-tilbud\/","og_locale":"nb_NO","og_type":"article","og_title":"Andre tilbud","og_description":"Andre akt\u00f8rer og tilbud Lurer du p\u00e5 om du har hiv? P\u00e5 minuttest.no kan du&hellip;","og_url":"https:\/\/kirkensbymisjon.no\/tilbud-nadheim\/andre-tilbud\/","og_site_name":"Nadheim","article_modified_time":"2025-11-14T11:25:37+00:00","og_image":[{"width":1846,"height":2560,"url":"https:\/\/kirkensbymisjon.no\/content\/uploads\/sites\/3\/2024\/06\/Tilbud_Nadheim_03.jpeg","type":"image\/jpeg"}],"twitter_card":"summary_large_image","twitter_misc":{"Ansl. lesetid":"1 minutt"},"schema":{"@context":"https:\/\/schema.org","@graph":[{"@type":"WebPage","@id":"https:\/\/kirkensbymisjon.no\/tilbud-nadheim\/andre-tilbud\/","url":"https:\/\/kirkensbymisjon.no\/tilbud-nadheim\/andre-tilbud\/","name":"Andre tilbud - Nadheim","isPartOf":{"@id":"https:\/\/kirkensbymisjon.no\/tilbud-nadheim\/#website"},"primaryImageOfPage":{"@id":"https:\/\/kirkensbymisjon.no\/tilbud-nadheim\/andre-tilbud\/#primaryimage"},"image":{"@id":"https:\/\/kirkensbymisjon.no\/tilbud-nadheim\/andre-tilbud\/#primaryimage"},"thumbnailUrl":"https:\/\/kirkensbymisjon.no\/content\/uploads\/sites\/3\/2024\/06\/Tilbud_Nadheim_03-738x1024.jpeg","datePublished":"2024-09-12T05:23:51+00:00","dateModified":"2025-11-14T11:25:37+00:00","breadcrumb":{"@id":"https:\/\/kirkensbymisjon.no\/tilbud-nadheim\/andre-tilbud\/#breadcrumb"},"inLanguage":"nb-NO","potentialAction":[{"@type":"ReadAction","target":["https:\/\/kirkensbymisjon.no\/tilbud-nadheim\/andre-tilbud\/"]}]},{"@type":"ImageObject","inLanguage":"nb-NO","@id":"https:\/\/kirkensbymisjon.no\/tilbud-nadheim\/andre-tilbud\/#primaryimage","url":"https:\/\/kirkensbymisjon.no\/content\/uploads\/sites\/3\/2024\/06\/Tilbud_Nadheim_03-738x1024.jpeg","contentUrl":"https:\/\/kirkensbymisjon.no\/content\/uploads\/sites\/3\/2024\/06\/Tilbud_Nadheim_03-738x1024.jpeg"},{"@type":"BreadcrumbList","@id":"https:\/\/kirkensbymisjon.no\/tilbud-nadheim\/andre-tilbud\/#breadcrumb","itemListElement":[{"@type":"ListItem","position":1,"name":"Hjem","item":"https:\/\/kirkensbymisjon.no\/tilbud-nadheim\/"},{"@type":"ListItem","position":2,"name":"Andre tilbud"}]},{"@type":"WebSite","@id":"https:\/\/kirkensbymisjon.no\/tilbud-nadheim\/#website","url":"https:\/\/kirkensbymisjon.no\/tilbud-nadheim\/","name":"Nadheim","description":"","potentialAction":[{"@type":"SearchAction","target":{"@type":"EntryPoint","urlTemplate":"https:\/\/kirkensbymisjon.no\/tilbud-nadheim\/?s={search_term_string}"},"query-input":{"@type":"PropertyValueSpecification","valueRequired":true,"valueName":"search_term_string"}}],"inLanguage":"nb-NO"}]}},"_links":{"self":[{"href":"https:\/\/kirkensbymisjon.no\/tilbud-nadheim\/wp-json\/wp\/v2\/pages\/176","targetHints":{"allow":["GET"]}}],"collection":[{"href":"https:\/\/kirkensbymisjon.no\/tilbud-nadheim\/wp-json\/wp\/v2\/pages"}],"about":[{"href":"https:\/\/kirkensbymisjon.no\/tilbud-nadheim\/wp-json\/wp\/v2\/types\/page"}],"author":[{"embeddable":true,"href":"https:\/\/kirkensbymisjon.no\/tilbud-nadheim\/wp-json\/wp\/v2\/users\/5"}],"replies":[{"embeddable":true,"href":"https:\/\/kirkensbymisjon.no\/tilbud-nadheim\/wp-json\/wp\/v2\/comments?post=176"}],"version-history":[{"count":5,"href":"https:\/\/kirkensbymisjon.no\/tilbud-nadheim\/wp-json\/wp\/v2\/pages\/176\/revisions"}],"predecessor-version":[{"id":285,"href":"https:\/\/kirkensbymisjon.no\/tilbud-nadheim\/wp-json\/wp\/v2\/pages\/176\/revisions\/285"}],"wp:attachment":[{"href":"https:\/\/kirkensbymisjon.no\/tilbud-nadheim\/wp-json\/wp\/v2\/media?parent=176"}],"curies":[{"name":"wp","href":"https:\/\/api.w.org\/{rel}","templated":true}]}}