{"id":3,"date":"2024-06-27T00:15:54","date_gmt":"2024-06-26T22:15:54","guid":{"rendered":"https:\/\/kirkensbymisjon.no\/tilbud-omsorgsstasjonen-for-barn-og-ungdom\/forside\/"},"modified":"2025-06-04T18:36:16","modified_gmt":"2025-06-04T16:36:16","slug":"forside","status":"publish","type":"page","link":"https:\/\/kirkensbymisjon.no\/tilbud-omsorgsstasjonen-for-barn-og-ungdom\/","title":{"rendered":"Forside"},"content":{"rendered":"\t<div class=\"alignwide wp-block-kbm-link-list\">\n\t\t<div class=\"kbm-link-list__items\">\n\t\t\t\n<div class=\"wp-block-kbm-link-list-item\">\t<svg xmlns=\"http:\/\/www.w3.org\/2000\/svg\" viewBox=\"0 0 48 48\" height=\"24\" width=\"24\" class=\"t2-icon t2-icon-conversations\" aria-hidden=\"true\" focusable=\"false\"><path d=\"M17.32 3.094c-5.657.702-10.128 3.89-11.592 8.266-.429 1.281-.554 2.15-.503 3.48.091 2.359.84 4.177 2.637 6.4l.194.24-1.547 2.48a1047.26 1047.26 0 0 0-2.025 3.256l-.477.776 2.297-.788c1.263-.433 3.316-1.138 4.562-1.568l2.266-.78.934.293c1.466.46 1.347.473 1.814-.197 2.253-3.232 6.618-5.596 11.23-6.078.871-.091 3.664-.057 4.456.054l.326.046.22-.49c.601-1.341.867-2.55.87-3.964.003-1.161-.111-1.889-.471-3-.548-1.693-1.441-3.086-2.858-4.456-2.194-2.121-5.095-3.478-8.345-3.904-.83-.109-3.313-.15-3.988-.066m9.974 16.986c-4.999.527-9.314 3.225-11.195 7-1.41 2.83-1.427 5.935-.047 8.712 2.876 5.789 10.846 8.631 17.838 6.361l.97-.315 4.51 1.553c2.481.855 4.521 1.543 4.534 1.53.014-.013-.878-1.472-1.981-3.242l-2.005-3.219.429-.53c1.19-1.471 1.904-2.945 2.27-4.685.168-.797.184-2.557.031-3.405-.236-1.313-.826-2.755-1.62-3.96-.612-.929-2.306-2.599-3.308-3.26-1.897-1.254-4.01-2.062-6.32-2.418-.979-.151-3.203-.217-4.106-.122\"\/><\/svg>\t<div class=\"kbm-link-list-item__content\">\n\t\t<p class=\"kbm-link-list-item__title\">Vi tilbyr samtaler p\u00e5 dagtid og ettermiddag<\/p>\n\t\t\t\t\t<p class=\"kbm-link-list-item__description\">Du kan ta kontakt med OBU uten henvisning, det er kort ventetid og tilbudet er gratis.<\/p>\n\t\t\t<\/div>\n\t<\/div>\n\n<div class=\"wp-block-kbm-link-list-item\">\t<svg xmlns=\"http:\/\/www.w3.org\/2000\/svg\" viewBox=\"0 0 48 48\" height=\"24\" width=\"24\" class=\"t2-icon t2-icon-substanceabuse\" aria-hidden=\"true\" focusable=\"false\"><path d=\"M12.56 9.154c-1.341.298-2.645 1.02-3.574 1.979C7.697 12.465 7.02 14.139 7.02 16c0 1.434.389 2.738 1.147 3.847 1.839 2.689 5.013 3.786 8.045 2.781 2.343-.777 4.141-2.82 4.672-5.308.157-.736.12-2.2-.074-2.939-.374-1.42-.887-2.311-1.927-3.341-.989-.98-2.132-1.604-3.441-1.88-.683-.143-2.248-.147-2.882-.006m19.96.013c-.635.139-1.595.533-2.262.927-.582.343-1.821 1.582-2.164 2.164-.801 1.355-1.097 2.524-1.03 4.056.053 1.203.179 1.707.694 2.766a6.659 6.659 0 0 0 3.162 3.162c1.198.583 1.617.675 3.08.675s1.882-.092 3.08-.675a6.878 6.878 0 0 0 2.325-1.823c.5-.602 1.152-1.869 1.369-2.659.108-.395.143-.818.143-1.76 0-1.463-.092-1.882-.675-3.08a6.878 6.878 0 0 0-1.823-2.325c-.59-.49-1.865-1.151-2.619-1.357-.694-.191-2.555-.231-3.28-.071M8.438 28.079c-2.389.351-4.344 1.951-5.133 4.201l-.225.64-.024 3.02-.025 3.02h17.586l.048-1.06c.071-1.592.431-2.97 1.156-4.42.413-.828 1.123-1.894 1.7-2.553.219-.251.399-.497.399-.548 0-.149-.879-.956-1.44-1.322a7.39 7.39 0 0 0-1.133-.577c-1.197-.462-1.483-.481-7.257-.47-2.888.005-5.431.037-5.652.069m24.251.006c-1.748.203-3.4.813-4.929 1.82-.842.555-2.146 1.809-2.743 2.638-1.226 1.702-1.977 3.887-1.977 5.747v.67h21.92v-.67c0-1.861-.751-4.045-1.978-5.748-.523-.727-1.755-1.947-2.502-2.478-2.187-1.554-5.092-2.292-7.791-1.979\"\/><\/svg>\t<div class=\"kbm-link-list-item__content\">\n\t\t<p class=\"kbm-link-list-item__title\">Vi som jobber her er utdannet til \u00e5 bidra med l\u00f8sninger<\/p>\n\t\t\t\t\t<p class=\"kbm-link-list-item__description\">Vi er b\u00e5de kvinner og menn, familieterapeuter, nettverksterapeuter og sosialfaglige, med ulik alder og bakgrunn.<\/p>\n\t\t\t<\/div>\n\t<\/div>\n\n<div class=\"wp-block-kbm-link-list-item\">\t<svg xmlns=\"http:\/\/www.w3.org\/2000\/svg\" viewBox=\"0 0 48 48\" height=\"24\" width=\"24\" class=\"t2-icon t2-icon-citiesnetwork\" aria-hidden=\"true\" focusable=\"false\"><path d=\"M8.566 3.127c-.986.193-2.254.801-3.062 1.467-1.357 1.12-2.245 2.768-2.464 4.572-.191 1.574.278 3.37 1.228 4.702.456.638 1.41 1.542 2.019 1.912 1.124.683 2.541 1.056 3.821 1.007l.721-.027 2.821 7.758c1.552 4.266 2.814 7.76 2.806 7.763-.146.05-1.044.814-1.366 1.162-1.208 1.305-1.811 2.871-1.809 4.702.002 3.131 2.144 5.855 5.239 6.661.903.235 2.235.238 3.184.007 3.171-.773 5.341-3.522 5.335-6.76-.003-1.135-.264-2.155-.819-3.199l-.248-.465 4.208-4.209 4.209-4.208.486.259c2.113 1.126 4.746 1.063 6.774-.163 2.257-1.364 3.603-4.046 3.314-6.603-.421-3.719-3.532-6.371-7.225-6.161-1.072.061-1.685.223-2.658.704-1.135.56-2.045 1.34-2.68 2.297l-.12.181-7.753-2.708-7.754-2.707-.013-1.156c-.011-.922-.05-1.284-.193-1.795-.697-2.493-2.753-4.442-5.224-4.953-.664-.137-2.172-.159-2.777-.04M31.235 20.28c.029 1.204.246 2.079.757 3.053l.301.575-4.207 4.197-4.206 4.196-.6-.312c-1.049-.546-2.476-.853-3.52-.756l-.52.049-2.827-7.78-2.827-7.779.184-.122c.435-.285 1.181-.974 1.493-1.379l.337-.437 7.804 2.728 7.805 2.727.026 1.04\"\/><\/svg>\t<div class=\"kbm-link-list-item__content\">\n\t\t<p class=\"kbm-link-list-item__title\">Vi samarbeider tett med andre<\/p>\n\t\t\t\t\t<p class=\"kbm-link-list-item__description\">Vi jobber p\u00e5 oppdrag fra Trondheim kommune. Vi samarbeider med Barne- og familietjenesten (BFT), skoler, familievernkontoret og andre instanser som arbeider med barn\/ungdom og deres familier.<\/p>\n\t\t\t<\/div>\n\t<\/div>\n\t\t<\/div>\n\t<\/div>\n\t\n\n\n<div class=\"wp-block-media-text alignwide is-stacked-on-mobile is-style-filled\"><figure class=\"wp-block-media-text__media\"><img loading=\"lazy\" decoding=\"async\" width=\"970\" height=\"801\" src=\"https:\/\/kirkensbymisjon.no\/content\/uploads\/sites\/101\/2025\/04\/Tilbud_OBU_03.jpg\" alt=\"\" class=\"wp-image-60 size-full\" srcset=\"https:\/\/kirkensbymisjon.no\/content\/uploads\/sites\/101\/2025\/04\/Tilbud_OBU_03.jpg 970w, https:\/\/kirkensbymisjon.no\/content\/uploads\/sites\/101\/2025\/04\/Tilbud_OBU_03-300x248.jpg 300w, https:\/\/kirkensbymisjon.no\/content\/uploads\/sites\/101\/2025\/04\/Tilbud_OBU_03-768x634.jpg 768w\" sizes=\"auto, (max-width: 970px) 100vw, 970px\" \/><\/figure><div class=\"wp-block-media-text__content\">\n<h2 class=\"wp-block-heading\" id=\"h-lett-tilgjengelig-samtaletilbud\">Lett tilgjengelig samtaletilbud<\/h2>\n\n\n\n<p>Omsorgsstasjonen for barn og ungdom (OBU) er et lett tilgjengelig samtaletilbud for familier med barn og ungdom i skolealder (grunnskole og videreg\u00e5ende skole).<\/p>\n\n\n\n<p><\/p>\n\n\n\n<p>Vi tror at det hjelper \u00e5 snakke sammen om hvordan man vil ha det. Noen ganger hjelper det ogs\u00e5 \u00e5 snakke om hvordan det har v\u00e6rt. Det er lettere \u00e5 f\u00e5 til resultater n\u00e5r det er flere som er med. Vi har mange historier som viser at det nytter, at endring er mulig n\u00e5r alt kjennes umulig, at det ikke alltid er s\u00e5 mye som skal til for \u00e5 komme p\u00e5 rett kj\u00f8l igjen.<\/p>\n\n\n\n<p><a href=\"https:\/\/kirkensbymisjon.no\/tilbud-omsorgsstasjonen-for-barn-og-ungdom\/kontaktinformasjon\/\">Kontakt oss!<\/a><\/p>\n<\/div><\/div>\n\n\n\n<div class=\"wp-block-media-text alignwide is-stacked-on-mobile is-style-default\"><figure class=\"wp-block-media-text__media\"><img loading=\"lazy\" decoding=\"async\" width=\"1024\" height=\"682\" src=\"https:\/\/kirkensbymisjon.no\/content\/uploads\/sites\/101\/2024\/08\/Temabilde_Barn-og-unge-1024x682.jpg\" alt=\"\" class=\"wp-image-17 size-full\" srcset=\"https:\/\/kirkensbymisjon.no\/content\/uploads\/sites\/101\/2024\/08\/Temabilde_Barn-og-unge-1024x682.jpg 1024w, https:\/\/kirkensbymisjon.no\/content\/uploads\/sites\/101\/2024\/08\/Temabilde_Barn-og-unge-300x200.jpg 300w, https:\/\/kirkensbymisjon.no\/content\/uploads\/sites\/101\/2024\/08\/Temabilde_Barn-og-unge-768x512.jpg 768w, https:\/\/kirkensbymisjon.no\/content\/uploads\/sites\/101\/2024\/08\/Temabilde_Barn-og-unge-1536x1023.jpg 1536w, https:\/\/kirkensbymisjon.no\/content\/uploads\/sites\/101\/2024\/08\/Temabilde_Barn-og-unge.jpg 2048w\" sizes=\"auto, (max-width: 1024px) 100vw, 1024px\" \/><\/figure><div class=\"wp-block-media-text__content\">\n<h2 class=\"wp-block-heading\" id=\"h-gruppetilbud-for-foreldre-og-barn\">Gruppetilbud for foreldre og barn<\/h2>\n\n\n\n<p><strong>OBUs hovedaktivitet er samtaler med barn, ungdom og familier. <\/strong><\/p>\n\n\n\n<p><\/p>\n\n\n\n<p>I tillegg har vi gruppetilbud for familier hvor foreldre er i vedvarende konflikter etter samlivsbrudd. Tilbudet best\u00e5r av ei foreldregruppe og ei barnegruppe, som m\u00f8tes parallelt \u00e5tte ettermiddager.<\/p>\n\n\n\n<p><a href=\"https:\/\/kirkensbymisjon.no\/content\/uploads\/sites\/101\/2024\/08\/Tilbud_OBU_Brosjyre-No-Kids-In-The-Middle.pdf\">Les mer om gruppetilbudet &laquo;No Kids in the Middle&raquo; i denne brosjyren<\/a>.<\/p>\n<\/div><\/div>\n\n\n\n<p class=\"has-text-align-center\">Les v\u00e5r <a href=\"https:\/\/kirkensbymisjon.no\/content\/uploads\/sites\/101\/2025\/06\/Personvernerklaring_OBU.pdf\" target=\"_blank\" rel=\"noreferrer noopener\">personvernerkl\u00e6ring<\/a>.<\/p>\n","protected":false},"excerpt":{"rendered":"<p>Lett tilgjengelig samtaletilbud Omsorgsstasjonen for barn og ungdom (OBU) er et lett tilgjengelig samtaletilbud for&hellip;<\/p>\n","protected":false},"author":5,"featured_media":0,"parent":0,"menu_order":0,"comment_status":"closed","ping_status":"closed","template":"","meta":{"_relevanssi_hide_post":"","_relevanssi_hide_content":"","_relevanssi_pin_for_all":"","_relevanssi_pin_keywords":"","_relevanssi_unpin_keywords":"","_relevanssi_related_keywords":"","_relevanssi_related_include_ids":"","_relevanssi_related_exclude_ids":"","_relevanssi_related_no_append":"","_relevanssi_related_not_related":"","_relevanssi_related_posts":"1","_relevanssi_noindex_reason":"","editor_notices":[],"footnotes":""},"class_list":["post-3","page","type-page","status-publish","hentry"],"yoast_head":"<!-- This site is optimized with the Yoast SEO Premium plugin v27.2 (Yoast SEO v27.2) - https:\/\/yoast.com\/product\/yoast-seo-premium-wordpress\/ -->\n<title>Kirkens Bymisjon - Omsorgsstasjonen for barn og ungdom<\/title>\n<meta name=\"description\" content=\"Samtaletilbud i Trondheim for familier med barn og ungdom i skolealder. Vi har ogs\u00e5 gruppetilbud for foreldre som st\u00e5r i samlivsbrudd.\" \/>\n<meta name=\"robots\" content=\"index, follow, max-snippet:-1, max-image-preview:large, max-video-preview:-1\" \/>\n<link rel=\"canonical\" href=\"https:\/\/kirkensbymisjon.no\/tilbud-omsorgsstasjonen-for-barn-og-ungdom\/\" \/>\n<meta property=\"og:locale\" content=\"nb_NO\" \/>\n<meta property=\"og:type\" content=\"article\" \/>\n<meta property=\"og:title\" content=\"Kirkens Bymisjon - Omsorgsstasjonen for barn og ungdom\" \/>\n<meta property=\"og:description\" content=\"Samtaletilbud i Trondheim for familier med barn og ungdom i skolealder. Vi har ogs\u00e5 gruppetilbud for foreldre som st\u00e5r i samlivsbrudd.\" \/>\n<meta property=\"og:url\" content=\"https:\/\/kirkensbymisjon.no\/tilbud-omsorgsstasjonen-for-barn-og-ungdom\/\" \/>\n<meta property=\"og:site_name\" content=\"Omsorgsstasjonen for barn og ungdom\" \/>\n<meta property=\"article:modified_time\" content=\"2025-06-04T16:36:16+00:00\" \/>\n<meta property=\"og:image\" content=\"https:\/\/kirkensbymisjon.no\/content\/uploads\/sites\/101\/2025\/04\/Tilbud_OBU_03.jpg\" \/>\n\t<meta property=\"og:image:width\" content=\"970\" \/>\n\t<meta property=\"og:image:height\" content=\"801\" \/>\n\t<meta property=\"og:image:type\" content=\"image\/jpeg\" \/>\n<meta name=\"twitter:card\" content=\"summary_large_image\" \/>\n<meta name=\"twitter:title\" content=\"Forside\" \/>\n<meta name=\"twitter:label1\" content=\"Ansl. lesetid\" \/>\n\t<meta name=\"twitter:data1\" content=\"2 minutter\" \/>\n<script type=\"application\/ld+json\" class=\"yoast-schema-graph\">{\"@context\":\"https:\/\/schema.org\",\"@graph\":[{\"@type\":\"WebPage\",\"@id\":\"https:\/\/kirkensbymisjon.no\/tilbud-omsorgsstasjonen-for-barn-og-ungdom\/\",\"url\":\"https:\/\/kirkensbymisjon.no\/tilbud-omsorgsstasjonen-for-barn-og-ungdom\/\",\"name\":\"Kirkens Bymisjon - Omsorgsstasjonen for barn og ungdom\",\"isPartOf\":{\"@id\":\"https:\/\/kirkensbymisjon.no\/tilbud-omsorgsstasjonen-for-barn-og-ungdom\/#website\"},\"primaryImageOfPage\":{\"@id\":\"https:\/\/kirkensbymisjon.no\/tilbud-omsorgsstasjonen-for-barn-og-ungdom\/#primaryimage\"},\"image\":{\"@id\":\"https:\/\/kirkensbymisjon.no\/tilbud-omsorgsstasjonen-for-barn-og-ungdom\/#primaryimage\"},\"thumbnailUrl\":\"https:\/\/kirkensbymisjon.no\/content\/uploads\/sites\/101\/2025\/04\/Tilbud_OBU_03.jpg\",\"datePublished\":\"2024-06-26T22:15:54+00:00\",\"dateModified\":\"2025-06-04T16:36:16+00:00\",\"description\":\"Samtaletilbud i Trondheim for familier med barn og ungdom i skolealder. Vi har ogs\u00e5 gruppetilbud for foreldre som st\u00e5r i samlivsbrudd.\",\"breadcrumb\":{\"@id\":\"https:\/\/kirkensbymisjon.no\/tilbud-omsorgsstasjonen-for-barn-og-ungdom\/#breadcrumb\"},\"inLanguage\":\"nb-NO\",\"potentialAction\":[{\"@type\":\"ReadAction\",\"target\":[\"https:\/\/kirkensbymisjon.no\/tilbud-omsorgsstasjonen-for-barn-og-ungdom\/\"]}]},{\"@type\":\"ImageObject\",\"inLanguage\":\"nb-NO\",\"@id\":\"https:\/\/kirkensbymisjon.no\/tilbud-omsorgsstasjonen-for-barn-og-ungdom\/#primaryimage\",\"url\":\"https:\/\/kirkensbymisjon.no\/content\/uploads\/sites\/101\/2025\/04\/Tilbud_OBU_03.jpg\",\"contentUrl\":\"https:\/\/kirkensbymisjon.no\/content\/uploads\/sites\/101\/2025\/04\/Tilbud_OBU_03.jpg\"},{\"@type\":\"BreadcrumbList\",\"@id\":\"https:\/\/kirkensbymisjon.no\/tilbud-omsorgsstasjonen-for-barn-og-ungdom\/#breadcrumb\",\"itemListElement\":[{\"@type\":\"ListItem\",\"position\":1,\"name\":\"Hjem\",\"item\":\"https:\/\/kirkensbymisjon.no\/tilbud-omsorgsstasjonen-for-barn-og-ungdom\/\"},{\"@type\":\"ListItem\",\"position\":2,\"name\":\"Forside\"}]},{\"@type\":\"WebSite\",\"@id\":\"https:\/\/kirkensbymisjon.no\/tilbud-omsorgsstasjonen-for-barn-og-ungdom\/#website\",\"url\":\"https:\/\/kirkensbymisjon.no\/tilbud-omsorgsstasjonen-for-barn-og-ungdom\/\",\"name\":\"Omsorgsstasjonen for barn og ungdom\",\"description\":\"\",\"potentialAction\":[{\"@type\":\"SearchAction\",\"target\":{\"@type\":\"EntryPoint\",\"urlTemplate\":\"https:\/\/kirkensbymisjon.no\/tilbud-omsorgsstasjonen-for-barn-og-ungdom\/?s={search_term_string}\"},\"query-input\":{\"@type\":\"PropertyValueSpecification\",\"valueRequired\":true,\"valueName\":\"search_term_string\"}}],\"inLanguage\":\"nb-NO\"}]}<\/script>\n<!-- \/ Yoast SEO Premium plugin. -->","yoast_head_json":{"title":"Kirkens Bymisjon - Omsorgsstasjonen for barn og ungdom","description":"Samtaletilbud i Trondheim for familier med barn og ungdom i skolealder. Vi har ogs\u00e5 gruppetilbud for foreldre som st\u00e5r i samlivsbrudd.","robots":{"index":"index","follow":"follow","max-snippet":"max-snippet:-1","max-image-preview":"max-image-preview:large","max-video-preview":"max-video-preview:-1"},"canonical":"https:\/\/kirkensbymisjon.no\/tilbud-omsorgsstasjonen-for-barn-og-ungdom\/","og_locale":"nb_NO","og_type":"article","og_title":"Kirkens Bymisjon - Omsorgsstasjonen for barn og ungdom","og_description":"Samtaletilbud i Trondheim for familier med barn og ungdom i skolealder. Vi har ogs\u00e5 gruppetilbud for foreldre som st\u00e5r i samlivsbrudd.","og_url":"https:\/\/kirkensbymisjon.no\/tilbud-omsorgsstasjonen-for-barn-og-ungdom\/","og_site_name":"Omsorgsstasjonen for barn og ungdom","article_modified_time":"2025-06-04T16:36:16+00:00","og_image":[{"width":970,"height":801,"url":"https:\/\/kirkensbymisjon.no\/content\/uploads\/sites\/101\/2025\/04\/Tilbud_OBU_03.jpg","type":"image\/jpeg"}],"twitter_card":"summary_large_image","twitter_title":"Forside","twitter_misc":{"Ansl. lesetid":"2 minutter"},"schema":{"@context":"https:\/\/schema.org","@graph":[{"@type":"WebPage","@id":"https:\/\/kirkensbymisjon.no\/tilbud-omsorgsstasjonen-for-barn-og-ungdom\/","url":"https:\/\/kirkensbymisjon.no\/tilbud-omsorgsstasjonen-for-barn-og-ungdom\/","name":"Kirkens Bymisjon - Omsorgsstasjonen for barn og ungdom","isPartOf":{"@id":"https:\/\/kirkensbymisjon.no\/tilbud-omsorgsstasjonen-for-barn-og-ungdom\/#website"},"primaryImageOfPage":{"@id":"https:\/\/kirkensbymisjon.no\/tilbud-omsorgsstasjonen-for-barn-og-ungdom\/#primaryimage"},"image":{"@id":"https:\/\/kirkensbymisjon.no\/tilbud-omsorgsstasjonen-for-barn-og-ungdom\/#primaryimage"},"thumbnailUrl":"https:\/\/kirkensbymisjon.no\/content\/uploads\/sites\/101\/2025\/04\/Tilbud_OBU_03.jpg","datePublished":"2024-06-26T22:15:54+00:00","dateModified":"2025-06-04T16:36:16+00:00","description":"Samtaletilbud i Trondheim for familier med barn og ungdom i skolealder. Vi har ogs\u00e5 gruppetilbud for foreldre som st\u00e5r i samlivsbrudd.","breadcrumb":{"@id":"https:\/\/kirkensbymisjon.no\/tilbud-omsorgsstasjonen-for-barn-og-ungdom\/#breadcrumb"},"inLanguage":"nb-NO","potentialAction":[{"@type":"ReadAction","target":["https:\/\/kirkensbymisjon.no\/tilbud-omsorgsstasjonen-for-barn-og-ungdom\/"]}]},{"@type":"ImageObject","inLanguage":"nb-NO","@id":"https:\/\/kirkensbymisjon.no\/tilbud-omsorgsstasjonen-for-barn-og-ungdom\/#primaryimage","url":"https:\/\/kirkensbymisjon.no\/content\/uploads\/sites\/101\/2025\/04\/Tilbud_OBU_03.jpg","contentUrl":"https:\/\/kirkensbymisjon.no\/content\/uploads\/sites\/101\/2025\/04\/Tilbud_OBU_03.jpg"},{"@type":"BreadcrumbList","@id":"https:\/\/kirkensbymisjon.no\/tilbud-omsorgsstasjonen-for-barn-og-ungdom\/#breadcrumb","itemListElement":[{"@type":"ListItem","position":1,"name":"Hjem","item":"https:\/\/kirkensbymisjon.no\/tilbud-omsorgsstasjonen-for-barn-og-ungdom\/"},{"@type":"ListItem","position":2,"name":"Forside"}]},{"@type":"WebSite","@id":"https:\/\/kirkensbymisjon.no\/tilbud-omsorgsstasjonen-for-barn-og-ungdom\/#website","url":"https:\/\/kirkensbymisjon.no\/tilbud-omsorgsstasjonen-for-barn-og-ungdom\/","name":"Omsorgsstasjonen for barn og ungdom","description":"","potentialAction":[{"@type":"SearchAction","target":{"@type":"EntryPoint","urlTemplate":"https:\/\/kirkensbymisjon.no\/tilbud-omsorgsstasjonen-for-barn-og-ungdom\/?s={search_term_string}"},"query-input":{"@type":"PropertyValueSpecification","valueRequired":true,"valueName":"search_term_string"}}],"inLanguage":"nb-NO"}]}},"_links":{"self":[{"href":"https:\/\/kirkensbymisjon.no\/tilbud-omsorgsstasjonen-for-barn-og-ungdom\/wp-json\/wp\/v2\/pages\/3","targetHints":{"allow":["GET"]}}],"collection":[{"href":"https:\/\/kirkensbymisjon.no\/tilbud-omsorgsstasjonen-for-barn-og-ungdom\/wp-json\/wp\/v2\/pages"}],"about":[{"href":"https:\/\/kirkensbymisjon.no\/tilbud-omsorgsstasjonen-for-barn-og-ungdom\/wp-json\/wp\/v2\/types\/page"}],"author":[{"embeddable":true,"href":"https:\/\/kirkensbymisjon.no\/tilbud-omsorgsstasjonen-for-barn-og-ungdom\/wp-json\/wp\/v2\/users\/5"}],"replies":[{"embeddable":true,"href":"https:\/\/kirkensbymisjon.no\/tilbud-omsorgsstasjonen-for-barn-og-ungdom\/wp-json\/wp\/v2\/comments?post=3"}],"version-history":[{"count":5,"href":"https:\/\/kirkensbymisjon.no\/tilbud-omsorgsstasjonen-for-barn-og-ungdom\/wp-json\/wp\/v2\/pages\/3\/revisions"}],"predecessor-version":[{"id":75,"href":"https:\/\/kirkensbymisjon.no\/tilbud-omsorgsstasjonen-for-barn-og-ungdom\/wp-json\/wp\/v2\/pages\/3\/revisions\/75"}],"wp:attachment":[{"href":"https:\/\/kirkensbymisjon.no\/tilbud-omsorgsstasjonen-for-barn-og-ungdom\/wp-json\/wp\/v2\/media?parent=3"}],"curies":[{"name":"wp","href":"https:\/\/api.w.org\/{rel}","templated":true}]}}