{"id":3,"date":"2024-06-27T07:54:24","date_gmt":"2024-06-27T05:54:24","guid":{"rendered":"https:\/\/kirkensbymisjon.no\/tilbud-oppsokende-team\/forside\/"},"modified":"2024-09-06T20:42:15","modified_gmt":"2024-09-06T18:42:15","slug":"forside","status":"publish","type":"page","link":"https:\/\/kirkensbymisjon.no\/tilbud-oppsokende-team\/","title":{"rendered":"Forside"},"content":{"rendered":"\n<h2 class=\"wp-block-heading\" id=\"h-hvem-er-vi\"><strong>Hvem er vi?<\/strong><\/h2>\n\n\n\n<p>De ansatte i det rusfaglige teamet er sosionomer og sykepleiere, og vi arbeider helsefremmende og skadereduserende. Vi har som m\u00e5l \u00e5 bidra til bedre helse, \u00e5 forebygge overdoser, videreformidle kontakt med det eksisterende hjelpeapparatet, og \u00e5 \u00f8ke brukernes egenomsorgsevne. Teamet arbeider opps\u00f8kende i V\u00e5gsbunnen og p\u00e5 midlertidige botilbud.<\/p>\n\n\n\n<h2 class=\"wp-block-heading\" id=\"h-hva-kan-vi-bidra-med\"><strong>Hva kan vi bidra med?<\/strong><\/h2>\n\n\n\n<ul class=\"wp-block-list\">\n<li>Individuell helse- og sosialfaglig oppf\u00f8lging.<\/li>\n\n\n\n<li>F\u00f8lge og koordinering i det ordin\u00e6re hjelpeapparat.<\/li>\n\n\n\n<li>Veiledning og r\u00e5dgivning.<\/li>\n\n\n\n<li>Helsevurderinger og s\u00e5rstell.<\/li>\n<\/ul>\n\n\n\n<p>Det er ikke n\u00f8dvendig \u00e5 bestille time, det trengs ikke henvisning, og tilbudet er gratis.<\/p>\n\n\n\n<div class=\"wp-block-media-text alignwide is-stacked-on-mobile is-style-filled\"><figure class=\"wp-block-media-text__media\"><img decoding=\"async\" src=\"https:\/\/kirkensbymisjon.no\/content\/uploads\/2024\/08\/arbeidsfelt_rus_01-edited-1021x1024.jpg\" alt=\"Ansatt i samtale med mann p\u00e5 gata\" class=\"wp-image-1467 size-full\"\/><\/figure><div class=\"wp-block-media-text__content\">\n<h2 class=\"wp-block-heading\" id=\"h-rusomsorg\">Rusomsorg<\/h2>\n\n\n\n<p>Vi jobber for at mennesker som sliter med rusufordringer skal f\u00e5 bedre livskvalitet, b\u00e5de fysisk og psykisk. Livsendringer er utfordrende, men vi ser at behandling, oppf\u00f8lging og omsorg nytter.<\/p>\n\n\n\n<p><a href=\"\/Rusomsorg\">Les mer om v\u00e5re tilbud<\/a><\/p>\n<\/div><\/div>\n","protected":false},"excerpt":{"rendered":"<p>Hvem er vi? De ansatte i det rusfaglige teamet er sosionomer og sykepleiere, og vi&hellip;<\/p>\n","protected":false},"author":5,"featured_media":6,"parent":0,"menu_order":0,"comment_status":"closed","ping_status":"closed","template":"","meta":{"_relevanssi_hide_post":"","_relevanssi_hide_content":"","_relevanssi_pin_for_all":"","_relevanssi_pin_keywords":"","_relevanssi_unpin_keywords":"","_relevanssi_related_keywords":"","_relevanssi_related_include_ids":"","_relevanssi_related_exclude_ids":"","_relevanssi_related_no_append":"","_relevanssi_related_not_related":"","_relevanssi_related_posts":"1","_relevanssi_noindex_reason":"","editor_notices":[],"footnotes":""},"class_list":["post-3","page","type-page","status-publish","has-post-thumbnail","hentry"],"yoast_head":"<!-- This site is optimized with the Yoast SEO Premium plugin v27.2 (Yoast SEO v27.4) - https:\/\/yoast.com\/product\/yoast-seo-premium-wordpress\/ -->\n<title>Kirkens Bymisjon - Opps\u00f8kende team<\/title>\n<meta name=\"description\" content=\"Opps\u00f8kende team med helserom for mennesker med rusrelaterte lidelser i Bergen.\" \/>\n<meta name=\"robots\" content=\"index, follow, max-snippet:-1, max-image-preview:large, max-video-preview:-1\" \/>\n<link rel=\"canonical\" href=\"https:\/\/kirkensbymisjon.no\/tilbud-oppsokende-team\/\" \/>\n<meta property=\"og:locale\" content=\"nb_NO\" \/>\n<meta property=\"og:type\" content=\"article\" \/>\n<meta property=\"og:title\" content=\"Kirkens Bymisjon - Opps\u00f8kende team\" \/>\n<meta property=\"og:description\" content=\"Opps\u00f8kende team med helserom for mennesker med rusrelaterte lidelser i Bergen.\" \/>\n<meta property=\"og:url\" content=\"https:\/\/kirkensbymisjon.no\/tilbud-oppsokende-team\/\" \/>\n<meta property=\"og:site_name\" content=\"Opps\u00f8kende team\" \/>\n<meta property=\"article:modified_time\" content=\"2024-09-06T18:42:15+00:00\" \/>\n<meta property=\"og:image\" content=\"https:\/\/kirkensbymisjon.no\/content\/uploads\/sites\/110\/2024\/06\/Tilbud_Oppsokende_team_01.jpg\" \/>\n\t<meta property=\"og:image:width\" content=\"1701\" \/>\n\t<meta property=\"og:image:height\" content=\"1134\" \/>\n\t<meta property=\"og:image:type\" content=\"image\/jpeg\" \/>\n<meta name=\"twitter:card\" content=\"summary_large_image\" \/>\n<meta name=\"twitter:title\" content=\"Forside\" \/>\n<meta name=\"twitter:label1\" content=\"Ansl. lesetid\" \/>\n\t<meta name=\"twitter:data1\" content=\"1 minutt\" \/>\n<script type=\"application\/ld+json\" class=\"yoast-schema-graph\">{\"@context\":\"https:\\\/\\\/schema.org\",\"@graph\":[{\"@type\":\"WebPage\",\"@id\":\"https:\\\/\\\/kirkensbymisjon.no\\\/tilbud-oppsokende-team\\\/\",\"url\":\"https:\\\/\\\/kirkensbymisjon.no\\\/tilbud-oppsokende-team\\\/\",\"name\":\"Kirkens Bymisjon - Opps\u00f8kende team\",\"isPartOf\":{\"@id\":\"https:\\\/\\\/kirkensbymisjon.no\\\/tilbud-oppsokende-team\\\/#website\"},\"primaryImageOfPage\":{\"@id\":\"https:\\\/\\\/kirkensbymisjon.no\\\/tilbud-oppsokende-team\\\/#primaryimage\"},\"image\":{\"@id\":\"https:\\\/\\\/kirkensbymisjon.no\\\/tilbud-oppsokende-team\\\/#primaryimage\"},\"thumbnailUrl\":\"https:\\\/\\\/kirkensbymisjon.no\\\/content\\\/uploads\\\/sites\\\/110\\\/2024\\\/06\\\/Tilbud_Oppsokende_team_01.jpg\",\"datePublished\":\"2024-06-27T05:54:24+00:00\",\"dateModified\":\"2024-09-06T18:42:15+00:00\",\"description\":\"Opps\u00f8kende team med helserom for mennesker med rusrelaterte lidelser i Bergen.\",\"breadcrumb\":{\"@id\":\"https:\\\/\\\/kirkensbymisjon.no\\\/tilbud-oppsokende-team\\\/#breadcrumb\"},\"inLanguage\":\"nb-NO\",\"potentialAction\":[{\"@type\":\"ReadAction\",\"target\":[\"https:\\\/\\\/kirkensbymisjon.no\\\/tilbud-oppsokende-team\\\/\"]}]},{\"@type\":\"ImageObject\",\"inLanguage\":\"nb-NO\",\"@id\":\"https:\\\/\\\/kirkensbymisjon.no\\\/tilbud-oppsokende-team\\\/#primaryimage\",\"url\":\"https:\\\/\\\/kirkensbymisjon.no\\\/content\\\/uploads\\\/sites\\\/110\\\/2024\\\/06\\\/Tilbud_Oppsokende_team_01.jpg\",\"contentUrl\":\"https:\\\/\\\/kirkensbymisjon.no\\\/content\\\/uploads\\\/sites\\\/110\\\/2024\\\/06\\\/Tilbud_Oppsokende_team_01.jpg\",\"width\":1701,\"height\":1134,\"caption\":\"Ansatt i samtale med mann p\u00e5 gata\"},{\"@type\":\"BreadcrumbList\",\"@id\":\"https:\\\/\\\/kirkensbymisjon.no\\\/tilbud-oppsokende-team\\\/#breadcrumb\",\"itemListElement\":[{\"@type\":\"ListItem\",\"position\":1,\"name\":\"Hjem\",\"item\":\"https:\\\/\\\/kirkensbymisjon.no\\\/tilbud-oppsokende-team\\\/\"},{\"@type\":\"ListItem\",\"position\":2,\"name\":\"Forside\"}]},{\"@type\":\"WebSite\",\"@id\":\"https:\\\/\\\/kirkensbymisjon.no\\\/tilbud-oppsokende-team\\\/#website\",\"url\":\"https:\\\/\\\/kirkensbymisjon.no\\\/tilbud-oppsokende-team\\\/\",\"name\":\"Opps\u00f8kende team\",\"description\":\"\",\"potentialAction\":[{\"@type\":\"SearchAction\",\"target\":{\"@type\":\"EntryPoint\",\"urlTemplate\":\"https:\\\/\\\/kirkensbymisjon.no\\\/tilbud-oppsokende-team\\\/?s={search_term_string}\"},\"query-input\":{\"@type\":\"PropertyValueSpecification\",\"valueRequired\":true,\"valueName\":\"search_term_string\"}}],\"inLanguage\":\"nb-NO\"}]}<\/script>\n<!-- \/ Yoast SEO Premium plugin. -->","yoast_head_json":{"title":"Kirkens Bymisjon - Opps\u00f8kende team","description":"Opps\u00f8kende team med helserom for mennesker med rusrelaterte lidelser i Bergen.","robots":{"index":"index","follow":"follow","max-snippet":"max-snippet:-1","max-image-preview":"max-image-preview:large","max-video-preview":"max-video-preview:-1"},"canonical":"https:\/\/kirkensbymisjon.no\/tilbud-oppsokende-team\/","og_locale":"nb_NO","og_type":"article","og_title":"Kirkens Bymisjon - Opps\u00f8kende team","og_description":"Opps\u00f8kende team med helserom for mennesker med rusrelaterte lidelser i Bergen.","og_url":"https:\/\/kirkensbymisjon.no\/tilbud-oppsokende-team\/","og_site_name":"Opps\u00f8kende team","article_modified_time":"2024-09-06T18:42:15+00:00","og_image":[{"width":1701,"height":1134,"url":"https:\/\/kirkensbymisjon.no\/content\/uploads\/sites\/110\/2024\/06\/Tilbud_Oppsokende_team_01.jpg","type":"image\/jpeg"}],"twitter_card":"summary_large_image","twitter_title":"Forside","twitter_misc":{"Ansl. lesetid":"1 minutt"},"schema":{"@context":"https:\/\/schema.org","@graph":[{"@type":"WebPage","@id":"https:\/\/kirkensbymisjon.no\/tilbud-oppsokende-team\/","url":"https:\/\/kirkensbymisjon.no\/tilbud-oppsokende-team\/","name":"Kirkens Bymisjon - Opps\u00f8kende team","isPartOf":{"@id":"https:\/\/kirkensbymisjon.no\/tilbud-oppsokende-team\/#website"},"primaryImageOfPage":{"@id":"https:\/\/kirkensbymisjon.no\/tilbud-oppsokende-team\/#primaryimage"},"image":{"@id":"https:\/\/kirkensbymisjon.no\/tilbud-oppsokende-team\/#primaryimage"},"thumbnailUrl":"https:\/\/kirkensbymisjon.no\/content\/uploads\/sites\/110\/2024\/06\/Tilbud_Oppsokende_team_01.jpg","datePublished":"2024-06-27T05:54:24+00:00","dateModified":"2024-09-06T18:42:15+00:00","description":"Opps\u00f8kende team med helserom for mennesker med rusrelaterte lidelser i Bergen.","breadcrumb":{"@id":"https:\/\/kirkensbymisjon.no\/tilbud-oppsokende-team\/#breadcrumb"},"inLanguage":"nb-NO","potentialAction":[{"@type":"ReadAction","target":["https:\/\/kirkensbymisjon.no\/tilbud-oppsokende-team\/"]}]},{"@type":"ImageObject","inLanguage":"nb-NO","@id":"https:\/\/kirkensbymisjon.no\/tilbud-oppsokende-team\/#primaryimage","url":"https:\/\/kirkensbymisjon.no\/content\/uploads\/sites\/110\/2024\/06\/Tilbud_Oppsokende_team_01.jpg","contentUrl":"https:\/\/kirkensbymisjon.no\/content\/uploads\/sites\/110\/2024\/06\/Tilbud_Oppsokende_team_01.jpg","width":1701,"height":1134,"caption":"Ansatt i samtale med mann p\u00e5 gata"},{"@type":"BreadcrumbList","@id":"https:\/\/kirkensbymisjon.no\/tilbud-oppsokende-team\/#breadcrumb","itemListElement":[{"@type":"ListItem","position":1,"name":"Hjem","item":"https:\/\/kirkensbymisjon.no\/tilbud-oppsokende-team\/"},{"@type":"ListItem","position":2,"name":"Forside"}]},{"@type":"WebSite","@id":"https:\/\/kirkensbymisjon.no\/tilbud-oppsokende-team\/#website","url":"https:\/\/kirkensbymisjon.no\/tilbud-oppsokende-team\/","name":"Opps\u00f8kende team","description":"","potentialAction":[{"@type":"SearchAction","target":{"@type":"EntryPoint","urlTemplate":"https:\/\/kirkensbymisjon.no\/tilbud-oppsokende-team\/?s={search_term_string}"},"query-input":{"@type":"PropertyValueSpecification","valueRequired":true,"valueName":"search_term_string"}}],"inLanguage":"nb-NO"}]}},"_links":{"self":[{"href":"https:\/\/kirkensbymisjon.no\/tilbud-oppsokende-team\/wp-json\/wp\/v2\/pages\/3","targetHints":{"allow":["GET"]}}],"collection":[{"href":"https:\/\/kirkensbymisjon.no\/tilbud-oppsokende-team\/wp-json\/wp\/v2\/pages"}],"about":[{"href":"https:\/\/kirkensbymisjon.no\/tilbud-oppsokende-team\/wp-json\/wp\/v2\/types\/page"}],"author":[{"embeddable":true,"href":"https:\/\/kirkensbymisjon.no\/tilbud-oppsokende-team\/wp-json\/wp\/v2\/users\/5"}],"replies":[{"embeddable":true,"href":"https:\/\/kirkensbymisjon.no\/tilbud-oppsokende-team\/wp-json\/wp\/v2\/comments?post=3"}],"version-history":[{"count":4,"href":"https:\/\/kirkensbymisjon.no\/tilbud-oppsokende-team\/wp-json\/wp\/v2\/pages\/3\/revisions"}],"predecessor-version":[{"id":21,"href":"https:\/\/kirkensbymisjon.no\/tilbud-oppsokende-team\/wp-json\/wp\/v2\/pages\/3\/revisions\/21"}],"wp:featuredmedia":[{"embeddable":true,"href":"https:\/\/kirkensbymisjon.no\/tilbud-oppsokende-team\/wp-json\/wp\/v2\/media\/6"}],"wp:attachment":[{"href":"https:\/\/kirkensbymisjon.no\/tilbud-oppsokende-team\/wp-json\/wp\/v2\/media?parent=3"}],"curies":[{"name":"wp","href":"https:\/\/api.w.org\/{rel}","templated":true}]}}