{"id":3,"date":"2024-06-27T01:02:19","date_gmt":"2024-06-26T23:02:19","guid":{"rendered":"https:\/\/kirkensbymisjon.no\/tilbud-paahjul-sykkelverksted\/forside\/"},"modified":"2024-10-24T14:08:15","modified_gmt":"2024-10-24T12:08:15","slug":"forside","status":"publish","type":"page","link":"https:\/\/kirkensbymisjon.no\/tilbud-paahjul-sykkelverksted\/","title":{"rendered":"Forside"},"content":{"rendered":"\n<div class=\"wp-block-media-text alignwide is-stacked-on-mobile is-style-filled\"><figure class=\"wp-block-media-text__media\"><img loading=\"lazy\" decoding=\"async\" width=\"1024\" height=\"683\" src=\"https:\/\/kirkensbymisjon.no\/content\/uploads\/sites\/106\/2024\/06\/Tilbud_paahjul_02-1024x683.jpeg\" alt=\"Medarbeider i arbeidstrening p\u00e5 sykkelverkstedet.\" class=\"wp-image-10 size-full\" srcset=\"https:\/\/kirkensbymisjon.no\/content\/uploads\/sites\/106\/2024\/06\/Tilbud_paahjul_02-1024x683.jpeg 1024w, https:\/\/kirkensbymisjon.no\/content\/uploads\/sites\/106\/2024\/06\/Tilbud_paahjul_02-300x200.jpeg 300w, https:\/\/kirkensbymisjon.no\/content\/uploads\/sites\/106\/2024\/06\/Tilbud_paahjul_02-768x512.jpeg 768w, https:\/\/kirkensbymisjon.no\/content\/uploads\/sites\/106\/2024\/06\/Tilbud_paahjul_02-1536x1024.jpeg 1536w, https:\/\/kirkensbymisjon.no\/content\/uploads\/sites\/106\/2024\/06\/Tilbud_paahjul_02-2048x1366.jpeg 2048w\" sizes=\"auto, (max-width: 1024px) 100vw, 1024px\" \/><\/figure><div class=\"wp-block-media-text__content\">\n<h2 class=\"wp-block-heading\" id=\"h-et-fullservice-sykkelverksted-service-kvalitet-og-kompetanse\">Et fullservice sykkelverksted \u2013 service, kvalitet og kompetanse<\/h2>\n\n\n\n<p>V\u00e5re ansatte er proffe fagfolk som s\u00f8rger for sykkelfaglig oppl\u00e6ring og arbeidsveiledning til v\u00e5re deltakere. <\/p>\n\n\n\n<p>V\u00e5rt m\u00e5l er \u00e5 bidra til at v\u00e5re arbeidsdeltakere f\u00e5r \u00f8kt livskvalitet og forbedrede muligheter til \u00e5 delta som likeverdig i samfunnet.<\/p>\n<\/div><\/div>\n\n\n\n<p>Paahjul sykkelverksted er et samarbeid mellom Kirkens Bymisjon og <a href=\"https:\/\/hitecvision.com\/\" target=\"_blank\" rel=\"noreferrer noopener\">HitecVision<\/a>. Tilbudet finnes i Oslo og flere steder i Rogaland.<\/p>\n\n\n\t<div class=\"alignwide wp-block-kbm-link-list\">\n\t\t<div class=\"kbm-link-list__items\">\n\t\t\t\n<a class=\"wp-block-kbm-link-list-item\" href=\"https:\/\/paahjuloslo.bestille.no\">\t<svg xmlns=\"http:\/\/www.w3.org\/2000\/svg\" viewBox=\"0 0 48 48\" height=\"24\" width=\"24\" class=\"t2-icon t2-icon-bicycle\" aria-hidden=\"true\" focusable=\"false\"><path d=\"M25.553 9.186c-.617.39-.805.986-.5 1.592.267.532.475.651 1.378.787.96.144 1.543.41 2.097.957.681.674.735.456-.683 2.798l-1.259 2.08-5.363.021c-4.231.016-5.379-.001-5.44-.08-.043-.056-.178-.353-.299-.661l-.256-.647c-.02-.049.15-.127.397-.183.991-.221 1.411-1.287.796-2.019-.384-.455-.494-.471-3.221-.471-2.727 0-2.837.016-3.221.471-.402.478-.366 1.2.081 1.647.321.321.523.381 1.485.434l.866.048.548 1.34c.309.754.507 1.339.455 1.337a5.481 5.481 0 0 1-.574-.12c-.264-.064-.912-.139-1.44-.165a9.028 9.028 0 0 0-7.648 3.562c-.555.731-1.23 2.132-1.486 3.086-.193.719-.214.937-.215 2.16 0 1.234.02 1.434.219 2.16a9.008 9.008 0 0 0 11.587 6.199 8.892 8.892 0 0 0 5.66-5.662c.127-.383.256-.868.286-1.077l.055-.38h1.371c1.527-.001 1.677-.042 2.07-.573.108-.147 1.648-2.679 3.421-5.627s3.265-5.405 3.315-5.46c.07-.077.153.071.356.64.145.407.462 1.199.704 1.759l.439 1.019-.267.216c-2.422 1.959-3.649 5.302-3.072 8.371 1.168 6.218 8.42 9.266 13.761 5.784 3.731-2.432 5.084-7.188 3.167-11.134A9.001 9.001 0 0 0 37 18.321c-.826 0-1.945.164-2.684.394-.28.087-.515.151-.522.142-.147-.185-.955-2.197-1.26-3.137a34.072 34.072 0 0 1-.49-1.76c-.403-1.599-.763-2.294-1.638-3.16-1.154-1.144-2.305-1.668-3.806-1.735-.694-.031-.833-.015-1.047.121m-.519 10.794c-.003.033-.804 1.374-1.78 2.98l-1.774 2.92h-1.6l-.068-.32c-.356-1.672-1.129-3.174-2.309-4.48-.239-.264-.494-.633-.568-.82l-.134-.34h4.12c2.265 0 4.116.027 4.113.06m-12.768 1.015c2.027.388 3.879 1.924 4.656 3.863.102.254.21.597.241.762l.055.3h-3.317c-3.308 0-3.318 0-3.582.18-.442.301-.599.579-.599 1.06 0 .463.142.73.551 1.035.213.16.33.166 3.583.188l3.363.022-.055.298c-.17.92-.948 2.207-1.832 3.031-1.29 1.201-2.96 1.792-4.753 1.681-.978-.061-1.547-.213-2.457-.655a6.228 6.228 0 0 1-2.917-2.954c-.442-.928-.586-1.59-.582-2.686.005-1.42.343-2.462 1.178-3.64.882-1.242 2.404-2.206 3.967-2.513.566-.111 1.849-.097 2.5.028m26.574.124c2.749.87 4.523 3.224 4.519 5.994-.003 1.372-.287 2.355-1.005 3.464-1.529 2.366-4.597 3.437-7.314 2.554-1.072-.348-1.677-.729-2.563-1.611-1.212-1.206-1.738-2.392-1.816-4.089-.08-1.75.461-3.241 1.65-4.551.319-.351.33-.356.452-.2.069.088.291.466.495.84.996 1.831 2.706 4.48 3.028 4.691.111.073.373.15.581.17.789.075 1.401-.451 1.409-1.211.004-.389-.04-.482-.722-1.532-1.422-2.19-2.645-4.339-2.533-4.451.04-.04.321-.124.626-.187.826-.172 2.469-.111 3.193.119\"\/><\/svg>\t<div class=\"kbm-link-list-item__content\">\n\t\t<p class=\"kbm-link-list-item__title\">Sykkelverkstedet i Oslo<\/p>\n\t\t\t\t\t<p class=\"kbm-link-list-item__description\">Sykkelverkstedet i Barcode, Oslo. Book tid eller drop in ved akutte sm\u00e5reperasjoner.<\/p>\n\t\t\t<\/div>\n\t<\/a>\n\n<a class=\"wp-block-kbm-link-list-item\" href=\"https:\/\/rogaland.paahjul.no\/\">\t<svg xmlns=\"http:\/\/www.w3.org\/2000\/svg\" viewBox=\"0 0 48 48\" height=\"24\" width=\"24\" class=\"t2-icon t2-icon-salepurchase\" aria-hidden=\"true\" focusable=\"false\"><path d=\"M6 8.72v1.68l1.7.001h1.7l3.033 6.407c1.669 3.524 3.034 6.449 3.034 6.501 0 .052-.529 1.003-1.176 2.114-1.303 2.24-1.445 2.602-1.448 3.697-.002.839.16 1.344.642 1.998.397.54.985.966 1.656 1.202.446.157.663.16 10.977.16H36.64v-3.36h-9.885c-6.661 0-9.936-.027-10.04-.083a.332.332 0 0 1-.155-.276c0-.106.345-.842.766-1.635l.765-1.442 6.735-.022 6.734-.022.52-.247c.956-.452.953-.448 4.393-6.681 1.735-3.141 3.229-5.796 3.32-5.898.134-.15.167-.293.167-.72 0-.859-.386-1.4-1.151-1.613-.188-.052-4.724-.08-12.977-.081H13.143l-.749-1.68-.749-1.68H6v1.68m9.24 25.628c-1.654.547-2.662 2.146-2.382 3.779.367 2.145 2.577 3.412 4.582 2.627 1.108-.434 1.895-1.419 2.102-2.627.249-1.451-.552-2.946-1.92-3.588-.471-.221-.641-.257-1.302-.276-.473-.013-.881.019-1.08.085m16.845.05c-1.191.44-2.022 1.44-2.248 2.707-.084.471-.079.637.034 1.143.586 2.629 3.69 3.64 5.607 1.826.493-.465.755-.876.959-1.498.191-.584.14-1.644-.11-2.281-.256-.653-.963-1.392-1.665-1.74-.488-.242-.621-.271-1.342-.294-.647-.019-.883.007-1.235.137\"\/><\/svg>\t<div class=\"kbm-link-list-item__content\">\n\t\t<p class=\"kbm-link-list-item__title\">Sykkelverkstedene i Rogaland<\/p>\n\t\t\t\t\t<p class=\"kbm-link-list-item__description\">Verksted og salg av sykler i Stavanger sentrum, Hinna Park og Sandnes.<\/p>\n\t\t\t<\/div>\n\t<\/a>\n\n<div class=\"wp-block-kbm-link-list-item\">\t<svg xmlns=\"http:\/\/www.w3.org\/2000\/svg\" viewBox=\"0 0 48 48\" height=\"24\" width=\"24\" class=\"t2-icon t2-icon-heart\" aria-hidden=\"true\" focusable=\"false\"><path d=\"M12.608 7.169c-1.695.306-3.132.959-4.579 2.081-1.894 1.468-3.293 3.755-3.79 6.194-.689 3.382.232 7.499 2.57 11.489 2.339 3.991 6.459 8.359 11.511 12.202 1.924 1.463 5.432 3.825 5.682 3.825.244 0 3.789-2.389 5.678-3.826 3.507-2.666 6.767-5.781 9.058-8.654 4.107-5.151 5.927-10.598 5.023-15.036-.867-4.255-4.231-7.559-8.431-8.282-.908-.156-2.546-.157-3.46-.001-3.228.55-6.151 2.758-7.548 5.699-.151.319-.296.58-.32.58-.025 0-.212-.333-.416-.74-1.452-2.905-4.266-4.995-7.456-5.539-.885-.151-2.667-.147-3.522.008\"\/><\/svg>\t<div class=\"kbm-link-list-item__content\">\n\t\t<p class=\"kbm-link-list-item__title\">Sykkelverksted med mening<\/p>\n\t\t\t\t\t<p class=\"kbm-link-list-item__description\">Proffe fagfolk og arbeidstrening for personer utenfor ordin\u00e6rt arbeidsliv.<\/p>\n\t\t\t<\/div>\n\t<\/div>\n\t\t<\/div>\n\t<\/div>\n\t\n\n\n<div class=\"wp-block-media-text alignwide is-stacked-on-mobile is-style-filled\"><figure class=\"wp-block-media-text__media\"><img decoding=\"async\" src=\"https:\/\/kirkensbymisjon.no\/content\/uploads\/2024\/06\/arbeidsfelt_arbeidsinkludering_02-1024x576.jpg\" alt=\"Ung jente i arbeidstrening ved Ung p\u00e5 dagtid i Halden\" class=\"wp-image-365 size-full\" \/><\/figure><div class=\"wp-block-media-text__content\">\n<h2 class=\"wp-block-heading\" id=\"h-arbeidsinkuldering\">Arbeidsinkuldering <\/h2>\n\n\n\n<p>Vi driver en rekke tilbud for \u00e5 hjelpe mennesker ut i arbeid. Det \u00e5 ha noe \u00e5 g\u00e5 til er viktig av mange grunner. For mange er arbeid et alternativ til noe vanskelig. Det kan handle om rus, ensomhet eller andre utfordringer. Gjennom v\u00e5rt arbeid kan vi bidra arbeidsfellesskap, mestring og inntekt.&nbsp;<\/p>\n\n\n\n<p><a href=\"\/arbeidsinkludering\">Les mer om v\u00e5re tilbud<\/a><\/p>\n<\/div><\/div>\n","protected":false},"excerpt":{"rendered":"<p>Et fullservice sykkelverksted \u2013 service, kvalitet og kompetanse V\u00e5re ansatte er proffe fagfolk som s\u00f8rger&hellip;<\/p>\n","protected":false},"author":5,"featured_media":0,"parent":0,"menu_order":0,"comment_status":"closed","ping_status":"closed","template":"","meta":{"_relevanssi_hide_post":"","_relevanssi_hide_content":"","_relevanssi_pin_for_all":"","_relevanssi_pin_keywords":"","_relevanssi_unpin_keywords":"","_relevanssi_related_keywords":"","_relevanssi_related_include_ids":"","_relevanssi_related_exclude_ids":"","_relevanssi_related_no_append":"","_relevanssi_related_not_related":"","_relevanssi_related_posts":"1","_relevanssi_noindex_reason":"","editor_notices":[],"footnotes":""},"class_list":["post-3","page","type-page","status-publish","hentry"],"yoast_head":"<!-- This site is optimized with the Yoast SEO Premium plugin v27.2 (Yoast SEO v27.4) - https:\/\/yoast.com\/product\/yoast-seo-premium-wordpress\/ -->\n<title>Forside - Paahjul sykkelverksted<\/title>\n<meta name=\"description\" content=\"Vi leverer sykkelverkstedtjenester og tilbyr arbeidstrening for personer som st\u00e5r utenfor ordin\u00e6rt arbeidsliv.\" \/>\n<meta name=\"robots\" content=\"index, follow, max-snippet:-1, max-image-preview:large, max-video-preview:-1\" \/>\n<link rel=\"canonical\" href=\"https:\/\/kirkensbymisjon.no\/tilbud-paahjul-sykkelverksted\/\" \/>\n<meta property=\"og:locale\" content=\"nb_NO\" \/>\n<meta property=\"og:type\" content=\"article\" \/>\n<meta property=\"og:title\" content=\"Forside\" \/>\n<meta property=\"og:description\" content=\"Vi leverer sykkelverkstedtjenester og tilbyr arbeidstrening for personer som st\u00e5r utenfor ordin\u00e6rt arbeidsliv.\" \/>\n<meta property=\"og:url\" content=\"https:\/\/kirkensbymisjon.no\/tilbud-paahjul-sykkelverksted\/\" \/>\n<meta property=\"og:site_name\" content=\"Paahjul sykkelverksted\" \/>\n<meta property=\"article:modified_time\" content=\"2024-10-24T12:08:15+00:00\" \/>\n<meta property=\"og:image\" content=\"https:\/\/kirkensbymisjon.no\/content\/uploads\/sites\/106\/2024\/06\/Tilbud_paahjul_02.jpeg\" \/>\n\t<meta property=\"og:image:width\" content=\"2560\" \/>\n\t<meta property=\"og:image:height\" content=\"1707\" \/>\n\t<meta property=\"og:image:type\" content=\"image\/jpeg\" \/>\n<meta name=\"twitter:card\" content=\"summary_large_image\" \/>\n<meta name=\"twitter:label1\" content=\"Ansl. lesetid\" \/>\n\t<meta name=\"twitter:data1\" content=\"2 minutter\" \/>\n<script type=\"application\/ld+json\" class=\"yoast-schema-graph\">{\"@context\":\"https:\\\/\\\/schema.org\",\"@graph\":[{\"@type\":\"WebPage\",\"@id\":\"https:\\\/\\\/kirkensbymisjon.no\\\/tilbud-paahjul-sykkelverksted\\\/\",\"url\":\"https:\\\/\\\/kirkensbymisjon.no\\\/tilbud-paahjul-sykkelverksted\\\/\",\"name\":\"Forside - Paahjul sykkelverksted\",\"isPartOf\":{\"@id\":\"https:\\\/\\\/kirkensbymisjon.no\\\/tilbud-paahjul-sykkelverksted\\\/#website\"},\"primaryImageOfPage\":{\"@id\":\"https:\\\/\\\/kirkensbymisjon.no\\\/tilbud-paahjul-sykkelverksted\\\/#primaryimage\"},\"image\":{\"@id\":\"https:\\\/\\\/kirkensbymisjon.no\\\/tilbud-paahjul-sykkelverksted\\\/#primaryimage\"},\"thumbnailUrl\":\"https:\\\/\\\/kirkensbymisjon.no\\\/content\\\/uploads\\\/sites\\\/106\\\/2024\\\/06\\\/Tilbud_paahjul_02-1024x683.jpeg\",\"datePublished\":\"2024-06-26T23:02:19+00:00\",\"dateModified\":\"2024-10-24T12:08:15+00:00\",\"description\":\"Vi leverer sykkelverkstedtjenester og tilbyr arbeidstrening for personer som st\u00e5r utenfor ordin\u00e6rt arbeidsliv.\",\"breadcrumb\":{\"@id\":\"https:\\\/\\\/kirkensbymisjon.no\\\/tilbud-paahjul-sykkelverksted\\\/#breadcrumb\"},\"inLanguage\":\"nb-NO\",\"potentialAction\":[{\"@type\":\"ReadAction\",\"target\":[\"https:\\\/\\\/kirkensbymisjon.no\\\/tilbud-paahjul-sykkelverksted\\\/\"]}]},{\"@type\":\"ImageObject\",\"inLanguage\":\"nb-NO\",\"@id\":\"https:\\\/\\\/kirkensbymisjon.no\\\/tilbud-paahjul-sykkelverksted\\\/#primaryimage\",\"url\":\"https:\\\/\\\/kirkensbymisjon.no\\\/content\\\/uploads\\\/sites\\\/106\\\/2024\\\/06\\\/Tilbud_paahjul_02-1024x683.jpeg\",\"contentUrl\":\"https:\\\/\\\/kirkensbymisjon.no\\\/content\\\/uploads\\\/sites\\\/106\\\/2024\\\/06\\\/Tilbud_paahjul_02-1024x683.jpeg\"},{\"@type\":\"BreadcrumbList\",\"@id\":\"https:\\\/\\\/kirkensbymisjon.no\\\/tilbud-paahjul-sykkelverksted\\\/#breadcrumb\",\"itemListElement\":[{\"@type\":\"ListItem\",\"position\":1,\"name\":\"Hjem\",\"item\":\"https:\\\/\\\/kirkensbymisjon.no\\\/tilbud-paahjul-sykkelverksted\\\/\"},{\"@type\":\"ListItem\",\"position\":2,\"name\":\"Forside\"}]},{\"@type\":\"WebSite\",\"@id\":\"https:\\\/\\\/kirkensbymisjon.no\\\/tilbud-paahjul-sykkelverksted\\\/#website\",\"url\":\"https:\\\/\\\/kirkensbymisjon.no\\\/tilbud-paahjul-sykkelverksted\\\/\",\"name\":\"Paahjul sykkelverksted\",\"description\":\"\",\"potentialAction\":[{\"@type\":\"SearchAction\",\"target\":{\"@type\":\"EntryPoint\",\"urlTemplate\":\"https:\\\/\\\/kirkensbymisjon.no\\\/tilbud-paahjul-sykkelverksted\\\/?s={search_term_string}\"},\"query-input\":{\"@type\":\"PropertyValueSpecification\",\"valueRequired\":true,\"valueName\":\"search_term_string\"}}],\"inLanguage\":\"nb-NO\"}]}<\/script>\n<!-- \/ Yoast SEO Premium plugin. -->","yoast_head_json":{"title":"Forside - Paahjul sykkelverksted","description":"Vi leverer sykkelverkstedtjenester og tilbyr arbeidstrening for personer som st\u00e5r utenfor ordin\u00e6rt arbeidsliv.","robots":{"index":"index","follow":"follow","max-snippet":"max-snippet:-1","max-image-preview":"max-image-preview:large","max-video-preview":"max-video-preview:-1"},"canonical":"https:\/\/kirkensbymisjon.no\/tilbud-paahjul-sykkelverksted\/","og_locale":"nb_NO","og_type":"article","og_title":"Forside","og_description":"Vi leverer sykkelverkstedtjenester og tilbyr arbeidstrening for personer som st\u00e5r utenfor ordin\u00e6rt arbeidsliv.","og_url":"https:\/\/kirkensbymisjon.no\/tilbud-paahjul-sykkelverksted\/","og_site_name":"Paahjul sykkelverksted","article_modified_time":"2024-10-24T12:08:15+00:00","og_image":[{"width":2560,"height":1707,"url":"https:\/\/kirkensbymisjon.no\/content\/uploads\/sites\/106\/2024\/06\/Tilbud_paahjul_02.jpeg","type":"image\/jpeg"}],"twitter_card":"summary_large_image","twitter_misc":{"Ansl. lesetid":"2 minutter"},"schema":{"@context":"https:\/\/schema.org","@graph":[{"@type":"WebPage","@id":"https:\/\/kirkensbymisjon.no\/tilbud-paahjul-sykkelverksted\/","url":"https:\/\/kirkensbymisjon.no\/tilbud-paahjul-sykkelverksted\/","name":"Forside - Paahjul sykkelverksted","isPartOf":{"@id":"https:\/\/kirkensbymisjon.no\/tilbud-paahjul-sykkelverksted\/#website"},"primaryImageOfPage":{"@id":"https:\/\/kirkensbymisjon.no\/tilbud-paahjul-sykkelverksted\/#primaryimage"},"image":{"@id":"https:\/\/kirkensbymisjon.no\/tilbud-paahjul-sykkelverksted\/#primaryimage"},"thumbnailUrl":"https:\/\/kirkensbymisjon.no\/content\/uploads\/sites\/106\/2024\/06\/Tilbud_paahjul_02-1024x683.jpeg","datePublished":"2024-06-26T23:02:19+00:00","dateModified":"2024-10-24T12:08:15+00:00","description":"Vi leverer sykkelverkstedtjenester og tilbyr arbeidstrening for personer som st\u00e5r utenfor ordin\u00e6rt arbeidsliv.","breadcrumb":{"@id":"https:\/\/kirkensbymisjon.no\/tilbud-paahjul-sykkelverksted\/#breadcrumb"},"inLanguage":"nb-NO","potentialAction":[{"@type":"ReadAction","target":["https:\/\/kirkensbymisjon.no\/tilbud-paahjul-sykkelverksted\/"]}]},{"@type":"ImageObject","inLanguage":"nb-NO","@id":"https:\/\/kirkensbymisjon.no\/tilbud-paahjul-sykkelverksted\/#primaryimage","url":"https:\/\/kirkensbymisjon.no\/content\/uploads\/sites\/106\/2024\/06\/Tilbud_paahjul_02-1024x683.jpeg","contentUrl":"https:\/\/kirkensbymisjon.no\/content\/uploads\/sites\/106\/2024\/06\/Tilbud_paahjul_02-1024x683.jpeg"},{"@type":"BreadcrumbList","@id":"https:\/\/kirkensbymisjon.no\/tilbud-paahjul-sykkelverksted\/#breadcrumb","itemListElement":[{"@type":"ListItem","position":1,"name":"Hjem","item":"https:\/\/kirkensbymisjon.no\/tilbud-paahjul-sykkelverksted\/"},{"@type":"ListItem","position":2,"name":"Forside"}]},{"@type":"WebSite","@id":"https:\/\/kirkensbymisjon.no\/tilbud-paahjul-sykkelverksted\/#website","url":"https:\/\/kirkensbymisjon.no\/tilbud-paahjul-sykkelverksted\/","name":"Paahjul sykkelverksted","description":"","potentialAction":[{"@type":"SearchAction","target":{"@type":"EntryPoint","urlTemplate":"https:\/\/kirkensbymisjon.no\/tilbud-paahjul-sykkelverksted\/?s={search_term_string}"},"query-input":{"@type":"PropertyValueSpecification","valueRequired":true,"valueName":"search_term_string"}}],"inLanguage":"nb-NO"}]}},"_links":{"self":[{"href":"https:\/\/kirkensbymisjon.no\/tilbud-paahjul-sykkelverksted\/wp-json\/wp\/v2\/pages\/3","targetHints":{"allow":["GET"]}}],"collection":[{"href":"https:\/\/kirkensbymisjon.no\/tilbud-paahjul-sykkelverksted\/wp-json\/wp\/v2\/pages"}],"about":[{"href":"https:\/\/kirkensbymisjon.no\/tilbud-paahjul-sykkelverksted\/wp-json\/wp\/v2\/types\/page"}],"author":[{"embeddable":true,"href":"https:\/\/kirkensbymisjon.no\/tilbud-paahjul-sykkelverksted\/wp-json\/wp\/v2\/users\/5"}],"replies":[{"embeddable":true,"href":"https:\/\/kirkensbymisjon.no\/tilbud-paahjul-sykkelverksted\/wp-json\/wp\/v2\/comments?post=3"}],"version-history":[{"count":6,"href":"https:\/\/kirkensbymisjon.no\/tilbud-paahjul-sykkelverksted\/wp-json\/wp\/v2\/pages\/3\/revisions"}],"predecessor-version":[{"id":71,"href":"https:\/\/kirkensbymisjon.no\/tilbud-paahjul-sykkelverksted\/wp-json\/wp\/v2\/pages\/3\/revisions\/71"}],"wp:attachment":[{"href":"https:\/\/kirkensbymisjon.no\/tilbud-paahjul-sykkelverksted\/wp-json\/wp\/v2\/media?parent=3"}],"curies":[{"name":"wp","href":"https:\/\/api.w.org\/{rel}","templated":true}]}}