{"id":3,"date":"2024-06-27T00:20:39","date_gmt":"2024-06-26T22:20:39","guid":{"rendered":"https:\/\/kirkensbymisjon.no\/tilbud-pedalen-sykkelverksted\/forside\/"},"modified":"2024-08-30T10:52:16","modified_gmt":"2024-08-30T08:52:16","slug":"forside","status":"publish","type":"page","link":"https:\/\/kirkensbymisjon.no\/tilbud-pedalen-sykkelverksted\/","title":{"rendered":"Forside"},"content":{"rendered":"\n<div class=\"wp-block-media-text alignwide is-stacked-on-mobile is-style-filled\"><figure class=\"wp-block-media-text__media\"><img loading=\"lazy\" decoding=\"async\" width=\"1000\" height=\"500\" src=\"https:\/\/kirkensbymisjon.no\/content\/uploads\/sites\/102\/2024\/08\/Tilbud_Pedalen_02.jpg\" alt=\"Hender som mekker p\u00e5 sykkel\" class=\"wp-image-16 size-full\" srcset=\"https:\/\/kirkensbymisjon.no\/content\/uploads\/sites\/102\/2024\/08\/Tilbud_Pedalen_02.jpg 1000w, https:\/\/kirkensbymisjon.no\/content\/uploads\/sites\/102\/2024\/08\/Tilbud_Pedalen_02-300x150.jpg 300w, https:\/\/kirkensbymisjon.no\/content\/uploads\/sites\/102\/2024\/08\/Tilbud_Pedalen_02-768x384.jpg 768w\" sizes=\"auto, (max-width: 1000px) 100vw, 1000px\" \/><\/figure><div class=\"wp-block-media-text__content\">\n<h2 class=\"wp-block-heading\" id=\"h-sykkelverksted-med-mening\">Sykkelverksted med mening<\/h2>\n\n\n\n<p>Vi reparerer og klargj\u00f8r sykkelen din.&nbsp;Hos oss er det godt \u00e5 v\u00e6re \u2013 b\u00e5de for sykler og mennesker. <\/p>\n\n\n\n<p>V\u00e5re ansatte er proffe fagfolk som s\u00f8rger for sykkelfaglig oppl\u00e6ring og arbeidsveiledning til v\u00e5re deltakere. V\u00e5rt m\u00e5l er \u00e5 levere profesjonelle tjenester, samtidig som vi bidra til at v\u00e5re arbeidsdeltakere f\u00e5r \u00f8kt livskvalitet og forbedrede muligheter til \u00e5 delta som likeverdig i samfunnet.<\/p>\n<\/div><\/div>\n\n\n\t<div class=\"alignwide wp-block-kbm-link-list\">\n\t\t<div class=\"kbm-link-list__items\">\n\t\t\t\n<div class=\"wp-block-kbm-link-list-item\">\t<svg xmlns=\"http:\/\/www.w3.org\/2000\/svg\" viewBox=\"0 0 48 48\" height=\"24\" width=\"24\" class=\"t2-icon t2-icon-workmeasures\" aria-hidden=\"true\" focusable=\"false\"><path d=\"M21.51 4.224a1.549 1.549 0 0 0-.669.613l-.241.39-.025 2.408-.025 2.408-.855.264c-.47.144-1.373.515-2.007.823l-1.152.561-1.608-1.601c-1.668-1.66-2.027-1.925-2.608-1.928-.69-.003-.847.104-2.387 1.627-.807.798-1.52 1.552-1.584 1.675-.2.382-.228.969-.068 1.395.115.308.458.699 1.777 2.031l1.634 1.65-.548 1.11c-.302.611-.672 1.512-.824 2.004l-.275.894-2.365.026c-2.355.026-2.366.027-2.762.23a1.506 1.506 0 0 0-.637.594l-.241.389-.024 2.13-.023 2.131.227.435c.166.318.331.499.617.676l.39.241 2.407.026 2.406.026.345 1.054c.328 1 .569 1.554 1.093 2.516l.23.422-1.642 1.658c-1.326 1.339-1.67 1.731-1.785 2.039-.172.458-.126 1.063.11 1.445.087.139.8.889 1.584 1.665 1.495 1.48 1.658 1.59 2.345 1.587.581-.003.94-.268 2.609-1.929l1.609-1.602 1.111.549c.611.302 1.514.673 2.006.824l.895.275.025 2.409.025 2.409.241.39c.177.286.358.451.676.617l.435.227 2.131-.023 2.13-.024.389-.241c.276-.17.449-.356.594-.637.203-.396.204-.405.228-2.762l.025-2.364.895-.276c.493-.151 1.396-.522 2.007-.824l1.111-.549 1.609 1.602c1.669 1.661 2.028 1.926 2.609 1.929.687.003.85-.107 2.345-1.587.784-.776 1.497-1.526 1.584-1.665.236-.382.282-.987.11-1.445-.115-.308-.458-.699-1.777-2.031l-1.634-1.65.548-1.11c.302-.611.673-1.513.824-2.006l.276-.895 2.364-.025c2.357-.024 2.366-.025 2.762-.228.281-.145.467-.318.637-.594l.241-.389.025-2.046c.029-2.295 0-2.486-.45-2.984-.511-.567-.564-.577-3.218-.608l-2.362-.027-.275-.894c-.152-.492-.522-1.394-.824-2.005l-.549-1.111 1.602-1.609c1.661-1.669 1.926-2.028 1.929-2.609.003-.684-.11-.853-1.547-2.309-.754-.764-1.508-1.477-1.676-1.584a1.69 1.69 0 0 0-1.474-.146c-.308.115-.699.458-2.031 1.777l-1.651 1.634-1.052-.52a18.032 18.032 0 0 0-2.004-.826l-.952-.306-.025-2.406-.026-2.407-.241-.39a1.549 1.549 0 0 0-.669-.613L26.062 4h-4.124l-.428.224m4.23 11.742c1.798.371 3.479 1.416 4.681 2.913 1.967 2.448 2.35 5.855.977 8.694-1.152 2.381-3.271 4.003-5.901 4.515-3.583.697-7.214-1.122-8.875-4.448-.61-1.221-.822-2.198-.81-3.72.007-.967.043-1.289.213-1.936.864-3.289 3.551-5.681 6.895-6.138.72-.099 2.028-.043 2.82.12\"\/><\/svg>\t<div class=\"kbm-link-list-item__content\">\n\t\t<p class=\"kbm-link-list-item__title\">Sykkelservice<\/p>\n\t\t\t\t\t<p class=\"kbm-link-list-item__description\">Vi utf\u00f8rer reparasjoner, service, sykkelvask og bytte av deler. Vi tar servicesjekken, s\u00e5 du bare kan trille ut p\u00e5 veien.<\/p>\n\t\t\t<\/div>\n\t<\/div>\n\n<div class=\"wp-block-kbm-link-list-item\">\t<svg xmlns=\"http:\/\/www.w3.org\/2000\/svg\" viewBox=\"0 0 48 48\" height=\"24\" width=\"24\" class=\"t2-icon t2-icon-bicycle\" aria-hidden=\"true\" focusable=\"false\"><path d=\"M25.553 9.186c-.617.39-.805.986-.5 1.592.267.532.475.651 1.378.787.96.144 1.543.41 2.097.957.681.674.735.456-.683 2.798l-1.259 2.08-5.363.021c-4.231.016-5.379-.001-5.44-.08-.043-.056-.178-.353-.299-.661l-.256-.647c-.02-.049.15-.127.397-.183.991-.221 1.411-1.287.796-2.019-.384-.455-.494-.471-3.221-.471-2.727 0-2.837.016-3.221.471-.402.478-.366 1.2.081 1.647.321.321.523.381 1.485.434l.866.048.548 1.34c.309.754.507 1.339.455 1.337a5.481 5.481 0 0 1-.574-.12c-.264-.064-.912-.139-1.44-.165a9.028 9.028 0 0 0-7.648 3.562c-.555.731-1.23 2.132-1.486 3.086-.193.719-.214.937-.215 2.16 0 1.234.02 1.434.219 2.16a9.008 9.008 0 0 0 11.587 6.199 8.892 8.892 0 0 0 5.66-5.662c.127-.383.256-.868.286-1.077l.055-.38h1.371c1.527-.001 1.677-.042 2.07-.573.108-.147 1.648-2.679 3.421-5.627s3.265-5.405 3.315-5.46c.07-.077.153.071.356.64.145.407.462 1.199.704 1.759l.439 1.019-.267.216c-2.422 1.959-3.649 5.302-3.072 8.371 1.168 6.218 8.42 9.266 13.761 5.784 3.731-2.432 5.084-7.188 3.167-11.134A9.001 9.001 0 0 0 37 18.321c-.826 0-1.945.164-2.684.394-.28.087-.515.151-.522.142-.147-.185-.955-2.197-1.26-3.137a34.072 34.072 0 0 1-.49-1.76c-.403-1.599-.763-2.294-1.638-3.16-1.154-1.144-2.305-1.668-3.806-1.735-.694-.031-.833-.015-1.047.121m-.519 10.794c-.003.033-.804 1.374-1.78 2.98l-1.774 2.92h-1.6l-.068-.32c-.356-1.672-1.129-3.174-2.309-4.48-.239-.264-.494-.633-.568-.82l-.134-.34h4.12c2.265 0 4.116.027 4.113.06m-12.768 1.015c2.027.388 3.879 1.924 4.656 3.863.102.254.21.597.241.762l.055.3h-3.317c-3.308 0-3.318 0-3.582.18-.442.301-.599.579-.599 1.06 0 .463.142.73.551 1.035.213.16.33.166 3.583.188l3.363.022-.055.298c-.17.92-.948 2.207-1.832 3.031-1.29 1.201-2.96 1.792-4.753 1.681-.978-.061-1.547-.213-2.457-.655a6.228 6.228 0 0 1-2.917-2.954c-.442-.928-.586-1.59-.582-2.686.005-1.42.343-2.462 1.178-3.64.882-1.242 2.404-2.206 3.967-2.513.566-.111 1.849-.097 2.5.028m26.574.124c2.749.87 4.523 3.224 4.519 5.994-.003 1.372-.287 2.355-1.005 3.464-1.529 2.366-4.597 3.437-7.314 2.554-1.072-.348-1.677-.729-2.563-1.611-1.212-1.206-1.738-2.392-1.816-4.089-.08-1.75.461-3.241 1.65-4.551.319-.351.33-.356.452-.2.069.088.291.466.495.84.996 1.831 2.706 4.48 3.028 4.691.111.073.373.15.581.17.789.075 1.401-.451 1.409-1.211.004-.389-.04-.482-.722-1.532-1.422-2.19-2.645-4.339-2.533-4.451.04-.04.321-.124.626-.187.826-.172 2.469-.111 3.193.119\"\/><\/svg>\t<div class=\"kbm-link-list-item__content\">\n\t\t<p class=\"kbm-link-list-item__title\">Salg og uteie<\/p>\n\t\t\t\t\t<p class=\"kbm-link-list-item__description\">Vi gir tid og omsorg til brukte sykler s\u00e5 de blir som nye. Vil du ikke eie? Vi har ogs\u00e5 sykler til utleie.\u00a0<\/p>\n\t\t\t<\/div>\n\t<\/div>\n\n<div class=\"wp-block-kbm-link-list-item\">\t<svg xmlns=\"http:\/\/www.w3.org\/2000\/svg\" viewBox=\"0 0 48 48\" height=\"24\" width=\"24\" class=\"t2-icon t2-icon-substanceabuse\" aria-hidden=\"true\" focusable=\"false\"><path d=\"M12.56 9.154c-1.341.298-2.645 1.02-3.574 1.979C7.697 12.465 7.02 14.139 7.02 16c0 1.434.389 2.738 1.147 3.847 1.839 2.689 5.013 3.786 8.045 2.781 2.343-.777 4.141-2.82 4.672-5.308.157-.736.12-2.2-.074-2.939-.374-1.42-.887-2.311-1.927-3.341-.989-.98-2.132-1.604-3.441-1.88-.683-.143-2.248-.147-2.882-.006m19.96.013c-.635.139-1.595.533-2.262.927-.582.343-1.821 1.582-2.164 2.164-.801 1.355-1.097 2.524-1.03 4.056.053 1.203.179 1.707.694 2.766a6.659 6.659 0 0 0 3.162 3.162c1.198.583 1.617.675 3.08.675s1.882-.092 3.08-.675a6.878 6.878 0 0 0 2.325-1.823c.5-.602 1.152-1.869 1.369-2.659.108-.395.143-.818.143-1.76 0-1.463-.092-1.882-.675-3.08a6.878 6.878 0 0 0-1.823-2.325c-.59-.49-1.865-1.151-2.619-1.357-.694-.191-2.555-.231-3.28-.071M8.438 28.079c-2.389.351-4.344 1.951-5.133 4.201l-.225.64-.024 3.02-.025 3.02h17.586l.048-1.06c.071-1.592.431-2.97 1.156-4.42.413-.828 1.123-1.894 1.7-2.553.219-.251.399-.497.399-.548 0-.149-.879-.956-1.44-1.322a7.39 7.39 0 0 0-1.133-.577c-1.197-.462-1.483-.481-7.257-.47-2.888.005-5.431.037-5.652.069m24.251.006c-1.748.203-3.4.813-4.929 1.82-.842.555-2.146 1.809-2.743 2.638-1.226 1.702-1.977 3.887-1.977 5.747v.67h21.92v-.67c0-1.861-.751-4.045-1.978-5.748-.523-.727-1.755-1.947-2.502-2.478-2.187-1.554-5.092-2.292-7.791-1.979\"\/><\/svg>\t<div class=\"kbm-link-list-item__content\">\n\t\t<p class=\"kbm-link-list-item__title\">Arbeidstrening<\/p>\n\t\t\t\t\t<p class=\"kbm-link-list-item__description\">Arbeidstrening med oppl\u00e6ring og oppf\u00f8lging for personer som av ulike grunner st\u00e5r utenfor ordin\u00e6rt arbeidsliv.\u00a0<\/p>\n\t\t\t<\/div>\n\t<\/div>\n\t\t<\/div>\n\t<\/div>\n\t\n\n\n<div class=\"wp-block-media-text alignwide is-stacked-on-mobile is-style-filled\"><figure class=\"wp-block-media-text__media\"><img loading=\"lazy\" decoding=\"async\" width=\"1000\" height=\"500\" src=\"https:\/\/kirkensbymisjon.no\/content\/uploads\/sites\/102\/2024\/08\/Tilbud_Pedalen_04.jpg\" alt=\"Deltaker ved Pedalen sykkelverksted\" class=\"wp-image-39 size-full\" srcset=\"https:\/\/kirkensbymisjon.no\/content\/uploads\/sites\/102\/2024\/08\/Tilbud_Pedalen_04.jpg 1000w, https:\/\/kirkensbymisjon.no\/content\/uploads\/sites\/102\/2024\/08\/Tilbud_Pedalen_04-300x150.jpg 300w, https:\/\/kirkensbymisjon.no\/content\/uploads\/sites\/102\/2024\/08\/Tilbud_Pedalen_04-768x384.jpg 768w\" sizes=\"auto, (max-width: 1000px) 100vw, 1000px\" \/><\/figure><div class=\"wp-block-media-text__content\">\n<h2 class=\"wp-block-heading\" id=\"h-bli-deltaker\">Bli deltaker?<\/h2>\n\n\n\n<p>Vi er et rusfritt arbeidstreningstiltak for deg som er i eller kommer fra behandling, som har fullf\u00f8rt soning, eller som er ung og har utfordringer med \u00e5 komme inn p\u00e5 arbeidsmarkedet.<\/p>\n\n\n\n<p><\/p>\n\n\n\n<p>Vi kan tilpasse arbeidsdagen individuelt, og du f\u00e5r oppf\u00f8lging i samr\u00e5d med saksbehandler hos Nav. Vi tilbyr langtidskontrakter og alle f\u00e5r attester etter endt tid hos oss. M\u00e5let er at deltakere skal komme videre i ordin\u00e6rt arbeid.<\/p>\n\n\n\n<p>Vil du bli en av v\u00e5re sykkeleksperter? Ta kontakt med oss!<\/p>\n<\/div><\/div>\n","protected":false},"excerpt":{"rendered":"<p>Sykkelverksted med mening Vi reparerer og klargj\u00f8r sykkelen din.&nbsp;Hos oss er det godt \u00e5 v\u00e6re&hellip;<\/p>\n","protected":false},"author":5,"featured_media":0,"parent":0,"menu_order":0,"comment_status":"closed","ping_status":"closed","template":"","meta":{"_relevanssi_hide_post":"","_relevanssi_hide_content":"","_relevanssi_pin_for_all":"","_relevanssi_pin_keywords":"","_relevanssi_unpin_keywords":"","_relevanssi_related_keywords":"","_relevanssi_related_include_ids":"","_relevanssi_related_exclude_ids":"","_relevanssi_related_no_append":"","_relevanssi_related_not_related":"","_relevanssi_related_posts":"1","_relevanssi_noindex_reason":"","editor_notices":[],"footnotes":""},"class_list":["post-3","page","type-page","status-publish","hentry"],"yoast_head":"<!-- This site is optimized with the Yoast SEO Premium plugin v27.2 (Yoast SEO v27.2) - https:\/\/yoast.com\/product\/yoast-seo-premium-wordpress\/ -->\n<title>Kirkens Bymisjon - Pedalen sykkelverksted<\/title>\n<meta name=\"description\" content=\"Fullservice sykkelverksted preget av god service, kvalitet og sykkelfaglig kompetanse.\" \/>\n<meta name=\"robots\" content=\"index, follow, max-snippet:-1, max-image-preview:large, max-video-preview:-1\" \/>\n<link rel=\"canonical\" href=\"https:\/\/kirkensbymisjon.no\/tilbud-pedalen-sykkelverksted\/\" \/>\n<meta property=\"og:locale\" content=\"nb_NO\" \/>\n<meta property=\"og:type\" content=\"article\" \/>\n<meta property=\"og:title\" content=\"Forside\" \/>\n<meta property=\"og:description\" content=\"Fullservice sykkelverksted preget av god service, kvalitet og sykkelfaglig kompetanse.\" \/>\n<meta property=\"og:url\" content=\"https:\/\/kirkensbymisjon.no\/tilbud-pedalen-sykkelverksted\/\" \/>\n<meta property=\"og:site_name\" content=\"Pedalen sykkelverksted\" \/>\n<meta property=\"article:modified_time\" content=\"2024-08-30T08:52:16+00:00\" \/>\n<meta property=\"og:image\" content=\"https:\/\/kirkensbymisjon.no\/content\/uploads\/sites\/102\/2024\/08\/Tilbud_Pedalen_02.jpg\" \/>\n<meta name=\"twitter:card\" content=\"summary_large_image\" \/>\n<meta name=\"twitter:label1\" content=\"Ansl. lesetid\" \/>\n\t<meta name=\"twitter:data1\" content=\"2 minutter\" \/>\n<script type=\"application\/ld+json\" class=\"yoast-schema-graph\">{\"@context\":\"https:\/\/schema.org\",\"@graph\":[{\"@type\":\"WebPage\",\"@id\":\"https:\/\/kirkensbymisjon.no\/tilbud-pedalen-sykkelverksted\/\",\"url\":\"https:\/\/kirkensbymisjon.no\/tilbud-pedalen-sykkelverksted\/\",\"name\":\"Kirkens Bymisjon - Pedalen sykkelverksted\",\"isPartOf\":{\"@id\":\"https:\/\/kirkensbymisjon.no\/tilbud-pedalen-sykkelverksted\/#website\"},\"primaryImageOfPage\":{\"@id\":\"https:\/\/kirkensbymisjon.no\/tilbud-pedalen-sykkelverksted\/#primaryimage\"},\"image\":{\"@id\":\"https:\/\/kirkensbymisjon.no\/tilbud-pedalen-sykkelverksted\/#primaryimage\"},\"thumbnailUrl\":\"https:\/\/kirkensbymisjon.no\/content\/uploads\/sites\/102\/2024\/08\/Tilbud_Pedalen_02.jpg\",\"datePublished\":\"2024-06-26T22:20:39+00:00\",\"dateModified\":\"2024-08-30T08:52:16+00:00\",\"description\":\"Fullservice sykkelverksted preget av god service, kvalitet og sykkelfaglig kompetanse.\",\"breadcrumb\":{\"@id\":\"https:\/\/kirkensbymisjon.no\/tilbud-pedalen-sykkelverksted\/#breadcrumb\"},\"inLanguage\":\"nb-NO\",\"potentialAction\":[{\"@type\":\"ReadAction\",\"target\":[\"https:\/\/kirkensbymisjon.no\/tilbud-pedalen-sykkelverksted\/\"]}]},{\"@type\":\"ImageObject\",\"inLanguage\":\"nb-NO\",\"@id\":\"https:\/\/kirkensbymisjon.no\/tilbud-pedalen-sykkelverksted\/#primaryimage\",\"url\":\"https:\/\/kirkensbymisjon.no\/content\/uploads\/sites\/102\/2024\/08\/Tilbud_Pedalen_02.jpg\",\"contentUrl\":\"https:\/\/kirkensbymisjon.no\/content\/uploads\/sites\/102\/2024\/08\/Tilbud_Pedalen_02.jpg\"},{\"@type\":\"BreadcrumbList\",\"@id\":\"https:\/\/kirkensbymisjon.no\/tilbud-pedalen-sykkelverksted\/#breadcrumb\",\"itemListElement\":[{\"@type\":\"ListItem\",\"position\":1,\"name\":\"Hjem\",\"item\":\"https:\/\/kirkensbymisjon.no\/tilbud-pedalen-sykkelverksted\/\"},{\"@type\":\"ListItem\",\"position\":2,\"name\":\"Forside\"}]},{\"@type\":\"WebSite\",\"@id\":\"https:\/\/kirkensbymisjon.no\/tilbud-pedalen-sykkelverksted\/#website\",\"url\":\"https:\/\/kirkensbymisjon.no\/tilbud-pedalen-sykkelverksted\/\",\"name\":\"Pedalen sykkelverksted\",\"description\":\"\",\"potentialAction\":[{\"@type\":\"SearchAction\",\"target\":{\"@type\":\"EntryPoint\",\"urlTemplate\":\"https:\/\/kirkensbymisjon.no\/tilbud-pedalen-sykkelverksted\/?s={search_term_string}\"},\"query-input\":{\"@type\":\"PropertyValueSpecification\",\"valueRequired\":true,\"valueName\":\"search_term_string\"}}],\"inLanguage\":\"nb-NO\"}]}<\/script>\n<!-- \/ Yoast SEO Premium plugin. -->","yoast_head_json":{"title":"Kirkens Bymisjon - Pedalen sykkelverksted","description":"Fullservice sykkelverksted preget av god service, kvalitet og sykkelfaglig kompetanse.","robots":{"index":"index","follow":"follow","max-snippet":"max-snippet:-1","max-image-preview":"max-image-preview:large","max-video-preview":"max-video-preview:-1"},"canonical":"https:\/\/kirkensbymisjon.no\/tilbud-pedalen-sykkelverksted\/","og_locale":"nb_NO","og_type":"article","og_title":"Forside","og_description":"Fullservice sykkelverksted preget av god service, kvalitet og sykkelfaglig kompetanse.","og_url":"https:\/\/kirkensbymisjon.no\/tilbud-pedalen-sykkelverksted\/","og_site_name":"Pedalen sykkelverksted","article_modified_time":"2024-08-30T08:52:16+00:00","og_image":[{"url":"https:\/\/kirkensbymisjon.no\/content\/uploads\/sites\/102\/2024\/08\/Tilbud_Pedalen_02.jpg","type":"","width":"","height":""}],"twitter_card":"summary_large_image","twitter_misc":{"Ansl. lesetid":"2 minutter"},"schema":{"@context":"https:\/\/schema.org","@graph":[{"@type":"WebPage","@id":"https:\/\/kirkensbymisjon.no\/tilbud-pedalen-sykkelverksted\/","url":"https:\/\/kirkensbymisjon.no\/tilbud-pedalen-sykkelverksted\/","name":"Kirkens Bymisjon - Pedalen sykkelverksted","isPartOf":{"@id":"https:\/\/kirkensbymisjon.no\/tilbud-pedalen-sykkelverksted\/#website"},"primaryImageOfPage":{"@id":"https:\/\/kirkensbymisjon.no\/tilbud-pedalen-sykkelverksted\/#primaryimage"},"image":{"@id":"https:\/\/kirkensbymisjon.no\/tilbud-pedalen-sykkelverksted\/#primaryimage"},"thumbnailUrl":"https:\/\/kirkensbymisjon.no\/content\/uploads\/sites\/102\/2024\/08\/Tilbud_Pedalen_02.jpg","datePublished":"2024-06-26T22:20:39+00:00","dateModified":"2024-08-30T08:52:16+00:00","description":"Fullservice sykkelverksted preget av god service, kvalitet og sykkelfaglig kompetanse.","breadcrumb":{"@id":"https:\/\/kirkensbymisjon.no\/tilbud-pedalen-sykkelverksted\/#breadcrumb"},"inLanguage":"nb-NO","potentialAction":[{"@type":"ReadAction","target":["https:\/\/kirkensbymisjon.no\/tilbud-pedalen-sykkelverksted\/"]}]},{"@type":"ImageObject","inLanguage":"nb-NO","@id":"https:\/\/kirkensbymisjon.no\/tilbud-pedalen-sykkelverksted\/#primaryimage","url":"https:\/\/kirkensbymisjon.no\/content\/uploads\/sites\/102\/2024\/08\/Tilbud_Pedalen_02.jpg","contentUrl":"https:\/\/kirkensbymisjon.no\/content\/uploads\/sites\/102\/2024\/08\/Tilbud_Pedalen_02.jpg"},{"@type":"BreadcrumbList","@id":"https:\/\/kirkensbymisjon.no\/tilbud-pedalen-sykkelverksted\/#breadcrumb","itemListElement":[{"@type":"ListItem","position":1,"name":"Hjem","item":"https:\/\/kirkensbymisjon.no\/tilbud-pedalen-sykkelverksted\/"},{"@type":"ListItem","position":2,"name":"Forside"}]},{"@type":"WebSite","@id":"https:\/\/kirkensbymisjon.no\/tilbud-pedalen-sykkelverksted\/#website","url":"https:\/\/kirkensbymisjon.no\/tilbud-pedalen-sykkelverksted\/","name":"Pedalen sykkelverksted","description":"","potentialAction":[{"@type":"SearchAction","target":{"@type":"EntryPoint","urlTemplate":"https:\/\/kirkensbymisjon.no\/tilbud-pedalen-sykkelverksted\/?s={search_term_string}"},"query-input":{"@type":"PropertyValueSpecification","valueRequired":true,"valueName":"search_term_string"}}],"inLanguage":"nb-NO"}]}},"_links":{"self":[{"href":"https:\/\/kirkensbymisjon.no\/tilbud-pedalen-sykkelverksted\/wp-json\/wp\/v2\/pages\/3","targetHints":{"allow":["GET"]}}],"collection":[{"href":"https:\/\/kirkensbymisjon.no\/tilbud-pedalen-sykkelverksted\/wp-json\/wp\/v2\/pages"}],"about":[{"href":"https:\/\/kirkensbymisjon.no\/tilbud-pedalen-sykkelverksted\/wp-json\/wp\/v2\/types\/page"}],"author":[{"embeddable":true,"href":"https:\/\/kirkensbymisjon.no\/tilbud-pedalen-sykkelverksted\/wp-json\/wp\/v2\/users\/5"}],"replies":[{"embeddable":true,"href":"https:\/\/kirkensbymisjon.no\/tilbud-pedalen-sykkelverksted\/wp-json\/wp\/v2\/comments?post=3"}],"version-history":[{"count":5,"href":"https:\/\/kirkensbymisjon.no\/tilbud-pedalen-sykkelverksted\/wp-json\/wp\/v2\/pages\/3\/revisions"}],"predecessor-version":[{"id":74,"href":"https:\/\/kirkensbymisjon.no\/tilbud-pedalen-sykkelverksted\/wp-json\/wp\/v2\/pages\/3\/revisions\/74"}],"wp:attachment":[{"href":"https:\/\/kirkensbymisjon.no\/tilbud-pedalen-sykkelverksted\/wp-json\/wp\/v2\/media?parent=3"}],"curies":[{"name":"wp","href":"https:\/\/api.w.org\/{rel}","templated":true}]}}