{"id":11,"date":"2024-07-24T12:29:07","date_gmt":"2024-07-24T10:29:07","guid":{"rendered":"https:\/\/kirkensbymisjon.no\/tilbud-portalen\/?page_id=11"},"modified":"2024-10-24T11:40:25","modified_gmt":"2024-10-24T09:40:25","slug":"hva-vi-tilbyr","status":"publish","type":"page","link":"https:\/\/kirkensbymisjon.no\/tilbud-portalen\/hva-vi-tilbyr\/","title":{"rendered":"Hva vi tilbyr"},"content":{"rendered":"\n<h2 class=\"wp-block-heading\" id=\"h-hva-vi-tilbyr\">Hva vi tilbyr<\/h2>\n\n\n\n<h3 class=\"wp-block-heading\">Vi kombinerer motivasjon og arbeid<\/h3>\n\n\n\n<p>V\u00e5rt \u00f8nske er at du gjennom mestring og et godt fellesskap kan starte prosessen med \u00e5 skape deg en bedre hverdag. <\/p>\n\n\n\n<h3 class=\"wp-block-heading\"><strong>Motivasjon<\/strong><\/h3>\n\n\n\n<p>Tidsfaktoren er viktig ved Portalen. <br>\u00c5 n\u00e5 den enkelte betyr \u00e5 f\u00f8lge folk i \u00abmed- og motgang\u00bb.<\/p>\n\n\n\n<p>M\u00e5lgruppen er mennesker i aktiv rus som \u00f8nsker en endring. Med \u201daktiv rus\u201d menes at en er tett p\u00e5 sitt rusmisbruk og definerer det som en hindring for \u00e5 komme videre i livet. Vi vet at det for mange er sv\u00e6rt vanskelig \u00e5 ta den endelige avgj\u00f8relsen p\u00e5 \u00e5 slutte \u00e5 ruse seg, men et sterkt \u00f8nske om endring kan i kombinasjon med arbeidet og felleskapet ved Portalen bidra til at inntaket reduseres. P\u00e5 denne m\u00e5ten starter prosessen med \u00e5 ta kontroll over egne valg.<\/p>\n\n\n\n<h3 class=\"wp-block-heading\">Forsterket individuell oppf\u00f8lging<\/h3>\n\n\n\n<p>Rusavhengigheten er kanskje ikke den eneste utfordringen du har i din hverdag. Du har kanskje ogs\u00e5 behov for bistand til \u00e5 \u00abrydde i kaos\u00bb p\u00e5 omr\u00e5der som \u00f8konomi\/gjeld, bolig, helse eller sosiale relasjoner. Her samarbeider vi med din kommune slik at du kan f\u00e5 forsterket individuell oppf\u00f8lging p\u00e5 de omr\u00e5dene som er viktig for deg.<\/p>\n\n\n\n<h3 class=\"wp-block-heading\"><strong>Arbeidstilbud<\/strong><\/h3>\n\n\n\n<p>Vi har ulike arbeidstilbud som v\u00e5re medarbeidere kan delta p\u00e5 ved Portalen St\u00f8p &amp; Design, og Portalen Snekkerverksted.<\/p>\n\n\n\n<p>Under ledelse av en arbeidsleder inng\u00e5r den enkelte medarbeider i et arbeidslag best\u00e5ende av faste frivillige og andre medarbeidere. Det er arbeidsdag 4 dager i uken og de fleste arbeider 3 dager i uken.<\/p>\n\n\n\n<p><strong>En kan ikke v\u00e6re rusp\u00e5virket p\u00e5 arbeid<\/strong>.<\/p>\n\n\n\n<p><a href=\"\/tilbud-portalen\/for-arbeidere\">Her<\/a> kan du lese mer om kravene og se hvordan du melder interesse. <\/p>\n\n\n\n<h2 class=\"wp-block-heading\"><strong>V\u00e5re tilbud:<\/strong><\/h2>\n\n\n\n<h3 class=\"wp-block-heading\" id=\"h-portalen-stop-amp-design\">Portalen St\u00f8p &amp; Design<\/h3>\n\n\n\n<p>Ved St\u00f8p &amp; Design jobber vi hovedsakelig med Jesmonite som er et to-komponent st\u00f8pemateriale. P\u00e5 verkstedet designer vi egne produkter, produserer dem og pr\u00f8ve ut nye fargespill eller materialkombinasjoner. Produktene blir solgt ved ulike utsalgssteder og i v\u00e5r egen <a href=\"\/nettbutikk\">nettbutikk<\/a>. Vi har levert produkter til ulike steder bl.a. kunstsilo i Kristiansand.<\/p>\n\n\n\n<h3 class=\"wp-block-heading\" id=\"h-portalen-snekker-verksted\"><strong>Portalen Snekker<\/strong>verksted<\/h3>\n\n\n\n<p>Vi har eget snekkerverksted med produksjon av bl.a. utem\u00f8bler, blomsterkasser og fj\u00f8ler. M\u00f8blene og blomsterkassene passer utmerket p\u00e5 terrasser hjemme eller p\u00e5 hytta. De egner seg ogs\u00e5 til ute\u00adomr\u00e5der i friomr\u00e5der, barnehager og borettslag. M\u00f8blene og blomsterkassene lages p\u00e5 m\u00e5l og kan males i valgfri farge. Produktene fra snekkerverkstedet st\u00e5r rundt i Kristiansand sentrum, bl.a. utenfor teateret eller p\u00e5 S\u00f8rlandet Sykehus.<\/p>\n\n\n\n<p><\/p>\n\n\n\n<blockquote class=\"wp-block-quote has-text-align-left is-layout-flow wp-block-quote-is-layout-flow\">\n<p>Flere medarbeidere er blitt rusfrie etter en tid p\u00e5 Portalen.<\/p>\n<\/blockquote>\n","protected":false},"excerpt":{"rendered":"<p>Hva vi tilbyr Vi kombinerer motivasjon og arbeid V\u00e5rt \u00f8nske er at du gjennom mestring&hellip;<\/p>\n","protected":false},"author":6,"featured_media":0,"parent":0,"menu_order":0,"comment_status":"closed","ping_status":"closed","template":"","meta":{"_relevanssi_hide_post":"","_relevanssi_hide_content":"","_relevanssi_pin_for_all":"","_relevanssi_pin_keywords":"","_relevanssi_unpin_keywords":"","_relevanssi_related_keywords":"","_relevanssi_related_include_ids":"","_relevanssi_related_exclude_ids":"","_relevanssi_related_no_append":"","_relevanssi_related_not_related":"","_relevanssi_related_posts":"1","_relevanssi_noindex_reason":"","editor_notices":[],"footnotes":""},"class_list":["post-11","page","type-page","status-publish","hentry"],"yoast_head":"<!-- This site is optimized with the Yoast SEO Premium plugin v27.2 (Yoast SEO v27.2) - https:\/\/yoast.com\/product\/yoast-seo-premium-wordpress\/ -->\n<title>Hva vi tilbyr - Portalen<\/title>\n<meta name=\"robots\" content=\"index, follow, max-snippet:-1, max-image-preview:large, max-video-preview:-1\" \/>\n<link rel=\"canonical\" href=\"https:\/\/kirkensbymisjon.no\/tilbud-portalen\/hva-vi-tilbyr\/\" \/>\n<meta property=\"og:locale\" content=\"nb_NO\" \/>\n<meta property=\"og:type\" content=\"article\" \/>\n<meta property=\"og:title\" content=\"Hva vi tilbyr\" \/>\n<meta property=\"og:description\" content=\"Hva vi tilbyr Vi kombinerer motivasjon og arbeid V\u00e5rt \u00f8nske er at du gjennom mestring&hellip;\" \/>\n<meta property=\"og:url\" content=\"https:\/\/kirkensbymisjon.no\/tilbud-portalen\/hva-vi-tilbyr\/\" \/>\n<meta property=\"og:site_name\" content=\"Portalen\" \/>\n<meta property=\"article:modified_time\" content=\"2024-10-24T09:40:25+00:00\" \/>\n<meta name=\"twitter:card\" content=\"summary_large_image\" \/>\n<meta name=\"twitter:label1\" content=\"Ansl. lesetid\" \/>\n\t<meta name=\"twitter:data1\" content=\"3 minutter\" \/>\n<script type=\"application\/ld+json\" class=\"yoast-schema-graph\">{\"@context\":\"https:\/\/schema.org\",\"@graph\":[{\"@type\":\"WebPage\",\"@id\":\"https:\/\/kirkensbymisjon.no\/tilbud-portalen\/hva-vi-tilbyr\/\",\"url\":\"https:\/\/kirkensbymisjon.no\/tilbud-portalen\/hva-vi-tilbyr\/\",\"name\":\"Hva vi tilbyr - Portalen\",\"isPartOf\":{\"@id\":\"https:\/\/kirkensbymisjon.no\/tilbud-portalen\/#website\"},\"datePublished\":\"2024-07-24T10:29:07+00:00\",\"dateModified\":\"2024-10-24T09:40:25+00:00\",\"breadcrumb\":{\"@id\":\"https:\/\/kirkensbymisjon.no\/tilbud-portalen\/hva-vi-tilbyr\/#breadcrumb\"},\"inLanguage\":\"nb-NO\",\"potentialAction\":[{\"@type\":\"ReadAction\",\"target\":[\"https:\/\/kirkensbymisjon.no\/tilbud-portalen\/hva-vi-tilbyr\/\"]}]},{\"@type\":\"BreadcrumbList\",\"@id\":\"https:\/\/kirkensbymisjon.no\/tilbud-portalen\/hva-vi-tilbyr\/#breadcrumb\",\"itemListElement\":[{\"@type\":\"ListItem\",\"position\":1,\"name\":\"Hjem\",\"item\":\"https:\/\/kirkensbymisjon.no\/tilbud-portalen\/\"},{\"@type\":\"ListItem\",\"position\":2,\"name\":\"Hva vi tilbyr\"}]},{\"@type\":\"WebSite\",\"@id\":\"https:\/\/kirkensbymisjon.no\/tilbud-portalen\/#website\",\"url\":\"https:\/\/kirkensbymisjon.no\/tilbud-portalen\/\",\"name\":\"Portalen\",\"description\":\"\",\"potentialAction\":[{\"@type\":\"SearchAction\",\"target\":{\"@type\":\"EntryPoint\",\"urlTemplate\":\"https:\/\/kirkensbymisjon.no\/tilbud-portalen\/?s={search_term_string}\"},\"query-input\":{\"@type\":\"PropertyValueSpecification\",\"valueRequired\":true,\"valueName\":\"search_term_string\"}}],\"inLanguage\":\"nb-NO\"}]}<\/script>\n<!-- \/ Yoast SEO Premium plugin. -->","yoast_head_json":{"title":"Hva vi tilbyr - Portalen","robots":{"index":"index","follow":"follow","max-snippet":"max-snippet:-1","max-image-preview":"max-image-preview:large","max-video-preview":"max-video-preview:-1"},"canonical":"https:\/\/kirkensbymisjon.no\/tilbud-portalen\/hva-vi-tilbyr\/","og_locale":"nb_NO","og_type":"article","og_title":"Hva vi tilbyr","og_description":"Hva vi tilbyr Vi kombinerer motivasjon og arbeid V\u00e5rt \u00f8nske er at du gjennom mestring&hellip;","og_url":"https:\/\/kirkensbymisjon.no\/tilbud-portalen\/hva-vi-tilbyr\/","og_site_name":"Portalen","article_modified_time":"2024-10-24T09:40:25+00:00","twitter_card":"summary_large_image","twitter_misc":{"Ansl. lesetid":"3 minutter"},"schema":{"@context":"https:\/\/schema.org","@graph":[{"@type":"WebPage","@id":"https:\/\/kirkensbymisjon.no\/tilbud-portalen\/hva-vi-tilbyr\/","url":"https:\/\/kirkensbymisjon.no\/tilbud-portalen\/hva-vi-tilbyr\/","name":"Hva vi tilbyr - Portalen","isPartOf":{"@id":"https:\/\/kirkensbymisjon.no\/tilbud-portalen\/#website"},"datePublished":"2024-07-24T10:29:07+00:00","dateModified":"2024-10-24T09:40:25+00:00","breadcrumb":{"@id":"https:\/\/kirkensbymisjon.no\/tilbud-portalen\/hva-vi-tilbyr\/#breadcrumb"},"inLanguage":"nb-NO","potentialAction":[{"@type":"ReadAction","target":["https:\/\/kirkensbymisjon.no\/tilbud-portalen\/hva-vi-tilbyr\/"]}]},{"@type":"BreadcrumbList","@id":"https:\/\/kirkensbymisjon.no\/tilbud-portalen\/hva-vi-tilbyr\/#breadcrumb","itemListElement":[{"@type":"ListItem","position":1,"name":"Hjem","item":"https:\/\/kirkensbymisjon.no\/tilbud-portalen\/"},{"@type":"ListItem","position":2,"name":"Hva vi tilbyr"}]},{"@type":"WebSite","@id":"https:\/\/kirkensbymisjon.no\/tilbud-portalen\/#website","url":"https:\/\/kirkensbymisjon.no\/tilbud-portalen\/","name":"Portalen","description":"","potentialAction":[{"@type":"SearchAction","target":{"@type":"EntryPoint","urlTemplate":"https:\/\/kirkensbymisjon.no\/tilbud-portalen\/?s={search_term_string}"},"query-input":{"@type":"PropertyValueSpecification","valueRequired":true,"valueName":"search_term_string"}}],"inLanguage":"nb-NO"}]}},"_links":{"self":[{"href":"https:\/\/kirkensbymisjon.no\/tilbud-portalen\/wp-json\/wp\/v2\/pages\/11","targetHints":{"allow":["GET"]}}],"collection":[{"href":"https:\/\/kirkensbymisjon.no\/tilbud-portalen\/wp-json\/wp\/v2\/pages"}],"about":[{"href":"https:\/\/kirkensbymisjon.no\/tilbud-portalen\/wp-json\/wp\/v2\/types\/page"}],"author":[{"embeddable":true,"href":"https:\/\/kirkensbymisjon.no\/tilbud-portalen\/wp-json\/wp\/v2\/users\/6"}],"replies":[{"embeddable":true,"href":"https:\/\/kirkensbymisjon.no\/tilbud-portalen\/wp-json\/wp\/v2\/comments?post=11"}],"version-history":[{"count":5,"href":"https:\/\/kirkensbymisjon.no\/tilbud-portalen\/wp-json\/wp\/v2\/pages\/11\/revisions"}],"predecessor-version":[{"id":114,"href":"https:\/\/kirkensbymisjon.no\/tilbud-portalen\/wp-json\/wp\/v2\/pages\/11\/revisions\/114"}],"wp:attachment":[{"href":"https:\/\/kirkensbymisjon.no\/tilbud-portalen\/wp-json\/wp\/v2\/media?parent=11"}],"curies":[{"name":"wp","href":"https:\/\/api.w.org\/{rel}","templated":true}]}}