{"id":9,"date":"2024-07-24T12:28:51","date_gmt":"2024-07-24T10:28:51","guid":{"rendered":"https:\/\/kirkensbymisjon.no\/tilbud-portalen\/?page_id=9"},"modified":"2024-10-02T10:39:50","modified_gmt":"2024-10-02T08:39:50","slug":"om-portalen","status":"publish","type":"page","link":"https:\/\/kirkensbymisjon.no\/tilbud-portalen\/om-portalen\/","title":{"rendered":"Om Portalen"},"content":{"rendered":"\n<h2 class=\"wp-block-heading\" id=\"h-om-portalen-arbeid-med-mening\">Om Portalen &#8211; arbeid med mening<\/h2>\n\n\n\n<p>Portalen er en sosial entrepren\u00f8rbedrift for mennesker som har et aktivt forhold til rus og som \u00f8nsker en endring.<\/p>\n\n\n\n<p>Vi \u00f8nsker \u00e5 motivere v\u00e5re medarbeidere til \u00e5 f\u00e5 til den endringen de \u00f8nsker seg, samtidig som de kan erfare at arbeid skaper mestring og \u00f8kt selvtillit. Vi fokuserer p\u00e5 den enkelte medarbeider sine m\u00e5l, og \u00f8nsker \u00e5 bidra til at hver enkelt f\u00f8rst og fremst skal f\u00e5 tro p\u00e5 seg selv.<\/p>\n\n\n\n<h2 class=\"wp-block-heading\"><strong>Fellesskap og tid<\/strong><\/h2>\n\n\n\n<p>Fortvilelsen over \u00e5 ikke \u00abkomme av\u00bb rusmidlene er stor hos mange. Erfaring har vist at for en del kan veien ut starte med \u00e5 bli del av et\u00a0<strong>fellesskap<\/strong>\u00a0som gir en troen p\u00e5 seg selv.<\/p>\n\n\n\n<h3 class=\"wp-block-heading\" id=\"h-vare-medarbeidere-uttrykker-ofte-folgende-mal\">V\u00e5re medarbeidere uttrykker ofte f\u00f8lgende m\u00e5l:<\/h3>\n\n\n\n<ol class=\"wp-block-list\">\n<li>\u00d8nsker \u00e5 f\u00e5 struktur i hverdagen.<\/li>\n\n\n\n<li>F\u00e5 tilbake troen p\u00e5 seg selv.<\/li>\n\n\n\n<li>\u00d8nsker \u00e5 redusere inntak av rusmidler.<\/li>\n<\/ol>\n\n\n\n<h2 class=\"wp-block-heading\"><strong>Arbeid for endring<\/strong><\/h2>\n\n\n\n<p>Endring er forbundet med \u00e6rlighet. \u00c5 ta ansvar for egne valg og v\u00e5ge \u00e5 erkjenne dette for andre kan utl\u00f8se potensialet som trengs for \u00e5 n\u00e5 dine m\u00e5l. <br>Til dette trenger du\u00a0<strong>tid,<\/strong>\u00a0nok tid for \u00e5 bli trygg nok.<br>Og det er helt vesentlig hva du fyller denne tiden med.<\/p>\n\n\n\n<p>Vi tror at det \u00e5 delta i et&nbsp;<strong>arbeidsfellesskap<\/strong>&nbsp;gir viktige bidrag til din endringsprosess. Ved \u00e5 ha arbeidsoppgaver \u00e5 g\u00e5 til, f\u00e5r du noen faste holdepunkter i hverdagen. Arbeid skaper f\u00f8lelsen av mestring og bygger selvtillit. Arbeid krever aktiv deltakelse i et fellesskap. Og for at felleskapet skal virke positivt kan du ikke komme p\u00e5virket av rusmidler p\u00e5 jobb. Dermed begynner du \u00e5 kontrollere ditt inntak av rusmidler.<\/p>\n\n\n\n<h3 class=\"wp-block-heading\" id=\"h-portalen-er-fundert-pa-4-virkningsfulle-elementer\"><strong>Portalen er fundert p\u00e5 4 virkningsfulle elementer:<\/strong><\/h3>\n\n\n\n<ul class=\"wp-block-list\">\n<li>Du bruker den tiden du trenger.<\/li>\n\n\n\n<li>Egenerfaring fra rus (mentor) som en ressurs.<\/li>\n\n\n\n<li>Arbeid som skaper kvalitetsprodukter.<\/li>\n\n\n\n<li>Fellesskapet p\u00e5 huset.<\/li>\n<\/ul>\n\n\n\n<h2 class=\"wp-block-heading\">Tilbud til personer i aktiv rus<\/h2>\n\n\n\n<p>I og rundt Kristiansand s\u00e5 vi at alle arbeids- og motivasjonstiltak var enten rettet mot personer som allerede hadde klart \u00e5 bli rusfrie eller som et mer skadereduserende tiltak for mennesker i aktiv rus. Dermed manglet det et tilbud til personer i aktiv rus som \u00f8nsker endring\/rehabiliteringsfokus. Derfor etablerte vi Portalen.<\/p>\n\n\n\n<p>Vi har en samarbeidsavtale med b\u00e5de Kristiansand, S\u00f8gne, Songdalen, Vennesla og Lillesand kommune, og tar inn nye medarbeidere fra alle disse kommunene.<\/p>\n\n\n\n<h2 class=\"wp-block-heading\"><strong>V\u00e5r fagkompetanse<\/strong><\/h2>\n\n\n\n<p>Ved Portalen kombinerer vi sosialfaglig kompetanse med egenerfaring fra rus<strong>.&nbsp;<\/strong>Vi har tro p\u00e5 at medarbeidere som har kommet et stykke p\u00e5 vei mot sine m\u00e5l, representerer en positiv styrke for nye medarbeidere. Vi har ogs\u00e5 ansatt en mentor som selv har egenerfaring med rus.<\/p>\n\n\n\n<p>Vi samarbeider ogs\u00e5 med oppf\u00f8lgingstjenester i kommunene som har medarbeidere i jobb hos oss, og som bist\u00e5r den enkelte i sp\u00f8rsm\u00e5l rundt \u00f8konomi, bolig og helse. Vi bidrar ogs\u00e5 med forsterket individuell oppf\u00f8lging.<\/p>\n\n\n\n<blockquote class=\"wp-block-quote has-text-align-left is-layout-flow wp-block-quote-is-layout-flow\">\n<p>Flere av medarbeiderne i m\u00e5lgruppen har over tid vist en betydelig utvikling og g\u00e5tt over i, eller er p\u00e5 vei over i nye trinn i denne langsiktige kjeden av samarbeidende tiltak.<\/p>\n<cite>Sitat fra p\u00e5g\u00e5ende forskningsarbeid ved Agder forskning<\/cite><\/blockquote>\n\n\n\n<p><\/p>\n","protected":false},"excerpt":{"rendered":"<p>Om Portalen &#8211; arbeid med mening Portalen er en sosial entrepren\u00f8rbedrift for mennesker som har&hellip;<\/p>\n","protected":false},"author":6,"featured_media":0,"parent":0,"menu_order":0,"comment_status":"closed","ping_status":"closed","template":"","meta":{"_relevanssi_hide_post":"","_relevanssi_hide_content":"","_relevanssi_pin_for_all":"","_relevanssi_pin_keywords":"","_relevanssi_unpin_keywords":"","_relevanssi_related_keywords":"","_relevanssi_related_include_ids":"","_relevanssi_related_exclude_ids":"","_relevanssi_related_no_append":"","_relevanssi_related_not_related":"","_relevanssi_related_posts":"1","_relevanssi_noindex_reason":"","editor_notices":[],"footnotes":""},"class_list":["post-9","page","type-page","status-publish","hentry"],"yoast_head":"<!-- This site is optimized with the Yoast SEO Premium plugin v27.2 (Yoast SEO v27.2) - https:\/\/yoast.com\/product\/yoast-seo-premium-wordpress\/ -->\n<title>Om Portalen - Portalen<\/title>\n<meta name=\"robots\" content=\"index, follow, max-snippet:-1, max-image-preview:large, max-video-preview:-1\" \/>\n<link rel=\"canonical\" href=\"https:\/\/kirkensbymisjon.no\/tilbud-portalen\/om-portalen\/\" \/>\n<meta property=\"og:locale\" content=\"nb_NO\" \/>\n<meta property=\"og:type\" content=\"article\" \/>\n<meta property=\"og:title\" content=\"Om Portalen\" \/>\n<meta property=\"og:description\" content=\"Om Portalen &#8211; arbeid med mening Portalen er en sosial entrepren\u00f8rbedrift for mennesker som har&hellip;\" \/>\n<meta property=\"og:url\" content=\"https:\/\/kirkensbymisjon.no\/tilbud-portalen\/om-portalen\/\" \/>\n<meta property=\"og:site_name\" content=\"Portalen\" \/>\n<meta property=\"article:modified_time\" content=\"2024-10-02T08:39:50+00:00\" \/>\n<meta name=\"twitter:card\" content=\"summary_large_image\" \/>\n<meta name=\"twitter:label1\" content=\"Ansl. lesetid\" \/>\n\t<meta name=\"twitter:data1\" content=\"3 minutter\" \/>\n<script type=\"application\/ld+json\" class=\"yoast-schema-graph\">{\"@context\":\"https:\/\/schema.org\",\"@graph\":[{\"@type\":\"WebPage\",\"@id\":\"https:\/\/kirkensbymisjon.no\/tilbud-portalen\/om-portalen\/\",\"url\":\"https:\/\/kirkensbymisjon.no\/tilbud-portalen\/om-portalen\/\",\"name\":\"Om Portalen - Portalen\",\"isPartOf\":{\"@id\":\"https:\/\/kirkensbymisjon.no\/tilbud-portalen\/#website\"},\"datePublished\":\"2024-07-24T10:28:51+00:00\",\"dateModified\":\"2024-10-02T08:39:50+00:00\",\"breadcrumb\":{\"@id\":\"https:\/\/kirkensbymisjon.no\/tilbud-portalen\/om-portalen\/#breadcrumb\"},\"inLanguage\":\"nb-NO\",\"potentialAction\":[{\"@type\":\"ReadAction\",\"target\":[\"https:\/\/kirkensbymisjon.no\/tilbud-portalen\/om-portalen\/\"]}]},{\"@type\":\"BreadcrumbList\",\"@id\":\"https:\/\/kirkensbymisjon.no\/tilbud-portalen\/om-portalen\/#breadcrumb\",\"itemListElement\":[{\"@type\":\"ListItem\",\"position\":1,\"name\":\"Hjem\",\"item\":\"https:\/\/kirkensbymisjon.no\/tilbud-portalen\/\"},{\"@type\":\"ListItem\",\"position\":2,\"name\":\"Om Portalen\"}]},{\"@type\":\"WebSite\",\"@id\":\"https:\/\/kirkensbymisjon.no\/tilbud-portalen\/#website\",\"url\":\"https:\/\/kirkensbymisjon.no\/tilbud-portalen\/\",\"name\":\"Portalen\",\"description\":\"\",\"potentialAction\":[{\"@type\":\"SearchAction\",\"target\":{\"@type\":\"EntryPoint\",\"urlTemplate\":\"https:\/\/kirkensbymisjon.no\/tilbud-portalen\/?s={search_term_string}\"},\"query-input\":{\"@type\":\"PropertyValueSpecification\",\"valueRequired\":true,\"valueName\":\"search_term_string\"}}],\"inLanguage\":\"nb-NO\"}]}<\/script>\n<!-- \/ Yoast SEO Premium plugin. -->","yoast_head_json":{"title":"Om Portalen - Portalen","robots":{"index":"index","follow":"follow","max-snippet":"max-snippet:-1","max-image-preview":"max-image-preview:large","max-video-preview":"max-video-preview:-1"},"canonical":"https:\/\/kirkensbymisjon.no\/tilbud-portalen\/om-portalen\/","og_locale":"nb_NO","og_type":"article","og_title":"Om Portalen","og_description":"Om Portalen &#8211; arbeid med mening Portalen er en sosial entrepren\u00f8rbedrift for mennesker som har&hellip;","og_url":"https:\/\/kirkensbymisjon.no\/tilbud-portalen\/om-portalen\/","og_site_name":"Portalen","article_modified_time":"2024-10-02T08:39:50+00:00","twitter_card":"summary_large_image","twitter_misc":{"Ansl. lesetid":"3 minutter"},"schema":{"@context":"https:\/\/schema.org","@graph":[{"@type":"WebPage","@id":"https:\/\/kirkensbymisjon.no\/tilbud-portalen\/om-portalen\/","url":"https:\/\/kirkensbymisjon.no\/tilbud-portalen\/om-portalen\/","name":"Om Portalen - Portalen","isPartOf":{"@id":"https:\/\/kirkensbymisjon.no\/tilbud-portalen\/#website"},"datePublished":"2024-07-24T10:28:51+00:00","dateModified":"2024-10-02T08:39:50+00:00","breadcrumb":{"@id":"https:\/\/kirkensbymisjon.no\/tilbud-portalen\/om-portalen\/#breadcrumb"},"inLanguage":"nb-NO","potentialAction":[{"@type":"ReadAction","target":["https:\/\/kirkensbymisjon.no\/tilbud-portalen\/om-portalen\/"]}]},{"@type":"BreadcrumbList","@id":"https:\/\/kirkensbymisjon.no\/tilbud-portalen\/om-portalen\/#breadcrumb","itemListElement":[{"@type":"ListItem","position":1,"name":"Hjem","item":"https:\/\/kirkensbymisjon.no\/tilbud-portalen\/"},{"@type":"ListItem","position":2,"name":"Om Portalen"}]},{"@type":"WebSite","@id":"https:\/\/kirkensbymisjon.no\/tilbud-portalen\/#website","url":"https:\/\/kirkensbymisjon.no\/tilbud-portalen\/","name":"Portalen","description":"","potentialAction":[{"@type":"SearchAction","target":{"@type":"EntryPoint","urlTemplate":"https:\/\/kirkensbymisjon.no\/tilbud-portalen\/?s={search_term_string}"},"query-input":{"@type":"PropertyValueSpecification","valueRequired":true,"valueName":"search_term_string"}}],"inLanguage":"nb-NO"}]}},"_links":{"self":[{"href":"https:\/\/kirkensbymisjon.no\/tilbud-portalen\/wp-json\/wp\/v2\/pages\/9","targetHints":{"allow":["GET"]}}],"collection":[{"href":"https:\/\/kirkensbymisjon.no\/tilbud-portalen\/wp-json\/wp\/v2\/pages"}],"about":[{"href":"https:\/\/kirkensbymisjon.no\/tilbud-portalen\/wp-json\/wp\/v2\/types\/page"}],"author":[{"embeddable":true,"href":"https:\/\/kirkensbymisjon.no\/tilbud-portalen\/wp-json\/wp\/v2\/users\/6"}],"replies":[{"embeddable":true,"href":"https:\/\/kirkensbymisjon.no\/tilbud-portalen\/wp-json\/wp\/v2\/comments?post=9"}],"version-history":[{"count":5,"href":"https:\/\/kirkensbymisjon.no\/tilbud-portalen\/wp-json\/wp\/v2\/pages\/9\/revisions"}],"predecessor-version":[{"id":94,"href":"https:\/\/kirkensbymisjon.no\/tilbud-portalen\/wp-json\/wp\/v2\/pages\/9\/revisions\/94"}],"wp:attachment":[{"href":"https:\/\/kirkensbymisjon.no\/tilbud-portalen\/wp-json\/wp\/v2\/media?parent=9"}],"curies":[{"name":"wp","href":"https:\/\/api.w.org\/{rel}","templated":true}]}}