{"id":13,"date":"2024-07-24T12:31:47","date_gmt":"2024-07-24T10:31:47","guid":{"rendered":"https:\/\/kirkensbymisjon.no\/tilbud-primaermedisinsk-verksted\/?page_id=13"},"modified":"2024-08-14T11:19:42","modified_gmt":"2024-08-14T09:19:42","slug":"bli-deltaker","status":"publish","type":"page","link":"https:\/\/kirkensbymisjon.no\/tilbud-primaermedisinsk-verksted\/bli-deltaker\/","title":{"rendered":"Bli deltaker"},"content":{"rendered":"\n<h2 class=\"wp-block-heading\" id=\"h-du-er-hjertelig-velkommen-hos-pmv\">Du er hjertelig velkommen hos PMV!<\/h2>\n\n\n\n<p>Her er det rom for at du kan v\u00e6re deg selv. Kom og ta en prat med oss, eller m\u00f8t opp p\u00e5 et av v\u00e5re \u00e5pne tilbud. Du kan ogs\u00e5 gjerne ringe oss for \u00e5 avtale en samtale.<\/p>\n\n\n\n<h3 class=\"wp-block-heading\" id=\"h-vi-far-mange-sporsmal-fra-vare-deltakere-her-er-noen-av-de-mest-stilte\">Vi f\u00e5r mange sp\u00f8rsm\u00e5l fra v\u00e5re deltakere, her er noen av de mest stilte:<\/h3>\n\n\n<div class=\"t2-accordion wp-block-t2-accordion\" data-allow-multiple=\"1\" role=\"list\">\n<div class=\"t2-accordion-item wp-block-t2-accordion-item\" role=\"listitem\">\n\t\t\t<h4 class=\"t2-accordion-title\">\n\t\t\t\t<button type=\"button\" class=\"t2-accordion-trigger\" id=\"hva-koster-det-\u00e5-v\u00e6re-med-p\u00e5-en-aktivitet-hos-pmv?\" aria-controls=\"accordion-panel\" aria-expanded=\"false\">\n\t\t\t\t\tHva koster det \u00e5 v\u00e6re med p\u00e5 en aktivitet hos PMV?\n\t\t\t\t\t<span class=\"t2-accordion-icon is-closed-icon\"><svg xmlns=\"http:\/\/www.w3.org\/2000\/svg\" viewBox=\"0 0 24 24\" height=\"24\" width=\"24\" class=\"t2-icon t2-icon-plus\" aria-hidden=\"true\" focusable=\"false\"><path d=\"M11.8 5.037a1.088 1.088 0 0 0-.722.566c-.075.148-.078.25-.078 2.772v2.619l-2.61.016c-1.867.012-2.652.03-2.756.064-.168.055-.438.301-.54.494-.049.092-.07.223-.07.432 0 .34.054.476.282.704.289.289.14.275 3.064.288l2.63.012v2.619c0 2.544.002 2.625.08 2.778.191.372.516.577.92.577s.729-.205.92-.577c.078-.153.08-.234.08-2.778v-2.619l2.63-.012c2.924-.013 2.775.001 3.064-.288.228-.228.282-.364.282-.704 0-.209-.021-.34-.07-.432-.102-.193-.372-.439-.54-.494-.104-.034-.889-.052-2.756-.064L13 10.994V8.375c0-2.522-.003-2.624-.078-2.772-.214-.418-.685-.656-1.122-.566\"\/><\/svg><\/span>\n\t\t\t\t\t<span class=\"t2-accordion-icon is-open-icon\"><svg xmlns=\"http:\/\/www.w3.org\/2000\/svg\" viewBox=\"0 0 24 24\" height=\"24\" width=\"24\" class=\"t2-icon t2-icon-chevronup\" aria-hidden=\"true\" focusable=\"false\"><path d=\"M6.7 14.7c-.2-.2-.3-.4-.3-.7s.1-.5.3-.7l4.6-4.6c.1-.1.2-.2.3-.2.1 0 .2-.1.4-.1.1 0 .3 0 .4.1.1 0 .2.1.3.2l4.6 4.6c.2.2.3.4.3.7s-.1.5-.3.7c-.2.2-.4.3-.7.3s-.5-.1-.7-.3L12 10.8l-3.9 3.9c-.2.2-.4.3-.7.3s-.5-.1-.7-.3z\" fill=\"currentColor\" \/><\/svg><\/span>\n\t\t\t\t<\/button>\n\t\t\t<\/h4>\n\t\t\t<div class=\"t2-accordion-item__inner-container is-layout-flow\" id=\"accordion-panel\" aria-labelledby=\"hva-koster-det-\u00e5-v\u00e6re-med-p\u00e5-en-aktivitet-hos-pmv?\" role=\"region\" hidden>\n\t\t\t\t\n\n<p>Ingenting, alle v\u00e5re tilbud er gratis.<\/p>\n\n\n\t\t\t<\/div>\n\t\t<\/div>\n\n<div class=\"t2-accordion-item wp-block-t2-accordion-item\" role=\"listitem\">\n\t\t\t<h4 class=\"t2-accordion-title\">\n\t\t\t\t<button type=\"button\" class=\"t2-accordion-trigger\" id=\"m\u00e5-jeg-melde-meg-p\u00e5-kaf\u00e9-kvint-(\u00e5pen-kaf\u00e9)?\" aria-controls=\"accordion-panel-1\" aria-expanded=\"false\">\n\t\t\t\t\tM\u00e5 jeg melde meg p\u00e5 Kaf\u00e9 KVINT (\u00c5pen kaf\u00e9)?\n\t\t\t\t\t<span class=\"t2-accordion-icon is-closed-icon\"><svg xmlns=\"http:\/\/www.w3.org\/2000\/svg\" viewBox=\"0 0 24 24\" height=\"24\" width=\"24\" class=\"t2-icon t2-icon-plus\" aria-hidden=\"true\" focusable=\"false\"><path d=\"M11.8 5.037a1.088 1.088 0 0 0-.722.566c-.075.148-.078.25-.078 2.772v2.619l-2.61.016c-1.867.012-2.652.03-2.756.064-.168.055-.438.301-.54.494-.049.092-.07.223-.07.432 0 .34.054.476.282.704.289.289.14.275 3.064.288l2.63.012v2.619c0 2.544.002 2.625.08 2.778.191.372.516.577.92.577s.729-.205.92-.577c.078-.153.08-.234.08-2.778v-2.619l2.63-.012c2.924-.013 2.775.001 3.064-.288.228-.228.282-.364.282-.704 0-.209-.021-.34-.07-.432-.102-.193-.372-.439-.54-.494-.104-.034-.889-.052-2.756-.064L13 10.994V8.375c0-2.522-.003-2.624-.078-2.772-.214-.418-.685-.656-1.122-.566\"\/><\/svg><\/span>\n\t\t\t\t\t<span class=\"t2-accordion-icon is-open-icon\"><svg xmlns=\"http:\/\/www.w3.org\/2000\/svg\" viewBox=\"0 0 24 24\" height=\"24\" width=\"24\" class=\"t2-icon t2-icon-chevronup\" aria-hidden=\"true\" focusable=\"false\"><path d=\"M6.7 14.7c-.2-.2-.3-.4-.3-.7s.1-.5.3-.7l4.6-4.6c.1-.1.2-.2.3-.2.1 0 .2-.1.4-.1.1 0 .3 0 .4.1.1 0 .2.1.3.2l4.6 4.6c.2.2.3.4.3.7s-.1.5-.3.7c-.2.2-.4.3-.7.3s-.5-.1-.7-.3L12 10.8l-3.9 3.9c-.2.2-.4.3-.7.3s-.5-.1-.7-.3z\" fill=\"currentColor\" \/><\/svg><\/span>\n\t\t\t\t<\/button>\n\t\t\t<\/h4>\n\t\t\t<div class=\"t2-accordion-item__inner-container is-layout-flow\" id=\"accordion-panel-1\" aria-labelledby=\"m\u00e5-jeg-melde-meg-p\u00e5-kaf\u00e9-kvint-(\u00e5pen-kaf\u00e9)?\" role=\"region\" hidden>\n\t\t\t\t\n\n<p>Nei, det er bare \u00e5 m\u00f8te opp, men vi vil gjerne at du sier fra at du kommer slik at vi kan f\u00e5 tatt imot deg p\u00e5 en god m\u00e5te.<\/p>\n\n\n\t\t\t<\/div>\n\t\t<\/div>\n\n<div class=\"t2-accordion-item wp-block-t2-accordion-item\" role=\"listitem\">\n\t\t\t<h4 class=\"t2-accordion-title\">\n\t\t\t\t<button type=\"button\" class=\"t2-accordion-trigger\" id=\"jeg-er-muslim,-kan-jeg-komme-til-kirkens-bymisjon-da?\" aria-controls=\"accordion-panel-2\" aria-expanded=\"false\">\n\t\t\t\t\tJeg er muslim, kan jeg komme til Kirkens Bymisjon da?\n\t\t\t\t\t<span class=\"t2-accordion-icon is-closed-icon\"><svg xmlns=\"http:\/\/www.w3.org\/2000\/svg\" viewBox=\"0 0 24 24\" height=\"24\" width=\"24\" class=\"t2-icon t2-icon-plus\" aria-hidden=\"true\" focusable=\"false\"><path d=\"M11.8 5.037a1.088 1.088 0 0 0-.722.566c-.075.148-.078.25-.078 2.772v2.619l-2.61.016c-1.867.012-2.652.03-2.756.064-.168.055-.438.301-.54.494-.049.092-.07.223-.07.432 0 .34.054.476.282.704.289.289.14.275 3.064.288l2.63.012v2.619c0 2.544.002 2.625.08 2.778.191.372.516.577.92.577s.729-.205.92-.577c.078-.153.08-.234.08-2.778v-2.619l2.63-.012c2.924-.013 2.775.001 3.064-.288.228-.228.282-.364.282-.704 0-.209-.021-.34-.07-.432-.102-.193-.372-.439-.54-.494-.104-.034-.889-.052-2.756-.064L13 10.994V8.375c0-2.522-.003-2.624-.078-2.772-.214-.418-.685-.656-1.122-.566\"\/><\/svg><\/span>\n\t\t\t\t\t<span class=\"t2-accordion-icon is-open-icon\"><svg xmlns=\"http:\/\/www.w3.org\/2000\/svg\" viewBox=\"0 0 24 24\" height=\"24\" width=\"24\" class=\"t2-icon t2-icon-chevronup\" aria-hidden=\"true\" focusable=\"false\"><path d=\"M6.7 14.7c-.2-.2-.3-.4-.3-.7s.1-.5.3-.7l4.6-4.6c.1-.1.2-.2.3-.2.1 0 .2-.1.4-.1.1 0 .3 0 .4.1.1 0 .2.1.3.2l4.6 4.6c.2.2.3.4.3.7s-.1.5-.3.7c-.2.2-.4.3-.7.3s-.5-.1-.7-.3L12 10.8l-3.9 3.9c-.2.2-.4.3-.7.3s-.5-.1-.7-.3z\" fill=\"currentColor\" \/><\/svg><\/span>\n\t\t\t\t<\/button>\n\t\t\t<\/h4>\n\t\t\t<div class=\"t2-accordion-item__inner-container is-layout-flow\" id=\"accordion-panel-2\" aria-labelledby=\"jeg-er-muslim,-kan-jeg-komme-til-kirkens-bymisjon-da?\" role=\"region\" hidden>\n\t\t\t\t\n\n<p>Ja! Vi er en \u00e5pen og livssynsn\u00f8ytral organisasjon. PMV har mange deltakere som er muslimer, en av gruppene v\u00e5re er en korangruppe, og vi har b\u00f8nneteppe hvis du \u00f8nsker \u00e5 be.<\/p>\n\n\n\t\t\t<\/div>\n\t\t<\/div>\n\n<div class=\"t2-accordion-item wp-block-t2-accordion-item\" role=\"listitem\">\n\t\t\t<h4 class=\"t2-accordion-title\">\n\t\t\t\t<button type=\"button\" class=\"t2-accordion-trigger\" id=\"jeg-forst\u00e5r-ikke-helt-det-norske-samfunnet,-kan-dere-hjelpe-meg?\" aria-controls=\"accordion-panel-3\" aria-expanded=\"false\">\n\t\t\t\t\tJeg forst\u00e5r ikke helt det norske samfunnet, kan dere hjelpe meg?\n\t\t\t\t\t<span class=\"t2-accordion-icon is-closed-icon\"><svg xmlns=\"http:\/\/www.w3.org\/2000\/svg\" viewBox=\"0 0 24 24\" height=\"24\" width=\"24\" class=\"t2-icon t2-icon-plus\" aria-hidden=\"true\" focusable=\"false\"><path d=\"M11.8 5.037a1.088 1.088 0 0 0-.722.566c-.075.148-.078.25-.078 2.772v2.619l-2.61.016c-1.867.012-2.652.03-2.756.064-.168.055-.438.301-.54.494-.049.092-.07.223-.07.432 0 .34.054.476.282.704.289.289.14.275 3.064.288l2.63.012v2.619c0 2.544.002 2.625.08 2.778.191.372.516.577.92.577s.729-.205.92-.577c.078-.153.08-.234.08-2.778v-2.619l2.63-.012c2.924-.013 2.775.001 3.064-.288.228-.228.282-.364.282-.704 0-.209-.021-.34-.07-.432-.102-.193-.372-.439-.54-.494-.104-.034-.889-.052-2.756-.064L13 10.994V8.375c0-2.522-.003-2.624-.078-2.772-.214-.418-.685-.656-1.122-.566\"\/><\/svg><\/span>\n\t\t\t\t\t<span class=\"t2-accordion-icon is-open-icon\"><svg xmlns=\"http:\/\/www.w3.org\/2000\/svg\" viewBox=\"0 0 24 24\" height=\"24\" width=\"24\" class=\"t2-icon t2-icon-chevronup\" aria-hidden=\"true\" focusable=\"false\"><path d=\"M6.7 14.7c-.2-.2-.3-.4-.3-.7s.1-.5.3-.7l4.6-4.6c.1-.1.2-.2.3-.2.1 0 .2-.1.4-.1.1 0 .3 0 .4.1.1 0 .2.1.3.2l4.6 4.6c.2.2.3.4.3.7s-.1.5-.3.7c-.2.2-.4.3-.7.3s-.5-.1-.7-.3L12 10.8l-3.9 3.9c-.2.2-.4.3-.7.3s-.5-.1-.7-.3z\" fill=\"currentColor\" \/><\/svg><\/span>\n\t\t\t\t<\/button>\n\t\t\t<\/h4>\n\t\t\t<div class=\"t2-accordion-item__inner-container is-layout-flow\" id=\"accordion-panel-3\" aria-labelledby=\"jeg-forst\u00e5r-ikke-helt-det-norske-samfunnet,-kan-dere-hjelpe-meg?\" role=\"region\" hidden>\n\t\t\t\t\n\n<p>Kanskje. Vi er ikke advokater, men vi har god oversikt over lover og regler og systemet i Norge. Vi kan ogs\u00e5 hjelpe deg \u00e5 finne noen andre som kan hjelpe hvis vi ikke kan hjelpe selv.<\/p>\n\n\n\t\t\t<\/div>\n\t\t<\/div>\n\n<div class=\"t2-accordion-item wp-block-t2-accordion-item\" role=\"listitem\">\n\t\t\t<h4 class=\"t2-accordion-title\">\n\t\t\t\t<button type=\"button\" class=\"t2-accordion-trigger\" id=\"kan-dere-fikse-problemet-mitt-raskt?\" aria-controls=\"accordion-panel-4\" aria-expanded=\"false\">\n\t\t\t\t\tKan dere fikse problemet mitt raskt?\n\t\t\t\t\t<span class=\"t2-accordion-icon is-closed-icon\"><svg xmlns=\"http:\/\/www.w3.org\/2000\/svg\" viewBox=\"0 0 24 24\" height=\"24\" width=\"24\" class=\"t2-icon t2-icon-plus\" aria-hidden=\"true\" focusable=\"false\"><path d=\"M11.8 5.037a1.088 1.088 0 0 0-.722.566c-.075.148-.078.25-.078 2.772v2.619l-2.61.016c-1.867.012-2.652.03-2.756.064-.168.055-.438.301-.54.494-.049.092-.07.223-.07.432 0 .34.054.476.282.704.289.289.14.275 3.064.288l2.63.012v2.619c0 2.544.002 2.625.08 2.778.191.372.516.577.92.577s.729-.205.92-.577c.078-.153.08-.234.08-2.778v-2.619l2.63-.012c2.924-.013 2.775.001 3.064-.288.228-.228.282-.364.282-.704 0-.209-.021-.34-.07-.432-.102-.193-.372-.439-.54-.494-.104-.034-.889-.052-2.756-.064L13 10.994V8.375c0-2.522-.003-2.624-.078-2.772-.214-.418-.685-.656-1.122-.566\"\/><\/svg><\/span>\n\t\t\t\t\t<span class=\"t2-accordion-icon is-open-icon\"><svg xmlns=\"http:\/\/www.w3.org\/2000\/svg\" viewBox=\"0 0 24 24\" height=\"24\" width=\"24\" class=\"t2-icon t2-icon-chevronup\" aria-hidden=\"true\" focusable=\"false\"><path d=\"M6.7 14.7c-.2-.2-.3-.4-.3-.7s.1-.5.3-.7l4.6-4.6c.1-.1.2-.2.3-.2.1 0 .2-.1.4-.1.1 0 .3 0 .4.1.1 0 .2.1.3.2l4.6 4.6c.2.2.3.4.3.7s-.1.5-.3.7c-.2.2-.4.3-.7.3s-.5-.1-.7-.3L12 10.8l-3.9 3.9c-.2.2-.4.3-.7.3s-.5-.1-.7-.3z\" fill=\"currentColor\" \/><\/svg><\/span>\n\t\t\t\t<\/button>\n\t\t\t<\/h4>\n\t\t\t<div class=\"t2-accordion-item__inner-container is-layout-flow\" id=\"accordion-panel-4\" aria-labelledby=\"kan-dere-fikse-problemet-mitt-raskt?\" role=\"region\" hidden>\n\t\t\t\t\n\n<p>Kanskje! Det kommer an p\u00e5 hva problemet er. Iblant tar det lang tid fordi problemet er vanskelig. I perioder har vi ogs\u00e5 veldig mye \u00e5 gj\u00f8re, og da blir det dessverre litt ventetid.<\/p>\n\n\n\t\t\t<\/div>\n\t\t<\/div>\n\n<div class=\"t2-accordion-item wp-block-t2-accordion-item\" role=\"listitem\">\n\t\t\t<h4 class=\"t2-accordion-title\">\n\t\t\t\t<button type=\"button\" class=\"t2-accordion-trigger\" id=\"hva-b\u00f8r-jeg-gj\u00f8re-n\u00e5r-jeg-synes-det-er-vanskelig-\u00e5-oppdra-barn-i-norge-fordi-jeg-selv-er-oppdratt-i-et-annet-land?\" aria-controls=\"accordion-panel-5\" aria-expanded=\"false\">\n\t\t\t\t\tHva b\u00f8r jeg gj\u00f8re n\u00e5r jeg synes det er vanskelig \u00e5 oppdra barn i Norge fordi jeg selv er oppdratt i et annet land?\n\t\t\t\t\t<span class=\"t2-accordion-icon is-closed-icon\"><svg xmlns=\"http:\/\/www.w3.org\/2000\/svg\" viewBox=\"0 0 24 24\" height=\"24\" width=\"24\" class=\"t2-icon t2-icon-plus\" aria-hidden=\"true\" focusable=\"false\"><path d=\"M11.8 5.037a1.088 1.088 0 0 0-.722.566c-.075.148-.078.25-.078 2.772v2.619l-2.61.016c-1.867.012-2.652.03-2.756.064-.168.055-.438.301-.54.494-.049.092-.07.223-.07.432 0 .34.054.476.282.704.289.289.14.275 3.064.288l2.63.012v2.619c0 2.544.002 2.625.08 2.778.191.372.516.577.92.577s.729-.205.92-.577c.078-.153.08-.234.08-2.778v-2.619l2.63-.012c2.924-.013 2.775.001 3.064-.288.228-.228.282-.364.282-.704 0-.209-.021-.34-.07-.432-.102-.193-.372-.439-.54-.494-.104-.034-.889-.052-2.756-.064L13 10.994V8.375c0-2.522-.003-2.624-.078-2.772-.214-.418-.685-.656-1.122-.566\"\/><\/svg><\/span>\n\t\t\t\t\t<span class=\"t2-accordion-icon is-open-icon\"><svg xmlns=\"http:\/\/www.w3.org\/2000\/svg\" viewBox=\"0 0 24 24\" height=\"24\" width=\"24\" class=\"t2-icon t2-icon-chevronup\" aria-hidden=\"true\" focusable=\"false\"><path d=\"M6.7 14.7c-.2-.2-.3-.4-.3-.7s.1-.5.3-.7l4.6-4.6c.1-.1.2-.2.3-.2.1 0 .2-.1.4-.1.1 0 .3 0 .4.1.1 0 .2.1.3.2l4.6 4.6c.2.2.3.4.3.7s-.1.5-.3.7c-.2.2-.4.3-.7.3s-.5-.1-.7-.3L12 10.8l-3.9 3.9c-.2.2-.4.3-.7.3s-.5-.1-.7-.3z\" fill=\"currentColor\" \/><\/svg><\/span>\n\t\t\t\t<\/button>\n\t\t\t<\/h4>\n\t\t\t<div class=\"t2-accordion-item__inner-container is-layout-flow\" id=\"accordion-panel-5\" aria-labelledby=\"hva-b\u00f8r-jeg-gj\u00f8re-n\u00e5r-jeg-synes-det-er-vanskelig-\u00e5-oppdra-barn-i-norge-fordi-jeg-selv-er-oppdratt-i-et-annet-land?\" role=\"region\" hidden>\n\t\t\t\t\n\n<p>Du kan melde deg p\u00e5 et ICDP-kurs hos oss. Det er et internasjonalt foreldreveiledningsprogram hvor vi blant annet snakker om hvordan man kan sette grenser for barnet sitt p\u00e5 en positiv m\u00e5te.<\/p>\n\n\n\t\t\t<\/div>\n\t\t<\/div>\n\n<div class=\"t2-accordion-item wp-block-t2-accordion-item\" role=\"listitem\">\n\t\t\t<h4 class=\"t2-accordion-title\">\n\t\t\t\t<button type=\"button\" class=\"t2-accordion-trigger\" id=\"jeg-vil-begynne-\u00e5-trene.-kan-jeg-komme-til-dere?\" aria-controls=\"accordion-panel-6\" aria-expanded=\"false\">\n\t\t\t\t\tJeg vil begynne \u00e5 trene. Kan jeg komme til dere?\n\t\t\t\t\t<span class=\"t2-accordion-icon is-closed-icon\"><svg xmlns=\"http:\/\/www.w3.org\/2000\/svg\" viewBox=\"0 0 24 24\" height=\"24\" width=\"24\" class=\"t2-icon t2-icon-plus\" aria-hidden=\"true\" focusable=\"false\"><path d=\"M11.8 5.037a1.088 1.088 0 0 0-.722.566c-.075.148-.078.25-.078 2.772v2.619l-2.61.016c-1.867.012-2.652.03-2.756.064-.168.055-.438.301-.54.494-.049.092-.07.223-.07.432 0 .34.054.476.282.704.289.289.14.275 3.064.288l2.63.012v2.619c0 2.544.002 2.625.08 2.778.191.372.516.577.92.577s.729-.205.92-.577c.078-.153.08-.234.08-2.778v-2.619l2.63-.012c2.924-.013 2.775.001 3.064-.288.228-.228.282-.364.282-.704 0-.209-.021-.34-.07-.432-.102-.193-.372-.439-.54-.494-.104-.034-.889-.052-2.756-.064L13 10.994V8.375c0-2.522-.003-2.624-.078-2.772-.214-.418-.685-.656-1.122-.566\"\/><\/svg><\/span>\n\t\t\t\t\t<span class=\"t2-accordion-icon is-open-icon\"><svg xmlns=\"http:\/\/www.w3.org\/2000\/svg\" viewBox=\"0 0 24 24\" height=\"24\" width=\"24\" class=\"t2-icon t2-icon-chevronup\" aria-hidden=\"true\" focusable=\"false\"><path d=\"M6.7 14.7c-.2-.2-.3-.4-.3-.7s.1-.5.3-.7l4.6-4.6c.1-.1.2-.2.3-.2.1 0 .2-.1.4-.1.1 0 .3 0 .4.1.1 0 .2.1.3.2l4.6 4.6c.2.2.3.4.3.7s-.1.5-.3.7c-.2.2-.4.3-.7.3s-.5-.1-.7-.3L12 10.8l-3.9 3.9c-.2.2-.4.3-.7.3s-.5-.1-.7-.3z\" fill=\"currentColor\" \/><\/svg><\/span>\n\t\t\t\t<\/button>\n\t\t\t<\/h4>\n\t\t\t<div class=\"t2-accordion-item__inner-container is-layout-flow\" id=\"accordion-panel-6\" aria-labelledby=\"jeg-vil-begynne-\u00e5-trene.-kan-jeg-komme-til-dere?\" role=\"region\" hidden>\n\t\t\t\t\n\n<p>Ja, det kan du! For \u00e5 f\u00e5 plass m\u00e5 du snakke med helses\u00f8ster Kari. Vi har blant annet helsestudiotrening og yogagruppe. Vi kan ogs\u00e5 henvise til Frisklivssentralenes tilbud og informere om andre muligheter.<\/p>\n\n\n\t\t\t<\/div>\n\t\t<\/div>\n<\/div>\n\n\n<blockquote class=\"wp-block-quote is-layout-flow wp-block-quote-is-layout-flow\">\n<p>Takk for hjelp. Takk for omsorg. Takk for toleranse. Takk for respekt. Takk for samarbeid. Takk for vennlighet. Det er s\u00e5 hyggelig sted \u00e5 v\u00e6re. Jeg \u00f8nsker at det skal v\u00e6re s\u00e5nne steder over hele Norge.<\/p>\n<cite>Deltaker<\/cite><\/blockquote>\n","protected":false},"excerpt":{"rendered":"<p>Du er hjertelig velkommen hos PMV! Her er det rom for at du kan v\u00e6re&hellip;<\/p>\n","protected":false},"author":6,"featured_media":0,"parent":0,"menu_order":0,"comment_status":"closed","ping_status":"closed","template":"","meta":{"_relevanssi_hide_post":"","_relevanssi_hide_content":"","_relevanssi_pin_for_all":"","_relevanssi_pin_keywords":"","_relevanssi_unpin_keywords":"","_relevanssi_related_keywords":"","_relevanssi_related_include_ids":"","_relevanssi_related_exclude_ids":"","_relevanssi_related_no_append":"","_relevanssi_related_not_related":"","_relevanssi_related_posts":"1","_relevanssi_noindex_reason":"","editor_notices":[],"footnotes":""},"class_list":["post-13","page","type-page","status-publish","hentry"],"yoast_head":"<!-- This site is optimized with the Yoast SEO Premium plugin v27.2 (Yoast SEO v27.2) - https:\/\/yoast.com\/product\/yoast-seo-premium-wordpress\/ -->\n<title>Bli deltaker - Prim\u00e6rmedisinsk verksted<\/title>\n<meta name=\"robots\" content=\"index, follow, max-snippet:-1, max-image-preview:large, max-video-preview:-1\" \/>\n<link rel=\"canonical\" href=\"https:\/\/kirkensbymisjon.no\/tilbud-primaermedisinsk-verksted\/bli-deltaker\/\" \/>\n<meta property=\"og:locale\" content=\"nb_NO\" \/>\n<meta property=\"og:type\" content=\"article\" \/>\n<meta property=\"og:title\" content=\"Bli deltaker\" \/>\n<meta property=\"og:description\" content=\"Du er hjertelig velkommen hos PMV! Her er det rom for at du kan v\u00e6re&hellip;\" \/>\n<meta property=\"og:url\" content=\"https:\/\/kirkensbymisjon.no\/tilbud-primaermedisinsk-verksted\/bli-deltaker\/\" \/>\n<meta property=\"og:site_name\" content=\"Prim\u00e6rmedisinsk verksted\" \/>\n<meta property=\"article:modified_time\" content=\"2024-08-14T09:19:42+00:00\" \/>\n<meta name=\"twitter:card\" content=\"summary_large_image\" \/>\n<meta name=\"twitter:label1\" content=\"Ansl. lesetid\" \/>\n\t<meta name=\"twitter:data1\" content=\"2 minutter\" \/>\n<script type=\"application\/ld+json\" class=\"yoast-schema-graph\">{\"@context\":\"https:\/\/schema.org\",\"@graph\":[{\"@type\":\"WebPage\",\"@id\":\"https:\/\/kirkensbymisjon.no\/tilbud-primaermedisinsk-verksted\/bli-deltaker\/\",\"url\":\"https:\/\/kirkensbymisjon.no\/tilbud-primaermedisinsk-verksted\/bli-deltaker\/\",\"name\":\"Bli deltaker - Prim\u00e6rmedisinsk verksted\",\"isPartOf\":{\"@id\":\"https:\/\/kirkensbymisjon.no\/tilbud-primaermedisinsk-verksted\/#website\"},\"datePublished\":\"2024-07-24T10:31:47+00:00\",\"dateModified\":\"2024-08-14T09:19:42+00:00\",\"breadcrumb\":{\"@id\":\"https:\/\/kirkensbymisjon.no\/tilbud-primaermedisinsk-verksted\/bli-deltaker\/#breadcrumb\"},\"inLanguage\":\"nb-NO\",\"potentialAction\":[{\"@type\":\"ReadAction\",\"target\":[\"https:\/\/kirkensbymisjon.no\/tilbud-primaermedisinsk-verksted\/bli-deltaker\/\"]}]},{\"@type\":\"BreadcrumbList\",\"@id\":\"https:\/\/kirkensbymisjon.no\/tilbud-primaermedisinsk-verksted\/bli-deltaker\/#breadcrumb\",\"itemListElement\":[{\"@type\":\"ListItem\",\"position\":1,\"name\":\"Hjem\",\"item\":\"https:\/\/kirkensbymisjon.no\/tilbud-primaermedisinsk-verksted\/\"},{\"@type\":\"ListItem\",\"position\":2,\"name\":\"Bli deltaker\"}]},{\"@type\":\"WebSite\",\"@id\":\"https:\/\/kirkensbymisjon.no\/tilbud-primaermedisinsk-verksted\/#website\",\"url\":\"https:\/\/kirkensbymisjon.no\/tilbud-primaermedisinsk-verksted\/\",\"name\":\"Prim\u00e6rmedisinsk verksted\",\"description\":\"\",\"potentialAction\":[{\"@type\":\"SearchAction\",\"target\":{\"@type\":\"EntryPoint\",\"urlTemplate\":\"https:\/\/kirkensbymisjon.no\/tilbud-primaermedisinsk-verksted\/?s={search_term_string}\"},\"query-input\":{\"@type\":\"PropertyValueSpecification\",\"valueRequired\":true,\"valueName\":\"search_term_string\"}}],\"inLanguage\":\"nb-NO\"}]}<\/script>\n<!-- \/ Yoast SEO Premium plugin. -->","yoast_head_json":{"title":"Bli deltaker - Prim\u00e6rmedisinsk verksted","robots":{"index":"index","follow":"follow","max-snippet":"max-snippet:-1","max-image-preview":"max-image-preview:large","max-video-preview":"max-video-preview:-1"},"canonical":"https:\/\/kirkensbymisjon.no\/tilbud-primaermedisinsk-verksted\/bli-deltaker\/","og_locale":"nb_NO","og_type":"article","og_title":"Bli deltaker","og_description":"Du er hjertelig velkommen hos PMV! Her er det rom for at du kan v\u00e6re&hellip;","og_url":"https:\/\/kirkensbymisjon.no\/tilbud-primaermedisinsk-verksted\/bli-deltaker\/","og_site_name":"Prim\u00e6rmedisinsk verksted","article_modified_time":"2024-08-14T09:19:42+00:00","twitter_card":"summary_large_image","twitter_misc":{"Ansl. lesetid":"2 minutter"},"schema":{"@context":"https:\/\/schema.org","@graph":[{"@type":"WebPage","@id":"https:\/\/kirkensbymisjon.no\/tilbud-primaermedisinsk-verksted\/bli-deltaker\/","url":"https:\/\/kirkensbymisjon.no\/tilbud-primaermedisinsk-verksted\/bli-deltaker\/","name":"Bli deltaker - Prim\u00e6rmedisinsk verksted","isPartOf":{"@id":"https:\/\/kirkensbymisjon.no\/tilbud-primaermedisinsk-verksted\/#website"},"datePublished":"2024-07-24T10:31:47+00:00","dateModified":"2024-08-14T09:19:42+00:00","breadcrumb":{"@id":"https:\/\/kirkensbymisjon.no\/tilbud-primaermedisinsk-verksted\/bli-deltaker\/#breadcrumb"},"inLanguage":"nb-NO","potentialAction":[{"@type":"ReadAction","target":["https:\/\/kirkensbymisjon.no\/tilbud-primaermedisinsk-verksted\/bli-deltaker\/"]}]},{"@type":"BreadcrumbList","@id":"https:\/\/kirkensbymisjon.no\/tilbud-primaermedisinsk-verksted\/bli-deltaker\/#breadcrumb","itemListElement":[{"@type":"ListItem","position":1,"name":"Hjem","item":"https:\/\/kirkensbymisjon.no\/tilbud-primaermedisinsk-verksted\/"},{"@type":"ListItem","position":2,"name":"Bli deltaker"}]},{"@type":"WebSite","@id":"https:\/\/kirkensbymisjon.no\/tilbud-primaermedisinsk-verksted\/#website","url":"https:\/\/kirkensbymisjon.no\/tilbud-primaermedisinsk-verksted\/","name":"Prim\u00e6rmedisinsk verksted","description":"","potentialAction":[{"@type":"SearchAction","target":{"@type":"EntryPoint","urlTemplate":"https:\/\/kirkensbymisjon.no\/tilbud-primaermedisinsk-verksted\/?s={search_term_string}"},"query-input":{"@type":"PropertyValueSpecification","valueRequired":true,"valueName":"search_term_string"}}],"inLanguage":"nb-NO"}]}},"_links":{"self":[{"href":"https:\/\/kirkensbymisjon.no\/tilbud-primaermedisinsk-verksted\/wp-json\/wp\/v2\/pages\/13","targetHints":{"allow":["GET"]}}],"collection":[{"href":"https:\/\/kirkensbymisjon.no\/tilbud-primaermedisinsk-verksted\/wp-json\/wp\/v2\/pages"}],"about":[{"href":"https:\/\/kirkensbymisjon.no\/tilbud-primaermedisinsk-verksted\/wp-json\/wp\/v2\/types\/page"}],"author":[{"embeddable":true,"href":"https:\/\/kirkensbymisjon.no\/tilbud-primaermedisinsk-verksted\/wp-json\/wp\/v2\/users\/6"}],"replies":[{"embeddable":true,"href":"https:\/\/kirkensbymisjon.no\/tilbud-primaermedisinsk-verksted\/wp-json\/wp\/v2\/comments?post=13"}],"version-history":[{"count":3,"href":"https:\/\/kirkensbymisjon.no\/tilbud-primaermedisinsk-verksted\/wp-json\/wp\/v2\/pages\/13\/revisions"}],"predecessor-version":[{"id":44,"href":"https:\/\/kirkensbymisjon.no\/tilbud-primaermedisinsk-verksted\/wp-json\/wp\/v2\/pages\/13\/revisions\/44"}],"wp:attachment":[{"href":"https:\/\/kirkensbymisjon.no\/tilbud-primaermedisinsk-verksted\/wp-json\/wp\/v2\/media?parent=13"}],"curies":[{"name":"wp","href":"https:\/\/api.w.org\/{rel}","templated":true}]}}