{"id":15,"date":"2024-07-24T12:32:04","date_gmt":"2024-07-24T10:32:04","guid":{"rendered":"https:\/\/kirkensbymisjon.no\/tilbud-primaermedisinsk-verksted\/?page_id=15"},"modified":"2024-08-14T11:11:15","modified_gmt":"2024-08-14T09:11:15","slug":"bli-frivillig","status":"publish","type":"page","link":"https:\/\/kirkensbymisjon.no\/tilbud-primaermedisinsk-verksted\/bli-frivillig\/","title":{"rendered":"Bli frivillig"},"content":{"rendered":"\n<h2 class=\"wp-block-heading\" id=\"h-vil-du-bidra-som-frivillig\"><strong>Vil du bidra som frivillig?<\/strong><\/h2>\n\n\n\n<p>PMV utdanner frivillige Flerkulturelle Brobyggere som kan bist\u00e5 i klientveiledning og det tverrkulturelle dialogarbeidet ved senteret for\u00f8vrig. Brobyggernes tjenester utgj\u00f8r i dag den organiserte frivilligheten p\u00e5 PMV.<\/p>\n\n\n\n<p><strong>V\u00e5re brobyggere:<\/strong><\/p>\n\n\n\n<ul class=\"wp-block-list\">\n<li>Har gjennomg\u00e5tt et 40-timers kurs for brobyggerrollen.<\/li>\n\n\n\n<li>Har egen erfaring eller god kjennskap til migrasjonsprosessen.<\/li>\n\n\n\n<li>Kan ett eller flere minoritetsspr\u00e5k.<\/li>\n\n\n\n<li>Kjenner godt til det norske sosial- og velferdssystemet.<\/li>\n\n\n\n<li>Kan det viktigste om menneskerettigheter.<\/li>\n\n\n\n<li>Har lyst til \u00e5 hjelpe andre.<\/li>\n\n\n\n<li>G\u00e5r selv i veiledning for videreutvikling av egne ressurser.<\/li>\n<\/ul>\n\n\n\n<p>\u00d8nsker du \u00e5 bli frivillig ved PMV? Kontakt oss for \u00e5 melde deg p\u00e5 et Brobyggerkurs!<\/p>\n","protected":false},"excerpt":{"rendered":"<p>Vil du bidra som frivillig? PMV utdanner frivillige Flerkulturelle Brobyggere som kan bist\u00e5 i klientveiledning&hellip;<\/p>\n","protected":false},"author":6,"featured_media":0,"parent":0,"menu_order":0,"comment_status":"closed","ping_status":"closed","template":"","meta":{"_relevanssi_hide_post":"","_relevanssi_hide_content":"","_relevanssi_pin_for_all":"","_relevanssi_pin_keywords":"","_relevanssi_unpin_keywords":"","_relevanssi_related_keywords":"","_relevanssi_related_include_ids":"","_relevanssi_related_exclude_ids":"","_relevanssi_related_no_append":"","_relevanssi_related_not_related":"","_relevanssi_related_posts":"1","_relevanssi_noindex_reason":"","editor_notices":[],"footnotes":""},"class_list":["post-15","page","type-page","status-publish","hentry"],"yoast_head":"<!-- This site is optimized with the Yoast SEO Premium plugin v27.2 (Yoast SEO v27.4) - https:\/\/yoast.com\/product\/yoast-seo-premium-wordpress\/ -->\n<title>Bli frivillig - Prim\u00e6rmedisinsk verksted<\/title>\n<meta name=\"robots\" content=\"index, follow, max-snippet:-1, max-image-preview:large, max-video-preview:-1\" \/>\n<link rel=\"canonical\" href=\"https:\/\/kirkensbymisjon.no\/tilbud-primaermedisinsk-verksted\/bli-frivillig\/\" \/>\n<meta property=\"og:locale\" content=\"nb_NO\" \/>\n<meta property=\"og:type\" content=\"article\" \/>\n<meta property=\"og:title\" content=\"Bli frivillig\" \/>\n<meta property=\"og:description\" content=\"Vil du bidra som frivillig? PMV utdanner frivillige Flerkulturelle Brobyggere som kan bist\u00e5 i klientveiledning&hellip;\" \/>\n<meta property=\"og:url\" content=\"https:\/\/kirkensbymisjon.no\/tilbud-primaermedisinsk-verksted\/bli-frivillig\/\" \/>\n<meta property=\"og:site_name\" content=\"Prim\u00e6rmedisinsk verksted\" \/>\n<meta property=\"article:modified_time\" content=\"2024-08-14T09:11:15+00:00\" \/>\n<meta name=\"twitter:card\" content=\"summary_large_image\" \/>\n<meta name=\"twitter:label1\" content=\"Ansl. lesetid\" \/>\n\t<meta name=\"twitter:data1\" content=\"1 minutt\" \/>\n<script type=\"application\/ld+json\" class=\"yoast-schema-graph\">{\"@context\":\"https:\\\/\\\/schema.org\",\"@graph\":[{\"@type\":\"WebPage\",\"@id\":\"https:\\\/\\\/kirkensbymisjon.no\\\/tilbud-primaermedisinsk-verksted\\\/bli-frivillig\\\/\",\"url\":\"https:\\\/\\\/kirkensbymisjon.no\\\/tilbud-primaermedisinsk-verksted\\\/bli-frivillig\\\/\",\"name\":\"Bli frivillig - Prim\u00e6rmedisinsk verksted\",\"isPartOf\":{\"@id\":\"https:\\\/\\\/kirkensbymisjon.no\\\/tilbud-primaermedisinsk-verksted\\\/#website\"},\"datePublished\":\"2024-07-24T10:32:04+00:00\",\"dateModified\":\"2024-08-14T09:11:15+00:00\",\"breadcrumb\":{\"@id\":\"https:\\\/\\\/kirkensbymisjon.no\\\/tilbud-primaermedisinsk-verksted\\\/bli-frivillig\\\/#breadcrumb\"},\"inLanguage\":\"nb-NO\",\"potentialAction\":[{\"@type\":\"ReadAction\",\"target\":[\"https:\\\/\\\/kirkensbymisjon.no\\\/tilbud-primaermedisinsk-verksted\\\/bli-frivillig\\\/\"]}]},{\"@type\":\"BreadcrumbList\",\"@id\":\"https:\\\/\\\/kirkensbymisjon.no\\\/tilbud-primaermedisinsk-verksted\\\/bli-frivillig\\\/#breadcrumb\",\"itemListElement\":[{\"@type\":\"ListItem\",\"position\":1,\"name\":\"Hjem\",\"item\":\"https:\\\/\\\/kirkensbymisjon.no\\\/tilbud-primaermedisinsk-verksted\\\/\"},{\"@type\":\"ListItem\",\"position\":2,\"name\":\"Bli frivillig\"}]},{\"@type\":\"WebSite\",\"@id\":\"https:\\\/\\\/kirkensbymisjon.no\\\/tilbud-primaermedisinsk-verksted\\\/#website\",\"url\":\"https:\\\/\\\/kirkensbymisjon.no\\\/tilbud-primaermedisinsk-verksted\\\/\",\"name\":\"Prim\u00e6rmedisinsk verksted\",\"description\":\"\",\"potentialAction\":[{\"@type\":\"SearchAction\",\"target\":{\"@type\":\"EntryPoint\",\"urlTemplate\":\"https:\\\/\\\/kirkensbymisjon.no\\\/tilbud-primaermedisinsk-verksted\\\/?s={search_term_string}\"},\"query-input\":{\"@type\":\"PropertyValueSpecification\",\"valueRequired\":true,\"valueName\":\"search_term_string\"}}],\"inLanguage\":\"nb-NO\"}]}<\/script>\n<!-- \/ Yoast SEO Premium plugin. -->","yoast_head_json":{"title":"Bli frivillig - Prim\u00e6rmedisinsk verksted","robots":{"index":"index","follow":"follow","max-snippet":"max-snippet:-1","max-image-preview":"max-image-preview:large","max-video-preview":"max-video-preview:-1"},"canonical":"https:\/\/kirkensbymisjon.no\/tilbud-primaermedisinsk-verksted\/bli-frivillig\/","og_locale":"nb_NO","og_type":"article","og_title":"Bli frivillig","og_description":"Vil du bidra som frivillig? PMV utdanner frivillige Flerkulturelle Brobyggere som kan bist\u00e5 i klientveiledning&hellip;","og_url":"https:\/\/kirkensbymisjon.no\/tilbud-primaermedisinsk-verksted\/bli-frivillig\/","og_site_name":"Prim\u00e6rmedisinsk verksted","article_modified_time":"2024-08-14T09:11:15+00:00","twitter_card":"summary_large_image","twitter_misc":{"Ansl. lesetid":"1 minutt"},"schema":{"@context":"https:\/\/schema.org","@graph":[{"@type":"WebPage","@id":"https:\/\/kirkensbymisjon.no\/tilbud-primaermedisinsk-verksted\/bli-frivillig\/","url":"https:\/\/kirkensbymisjon.no\/tilbud-primaermedisinsk-verksted\/bli-frivillig\/","name":"Bli frivillig - Prim\u00e6rmedisinsk verksted","isPartOf":{"@id":"https:\/\/kirkensbymisjon.no\/tilbud-primaermedisinsk-verksted\/#website"},"datePublished":"2024-07-24T10:32:04+00:00","dateModified":"2024-08-14T09:11:15+00:00","breadcrumb":{"@id":"https:\/\/kirkensbymisjon.no\/tilbud-primaermedisinsk-verksted\/bli-frivillig\/#breadcrumb"},"inLanguage":"nb-NO","potentialAction":[{"@type":"ReadAction","target":["https:\/\/kirkensbymisjon.no\/tilbud-primaermedisinsk-verksted\/bli-frivillig\/"]}]},{"@type":"BreadcrumbList","@id":"https:\/\/kirkensbymisjon.no\/tilbud-primaermedisinsk-verksted\/bli-frivillig\/#breadcrumb","itemListElement":[{"@type":"ListItem","position":1,"name":"Hjem","item":"https:\/\/kirkensbymisjon.no\/tilbud-primaermedisinsk-verksted\/"},{"@type":"ListItem","position":2,"name":"Bli frivillig"}]},{"@type":"WebSite","@id":"https:\/\/kirkensbymisjon.no\/tilbud-primaermedisinsk-verksted\/#website","url":"https:\/\/kirkensbymisjon.no\/tilbud-primaermedisinsk-verksted\/","name":"Prim\u00e6rmedisinsk verksted","description":"","potentialAction":[{"@type":"SearchAction","target":{"@type":"EntryPoint","urlTemplate":"https:\/\/kirkensbymisjon.no\/tilbud-primaermedisinsk-verksted\/?s={search_term_string}"},"query-input":{"@type":"PropertyValueSpecification","valueRequired":true,"valueName":"search_term_string"}}],"inLanguage":"nb-NO"}]}},"_links":{"self":[{"href":"https:\/\/kirkensbymisjon.no\/tilbud-primaermedisinsk-verksted\/wp-json\/wp\/v2\/pages\/15","targetHints":{"allow":["GET"]}}],"collection":[{"href":"https:\/\/kirkensbymisjon.no\/tilbud-primaermedisinsk-verksted\/wp-json\/wp\/v2\/pages"}],"about":[{"href":"https:\/\/kirkensbymisjon.no\/tilbud-primaermedisinsk-verksted\/wp-json\/wp\/v2\/types\/page"}],"author":[{"embeddable":true,"href":"https:\/\/kirkensbymisjon.no\/tilbud-primaermedisinsk-verksted\/wp-json\/wp\/v2\/users\/6"}],"replies":[{"embeddable":true,"href":"https:\/\/kirkensbymisjon.no\/tilbud-primaermedisinsk-verksted\/wp-json\/wp\/v2\/comments?post=15"}],"version-history":[{"count":2,"href":"https:\/\/kirkensbymisjon.no\/tilbud-primaermedisinsk-verksted\/wp-json\/wp\/v2\/pages\/15\/revisions"}],"predecessor-version":[{"id":40,"href":"https:\/\/kirkensbymisjon.no\/tilbud-primaermedisinsk-verksted\/wp-json\/wp\/v2\/pages\/15\/revisions\/40"}],"wp:attachment":[{"href":"https:\/\/kirkensbymisjon.no\/tilbud-primaermedisinsk-verksted\/wp-json\/wp\/v2\/media?parent=15"}],"curies":[{"name":"wp","href":"https:\/\/api.w.org\/{rel}","templated":true}]}}