{"id":3,"date":"2024-06-27T00:33:37","date_gmt":"2024-06-26T22:33:37","guid":{"rendered":"https:\/\/kirkensbymisjon.no\/tilbud-primaermedisinsk-verksted\/forside\/"},"modified":"2024-09-06T21:04:40","modified_gmt":"2024-09-06T19:04:40","slug":"forside","status":"publish","type":"page","link":"https:\/\/kirkensbymisjon.no\/tilbud-primaermedisinsk-verksted\/","title":{"rendered":"Forside"},"content":{"rendered":"\n<p>V\u00e5re gjester, deltakere og klienter er s\u00e6rlig kvinner, men ogs\u00e5 menn, med innvandrerbakgrunn. Vi \u00f8nsker \u00e5 bli kjent med hverandre gjennom ulike kulturelle og religi\u00f8se kompetanser som alle b\u00e6rer med seg, og vil skape positive aktiviteter, mestring og et st\u00f8rre sosialt nettverk. <\/p>\n\n\n\n<p>V\u00e5r grunntanke er at alle mennesker har noe positivt \u00e5 bidra med, og et av m\u00e5lene v\u00e5re er \u00abempowerment\u00bb. Det betyr at vi \u00f8nsker \u00e5 legge til rette for at den enkelte blir kjent med sine egne ressurser og finner tilbake til mestring og makt i eget liv. Det er viktig for oss at alle stemmer f\u00e5r innpass og blir lyttet til. <\/p>\n\n\n\n<blockquote class=\"wp-block-quote is-layout-flow wp-block-quote-is-layout-flow\">\n<p>Jeg vasker og stryker kjolen min hver s\u00f8ndag, s\u00e5 den er klar til det jeg gleder meg aller mest til hver uke \u2013 PMV-kafeen p\u00e5 mandager. Det er da jeg treffer andre mennesker som jeg kan snakke med. Det gir meg p\u00e5gangsmot og glede for resten av uka.<\/p>\n<cite>Deltaker p\u00e5 v\u00e5r kvinnekaf\u00e9<\/cite><\/blockquote>\n\n\n\t<div class=\"alignwide wp-block-kbm-link-list\">\n\t\t<div class=\"kbm-link-list__items\">\n\t\t\t\n<div class=\"wp-block-kbm-link-list-item\">\t<svg xmlns=\"http:\/\/www.w3.org\/2000\/svg\" viewBox=\"0 0 48 48\" height=\"24\" width=\"24\" class=\"t2-icon t2-icon-cafeactivitycenter\" aria-hidden=\"true\" focusable=\"false\"><path d=\"M7.327 4.126a2.014 2.014 0 0 0-1.065.897L6.04 5.4l-.022 14.16c-.024 15.444-.037 14.942.428 16.566.112.393.398 1.119.635 1.614 1.505 3.15 4.26 5.295 7.799 6.071.626.137 1.109.149 6.12.149 5.007 0 5.494-.012 6.12-.149 4.2-.919 7.34-3.844 8.479-7.899.199-.709.4-1.962.401-2.501 0-.367.011-.386.18-.336 1.492.443 3.284.482 4.42.094a6.22 6.22 0 0 0 2.331-1.43c.975-.926 1.553-1.919 1.893-3.251.174-.682.176-.749.176-7.488 0-6.739-.002-6.806-.176-7.488-.346-1.358-.927-2.34-1.953-3.306-.77-.724-1.91-1.334-2.871-1.536-.798-.168-2.423-.107-3.313.125a17.55 17.55 0 0 1-.66.165c-.015 0-.027-.732-.027-1.626 0-1.897-.067-2.206-.598-2.736-.647-.647.53-.599-14.436-.592-11.357.004-13.372.022-13.639.12m32.568 8.038c.583.284 1.117.84 1.441 1.501l.224.455V27.8l-.214.457c-.301.641-.844 1.194-1.447 1.473-.446.205-.584.23-1.299.228-1.005-.002-1.768-.218-2.262-.641L36 29.028V12.991l.26-.251c.347-.335 1.202-.725 1.786-.816.71-.11 1.285-.035 1.849.24\"\/><\/svg>\t<div class=\"kbm-link-list-item__content\">\n\t\t<p class=\"kbm-link-list-item__title\">Faste sosiale aktiviteter<\/p>\n\t\t\t\t\t<p class=\"kbm-link-list-item__description\">Kvinnekaf\u00e9 hver mandag formiddag, og mannsgruppe hver onsdag og torsdag kveld. I tillegg kan du v\u00e6re med p\u00e5 for eksempel norsk spr\u00e5k-gruppe, korangruppe, ungdomsgruppe, ulike verdidialoggrupper, 55+ gruppe, s\u00f8m- eller fotballgruppe.<\/p>\n\t\t\t<\/div>\n\t<\/div>\n\n<div class=\"wp-block-kbm-link-list-item\">\t<svg xmlns=\"http:\/\/www.w3.org\/2000\/svg\" viewBox=\"0 0 48 48\" height=\"24\" width=\"24\" class=\"t2-icon t2-icon-conversations\" aria-hidden=\"true\" focusable=\"false\"><path d=\"M17.32 3.094c-5.657.702-10.128 3.89-11.592 8.266-.429 1.281-.554 2.15-.503 3.48.091 2.359.84 4.177 2.637 6.4l.194.24-1.547 2.48a1047.26 1047.26 0 0 0-2.025 3.256l-.477.776 2.297-.788c1.263-.433 3.316-1.138 4.562-1.568l2.266-.78.934.293c1.466.46 1.347.473 1.814-.197 2.253-3.232 6.618-5.596 11.23-6.078.871-.091 3.664-.057 4.456.054l.326.046.22-.49c.601-1.341.867-2.55.87-3.964.003-1.161-.111-1.889-.471-3-.548-1.693-1.441-3.086-2.858-4.456-2.194-2.121-5.095-3.478-8.345-3.904-.83-.109-3.313-.15-3.988-.066m9.974 16.986c-4.999.527-9.314 3.225-11.195 7-1.41 2.83-1.427 5.935-.047 8.712 2.876 5.789 10.846 8.631 17.838 6.361l.97-.315 4.51 1.553c2.481.855 4.521 1.543 4.534 1.53.014-.013-.878-1.472-1.981-3.242l-2.005-3.219.429-.53c1.19-1.471 1.904-2.945 2.27-4.685.168-.797.184-2.557.031-3.405-.236-1.313-.826-2.755-1.62-3.96-.612-.929-2.306-2.599-3.308-3.26-1.897-1.254-4.01-2.062-6.32-2.418-.979-.151-3.203-.217-4.106-.122\"\/><\/svg>\t<div class=\"kbm-link-list-item__content\">\n\t\t<p class=\"kbm-link-list-item__title\">Brobygging og empowerment<\/p>\n\t\t\t\t\t<p class=\"kbm-link-list-item__description\">Gjennom dialog i grupper bygger vi bro mellom ulike kulturer, og arbeider for at du skal finne mestring og ressurser i ditt eget liv. Vi snakker om tema som ekteskapstradisjoner, foreldreveiledning og barnevern eller seksuell helse. Deltakerne avgj\u00f8r tema.<\/p>\n\t\t\t<\/div>\n\t<\/div>\n\n<div class=\"wp-block-kbm-link-list-item\">\t<svg xmlns=\"http:\/\/www.w3.org\/2000\/svg\" viewBox=\"0 0 48 48\" height=\"24\" width=\"24\" class=\"t2-icon t2-icon-treatmenthealthcare\" aria-hidden=\"true\" focusable=\"false\"><path d=\"M17.536 4.134c-.558.275-.532-.02-.576 6.48l-.04 5.853-.194.207a1.242 1.242 0 0 1-.48.286c-.177.049-2.434.079-5.91.08-6.211 0-5.954-.021-6.205.509C4.013 17.796 4 18.45 4 24s.013 6.204.131 6.451c.271.572-.033.544 6.487.589l5.858.04.222.222.222.222.04 5.858c.045 6.52.017 6.216.589 6.487.247.118.901.131 6.451.131s6.204-.013 6.451-.131c.572-.271.544.033.589-6.487l.04-5.858.222-.222.222-.222 5.858-.04c6.52-.045 6.216-.017 6.487-.589.118-.247.131-.901.131-6.451s-.013-6.204-.131-6.451c-.251-.53.006-.509-6.205-.509-3.476-.001-5.733-.031-5.91-.08a1.242 1.242 0 0 1-.48-.286l-.194-.207-.04-5.853c-.045-6.516-.017-6.212-.589-6.483-.247-.118-.899-.131-6.463-.129-5.552.001-6.215.015-6.452.132\"\/><\/svg>\t<div class=\"kbm-link-list-item__content\">\n\t\t<p class=\"kbm-link-list-item__title\">Veiledning og helsesjekk<\/p>\n\t\t\t\t\t<p class=\"kbm-link-list-item__description\">Begrepet prim\u00e6rmedisin handler om grunnleggende fysisk og psykososial helse. Vi veileder deg i ulike typer saker hos det norske helse- og velferdssystemet. Vi har egen helses\u00f8ster som gir konsultasjoner og r\u00e5d om hvilke helsetjenester du b\u00f8r opps\u00f8ke.<\/p>\n\t\t\t<\/div>\n\t<\/div>\n\t\t<\/div>\n\t<\/div>\n\t","protected":false},"excerpt":{"rendered":"<p>V\u00e5re gjester, deltakere og klienter er s\u00e6rlig kvinner, men ogs\u00e5 menn, med innvandrerbakgrunn. Vi \u00f8nsker&hellip;<\/p>\n","protected":false},"author":5,"featured_media":6,"parent":0,"menu_order":0,"comment_status":"closed","ping_status":"closed","template":"","meta":{"_relevanssi_hide_post":"","_relevanssi_hide_content":"","_relevanssi_pin_for_all":"","_relevanssi_pin_keywords":"","_relevanssi_unpin_keywords":"","_relevanssi_related_keywords":"","_relevanssi_related_include_ids":"","_relevanssi_related_exclude_ids":"","_relevanssi_related_no_append":"","_relevanssi_related_not_related":"","_relevanssi_related_posts":"1","_relevanssi_noindex_reason":"","editor_notices":[],"footnotes":""},"class_list":["post-3","page","type-page","status-publish","has-post-thumbnail","hentry"],"yoast_head":"<!-- This site is optimized with the Yoast SEO Premium plugin v27.2 (Yoast SEO v27.2) - https:\/\/yoast.com\/product\/yoast-seo-premium-wordpress\/ -->\n<title>Kirkens Bymisjon - Prim\u00e6rmedisinsk verksted<\/title>\n<meta name=\"description\" content=\"Flerkulturelt senter for helse, dialog og utvikling p\u00e5 Gr\u00f8nland i Oslo. Vi st\u00f8tter og veileder mennesker med minoritetsbakgrunn.\" \/>\n<meta name=\"robots\" content=\"index, follow, max-snippet:-1, max-image-preview:large, max-video-preview:-1\" \/>\n<link rel=\"canonical\" href=\"https:\/\/kirkensbymisjon.no\/tilbud-primaermedisinsk-verksted\/\" \/>\n<meta property=\"og:locale\" content=\"nb_NO\" \/>\n<meta property=\"og:type\" content=\"article\" \/>\n<meta property=\"og:title\" content=\"Kirkens Bymisjon - Prim\u00e6rmedisinsk verksted\" \/>\n<meta property=\"og:description\" content=\"Flerkulturelt senter for helse, dialog og utvikling p\u00e5 Gr\u00f8nland i Oslo. Vi st\u00f8tter og veileder mennesker med minoritetsbakgrunn.\" \/>\n<meta property=\"og:url\" content=\"https:\/\/kirkensbymisjon.no\/tilbud-primaermedisinsk-verksted\/\" \/>\n<meta property=\"og:site_name\" content=\"Prim\u00e6rmedisinsk verksted\" \/>\n<meta property=\"article:modified_time\" content=\"2024-09-06T19:04:40+00:00\" \/>\n<meta property=\"og:image\" content=\"https:\/\/kirkensbymisjon.no\/content\/uploads\/sites\/104\/2024\/06\/Tilbud_PMV_01.jpg\" \/>\n\t<meta property=\"og:image:width\" content=\"1631\" \/>\n\t<meta property=\"og:image:height\" content=\"1079\" \/>\n\t<meta property=\"og:image:type\" content=\"image\/jpeg\" \/>\n<meta name=\"twitter:card\" content=\"summary_large_image\" \/>\n<meta name=\"twitter:title\" content=\"Forside\" \/>\n<meta name=\"twitter:label1\" content=\"Ansl. lesetid\" \/>\n\t<meta name=\"twitter:data1\" content=\"1 minutt\" \/>\n<script type=\"application\/ld+json\" class=\"yoast-schema-graph\">{\"@context\":\"https:\/\/schema.org\",\"@graph\":[{\"@type\":\"WebPage\",\"@id\":\"https:\/\/kirkensbymisjon.no\/tilbud-primaermedisinsk-verksted\/\",\"url\":\"https:\/\/kirkensbymisjon.no\/tilbud-primaermedisinsk-verksted\/\",\"name\":\"Kirkens Bymisjon - Prim\u00e6rmedisinsk verksted\",\"isPartOf\":{\"@id\":\"https:\/\/kirkensbymisjon.no\/tilbud-primaermedisinsk-verksted\/#website\"},\"primaryImageOfPage\":{\"@id\":\"https:\/\/kirkensbymisjon.no\/tilbud-primaermedisinsk-verksted\/#primaryimage\"},\"image\":{\"@id\":\"https:\/\/kirkensbymisjon.no\/tilbud-primaermedisinsk-verksted\/#primaryimage\"},\"thumbnailUrl\":\"https:\/\/kirkensbymisjon.no\/content\/uploads\/sites\/104\/2024\/06\/Tilbud_PMV_01.jpg\",\"datePublished\":\"2024-06-26T22:33:37+00:00\",\"dateModified\":\"2024-09-06T19:04:40+00:00\",\"description\":\"Flerkulturelt senter for helse, dialog og utvikling p\u00e5 Gr\u00f8nland i Oslo. Vi st\u00f8tter og veileder mennesker med minoritetsbakgrunn.\",\"breadcrumb\":{\"@id\":\"https:\/\/kirkensbymisjon.no\/tilbud-primaermedisinsk-verksted\/#breadcrumb\"},\"inLanguage\":\"nb-NO\",\"potentialAction\":[{\"@type\":\"ReadAction\",\"target\":[\"https:\/\/kirkensbymisjon.no\/tilbud-primaermedisinsk-verksted\/\"]}]},{\"@type\":\"ImageObject\",\"inLanguage\":\"nb-NO\",\"@id\":\"https:\/\/kirkensbymisjon.no\/tilbud-primaermedisinsk-verksted\/#primaryimage\",\"url\":\"https:\/\/kirkensbymisjon.no\/content\/uploads\/sites\/104\/2024\/06\/Tilbud_PMV_01.jpg\",\"contentUrl\":\"https:\/\/kirkensbymisjon.no\/content\/uploads\/sites\/104\/2024\/06\/Tilbud_PMV_01.jpg\",\"width\":1631,\"height\":1079,\"caption\":\"Kvinner med hijab i bybildet.\"},{\"@type\":\"BreadcrumbList\",\"@id\":\"https:\/\/kirkensbymisjon.no\/tilbud-primaermedisinsk-verksted\/#breadcrumb\",\"itemListElement\":[{\"@type\":\"ListItem\",\"position\":1,\"name\":\"Hjem\",\"item\":\"https:\/\/kirkensbymisjon.no\/tilbud-primaermedisinsk-verksted\/\"},{\"@type\":\"ListItem\",\"position\":2,\"name\":\"Forside\"}]},{\"@type\":\"WebSite\",\"@id\":\"https:\/\/kirkensbymisjon.no\/tilbud-primaermedisinsk-verksted\/#website\",\"url\":\"https:\/\/kirkensbymisjon.no\/tilbud-primaermedisinsk-verksted\/\",\"name\":\"Prim\u00e6rmedisinsk verksted\",\"description\":\"\",\"potentialAction\":[{\"@type\":\"SearchAction\",\"target\":{\"@type\":\"EntryPoint\",\"urlTemplate\":\"https:\/\/kirkensbymisjon.no\/tilbud-primaermedisinsk-verksted\/?s={search_term_string}\"},\"query-input\":{\"@type\":\"PropertyValueSpecification\",\"valueRequired\":true,\"valueName\":\"search_term_string\"}}],\"inLanguage\":\"nb-NO\"}]}<\/script>\n<!-- \/ Yoast SEO Premium plugin. -->","yoast_head_json":{"title":"Kirkens Bymisjon - Prim\u00e6rmedisinsk verksted","description":"Flerkulturelt senter for helse, dialog og utvikling p\u00e5 Gr\u00f8nland i Oslo. Vi st\u00f8tter og veileder mennesker med minoritetsbakgrunn.","robots":{"index":"index","follow":"follow","max-snippet":"max-snippet:-1","max-image-preview":"max-image-preview:large","max-video-preview":"max-video-preview:-1"},"canonical":"https:\/\/kirkensbymisjon.no\/tilbud-primaermedisinsk-verksted\/","og_locale":"nb_NO","og_type":"article","og_title":"Kirkens Bymisjon - Prim\u00e6rmedisinsk verksted","og_description":"Flerkulturelt senter for helse, dialog og utvikling p\u00e5 Gr\u00f8nland i Oslo. Vi st\u00f8tter og veileder mennesker med minoritetsbakgrunn.","og_url":"https:\/\/kirkensbymisjon.no\/tilbud-primaermedisinsk-verksted\/","og_site_name":"Prim\u00e6rmedisinsk verksted","article_modified_time":"2024-09-06T19:04:40+00:00","og_image":[{"width":1631,"height":1079,"url":"https:\/\/kirkensbymisjon.no\/content\/uploads\/sites\/104\/2024\/06\/Tilbud_PMV_01.jpg","type":"image\/jpeg"}],"twitter_card":"summary_large_image","twitter_title":"Forside","twitter_misc":{"Ansl. lesetid":"1 minutt"},"schema":{"@context":"https:\/\/schema.org","@graph":[{"@type":"WebPage","@id":"https:\/\/kirkensbymisjon.no\/tilbud-primaermedisinsk-verksted\/","url":"https:\/\/kirkensbymisjon.no\/tilbud-primaermedisinsk-verksted\/","name":"Kirkens Bymisjon - Prim\u00e6rmedisinsk verksted","isPartOf":{"@id":"https:\/\/kirkensbymisjon.no\/tilbud-primaermedisinsk-verksted\/#website"},"primaryImageOfPage":{"@id":"https:\/\/kirkensbymisjon.no\/tilbud-primaermedisinsk-verksted\/#primaryimage"},"image":{"@id":"https:\/\/kirkensbymisjon.no\/tilbud-primaermedisinsk-verksted\/#primaryimage"},"thumbnailUrl":"https:\/\/kirkensbymisjon.no\/content\/uploads\/sites\/104\/2024\/06\/Tilbud_PMV_01.jpg","datePublished":"2024-06-26T22:33:37+00:00","dateModified":"2024-09-06T19:04:40+00:00","description":"Flerkulturelt senter for helse, dialog og utvikling p\u00e5 Gr\u00f8nland i Oslo. Vi st\u00f8tter og veileder mennesker med minoritetsbakgrunn.","breadcrumb":{"@id":"https:\/\/kirkensbymisjon.no\/tilbud-primaermedisinsk-verksted\/#breadcrumb"},"inLanguage":"nb-NO","potentialAction":[{"@type":"ReadAction","target":["https:\/\/kirkensbymisjon.no\/tilbud-primaermedisinsk-verksted\/"]}]},{"@type":"ImageObject","inLanguage":"nb-NO","@id":"https:\/\/kirkensbymisjon.no\/tilbud-primaermedisinsk-verksted\/#primaryimage","url":"https:\/\/kirkensbymisjon.no\/content\/uploads\/sites\/104\/2024\/06\/Tilbud_PMV_01.jpg","contentUrl":"https:\/\/kirkensbymisjon.no\/content\/uploads\/sites\/104\/2024\/06\/Tilbud_PMV_01.jpg","width":1631,"height":1079,"caption":"Kvinner med hijab i bybildet."},{"@type":"BreadcrumbList","@id":"https:\/\/kirkensbymisjon.no\/tilbud-primaermedisinsk-verksted\/#breadcrumb","itemListElement":[{"@type":"ListItem","position":1,"name":"Hjem","item":"https:\/\/kirkensbymisjon.no\/tilbud-primaermedisinsk-verksted\/"},{"@type":"ListItem","position":2,"name":"Forside"}]},{"@type":"WebSite","@id":"https:\/\/kirkensbymisjon.no\/tilbud-primaermedisinsk-verksted\/#website","url":"https:\/\/kirkensbymisjon.no\/tilbud-primaermedisinsk-verksted\/","name":"Prim\u00e6rmedisinsk verksted","description":"","potentialAction":[{"@type":"SearchAction","target":{"@type":"EntryPoint","urlTemplate":"https:\/\/kirkensbymisjon.no\/tilbud-primaermedisinsk-verksted\/?s={search_term_string}"},"query-input":{"@type":"PropertyValueSpecification","valueRequired":true,"valueName":"search_term_string"}}],"inLanguage":"nb-NO"}]}},"_links":{"self":[{"href":"https:\/\/kirkensbymisjon.no\/tilbud-primaermedisinsk-verksted\/wp-json\/wp\/v2\/pages\/3","targetHints":{"allow":["GET"]}}],"collection":[{"href":"https:\/\/kirkensbymisjon.no\/tilbud-primaermedisinsk-verksted\/wp-json\/wp\/v2\/pages"}],"about":[{"href":"https:\/\/kirkensbymisjon.no\/tilbud-primaermedisinsk-verksted\/wp-json\/wp\/v2\/types\/page"}],"author":[{"embeddable":true,"href":"https:\/\/kirkensbymisjon.no\/tilbud-primaermedisinsk-verksted\/wp-json\/wp\/v2\/users\/5"}],"replies":[{"embeddable":true,"href":"https:\/\/kirkensbymisjon.no\/tilbud-primaermedisinsk-verksted\/wp-json\/wp\/v2\/comments?post=3"}],"version-history":[{"count":5,"href":"https:\/\/kirkensbymisjon.no\/tilbud-primaermedisinsk-verksted\/wp-json\/wp\/v2\/pages\/3\/revisions"}],"predecessor-version":[{"id":66,"href":"https:\/\/kirkensbymisjon.no\/tilbud-primaermedisinsk-verksted\/wp-json\/wp\/v2\/pages\/3\/revisions\/66"}],"wp:featuredmedia":[{"embeddable":true,"href":"https:\/\/kirkensbymisjon.no\/tilbud-primaermedisinsk-verksted\/wp-json\/wp\/v2\/media\/6"}],"wp:attachment":[{"href":"https:\/\/kirkensbymisjon.no\/tilbud-primaermedisinsk-verksted\/wp-json\/wp\/v2\/media?parent=3"}],"curies":[{"name":"wp","href":"https:\/\/api.w.org\/{rel}","templated":true}]}}