{"id":3,"date":"2025-01-31T11:22:49","date_gmt":"2025-01-31T10:22:49","guid":{"rendered":"https:\/\/kirkensbymisjon.no\/tilbud-produksjonskjokkenet\/forside\/"},"modified":"2025-03-12T20:44:35","modified_gmt":"2025-03-12T19:44:35","slug":"forside","status":"publish","type":"page","link":"https:\/\/kirkensbymisjon.no\/tilbud-produksjonskjokken\/","title":{"rendered":"Forside"},"content":{"rendered":"\n<h2 class=\"wp-block-heading\" id=\"h-et-kjokken-som-hindrer-matsvinn-metter-sultne-og-hjelper-unge-ut-i-jobb\"><strong>Et kj\u00f8kken som hindrer matsvinn, metter sultne, og hjelper unge ut i jobb<\/strong><\/h2>\n\n\n\n<p>Til dette kj\u00f8kkenet leverer Matsentralen mat som ellers ville st\u00e5tt i fare for \u00e5 g\u00e5 til spille. P\u00e5 Kirkens Bymisjons kj\u00f8kken koker kokker og unge i arbeidstrening ingrediensene om til gode og n\u00e6ringsrike m\u00e5ltider. Kj\u00f8kkenet er topp moderne, og har kapasitet til \u00e5 produsere hele 4000 porsjonspakker om dagen.<\/p>\n\n\n\t<div class=\"alignwide wp-block-kbm-link-list\">\n\t\t<div class=\"kbm-link-list__items\">\n\t\t\t\n<div class=\"wp-block-kbm-link-list-item\">\t<svg xmlns=\"http:\/\/www.w3.org\/2000\/svg\" viewBox=\"0 0 48 48\" height=\"24\" width=\"24\" class=\"t2-icon t2-icon-foodservice\" aria-hidden=\"true\" focusable=\"false\"><path d=\"M33.876 3.268c-1.698.996-2.874 4.265-3.469 9.652-.321 2.901-.364 4.112-.366 10.36l-.001 6.04.22.374c.403.685 1.115 1.106 1.872 1.106h.344l.022 6.22.022 6.22.185.409c.797 1.76 3.217 1.787 4.072.046L37 43.24V23.96c0-21.203.04-19.614-.504-20.216-.429-.475-.826-.646-1.576-.682-.593-.028-.67-.013-1.044.206m-21.751.847c-.442.163-.696.369-.904.733l-.178.312-.002 7.607c-.001 7.337.005 7.63.159 8.24.458 1.819 1.648 3.264 3.376 4.098l.776.375.024 9 .024 9 .173.32c.383.709 1.104 1.155 1.873 1.158.909.004 1.587-.402 1.969-1.18l.225-.458.022-8.924.021-8.924.625-.292a6.341 6.341 0 0 0 3.61-4.794c.065-.417.084-2.699.067-7.906-.024-7.153-.029-7.326-.185-7.592a1.894 1.894 0 0 0-1.1-.821c-.713-.188-1.53.189-1.827.844-.142.313-.15.67-.151 7.554-.001 5.161-.028 7.275-.091 7.4-.259.505-.885.614-1.277.221l-.234-.234-.002-7.266c-.001-6.855-.01-7.284-.147-7.587a1.611 1.611 0 0 0-2.622-.489c-.194.194-.367.463-.419.65-.062.223-.089 2.489-.09 7.506v7.186l-.234.234a.851.851 0 0 1-.978.148c-.392-.21-.388-.13-.388-7.835 0-6.913-.006-7.217-.151-7.502a1.788 1.788 0 0 0-.3-.427c-.447-.392-1.155-.543-1.664-.355\"\/><\/svg>\t<div class=\"kbm-link-list-item__content\">\n\t\t<p class=\"kbm-link-list-item__title\">Mat til de som trenger det<\/p>\n\t\t\t\t\t<p class=\"kbm-link-list-item__description\">Hele 880\u202f000 n\u00e6ringsrike m\u00e5ltider \u00e5rlig vil deles ut via Matsentralen til ideelle organisasjoner langs hele Vestlandet, fra Bergen i nord til Kristiansand i s\u00f8r.\u00a0<\/p>\n\t\t\t<\/div>\n\t<\/div>\n\n<div class=\"wp-block-kbm-link-list-item\">\t<svg xmlns=\"http:\/\/www.w3.org\/2000\/svg\" viewBox=\"0 0 48 48\" height=\"24\" width=\"24\" class=\"t2-icon t2-icon-child\" aria-hidden=\"true\" focusable=\"false\"><path d=\"M22.48 4.083a22.9 22.9 0 0 0-3.643.637c-4.782 1.215-9.055 4.091-11.768 7.92-1.339 1.89-2.379 4.2-2.87 6.374-.107.471-.174.877-.15.902.087.087 4.165.035 4.951-.064 3.552-.445 6.287-1.242 9.377-2.733 5.019-2.422 9.062-6.008 11.68-10.359.454-.755.903-1.587.903-1.674 0-.134-2.46-.708-3.8-.887-1.157-.154-3.632-.216-4.68-.116m10.334 2.053c-.147.277-.484 1.442-.611 2.11-.603 3.166.272 6.614 2.33 9.186 2.143 2.678 5.219 4.283 8.691 4.534l.785.057-.052-.432c-.466-3.924-1.689-6.961-4.022-9.991-.725-.941-2.455-2.645-3.418-3.367a23.81 23.81 0 0 0-2.932-1.863c-.637-.346-.702-.366-.771-.234m-3.385 4.556c-1.996 2.789-4.882 5.435-7.847 7.195-4.513 2.679-9.686 4.12-15.89 4.426-.852.042-1.572.1-1.6.129-.112.112-.04 3.203.098 4.158.331 2.31.953 4.278 2.007 6.346 2.145 4.213 5.559 7.445 9.883 9.359 4.618 2.043 9.756 2.228 14.6.527 1.926-.677 4.461-2.119 6.03-3.43 4.305-3.6 6.941-8.865 7.258-14.502.03-.539.033-.98.007-.98-.026 0-.468-.055-.982-.123-5.668-.743-9.68-3.183-11.634-7.077-.427-.851-.977-2.522-1.158-3.52a23.852 23.852 0 0 1-.23-1.948l-.091-1.189-.451.629M18.84 24.141c.429.222.955.777 1.154 1.219.109.242.163.531.163.88.002.688-.238 1.202-.794 1.702-.971.873-2.304.78-3.187-.223-.556-.631-.715-1.441-.442-2.245.173-.508.883-1.235 1.386-1.419.48-.176 1.292-.135 1.72.086m13.058.008c1.112.567 1.642 1.95 1.146 2.99-.701 1.47-2.463 1.834-3.656.756-.496-.448-.708-.942-.708-1.655 0-.516.033-.66.237-1.028.284-.513.811-.997 1.269-1.166.459-.169 1.275-.121 1.712.103\"\/><\/svg>\t<div class=\"kbm-link-list-item__content\">\n\t\t<p class=\"kbm-link-list-item__title\">Arbeidstrening<\/p>\n\t\t\t\t\t<p class=\"kbm-link-list-item__description\">Unge uf\u00f8re f\u00e5r verdifull erfaring gjennom arbeidstrening, som gir dem et viktig steg mot ordin\u00e6rt arbeidsliv. De f\u00e5r mulighet til \u00e5 spesialisere seg p\u00e5 ulike deler av produksjonen.<\/p>\n\t\t\t<\/div>\n\t<\/div>\n\n<div class=\"wp-block-kbm-link-list-item\">\t<svg xmlns=\"http:\/\/www.w3.org\/2000\/svg\" viewBox=\"0 0 48 48\" height=\"24\" width=\"24\" class=\"t2-icon t2-icon-eco\" aria-hidden=\"true\" focusable=\"false\"><path d=\"M35.08 6.091c-2.869.362-5.372 1.869-6.939 4.177-.789 1.162-1.373 2.843-1.325 3.811l.024.474.48-.306c3.121-1.986 7.201-3.356 12.16-4.082.616-.09 1.246-.159 1.4-.153.267.011.269.013.04.044-.132.018-.87.158-1.64.31-4.457.885-7.798 2.205-10.128 4.004-1.139.879-1.754 1.674-2.518 3.258-.831 1.723-1.141 2.909-1.873 7.172-.349 2.031-.698 3.68-.779 3.68-.034 0-.062-.031-.062-.07 0-.038-.088-.497-.197-1.02-.108-.522-.324-1.677-.481-2.565-.346-1.963-.581-2.802-1.05-3.745-1.562-3.139-4.348-5.186-9.312-6.843-1.801-.602-4.247-1.213-6.16-1.541-.559-.096.403-.044 1.293.07 4.833.618 9.276 2.043 12.426 3.987.69.426.721.437.782.273.081-.22-.066-1.297-.264-1.933A8.677 8.677 0 0 0 20.5 14c-1.268-2.508-3.46-4.254-6.248-4.976-.786-.204-1.133-.248-2.212-.283-2.049-.064-3.777.265-6.6 1.259-3.312 1.166-3.896 1.34-4.981 1.481l-.382.049.416.313c.873.655 1.813 1.532 3.325 3.102 2.317 2.404 3.555 3.375 5.729 4.496 1.644.847 3.154 1.397 4.373 1.594.743.12 2.106.102 2.758-.036.648-.137 1.576-.558 2.137-.97.216-.158.405-.275.419-.259.015.017.191.336.392.71.694 1.293 1.51 3.505 1.974 5.35.36 1.429.867 4.29.777 4.38-.019.019-.356.086-.748.15-1.559.252-3.036.812-4.522 1.715-2.588 1.573-4.68 4.003-5.495 6.383-.197.577-.412 1.732-.412 2.218 0 .99.696 1.825 2.087 2.504 1.61.786 3.439 1.244 6.368 1.595 1.707.204 6.983.204 8.69 0 3.907-.468 6.492-1.304 7.695-2.488.753-.743.88-1.259.643-2.617-.222-1.267-.711-2.409-1.589-3.71-.593-.878-2.308-2.612-3.214-3.25-1.795-1.264-3.631-2.047-5.509-2.35-.392-.064-.728-.13-.745-.147-.05-.05.35-2.603.66-4.213.554-2.877 1.23-5.393 1.997-7.431.238-.633.452-1.17.475-1.194.023-.023.204.074.402.217 1.524 1.094 3.714 1.264 6.181.479 2.284-.727 4.844-2.119 6.539-3.556.352-.298 1.473-1.392 2.491-2.43 1.019-1.038 2.232-2.193 2.697-2.566l.846-.679-.537-.06c-.723-.081-1.555-.326-3.728-1.096a80.54 80.54 0 0 0-2.739-.925c-2.163-.656-4.136-.882-5.83-.668m6.38 3.882a.311.311 0 0 1-.2 0c-.055-.022-.01-.04.1-.04s.155.018.1.04\"\/><\/svg>\t<div class=\"kbm-link-list-item__content\">\n\t\t<p class=\"kbm-link-list-item__title\">Reduserer matsvinn<\/p>\n\t\t\t\t\t<p class=\"kbm-link-list-item__description\">440 tonn mat som ellers ville g\u00e5tt i s\u00f8ppelet blir n\u00e5 til noe godt \u2013 det tilsvarer vekten av fire bl\u00e5hvaler!<\/p>\n\t\t\t<\/div>\n\t<\/div>\n\t\t<\/div>\n\t<\/div>\n\t\n\n\n<div class=\"wp-block-media-text alignwide is-stacked-on-mobile is-style-filled\"><figure class=\"wp-block-media-text__media\"><img loading=\"lazy\" decoding=\"async\" width=\"1024\" height=\"684\" src=\"https:\/\/kirkensbymisjon.no\/content\/uploads\/sites\/171\/2025\/01\/Tilbud_Produksjonskjokkenet_02-1024x684.jpg\" alt=\"\" class=\"wp-image-14 size-full\" srcset=\"https:\/\/kirkensbymisjon.no\/content\/uploads\/sites\/171\/2025\/01\/Tilbud_Produksjonskjokkenet_02-1024x684.jpg 1024w, https:\/\/kirkensbymisjon.no\/content\/uploads\/sites\/171\/2025\/01\/Tilbud_Produksjonskjokkenet_02-300x200.jpg 300w, https:\/\/kirkensbymisjon.no\/content\/uploads\/sites\/171\/2025\/01\/Tilbud_Produksjonskjokkenet_02-768x513.jpg 768w, https:\/\/kirkensbymisjon.no\/content\/uploads\/sites\/171\/2025\/01\/Tilbud_Produksjonskjokkenet_02-1536x1027.jpg 1536w, https:\/\/kirkensbymisjon.no\/content\/uploads\/sites\/171\/2025\/01\/Tilbud_Produksjonskjokkenet_02.jpg 1616w\" sizes=\"auto, (max-width: 1024px) 100vw, 1024px\" \/><\/figure><div class=\"wp-block-media-text__content\">\n<h2 class=\"wp-block-heading\" id=\"h-baerekraftige-maltider-fra-overskuddsmat\">B\u00e6rekraftige m\u00e5ltider fra overskuddsmat<\/h2>\n\n\n\n<p>Matsentralen mottar overskuddsmat fra flere bedrifter i Norge. Noen ganger mottar de s\u00e5 store mengder at det ikke er mulig \u00e5 dele ut matposer til ideelle organisasjoner. Det kan for eksempel v\u00e6re snakk om 1200 kg kj\u00f8tt fra kje, 450 kg fisk eller 800 kg kalkun. Denne maten g\u00e5r n\u00e5 til produksjonskj\u00f8kkenet, som omdanner dette til n\u00e6ringsrike m\u00e5ltider i porsjonspakker som enkelt kan varmes opp i mikrob\u00f8lgeovnen!<\/p>\n<\/div><\/div>\n\n\n\n<div class=\"wp-block-media-text alignwide has-media-on-the-right is-stacked-on-mobile is-style-filled\"><div class=\"wp-block-media-text__content\">\n<h2 class=\"wp-block-heading\" id=\"h-produksjonskjokkenet-har-en-todelt-malgruppe\">Produksjonskj\u00f8kkenet har en todelt m\u00e5lgruppe<\/h2>\n\n\n\n<p>Vi er et arbeidsinkluderingstiltak for unge voksne som ikke er i ordin\u00e6rt utdannings- eller arbeidsforl\u00f8p. <\/p>\n\n\n\n<p>Samtidig er menneskene som mottar porsjonsm\u00e5ltidene en viktig m\u00e5lgruppe for oss. Dette inkluderer, men er ikke begrenset til: lavinntekstfamilier, uf\u00f8retrygdede, kronisk syke, rusavhengige og andre som ikke har tilgang p\u00e5 kj\u00f8kkenfasiliteter eller overskudd til \u00e5 lage mat.<\/p>\n<\/div><figure class=\"wp-block-media-text__media\"><img loading=\"lazy\" decoding=\"async\" width=\"1024\" height=\"685\" src=\"https:\/\/kirkensbymisjon.no\/content\/uploads\/sites\/171\/2025\/01\/Tilbud_Produksjonskjokkenet_03-1024x685.jpg\" alt=\"\" class=\"wp-image-15 size-full\" srcset=\"https:\/\/kirkensbymisjon.no\/content\/uploads\/sites\/171\/2025\/01\/Tilbud_Produksjonskjokkenet_03-1024x685.jpg 1024w, https:\/\/kirkensbymisjon.no\/content\/uploads\/sites\/171\/2025\/01\/Tilbud_Produksjonskjokkenet_03-300x201.jpg 300w, https:\/\/kirkensbymisjon.no\/content\/uploads\/sites\/171\/2025\/01\/Tilbud_Produksjonskjokkenet_03-768x514.jpg 768w, https:\/\/kirkensbymisjon.no\/content\/uploads\/sites\/171\/2025\/01\/Tilbud_Produksjonskjokkenet_03.jpg 1476w\" sizes=\"auto, (max-width: 1024px) 100vw, 1024px\" \/><\/figure><\/div>\n\n\n\n<h2 class=\"wp-block-heading\" id=\"samarbeidspartnere\">Samarbeidspartnere<\/h2>\n\n\n\n<p>Produksjonskj\u00f8kkenet i Sandnes er muliggjort av midler fra <a href=\"https:\/\/www.norgesgruppen.no\/barekraft\/barekraft-i-norgesgruppen\/barekraftsfond\/om-handle-norgesgruppens-baerekraftsfond\/\"><strong>HANDLE \u2013 NorgesGruppens b\u00e6rekraftsfond<\/strong><\/a>, og er et samskapingsprosjekt mellom <strong>Kirkens Bymisjon<\/strong> og <a href=\"https:\/\/www.matsentralen.no\/\"><strong>Matsentralen<\/strong><\/a>. Matsentralen bidrar med store kvanta overskuddsmat inn til produksjonskj\u00f8kkenet. Produksjonskj\u00f8kkenet er heleid av Kirkens Bymisjon. Vi leverer ferdigproduserte porsjonspakker med n\u00e6ringsrik mat tilbake til Matsentralen. Porsjonsm\u00e5ltidene deles ut til ideelle organisasjoner i Rogaland, Vestland og Agder.<\/p>\n\n\n\n<h3 class=\"wp-block-heading\" id=\"h-andre-sentrale-samarbeidspartnere\"><strong>Andre sentrale samarbeidspartnere:<\/strong><\/h3>\n\n\n\n<ul class=\"wp-block-list\">\n<li><a href=\"https:\/\/eur02.safelinks.protection.outlook.com\/?url=https%3A%2F%2Fkavlifondet.no%2F%3Fgad_source%3D1%26gclid%3DCjwKCAiAt4C-BhBcEiwA8Kp0Ccu2v_mO8orc3RHD_MccglYXtaxy0A11USwyxQC0YsWYez6-XeSb5xoC8KsQAvD_BwE&amp;data=05%7C02%7Cnett%40bymisjon.no%7C502f7c334fec4a5bc14d08dd5b21dd11%7C02202e82b2884acb8b0a7f8404a47cdb%7C1%7C0%7C638766923174802859%7CUnknown%7CTWFpbGZsb3d8eyJFbXB0eU1hcGkiOnRydWUsIlYiOiIwLjAuMDAwMCIsIlAiOiJXaW4zMiIsIkFOIjoiTWFpbCIsIldUIjoyfQ%3D%3D%7C0%7C%7C%7C&amp;sdata=6ATZgk5UWYm3vWxUc6P7U9XTufsP7sg7msyMXIkBBOM%3D&amp;reserved=0\" target=\"_blank\" rel=\"noreferrer noopener\"><strong>Kavlifondet<\/strong><\/a><br>Stiftelsen Kavlifondet eier hele Kavlikonsernet, med&nbsp;<a href=\"http:\/\/kavli.no\/\">Kavli<\/a>&nbsp;og&nbsp;<a href=\"http:\/\/www.qmeieriene.no\/\">Q-Meieriene<\/a>&nbsp;i Norge. M\u00e5let med Kavlifondets tildelinger er \u00e5 skape ringvirkninger i folks liv, lokalsamfunn, og i storsamfunnet.<\/li>\n\n\n\n<li><a href=\"https:\/\/www.spv.no\/\" target=\"_blank\" rel=\"noreferrer noopener\"><strong>Sparebanken Vest<\/strong><\/a><br>Vestlandets Sparebank i 200 \u00e5r. Opptatt av \u00e5 st\u00f8tte sm\u00e5 og store prosjekter som gj\u00f8r Vestlandet enda litt bedre.<\/li>\n\n\n\n<li><a href=\"https:\/\/eur02.safelinks.protection.outlook.com\/?url=https%3A%2F%2Fboskalis.com%2F&amp;data=05%7C02%7Cnett%40bymisjon.no%7C502f7c334fec4a5bc14d08dd5b21dd11%7C02202e82b2884acb8b0a7f8404a47cdb%7C1%7C0%7C638766923174837941%7CUnknown%7CTWFpbGZsb3d8eyJFbXB0eU1hcGkiOnRydWUsIlYiOiIwLjAuMDAwMCIsIlAiOiJXaW4zMiIsIkFOIjoiTWFpbCIsIldUIjoyfQ%3D%3D%7C0%7C%7C%7C&amp;sdata=K6x5URshMzqaPEKv3AKQsNwG1T%2BpdSyjy%2FfEJxP68FE%3D&amp;reserved=0\" target=\"_blank\" rel=\"noreferrer noopener\"><strong>Boskalis<\/strong><\/a><br>Verdensledende bedrift innenfor maritime l\u00f8sninger, olje- og energimarkedet og infrastruktur. Boskalis er opprinnelig fra Nederland, men operer i dag i over 90 land. Boskalis er opptatt av inkludering og \u00e5 gi folk en sjanse.<\/li>\n<\/ul>\n","protected":false},"excerpt":{"rendered":"<p>Et kj\u00f8kken som hindrer matsvinn, metter sultne, og hjelper unge ut i jobb Til dette&hellip;<\/p>\n","protected":false},"author":4,"featured_media":5,"parent":0,"menu_order":0,"comment_status":"closed","ping_status":"closed","template":"","meta":{"_relevanssi_hide_post":"","_relevanssi_hide_content":"","_relevanssi_pin_for_all":"","_relevanssi_pin_keywords":"","_relevanssi_unpin_keywords":"","_relevanssi_related_keywords":"","_relevanssi_related_include_ids":"","_relevanssi_related_exclude_ids":"","_relevanssi_related_no_append":"","_relevanssi_related_not_related":"","_relevanssi_related_posts":"1","_relevanssi_noindex_reason":"","editor_notices":[],"footnotes":""},"class_list":["post-3","page","type-page","status-publish","has-post-thumbnail","hentry"],"yoast_head":"<!-- This site is optimized with the Yoast SEO Premium plugin v27.2 (Yoast SEO v27.2) - https:\/\/yoast.com\/product\/yoast-seo-premium-wordpress\/ -->\n<title>Kirkens Bymisjon - Produksjonskj\u00f8kken<\/title>\n<meta name=\"description\" content=\"Vi produserer n\u00e6ringsrike porsjonsm\u00e5ltider av overskuddsmat, og er en arena for arbeidsinkludering for unge voksne.\" \/>\n<meta name=\"robots\" content=\"index, follow, max-snippet:-1, max-image-preview:large, max-video-preview:-1\" \/>\n<link rel=\"canonical\" href=\"https:\/\/kirkensbymisjon.no\/tilbud-produksjonskjokken\/\" \/>\n<meta property=\"og:locale\" content=\"en_US\" \/>\n<meta property=\"og:type\" content=\"article\" \/>\n<meta property=\"og:title\" content=\"Kirkens Bymisjon - Produksjonskj\u00f8kken\" \/>\n<meta property=\"og:description\" content=\"Vi produserer n\u00e6ringsrike porsjonsm\u00e5ltider av overskuddsmat, og er en arena for arbeidsinkludering for unge voksne.\" \/>\n<meta property=\"og:url\" content=\"https:\/\/kirkensbymisjon.no\/tilbud-produksjonskjokken\/\" \/>\n<meta property=\"og:site_name\" content=\"Produksjonskj\u00f8kken\" \/>\n<meta property=\"article:modified_time\" content=\"2025-03-12T19:44:35+00:00\" \/>\n<meta property=\"og:image\" content=\"https:\/\/kirkensbymisjon.no\/content\/uploads\/sites\/171\/2025\/01\/Tilbud_Produksjonskjokkenet_01.jpg\" \/>\n\t<meta property=\"og:image:width\" content=\"1449\" \/>\n\t<meta property=\"og:image:height\" content=\"968\" \/>\n\t<meta property=\"og:image:type\" content=\"image\/jpeg\" \/>\n<meta name=\"twitter:card\" content=\"summary_large_image\" \/>\n<meta name=\"twitter:title\" content=\"Forside\" \/>\n<meta name=\"twitter:label1\" content=\"Est. reading time\" \/>\n\t<meta name=\"twitter:data1\" content=\"3 minutes\" \/>\n<script type=\"application\/ld+json\" class=\"yoast-schema-graph\">{\"@context\":\"https:\/\/schema.org\",\"@graph\":[{\"@type\":\"WebPage\",\"@id\":\"https:\/\/kirkensbymisjon.no\/tilbud-produksjonskjokken\/\",\"url\":\"https:\/\/kirkensbymisjon.no\/tilbud-produksjonskjokken\/\",\"name\":\"Kirkens Bymisjon - Produksjonskj\u00f8kken\",\"isPartOf\":{\"@id\":\"https:\/\/kirkensbymisjon.no\/tilbud-produksjonskjokken\/#website\"},\"primaryImageOfPage\":{\"@id\":\"https:\/\/kirkensbymisjon.no\/tilbud-produksjonskjokken\/#primaryimage\"},\"image\":{\"@id\":\"https:\/\/kirkensbymisjon.no\/tilbud-produksjonskjokken\/#primaryimage\"},\"thumbnailUrl\":\"https:\/\/kirkensbymisjon.no\/content\/uploads\/sites\/171\/2025\/01\/Tilbud_Produksjonskjokkenet_01.jpg\",\"datePublished\":\"2025-01-31T10:22:49+00:00\",\"dateModified\":\"2025-03-12T19:44:35+00:00\",\"description\":\"Vi produserer n\u00e6ringsrike porsjonsm\u00e5ltider av overskuddsmat, og er en arena for arbeidsinkludering for unge voksne.\",\"breadcrumb\":{\"@id\":\"https:\/\/kirkensbymisjon.no\/tilbud-produksjonskjokken\/#breadcrumb\"},\"inLanguage\":\"en-US\",\"potentialAction\":[{\"@type\":\"ReadAction\",\"target\":[\"https:\/\/kirkensbymisjon.no\/tilbud-produksjonskjokken\/\"]}]},{\"@type\":\"ImageObject\",\"inLanguage\":\"en-US\",\"@id\":\"https:\/\/kirkensbymisjon.no\/tilbud-produksjonskjokken\/#primaryimage\",\"url\":\"https:\/\/kirkensbymisjon.no\/content\/uploads\/sites\/171\/2025\/01\/Tilbud_Produksjonskjokkenet_01.jpg\",\"contentUrl\":\"https:\/\/kirkensbymisjon.no\/content\/uploads\/sites\/171\/2025\/01\/Tilbud_Produksjonskjokkenet_01.jpg\",\"width\":1449,\"height\":968,\"caption\":\"To kokker holder fram mat\"},{\"@type\":\"BreadcrumbList\",\"@id\":\"https:\/\/kirkensbymisjon.no\/tilbud-produksjonskjokken\/#breadcrumb\",\"itemListElement\":[{\"@type\":\"ListItem\",\"position\":1,\"name\":\"Hjem\",\"item\":\"https:\/\/kirkensbymisjon.no\/tilbud-produksjonskjokken\/\"},{\"@type\":\"ListItem\",\"position\":2,\"name\":\"Forside\"}]},{\"@type\":\"WebSite\",\"@id\":\"https:\/\/kirkensbymisjon.no\/tilbud-produksjonskjokken\/#website\",\"url\":\"https:\/\/kirkensbymisjon.no\/tilbud-produksjonskjokken\/\",\"name\":\"Produksjonskj\u00f8kken\",\"description\":\"\",\"potentialAction\":[{\"@type\":\"SearchAction\",\"target\":{\"@type\":\"EntryPoint\",\"urlTemplate\":\"https:\/\/kirkensbymisjon.no\/tilbud-produksjonskjokken\/?s={search_term_string}\"},\"query-input\":{\"@type\":\"PropertyValueSpecification\",\"valueRequired\":true,\"valueName\":\"search_term_string\"}}],\"inLanguage\":\"en-US\"}]}<\/script>\n<!-- \/ Yoast SEO Premium plugin. -->","yoast_head_json":{"title":"Kirkens Bymisjon - Produksjonskj\u00f8kken","description":"Vi produserer n\u00e6ringsrike porsjonsm\u00e5ltider av overskuddsmat, og er en arena for arbeidsinkludering for unge voksne.","robots":{"index":"index","follow":"follow","max-snippet":"max-snippet:-1","max-image-preview":"max-image-preview:large","max-video-preview":"max-video-preview:-1"},"canonical":"https:\/\/kirkensbymisjon.no\/tilbud-produksjonskjokken\/","og_locale":"en_US","og_type":"article","og_title":"Kirkens Bymisjon - Produksjonskj\u00f8kken","og_description":"Vi produserer n\u00e6ringsrike porsjonsm\u00e5ltider av overskuddsmat, og er en arena for arbeidsinkludering for unge voksne.","og_url":"https:\/\/kirkensbymisjon.no\/tilbud-produksjonskjokken\/","og_site_name":"Produksjonskj\u00f8kken","article_modified_time":"2025-03-12T19:44:35+00:00","og_image":[{"width":1449,"height":968,"url":"https:\/\/kirkensbymisjon.no\/content\/uploads\/sites\/171\/2025\/01\/Tilbud_Produksjonskjokkenet_01.jpg","type":"image\/jpeg"}],"twitter_card":"summary_large_image","twitter_title":"Forside","twitter_misc":{"Est. reading time":"3 minutes"},"schema":{"@context":"https:\/\/schema.org","@graph":[{"@type":"WebPage","@id":"https:\/\/kirkensbymisjon.no\/tilbud-produksjonskjokken\/","url":"https:\/\/kirkensbymisjon.no\/tilbud-produksjonskjokken\/","name":"Kirkens Bymisjon - Produksjonskj\u00f8kken","isPartOf":{"@id":"https:\/\/kirkensbymisjon.no\/tilbud-produksjonskjokken\/#website"},"primaryImageOfPage":{"@id":"https:\/\/kirkensbymisjon.no\/tilbud-produksjonskjokken\/#primaryimage"},"image":{"@id":"https:\/\/kirkensbymisjon.no\/tilbud-produksjonskjokken\/#primaryimage"},"thumbnailUrl":"https:\/\/kirkensbymisjon.no\/content\/uploads\/sites\/171\/2025\/01\/Tilbud_Produksjonskjokkenet_01.jpg","datePublished":"2025-01-31T10:22:49+00:00","dateModified":"2025-03-12T19:44:35+00:00","description":"Vi produserer n\u00e6ringsrike porsjonsm\u00e5ltider av overskuddsmat, og er en arena for arbeidsinkludering for unge voksne.","breadcrumb":{"@id":"https:\/\/kirkensbymisjon.no\/tilbud-produksjonskjokken\/#breadcrumb"},"inLanguage":"en-US","potentialAction":[{"@type":"ReadAction","target":["https:\/\/kirkensbymisjon.no\/tilbud-produksjonskjokken\/"]}]},{"@type":"ImageObject","inLanguage":"en-US","@id":"https:\/\/kirkensbymisjon.no\/tilbud-produksjonskjokken\/#primaryimage","url":"https:\/\/kirkensbymisjon.no\/content\/uploads\/sites\/171\/2025\/01\/Tilbud_Produksjonskjokkenet_01.jpg","contentUrl":"https:\/\/kirkensbymisjon.no\/content\/uploads\/sites\/171\/2025\/01\/Tilbud_Produksjonskjokkenet_01.jpg","width":1449,"height":968,"caption":"To kokker holder fram mat"},{"@type":"BreadcrumbList","@id":"https:\/\/kirkensbymisjon.no\/tilbud-produksjonskjokken\/#breadcrumb","itemListElement":[{"@type":"ListItem","position":1,"name":"Hjem","item":"https:\/\/kirkensbymisjon.no\/tilbud-produksjonskjokken\/"},{"@type":"ListItem","position":2,"name":"Forside"}]},{"@type":"WebSite","@id":"https:\/\/kirkensbymisjon.no\/tilbud-produksjonskjokken\/#website","url":"https:\/\/kirkensbymisjon.no\/tilbud-produksjonskjokken\/","name":"Produksjonskj\u00f8kken","description":"","potentialAction":[{"@type":"SearchAction","target":{"@type":"EntryPoint","urlTemplate":"https:\/\/kirkensbymisjon.no\/tilbud-produksjonskjokken\/?s={search_term_string}"},"query-input":{"@type":"PropertyValueSpecification","valueRequired":true,"valueName":"search_term_string"}}],"inLanguage":"en-US"}]}},"_links":{"self":[{"href":"https:\/\/kirkensbymisjon.no\/tilbud-produksjonskjokken\/wp-json\/wp\/v2\/pages\/3","targetHints":{"allow":["GET"]}}],"collection":[{"href":"https:\/\/kirkensbymisjon.no\/tilbud-produksjonskjokken\/wp-json\/wp\/v2\/pages"}],"about":[{"href":"https:\/\/kirkensbymisjon.no\/tilbud-produksjonskjokken\/wp-json\/wp\/v2\/types\/page"}],"author":[{"embeddable":true,"href":"https:\/\/kirkensbymisjon.no\/tilbud-produksjonskjokken\/wp-json\/wp\/v2\/users\/4"}],"replies":[{"embeddable":true,"href":"https:\/\/kirkensbymisjon.no\/tilbud-produksjonskjokken\/wp-json\/wp\/v2\/comments?post=3"}],"version-history":[{"count":5,"href":"https:\/\/kirkensbymisjon.no\/tilbud-produksjonskjokken\/wp-json\/wp\/v2\/pages\/3\/revisions"}],"predecessor-version":[{"id":34,"href":"https:\/\/kirkensbymisjon.no\/tilbud-produksjonskjokken\/wp-json\/wp\/v2\/pages\/3\/revisions\/34"}],"wp:featuredmedia":[{"embeddable":true,"href":"https:\/\/kirkensbymisjon.no\/tilbud-produksjonskjokken\/wp-json\/wp\/v2\/media\/5"}],"wp:attachment":[{"href":"https:\/\/kirkensbymisjon.no\/tilbud-produksjonskjokken\/wp-json\/wp\/v2\/media?parent=3"}],"curies":[{"name":"wp","href":"https:\/\/api.w.org\/{rel}","templated":true}]}}