{"id":13,"date":"2024-08-14T22:38:15","date_gmt":"2024-08-14T20:38:15","guid":{"rendered":"https:\/\/kirkensbymisjon.no\/tilbud-ren-by\/?page_id=13"},"modified":"2024-10-19T17:35:24","modified_gmt":"2024-10-19T15:35:24","slug":"om-ren-by","status":"publish","type":"page","link":"https:\/\/kirkensbymisjon.no\/tilbud-ren-by\/om-ren-by\/","title":{"rendered":"Om Ren by"},"content":{"rendered":"\n<p>Hovedoppgaven v\u00e5r er \u00e5 plukke \u00abherrel\u00f8st\u00bb s\u00f8ppel fra byens gater og fortau slik at Bod\u00f8 kan bli Norges reneste by! <br>Arbeidet utf\u00f8res av arbeidere ved <a href=\"\/tilbud-i-jobb\/\">I jobb<\/a>.<\/p>\n\n\n\n<p>Prosjektet er et spleiselag mellom byens befolkning og n\u00e6ringsliv gjennom en abonnementsordning. Som abonnent bidrar du med et \u00e5rlig bel\u00f8p som g\u00e5r til honorar til v\u00e5re arbeidere og til n\u00f8dvendig utstyr for \u00e5 utf\u00f8re jobben.<\/p>\n\n\n\n<h2 class=\"wp-block-heading\"><strong>V\u00e5rt m\u00e5l&nbsp;<\/strong><\/h2>\n\n\n\n<p>Vi vil at Bod\u00f8 skal fremst\u00e5 som Norges reneste by!&nbsp;Vi bidrar til at byens beboere f\u00e5r en mer bevisst holdning og adferd i forhold til eget n\u00e6rmilj\u00f8 og fors\u00f8pling. Arbeidet skal samtidig gi en mulighet til en forutsigbar og meningsfylt hverdag til alle arbeidere i prosjektet.<\/p>\n\n\n\n<h2 class=\"wp-block-heading\" id=\"h-vi-tilbyr\">Vi tilbyr<\/h2>\n\n\n<div class=\"t2-accordion wp-block-t2-accordion\" data-allow-multiple=\"1\" role=\"list\">\n<div class=\"t2-accordion-item wp-block-t2-accordion-item\" role=\"listitem\">\n\t\t\t<h2 class=\"t2-accordion-title\">\n\t\t\t\t<button type=\"button\" class=\"t2-accordion-trigger\" id=\"oppdrag-og-bestilling\" aria-controls=\"accordion-panel\" aria-expanded=\"false\">\n\t\t\t\t\tOppdrag og bestilling\n\t\t\t\t\t<span class=\"t2-accordion-icon is-closed-icon\"><svg xmlns=\"http:\/\/www.w3.org\/2000\/svg\" viewBox=\"0 0 24 24\" height=\"24\" width=\"24\" class=\"t2-icon t2-icon-plus\" aria-hidden=\"true\" focusable=\"false\"><path d=\"M11.8 5.037a1.088 1.088 0 0 0-.722.566c-.075.148-.078.25-.078 2.772v2.619l-2.61.016c-1.867.012-2.652.03-2.756.064-.168.055-.438.301-.54.494-.049.092-.07.223-.07.432 0 .34.054.476.282.704.289.289.14.275 3.064.288l2.63.012v2.619c0 2.544.002 2.625.08 2.778.191.372.516.577.92.577s.729-.205.92-.577c.078-.153.08-.234.08-2.778v-2.619l2.63-.012c2.924-.013 2.775.001 3.064-.288.228-.228.282-.364.282-.704 0-.209-.021-.34-.07-.432-.102-.193-.372-.439-.54-.494-.104-.034-.889-.052-2.756-.064L13 10.994V8.375c0-2.522-.003-2.624-.078-2.772-.214-.418-.685-.656-1.122-.566\"\/><\/svg><\/span>\n\t\t\t\t\t<span class=\"t2-accordion-icon is-open-icon\"><svg xmlns=\"http:\/\/www.w3.org\/2000\/svg\" viewBox=\"0 0 24 24\" height=\"24\" width=\"24\" class=\"t2-icon t2-icon-chevronup\" aria-hidden=\"true\" focusable=\"false\"><path d=\"M6.7 14.7c-.2-.2-.3-.4-.3-.7s.1-.5.3-.7l4.6-4.6c.1-.1.2-.2.3-.2.1 0 .2-.1.4-.1.1 0 .3 0 .4.1.1 0 .2.1.3.2l4.6 4.6c.2.2.3.4.3.7s-.1.5-.3.7c-.2.2-.4.3-.7.3s-.5-.1-.7-.3L12 10.8l-3.9 3.9c-.2.2-.4.3-.7.3s-.5-.1-.7-.3z\" fill=\"currentColor\" \/><\/svg><\/span>\n\t\t\t\t<\/button>\n\t\t\t<\/h2>\n\t\t\t<div class=\"t2-accordion-item__inner-container is-layout-flow\" id=\"accordion-panel\" aria-labelledby=\"oppdrag-og-bestilling\" role=\"region\" hidden>\n\t\t\t\t\n\n<ul class=\"wp-block-list\">\n<li>Abonnement p\u00e5 Ren By har fast pris kr 300 per m\u00e5ned eller kr 3.600 per \u00e5r, og bidrar til dugnaden for \u00e5 holde sentrum fri for herrel\u00f8st s\u00f8ppel.<\/li>\n\n\n\n<li>Enkeltoppdrag eller faste oppdrag p\u00e5 n\u00e6ringstomter, s\u00f8ppelplukking\/rydding av materiell og lignende.<br>Pris etter avtale.<\/li>\n\n\n\n<li>Enkeltoppdrag med gatest\u00f8vsuger p\u00e5 n\u00e6ringstomer eller etter arrangement, pris etter avtale.<\/li>\n\n\n\n<li>Panteordning for din bedrift, vi henter panten, sorterer den og sender den inn til gjenvinning mot at vi f\u00e5r pantepengene!<\/li>\n\n\n\n<li>For bestilling av abonnement eller s\u00f8ppelrydding\/panteordning til din bedrift, send e-post til <a href=\"mailto:ijobb.bodo@bymisjon.no\">ijobb.bodo@bymisjon.no<\/a>. <br>Noen av oppdragene krever en befaring f\u00f8r vi kan levere pristilbud.<\/li>\n<\/ul>\n\n\n\t\t\t<\/div>\n\t\t<\/div>\n\n<div class=\"t2-accordion-item wp-block-t2-accordion-item\" role=\"listitem\">\n\t\t\t<h2 class=\"t2-accordion-title\">\n\t\t\t\t<button type=\"button\" class=\"t2-accordion-trigger\" id=\"gatest\u00f8vsuger\" aria-controls=\"accordion-panel-1\" aria-expanded=\"false\">\n\t\t\t\t\tGatest\u00f8vsuger\n\t\t\t\t\t<span class=\"t2-accordion-icon is-closed-icon\"><svg xmlns=\"http:\/\/www.w3.org\/2000\/svg\" viewBox=\"0 0 24 24\" height=\"24\" width=\"24\" class=\"t2-icon t2-icon-plus\" aria-hidden=\"true\" focusable=\"false\"><path d=\"M11.8 5.037a1.088 1.088 0 0 0-.722.566c-.075.148-.078.25-.078 2.772v2.619l-2.61.016c-1.867.012-2.652.03-2.756.064-.168.055-.438.301-.54.494-.049.092-.07.223-.07.432 0 .34.054.476.282.704.289.289.14.275 3.064.288l2.63.012v2.619c0 2.544.002 2.625.08 2.778.191.372.516.577.92.577s.729-.205.92-.577c.078-.153.08-.234.08-2.778v-2.619l2.63-.012c2.924-.013 2.775.001 3.064-.288.228-.228.282-.364.282-.704 0-.209-.021-.34-.07-.432-.102-.193-.372-.439-.54-.494-.104-.034-.889-.052-2.756-.064L13 10.994V8.375c0-2.522-.003-2.624-.078-2.772-.214-.418-.685-.656-1.122-.566\"\/><\/svg><\/span>\n\t\t\t\t\t<span class=\"t2-accordion-icon is-open-icon\"><svg xmlns=\"http:\/\/www.w3.org\/2000\/svg\" viewBox=\"0 0 24 24\" height=\"24\" width=\"24\" class=\"t2-icon t2-icon-chevronup\" aria-hidden=\"true\" focusable=\"false\"><path d=\"M6.7 14.7c-.2-.2-.3-.4-.3-.7s.1-.5.3-.7l4.6-4.6c.1-.1.2-.2.3-.2.1 0 .2-.1.4-.1.1 0 .3 0 .4.1.1 0 .2.1.3.2l4.6 4.6c.2.2.3.4.3.7s-.1.5-.3.7c-.2.2-.4.3-.7.3s-.5-.1-.7-.3L12 10.8l-3.9 3.9c-.2.2-.4.3-.7.3s-.5-.1-.7-.3z\" fill=\"currentColor\" \/><\/svg><\/span>\n\t\t\t\t<\/button>\n\t\t\t<\/h2>\n\t\t\t<div class=\"t2-accordion-item__inner-container is-layout-flow\" id=\"accordion-panel-1\" aria-labelledby=\"gatest\u00f8vsuger\" role=\"region\" hidden>\n\t\t\t\t\n\n<p>Vi har investert i en gatest\u00f8vsuger for \u00e5 kunne fortsette arbeidet mot \u00e5 bli Norges reneste by! St\u00f8vsugeren gj\u00f8r at vi lettere kan f\u00e5 opp blant annet snusposer, sneiper og knust glass. <br>Tjenesten kan bestilles via e-post og faktureres ut fra avtalt timebruk.<\/p>\n\n\n\t\t\t<\/div>\n\t\t<\/div>\n\n<div class=\"t2-accordion-item wp-block-t2-accordion-item\" role=\"listitem\">\n\t\t\t<h2 class=\"t2-accordion-title\">\n\t\t\t\t<button type=\"button\" class=\"t2-accordion-trigger\" id=\"panteordning\" aria-controls=\"accordion-panel-2\" aria-expanded=\"false\">\n\t\t\t\t\tPanteordning\n\t\t\t\t\t<span class=\"t2-accordion-icon is-closed-icon\"><svg xmlns=\"http:\/\/www.w3.org\/2000\/svg\" viewBox=\"0 0 24 24\" height=\"24\" width=\"24\" class=\"t2-icon t2-icon-plus\" aria-hidden=\"true\" focusable=\"false\"><path d=\"M11.8 5.037a1.088 1.088 0 0 0-.722.566c-.075.148-.078.25-.078 2.772v2.619l-2.61.016c-1.867.012-2.652.03-2.756.064-.168.055-.438.301-.54.494-.049.092-.07.223-.07.432 0 .34.054.476.282.704.289.289.14.275 3.064.288l2.63.012v2.619c0 2.544.002 2.625.08 2.778.191.372.516.577.92.577s.729-.205.92-.577c.078-.153.08-.234.08-2.778v-2.619l2.63-.012c2.924-.013 2.775.001 3.064-.288.228-.228.282-.364.282-.704 0-.209-.021-.34-.07-.432-.102-.193-.372-.439-.54-.494-.104-.034-.889-.052-2.756-.064L13 10.994V8.375c0-2.522-.003-2.624-.078-2.772-.214-.418-.685-.656-1.122-.566\"\/><\/svg><\/span>\n\t\t\t\t\t<span class=\"t2-accordion-icon is-open-icon\"><svg xmlns=\"http:\/\/www.w3.org\/2000\/svg\" viewBox=\"0 0 24 24\" height=\"24\" width=\"24\" class=\"t2-icon t2-icon-chevronup\" aria-hidden=\"true\" focusable=\"false\"><path d=\"M6.7 14.7c-.2-.2-.3-.4-.3-.7s.1-.5.3-.7l4.6-4.6c.1-.1.2-.2.3-.2.1 0 .2-.1.4-.1.1 0 .3 0 .4.1.1 0 .2.1.3.2l4.6 4.6c.2.2.3.4.3.7s-.1.5-.3.7c-.2.2-.4.3-.7.3s-.5-.1-.7-.3L12 10.8l-3.9 3.9c-.2.2-.4.3-.7.3s-.5-.1-.7-.3z\" fill=\"currentColor\" \/><\/svg><\/span>\n\t\t\t\t<\/button>\n\t\t\t<\/h2>\n\t\t\t<div class=\"t2-accordion-item__inner-container is-layout-flow\" id=\"accordion-panel-2\" aria-labelledby=\"panteordning\" role=\"region\" hidden>\n\t\t\t\t\n\n<p>Vi tilbyr bedrifter \u00e5 hente deres pant avtalte dager mot at vi beholder pantepengene. I v\u00e5re lokaler sorteres og pakkes panten og sendes videre til gjenvinning hos Infinitum. Kontakt oss for en avtale for din bedrift!<\/p>\n\n\n\t\t\t<\/div>\n\t\t<\/div>\n<\/div>\n\n\n<h2 class=\"wp-block-heading\" id=\"h-bli-deltaker\">Bli deltaker<\/h2>\n\n\n<div class=\"t2-accordion wp-block-t2-accordion\" data-allow-multiple=\"1\" role=\"list\">\n<div class=\"t2-accordion-item wp-block-t2-accordion-item\" role=\"listitem\">\n\t\t\t<h2 class=\"t2-accordion-title\">\n\t\t\t\t<button type=\"button\" class=\"t2-accordion-trigger\" id=\"slik-fungerer-det\" aria-controls=\"accordion-panel-3\" aria-expanded=\"false\">\n\t\t\t\t\tSlik fungerer det\n\t\t\t\t\t<span class=\"t2-accordion-icon is-closed-icon\"><svg xmlns=\"http:\/\/www.w3.org\/2000\/svg\" viewBox=\"0 0 24 24\" height=\"24\" width=\"24\" class=\"t2-icon t2-icon-plus\" aria-hidden=\"true\" focusable=\"false\"><path d=\"M11.8 5.037a1.088 1.088 0 0 0-.722.566c-.075.148-.078.25-.078 2.772v2.619l-2.61.016c-1.867.012-2.652.03-2.756.064-.168.055-.438.301-.54.494-.049.092-.07.223-.07.432 0 .34.054.476.282.704.289.289.14.275 3.064.288l2.63.012v2.619c0 2.544.002 2.625.08 2.778.191.372.516.577.92.577s.729-.205.92-.577c.078-.153.08-.234.08-2.778v-2.619l2.63-.012c2.924-.013 2.775.001 3.064-.288.228-.228.282-.364.282-.704 0-.209-.021-.34-.07-.432-.102-.193-.372-.439-.54-.494-.104-.034-.889-.052-2.756-.064L13 10.994V8.375c0-2.522-.003-2.624-.078-2.772-.214-.418-.685-.656-1.122-.566\"\/><\/svg><\/span>\n\t\t\t\t\t<span class=\"t2-accordion-icon is-open-icon\"><svg xmlns=\"http:\/\/www.w3.org\/2000\/svg\" viewBox=\"0 0 24 24\" height=\"24\" width=\"24\" class=\"t2-icon t2-icon-chevronup\" aria-hidden=\"true\" focusable=\"false\"><path d=\"M6.7 14.7c-.2-.2-.3-.4-.3-.7s.1-.5.3-.7l4.6-4.6c.1-.1.2-.2.3-.2.1 0 .2-.1.4-.1.1 0 .3 0 .4.1.1 0 .2.1.3.2l4.6 4.6c.2.2.3.4.3.7s-.1.5-.3.7c-.2.2-.4.3-.7.3s-.5-.1-.7-.3L12 10.8l-3.9 3.9c-.2.2-.4.3-.7.3s-.5-.1-.7-.3z\" fill=\"currentColor\" \/><\/svg><\/span>\n\t\t\t\t<\/button>\n\t\t\t<\/h2>\n\t\t\t<div class=\"t2-accordion-item__inner-container is-layout-flow\" id=\"accordion-panel-3\" aria-labelledby=\"slik-fungerer-det\" role=\"region\" hidden>\n\t\t\t\t\n\n<p>Vi gir deg oppl\u00e6ring og mulighet for jobb, du f\u00e5r del i et arbeidsfellesskap og l\u00f8nn utbetalt p\u00e5 slutten av dagen.<\/p>\n\n\n\n<p>Ren By tilbyr dagsarbeid med kontant utbetaling av l\u00f8nn etter arbeidsdagens slutt.<\/p>\n\n\n\n<p>Oppm\u00f8tet er frivillig fra dag til dag.<\/p>\n\n\n\n<p>Arbeidsoppgavene best\u00e5r i \u00e5 g\u00e5 utdelte roder for \u00e5 plukke s\u00f8ppel fra gatene eller hente inn og sortere pant fra ulike bedrifter i Bod\u00f8.<\/p>\n\n\n\n<p>For \u00e5 bli arbeider hos oss m\u00e5 du ha en inntakssamtale med arbeidsleder med gjennomgang av arbeidskontrakt. <br>Kontakt oss p\u00e5\u00a0<a href=\"mailto:ijobb.bodo@bymisjon.no\">ijobb.bodo@bymisjon.no.<\/a><\/p>\n\n\n\t\t\t<\/div>\n\t\t<\/div>\n<\/div>\n\n\n<h2 class=\"wp-block-heading\" id=\"h-samarbeid\">Samarbeid  <\/h2>\n\n\n<div class=\"t2-accordion wp-block-t2-accordion\" data-allow-multiple=\"1\" role=\"list\">\n<div class=\"t2-accordion-item wp-block-t2-accordion-item\" role=\"listitem\">\n\t\t\t<h2 class=\"t2-accordion-title\">\n\t\t\t\t<button type=\"button\" class=\"t2-accordion-trigger\" id=\"samarbeid-med-n\u00e6ringslivet\" aria-controls=\"accordion-panel-4\" aria-expanded=\"false\">\n\t\t\t\t\tSamarbeid med n\u00e6ringslivet\n\t\t\t\t\t<span class=\"t2-accordion-icon is-closed-icon\"><svg xmlns=\"http:\/\/www.w3.org\/2000\/svg\" viewBox=\"0 0 24 24\" height=\"24\" width=\"24\" class=\"t2-icon t2-icon-plus\" aria-hidden=\"true\" focusable=\"false\"><path d=\"M11.8 5.037a1.088 1.088 0 0 0-.722.566c-.075.148-.078.25-.078 2.772v2.619l-2.61.016c-1.867.012-2.652.03-2.756.064-.168.055-.438.301-.54.494-.049.092-.07.223-.07.432 0 .34.054.476.282.704.289.289.14.275 3.064.288l2.63.012v2.619c0 2.544.002 2.625.08 2.778.191.372.516.577.92.577s.729-.205.92-.577c.078-.153.08-.234.08-2.778v-2.619l2.63-.012c2.924-.013 2.775.001 3.064-.288.228-.228.282-.364.282-.704 0-.209-.021-.34-.07-.432-.102-.193-.372-.439-.54-.494-.104-.034-.889-.052-2.756-.064L13 10.994V8.375c0-2.522-.003-2.624-.078-2.772-.214-.418-.685-.656-1.122-.566\"\/><\/svg><\/span>\n\t\t\t\t\t<span class=\"t2-accordion-icon is-open-icon\"><svg xmlns=\"http:\/\/www.w3.org\/2000\/svg\" viewBox=\"0 0 24 24\" height=\"24\" width=\"24\" class=\"t2-icon t2-icon-chevronup\" aria-hidden=\"true\" focusable=\"false\"><path d=\"M6.7 14.7c-.2-.2-.3-.4-.3-.7s.1-.5.3-.7l4.6-4.6c.1-.1.2-.2.3-.2.1 0 .2-.1.4-.1.1 0 .3 0 .4.1.1 0 .2.1.3.2l4.6 4.6c.2.2.3.4.3.7s-.1.5-.3.7c-.2.2-.4.3-.7.3s-.5-.1-.7-.3L12 10.8l-3.9 3.9c-.2.2-.4.3-.7.3s-.5-.1-.7-.3z\" fill=\"currentColor\" \/><\/svg><\/span>\n\t\t\t\t<\/button>\n\t\t\t<\/h2>\n\t\t\t<div class=\"t2-accordion-item__inner-container is-layout-flow\" id=\"accordion-panel-4\" aria-labelledby=\"samarbeid-med-n\u00e6ringslivet\" role=\"region\" hidden>\n\t\t\t\t\n\n<p>Tilbudet er helt avhengig av et godt samarbeid med n\u00e6ringsdrivende i Bod\u00f8. Ren By fungerer som en abonnementsordning med frivillig deltakelse der byens huseiere\/g\u00e5rdeiere og n\u00e6ringsdrivende kan delta fra \u00e5r til \u00e5r. Som abonnent betaler du inn et fast bel\u00f8p i \u00e5ret fra kr 3.000 som g\u00e5r uavkortet til tilbudet.<\/p>\n\n\n\t\t\t<\/div>\n\t\t<\/div>\n\n<div class=\"t2-accordion-item wp-block-t2-accordion-item\" role=\"listitem\">\n\t\t\t<h2 class=\"t2-accordion-title\">\n\t\t\t\t<button type=\"button\" class=\"t2-accordion-trigger\" id=\"v\u00e5re-samarbeidspartnere\" aria-controls=\"accordion-panel-5\" aria-expanded=\"false\">\n\t\t\t\t\tV\u00e5re samarbeidspartnere\n\t\t\t\t\t<span class=\"t2-accordion-icon is-closed-icon\"><svg xmlns=\"http:\/\/www.w3.org\/2000\/svg\" viewBox=\"0 0 24 24\" height=\"24\" width=\"24\" class=\"t2-icon t2-icon-plus\" aria-hidden=\"true\" focusable=\"false\"><path d=\"M11.8 5.037a1.088 1.088 0 0 0-.722.566c-.075.148-.078.25-.078 2.772v2.619l-2.61.016c-1.867.012-2.652.03-2.756.064-.168.055-.438.301-.54.494-.049.092-.07.223-.07.432 0 .34.054.476.282.704.289.289.14.275 3.064.288l2.63.012v2.619c0 2.544.002 2.625.08 2.778.191.372.516.577.92.577s.729-.205.92-.577c.078-.153.08-.234.08-2.778v-2.619l2.63-.012c2.924-.013 2.775.001 3.064-.288.228-.228.282-.364.282-.704 0-.209-.021-.34-.07-.432-.102-.193-.372-.439-.54-.494-.104-.034-.889-.052-2.756-.064L13 10.994V8.375c0-2.522-.003-2.624-.078-2.772-.214-.418-.685-.656-1.122-.566\"\/><\/svg><\/span>\n\t\t\t\t\t<span class=\"t2-accordion-icon is-open-icon\"><svg xmlns=\"http:\/\/www.w3.org\/2000\/svg\" viewBox=\"0 0 24 24\" height=\"24\" width=\"24\" class=\"t2-icon t2-icon-chevronup\" aria-hidden=\"true\" focusable=\"false\"><path d=\"M6.7 14.7c-.2-.2-.3-.4-.3-.7s.1-.5.3-.7l4.6-4.6c.1-.1.2-.2.3-.2.1 0 .2-.1.4-.1.1 0 .3 0 .4.1.1 0 .2.1.3.2l4.6 4.6c.2.2.3.4.3.7s-.1.5-.3.7c-.2.2-.4.3-.7.3s-.5-.1-.7-.3L12 10.8l-3.9 3.9c-.2.2-.4.3-.7.3s-.5-.1-.7-.3z\" fill=\"currentColor\" \/><\/svg><\/span>\n\t\t\t\t<\/button>\n\t\t\t<\/h2>\n\t\t\t<div class=\"t2-accordion-item__inner-container is-layout-flow\" id=\"accordion-panel-5\" aria-labelledby=\"v\u00e5re-samarbeidspartnere\" role=\"region\" hidden>\n\t\t\t\t\n\n<ul class=\"wp-block-list\">\n<li><a href=\"https:\/\/www.returairis.no\/\" target=\"_blank\" rel=\"noreferrer noopener\">Retura Iris<\/a>&nbsp;er v\u00e5r hovedsamarbeidspartner. De bidrar blant annet med st\u00f8tte i form av l\u00f8sninger for h\u00e5ndtering av innsamlet avfall og utstyr til selve innsamlingen.<\/li>\n\n\n\n<li><a href=\"https:\/\/digitaltbyra.no\/\" target=\"_blank\" rel=\"noreferrer noopener\">Digitalt Byr\u00e5<\/a>, tilbyr r\u00e5d og veiledning rundt markedsf\u00f8ring og salg.<\/li>\n\n\n\n<li><a href=\"https:\/\/bodo.kommune.no\/\" target=\"_blank\" rel=\"noreferrer noopener\">Bod\u00f8 Kommune<\/a>, har bidratt med grunnleggende midler til Kirkens Bymisjon som muliggjorde igangsettelse av prosjektet. <br>Bod\u00f8 kommune er ogs\u00e5 abonnent i Ren By.<\/li>\n<\/ul>\n\n\n\t\t\t<\/div>\n\t\t<\/div>\n<\/div>","protected":false},"excerpt":{"rendered":"<p>Hovedoppgaven v\u00e5r er \u00e5 plukke \u00abherrel\u00f8st\u00bb s\u00f8ppel fra byens gater og fortau slik at Bod\u00f8&hellip;<\/p>\n","protected":false},"author":5,"featured_media":0,"parent":0,"menu_order":0,"comment_status":"closed","ping_status":"closed","template":"","meta":{"_relevanssi_hide_post":"","_relevanssi_hide_content":"","_relevanssi_pin_for_all":"","_relevanssi_pin_keywords":"","_relevanssi_unpin_keywords":"","_relevanssi_related_keywords":"","_relevanssi_related_include_ids":"","_relevanssi_related_exclude_ids":"","_relevanssi_related_no_append":"","_relevanssi_related_not_related":"","_relevanssi_related_posts":"1","_relevanssi_noindex_reason":"","editor_notices":[],"footnotes":""},"class_list":["post-13","page","type-page","status-publish","hentry"],"yoast_head":"<!-- This site is optimized with the Yoast SEO Premium plugin v27.2 (Yoast SEO v27.2) - https:\/\/yoast.com\/product\/yoast-seo-premium-wordpress\/ -->\n<title>Om Ren by - Ren by<\/title>\n<meta name=\"robots\" content=\"index, follow, max-snippet:-1, max-image-preview:large, max-video-preview:-1\" \/>\n<link rel=\"canonical\" href=\"https:\/\/kirkensbymisjon.no\/tilbud-ren-by\/om-ren-by\/\" \/>\n<meta property=\"og:locale\" content=\"nb_NO\" \/>\n<meta property=\"og:type\" content=\"article\" \/>\n<meta property=\"og:title\" content=\"Om Ren by\" \/>\n<meta property=\"og:description\" content=\"Hovedoppgaven v\u00e5r er \u00e5 plukke \u00abherrel\u00f8st\u00bb s\u00f8ppel fra byens gater og fortau slik at Bod\u00f8&hellip;\" \/>\n<meta property=\"og:url\" content=\"https:\/\/kirkensbymisjon.no\/tilbud-ren-by\/om-ren-by\/\" \/>\n<meta property=\"og:site_name\" content=\"Ren by\" \/>\n<meta property=\"article:modified_time\" content=\"2024-10-19T15:35:24+00:00\" \/>\n<meta name=\"twitter:card\" content=\"summary_large_image\" \/>\n<meta name=\"twitter:label1\" content=\"Ansl. lesetid\" \/>\n\t<meta name=\"twitter:data1\" content=\"3 minutter\" \/>\n<script type=\"application\/ld+json\" class=\"yoast-schema-graph\">{\"@context\":\"https:\/\/schema.org\",\"@graph\":[{\"@type\":\"WebPage\",\"@id\":\"https:\/\/kirkensbymisjon.no\/tilbud-ren-by\/om-ren-by\/\",\"url\":\"https:\/\/kirkensbymisjon.no\/tilbud-ren-by\/om-ren-by\/\",\"name\":\"Om Ren by - Ren by\",\"isPartOf\":{\"@id\":\"https:\/\/kirkensbymisjon.no\/tilbud-ren-by\/#website\"},\"datePublished\":\"2024-08-14T20:38:15+00:00\",\"dateModified\":\"2024-10-19T15:35:24+00:00\",\"breadcrumb\":{\"@id\":\"https:\/\/kirkensbymisjon.no\/tilbud-ren-by\/om-ren-by\/#breadcrumb\"},\"inLanguage\":\"nb-NO\",\"potentialAction\":[{\"@type\":\"ReadAction\",\"target\":[\"https:\/\/kirkensbymisjon.no\/tilbud-ren-by\/om-ren-by\/\"]}]},{\"@type\":\"BreadcrumbList\",\"@id\":\"https:\/\/kirkensbymisjon.no\/tilbud-ren-by\/om-ren-by\/#breadcrumb\",\"itemListElement\":[{\"@type\":\"ListItem\",\"position\":1,\"name\":\"Hjem\",\"item\":\"https:\/\/kirkensbymisjon.no\/tilbud-ren-by\/\"},{\"@type\":\"ListItem\",\"position\":2,\"name\":\"Om Ren by\"}]},{\"@type\":\"WebSite\",\"@id\":\"https:\/\/kirkensbymisjon.no\/tilbud-ren-by\/#website\",\"url\":\"https:\/\/kirkensbymisjon.no\/tilbud-ren-by\/\",\"name\":\"Ren by\",\"description\":\"\",\"potentialAction\":[{\"@type\":\"SearchAction\",\"target\":{\"@type\":\"EntryPoint\",\"urlTemplate\":\"https:\/\/kirkensbymisjon.no\/tilbud-ren-by\/?s={search_term_string}\"},\"query-input\":{\"@type\":\"PropertyValueSpecification\",\"valueRequired\":true,\"valueName\":\"search_term_string\"}}],\"inLanguage\":\"nb-NO\"}]}<\/script>\n<!-- \/ Yoast SEO Premium plugin. -->","yoast_head_json":{"title":"Om Ren by - Ren by","robots":{"index":"index","follow":"follow","max-snippet":"max-snippet:-1","max-image-preview":"max-image-preview:large","max-video-preview":"max-video-preview:-1"},"canonical":"https:\/\/kirkensbymisjon.no\/tilbud-ren-by\/om-ren-by\/","og_locale":"nb_NO","og_type":"article","og_title":"Om Ren by","og_description":"Hovedoppgaven v\u00e5r er \u00e5 plukke \u00abherrel\u00f8st\u00bb s\u00f8ppel fra byens gater og fortau slik at Bod\u00f8&hellip;","og_url":"https:\/\/kirkensbymisjon.no\/tilbud-ren-by\/om-ren-by\/","og_site_name":"Ren by","article_modified_time":"2024-10-19T15:35:24+00:00","twitter_card":"summary_large_image","twitter_misc":{"Ansl. lesetid":"3 minutter"},"schema":{"@context":"https:\/\/schema.org","@graph":[{"@type":"WebPage","@id":"https:\/\/kirkensbymisjon.no\/tilbud-ren-by\/om-ren-by\/","url":"https:\/\/kirkensbymisjon.no\/tilbud-ren-by\/om-ren-by\/","name":"Om Ren by - Ren by","isPartOf":{"@id":"https:\/\/kirkensbymisjon.no\/tilbud-ren-by\/#website"},"datePublished":"2024-08-14T20:38:15+00:00","dateModified":"2024-10-19T15:35:24+00:00","breadcrumb":{"@id":"https:\/\/kirkensbymisjon.no\/tilbud-ren-by\/om-ren-by\/#breadcrumb"},"inLanguage":"nb-NO","potentialAction":[{"@type":"ReadAction","target":["https:\/\/kirkensbymisjon.no\/tilbud-ren-by\/om-ren-by\/"]}]},{"@type":"BreadcrumbList","@id":"https:\/\/kirkensbymisjon.no\/tilbud-ren-by\/om-ren-by\/#breadcrumb","itemListElement":[{"@type":"ListItem","position":1,"name":"Hjem","item":"https:\/\/kirkensbymisjon.no\/tilbud-ren-by\/"},{"@type":"ListItem","position":2,"name":"Om Ren by"}]},{"@type":"WebSite","@id":"https:\/\/kirkensbymisjon.no\/tilbud-ren-by\/#website","url":"https:\/\/kirkensbymisjon.no\/tilbud-ren-by\/","name":"Ren by","description":"","potentialAction":[{"@type":"SearchAction","target":{"@type":"EntryPoint","urlTemplate":"https:\/\/kirkensbymisjon.no\/tilbud-ren-by\/?s={search_term_string}"},"query-input":{"@type":"PropertyValueSpecification","valueRequired":true,"valueName":"search_term_string"}}],"inLanguage":"nb-NO"}]}},"_links":{"self":[{"href":"https:\/\/kirkensbymisjon.no\/tilbud-ren-by\/wp-json\/wp\/v2\/pages\/13","targetHints":{"allow":["GET"]}}],"collection":[{"href":"https:\/\/kirkensbymisjon.no\/tilbud-ren-by\/wp-json\/wp\/v2\/pages"}],"about":[{"href":"https:\/\/kirkensbymisjon.no\/tilbud-ren-by\/wp-json\/wp\/v2\/types\/page"}],"author":[{"embeddable":true,"href":"https:\/\/kirkensbymisjon.no\/tilbud-ren-by\/wp-json\/wp\/v2\/users\/5"}],"replies":[{"embeddable":true,"href":"https:\/\/kirkensbymisjon.no\/tilbud-ren-by\/wp-json\/wp\/v2\/comments?post=13"}],"version-history":[{"count":5,"href":"https:\/\/kirkensbymisjon.no\/tilbud-ren-by\/wp-json\/wp\/v2\/pages\/13\/revisions"}],"predecessor-version":[{"id":53,"href":"https:\/\/kirkensbymisjon.no\/tilbud-ren-by\/wp-json\/wp\/v2\/pages\/13\/revisions\/53"}],"wp:attachment":[{"href":"https:\/\/kirkensbymisjon.no\/tilbud-ren-by\/wp-json\/wp\/v2\/media?parent=13"}],"curies":[{"name":"wp","href":"https:\/\/api.w.org\/{rel}","templated":true}]}}