{"id":3,"date":"2025-11-28T11:27:49","date_gmt":"2025-11-28T10:27:49","guid":{"rendered":"https:\/\/kirkensbymisjon.no\/tilbud-ressurssenter-for-norske-romer\/forside\/"},"modified":"2025-11-28T12:06:20","modified_gmt":"2025-11-28T11:06:20","slug":"forside","status":"publish","type":"page","link":"https:\/\/kirkensbymisjon.no\/tilbud-ressurssenter-for-norske-romer\/","title":{"rendered":"Forside"},"content":{"rendered":"\n<div class=\"wp-block-media-text alignwide is-stacked-on-mobile is-style-filled\"><figure class=\"wp-block-media-text__media\"><img loading=\"lazy\" decoding=\"async\" width=\"1024\" height=\"683\" src=\"https:\/\/kirkensbymisjon.no\/content\/uploads\/sites\/178\/2025\/11\/Tilbud_Ressurssenteret_02-1024x683.jpg\" alt=\"To mennesker i en samtale ved et bord\" class=\"wp-image-14 size-full\" srcset=\"https:\/\/kirkensbymisjon.no\/content\/uploads\/sites\/178\/2025\/11\/Tilbud_Ressurssenteret_02-1024x683.jpg 1024w, https:\/\/kirkensbymisjon.no\/content\/uploads\/sites\/178\/2025\/11\/Tilbud_Ressurssenteret_02-300x200.jpg 300w, https:\/\/kirkensbymisjon.no\/content\/uploads\/sites\/178\/2025\/11\/Tilbud_Ressurssenteret_02-768x512.jpg 768w, https:\/\/kirkensbymisjon.no\/content\/uploads\/sites\/178\/2025\/11\/Tilbud_Ressurssenteret_02-1536x1024.jpg 1536w, https:\/\/kirkensbymisjon.no\/content\/uploads\/sites\/178\/2025\/11\/Tilbud_Ressurssenteret_02-2048x1365.jpg 2048w\" sizes=\"auto, (max-width: 1024px) 100vw, 1024px\" \/><\/figure><div class=\"wp-block-media-text__content\">\n<h2 class=\"wp-block-heading\" id=\"h-velkommen-til-ressurssenter-for-norske-romer\"><strong>Velkommen til ressurssenter for norske romer<\/strong><\/h2>\n\n\n\n<p>Ressurssenteret arbeider for \u00e5 styrke norske romers rettigheter, sikre likeverd og motvirke diskriminering. Vi er en st\u00f8tte for romer som m\u00f8ter utfordringer, og en ressurs for tjenester og akt\u00f8rer som trenger \u00f8kt kunnskap om norske romers situasjon og rettigheter. Ressurssenteret tilbyr kurs og foredrag for \u00e5 bidra til \u00f8kt forst\u00e5else og bedre tjenester i m\u00f8te med den romske minoriteten. F\u00f8lg oss gjerne p\u00e5 <a href=\"https:\/\/www.facebook.com\/profile.php?id=61579180628943\">Facebook<\/a> og <a href=\"https:\/\/www.instagram.com\/ressurssenter.for.norske.romer\/\">Instagram<\/a> for oppdatert informasjon relatert til arbeidet v\u00e5rt.<\/p>\n\n\n\n<p><strong>Lurer du p\u00e5 noe?<\/strong> <a href=\"https:\/\/kirkensbymisjon.no\/tilbud-ressurssenter-for-norske-romer\/finn-oss\">Kontakt oss<\/a>!<\/p>\n<\/div><\/div>\n\n\n\t<div class=\"alignwide wp-block-kbm-link-list\">\n\t\t<div class=\"kbm-link-list__items\">\n\t\t\t\n<div class=\"wp-block-kbm-link-list-item\">\t<svg xmlns=\"http:\/\/www.w3.org\/2000\/svg\" viewBox=\"0 0 48 48\" height=\"24\" width=\"24\" class=\"t2-icon t2-icon-volunteering\" aria-hidden=\"true\" focusable=\"false\"><path d=\"M23.33 1.157c-.459.164-.862.527-1.11 1.001l-.22.42v9.211c0 10.395.045 9.659-.603 9.883-.286.098-.356.096-.601-.02-.55-.261-.512.307-.556-8.212-.044-8.585-.004-7.999-.593-8.588-.506-.505-.872-.65-1.647-.65-.55 0-.744.034-1.015.178-.412.219-.843.653-1.039 1.046-.139.28-.148.907-.186 13.494l-.04 13.2-2.888-4.321c-3.002-4.493-3.036-4.536-3.788-4.84-.357-.145-1.245-.13-1.604.026-.899.391-1.4 1.126-1.4 2.055 0 .605.105.842.971 2.201.826 1.295 1.75 3.04 2.71 5.119 1.268 2.745 2.467 5.172 2.981 6.034 2.373 3.98 5.378 5.888 10.151 6.446 1.014.119 3.559.163 4.113.071l.286-.047-3.126-3.048c-1.719-1.675-3.315-3.265-3.546-3.531-.922-1.066-1.411-2.4-1.407-3.845.005-2.62 1.651-4.838 4.227-5.698.58-.193.756-.214 1.88-.218 1.081-.003 1.317.02 1.84.182 1.024.318 1.849.825 2.736 1.681l.456.441.595-.565c1.254-1.192 2.72-1.781 4.436-1.782 1.081-.002 2.292.349 3.19.924l.427.273v-9.73c0-7.226-.024-9.81-.094-10.043-.12-.402-.632-.984-1.056-1.201-.398-.204-1.304-.281-1.783-.152a2.142 2.142 0 0 0-1.345 1.082l-.242.474-.04 6.593-.04 6.593-.19.154c-.427.346-.973.276-1.269-.162l-.181-.27-.001-9.088-.001-9.088-.188-.404c-.611-1.312-2.534-1.66-3.624-.655-.682.629-.621-.199-.666 9.099-.044 9.138-.004 8.51-.556 8.772-.245.116-.315.118-.601.02-.648-.224-.603.512-.603-9.883V2.578l-.223-.427c-.25-.478-.743-.901-1.199-1.027-.418-.116-1.359-.098-1.728.033m1.372 28.611c-1.11.121-2.023.574-2.869 1.423-1.568 1.572-1.855 3.79-.735 5.679.296.499.462.666 7.001 7.043l.698.681.542-.142c3.486-.919 6.794-3.671 8.386-6.979.723-1.504 1.098-2.941 1.243-4.77.11-1.383.113-1.375-.672-1.957-1.021-.758-1.887-1.019-3.21-.968-1.505.057-2.308.439-3.687 1.75-1.07 1.018-1.083 1.019-1.983.172-.928-.873-1.305-1.166-1.862-1.445a5.097 5.097 0 0 0-2.852-.487\"\/><\/svg>\t<div class=\"kbm-link-list-item__content\">\n\t\t<p class=\"kbm-link-list-item__title\">Helse- og sosialfaglig st\u00f8tte<\/p>\n\t\t\t\t\t<p class=\"kbm-link-list-item__description\">Veiledningstjenesten v\u00e5r tilbyr praktisk bistand, r\u00e5dgivning, psykososial st\u00f8tte og veiledning for norske romer i m\u00f8te med offentlige tjenester. Veiledningstjenestens mandat er \u00e5 bidra til \u00e5 utl\u00f8se likeverdig offentlige tjenester for m\u00e5lgruppen. Veiledningstjenesten jobber tverrfaglig og best\u00e5r av helse og sosialfaglig, samt juridisk kompetanse.<\/p>\n\t\t\t<\/div>\n\t<\/div>\n\n<div class=\"wp-block-kbm-link-list-item\">\t<svg xmlns=\"http:\/\/www.w3.org\/2000\/svg\" viewBox=\"0 0 48 48\" height=\"24\" width=\"24\" class=\"t2-icon t2-icon-child\" aria-hidden=\"true\" focusable=\"false\"><path d=\"M22.48 4.083a22.9 22.9 0 0 0-3.643.637c-4.782 1.215-9.055 4.091-11.768 7.92-1.339 1.89-2.379 4.2-2.87 6.374-.107.471-.174.877-.15.902.087.087 4.165.035 4.951-.064 3.552-.445 6.287-1.242 9.377-2.733 5.019-2.422 9.062-6.008 11.68-10.359.454-.755.903-1.587.903-1.674 0-.134-2.46-.708-3.8-.887-1.157-.154-3.632-.216-4.68-.116m10.334 2.053c-.147.277-.484 1.442-.611 2.11-.603 3.166.272 6.614 2.33 9.186 2.143 2.678 5.219 4.283 8.691 4.534l.785.057-.052-.432c-.466-3.924-1.689-6.961-4.022-9.991-.725-.941-2.455-2.645-3.418-3.367a23.81 23.81 0 0 0-2.932-1.863c-.637-.346-.702-.366-.771-.234m-3.385 4.556c-1.996 2.789-4.882 5.435-7.847 7.195-4.513 2.679-9.686 4.12-15.89 4.426-.852.042-1.572.1-1.6.129-.112.112-.04 3.203.098 4.158.331 2.31.953 4.278 2.007 6.346 2.145 4.213 5.559 7.445 9.883 9.359 4.618 2.043 9.756 2.228 14.6.527 1.926-.677 4.461-2.119 6.03-3.43 4.305-3.6 6.941-8.865 7.258-14.502.03-.539.033-.98.007-.98-.026 0-.468-.055-.982-.123-5.668-.743-9.68-3.183-11.634-7.077-.427-.851-.977-2.522-1.158-3.52a23.852 23.852 0 0 1-.23-1.948l-.091-1.189-.451.629M18.84 24.141c.429.222.955.777 1.154 1.219.109.242.163.531.163.88.002.688-.238 1.202-.794 1.702-.971.873-2.304.78-3.187-.223-.556-.631-.715-1.441-.442-2.245.173-.508.883-1.235 1.386-1.419.48-.176 1.292-.135 1.72.086m13.058.008c1.112.567 1.642 1.95 1.146 2.99-.701 1.47-2.463 1.834-3.656.756-.496-.448-.708-.942-.708-1.655 0-.516.033-.66.237-1.028.284-.513.811-.997 1.269-1.166.459-.169 1.275-.121 1.712.103\"\/><\/svg>\t<div class=\"kbm-link-list-item__content\">\n\t\t<p class=\"kbm-link-list-item__title\">Fokus p\u00e5 barn og unge<\/p>\n\t\t\t\t\t<p class=\"kbm-link-list-item__description\">V\u00e5rt barnefaglige team jobber for \u00e5 fremme deltakelse, inkludering og stolthet over romsk identitet. Teamet arrangerer og drifter aktiviteter for barn og unge, b\u00e5de ved Romano Kher Kultursenter og i lokalmilj\u00f8ene, i samarbeid med relevante akt\u00f8rer. Teamet har et s\u00e6rlig fokus p\u00e5 utsatte barn og familier og bist\u00e5r inn i enkeltsaker.<\/p>\n\t\t\t<\/div>\n\t<\/div>\n\n<div class=\"wp-block-kbm-link-list-item\">\t<svg xmlns=\"http:\/\/www.w3.org\/2000\/svg\" viewBox=\"0 0 48 48\" height=\"24\" width=\"24\" class=\"t2-icon t2-icon-competence\" aria-hidden=\"true\" focusable=\"false\"><path d=\"M4.52 5.114c-.582.143-1.121.6-1.376 1.166-.137.304-.145 1.072-.165 15.336l-.021 15.016.261.04c.144.022 1.017.059 1.941.083 6.757.174 13.478 1.64 17.097 3.731l.643.37c.033.018.06-6.861.06-15.287V10.248l-.94-.628c-3.508-2.343-8.48-3.846-14.46-4.371-1.882-.165-2.759-.204-3.04-.135m37.8-.023c-7.149.49-12.52 1.979-16.34 4.53l-.94.627v30.645l.3-.186a19.248 19.248 0 0 1 2.333-1.234c3.668-1.615 7.714-2.364 14.447-2.672a98.22 98.22 0 0 0 2.34-.129l.5-.045V21.591c0-16.466.036-15.271-.482-15.862-.478-.544-1.052-.713-2.158-.638M3.042 39.857c.002 1.832.049 2.034.597 2.566.593.576-.06.543 10.081.519l9.12-.022-.68-.411c-3.828-2.314-10.102-3.881-16.6-4.146-.616-.025-1.435-.064-1.82-.087l-.7-.042.002 1.623m39.998-1.533c-7.143.301-13.59 1.885-17.355 4.264l-.525.332 9.12.022c10.141.024 9.488.057 10.081-.519.548-.532.595-.734.597-2.563l.002-1.62-.26.012c-.143.007-.89.04-1.66.072\"\/><\/svg>\t<div class=\"kbm-link-list-item__content\">\n\t\t<p class=\"kbm-link-list-item__title\">P\u00e5virkning og kompetansel\u00f8ft<\/p>\n\t\t\t\t\t<p class=\"kbm-link-list-item__description\">Senteret arbeider for \u00e5 styrke norske romers rettigheter og fremme likeverdige offentlige tjenester. Vi tilbyr kurs og foredrag for offentlig instanser og andre relevante akt\u00f8rer. \u00a0I tillegg jobber vi ogs\u00e5 med med politisk p\u00e5virkningsarbeid og samarbeider med relevante akt\u00f8rer for \u00e5 utvikle bedre tjenester og tiltak som fremmer inkludering.<\/p>\n\t\t\t<\/div>\n\t<\/div>\n\t\t<\/div>\n\t<\/div>\n\t\n\n\n<h2 class=\"wp-block-heading\" id=\"h-vare-sosiale-medier\">V\u00e5re sosiale medier<\/h2>\n\n\n\n<p>F\u00f8lg oss gjerne p\u00e5 <a href=\"https:\/\/www.facebook.com\/profile.php?id=61579180628943\" target=\"_blank\" rel=\"noreferrer noopener\">Facebook<\/a> og <a href=\"https:\/\/www.instagram.com\/ressurssenter.for.norske.romer\/\" target=\"_blank\" rel=\"noreferrer noopener\">Instagram<\/a> for oppdatert informasjon om v\u00e5re aktiviteter og arrangementer. Her legger vi ogs\u00e5 ut innhold relatert til arbeidet v\u00e5rt. <\/p>\n","protected":false},"excerpt":{"rendered":"<p>Velkommen til ressurssenter for norske romer Ressurssenteret arbeider for \u00e5 styrke norske romers rettigheter, sikre&hellip;<\/p>\n","protected":false},"author":4,"featured_media":13,"parent":0,"menu_order":0,"comment_status":"closed","ping_status":"closed","template":"","meta":{"_relevanssi_hide_post":"","_relevanssi_hide_content":"","_relevanssi_pin_for_all":"","_relevanssi_pin_keywords":"","_relevanssi_unpin_keywords":"","_relevanssi_related_keywords":"","_relevanssi_related_include_ids":"","_relevanssi_related_exclude_ids":"","_relevanssi_related_no_append":"","_relevanssi_related_not_related":"","_relevanssi_related_posts":"1","_relevanssi_noindex_reason":"","editor_notices":[],"footnotes":""},"class_list":["post-3","page","type-page","status-publish","has-post-thumbnail","hentry"],"yoast_head":"<!-- This site is optimized with the Yoast SEO Premium plugin v27.2 (Yoast SEO v27.4) - https:\/\/yoast.com\/product\/yoast-seo-premium-wordpress\/ -->\n<title>Kirkens Bymisjon - Ressurssenter for norske romer<\/title>\n<meta name=\"description\" content=\"Rettighetsfokusert arbeid for \u00e5 sikre likeverd, motvirke diskriminering og fremme inkludering for norske romer.\" \/>\n<meta name=\"robots\" content=\"index, follow, max-snippet:-1, max-image-preview:large, max-video-preview:-1\" \/>\n<link rel=\"canonical\" href=\"https:\/\/kirkensbymisjon.no\/tilbud-ressurssenter-for-norske-romer\/\" \/>\n<meta property=\"og:locale\" content=\"en_US\" \/>\n<meta property=\"og:type\" content=\"article\" \/>\n<meta property=\"og:title\" content=\"Kirkens Bymisjon - Ressurssenter for norske romer\" \/>\n<meta property=\"og:description\" content=\"Rettighetsfokusert arbeid for \u00e5 sikre likeverd, motvirke diskriminering og fremme inkludering for norske romer.\" \/>\n<meta property=\"og:url\" content=\"https:\/\/kirkensbymisjon.no\/tilbud-ressurssenter-for-norske-romer\/\" \/>\n<meta property=\"og:site_name\" content=\"Ressurssenter for norske romer\" \/>\n<meta property=\"article:modified_time\" content=\"2025-11-28T11:06:20+00:00\" \/>\n<meta property=\"og:image\" content=\"https:\/\/kirkensbymisjon.no\/content\/uploads\/sites\/178\/2025\/11\/Tilbud_Ressurssenteret_01-scaled.jpg\" \/>\n\t<meta property=\"og:image:width\" content=\"2560\" \/>\n\t<meta property=\"og:image:height\" content=\"1707\" \/>\n\t<meta property=\"og:image:type\" content=\"image\/jpeg\" \/>\n<meta name=\"twitter:card\" content=\"summary_large_image\" \/>\n<meta name=\"twitter:title\" content=\"Forside\" \/>\n<meta name=\"twitter:label1\" content=\"Est. reading time\" \/>\n\t<meta name=\"twitter:data1\" content=\"1 minute\" \/>\n<script type=\"application\/ld+json\" class=\"yoast-schema-graph\">{\"@context\":\"https:\\\/\\\/schema.org\",\"@graph\":[{\"@type\":\"WebPage\",\"@id\":\"https:\\\/\\\/kirkensbymisjon.no\\\/tilbud-ressurssenter-for-norske-romer\\\/\",\"url\":\"https:\\\/\\\/kirkensbymisjon.no\\\/tilbud-ressurssenter-for-norske-romer\\\/\",\"name\":\"Kirkens Bymisjon - Ressurssenter for norske romer\",\"isPartOf\":{\"@id\":\"https:\\\/\\\/kirkensbymisjon.no\\\/tilbud-ressurssenter-for-norske-romer\\\/#website\"},\"primaryImageOfPage\":{\"@id\":\"https:\\\/\\\/kirkensbymisjon.no\\\/tilbud-ressurssenter-for-norske-romer\\\/#primaryimage\"},\"image\":{\"@id\":\"https:\\\/\\\/kirkensbymisjon.no\\\/tilbud-ressurssenter-for-norske-romer\\\/#primaryimage\"},\"thumbnailUrl\":\"https:\\\/\\\/kirkensbymisjon.no\\\/content\\\/uploads\\\/sites\\\/178\\\/2025\\\/11\\\/Tilbud_Ressurssenteret_01-scaled.jpg\",\"datePublished\":\"2025-11-28T10:27:49+00:00\",\"dateModified\":\"2025-11-28T11:06:20+00:00\",\"description\":\"Rettighetsfokusert arbeid for \u00e5 sikre likeverd, motvirke diskriminering og fremme inkludering for norske romer.\",\"breadcrumb\":{\"@id\":\"https:\\\/\\\/kirkensbymisjon.no\\\/tilbud-ressurssenter-for-norske-romer\\\/#breadcrumb\"},\"inLanguage\":\"en-US\",\"potentialAction\":[{\"@type\":\"ReadAction\",\"target\":[\"https:\\\/\\\/kirkensbymisjon.no\\\/tilbud-ressurssenter-for-norske-romer\\\/\"]}]},{\"@type\":\"ImageObject\",\"inLanguage\":\"en-US\",\"@id\":\"https:\\\/\\\/kirkensbymisjon.no\\\/tilbud-ressurssenter-for-norske-romer\\\/#primaryimage\",\"url\":\"https:\\\/\\\/kirkensbymisjon.no\\\/content\\\/uploads\\\/sites\\\/178\\\/2025\\\/11\\\/Tilbud_Ressurssenteret_01-scaled.jpg\",\"contentUrl\":\"https:\\\/\\\/kirkensbymisjon.no\\\/content\\\/uploads\\\/sites\\\/178\\\/2025\\\/11\\\/Tilbud_Ressurssenteret_01-scaled.jpg\",\"width\":2560,\"height\":1707,\"caption\":\"Et bygg i sollys delvis skjult av tr\u00e6r\"},{\"@type\":\"BreadcrumbList\",\"@id\":\"https:\\\/\\\/kirkensbymisjon.no\\\/tilbud-ressurssenter-for-norske-romer\\\/#breadcrumb\",\"itemListElement\":[{\"@type\":\"ListItem\",\"position\":1,\"name\":\"Hjem\",\"item\":\"https:\\\/\\\/kirkensbymisjon.no\\\/tilbud-ressurssenter-for-norske-romer\\\/\"},{\"@type\":\"ListItem\",\"position\":2,\"name\":\"Forside\"}]},{\"@type\":\"WebSite\",\"@id\":\"https:\\\/\\\/kirkensbymisjon.no\\\/tilbud-ressurssenter-for-norske-romer\\\/#website\",\"url\":\"https:\\\/\\\/kirkensbymisjon.no\\\/tilbud-ressurssenter-for-norske-romer\\\/\",\"name\":\"Ressurssenter for norske romer\",\"description\":\"\",\"potentialAction\":[{\"@type\":\"SearchAction\",\"target\":{\"@type\":\"EntryPoint\",\"urlTemplate\":\"https:\\\/\\\/kirkensbymisjon.no\\\/tilbud-ressurssenter-for-norske-romer\\\/?s={search_term_string}\"},\"query-input\":{\"@type\":\"PropertyValueSpecification\",\"valueRequired\":true,\"valueName\":\"search_term_string\"}}],\"inLanguage\":\"en-US\"}]}<\/script>\n<!-- \/ Yoast SEO Premium plugin. -->","yoast_head_json":{"title":"Kirkens Bymisjon - Ressurssenter for norske romer","description":"Rettighetsfokusert arbeid for \u00e5 sikre likeverd, motvirke diskriminering og fremme inkludering for norske romer.","robots":{"index":"index","follow":"follow","max-snippet":"max-snippet:-1","max-image-preview":"max-image-preview:large","max-video-preview":"max-video-preview:-1"},"canonical":"https:\/\/kirkensbymisjon.no\/tilbud-ressurssenter-for-norske-romer\/","og_locale":"en_US","og_type":"article","og_title":"Kirkens Bymisjon - Ressurssenter for norske romer","og_description":"Rettighetsfokusert arbeid for \u00e5 sikre likeverd, motvirke diskriminering og fremme inkludering for norske romer.","og_url":"https:\/\/kirkensbymisjon.no\/tilbud-ressurssenter-for-norske-romer\/","og_site_name":"Ressurssenter for norske romer","article_modified_time":"2025-11-28T11:06:20+00:00","og_image":[{"width":2560,"height":1707,"url":"https:\/\/kirkensbymisjon.no\/content\/uploads\/sites\/178\/2025\/11\/Tilbud_Ressurssenteret_01-scaled.jpg","type":"image\/jpeg"}],"twitter_card":"summary_large_image","twitter_title":"Forside","twitter_misc":{"Est. reading time":"1 minute"},"schema":{"@context":"https:\/\/schema.org","@graph":[{"@type":"WebPage","@id":"https:\/\/kirkensbymisjon.no\/tilbud-ressurssenter-for-norske-romer\/","url":"https:\/\/kirkensbymisjon.no\/tilbud-ressurssenter-for-norske-romer\/","name":"Kirkens Bymisjon - Ressurssenter for norske romer","isPartOf":{"@id":"https:\/\/kirkensbymisjon.no\/tilbud-ressurssenter-for-norske-romer\/#website"},"primaryImageOfPage":{"@id":"https:\/\/kirkensbymisjon.no\/tilbud-ressurssenter-for-norske-romer\/#primaryimage"},"image":{"@id":"https:\/\/kirkensbymisjon.no\/tilbud-ressurssenter-for-norske-romer\/#primaryimage"},"thumbnailUrl":"https:\/\/kirkensbymisjon.no\/content\/uploads\/sites\/178\/2025\/11\/Tilbud_Ressurssenteret_01-scaled.jpg","datePublished":"2025-11-28T10:27:49+00:00","dateModified":"2025-11-28T11:06:20+00:00","description":"Rettighetsfokusert arbeid for \u00e5 sikre likeverd, motvirke diskriminering og fremme inkludering for norske romer.","breadcrumb":{"@id":"https:\/\/kirkensbymisjon.no\/tilbud-ressurssenter-for-norske-romer\/#breadcrumb"},"inLanguage":"en-US","potentialAction":[{"@type":"ReadAction","target":["https:\/\/kirkensbymisjon.no\/tilbud-ressurssenter-for-norske-romer\/"]}]},{"@type":"ImageObject","inLanguage":"en-US","@id":"https:\/\/kirkensbymisjon.no\/tilbud-ressurssenter-for-norske-romer\/#primaryimage","url":"https:\/\/kirkensbymisjon.no\/content\/uploads\/sites\/178\/2025\/11\/Tilbud_Ressurssenteret_01-scaled.jpg","contentUrl":"https:\/\/kirkensbymisjon.no\/content\/uploads\/sites\/178\/2025\/11\/Tilbud_Ressurssenteret_01-scaled.jpg","width":2560,"height":1707,"caption":"Et bygg i sollys delvis skjult av tr\u00e6r"},{"@type":"BreadcrumbList","@id":"https:\/\/kirkensbymisjon.no\/tilbud-ressurssenter-for-norske-romer\/#breadcrumb","itemListElement":[{"@type":"ListItem","position":1,"name":"Hjem","item":"https:\/\/kirkensbymisjon.no\/tilbud-ressurssenter-for-norske-romer\/"},{"@type":"ListItem","position":2,"name":"Forside"}]},{"@type":"WebSite","@id":"https:\/\/kirkensbymisjon.no\/tilbud-ressurssenter-for-norske-romer\/#website","url":"https:\/\/kirkensbymisjon.no\/tilbud-ressurssenter-for-norske-romer\/","name":"Ressurssenter for norske romer","description":"","potentialAction":[{"@type":"SearchAction","target":{"@type":"EntryPoint","urlTemplate":"https:\/\/kirkensbymisjon.no\/tilbud-ressurssenter-for-norske-romer\/?s={search_term_string}"},"query-input":{"@type":"PropertyValueSpecification","valueRequired":true,"valueName":"search_term_string"}}],"inLanguage":"en-US"}]}},"_links":{"self":[{"href":"https:\/\/kirkensbymisjon.no\/tilbud-ressurssenter-for-norske-romer\/wp-json\/wp\/v2\/pages\/3","targetHints":{"allow":["GET"]}}],"collection":[{"href":"https:\/\/kirkensbymisjon.no\/tilbud-ressurssenter-for-norske-romer\/wp-json\/wp\/v2\/pages"}],"about":[{"href":"https:\/\/kirkensbymisjon.no\/tilbud-ressurssenter-for-norske-romer\/wp-json\/wp\/v2\/types\/page"}],"author":[{"embeddable":true,"href":"https:\/\/kirkensbymisjon.no\/tilbud-ressurssenter-for-norske-romer\/wp-json\/wp\/v2\/users\/4"}],"replies":[{"embeddable":true,"href":"https:\/\/kirkensbymisjon.no\/tilbud-ressurssenter-for-norske-romer\/wp-json\/wp\/v2\/comments?post=3"}],"version-history":[{"count":3,"href":"https:\/\/kirkensbymisjon.no\/tilbud-ressurssenter-for-norske-romer\/wp-json\/wp\/v2\/pages\/3\/revisions"}],"predecessor-version":[{"id":33,"href":"https:\/\/kirkensbymisjon.no\/tilbud-ressurssenter-for-norske-romer\/wp-json\/wp\/v2\/pages\/3\/revisions\/33"}],"wp:featuredmedia":[{"embeddable":true,"href":"https:\/\/kirkensbymisjon.no\/tilbud-ressurssenter-for-norske-romer\/wp-json\/wp\/v2\/media\/13"}],"wp:attachment":[{"href":"https:\/\/kirkensbymisjon.no\/tilbud-ressurssenter-for-norske-romer\/wp-json\/wp\/v2\/media?parent=3"}],"curies":[{"name":"wp","href":"https:\/\/api.w.org\/{rel}","templated":true}]}}