{"id":10,"date":"2025-02-28T09:57:26","date_gmt":"2025-02-28T08:57:26","guid":{"rendered":"https:\/\/kirkensbymisjon.no\/tilbud-rettshjelp-a-krim\/?page_id=10"},"modified":"2026-04-08T15:02:45","modified_gmt":"2026-04-08T13:02:45","slug":"finn-oss","status":"publish","type":"page","link":"https:\/\/kirkensbymisjon.no\/tilbud-rettshjelp-a-krim\/finn-oss\/","title":{"rendered":"Finn oss"},"content":{"rendered":"\n<h2 class=\"wp-block-heading\" id=\"h-rettshjelp-a-krim\">Rettshjelp A-krim<\/h2>\n\n\n\n<p>Rettshjelp A-krim holder til i Jusshuset like ved Karl Johans gate, sammen med <a href=\"https:\/\/kirkensbymisjon.no\/tilbud-gatejuristen\">Gatejuristen<\/a>, <a href=\"https:\/\/kirkensbymisjon.no\/tilbud-ung-rettshjelp\">Ung rettshjelp<\/a>, JURK og Jussbuss. Vi tar inn saker fra hele landet.<\/p>\n\n\n\n<p>Husk at jo tidligere du kommer i gang med saken din jo st\u00f8rre er sannsynligheten for at vi kan oppn\u00e5 et godt resultat for deg.<\/p>\n\n\n\n<p>Vi anbefaler at du tar kontakt med oss p\u00e5 forh\u00e5nd for \u00e5 avtale tid for samtale. Dersom du ikke har mulighet til \u00e5 m\u00f8te oss fysisk, kan vi ogs\u00e5 gi veiledning over telefon eller e-post. <\/p>\n\n\n<div class=\"t2-accordion wp-block-t2-accordion\" data-allow-multiple=\"1\" role=\"list\">\n<div class=\"t2-accordion-item wp-block-t2-accordion-item\" role=\"listitem\">\n\t\t\t<h2 class=\"t2-accordion-title\">\n\t\t\t\t<button type=\"button\" class=\"t2-accordion-trigger\" id=\"saksmottak\" aria-controls=\"accordion-panel\" aria-expanded=\"false\">\n\t\t\t\t\tSaksmottak\n\t\t\t\t\t<span class=\"t2-accordion-icon is-closed-icon\"><svg xmlns=\"http:\/\/www.w3.org\/2000\/svg\" viewBox=\"0 0 24 24\" height=\"24\" width=\"24\" class=\"t2-icon t2-icon-plus\" aria-hidden=\"true\" focusable=\"false\"><path d=\"M11.8 5.037a1.088 1.088 0 0 0-.722.566c-.075.148-.078.25-.078 2.772v2.619l-2.61.016c-1.867.012-2.652.03-2.756.064-.168.055-.438.301-.54.494-.049.092-.07.223-.07.432 0 .34.054.476.282.704.289.289.14.275 3.064.288l2.63.012v2.619c0 2.544.002 2.625.08 2.778.191.372.516.577.92.577s.729-.205.92-.577c.078-.153.08-.234.08-2.778v-2.619l2.63-.012c2.924-.013 2.775.001 3.064-.288.228-.228.282-.364.282-.704 0-.209-.021-.34-.07-.432-.102-.193-.372-.439-.54-.494-.104-.034-.889-.052-2.756-.064L13 10.994V8.375c0-2.522-.003-2.624-.078-2.772-.214-.418-.685-.656-1.122-.566\"\/><\/svg><\/span>\n\t\t\t\t\t<span class=\"t2-accordion-icon is-open-icon\"><svg xmlns=\"http:\/\/www.w3.org\/2000\/svg\" viewBox=\"0 0 24 24\" height=\"24\" width=\"24\" class=\"t2-icon t2-icon-chevronup\" aria-hidden=\"true\" focusable=\"false\"><path d=\"M6.7 14.7c-.2-.2-.3-.4-.3-.7s.1-.5.3-.7l4.6-4.6c.1-.1.2-.2.3-.2.1 0 .2-.1.4-.1.1 0 .3 0 .4.1.1 0 .2.1.3.2l4.6 4.6c.2.2.3.4.3.7s-.1.5-.3.7c-.2.2-.4.3-.7.3s-.5-.1-.7-.3L12 10.8l-3.9 3.9c-.2.2-.4.3-.7.3s-.5-.1-.7-.3z\" fill=\"currentColor\" \/><\/svg><\/span>\n\t\t\t\t<\/button>\n\t\t\t<\/h2>\n\t\t\t<div class=\"t2-accordion-item__inner-container is-layout-flow\" id=\"accordion-panel\" aria-labelledby=\"saksmottak\" role=\"region\" hidden>\n\t\t\t\t\n\n<p><strong>Adresse: <\/strong><br>Bymisjonssenteret, Oslo<br>Herslebs gate 43, 0578 Oslo.<\/p>\n\n\n\n<p><strong>Telefon:<\/strong> <br><a href=\"tel:22666780\">22 66 67 80<\/a><\/p>\n\n\n\n<p><strong>\u00c5pningstider:<\/strong><br>Mandag, kl. 12.00\u201316.00<br>Onsdag, kl. 12.00\u201316.00<\/p>\n\n\n\t\t\t<\/div>\n\t\t<\/div>\n\n<div class=\"t2-accordion-item wp-block-t2-accordion-item\" role=\"listitem\">\n\t\t\t<h2 class=\"t2-accordion-title\">\n\t\t\t\t<button type=\"button\" class=\"t2-accordion-trigger\" id=\"digitalt-saksmottak\" aria-controls=\"accordion-panel-1\" aria-expanded=\"false\">\n\t\t\t\t\tDigitalt saksmottak\n\t\t\t\t\t<span class=\"t2-accordion-icon is-closed-icon\"><svg xmlns=\"http:\/\/www.w3.org\/2000\/svg\" viewBox=\"0 0 24 24\" height=\"24\" width=\"24\" class=\"t2-icon t2-icon-plus\" aria-hidden=\"true\" focusable=\"false\"><path d=\"M11.8 5.037a1.088 1.088 0 0 0-.722.566c-.075.148-.078.25-.078 2.772v2.619l-2.61.016c-1.867.012-2.652.03-2.756.064-.168.055-.438.301-.54.494-.049.092-.07.223-.07.432 0 .34.054.476.282.704.289.289.14.275 3.064.288l2.63.012v2.619c0 2.544.002 2.625.08 2.778.191.372.516.577.92.577s.729-.205.92-.577c.078-.153.08-.234.08-2.778v-2.619l2.63-.012c2.924-.013 2.775.001 3.064-.288.228-.228.282-.364.282-.704 0-.209-.021-.34-.07-.432-.102-.193-.372-.439-.54-.494-.104-.034-.889-.052-2.756-.064L13 10.994V8.375c0-2.522-.003-2.624-.078-2.772-.214-.418-.685-.656-1.122-.566\"\/><\/svg><\/span>\n\t\t\t\t\t<span class=\"t2-accordion-icon is-open-icon\"><svg xmlns=\"http:\/\/www.w3.org\/2000\/svg\" viewBox=\"0 0 24 24\" height=\"24\" width=\"24\" class=\"t2-icon t2-icon-chevronup\" aria-hidden=\"true\" focusable=\"false\"><path d=\"M6.7 14.7c-.2-.2-.3-.4-.3-.7s.1-.5.3-.7l4.6-4.6c.1-.1.2-.2.3-.2.1 0 .2-.1.4-.1.1 0 .3 0 .4.1.1 0 .2.1.3.2l4.6 4.6c.2.2.3.4.3.7s-.1.5-.3.7c-.2.2-.4.3-.7.3s-.5-.1-.7-.3L12 10.8l-3.9 3.9c-.2.2-.4.3-.7.3s-.5-.1-.7-.3z\" fill=\"currentColor\" \/><\/svg><\/span>\n\t\t\t\t<\/button>\n\t\t\t<\/h2>\n\t\t\t<div class=\"t2-accordion-item__inner-container is-layout-flow\" id=\"accordion-panel-1\" aria-labelledby=\"digitalt-saksmottak\" role=\"region\" hidden>\n\t\t\t\t\n\n<p>Her kan du sende inn en ny sak, eller du kan sende inn dokumenter i en allerede eksisterende sak. Dette gj\u00f8r du via Nettskjema i lenkene under:<\/p>\n\n\n\n<ul class=\"wp-block-list\">\n<li><a href=\"https:\/\/nettskjema.no\/a\/487783\" target=\"_blank\" rel=\"noreferrer noopener\">Send inn en ny sak<\/a>. &#8211; <strong>Vi har saksstopp frem til 27. april<\/strong><\/li>\n\n\n\n<li><a href=\"https:\/\/nettskjema.no\/a\/496718\" target=\"_blank\" rel=\"noreferrer noopener\">Send inn dokumenter i en eksisterende sak.<\/a><\/li>\n<\/ul>\n\n\n\t\t\t<\/div>\n\t\t<\/div>\n\n<div class=\"t2-accordion-item wp-block-t2-accordion-item\" role=\"listitem\">\n\t\t\t<h2 class=\"t2-accordion-title\">\n\t\t\t\t<button type=\"button\" class=\"t2-accordion-trigger\" id=\"\u00f8vrig-kontaktinformasjon\" aria-controls=\"accordion-panel-2\" aria-expanded=\"false\">\n\t\t\t\t\t\u00d8vrig kontaktinformasjon\n\t\t\t\t\t<span class=\"t2-accordion-icon is-closed-icon\"><svg xmlns=\"http:\/\/www.w3.org\/2000\/svg\" viewBox=\"0 0 24 24\" height=\"24\" width=\"24\" class=\"t2-icon t2-icon-plus\" aria-hidden=\"true\" focusable=\"false\"><path d=\"M11.8 5.037a1.088 1.088 0 0 0-.722.566c-.075.148-.078.25-.078 2.772v2.619l-2.61.016c-1.867.012-2.652.03-2.756.064-.168.055-.438.301-.54.494-.049.092-.07.223-.07.432 0 .34.054.476.282.704.289.289.14.275 3.064.288l2.63.012v2.619c0 2.544.002 2.625.08 2.778.191.372.516.577.92.577s.729-.205.92-.577c.078-.153.08-.234.08-2.778v-2.619l2.63-.012c2.924-.013 2.775.001 3.064-.288.228-.228.282-.364.282-.704 0-.209-.021-.34-.07-.432-.102-.193-.372-.439-.54-.494-.104-.034-.889-.052-2.756-.064L13 10.994V8.375c0-2.522-.003-2.624-.078-2.772-.214-.418-.685-.656-1.122-.566\"\/><\/svg><\/span>\n\t\t\t\t\t<span class=\"t2-accordion-icon is-open-icon\"><svg xmlns=\"http:\/\/www.w3.org\/2000\/svg\" viewBox=\"0 0 24 24\" height=\"24\" width=\"24\" class=\"t2-icon t2-icon-chevronup\" aria-hidden=\"true\" focusable=\"false\"><path d=\"M6.7 14.7c-.2-.2-.3-.4-.3-.7s.1-.5.3-.7l4.6-4.6c.1-.1.2-.2.3-.2.1 0 .2-.1.4-.1.1 0 .3 0 .4.1.1 0 .2.1.3.2l4.6 4.6c.2.2.3.4.3.7s-.1.5-.3.7c-.2.2-.4.3-.7.3s-.5-.1-.7-.3L12 10.8l-3.9 3.9c-.2.2-.4.3-.7.3s-.5-.1-.7-.3z\" fill=\"currentColor\" \/><\/svg><\/span>\n\t\t\t\t<\/button>\n\t\t\t<\/h2>\n\t\t\t<div class=\"t2-accordion-item__inner-container is-layout-flow\" id=\"accordion-panel-2\" aria-labelledby=\"\u00f8vrig-kontaktinformasjon\" role=\"region\" hidden>\n\t\t\t\t\n\n<p><strong>Postadresse: <\/strong><br>Skippergata 23, 0154 Oslo.<\/p>\n\n\n\t\t\t<\/div>\n\t\t<\/div>\n\n<div class=\"t2-accordion-item wp-block-t2-accordion-item\" role=\"listitem\">\n\t\t\t<h2 class=\"t2-accordion-title\">\n\t\t\t\t<button type=\"button\" class=\"t2-accordion-trigger\" id=\"kontaktpersoner\" aria-controls=\"accordion-panel-3\" aria-expanded=\"false\">\n\t\t\t\t\tKontaktpersoner\n\t\t\t\t\t<span class=\"t2-accordion-icon is-closed-icon\"><svg xmlns=\"http:\/\/www.w3.org\/2000\/svg\" viewBox=\"0 0 24 24\" height=\"24\" width=\"24\" class=\"t2-icon t2-icon-plus\" aria-hidden=\"true\" focusable=\"false\"><path d=\"M11.8 5.037a1.088 1.088 0 0 0-.722.566c-.075.148-.078.25-.078 2.772v2.619l-2.61.016c-1.867.012-2.652.03-2.756.064-.168.055-.438.301-.54.494-.049.092-.07.223-.07.432 0 .34.054.476.282.704.289.289.14.275 3.064.288l2.63.012v2.619c0 2.544.002 2.625.08 2.778.191.372.516.577.92.577s.729-.205.92-.577c.078-.153.08-.234.08-2.778v-2.619l2.63-.012c2.924-.013 2.775.001 3.064-.288.228-.228.282-.364.282-.704 0-.209-.021-.34-.07-.432-.102-.193-.372-.439-.54-.494-.104-.034-.889-.052-2.756-.064L13 10.994V8.375c0-2.522-.003-2.624-.078-2.772-.214-.418-.685-.656-1.122-.566\"\/><\/svg><\/span>\n\t\t\t\t\t<span class=\"t2-accordion-icon is-open-icon\"><svg xmlns=\"http:\/\/www.w3.org\/2000\/svg\" viewBox=\"0 0 24 24\" height=\"24\" width=\"24\" class=\"t2-icon t2-icon-chevronup\" aria-hidden=\"true\" focusable=\"false\"><path d=\"M6.7 14.7c-.2-.2-.3-.4-.3-.7s.1-.5.3-.7l4.6-4.6c.1-.1.2-.2.3-.2.1 0 .2-.1.4-.1.1 0 .3 0 .4.1.1 0 .2.1.3.2l4.6 4.6c.2.2.3.4.3.7s-.1.5-.3.7c-.2.2-.4.3-.7.3s-.5-.1-.7-.3L12 10.8l-3.9 3.9c-.2.2-.4.3-.7.3s-.5-.1-.7-.3z\" fill=\"currentColor\" \/><\/svg><\/span>\n\t\t\t\t<\/button>\n\t\t\t<\/h2>\n\t\t\t<div class=\"t2-accordion-item__inner-container is-layout-flow\" id=\"accordion-panel-3\" aria-labelledby=\"kontaktpersoner\" role=\"region\" hidden>\n\t\t\t\t\n\n<p><\/p>\n\n\n\t<div class=\"wp-block-kbm-byline\">\n\t\t\t\t\t<p class=\"kbm-byline__role\">Virksomhetsleder \/ Rettshjelp \u00d8st<\/p>\n\t\t\t\t<p class=\"kbm-byline__name\">Marta Slinde<\/p>\n\t\t\t\t\t<ul>\n\t\t\t\t\t\t\t\t\t<li><a href=\"mailto:&#109;a&#114;&#116;&#097;&#046;s&#108;inde&#064;&#098;&#121;mi&#115;&#106;o&#110;&#046;&#110;&#111;\">&#109;a&#114;&#116;&#097;&#046;s&#108;inde&#064;&#098;&#121;mi&#115;&#106;o&#110;&#046;&#110;&#111;<\/a><\/li>\n\t\t\t\t\t\t\t<\/ul>\n\t\t\t<\/div>\n\t\n\n\t<div class=\"wp-block-kbm-byline\">\n\t\t\t\t\t<p class=\"kbm-byline__role\">Fagleder \/ Rettshjelp \u00d8st<\/p>\n\t\t\t\t<p class=\"kbm-byline__name\">J\u00f8rgen Markus J\u00f8rgensen<\/p>\n\t\t\t\t\t<ul>\n\t\t\t\t\t\t\t\t\t<li><a href=\"mailto:&#106;orgen&#046;j&#111;r&#103;&#101;n&#115;&#101;&#110;&#064;&#098;&#121;m&#105;sjo&#110;.&#110;&#111;\">&#106;orgen&#046;j&#111;r&#103;&#101;n&#115;&#101;&#110;&#064;&#098;&#121;m&#105;sjo&#110;.&#110;&#111;<\/a><\/li>\n\t\t\t\t\t\t\t<\/ul>\n\t\t\t<\/div>\n\t\n\n\t<div class=\"wp-block-kbm-byline\">\n\t\t\t\t\t<p class=\"kbm-byline__role\">Jurist og tiltakskoordinator \/ Rettshjelp A-Krim<\/p>\n\t\t\t\t<p class=\"kbm-byline__name\">Sheraz Malik<\/p>\n\t\t\t\t\t<ul>\n\t\t\t\t\t\t\t\t\t<li><a href=\"mailto:&#115;he&#114;&#097;&#122;&#046;&#109;a&#108;i&#107;&#064;&#098;&#121;&#109;&#105;&#115;&#106;o&#110;.n&#111;\">&#115;he&#114;&#097;&#122;&#046;&#109;a&#108;i&#107;&#064;&#098;&#121;&#109;&#105;&#115;&#106;o&#110;.n&#111;<\/a><\/li>\n\t\t\t\t\t\t\t<\/ul>\n\t\t\t<\/div>\n\t\n\n\t<div class=\"wp-block-kbm-byline\">\n\t\t\t\t\t<p class=\"kbm-byline__role\">Jurist \/ Rettshjelp A-Krim<\/p>\n\t\t\t\t<p class=\"kbm-byline__name\">Gradislava Egoroff<\/p>\n\t\t\t\t\t<ul>\n\t\t\t\t\t\t\t\t\t<li><a href=\"mailto:&#071;ra&#100;&#105;sl&#097;va&#046;e&#103;&#111;r&#111;f&#102;&#064;by&#109;&#105;&#115;j&#111;&#110;.&#110;o\">&#071;ra&#100;&#105;sl&#097;va&#046;e&#103;&#111;r&#111;f&#102;&#064;by&#109;&#105;&#115;j&#111;&#110;.&#110;o<\/a><\/li>\n\t\t\t\t\t\t\t<\/ul>\n\t\t\t<\/div>\n\t\n\n\t<div class=\"wp-block-kbm-byline\">\n\t\t\t\t\t<p class=\"kbm-byline__role\">Administrasjonskonsulent \/ Rettshjelp \u00d8st<\/p>\n\t\t\t\t<p class=\"kbm-byline__name\">Trine Vik<\/p>\n\t\t\t\t\t<ul>\n\t\t\t\t\t\t\t\t\t<li><a href=\"mailto:&#116;r&#105;n&#101;&#046;&#118;&#105;&#107;&#064;&#098;ymisjon&#046;no\">&#116;r&#105;n&#101;&#046;&#118;&#105;&#107;&#064;&#098;ymisjon&#046;no<\/a><\/li>\n\t\t\t\t\t\t\t<\/ul>\n\t\t\t<\/div>\n\t\n\n\t\t\t<\/div>\n\t\t<\/div>\n<\/div>\n\n\n<p><br><\/p>\n\n\n\n<p><\/p>\n","protected":false},"excerpt":{"rendered":"<p>Rettshjelp A-krim Rettshjelp A-krim holder til i Jusshuset like ved Karl Johans gate, sammen med&hellip;<\/p>\n","protected":false},"author":4,"featured_media":0,"parent":0,"menu_order":0,"comment_status":"closed","ping_status":"closed","template":"","meta":{"_relevanssi_hide_post":"","_relevanssi_hide_content":"","_relevanssi_pin_for_all":"","_relevanssi_pin_keywords":"","_relevanssi_unpin_keywords":"","_relevanssi_related_keywords":"","_relevanssi_related_include_ids":"","_relevanssi_related_exclude_ids":"","_relevanssi_related_no_append":"","_relevanssi_related_not_related":"","_relevanssi_related_posts":"1","_relevanssi_noindex_reason":"","editor_notices":[],"footnotes":""},"class_list":["post-10","page","type-page","status-publish","hentry"],"yoast_head":"<!-- This site is optimized with the Yoast SEO Premium plugin v27.2 (Yoast SEO v27.4) - https:\/\/yoast.com\/product\/yoast-seo-premium-wordpress\/ -->\n<title>Finn oss - Rettshjelp A-krim<\/title>\n<meta name=\"robots\" content=\"index, follow, max-snippet:-1, max-image-preview:large, max-video-preview:-1\" \/>\n<link rel=\"canonical\" href=\"https:\/\/kirkensbymisjon.no\/tilbud-rettshjelp-a-krim\/finn-oss\/\" \/>\n<meta property=\"og:locale\" content=\"nb_NO\" \/>\n<meta property=\"og:type\" content=\"article\" \/>\n<meta property=\"og:title\" content=\"Finn oss\" \/>\n<meta property=\"og:description\" content=\"Rettshjelp A-krim Rettshjelp A-krim holder til i Jusshuset like ved Karl Johans gate, sammen med&hellip;\" \/>\n<meta property=\"og:url\" content=\"https:\/\/kirkensbymisjon.no\/tilbud-rettshjelp-a-krim\/finn-oss\/\" \/>\n<meta property=\"og:site_name\" content=\"Rettshjelp A-krim\" \/>\n<meta property=\"article:modified_time\" content=\"2026-04-08T13:02:45+00:00\" \/>\n<meta name=\"twitter:card\" content=\"summary_large_image\" \/>\n<meta name=\"twitter:label1\" content=\"Ansl. lesetid\" \/>\n\t<meta name=\"twitter:data1\" content=\"1 minutt\" \/>\n<script type=\"application\/ld+json\" class=\"yoast-schema-graph\">{\"@context\":\"https:\\\/\\\/schema.org\",\"@graph\":[{\"@type\":\"WebPage\",\"@id\":\"https:\\\/\\\/kirkensbymisjon.no\\\/tilbud-rettshjelp-a-krim\\\/finn-oss\\\/\",\"url\":\"https:\\\/\\\/kirkensbymisjon.no\\\/tilbud-rettshjelp-a-krim\\\/finn-oss\\\/\",\"name\":\"Finn oss - Rettshjelp A-krim\",\"isPartOf\":{\"@id\":\"https:\\\/\\\/kirkensbymisjon.no\\\/tilbud-rettshjelp-a-krim\\\/#website\"},\"datePublished\":\"2025-02-28T08:57:26+00:00\",\"dateModified\":\"2026-04-08T13:02:45+00:00\",\"breadcrumb\":{\"@id\":\"https:\\\/\\\/kirkensbymisjon.no\\\/tilbud-rettshjelp-a-krim\\\/finn-oss\\\/#breadcrumb\"},\"inLanguage\":\"nb-NO\",\"potentialAction\":[{\"@type\":\"ReadAction\",\"target\":[\"https:\\\/\\\/kirkensbymisjon.no\\\/tilbud-rettshjelp-a-krim\\\/finn-oss\\\/\"]}]},{\"@type\":\"BreadcrumbList\",\"@id\":\"https:\\\/\\\/kirkensbymisjon.no\\\/tilbud-rettshjelp-a-krim\\\/finn-oss\\\/#breadcrumb\",\"itemListElement\":[{\"@type\":\"ListItem\",\"position\":1,\"name\":\"Hjem\",\"item\":\"https:\\\/\\\/kirkensbymisjon.no\\\/tilbud-rettshjelp-a-krim\\\/\"},{\"@type\":\"ListItem\",\"position\":2,\"name\":\"Finn oss\"}]},{\"@type\":\"WebSite\",\"@id\":\"https:\\\/\\\/kirkensbymisjon.no\\\/tilbud-rettshjelp-a-krim\\\/#website\",\"url\":\"https:\\\/\\\/kirkensbymisjon.no\\\/tilbud-rettshjelp-a-krim\\\/\",\"name\":\"Rettshjelp A-krim\",\"description\":\"\",\"potentialAction\":[{\"@type\":\"SearchAction\",\"target\":{\"@type\":\"EntryPoint\",\"urlTemplate\":\"https:\\\/\\\/kirkensbymisjon.no\\\/tilbud-rettshjelp-a-krim\\\/?s={search_term_string}\"},\"query-input\":{\"@type\":\"PropertyValueSpecification\",\"valueRequired\":true,\"valueName\":\"search_term_string\"}}],\"inLanguage\":\"nb-NO\"}]}<\/script>\n<!-- \/ Yoast SEO Premium plugin. -->","yoast_head_json":{"title":"Finn oss - Rettshjelp A-krim","robots":{"index":"index","follow":"follow","max-snippet":"max-snippet:-1","max-image-preview":"max-image-preview:large","max-video-preview":"max-video-preview:-1"},"canonical":"https:\/\/kirkensbymisjon.no\/tilbud-rettshjelp-a-krim\/finn-oss\/","og_locale":"nb_NO","og_type":"article","og_title":"Finn oss","og_description":"Rettshjelp A-krim Rettshjelp A-krim holder til i Jusshuset like ved Karl Johans gate, sammen med&hellip;","og_url":"https:\/\/kirkensbymisjon.no\/tilbud-rettshjelp-a-krim\/finn-oss\/","og_site_name":"Rettshjelp A-krim","article_modified_time":"2026-04-08T13:02:45+00:00","twitter_card":"summary_large_image","twitter_misc":{"Ansl. lesetid":"1 minutt"},"schema":{"@context":"https:\/\/schema.org","@graph":[{"@type":"WebPage","@id":"https:\/\/kirkensbymisjon.no\/tilbud-rettshjelp-a-krim\/finn-oss\/","url":"https:\/\/kirkensbymisjon.no\/tilbud-rettshjelp-a-krim\/finn-oss\/","name":"Finn oss - Rettshjelp A-krim","isPartOf":{"@id":"https:\/\/kirkensbymisjon.no\/tilbud-rettshjelp-a-krim\/#website"},"datePublished":"2025-02-28T08:57:26+00:00","dateModified":"2026-04-08T13:02:45+00:00","breadcrumb":{"@id":"https:\/\/kirkensbymisjon.no\/tilbud-rettshjelp-a-krim\/finn-oss\/#breadcrumb"},"inLanguage":"nb-NO","potentialAction":[{"@type":"ReadAction","target":["https:\/\/kirkensbymisjon.no\/tilbud-rettshjelp-a-krim\/finn-oss\/"]}]},{"@type":"BreadcrumbList","@id":"https:\/\/kirkensbymisjon.no\/tilbud-rettshjelp-a-krim\/finn-oss\/#breadcrumb","itemListElement":[{"@type":"ListItem","position":1,"name":"Hjem","item":"https:\/\/kirkensbymisjon.no\/tilbud-rettshjelp-a-krim\/"},{"@type":"ListItem","position":2,"name":"Finn oss"}]},{"@type":"WebSite","@id":"https:\/\/kirkensbymisjon.no\/tilbud-rettshjelp-a-krim\/#website","url":"https:\/\/kirkensbymisjon.no\/tilbud-rettshjelp-a-krim\/","name":"Rettshjelp A-krim","description":"","potentialAction":[{"@type":"SearchAction","target":{"@type":"EntryPoint","urlTemplate":"https:\/\/kirkensbymisjon.no\/tilbud-rettshjelp-a-krim\/?s={search_term_string}"},"query-input":{"@type":"PropertyValueSpecification","valueRequired":true,"valueName":"search_term_string"}}],"inLanguage":"nb-NO"}]}},"_links":{"self":[{"href":"https:\/\/kirkensbymisjon.no\/tilbud-rettshjelp-a-krim\/wp-json\/wp\/v2\/pages\/10","targetHints":{"allow":["GET"]}}],"collection":[{"href":"https:\/\/kirkensbymisjon.no\/tilbud-rettshjelp-a-krim\/wp-json\/wp\/v2\/pages"}],"about":[{"href":"https:\/\/kirkensbymisjon.no\/tilbud-rettshjelp-a-krim\/wp-json\/wp\/v2\/types\/page"}],"author":[{"embeddable":true,"href":"https:\/\/kirkensbymisjon.no\/tilbud-rettshjelp-a-krim\/wp-json\/wp\/v2\/users\/4"}],"replies":[{"embeddable":true,"href":"https:\/\/kirkensbymisjon.no\/tilbud-rettshjelp-a-krim\/wp-json\/wp\/v2\/comments?post=10"}],"version-history":[{"count":5,"href":"https:\/\/kirkensbymisjon.no\/tilbud-rettshjelp-a-krim\/wp-json\/wp\/v2\/pages\/10\/revisions"}],"predecessor-version":[{"id":57,"href":"https:\/\/kirkensbymisjon.no\/tilbud-rettshjelp-a-krim\/wp-json\/wp\/v2\/pages\/10\/revisions\/57"}],"wp:attachment":[{"href":"https:\/\/kirkensbymisjon.no\/tilbud-rettshjelp-a-krim\/wp-json\/wp\/v2\/media?parent=10"}],"curies":[{"name":"wp","href":"https:\/\/api.w.org\/{rel}","templated":true}]}}