{"id":3,"date":"2025-02-28T09:53:51","date_gmt":"2025-02-28T08:53:51","guid":{"rendered":"https:\/\/kirkensbymisjon.no\/tilbud-rettshjelp-a-krim\/forside\/"},"modified":"2025-03-06T11:18:56","modified_gmt":"2025-03-06T10:18:56","slug":"forside","status":"publish","type":"page","link":"https:\/\/kirkensbymisjon.no\/tilbud-rettshjelp-a-krim\/","title":{"rendered":"Forside"},"content":{"rendered":"\n<div class=\"wp-block-media-text alignwide is-stacked-on-mobile is-style-filled\"><figure class=\"wp-block-media-text__media\"><img loading=\"lazy\" decoding=\"async\" width=\"1000\" height=\"500\" src=\"https:\/\/kirkensbymisjon.no\/content\/uploads\/sites\/173\/2025\/02\/Tilbud_A-krim_02.jpeg\" alt=\"\" class=\"wp-image-18 size-full\" srcset=\"https:\/\/kirkensbymisjon.no\/content\/uploads\/sites\/173\/2025\/02\/Tilbud_A-krim_02.jpeg 1000w, https:\/\/kirkensbymisjon.no\/content\/uploads\/sites\/173\/2025\/02\/Tilbud_A-krim_02-300x150.jpeg 300w, https:\/\/kirkensbymisjon.no\/content\/uploads\/sites\/173\/2025\/02\/Tilbud_A-krim_02-768x384.jpeg 768w\" sizes=\"auto, (max-width: 1000px) 100vw, 1000px\" \/><\/figure><div class=\"wp-block-media-text__content\">\n<h2 class=\"wp-block-heading\" id=\"h-har-du-et-sporsmal-eller-en-sak-til-oss\">Har du et sp\u00f8rsm\u00e5l eller en sak til oss?<\/h2>\n\n\n\n<p>Vi har digitalt saksmottak. Send oss en ny sak, eller send inn dokumenter i en allerede eksisterende sak via Nettskjema her:<\/p>\n\n\n\n<p><\/p>\n\n\n\n<h2 class=\"wp-block-heading\" id=\"h-\"><\/h2>\n\n\n\n<div class=\"wp-block-button\"><a class=\"wp-block-button__link wp-element-button\" href=\"https:\/\/nettskjema.no\/a\/487783\" target=\"_blank\" rel=\"noreferrer noopener\">Send inn sp\u00f8rsm\u00e5l eller ny sak<\/a><\/div>\n\n\n\n<div class=\"wp-block-button\"><a class=\"wp-block-button__link wp-element-button\" href=\"https:\/\/nettskjema.no\/a\/496718\" target=\"_blank\" rel=\"noreferrer noopener\">Send inn dokumenter i en registrert sak<\/a><\/div>\n<\/div><\/div>\n\n\n\t<div class=\"alignwide wp-block-kbm-link-list\">\n\t\t<div class=\"kbm-link-list__items\">\n\t\t\t\n<div class=\"wp-block-kbm-link-list-item\">\t<svg xmlns=\"http:\/\/www.w3.org\/2000\/svg\" viewBox=\"0 0 48 48\" height=\"24\" width=\"24\" class=\"t2-icon t2-icon-volunteering\" aria-hidden=\"true\" focusable=\"false\"><path d=\"M23.33 1.157c-.459.164-.862.527-1.11 1.001l-.22.42v9.211c0 10.395.045 9.659-.603 9.883-.286.098-.356.096-.601-.02-.55-.261-.512.307-.556-8.212-.044-8.585-.004-7.999-.593-8.588-.506-.505-.872-.65-1.647-.65-.55 0-.744.034-1.015.178-.412.219-.843.653-1.039 1.046-.139.28-.148.907-.186 13.494l-.04 13.2-2.888-4.321c-3.002-4.493-3.036-4.536-3.788-4.84-.357-.145-1.245-.13-1.604.026-.899.391-1.4 1.126-1.4 2.055 0 .605.105.842.971 2.201.826 1.295 1.75 3.04 2.71 5.119 1.268 2.745 2.467 5.172 2.981 6.034 2.373 3.98 5.378 5.888 10.151 6.446 1.014.119 3.559.163 4.113.071l.286-.047-3.126-3.048c-1.719-1.675-3.315-3.265-3.546-3.531-.922-1.066-1.411-2.4-1.407-3.845.005-2.62 1.651-4.838 4.227-5.698.58-.193.756-.214 1.88-.218 1.081-.003 1.317.02 1.84.182 1.024.318 1.849.825 2.736 1.681l.456.441.595-.565c1.254-1.192 2.72-1.781 4.436-1.782 1.081-.002 2.292.349 3.19.924l.427.273v-9.73c0-7.226-.024-9.81-.094-10.043-.12-.402-.632-.984-1.056-1.201-.398-.204-1.304-.281-1.783-.152a2.142 2.142 0 0 0-1.345 1.082l-.242.474-.04 6.593-.04 6.593-.19.154c-.427.346-.973.276-1.269-.162l-.181-.27-.001-9.088-.001-9.088-.188-.404c-.611-1.312-2.534-1.66-3.624-.655-.682.629-.621-.199-.666 9.099-.044 9.138-.004 8.51-.556 8.772-.245.116-.315.118-.601.02-.648-.224-.603.512-.603-9.883V2.578l-.223-.427c-.25-.478-.743-.901-1.199-1.027-.418-.116-1.359-.098-1.728.033m1.372 28.611c-1.11.121-2.023.574-2.869 1.423-1.568 1.572-1.855 3.79-.735 5.679.296.499.462.666 7.001 7.043l.698.681.542-.142c3.486-.919 6.794-3.671 8.386-6.979.723-1.504 1.098-2.941 1.243-4.77.11-1.383.113-1.375-.672-1.957-1.021-.758-1.887-1.019-3.21-.968-1.505.057-2.308.439-3.687 1.75-1.07 1.018-1.083 1.019-1.983.172-.928-.873-1.305-1.166-1.862-1.445a5.097 5.097 0 0 0-2.852-.487\"\/><\/svg>\t<div class=\"kbm-link-list-item__content\">\n\t\t<p class=\"kbm-link-list-item__title\">V\u00e5rt tilbud er gratis og uforpliktende.<\/p>\n\t\t\t<\/div>\n\t<\/div>\n\n<div class=\"wp-block-kbm-link-list-item\">\t<svg xmlns=\"http:\/\/www.w3.org\/2000\/svg\" viewBox=\"0 0 48 48\" height=\"24\" width=\"24\" class=\"t2-icon t2-icon-legal\" aria-hidden=\"true\" focusable=\"false\"><path d=\"M24.88 2.456c-.222.041-11.046 10.783-11.246 11.16-.183.346-.142.723.118 1.072.445.599 2.839 2.902 3.151 3.031.63.261.411.451 6.349-5.497 2.998-3.004 5.491-5.541 5.54-5.637.121-.24.11-.63-.025-.889-.151-.288-3.114-3.216-3.256-3.217a2.085 2.085 0 0 1-.271-.031 1.188 1.188 0 0 0-.36.008m-.373 10.924c-4.561 4.564-4.444 4.422-4.154 5.034.071.15 2.251 2.389 4.868 5 5.048 5.039 4.939 4.944 5.52 4.752.182-.06 1.508-1.334 4.4-4.228l4.139-4.142v-.876l-4.862-4.86-4.862-4.86h-.871l-4.178 4.18m17.373 6.312c-.259.14-10.919 10.806-11.053 11.059a1.04 1.04 0 0 0 .039 1.027c.089.144.696.788 1.348 1.431 1.246 1.228 1.427 1.342 1.966 1.229.208-.043 1.356-1.148 5.719-5.504 3.03-3.025 5.517-5.57 5.588-5.72.255-.538.147-.725-1.234-2.12-.689-.697-1.35-1.318-1.469-1.38-.255-.134-.679-.145-.904-.022M12.14 32.78c-6.804 6.804-9.606 9.655-9.667 9.84-.15.457.007.709 1.148 1.836 1.149 1.135 1.347 1.247 1.831 1.037.165-.072 3.921-3.773 9.808-9.666l9.54-9.549v-.872l-1.103-1.103-1.103-1.103h-.872l-9.582 9.58\"\/><\/svg>\t<div class=\"kbm-link-list-item__content\">\n\t\t<p class=\"kbm-link-list-item__title\">Vi jobber for dine rettigheter i arbeidslivet.<\/p>\n\t\t\t<\/div>\n\t<\/div>\n\n<div class=\"wp-block-kbm-link-list-item\">\t<svg xmlns=\"http:\/\/www.w3.org\/2000\/svg\" viewBox=\"0 0 48 48\" height=\"24\" width=\"24\" class=\"t2-icon t2-icon-conversations\" aria-hidden=\"true\" focusable=\"false\"><path d=\"M17.32 3.094c-5.657.702-10.128 3.89-11.592 8.266-.429 1.281-.554 2.15-.503 3.48.091 2.359.84 4.177 2.637 6.4l.194.24-1.547 2.48a1047.26 1047.26 0 0 0-2.025 3.256l-.477.776 2.297-.788c1.263-.433 3.316-1.138 4.562-1.568l2.266-.78.934.293c1.466.46 1.347.473 1.814-.197 2.253-3.232 6.618-5.596 11.23-6.078.871-.091 3.664-.057 4.456.054l.326.046.22-.49c.601-1.341.867-2.55.87-3.964.003-1.161-.111-1.889-.471-3-.548-1.693-1.441-3.086-2.858-4.456-2.194-2.121-5.095-3.478-8.345-3.904-.83-.109-3.313-.15-3.988-.066m9.974 16.986c-4.999.527-9.314 3.225-11.195 7-1.41 2.83-1.427 5.935-.047 8.712 2.876 5.789 10.846 8.631 17.838 6.361l.97-.315 4.51 1.553c2.481.855 4.521 1.543 4.534 1.53.014-.013-.878-1.472-1.981-3.242l-2.005-3.219.429-.53c1.19-1.471 1.904-2.945 2.27-4.685.168-.797.184-2.557.031-3.405-.236-1.313-.826-2.755-1.62-3.96-.612-.929-2.306-2.599-3.308-3.26-1.897-1.254-4.01-2.062-6.32-2.418-.979-.151-3.203-.217-4.106-.122\"\/><\/svg>\t<div class=\"kbm-link-list-item__content\">\n\t\t<p class=\"kbm-link-list-item__title\">Du kan kontakte oss anonymt.<\/p>\n\t\t\t<\/div>\n\t<\/div>\n\t\t<\/div>\n\t<\/div>\n\t\n\n\n<p>Har du blitt utnyttet p\u00e5 jobb? Ikke f\u00e5tt l\u00f8nn? Jobber du under d\u00e5rlige eller ulovlige forhold? <strong>Rettshjelp A-krim<\/strong> tilbyr gratis juridisk bistand til E\u00d8S-arbeidstakere som er utsatt for arbeidslivskriminalitet. Vi kan bist\u00e5 deg med r\u00e5d og veiledning, eller representere deg overfor en motpart.<\/p>\n\n\n\n<p>Vi hjelper i hovedsak arbeidstakere fra E\u00d8S-land som jobber i Norge. Mange som kommer til Norge for \u00e5 jobbe, opplever at arbeidsgivere bryter loven og utnytter s\u00e5rbare situasjoner. Vi er her for \u00e5 gi deg st\u00f8tte, veiledning og juridisk hjelp. <a href=\"https:\/\/kirkensbymisjon.no\/tilbud-rettshjelp-a-krim\/finn-oss\/\">Kontakt oss<\/a>.<\/p>\n","protected":false},"excerpt":{"rendered":"<p>Har du blitt utnyttet p\u00e5 jobb? Ikke f\u00e5tt l\u00f8nn? Jobber du under d\u00e5rlige eller ulovlige&hellip;<\/p>\n","protected":false},"author":4,"featured_media":16,"parent":0,"menu_order":0,"comment_status":"closed","ping_status":"closed","template":"","meta":{"_relevanssi_hide_post":"","_relevanssi_hide_content":"","_relevanssi_pin_for_all":"","_relevanssi_pin_keywords":"","_relevanssi_unpin_keywords":"","_relevanssi_related_keywords":"","_relevanssi_related_include_ids":"","_relevanssi_related_exclude_ids":"","_relevanssi_related_no_append":"","_relevanssi_related_not_related":"","_relevanssi_related_posts":"1","_relevanssi_noindex_reason":"","editor_notices":[],"footnotes":""},"class_list":["post-3","page","type-page","status-publish","has-post-thumbnail","hentry"],"yoast_head":"<!-- This site is optimized with the Yoast SEO Premium plugin v27.2 (Yoast SEO v27.4) - https:\/\/yoast.com\/product\/yoast-seo-premium-wordpress\/ -->\n<title>Kirkens Bymisjon - Rettshjelp A-krim<\/title>\n<meta name=\"description\" content=\"Rettshjelp A-krim tilbyr gratis juridisk bistand til E\u00d8S-arbeidstakere som er utsatt for arbeidslivskriminalitet.\" \/>\n<meta name=\"robots\" content=\"index, follow, max-snippet:-1, max-image-preview:large, max-video-preview:-1\" \/>\n<link rel=\"canonical\" href=\"https:\/\/kirkensbymisjon.no\/tilbud-rettshjelp-a-krim\/\" \/>\n<meta property=\"og:locale\" content=\"nb_NO\" \/>\n<meta property=\"og:type\" content=\"article\" \/>\n<meta property=\"og:title\" content=\"Kirkens Bymisjon - Rettshjelp A-krim\" \/>\n<meta property=\"og:description\" content=\"Rettshjelp A-krim tilbyr gratis juridisk bistand til E\u00d8S-arbeidstakere som er utsatt for arbeidslivskriminalitet.\" \/>\n<meta property=\"og:url\" content=\"https:\/\/kirkensbymisjon.no\/tilbud-rettshjelp-a-krim\/\" \/>\n<meta property=\"og:site_name\" content=\"Rettshjelp A-krim\" \/>\n<meta property=\"article:modified_time\" content=\"2025-03-06T10:18:56+00:00\" \/>\n<meta property=\"og:image\" content=\"https:\/\/kirkensbymisjon.no\/content\/uploads\/sites\/173\/2025\/02\/Tilbud_A-krim_01-scaled.jpg\" \/>\n\t<meta property=\"og:image:width\" content=\"2560\" \/>\n\t<meta property=\"og:image:height\" content=\"1707\" \/>\n\t<meta property=\"og:image:type\" content=\"image\/jpeg\" \/>\n<meta name=\"twitter:card\" content=\"summary_large_image\" \/>\n<meta name=\"twitter:title\" content=\"Forside\" \/>\n<meta name=\"twitter:label1\" content=\"Ansl. lesetid\" \/>\n\t<meta name=\"twitter:data1\" content=\"2 minutter\" \/>\n<script type=\"application\/ld+json\" class=\"yoast-schema-graph\">{\"@context\":\"https:\\\/\\\/schema.org\",\"@graph\":[{\"@type\":\"WebPage\",\"@id\":\"https:\\\/\\\/kirkensbymisjon.no\\\/tilbud-rettshjelp-a-krim\\\/\",\"url\":\"https:\\\/\\\/kirkensbymisjon.no\\\/tilbud-rettshjelp-a-krim\\\/\",\"name\":\"Kirkens Bymisjon - Rettshjelp A-krim\",\"isPartOf\":{\"@id\":\"https:\\\/\\\/kirkensbymisjon.no\\\/tilbud-rettshjelp-a-krim\\\/#website\"},\"primaryImageOfPage\":{\"@id\":\"https:\\\/\\\/kirkensbymisjon.no\\\/tilbud-rettshjelp-a-krim\\\/#primaryimage\"},\"image\":{\"@id\":\"https:\\\/\\\/kirkensbymisjon.no\\\/tilbud-rettshjelp-a-krim\\\/#primaryimage\"},\"thumbnailUrl\":\"https:\\\/\\\/kirkensbymisjon.no\\\/content\\\/uploads\\\/sites\\\/173\\\/2025\\\/02\\\/Tilbud_A-krim_01-scaled.jpg\",\"datePublished\":\"2025-02-28T08:53:51+00:00\",\"dateModified\":\"2025-03-06T10:18:56+00:00\",\"description\":\"Rettshjelp A-krim tilbyr gratis juridisk bistand til E\u00d8S-arbeidstakere som er utsatt for arbeidslivskriminalitet.\",\"breadcrumb\":{\"@id\":\"https:\\\/\\\/kirkensbymisjon.no\\\/tilbud-rettshjelp-a-krim\\\/#breadcrumb\"},\"inLanguage\":\"nb-NO\",\"potentialAction\":[{\"@type\":\"ReadAction\",\"target\":[\"https:\\\/\\\/kirkensbymisjon.no\\\/tilbud-rettshjelp-a-krim\\\/\"]}]},{\"@type\":\"ImageObject\",\"inLanguage\":\"nb-NO\",\"@id\":\"https:\\\/\\\/kirkensbymisjon.no\\\/tilbud-rettshjelp-a-krim\\\/#primaryimage\",\"url\":\"https:\\\/\\\/kirkensbymisjon.no\\\/content\\\/uploads\\\/sites\\\/173\\\/2025\\\/02\\\/Tilbud_A-krim_01-scaled.jpg\",\"contentUrl\":\"https:\\\/\\\/kirkensbymisjon.no\\\/content\\\/uploads\\\/sites\\\/173\\\/2025\\\/02\\\/Tilbud_A-krim_01-scaled.jpg\",\"width\":2560,\"height\":1707},{\"@type\":\"BreadcrumbList\",\"@id\":\"https:\\\/\\\/kirkensbymisjon.no\\\/tilbud-rettshjelp-a-krim\\\/#breadcrumb\",\"itemListElement\":[{\"@type\":\"ListItem\",\"position\":1,\"name\":\"Hjem\",\"item\":\"https:\\\/\\\/kirkensbymisjon.no\\\/tilbud-rettshjelp-a-krim\\\/\"},{\"@type\":\"ListItem\",\"position\":2,\"name\":\"Forside\"}]},{\"@type\":\"WebSite\",\"@id\":\"https:\\\/\\\/kirkensbymisjon.no\\\/tilbud-rettshjelp-a-krim\\\/#website\",\"url\":\"https:\\\/\\\/kirkensbymisjon.no\\\/tilbud-rettshjelp-a-krim\\\/\",\"name\":\"Rettshjelp A-krim\",\"description\":\"\",\"potentialAction\":[{\"@type\":\"SearchAction\",\"target\":{\"@type\":\"EntryPoint\",\"urlTemplate\":\"https:\\\/\\\/kirkensbymisjon.no\\\/tilbud-rettshjelp-a-krim\\\/?s={search_term_string}\"},\"query-input\":{\"@type\":\"PropertyValueSpecification\",\"valueRequired\":true,\"valueName\":\"search_term_string\"}}],\"inLanguage\":\"nb-NO\"}]}<\/script>\n<!-- \/ Yoast SEO Premium plugin. -->","yoast_head_json":{"title":"Kirkens Bymisjon - Rettshjelp A-krim","description":"Rettshjelp A-krim tilbyr gratis juridisk bistand til E\u00d8S-arbeidstakere som er utsatt for arbeidslivskriminalitet.","robots":{"index":"index","follow":"follow","max-snippet":"max-snippet:-1","max-image-preview":"max-image-preview:large","max-video-preview":"max-video-preview:-1"},"canonical":"https:\/\/kirkensbymisjon.no\/tilbud-rettshjelp-a-krim\/","og_locale":"nb_NO","og_type":"article","og_title":"Kirkens Bymisjon - Rettshjelp A-krim","og_description":"Rettshjelp A-krim tilbyr gratis juridisk bistand til E\u00d8S-arbeidstakere som er utsatt for arbeidslivskriminalitet.","og_url":"https:\/\/kirkensbymisjon.no\/tilbud-rettshjelp-a-krim\/","og_site_name":"Rettshjelp A-krim","article_modified_time":"2025-03-06T10:18:56+00:00","og_image":[{"width":2560,"height":1707,"url":"https:\/\/kirkensbymisjon.no\/content\/uploads\/sites\/173\/2025\/02\/Tilbud_A-krim_01-scaled.jpg","type":"image\/jpeg"}],"twitter_card":"summary_large_image","twitter_title":"Forside","twitter_misc":{"Ansl. lesetid":"2 minutter"},"schema":{"@context":"https:\/\/schema.org","@graph":[{"@type":"WebPage","@id":"https:\/\/kirkensbymisjon.no\/tilbud-rettshjelp-a-krim\/","url":"https:\/\/kirkensbymisjon.no\/tilbud-rettshjelp-a-krim\/","name":"Kirkens Bymisjon - Rettshjelp A-krim","isPartOf":{"@id":"https:\/\/kirkensbymisjon.no\/tilbud-rettshjelp-a-krim\/#website"},"primaryImageOfPage":{"@id":"https:\/\/kirkensbymisjon.no\/tilbud-rettshjelp-a-krim\/#primaryimage"},"image":{"@id":"https:\/\/kirkensbymisjon.no\/tilbud-rettshjelp-a-krim\/#primaryimage"},"thumbnailUrl":"https:\/\/kirkensbymisjon.no\/content\/uploads\/sites\/173\/2025\/02\/Tilbud_A-krim_01-scaled.jpg","datePublished":"2025-02-28T08:53:51+00:00","dateModified":"2025-03-06T10:18:56+00:00","description":"Rettshjelp A-krim tilbyr gratis juridisk bistand til E\u00d8S-arbeidstakere som er utsatt for arbeidslivskriminalitet.","breadcrumb":{"@id":"https:\/\/kirkensbymisjon.no\/tilbud-rettshjelp-a-krim\/#breadcrumb"},"inLanguage":"nb-NO","potentialAction":[{"@type":"ReadAction","target":["https:\/\/kirkensbymisjon.no\/tilbud-rettshjelp-a-krim\/"]}]},{"@type":"ImageObject","inLanguage":"nb-NO","@id":"https:\/\/kirkensbymisjon.no\/tilbud-rettshjelp-a-krim\/#primaryimage","url":"https:\/\/kirkensbymisjon.no\/content\/uploads\/sites\/173\/2025\/02\/Tilbud_A-krim_01-scaled.jpg","contentUrl":"https:\/\/kirkensbymisjon.no\/content\/uploads\/sites\/173\/2025\/02\/Tilbud_A-krim_01-scaled.jpg","width":2560,"height":1707},{"@type":"BreadcrumbList","@id":"https:\/\/kirkensbymisjon.no\/tilbud-rettshjelp-a-krim\/#breadcrumb","itemListElement":[{"@type":"ListItem","position":1,"name":"Hjem","item":"https:\/\/kirkensbymisjon.no\/tilbud-rettshjelp-a-krim\/"},{"@type":"ListItem","position":2,"name":"Forside"}]},{"@type":"WebSite","@id":"https:\/\/kirkensbymisjon.no\/tilbud-rettshjelp-a-krim\/#website","url":"https:\/\/kirkensbymisjon.no\/tilbud-rettshjelp-a-krim\/","name":"Rettshjelp A-krim","description":"","potentialAction":[{"@type":"SearchAction","target":{"@type":"EntryPoint","urlTemplate":"https:\/\/kirkensbymisjon.no\/tilbud-rettshjelp-a-krim\/?s={search_term_string}"},"query-input":{"@type":"PropertyValueSpecification","valueRequired":true,"valueName":"search_term_string"}}],"inLanguage":"nb-NO"}]}},"_links":{"self":[{"href":"https:\/\/kirkensbymisjon.no\/tilbud-rettshjelp-a-krim\/wp-json\/wp\/v2\/pages\/3","targetHints":{"allow":["GET"]}}],"collection":[{"href":"https:\/\/kirkensbymisjon.no\/tilbud-rettshjelp-a-krim\/wp-json\/wp\/v2\/pages"}],"about":[{"href":"https:\/\/kirkensbymisjon.no\/tilbud-rettshjelp-a-krim\/wp-json\/wp\/v2\/types\/page"}],"author":[{"embeddable":true,"href":"https:\/\/kirkensbymisjon.no\/tilbud-rettshjelp-a-krim\/wp-json\/wp\/v2\/users\/4"}],"replies":[{"embeddable":true,"href":"https:\/\/kirkensbymisjon.no\/tilbud-rettshjelp-a-krim\/wp-json\/wp\/v2\/comments?post=3"}],"version-history":[{"count":5,"href":"https:\/\/kirkensbymisjon.no\/tilbud-rettshjelp-a-krim\/wp-json\/wp\/v2\/pages\/3\/revisions"}],"predecessor-version":[{"id":47,"href":"https:\/\/kirkensbymisjon.no\/tilbud-rettshjelp-a-krim\/wp-json\/wp\/v2\/pages\/3\/revisions\/47"}],"wp:featuredmedia":[{"embeddable":true,"href":"https:\/\/kirkensbymisjon.no\/tilbud-rettshjelp-a-krim\/wp-json\/wp\/v2\/media\/16"}],"wp:attachment":[{"href":"https:\/\/kirkensbymisjon.no\/tilbud-rettshjelp-a-krim\/wp-json\/wp\/v2\/media?parent=3"}],"curies":[{"name":"wp","href":"https:\/\/api.w.org\/{rel}","templated":true}]}}