{"id":5,"date":"2025-02-28T09:56:46","date_gmt":"2025-02-28T08:56:46","guid":{"rendered":"https:\/\/kirkensbymisjon.no\/tilbud-rettshjelp-a-krim\/?page_id=5"},"modified":"2025-02-28T10:24:25","modified_gmt":"2025-02-28T09:24:25","slug":"om-rettshjelp-a-krim","status":"publish","type":"page","link":"https:\/\/kirkensbymisjon.no\/tilbud-rettshjelp-a-krim\/om-rettshjelp-a-krim\/","title":{"rendered":"Om Rettshjelp A-krim"},"content":{"rendered":"\n<h2 class=\"wp-block-heading\" id=\"h-hva-er-rettshjelp-a-krim\"><strong>Hva er Rettshjelp A-krim?<\/strong><\/h2>\n\n\n\n<p><strong>Rettshjelp A-krim er et gratis rettshjelpstiltak for E\u00d8S-arbeidstakere som har v\u00e6rt utsatt for utnyttelse eller kriminalitet i arbeidslivet.<\/strong> Vi hjelper deg som har problemer med l\u00f8nn, kontrakt, oppsigelse eller andre arbeidsrettslige sp\u00f8rsm\u00e5l.<\/p>\n\n\n\n<p>Vi er en del av <strong>Kirkens Bymisjon<\/strong>, og v\u00e5rt m\u00e5l er \u00e5 styrke rettighetene til arbeidstakere som befinner seg i s\u00e5rbare situasjoner. Mange arbeidstakere vet ikke hvilke rettigheter de har i Norge \u2013 vi gir deg informasjon, juridisk bistand og st\u00f8tte til \u00e5 ta de n\u00f8dvendige stegene videre.<\/p>\n\n\n\n<h2 class=\"wp-block-heading\" id=\"h-hvem-kan-fa-hjelp\"><strong>Hvem kan f\u00e5 hjelp?<\/strong><\/h2>\n\n\n\n<p>Vi bist\u00e5r i hovedsak E\u00d8S-borgere som jobber i Norge og som har v\u00e6rt utsatt for arbeidslivskriminalitet. I s\u00e6rlige tilfeller kan vi ogs\u00e5 bist\u00e5 enkelte andre grupper som jobber under usikre forhold.<\/p>\n\n\n\n<p>Dersom vi ikke kan hjelpe deg direkte, kan vi ofte veilede deg videre til andre instanser eller organisasjoner som kan bist\u00e5 deg.<\/p>\n\n\n\n<p><a href=\"https:\/\/kirkensbymisjon.no\/tilbud-rettshjelp-a-krim\/hva-vi-tilbyr\/\">Les mer om hva vi tilbyr. <\/a><\/p>\n","protected":false},"excerpt":{"rendered":"<p>Hva er Rettshjelp A-krim? Rettshjelp A-krim er et gratis rettshjelpstiltak for E\u00d8S-arbeidstakere som har v\u00e6rt&hellip;<\/p>\n","protected":false},"author":4,"featured_media":0,"parent":0,"menu_order":0,"comment_status":"closed","ping_status":"closed","template":"","meta":{"_relevanssi_hide_post":"","_relevanssi_hide_content":"","_relevanssi_pin_for_all":"","_relevanssi_pin_keywords":"","_relevanssi_unpin_keywords":"","_relevanssi_related_keywords":"","_relevanssi_related_include_ids":"","_relevanssi_related_exclude_ids":"","_relevanssi_related_no_append":"","_relevanssi_related_not_related":"","_relevanssi_related_posts":"1","_relevanssi_noindex_reason":"","editor_notices":[],"footnotes":""},"class_list":["post-5","page","type-page","status-publish","hentry"],"yoast_head":"<!-- This site is optimized with the Yoast SEO Premium plugin v27.2 (Yoast SEO v27.4) - https:\/\/yoast.com\/product\/yoast-seo-premium-wordpress\/ -->\n<title>Om Rettshjelp A-krim - Rettshjelp A-krim<\/title>\n<meta name=\"robots\" content=\"index, follow, max-snippet:-1, max-image-preview:large, max-video-preview:-1\" \/>\n<link rel=\"canonical\" href=\"https:\/\/kirkensbymisjon.no\/tilbud-rettshjelp-a-krim\/om-rettshjelp-a-krim\/\" \/>\n<meta property=\"og:locale\" content=\"nb_NO\" \/>\n<meta property=\"og:type\" content=\"article\" \/>\n<meta property=\"og:title\" content=\"Om Rettshjelp A-krim\" \/>\n<meta property=\"og:description\" content=\"Hva er Rettshjelp A-krim? Rettshjelp A-krim er et gratis rettshjelpstiltak for E\u00d8S-arbeidstakere som har v\u00e6rt&hellip;\" \/>\n<meta property=\"og:url\" content=\"https:\/\/kirkensbymisjon.no\/tilbud-rettshjelp-a-krim\/om-rettshjelp-a-krim\/\" \/>\n<meta property=\"og:site_name\" content=\"Rettshjelp A-krim\" \/>\n<meta property=\"article:modified_time\" content=\"2025-02-28T09:24:25+00:00\" \/>\n<meta name=\"twitter:card\" content=\"summary_large_image\" \/>\n<meta name=\"twitter:label1\" content=\"Ansl. lesetid\" \/>\n\t<meta name=\"twitter:data1\" content=\"1 minutt\" \/>\n<script type=\"application\/ld+json\" class=\"yoast-schema-graph\">{\"@context\":\"https:\\\/\\\/schema.org\",\"@graph\":[{\"@type\":\"WebPage\",\"@id\":\"https:\\\/\\\/kirkensbymisjon.no\\\/tilbud-rettshjelp-a-krim\\\/om-rettshjelp-a-krim\\\/\",\"url\":\"https:\\\/\\\/kirkensbymisjon.no\\\/tilbud-rettshjelp-a-krim\\\/om-rettshjelp-a-krim\\\/\",\"name\":\"Om Rettshjelp A-krim - Rettshjelp A-krim\",\"isPartOf\":{\"@id\":\"https:\\\/\\\/kirkensbymisjon.no\\\/tilbud-rettshjelp-a-krim\\\/#website\"},\"datePublished\":\"2025-02-28T08:56:46+00:00\",\"dateModified\":\"2025-02-28T09:24:25+00:00\",\"breadcrumb\":{\"@id\":\"https:\\\/\\\/kirkensbymisjon.no\\\/tilbud-rettshjelp-a-krim\\\/om-rettshjelp-a-krim\\\/#breadcrumb\"},\"inLanguage\":\"nb-NO\",\"potentialAction\":[{\"@type\":\"ReadAction\",\"target\":[\"https:\\\/\\\/kirkensbymisjon.no\\\/tilbud-rettshjelp-a-krim\\\/om-rettshjelp-a-krim\\\/\"]}]},{\"@type\":\"BreadcrumbList\",\"@id\":\"https:\\\/\\\/kirkensbymisjon.no\\\/tilbud-rettshjelp-a-krim\\\/om-rettshjelp-a-krim\\\/#breadcrumb\",\"itemListElement\":[{\"@type\":\"ListItem\",\"position\":1,\"name\":\"Hjem\",\"item\":\"https:\\\/\\\/kirkensbymisjon.no\\\/tilbud-rettshjelp-a-krim\\\/\"},{\"@type\":\"ListItem\",\"position\":2,\"name\":\"Om Rettshjelp A-krim\"}]},{\"@type\":\"WebSite\",\"@id\":\"https:\\\/\\\/kirkensbymisjon.no\\\/tilbud-rettshjelp-a-krim\\\/#website\",\"url\":\"https:\\\/\\\/kirkensbymisjon.no\\\/tilbud-rettshjelp-a-krim\\\/\",\"name\":\"Rettshjelp A-krim\",\"description\":\"\",\"potentialAction\":[{\"@type\":\"SearchAction\",\"target\":{\"@type\":\"EntryPoint\",\"urlTemplate\":\"https:\\\/\\\/kirkensbymisjon.no\\\/tilbud-rettshjelp-a-krim\\\/?s={search_term_string}\"},\"query-input\":{\"@type\":\"PropertyValueSpecification\",\"valueRequired\":true,\"valueName\":\"search_term_string\"}}],\"inLanguage\":\"nb-NO\"}]}<\/script>\n<!-- \/ Yoast SEO Premium plugin. -->","yoast_head_json":{"title":"Om Rettshjelp A-krim - Rettshjelp A-krim","robots":{"index":"index","follow":"follow","max-snippet":"max-snippet:-1","max-image-preview":"max-image-preview:large","max-video-preview":"max-video-preview:-1"},"canonical":"https:\/\/kirkensbymisjon.no\/tilbud-rettshjelp-a-krim\/om-rettshjelp-a-krim\/","og_locale":"nb_NO","og_type":"article","og_title":"Om Rettshjelp A-krim","og_description":"Hva er Rettshjelp A-krim? Rettshjelp A-krim er et gratis rettshjelpstiltak for E\u00d8S-arbeidstakere som har v\u00e6rt&hellip;","og_url":"https:\/\/kirkensbymisjon.no\/tilbud-rettshjelp-a-krim\/om-rettshjelp-a-krim\/","og_site_name":"Rettshjelp A-krim","article_modified_time":"2025-02-28T09:24:25+00:00","twitter_card":"summary_large_image","twitter_misc":{"Ansl. lesetid":"1 minutt"},"schema":{"@context":"https:\/\/schema.org","@graph":[{"@type":"WebPage","@id":"https:\/\/kirkensbymisjon.no\/tilbud-rettshjelp-a-krim\/om-rettshjelp-a-krim\/","url":"https:\/\/kirkensbymisjon.no\/tilbud-rettshjelp-a-krim\/om-rettshjelp-a-krim\/","name":"Om Rettshjelp A-krim - Rettshjelp A-krim","isPartOf":{"@id":"https:\/\/kirkensbymisjon.no\/tilbud-rettshjelp-a-krim\/#website"},"datePublished":"2025-02-28T08:56:46+00:00","dateModified":"2025-02-28T09:24:25+00:00","breadcrumb":{"@id":"https:\/\/kirkensbymisjon.no\/tilbud-rettshjelp-a-krim\/om-rettshjelp-a-krim\/#breadcrumb"},"inLanguage":"nb-NO","potentialAction":[{"@type":"ReadAction","target":["https:\/\/kirkensbymisjon.no\/tilbud-rettshjelp-a-krim\/om-rettshjelp-a-krim\/"]}]},{"@type":"BreadcrumbList","@id":"https:\/\/kirkensbymisjon.no\/tilbud-rettshjelp-a-krim\/om-rettshjelp-a-krim\/#breadcrumb","itemListElement":[{"@type":"ListItem","position":1,"name":"Hjem","item":"https:\/\/kirkensbymisjon.no\/tilbud-rettshjelp-a-krim\/"},{"@type":"ListItem","position":2,"name":"Om Rettshjelp A-krim"}]},{"@type":"WebSite","@id":"https:\/\/kirkensbymisjon.no\/tilbud-rettshjelp-a-krim\/#website","url":"https:\/\/kirkensbymisjon.no\/tilbud-rettshjelp-a-krim\/","name":"Rettshjelp A-krim","description":"","potentialAction":[{"@type":"SearchAction","target":{"@type":"EntryPoint","urlTemplate":"https:\/\/kirkensbymisjon.no\/tilbud-rettshjelp-a-krim\/?s={search_term_string}"},"query-input":{"@type":"PropertyValueSpecification","valueRequired":true,"valueName":"search_term_string"}}],"inLanguage":"nb-NO"}]}},"_links":{"self":[{"href":"https:\/\/kirkensbymisjon.no\/tilbud-rettshjelp-a-krim\/wp-json\/wp\/v2\/pages\/5","targetHints":{"allow":["GET"]}}],"collection":[{"href":"https:\/\/kirkensbymisjon.no\/tilbud-rettshjelp-a-krim\/wp-json\/wp\/v2\/pages"}],"about":[{"href":"https:\/\/kirkensbymisjon.no\/tilbud-rettshjelp-a-krim\/wp-json\/wp\/v2\/types\/page"}],"author":[{"embeddable":true,"href":"https:\/\/kirkensbymisjon.no\/tilbud-rettshjelp-a-krim\/wp-json\/wp\/v2\/users\/4"}],"replies":[{"embeddable":true,"href":"https:\/\/kirkensbymisjon.no\/tilbud-rettshjelp-a-krim\/wp-json\/wp\/v2\/comments?post=5"}],"version-history":[{"count":3,"href":"https:\/\/kirkensbymisjon.no\/tilbud-rettshjelp-a-krim\/wp-json\/wp\/v2\/pages\/5\/revisions"}],"predecessor-version":[{"id":31,"href":"https:\/\/kirkensbymisjon.no\/tilbud-rettshjelp-a-krim\/wp-json\/wp\/v2\/pages\/5\/revisions\/31"}],"wp:attachment":[{"href":"https:\/\/kirkensbymisjon.no\/tilbud-rettshjelp-a-krim\/wp-json\/wp\/v2\/media?parent=5"}],"curies":[{"name":"wp","href":"https:\/\/api.w.org\/{rel}","templated":true}]}}