{"id":8,"date":"2025-02-28T09:57:07","date_gmt":"2025-02-28T08:57:07","guid":{"rendered":"https:\/\/kirkensbymisjon.no\/tilbud-rettshjelp-a-krim\/?page_id=8"},"modified":"2025-02-28T10:11:59","modified_gmt":"2025-02-28T09:11:59","slug":"hva-vi-tilbyr","status":"publish","type":"page","link":"https:\/\/kirkensbymisjon.no\/tilbud-rettshjelp-a-krim\/hva-vi-tilbyr\/","title":{"rendered":"Hva vi tilbyr"},"content":{"rendered":"\n<h2 class=\"wp-block-heading\" id=\"h-hvilke-saker-tar-vi\"><strong>Hvilke saker tar vi?<\/strong><\/h2>\n\n\n\n<ul class=\"wp-block-list\">\n<li>Manglende l\u00f8nn eller feriepenger<\/li>\n\n\n\n<li>D\u00e5rlige eller ulovlige arbeidskontrakter<\/li>\n\n\n\n<li>Ulovlige oppsigelser og permitteringer<\/li>\n\n\n\n<li>Uverdige boforhold knyttet til jobb<\/li>\n\n\n\n<li>Trygg kontakt med NAV, UDI og politiet<\/li>\n\n\n\n<li>Veiledning om rettigheter og plikter i norsk arbeidsliv<\/li>\n<\/ul>\n\n\n\n<h2 class=\"wp-block-heading\" id=\"h-slik-hjelper-vi-deg\"><strong>Slik hjelper vi deg:<\/strong><\/h2>\n\n\n\n<p><strong>Du kontakter oss<\/strong> \u2013 Du kan ta kontakt med oss p\u00e5 v\u00e5rt saksmottak p\u00e5 Bymisjonssenteret eller via nettskjema. Vi vurderer saken din og gir deg r\u00e5d om hvordan du kan g\u00e5 videre.<\/p>\n\n\n\n<p><strong>Vi gjennomg\u00e5r saken din<\/strong> \u2013 Hvis vi kan hjelpe, vil vi se p\u00e5 kontrakter, meldinger eller andre dokumenter som er relevante for saken din.<\/p>\n\n\n\n<p><strong>Vi gir deg juridisk bistand<\/strong> \u2013 Vi gir deg juridiske r\u00e5d og kan hjelpe deg med \u00e5 ta kontakt med arbeidsgiver, myndigheter eller andre instanser.<\/p>\n\n\n\n<p><strong>Du f\u00e5r st\u00f8tte videre<\/strong> \u2013 Noen saker l\u00f8ses raskt, mens andre krever mer oppf\u00f8lging. Vi hjelper deg s\u00e5 langt vi kan, og hvis n\u00f8dvendig veileder vi deg videre til andre akt\u00f8rer.<\/p>\n\n\n\n<p>Vi har spr\u00e5kkompetanse p\u00e5 saksmottaket og kan tilby samtaler p\u00e5 flere europeiske spr\u00e5k. Ved behov kan vi ogs\u00e5 stille med tolk for \u00e5 sikre at du f\u00e5r den hjelpen du trenger.<\/p>\n\n\n\n<p><strong>Vi er her for \u00e5 hjelpe. <a href=\"\/tilbud-rettshjelp-a-krim\/finn-oss\">Ta kontakt i dag<\/a>!<\/strong><\/p>\n","protected":false},"excerpt":{"rendered":"<p>Hvilke saker tar vi? Slik hjelper vi deg: Du kontakter oss \u2013 Du kan ta&hellip;<\/p>\n","protected":false},"author":4,"featured_media":0,"parent":0,"menu_order":0,"comment_status":"closed","ping_status":"closed","template":"","meta":{"_relevanssi_hide_post":"","_relevanssi_hide_content":"","_relevanssi_pin_for_all":"","_relevanssi_pin_keywords":"","_relevanssi_unpin_keywords":"","_relevanssi_related_keywords":"","_relevanssi_related_include_ids":"","_relevanssi_related_exclude_ids":"","_relevanssi_related_no_append":"","_relevanssi_related_not_related":"","_relevanssi_related_posts":"1","_relevanssi_noindex_reason":"","editor_notices":[],"footnotes":""},"class_list":["post-8","page","type-page","status-publish","hentry"],"yoast_head":"<!-- This site is optimized with the Yoast SEO Premium plugin v27.2 (Yoast SEO v27.4) - https:\/\/yoast.com\/product\/yoast-seo-premium-wordpress\/ -->\n<title>Hva vi tilbyr - Rettshjelp A-krim<\/title>\n<meta name=\"robots\" content=\"index, follow, max-snippet:-1, max-image-preview:large, max-video-preview:-1\" \/>\n<link rel=\"canonical\" href=\"https:\/\/kirkensbymisjon.no\/tilbud-rettshjelp-a-krim\/hva-vi-tilbyr\/\" \/>\n<meta property=\"og:locale\" content=\"nb_NO\" \/>\n<meta property=\"og:type\" content=\"article\" \/>\n<meta property=\"og:title\" content=\"Hva vi tilbyr\" \/>\n<meta property=\"og:description\" content=\"Hvilke saker tar vi? Slik hjelper vi deg: Du kontakter oss \u2013 Du kan ta&hellip;\" \/>\n<meta property=\"og:url\" content=\"https:\/\/kirkensbymisjon.no\/tilbud-rettshjelp-a-krim\/hva-vi-tilbyr\/\" \/>\n<meta property=\"og:site_name\" content=\"Rettshjelp A-krim\" \/>\n<meta property=\"article:modified_time\" content=\"2025-02-28T09:11:59+00:00\" \/>\n<meta name=\"twitter:card\" content=\"summary_large_image\" \/>\n<meta name=\"twitter:label1\" content=\"Ansl. lesetid\" \/>\n\t<meta name=\"twitter:data1\" content=\"1 minutt\" \/>\n<script type=\"application\/ld+json\" class=\"yoast-schema-graph\">{\"@context\":\"https:\\\/\\\/schema.org\",\"@graph\":[{\"@type\":\"WebPage\",\"@id\":\"https:\\\/\\\/kirkensbymisjon.no\\\/tilbud-rettshjelp-a-krim\\\/hva-vi-tilbyr\\\/\",\"url\":\"https:\\\/\\\/kirkensbymisjon.no\\\/tilbud-rettshjelp-a-krim\\\/hva-vi-tilbyr\\\/\",\"name\":\"Hva vi tilbyr - Rettshjelp A-krim\",\"isPartOf\":{\"@id\":\"https:\\\/\\\/kirkensbymisjon.no\\\/tilbud-rettshjelp-a-krim\\\/#website\"},\"datePublished\":\"2025-02-28T08:57:07+00:00\",\"dateModified\":\"2025-02-28T09:11:59+00:00\",\"breadcrumb\":{\"@id\":\"https:\\\/\\\/kirkensbymisjon.no\\\/tilbud-rettshjelp-a-krim\\\/hva-vi-tilbyr\\\/#breadcrumb\"},\"inLanguage\":\"nb-NO\",\"potentialAction\":[{\"@type\":\"ReadAction\",\"target\":[\"https:\\\/\\\/kirkensbymisjon.no\\\/tilbud-rettshjelp-a-krim\\\/hva-vi-tilbyr\\\/\"]}]},{\"@type\":\"BreadcrumbList\",\"@id\":\"https:\\\/\\\/kirkensbymisjon.no\\\/tilbud-rettshjelp-a-krim\\\/hva-vi-tilbyr\\\/#breadcrumb\",\"itemListElement\":[{\"@type\":\"ListItem\",\"position\":1,\"name\":\"Hjem\",\"item\":\"https:\\\/\\\/kirkensbymisjon.no\\\/tilbud-rettshjelp-a-krim\\\/\"},{\"@type\":\"ListItem\",\"position\":2,\"name\":\"Hva vi tilbyr\"}]},{\"@type\":\"WebSite\",\"@id\":\"https:\\\/\\\/kirkensbymisjon.no\\\/tilbud-rettshjelp-a-krim\\\/#website\",\"url\":\"https:\\\/\\\/kirkensbymisjon.no\\\/tilbud-rettshjelp-a-krim\\\/\",\"name\":\"Rettshjelp A-krim\",\"description\":\"\",\"potentialAction\":[{\"@type\":\"SearchAction\",\"target\":{\"@type\":\"EntryPoint\",\"urlTemplate\":\"https:\\\/\\\/kirkensbymisjon.no\\\/tilbud-rettshjelp-a-krim\\\/?s={search_term_string}\"},\"query-input\":{\"@type\":\"PropertyValueSpecification\",\"valueRequired\":true,\"valueName\":\"search_term_string\"}}],\"inLanguage\":\"nb-NO\"}]}<\/script>\n<!-- \/ Yoast SEO Premium plugin. -->","yoast_head_json":{"title":"Hva vi tilbyr - Rettshjelp A-krim","robots":{"index":"index","follow":"follow","max-snippet":"max-snippet:-1","max-image-preview":"max-image-preview:large","max-video-preview":"max-video-preview:-1"},"canonical":"https:\/\/kirkensbymisjon.no\/tilbud-rettshjelp-a-krim\/hva-vi-tilbyr\/","og_locale":"nb_NO","og_type":"article","og_title":"Hva vi tilbyr","og_description":"Hvilke saker tar vi? Slik hjelper vi deg: Du kontakter oss \u2013 Du kan ta&hellip;","og_url":"https:\/\/kirkensbymisjon.no\/tilbud-rettshjelp-a-krim\/hva-vi-tilbyr\/","og_site_name":"Rettshjelp A-krim","article_modified_time":"2025-02-28T09:11:59+00:00","twitter_card":"summary_large_image","twitter_misc":{"Ansl. lesetid":"1 minutt"},"schema":{"@context":"https:\/\/schema.org","@graph":[{"@type":"WebPage","@id":"https:\/\/kirkensbymisjon.no\/tilbud-rettshjelp-a-krim\/hva-vi-tilbyr\/","url":"https:\/\/kirkensbymisjon.no\/tilbud-rettshjelp-a-krim\/hva-vi-tilbyr\/","name":"Hva vi tilbyr - Rettshjelp A-krim","isPartOf":{"@id":"https:\/\/kirkensbymisjon.no\/tilbud-rettshjelp-a-krim\/#website"},"datePublished":"2025-02-28T08:57:07+00:00","dateModified":"2025-02-28T09:11:59+00:00","breadcrumb":{"@id":"https:\/\/kirkensbymisjon.no\/tilbud-rettshjelp-a-krim\/hva-vi-tilbyr\/#breadcrumb"},"inLanguage":"nb-NO","potentialAction":[{"@type":"ReadAction","target":["https:\/\/kirkensbymisjon.no\/tilbud-rettshjelp-a-krim\/hva-vi-tilbyr\/"]}]},{"@type":"BreadcrumbList","@id":"https:\/\/kirkensbymisjon.no\/tilbud-rettshjelp-a-krim\/hva-vi-tilbyr\/#breadcrumb","itemListElement":[{"@type":"ListItem","position":1,"name":"Hjem","item":"https:\/\/kirkensbymisjon.no\/tilbud-rettshjelp-a-krim\/"},{"@type":"ListItem","position":2,"name":"Hva vi tilbyr"}]},{"@type":"WebSite","@id":"https:\/\/kirkensbymisjon.no\/tilbud-rettshjelp-a-krim\/#website","url":"https:\/\/kirkensbymisjon.no\/tilbud-rettshjelp-a-krim\/","name":"Rettshjelp A-krim","description":"","potentialAction":[{"@type":"SearchAction","target":{"@type":"EntryPoint","urlTemplate":"https:\/\/kirkensbymisjon.no\/tilbud-rettshjelp-a-krim\/?s={search_term_string}"},"query-input":{"@type":"PropertyValueSpecification","valueRequired":true,"valueName":"search_term_string"}}],"inLanguage":"nb-NO"}]}},"_links":{"self":[{"href":"https:\/\/kirkensbymisjon.no\/tilbud-rettshjelp-a-krim\/wp-json\/wp\/v2\/pages\/8","targetHints":{"allow":["GET"]}}],"collection":[{"href":"https:\/\/kirkensbymisjon.no\/tilbud-rettshjelp-a-krim\/wp-json\/wp\/v2\/pages"}],"about":[{"href":"https:\/\/kirkensbymisjon.no\/tilbud-rettshjelp-a-krim\/wp-json\/wp\/v2\/types\/page"}],"author":[{"embeddable":true,"href":"https:\/\/kirkensbymisjon.no\/tilbud-rettshjelp-a-krim\/wp-json\/wp\/v2\/users\/4"}],"replies":[{"embeddable":true,"href":"https:\/\/kirkensbymisjon.no\/tilbud-rettshjelp-a-krim\/wp-json\/wp\/v2\/comments?post=8"}],"version-history":[{"count":2,"href":"https:\/\/kirkensbymisjon.no\/tilbud-rettshjelp-a-krim\/wp-json\/wp\/v2\/pages\/8\/revisions"}],"predecessor-version":[{"id":26,"href":"https:\/\/kirkensbymisjon.no\/tilbud-rettshjelp-a-krim\/wp-json\/wp\/v2\/pages\/8\/revisions\/26"}],"wp:attachment":[{"href":"https:\/\/kirkensbymisjon.no\/tilbud-rettshjelp-a-krim\/wp-json\/wp\/v2\/media?parent=8"}],"curies":[{"name":"wp","href":"https:\/\/api.w.org\/{rel}","templated":true}]}}