{"id":130,"date":"2024-10-28T09:30:28","date_gmt":"2024-10-28T08:30:28","guid":{"rendered":"https:\/\/kirkensbymisjon.no\/tilbud-robust\/?page_id=130"},"modified":"2026-02-24T09:53:34","modified_gmt":"2026-02-24T08:53:34","slug":"kurs-og-seminarer","status":"publish","type":"page","link":"https:\/\/kirkensbymisjon.no\/tilbud-robust\/kurs-og-seminarer\/","title":{"rendered":"Kurs og seminarer"},"content":{"rendered":"\n<p>Her vil kurs og seminarer i regi av Robust publiseres fortl\u00f8pende. <\/p>\n\n\n\n<h3 class=\"wp-block-heading\" id=\"h-styrkende-samtaler-med-barn-og-unge-kurs-i-narrativ-tilnaerming-pa-robust-2026\">Styrkende samtaler med barn og unge \u2013 kurs i Narrativ tiln\u00e6rming p\u00e5 Robust 2026<\/h3>\n\n\n\n<p>Dette er et praksisn\u00e6rt kurs over fire dager, som vil v\u00e6re nyttig om du jobber som familieterapeut, l\u00e6rer, r\u00e5dgiver, sosiall\u00e6rer, helsesykepleier eller annet.<\/p>\n\n\n\n<p><strong>Tidspunkt: <\/strong><br>16.\u201317. mars og 11.\u201312. mai kl. 09.00\u201315.00.<\/p>\n\n\n\n<p><strong>Sted<\/strong>:<br>Robust sine lokaler i Biskop Gunnerus gate 2, 0155 Oslo<\/p>\n\n\n\n<p><strong>Mer informasjon og p\u00e5melding:<\/strong><br>Les mer og meld deg p\u00e5 <a href=\"https:\/\/kirkensbymisjon.no\/content\/uploads\/sites\/108\/2026\/01\/Kurs-i-Styrkende-samtaler-var-2026-ny.pdf\" target=\"_blank\" rel=\"noreferrer noopener\">her<\/a>.<\/p>\n","protected":false},"excerpt":{"rendered":"<p>Her vil kurs og seminarer i regi av Robust publiseres fortl\u00f8pende. Styrkende samtaler med barn&hellip;<\/p>\n","protected":false},"author":4,"featured_media":0,"parent":0,"menu_order":0,"comment_status":"closed","ping_status":"closed","template":"","meta":{"_relevanssi_hide_post":"","_relevanssi_hide_content":"","_relevanssi_pin_for_all":"","_relevanssi_pin_keywords":"","_relevanssi_unpin_keywords":"","_relevanssi_related_keywords":"","_relevanssi_related_include_ids":"","_relevanssi_related_exclude_ids":"","_relevanssi_related_no_append":"","_relevanssi_related_not_related":"","_relevanssi_related_posts":"1","_relevanssi_noindex_reason":"","editor_notices":[],"footnotes":""},"class_list":["post-130","page","type-page","status-publish","hentry"],"yoast_head":"<!-- This site is optimized with the Yoast SEO Premium plugin v27.2 (Yoast SEO v27.4) - https:\/\/yoast.com\/product\/yoast-seo-premium-wordpress\/ -->\n<title>Kurs og seminarer - Robust<\/title>\n<meta name=\"robots\" content=\"index, follow, max-snippet:-1, max-image-preview:large, max-video-preview:-1\" \/>\n<link rel=\"canonical\" href=\"https:\/\/kirkensbymisjon.no\/tilbud-robust\/kurs-og-seminarer\/\" \/>\n<meta property=\"og:locale\" content=\"nb_NO\" \/>\n<meta property=\"og:type\" content=\"article\" \/>\n<meta property=\"og:title\" content=\"Kurs og seminarer\" \/>\n<meta property=\"og:description\" content=\"Her vil kurs og seminarer i regi av Robust publiseres fortl\u00f8pende. Styrkende samtaler med barn&hellip;\" \/>\n<meta property=\"og:url\" content=\"https:\/\/kirkensbymisjon.no\/tilbud-robust\/kurs-og-seminarer\/\" \/>\n<meta property=\"og:site_name\" content=\"Robust\" \/>\n<meta property=\"article:modified_time\" content=\"2026-02-24T08:53:34+00:00\" \/>\n<meta name=\"twitter:card\" content=\"summary_large_image\" \/>\n<meta name=\"twitter:label1\" content=\"Ansl. lesetid\" \/>\n\t<meta name=\"twitter:data1\" content=\"1 minutt\" \/>\n<script type=\"application\/ld+json\" class=\"yoast-schema-graph\">{\"@context\":\"https:\\\/\\\/schema.org\",\"@graph\":[{\"@type\":\"WebPage\",\"@id\":\"https:\\\/\\\/kirkensbymisjon.no\\\/tilbud-robust\\\/kurs-og-seminarer\\\/\",\"url\":\"https:\\\/\\\/kirkensbymisjon.no\\\/tilbud-robust\\\/kurs-og-seminarer\\\/\",\"name\":\"Kurs og seminarer - Robust\",\"isPartOf\":{\"@id\":\"https:\\\/\\\/kirkensbymisjon.no\\\/tilbud-robust\\\/#website\"},\"datePublished\":\"2024-10-28T08:30:28+00:00\",\"dateModified\":\"2026-02-24T08:53:34+00:00\",\"breadcrumb\":{\"@id\":\"https:\\\/\\\/kirkensbymisjon.no\\\/tilbud-robust\\\/kurs-og-seminarer\\\/#breadcrumb\"},\"inLanguage\":\"nb-NO\",\"potentialAction\":[{\"@type\":\"ReadAction\",\"target\":[\"https:\\\/\\\/kirkensbymisjon.no\\\/tilbud-robust\\\/kurs-og-seminarer\\\/\"]}]},{\"@type\":\"BreadcrumbList\",\"@id\":\"https:\\\/\\\/kirkensbymisjon.no\\\/tilbud-robust\\\/kurs-og-seminarer\\\/#breadcrumb\",\"itemListElement\":[{\"@type\":\"ListItem\",\"position\":1,\"name\":\"Hjem\",\"item\":\"https:\\\/\\\/kirkensbymisjon.no\\\/tilbud-robust\\\/\"},{\"@type\":\"ListItem\",\"position\":2,\"name\":\"Kurs og seminarer\"}]},{\"@type\":\"WebSite\",\"@id\":\"https:\\\/\\\/kirkensbymisjon.no\\\/tilbud-robust\\\/#website\",\"url\":\"https:\\\/\\\/kirkensbymisjon.no\\\/tilbud-robust\\\/\",\"name\":\"Robust\",\"description\":\"\",\"potentialAction\":[{\"@type\":\"SearchAction\",\"target\":{\"@type\":\"EntryPoint\",\"urlTemplate\":\"https:\\\/\\\/kirkensbymisjon.no\\\/tilbud-robust\\\/?s={search_term_string}\"},\"query-input\":{\"@type\":\"PropertyValueSpecification\",\"valueRequired\":true,\"valueName\":\"search_term_string\"}}],\"inLanguage\":\"nb-NO\"}]}<\/script>\n<!-- \/ Yoast SEO Premium plugin. -->","yoast_head_json":{"title":"Kurs og seminarer - Robust","robots":{"index":"index","follow":"follow","max-snippet":"max-snippet:-1","max-image-preview":"max-image-preview:large","max-video-preview":"max-video-preview:-1"},"canonical":"https:\/\/kirkensbymisjon.no\/tilbud-robust\/kurs-og-seminarer\/","og_locale":"nb_NO","og_type":"article","og_title":"Kurs og seminarer","og_description":"Her vil kurs og seminarer i regi av Robust publiseres fortl\u00f8pende. Styrkende samtaler med barn&hellip;","og_url":"https:\/\/kirkensbymisjon.no\/tilbud-robust\/kurs-og-seminarer\/","og_site_name":"Robust","article_modified_time":"2026-02-24T08:53:34+00:00","twitter_card":"summary_large_image","twitter_misc":{"Ansl. lesetid":"1 minutt"},"schema":{"@context":"https:\/\/schema.org","@graph":[{"@type":"WebPage","@id":"https:\/\/kirkensbymisjon.no\/tilbud-robust\/kurs-og-seminarer\/","url":"https:\/\/kirkensbymisjon.no\/tilbud-robust\/kurs-og-seminarer\/","name":"Kurs og seminarer - Robust","isPartOf":{"@id":"https:\/\/kirkensbymisjon.no\/tilbud-robust\/#website"},"datePublished":"2024-10-28T08:30:28+00:00","dateModified":"2026-02-24T08:53:34+00:00","breadcrumb":{"@id":"https:\/\/kirkensbymisjon.no\/tilbud-robust\/kurs-og-seminarer\/#breadcrumb"},"inLanguage":"nb-NO","potentialAction":[{"@type":"ReadAction","target":["https:\/\/kirkensbymisjon.no\/tilbud-robust\/kurs-og-seminarer\/"]}]},{"@type":"BreadcrumbList","@id":"https:\/\/kirkensbymisjon.no\/tilbud-robust\/kurs-og-seminarer\/#breadcrumb","itemListElement":[{"@type":"ListItem","position":1,"name":"Hjem","item":"https:\/\/kirkensbymisjon.no\/tilbud-robust\/"},{"@type":"ListItem","position":2,"name":"Kurs og seminarer"}]},{"@type":"WebSite","@id":"https:\/\/kirkensbymisjon.no\/tilbud-robust\/#website","url":"https:\/\/kirkensbymisjon.no\/tilbud-robust\/","name":"Robust","description":"","potentialAction":[{"@type":"SearchAction","target":{"@type":"EntryPoint","urlTemplate":"https:\/\/kirkensbymisjon.no\/tilbud-robust\/?s={search_term_string}"},"query-input":{"@type":"PropertyValueSpecification","valueRequired":true,"valueName":"search_term_string"}}],"inLanguage":"nb-NO"}]}},"_links":{"self":[{"href":"https:\/\/kirkensbymisjon.no\/tilbud-robust\/wp-json\/wp\/v2\/pages\/130","targetHints":{"allow":["GET"]}}],"collection":[{"href":"https:\/\/kirkensbymisjon.no\/tilbud-robust\/wp-json\/wp\/v2\/pages"}],"about":[{"href":"https:\/\/kirkensbymisjon.no\/tilbud-robust\/wp-json\/wp\/v2\/types\/page"}],"author":[{"embeddable":true,"href":"https:\/\/kirkensbymisjon.no\/tilbud-robust\/wp-json\/wp\/v2\/users\/4"}],"replies":[{"embeddable":true,"href":"https:\/\/kirkensbymisjon.no\/tilbud-robust\/wp-json\/wp\/v2\/comments?post=130"}],"version-history":[{"count":5,"href":"https:\/\/kirkensbymisjon.no\/tilbud-robust\/wp-json\/wp\/v2\/pages\/130\/revisions"}],"predecessor-version":[{"id":171,"href":"https:\/\/kirkensbymisjon.no\/tilbud-robust\/wp-json\/wp\/v2\/pages\/130\/revisions\/171"}],"wp:attachment":[{"href":"https:\/\/kirkensbymisjon.no\/tilbud-robust\/wp-json\/wp\/v2\/media?parent=130"}],"curies":[{"name":"wp","href":"https:\/\/api.w.org\/{rel}","templated":true}]}}