{"id":3,"date":"2024-06-27T07:41:38","date_gmt":"2024-06-27T05:41:38","guid":{"rendered":"https:\/\/kirkensbymisjon.no\/tilbud-robust\/forside\/"},"modified":"2026-03-06T13:22:32","modified_gmt":"2026-03-06T12:22:32","slug":"forside","status":"publish","type":"page","link":"https:\/\/kirkensbymisjon.no\/tilbud-robust\/","title":{"rendered":"Forside"},"content":{"rendered":"\n<div class=\"wp-block-buttons\">\n<div class=\"wp-block-button\"><a class=\"wp-block-button__link wp-element-button\" href=\"https:\/\/forms.office.com\/pages\/responsepage.aspx?id=gi4gAoiyy0qLCn-EBKR828ww-aw-LKVJkusxMWIdD6NUMlA4QjVORlgwMVJJSDJSV01JSlFOSjBOUy4u&amp;origin=lprLink&amp;route=shorturl\">Kontakt oss<\/a><\/div>\n<\/div>\n\n\n<div class=\"t2-accordion wp-block-t2-accordion\" data-allow-multiple=\"1\" role=\"list\">\n<div class=\"t2-accordion-item wp-block-t2-accordion-item\" role=\"listitem\">\n\t\t\t<h2 class=\"t2-accordion-title\">\n\t\t\t\t<button type=\"button\" class=\"t2-accordion-trigger\" id=\"tilgjengelighet\" aria-controls=\"accordion-panel\" aria-expanded=\"false\">\n\t\t\t\t\tTilgjengelighet\n\t\t\t\t\t<span class=\"t2-accordion-icon is-closed-icon\"><svg xmlns=\"http:\/\/www.w3.org\/2000\/svg\" viewBox=\"0 0 24 24\" height=\"24\" width=\"24\" class=\"t2-icon t2-icon-plus\" aria-hidden=\"true\" focusable=\"false\"><path d=\"M11.8 5.037a1.088 1.088 0 0 0-.722.566c-.075.148-.078.25-.078 2.772v2.619l-2.61.016c-1.867.012-2.652.03-2.756.064-.168.055-.438.301-.54.494-.049.092-.07.223-.07.432 0 .34.054.476.282.704.289.289.14.275 3.064.288l2.63.012v2.619c0 2.544.002 2.625.08 2.778.191.372.516.577.92.577s.729-.205.92-.577c.078-.153.08-.234.08-2.778v-2.619l2.63-.012c2.924-.013 2.775.001 3.064-.288.228-.228.282-.364.282-.704 0-.209-.021-.34-.07-.432-.102-.193-.372-.439-.54-.494-.104-.034-.889-.052-2.756-.064L13 10.994V8.375c0-2.522-.003-2.624-.078-2.772-.214-.418-.685-.656-1.122-.566\"\/><\/svg><\/span>\n\t\t\t\t\t<span class=\"t2-accordion-icon is-open-icon\"><svg xmlns=\"http:\/\/www.w3.org\/2000\/svg\" viewBox=\"0 0 24 24\" height=\"24\" width=\"24\" class=\"t2-icon t2-icon-chevronup\" aria-hidden=\"true\" focusable=\"false\"><path d=\"M6.7 14.7c-.2-.2-.3-.4-.3-.7s.1-.5.3-.7l4.6-4.6c.1-.1.2-.2.3-.2.1 0 .2-.1.4-.1.1 0 .3 0 .4.1.1 0 .2.1.3.2l4.6 4.6c.2.2.3.4.3.7s-.1.5-.3.7c-.2.2-.4.3-.7.3s-.5-.1-.7-.3L12 10.8l-3.9 3.9c-.2.2-.4.3-.7.3s-.5-.1-.7-.3z\" fill=\"currentColor\" \/><\/svg><\/span>\n\t\t\t\t<\/button>\n\t\t\t<\/h2>\n\t\t\t<div class=\"t2-accordion-item__inner-container is-layout-flow\" id=\"accordion-panel\" aria-labelledby=\"tilgjengelighet\" role=\"region\" hidden>\n\t\t\t\t\n\n<p>Vi er tilgjengelige for samtaler i v\u00e5re lokaler \u2013 ogs\u00e5 p\u00e5 kveldstid. Vi gjennomf\u00f8rer ogs\u00e5 samtaler digitalt hvis dere \u00f8nsker. <a href=\"https:\/\/kirkensbymisjon.no\/tilbud-robust\/kontaktinformasjon\/\">Ta gjerne kontakt<\/a> om du lurer p\u00e5 noe eller om du vil ha tilbud om samtale.<\/p>\n\n\n\n<p>Det er ikke n\u00f8dvendig med s\u00f8knadsskjema eller henvisning for \u00e5 komme til Robust. Mange kommer i kontakt med oss gjennom andre som har snakket med oss, gjennom internett, en l\u00e6rer, en helses\u00f8ster eller andre. Du kan aller best n\u00e5 oss ved \u00e5 sende en&nbsp;<a href=\"mailto:robust@bymisjon.no\">e-post<\/a>&nbsp;med navn og telefonnummer vi kan n\u00e5 deg p\u00e5. Bare husk \u00e5 ikke skrive personsensitiv informasjon p\u00e5 epost. Vi kontakter deg i l\u00f8pet av kort tid (4\u20135 uker).&nbsp; Det kan v\u00e6re lurt \u00e5 gi oss noen tider n\u00e5r du kan n\u00e5s p\u00e5 telefon.<\/p>\n\n\n\t\t\t<\/div>\n\t\t<\/div>\n\n<div class=\"t2-accordion-item wp-block-t2-accordion-item\" role=\"listitem\">\n\t\t\t<h2 class=\"t2-accordion-title\">\n\t\t\t\t<button type=\"button\" class=\"t2-accordion-trigger\" id=\"om-pilotprosjektet-robust-stovner\" aria-controls=\"accordion-panel-1\" aria-expanded=\"false\">\n\t\t\t\t\tOm pilotprosjektet Robust Stovner\n\t\t\t\t\t<span class=\"t2-accordion-icon is-closed-icon\"><svg xmlns=\"http:\/\/www.w3.org\/2000\/svg\" viewBox=\"0 0 24 24\" height=\"24\" width=\"24\" class=\"t2-icon t2-icon-plus\" aria-hidden=\"true\" focusable=\"false\"><path d=\"M11.8 5.037a1.088 1.088 0 0 0-.722.566c-.075.148-.078.25-.078 2.772v2.619l-2.61.016c-1.867.012-2.652.03-2.756.064-.168.055-.438.301-.54.494-.049.092-.07.223-.07.432 0 .34.054.476.282.704.289.289.14.275 3.064.288l2.63.012v2.619c0 2.544.002 2.625.08 2.778.191.372.516.577.92.577s.729-.205.92-.577c.078-.153.08-.234.08-2.778v-2.619l2.63-.012c2.924-.013 2.775.001 3.064-.288.228-.228.282-.364.282-.704 0-.209-.021-.34-.07-.432-.102-.193-.372-.439-.54-.494-.104-.034-.889-.052-2.756-.064L13 10.994V8.375c0-2.522-.003-2.624-.078-2.772-.214-.418-.685-.656-1.122-.566\"\/><\/svg><\/span>\n\t\t\t\t\t<span class=\"t2-accordion-icon is-open-icon\"><svg xmlns=\"http:\/\/www.w3.org\/2000\/svg\" viewBox=\"0 0 24 24\" height=\"24\" width=\"24\" class=\"t2-icon t2-icon-chevronup\" aria-hidden=\"true\" focusable=\"false\"><path d=\"M6.7 14.7c-.2-.2-.3-.4-.3-.7s.1-.5.3-.7l4.6-4.6c.1-.1.2-.2.3-.2.1 0 .2-.1.4-.1.1 0 .3 0 .4.1.1 0 .2.1.3.2l4.6 4.6c.2.2.3.4.3.7s-.1.5-.3.7c-.2.2-.4.3-.7.3s-.5-.1-.7-.3L12 10.8l-3.9 3.9c-.2.2-.4.3-.7.3s-.5-.1-.7-.3z\" fill=\"currentColor\" \/><\/svg><\/span>\n\t\t\t\t<\/button>\n\t\t\t<\/h2>\n\t\t\t<div class=\"t2-accordion-item__inner-container is-layout-flow\" id=\"accordion-panel-1\" aria-labelledby=\"om-pilotprosjektet-robust-stovner\" role=\"region\" hidden>\n\t\t\t\t\n\n<p>Gjennom Oslo-satsingen samarbeider n\u00e5 Robust med Ferd Sosiale Entrepren\u00f8rer og Kavlifondet om et pilotprosjekt i Bydel Stovner.&nbsp;Dette inneb\u00e6rer at Robust n\u00e5 har et tilgjengelig samtaletilbud for barn og unge lokalisert p\u00e5 Stovner frivilligsentral. Dette tilbudet er \u00e5pent mandager og torsdager. I prosjektet samarbeider vi ogs\u00e5 tett med Vestli skole. Les mer om prosjektet <a href=\"https:\/\/ferd.no\/ferdmagasinet\/2024\/utgave-3-2024\/felles-innsats-pa-stovner\/\" target=\"_blank\" rel=\"noreferrer noopener\">her<\/a>.<\/p>\n\n\n\t\t\t<\/div>\n\t\t<\/div>\n\n<div class=\"t2-accordion-item wp-block-t2-accordion-item\" role=\"listitem\">\n\t\t\t<h2 class=\"t2-accordion-title\">\n\t\t\t\t<button type=\"button\" class=\"t2-accordion-trigger\" id=\"si-ifra-\u2013-varsling-for-barn-og-unge\" aria-controls=\"accordion-panel-2\" aria-expanded=\"false\">\n\t\t\t\t\tSi ifra \u2013 varsling for barn og unge\n\t\t\t\t\t<span class=\"t2-accordion-icon is-closed-icon\"><svg xmlns=\"http:\/\/www.w3.org\/2000\/svg\" viewBox=\"0 0 24 24\" height=\"24\" width=\"24\" class=\"t2-icon t2-icon-plus\" aria-hidden=\"true\" focusable=\"false\"><path d=\"M11.8 5.037a1.088 1.088 0 0 0-.722.566c-.075.148-.078.25-.078 2.772v2.619l-2.61.016c-1.867.012-2.652.03-2.756.064-.168.055-.438.301-.54.494-.049.092-.07.223-.07.432 0 .34.054.476.282.704.289.289.14.275 3.064.288l2.63.012v2.619c0 2.544.002 2.625.08 2.778.191.372.516.577.92.577s.729-.205.92-.577c.078-.153.08-.234.08-2.778v-2.619l2.63-.012c2.924-.013 2.775.001 3.064-.288.228-.228.282-.364.282-.704 0-.209-.021-.34-.07-.432-.102-.193-.372-.439-.54-.494-.104-.034-.889-.052-2.756-.064L13 10.994V8.375c0-2.522-.003-2.624-.078-2.772-.214-.418-.685-.656-1.122-.566\"\/><\/svg><\/span>\n\t\t\t\t\t<span class=\"t2-accordion-icon is-open-icon\"><svg xmlns=\"http:\/\/www.w3.org\/2000\/svg\" viewBox=\"0 0 24 24\" height=\"24\" width=\"24\" class=\"t2-icon t2-icon-chevronup\" aria-hidden=\"true\" focusable=\"false\"><path d=\"M6.7 14.7c-.2-.2-.3-.4-.3-.7s.1-.5.3-.7l4.6-4.6c.1-.1.2-.2.3-.2.1 0 .2-.1.4-.1.1 0 .3 0 .4.1.1 0 .2.1.3.2l4.6 4.6c.2.2.3.4.3.7s-.1.5-.3.7c-.2.2-.4.3-.7.3s-.5-.1-.7-.3L12 10.8l-3.9 3.9c-.2.2-.4.3-.7.3s-.5-.1-.7-.3z\" fill=\"currentColor\" \/><\/svg><\/span>\n\t\t\t\t<\/button>\n\t\t\t<\/h2>\n\t\t\t<div class=\"t2-accordion-item__inner-container is-layout-flow\" id=\"accordion-panel-2\" aria-labelledby=\"si-ifra-\u2013-varsling-for-barn-og-unge\" role=\"region\" hidden>\n\t\t\t\t\n\n<p>Kirkens Bymisjon skal v\u00e6re en trygg organisasjon for barn og unge. Si fra n\u00e5r du er forn\u00f8yd eller n\u00e5r noe m\u00e5 forbedres. Vi ber deg s\u00e6rlig si ifra til oss hvis:<\/p>\n\n\n\n<ul class=\"wp-block-list\">\n<li>Du eller andre opplever noe hos oss som ikke er greit, f\u00f8les ubehagelig eller er ulovlig.<\/li>\n\n\n\n<li>Du har fors\u00f8kt \u00e5 si ifra, men opplever at du ikke blir h\u00f8rt.<\/li>\n<\/ul>\n\n\n\n<p><a href=\"https:\/\/portal.mittvarsel.no\/skjema\/kirkens-bymisjon\/4r8D025euiXcdk3b.826\" target=\"_blank\" rel=\"noreferrer noopener\">Les mer og meld i fra her<\/a>!<\/p>\n\n\n\t\t\t<\/div>\n\t\t<\/div>\n<\/div>\n\n\n<p>Problemer oppst\u00e5r i de flestes liv. Da kan det v\u00e6re hjelpsomt \u00e5 snakke med en erfaren familieterapeut. Robust er et forebyggende tilbud til barn og unge i skolealder og deres familier, som strever med konflikter, bekymringer eller problemer av ulik art. Samtalen p\u00e5 Robust b\u00e6rer preg av et samarbeid, hvor din kunnskap og erfaring og v\u00e5re sp\u00f8rsm\u00e5l kan bringe fram nye perspektiver og muligheter.<\/p>\n\n\n\t<div class=\"alignwide wp-block-kbm-link-list\">\n\t\t<div class=\"kbm-link-list__items\">\n\t\t\t\n<div class=\"wp-block-kbm-link-list-item\">\t<svg xmlns=\"http:\/\/www.w3.org\/2000\/svg\" viewBox=\"0 0 48 48\" height=\"24\" width=\"24\" class=\"t2-icon t2-icon-conversations\" aria-hidden=\"true\" focusable=\"false\"><path d=\"M17.32 3.094c-5.657.702-10.128 3.89-11.592 8.266-.429 1.281-.554 2.15-.503 3.48.091 2.359.84 4.177 2.637 6.4l.194.24-1.547 2.48a1047.26 1047.26 0 0 0-2.025 3.256l-.477.776 2.297-.788c1.263-.433 3.316-1.138 4.562-1.568l2.266-.78.934.293c1.466.46 1.347.473 1.814-.197 2.253-3.232 6.618-5.596 11.23-6.078.871-.091 3.664-.057 4.456.054l.326.046.22-.49c.601-1.341.867-2.55.87-3.964.003-1.161-.111-1.889-.471-3-.548-1.693-1.441-3.086-2.858-4.456-2.194-2.121-5.095-3.478-8.345-3.904-.83-.109-3.313-.15-3.988-.066m9.974 16.986c-4.999.527-9.314 3.225-11.195 7-1.41 2.83-1.427 5.935-.047 8.712 2.876 5.789 10.846 8.631 17.838 6.361l.97-.315 4.51 1.553c2.481.855 4.521 1.543 4.534 1.53.014-.013-.878-1.472-1.981-3.242l-2.005-3.219.429-.53c1.19-1.471 1.904-2.945 2.27-4.685.168-.797.184-2.557.031-3.405-.236-1.313-.826-2.755-1.62-3.96-.612-.929-2.306-2.599-3.308-3.26-1.897-1.254-4.01-2.062-6.32-2.418-.979-.151-3.203-.217-4.106-.122\"\/><\/svg>\t<div class=\"kbm-link-list-item__content\">\n\t\t<p class=\"kbm-link-list-item__title\">Ingen skjema eller henvisning, rask hjelp<\/p>\n\t\t\t\t\t<p class=\"kbm-link-list-item__description\">Ring eller mail oss for avtale, kom med familien, alene eller med hvem du vil. Vi er til stede i Oslo sentrum og i bydel Stovner.<\/p>\n\t\t\t<\/div>\n\t<\/div>\n\n<div class=\"wp-block-kbm-link-list-item\">\t<svg xmlns=\"http:\/\/www.w3.org\/2000\/svg\" viewBox=\"0 0 48 48\" height=\"24\" width=\"24\" class=\"t2-icon t2-icon-heart\" aria-hidden=\"true\" focusable=\"false\"><path d=\"M12.608 7.169c-1.695.306-3.132.959-4.579 2.081-1.894 1.468-3.293 3.755-3.79 6.194-.689 3.382.232 7.499 2.57 11.489 2.339 3.991 6.459 8.359 11.511 12.202 1.924 1.463 5.432 3.825 5.682 3.825.244 0 3.789-2.389 5.678-3.826 3.507-2.666 6.767-5.781 9.058-8.654 4.107-5.151 5.927-10.598 5.023-15.036-.867-4.255-4.231-7.559-8.431-8.282-.908-.156-2.546-.157-3.46-.001-3.228.55-6.151 2.758-7.548 5.699-.151.319-.296.58-.32.58-.025 0-.212-.333-.416-.74-1.452-2.905-4.266-4.995-7.456-5.539-.885-.151-2.667-.147-3.522.008\"\/><\/svg>\t<div class=\"kbm-link-list-item__content\">\n\t\t<p class=\"kbm-link-list-item__title\">Vi \u00f8nsker \u00e5 lytte til deg<\/p>\n\t\t\t\t\t<p class=\"kbm-link-list-item__description\">Du vil m\u00f8te en fagperson som er interessert i dine erfaringer, hva som er viktig for deg og hva du gjerne skulle se bli annerledes i ditt liv.<\/p>\n\t\t\t<\/div>\n\t<\/div>\n\n<div class=\"wp-block-kbm-link-list-item\">\t<svg xmlns=\"http:\/\/www.w3.org\/2000\/svg\" viewBox=\"0 0 48 48\" height=\"24\" width=\"24\" class=\"t2-icon t2-icon-integrationmulticultural\" aria-hidden=\"true\" focusable=\"false\"><path d=\"M17.576 2.122c-1.569.297-2.843 1.076-3.532 2.158-.466.732-.614 1.3-.614 2.353 0 1.401.405 2.616 1.332 3.994.33.491.709 1.107.843 1.37.615 1.21.401 2.381-.634 3.467-.774.812-1.514 1.084-3.131 1.151-1.597.066-3.765-.142-7.64-.732-.44-.067-.899-.143-1.02-.169l-.22-.047.02 13.705L3 43.077l.64.096c6.849 1.034 9.181 1.086 10.625.24.476-.279 1.193-1.07 1.454-1.605.52-1.061.344-1.845-.802-3.577-1.162-1.756-1.494-2.707-1.491-4.271.001-1.048.17-1.681.643-2.413.557-.863 1.774-1.661 3.051-2.003.658-.175 2.624-.197 3.28-.036 1.667.41 3.024 1.637 3.409 3.081.143.539.14 1.895-.007 2.451-.17.647-.705 1.654-1.215 2.286-1.074 1.332-1.532 2.279-1.605 3.318-.138 1.966 1.17 3.072 3.757 3.176 1.227.05 2.476-.05 5.859-.466 1.406-.173 2.789-.314 3.072-.314h.514l-.047-.82c-.026-.451-.173-1.468-.328-2.26-.397-2.037-.475-2.674-.431-3.52.067-1.273.632-2.198 1.649-2.699.95-.468 2.066-.406 3.253.181.352.174.964.571 1.36.883 1.421 1.119 2.453 1.539 3.8 1.545 1.376.006 2.365-.39 3.196-1.279.828-.884 1.259-1.994 1.341-3.449.155-2.753-1.249-4.986-3.465-5.509-.418-.099-.775-.12-1.472-.086-1.433.069-2.477.443-3.891 1.394-1.411.948-2.208 1.229-3.013 1.062-.646-.134-1.177-.418-1.717-.919-.61-.564-.94-1.198-1.11-2.13-.229-1.257-.024-4.109.57-7.952.15-.966.256-1.773.236-1.793-.052-.052-1.965.126-3.793.353-3.637.451-5.67.548-6.742.321-.699-.148-1.51-.539-1.873-.901-.954-.955-.947-2.7.017-4.262.204-.33.525-.78.712-1 1.155-1.354 1.685-2.857 1.506-4.271-.137-1.089-.422-1.694-1.138-2.416a4.806 4.806 0 0 0-2.284-1.317c-.692-.181-2.181-.219-2.944-.074\"\/><\/svg>\t<div class=\"kbm-link-list-item__content\">\n\t\t<p class=\"kbm-link-list-item__title\">Vi \u00f8nsker \u00e5 forst\u00e5<\/p>\n\t\t\t\t\t<p class=\"kbm-link-list-item__description\">Det er ikke du som er problemet, Det er problemet som er problemet.<\/p>\n\t\t\t<\/div>\n\t<\/div>\n\t\t<\/div>\n\t<\/div>\n\t\n\n\t<div class=\"layout-1 wp-block-kbm-testimonials\">\n\t\t<div class=\"kbm-testimonials__inner\">\n\t\t\t<div class=\"swiper\">\n\t\t\t\t<div class=\"swiper-wrapper\">\n\t\t\t\t\t\n\t<div class=\"wp-block-kbm-testimonial-item swiper-slide\">\n\t\t\t\t\t<div class=\"kbm-testimonial-item__image\" style=\"background-position: 50% 50%; background-image: url(https:\/\/kirkensbymisjon.no\/content\/uploads\/sites\/108\/2024\/08\/Tilbud_Robust_Sitat-Erling.jpg);\">\n\t\t\t\t<svg xmlns=\"http:\/\/www.w3.org\/2000\/svg\" viewBox=\"0 0 24 24\" height=\"48\" width=\"48\" class=\"t2-icon t2-icon-quote\" aria-hidden=\"true\" focusable=\"false\"><path d=\"M20 13.7843c0 .4445-.0894.8628-.2682 1.2549-.1651.3791-.3989.719-.7015 1.0196-.3027.2876-.6603.5164-1.0729.6863-.3989.1699-.8322.2549-1.2999.2549-.5915 0-1.1142-.1242-1.5681-.3725-.4402-.2484-.8184-.5687-1.1348-.9608-.3026-.4053-.5364-.8628-.7015-1.3726-.1513-.5229-.227-1.0523-.227-1.5882 0-.5883.0826-1.17.2476-1.7451.1651-.5752.3989-1.11113.7015-1.60786.3164-.49673.7016-.94771 1.1555-1.35294.4539-.40523.9628-.73856 1.5268-1l1.8157.92157c-.3577.33987-.6671.73202-.9285 1.17647-.2476.44444-.3714.90846-.3714 1.39216v.1765c.3989.0653.7703.1895 1.1142.3725.3439.183.6396.4118.8872.6863.2613.2745.4608.5882.5983.9412.1513.3529.227.7255.227 1.1176Zm-8.0261 0c0 .4445-.0894.8628-.2683 1.2549-.165.3791-.3989.719-.7015 1.0196-.3026.2876-.6602.5164-1.07288.6863-.3989.1699-.83218.2549-1.29986.2549-.59147 0-1.11417-.1242-1.56809-.3725-.44016-.2484-.81843-.5687-1.1348-.9608-.30261-.4053-.53645-.8628-.70151-1.3726C5.07565 13.7712 5 13.2418 5 12.7059c0-.5883.08253-1.17.24759-1.7451.16506-.5752.3989-1.11113.70152-1.60786.31636-.49673.70151-.94771 1.15543-1.35294s.96286-.73856 1.52682-1l1.81564.92157c-.3576.33987-.66708.73202-.92843 1.17647-.24759.44444-.37139.90846-.37139 1.39216v.1765c.3989.0653.77029.1895 1.11412.3725.3439.183.6397.4118.8873.6863.2613.2745.4608.5882.5983.9412.1513.3529.227.7255.227 1.1176Z\"\/><\/svg>\t\t\t<\/div>\n\t\t\t\t\n\n<blockquote class=\"wp-block-quote is-layout-flow wp-block-quote-is-layout-flow\">\n<p>N\u00e5r folk kommer hit, forventer de ofte r\u00e5d og veiledning fra en ekspert. Det de f\u00e5r er en forst\u00e5else av at de selv sitter p\u00e5 den n\u00f8dvendige kunnskapen. At det er de som er ekspertene.<\/p>\n<cite>Erling Fidjest\u00f8l, familieterapeut p\u00e5 Robust<\/cite><\/blockquote>\n\n\t<\/div>\n\t\n\t\t\t\t<\/div>\n\t\t\t\t\t<div class=\"swiper-navigation\">\n\t\t<div class=\"swiper-button-prev\"><svg xmlns=\"http:\/\/www.w3.org\/2000\/svg\" viewBox=\"0 0 24 24\" height=\"24\" width=\"24\" class=\"t2-icon t2-icon-arrowforward\" aria-hidden=\"true\" focusable=\"false\"><path d=\"M12.78 5.036a1.099 1.099 0 0 0-.497.287c-.208.208-.259.344-.258.684.001.264.016.33.105.465.058.087 1.079 1.14 2.27 2.341l2.165 2.182-5.913.013-5.912.012-.165.088c-.391.209-.551.469-.551.892 0 .34.054.476.282.704.3.299-.236.275 6.347.287l5.913.012-2.167 2.185c-1.191 1.202-2.213 2.255-2.27 2.341-.088.134-.103.201-.104.464-.001.34.05.475.258.684.284.284.676.383 1.038.263.198-.066.423-.281 3.655-3.503l3.444-3.433-2.58-2.585c-2.816-2.822-4.255-4.224-4.433-4.315a1.155 1.155 0 0 0-.627-.068\"\/><\/svg><\/div>\n\t\t<div class=\"swiper-pagination\"><\/div>\n\t\t<div class=\"swiper-button-next\"><svg xmlns=\"http:\/\/www.w3.org\/2000\/svg\" viewBox=\"0 0 24 24\" height=\"24\" width=\"24\" class=\"t2-icon t2-icon-arrowforward\" aria-hidden=\"true\" focusable=\"false\"><path d=\"M12.78 5.036a1.099 1.099 0 0 0-.497.287c-.208.208-.259.344-.258.684.001.264.016.33.105.465.058.087 1.079 1.14 2.27 2.341l2.165 2.182-5.913.013-5.912.012-.165.088c-.391.209-.551.469-.551.892 0 .34.054.476.282.704.3.299-.236.275 6.347.287l5.913.012-2.167 2.185c-1.191 1.202-2.213 2.255-2.27 2.341-.088.134-.103.201-.104.464-.001.34.05.475.258.684.284.284.676.383 1.038.263.198-.066.423-.281 3.655-3.503l3.444-3.433-2.58-2.585c-2.816-2.822-4.255-4.224-4.433-4.315a1.155 1.155 0 0 0-.627-.068\"\/><\/svg><\/div>\n\t<\/div>\n\t\t\t\t<\/div>\n\t\t<\/div>\n\t<\/div>\n\t","protected":false},"excerpt":{"rendered":"<p>Problemer oppst\u00e5r i de flestes liv. Da kan det v\u00e6re hjelpsomt \u00e5 snakke med en&hellip;<\/p>\n","protected":false},"author":5,"featured_media":97,"parent":0,"menu_order":0,"comment_status":"closed","ping_status":"closed","template":"","meta":{"_relevanssi_hide_post":"","_relevanssi_hide_content":"","_relevanssi_pin_for_all":"","_relevanssi_pin_keywords":"","_relevanssi_unpin_keywords":"","_relevanssi_related_keywords":"","_relevanssi_related_include_ids":"","_relevanssi_related_exclude_ids":"","_relevanssi_related_no_append":"","_relevanssi_related_not_related":"","_relevanssi_related_posts":"1","_relevanssi_noindex_reason":"","editor_notices":[],"footnotes":""},"class_list":["post-3","page","type-page","status-publish","has-post-thumbnail","hentry"],"yoast_head":"<!-- This site is optimized with the Yoast SEO Premium plugin v27.2 (Yoast SEO v27.2) - https:\/\/yoast.com\/product\/yoast-seo-premium-wordpress\/ -->\n<title>Kirkens Bymisjon - Robust<\/title>\n<meta name=\"description\" content=\"Samtaletilbud i Oslo til barn og unge i skolealder og deres familier, som strever med konflikter, bekymringer eller problemer av ulik art.\" \/>\n<meta name=\"robots\" content=\"index, follow, max-snippet:-1, max-image-preview:large, max-video-preview:-1\" \/>\n<link rel=\"canonical\" href=\"https:\/\/kirkensbymisjon.no\/tilbud-robust\/\" \/>\n<meta property=\"og:locale\" content=\"nb_NO\" \/>\n<meta property=\"og:type\" content=\"article\" \/>\n<meta property=\"og:title\" content=\"Kirkens Bymisjon - Robust\" \/>\n<meta property=\"og:description\" content=\"Samtaletilbud i Oslo til barn og unge i skolealder og deres familier, som strever med konflikter, bekymringer eller problemer av ulik art.\" \/>\n<meta property=\"og:url\" content=\"https:\/\/kirkensbymisjon.no\/tilbud-robust\/\" \/>\n<meta property=\"og:site_name\" content=\"Robust\" \/>\n<meta property=\"article:modified_time\" content=\"2026-03-06T12:22:32+00:00\" \/>\n<meta property=\"og:image\" content=\"https:\/\/kirkensbymisjon.no\/content\/uploads\/sites\/108\/2024\/09\/tilbud_robust_03-scaled.jpg\" \/>\n\t<meta property=\"og:image:width\" content=\"2321\" \/>\n\t<meta property=\"og:image:height\" content=\"2560\" \/>\n\t<meta property=\"og:image:type\" content=\"image\/jpeg\" \/>\n<meta name=\"twitter:card\" content=\"summary_large_image\" \/>\n<meta name=\"twitter:title\" content=\"Forside\" \/>\n<meta name=\"twitter:label1\" content=\"Ansl. lesetid\" \/>\n\t<meta name=\"twitter:data1\" content=\"3 minutter\" \/>\n<script type=\"application\/ld+json\" class=\"yoast-schema-graph\">{\"@context\":\"https:\/\/schema.org\",\"@graph\":[{\"@type\":\"WebPage\",\"@id\":\"https:\/\/kirkensbymisjon.no\/tilbud-robust\/\",\"url\":\"https:\/\/kirkensbymisjon.no\/tilbud-robust\/\",\"name\":\"Kirkens Bymisjon - Robust\",\"isPartOf\":{\"@id\":\"https:\/\/kirkensbymisjon.no\/tilbud-robust\/#website\"},\"primaryImageOfPage\":{\"@id\":\"https:\/\/kirkensbymisjon.no\/tilbud-robust\/#primaryimage\"},\"image\":{\"@id\":\"https:\/\/kirkensbymisjon.no\/tilbud-robust\/#primaryimage\"},\"thumbnailUrl\":\"https:\/\/kirkensbymisjon.no\/content\/uploads\/sites\/108\/2024\/09\/tilbud_robust_03-scaled.jpg\",\"datePublished\":\"2024-06-27T05:41:38+00:00\",\"dateModified\":\"2026-03-06T12:22:32+00:00\",\"description\":\"Samtaletilbud i Oslo til barn og unge i skolealder og deres familier, som strever med konflikter, bekymringer eller problemer av ulik art.\",\"breadcrumb\":{\"@id\":\"https:\/\/kirkensbymisjon.no\/tilbud-robust\/#breadcrumb\"},\"inLanguage\":\"nb-NO\",\"potentialAction\":[{\"@type\":\"ReadAction\",\"target\":[\"https:\/\/kirkensbymisjon.no\/tilbud-robust\/\"]}]},{\"@type\":\"ImageObject\",\"inLanguage\":\"nb-NO\",\"@id\":\"https:\/\/kirkensbymisjon.no\/tilbud-robust\/#primaryimage\",\"url\":\"https:\/\/kirkensbymisjon.no\/content\/uploads\/sites\/108\/2024\/09\/tilbud_robust_03-scaled.jpg\",\"contentUrl\":\"https:\/\/kirkensbymisjon.no\/content\/uploads\/sites\/108\/2024\/09\/tilbud_robust_03-scaled.jpg\",\"width\":2321,\"height\":2560,\"caption\":\"Ung jente\"},{\"@type\":\"BreadcrumbList\",\"@id\":\"https:\/\/kirkensbymisjon.no\/tilbud-robust\/#breadcrumb\",\"itemListElement\":[{\"@type\":\"ListItem\",\"position\":1,\"name\":\"Hjem\",\"item\":\"https:\/\/kirkensbymisjon.no\/tilbud-robust\/\"},{\"@type\":\"ListItem\",\"position\":2,\"name\":\"Forside\"}]},{\"@type\":\"WebSite\",\"@id\":\"https:\/\/kirkensbymisjon.no\/tilbud-robust\/#website\",\"url\":\"https:\/\/kirkensbymisjon.no\/tilbud-robust\/\",\"name\":\"Robust\",\"description\":\"\",\"potentialAction\":[{\"@type\":\"SearchAction\",\"target\":{\"@type\":\"EntryPoint\",\"urlTemplate\":\"https:\/\/kirkensbymisjon.no\/tilbud-robust\/?s={search_term_string}\"},\"query-input\":{\"@type\":\"PropertyValueSpecification\",\"valueRequired\":true,\"valueName\":\"search_term_string\"}}],\"inLanguage\":\"nb-NO\"}]}<\/script>\n<!-- \/ Yoast SEO Premium plugin. -->","yoast_head_json":{"title":"Kirkens Bymisjon - Robust","description":"Samtaletilbud i Oslo til barn og unge i skolealder og deres familier, som strever med konflikter, bekymringer eller problemer av ulik art.","robots":{"index":"index","follow":"follow","max-snippet":"max-snippet:-1","max-image-preview":"max-image-preview:large","max-video-preview":"max-video-preview:-1"},"canonical":"https:\/\/kirkensbymisjon.no\/tilbud-robust\/","og_locale":"nb_NO","og_type":"article","og_title":"Kirkens Bymisjon - Robust","og_description":"Samtaletilbud i Oslo til barn og unge i skolealder og deres familier, som strever med konflikter, bekymringer eller problemer av ulik art.","og_url":"https:\/\/kirkensbymisjon.no\/tilbud-robust\/","og_site_name":"Robust","article_modified_time":"2026-03-06T12:22:32+00:00","og_image":[{"width":2321,"height":2560,"url":"https:\/\/kirkensbymisjon.no\/content\/uploads\/sites\/108\/2024\/09\/tilbud_robust_03-scaled.jpg","type":"image\/jpeg"}],"twitter_card":"summary_large_image","twitter_title":"Forside","twitter_misc":{"Ansl. lesetid":"3 minutter"},"schema":{"@context":"https:\/\/schema.org","@graph":[{"@type":"WebPage","@id":"https:\/\/kirkensbymisjon.no\/tilbud-robust\/","url":"https:\/\/kirkensbymisjon.no\/tilbud-robust\/","name":"Kirkens Bymisjon - Robust","isPartOf":{"@id":"https:\/\/kirkensbymisjon.no\/tilbud-robust\/#website"},"primaryImageOfPage":{"@id":"https:\/\/kirkensbymisjon.no\/tilbud-robust\/#primaryimage"},"image":{"@id":"https:\/\/kirkensbymisjon.no\/tilbud-robust\/#primaryimage"},"thumbnailUrl":"https:\/\/kirkensbymisjon.no\/content\/uploads\/sites\/108\/2024\/09\/tilbud_robust_03-scaled.jpg","datePublished":"2024-06-27T05:41:38+00:00","dateModified":"2026-03-06T12:22:32+00:00","description":"Samtaletilbud i Oslo til barn og unge i skolealder og deres familier, som strever med konflikter, bekymringer eller problemer av ulik art.","breadcrumb":{"@id":"https:\/\/kirkensbymisjon.no\/tilbud-robust\/#breadcrumb"},"inLanguage":"nb-NO","potentialAction":[{"@type":"ReadAction","target":["https:\/\/kirkensbymisjon.no\/tilbud-robust\/"]}]},{"@type":"ImageObject","inLanguage":"nb-NO","@id":"https:\/\/kirkensbymisjon.no\/tilbud-robust\/#primaryimage","url":"https:\/\/kirkensbymisjon.no\/content\/uploads\/sites\/108\/2024\/09\/tilbud_robust_03-scaled.jpg","contentUrl":"https:\/\/kirkensbymisjon.no\/content\/uploads\/sites\/108\/2024\/09\/tilbud_robust_03-scaled.jpg","width":2321,"height":2560,"caption":"Ung jente"},{"@type":"BreadcrumbList","@id":"https:\/\/kirkensbymisjon.no\/tilbud-robust\/#breadcrumb","itemListElement":[{"@type":"ListItem","position":1,"name":"Hjem","item":"https:\/\/kirkensbymisjon.no\/tilbud-robust\/"},{"@type":"ListItem","position":2,"name":"Forside"}]},{"@type":"WebSite","@id":"https:\/\/kirkensbymisjon.no\/tilbud-robust\/#website","url":"https:\/\/kirkensbymisjon.no\/tilbud-robust\/","name":"Robust","description":"","potentialAction":[{"@type":"SearchAction","target":{"@type":"EntryPoint","urlTemplate":"https:\/\/kirkensbymisjon.no\/tilbud-robust\/?s={search_term_string}"},"query-input":{"@type":"PropertyValueSpecification","valueRequired":true,"valueName":"search_term_string"}}],"inLanguage":"nb-NO"}]}},"_links":{"self":[{"href":"https:\/\/kirkensbymisjon.no\/tilbud-robust\/wp-json\/wp\/v2\/pages\/3","targetHints":{"allow":["GET"]}}],"collection":[{"href":"https:\/\/kirkensbymisjon.no\/tilbud-robust\/wp-json\/wp\/v2\/pages"}],"about":[{"href":"https:\/\/kirkensbymisjon.no\/tilbud-robust\/wp-json\/wp\/v2\/types\/page"}],"author":[{"embeddable":true,"href":"https:\/\/kirkensbymisjon.no\/tilbud-robust\/wp-json\/wp\/v2\/users\/5"}],"replies":[{"embeddable":true,"href":"https:\/\/kirkensbymisjon.no\/tilbud-robust\/wp-json\/wp\/v2\/comments?post=3"}],"version-history":[{"count":5,"href":"https:\/\/kirkensbymisjon.no\/tilbud-robust\/wp-json\/wp\/v2\/pages\/3\/revisions"}],"predecessor-version":[{"id":169,"href":"https:\/\/kirkensbymisjon.no\/tilbud-robust\/wp-json\/wp\/v2\/pages\/3\/revisions\/169"}],"wp:featuredmedia":[{"embeddable":true,"href":"https:\/\/kirkensbymisjon.no\/tilbud-robust\/wp-json\/wp\/v2\/media\/97"}],"wp:attachment":[{"href":"https:\/\/kirkensbymisjon.no\/tilbud-robust\/wp-json\/wp\/v2\/media?parent=3"}],"curies":[{"name":"wp","href":"https:\/\/api.w.org\/{rel}","templated":true}]}}