{"id":2,"date":"2024-06-14T13:15:34","date_gmt":"2024-06-14T11:15:34","guid":{"rendered":"https:\/\/kirkensbymisjon.no\/tilbud-rusomsorgen\/?page_id=2"},"modified":"2024-12-04T12:19:57","modified_gmt":"2024-12-04T11:19:57","slug":"forside","status":"publish","type":"page","link":"https:\/\/kirkensbymisjon.no\/tilbud-rusomsorgen\/","title":{"rendered":"Forside"},"content":{"rendered":"\n<p>Lavterskel i rusomsorgen er sv\u00e6rt sentralt i v\u00e5rt arbeid. Det er ingen krav om rusfrihet hos oss. Vi har ingen ambisjoner om \u00e5 drive behandling eller terapi mot rusavhengigheten. Vi driver kun lindrende rusomsorg p\u00e5 ideell basis i samarbeid med frivillige og deres kraft som medmennesker.<\/p>\n\n\n\n<div class=\"wp-block-media-text alignwide is-stacked-on-mobile is-style-filled\"><figure class=\"wp-block-media-text__media\"><img decoding=\"async\" src=\"https:\/\/kirkensbymisjon.no\/content\/uploads\/sites\/7\/2024\/06\/Tilbud_Arbeidsrommet_04-1024x683.jpeg\" alt=\"Kvinner som driver med h\u00e5ndarbeid p\u00e5 Arbeidsrommet\" class=\"wp-image-7 size-full\" \/><\/figure><div class=\"wp-block-media-text__content\">\n<h2 class=\"wp-block-heading\" id=\"h-vil-du-bidra\">Vil du bidra?<\/h2>\n\n\n\n<p>Ta kontakt med oss om du har lyst til \u00e5 bidra \u2013 som deltaker p\u00e5 kurs eller i produksjon, med ideer til et produkt eller en tjeneste, med r\u00e5varer og materialer, med et \u00f8konomisk bidrag eller som frivillig.&nbsp;<\/p>\n\n\n\n<p><a href=\"https:\/\/kirkensbymisjon.no\/tilbud-arbeidsrommet\/\">Les mer om frivillighet<\/a><\/p>\n<\/div><\/div>\n\n\n\n<h2 class=\"wp-block-heading\" id=\"h-slik-jobber-vi\"><strong>Slik jobber vi<\/strong><\/h2>\n\n\n<div class=\"t2-accordion wp-block-t2-accordion\" data-allow-multiple=\"1\" role=\"list\">\n<div class=\"t2-accordion-item wp-block-t2-accordion-item\" role=\"listitem\">\n\t\t\t<h2 class=\"t2-accordion-title\">\n\t\t\t\t<button type=\"button\" class=\"t2-accordion-trigger\" id=\"&lt;strong&gt;om-&lt;\/strong&gt;rusomsorgen\" aria-controls=\"accordion-panel\" aria-expanded=\"false\">\n\t\t\t\t\tOm Rusomsorgen\n\t\t\t\t\t<span class=\"t2-accordion-icon is-closed-icon\"><svg xmlns=\"http:\/\/www.w3.org\/2000\/svg\" viewBox=\"0 0 24 24\" height=\"24\" width=\"24\" class=\"t2-icon t2-icon-plus\" aria-hidden=\"true\" focusable=\"false\"><path d=\"M11.8 5.037a1.088 1.088 0 0 0-.722.566c-.075.148-.078.25-.078 2.772v2.619l-2.61.016c-1.867.012-2.652.03-2.756.064-.168.055-.438.301-.54.494-.049.092-.07.223-.07.432 0 .34.054.476.282.704.289.289.14.275 3.064.288l2.63.012v2.619c0 2.544.002 2.625.08 2.778.191.372.516.577.92.577s.729-.205.92-.577c.078-.153.08-.234.08-2.778v-2.619l2.63-.012c2.924-.013 2.775.001 3.064-.288.228-.228.282-.364.282-.704 0-.209-.021-.34-.07-.432-.102-.193-.372-.439-.54-.494-.104-.034-.889-.052-2.756-.064L13 10.994V8.375c0-2.522-.003-2.624-.078-2.772-.214-.418-.685-.656-1.122-.566\"\/><\/svg><\/span>\n\t\t\t\t\t<span class=\"t2-accordion-icon is-open-icon\"><svg xmlns=\"http:\/\/www.w3.org\/2000\/svg\" viewBox=\"0 0 24 24\" height=\"24\" width=\"24\" class=\"t2-icon t2-icon-chevronup\" aria-hidden=\"true\" focusable=\"false\"><path d=\"M6.7 14.7c-.2-.2-.3-.4-.3-.7s.1-.5.3-.7l4.6-4.6c.1-.1.2-.2.3-.2.1 0 .2-.1.4-.1.1 0 .3 0 .4.1.1 0 .2.1.3.2l4.6 4.6c.2.2.3.4.3.7s-.1.5-.3.7c-.2.2-.4.3-.7.3s-.5-.1-.7-.3L12 10.8l-3.9 3.9c-.2.2-.4.3-.7.3s-.5-.1-.7-.3z\" fill=\"currentColor\" \/><\/svg><\/span>\n\t\t\t\t<\/button>\n\t\t\t<\/h2>\n\t\t\t<div class=\"t2-accordion-item__inner-container is-layout-flow\" id=\"accordion-panel\" aria-labelledby=\"&lt;strong&gt;om-&lt;\/strong&gt;rusomsorgen\" role=\"region\" hidden>\n\t\t\t\t\n\n<ul class=\"wp-block-list\">\n<li>Vi utf\u00f8rer ingen lovp\u00e5lagte oppgaver, og er derfor et supplement til det offentlige hjelpeapparatet.<\/li>\n\n\n\n<li>Den omsorgen som vi tilbyr, gis i form av n\u00e6rv\u00e6r, mat, samtaler, sjelesorg, adgang til dusj og toaletter og et sted for vask av kl\u00e6r.<\/li>\n\n\n\n<li>Det er ingen krav om rusfrihet hos oss, men det er et absolutt krav om god oppf\u00f8rsel.<\/li>\n\n\n\n<li>Alle som \u00f8nsker \u00e5 komme p\u00e5 bes\u00f8k har adgang, men unge rusavhengige mennesker under 18 \u00e5r ser vi helst at andre akt\u00f8rer fanger opp.<\/li>\n\n\n\n<li>Vi har opps\u00f8kende virksomhet, aktiviteter, gudstjenester, fokus p\u00e5 velv\u00e6re og selvtillit for kvinner, tilrettelegging for m\u00f8ter med <a href=\"\/tilbud-gatejuristen\/\">Gatejuristen<\/a> og Sosialmedisinsk senter, markeringer og fester.<\/li>\n<\/ul>\n\n\n\t\t\t<\/div>\n\t\t<\/div>\n<\/div>\n\n\n<h2 class=\"wp-block-heading\" id=\"h-vare-aktiviteter\">V\u00e5re aktiviteter<\/h2>\n\n\n<div class=\"t2-accordion wp-block-t2-accordion\" data-allow-multiple=\"1\" role=\"list\">\n<div class=\"t2-accordion-item wp-block-t2-accordion-item\" role=\"listitem\">\n\t\t\t<h2 class=\"t2-accordion-title\">\n\t\t\t\t<button type=\"button\" class=\"t2-accordion-trigger\" id=\"&lt;strong&gt;torsdags\u00e5pent&lt;\/strong&gt;\" aria-controls=\"accordion-panel-1\" aria-expanded=\"false\">\n\t\t\t\t\tTorsdags\u00e5pent\n\t\t\t\t\t<span class=\"t2-accordion-icon is-closed-icon\"><svg xmlns=\"http:\/\/www.w3.org\/2000\/svg\" viewBox=\"0 0 24 24\" height=\"24\" width=\"24\" class=\"t2-icon t2-icon-plus\" aria-hidden=\"true\" focusable=\"false\"><path d=\"M11.8 5.037a1.088 1.088 0 0 0-.722.566c-.075.148-.078.25-.078 2.772v2.619l-2.61.016c-1.867.012-2.652.03-2.756.064-.168.055-.438.301-.54.494-.049.092-.07.223-.07.432 0 .34.054.476.282.704.289.289.14.275 3.064.288l2.63.012v2.619c0 2.544.002 2.625.08 2.778.191.372.516.577.92.577s.729-.205.92-.577c.078-.153.08-.234.08-2.778v-2.619l2.63-.012c2.924-.013 2.775.001 3.064-.288.228-.228.282-.364.282-.704 0-.209-.021-.34-.07-.432-.102-.193-.372-.439-.54-.494-.104-.034-.889-.052-2.756-.064L13 10.994V8.375c0-2.522-.003-2.624-.078-2.772-.214-.418-.685-.656-1.122-.566\"\/><\/svg><\/span>\n\t\t\t\t\t<span class=\"t2-accordion-icon is-open-icon\"><svg xmlns=\"http:\/\/www.w3.org\/2000\/svg\" viewBox=\"0 0 24 24\" height=\"24\" width=\"24\" class=\"t2-icon t2-icon-chevronup\" aria-hidden=\"true\" focusable=\"false\"><path d=\"M6.7 14.7c-.2-.2-.3-.4-.3-.7s.1-.5.3-.7l4.6-4.6c.1-.1.2-.2.3-.2.1 0 .2-.1.4-.1.1 0 .3 0 .4.1.1 0 .2.1.3.2l4.6 4.6c.2.2.3.4.3.7s-.1.5-.3.7c-.2.2-.4.3-.7.3s-.5-.1-.7-.3L12 10.8l-3.9 3.9c-.2.2-.4.3-.7.3s-.5-.1-.7-.3z\" fill=\"currentColor\" \/><\/svg><\/span>\n\t\t\t\t<\/button>\n\t\t\t<\/h2>\n\t\t\t<div class=\"t2-accordion-item__inner-container is-layout-flow\" id=\"accordion-panel-1\" aria-labelledby=\"&lt;strong&gt;torsdags\u00e5pent&lt;\/strong&gt;\" role=\"region\" hidden>\n\t\t\t\t\n\n<p>Torsdags\u00e5pent er et tilbud til rusavhengige i Troms\u00f8 fra kl. 12.00\u201315.00. Tiltaket har som m\u00e5l \u00e5 v\u00e6re et m\u00f8tested hvor det serveres et varmt m\u00e5ltid, og ferskt br\u00f8d med godt p\u00e5legg. Her kan vi snakke sammen om sorg og gleder, og ofte rigges det til med sang, musikk og jamming.<\/p>\n\n\n\t\t\t<\/div>\n\t\t<\/div>\n\n<div class=\"t2-accordion-item wp-block-t2-accordion-item\" role=\"listitem\">\n\t\t\t<h2 class=\"t2-accordion-title\">\n\t\t\t\t<button type=\"button\" class=\"t2-accordion-trigger\" id=\"&lt;strong&gt;mandagsmiddag&lt;\/strong&gt;\" aria-controls=\"accordion-panel-2\" aria-expanded=\"false\">\n\t\t\t\t\tMandagsmiddag\n\t\t\t\t\t<span class=\"t2-accordion-icon is-closed-icon\"><svg xmlns=\"http:\/\/www.w3.org\/2000\/svg\" viewBox=\"0 0 24 24\" height=\"24\" width=\"24\" class=\"t2-icon t2-icon-plus\" aria-hidden=\"true\" focusable=\"false\"><path d=\"M11.8 5.037a1.088 1.088 0 0 0-.722.566c-.075.148-.078.25-.078 2.772v2.619l-2.61.016c-1.867.012-2.652.03-2.756.064-.168.055-.438.301-.54.494-.049.092-.07.223-.07.432 0 .34.054.476.282.704.289.289.14.275 3.064.288l2.63.012v2.619c0 2.544.002 2.625.08 2.778.191.372.516.577.92.577s.729-.205.92-.577c.078-.153.08-.234.08-2.778v-2.619l2.63-.012c2.924-.013 2.775.001 3.064-.288.228-.228.282-.364.282-.704 0-.209-.021-.34-.07-.432-.102-.193-.372-.439-.54-.494-.104-.034-.889-.052-2.756-.064L13 10.994V8.375c0-2.522-.003-2.624-.078-2.772-.214-.418-.685-.656-1.122-.566\"\/><\/svg><\/span>\n\t\t\t\t\t<span class=\"t2-accordion-icon is-open-icon\"><svg xmlns=\"http:\/\/www.w3.org\/2000\/svg\" viewBox=\"0 0 24 24\" height=\"24\" width=\"24\" class=\"t2-icon t2-icon-chevronup\" aria-hidden=\"true\" focusable=\"false\"><path d=\"M6.7 14.7c-.2-.2-.3-.4-.3-.7s.1-.5.3-.7l4.6-4.6c.1-.1.2-.2.3-.2.1 0 .2-.1.4-.1.1 0 .3 0 .4.1.1 0 .2.1.3.2l4.6 4.6c.2.2.3.4.3.7s-.1.5-.3.7c-.2.2-.4.3-.7.3s-.5-.1-.7-.3L12 10.8l-3.9 3.9c-.2.2-.4.3-.7.3s-.5-.1-.7-.3z\" fill=\"currentColor\" \/><\/svg><\/span>\n\t\t\t\t<\/button>\n\t\t\t<\/h2>\n\t\t\t<div class=\"t2-accordion-item__inner-container is-layout-flow\" id=\"accordion-panel-2\" aria-labelledby=\"&lt;strong&gt;mandagsmiddag&lt;\/strong&gt;\" role=\"region\" hidden>\n\t\t\t\t\n\n<p>Mandagsmiddag serveres gratis hver mandag fra kl. 12.00\u201315.00.<br>Vi tilbyr rikelig, god norsk husmanskost i godt selskap.<\/p>\n\n\n\t\t\t<\/div>\n\t\t<\/div>\n\n<div class=\"t2-accordion-item wp-block-t2-accordion-item\" role=\"listitem\">\n\t\t\t<h2 class=\"t2-accordion-title\">\n\t\t\t\t<button type=\"button\" class=\"t2-accordion-trigger\" id=\"fotballtrening\" aria-controls=\"accordion-panel-3\" aria-expanded=\"false\">\n\t\t\t\t\tFotballtrening\n\t\t\t\t\t<span class=\"t2-accordion-icon is-closed-icon\"><svg xmlns=\"http:\/\/www.w3.org\/2000\/svg\" viewBox=\"0 0 24 24\" height=\"24\" width=\"24\" class=\"t2-icon t2-icon-plus\" aria-hidden=\"true\" focusable=\"false\"><path d=\"M11.8 5.037a1.088 1.088 0 0 0-.722.566c-.075.148-.078.25-.078 2.772v2.619l-2.61.016c-1.867.012-2.652.03-2.756.064-.168.055-.438.301-.54.494-.049.092-.07.223-.07.432 0 .34.054.476.282.704.289.289.14.275 3.064.288l2.63.012v2.619c0 2.544.002 2.625.08 2.778.191.372.516.577.92.577s.729-.205.92-.577c.078-.153.08-.234.08-2.778v-2.619l2.63-.012c2.924-.013 2.775.001 3.064-.288.228-.228.282-.364.282-.704 0-.209-.021-.34-.07-.432-.102-.193-.372-.439-.54-.494-.104-.034-.889-.052-2.756-.064L13 10.994V8.375c0-2.522-.003-2.624-.078-2.772-.214-.418-.685-.656-1.122-.566\"\/><\/svg><\/span>\n\t\t\t\t\t<span class=\"t2-accordion-icon is-open-icon\"><svg xmlns=\"http:\/\/www.w3.org\/2000\/svg\" viewBox=\"0 0 24 24\" height=\"24\" width=\"24\" class=\"t2-icon t2-icon-chevronup\" aria-hidden=\"true\" focusable=\"false\"><path d=\"M6.7 14.7c-.2-.2-.3-.4-.3-.7s.1-.5.3-.7l4.6-4.6c.1-.1.2-.2.3-.2.1 0 .2-.1.4-.1.1 0 .3 0 .4.1.1 0 .2.1.3.2l4.6 4.6c.2.2.3.4.3.7s-.1.5-.3.7c-.2.2-.4.3-.7.3s-.5-.1-.7-.3L12 10.8l-3.9 3.9c-.2.2-.4.3-.7.3s-.5-.1-.7-.3z\" fill=\"currentColor\" \/><\/svg><\/span>\n\t\t\t\t<\/button>\n\t\t\t<\/h2>\n\t\t\t<div class=\"t2-accordion-item__inner-container is-layout-flow\" id=\"accordion-panel-3\" aria-labelledby=\"fotballtrening\" role=\"region\" hidden>\n\t\t\t\t\n\n<p>Gatefotballaget, \u00abBak M\u00e5l\u00bb, trener i Skarphallen og p\u00e5 Alfheim i l\u00f8pet av \u00e5ret. Laget har tidligere b\u00e5de spilt i 2. divisjon i bedriftsserien og deltatt i NM i Gatefotball i Stavanger.<\/p>\n\n\n\t\t\t<\/div>\n\t\t<\/div>\n<\/div>","protected":false},"excerpt":{"rendered":"<p>Lavterskel i rusomsorgen er sv\u00e6rt sentralt i v\u00e5rt arbeid. Det er ingen krav om rusfrihet&hellip;<\/p>\n","protected":false},"author":1,"featured_media":8,"parent":0,"menu_order":0,"comment_status":"closed","ping_status":"closed","template":"","meta":{"_relevanssi_hide_post":"","_relevanssi_hide_content":"","_relevanssi_pin_for_all":"","_relevanssi_pin_keywords":"","_relevanssi_unpin_keywords":"","_relevanssi_related_keywords":"","_relevanssi_related_include_ids":"","_relevanssi_related_exclude_ids":"","_relevanssi_related_no_append":"","_relevanssi_related_not_related":"","_relevanssi_related_posts":"1","_relevanssi_noindex_reason":"","editor_notices":[],"footnotes":""},"class_list":["post-2","page","type-page","status-publish","has-post-thumbnail","hentry"],"yoast_head":"<!-- This site is optimized with the Yoast SEO Premium plugin v27.2 (Yoast SEO v27.4) - https:\/\/yoast.com\/product\/yoast-seo-premium-wordpress\/ -->\n<title>Kirkens Bymisjon - Rusomsorgen<\/title>\n<meta name=\"description\" content=\"Vi tilbyr n\u00e6rv\u00e6r, mat, samtaler, sjelesorg, vask av kl\u00e6r, adgang til dusj og toaletter for mennesker i rusmilj\u00f8et.\" \/>\n<meta name=\"robots\" content=\"index, follow, max-snippet:-1, max-image-preview:large, max-video-preview:-1\" \/>\n<link rel=\"canonical\" href=\"https:\/\/kirkensbymisjon.no\/tilbud-rusomsorgen\/\" \/>\n<meta property=\"og:locale\" content=\"nb_NO\" \/>\n<meta property=\"og:type\" content=\"article\" \/>\n<meta property=\"og:title\" content=\"Kirkens Bymisjon - Rusomsorgen\" \/>\n<meta property=\"og:description\" content=\"Vi tilbyr n\u00e6rv\u00e6r, mat, samtaler, sjelesorg, vask av kl\u00e6r, adgang til dusj og toaletter for mennesker i rusmilj\u00f8et.\" \/>\n<meta property=\"og:url\" content=\"https:\/\/kirkensbymisjon.no\/tilbud-rusomsorgen\/\" \/>\n<meta property=\"og:site_name\" content=\"Rusomsorgen\" \/>\n<meta property=\"article:modified_time\" content=\"2024-12-04T11:19:57+00:00\" \/>\n<meta property=\"og:image\" content=\"https:\/\/kirkensbymisjon.no\/content\/uploads\/sites\/18\/2024\/06\/Tilbud_Rusomsorgen_01.jpg\" \/>\n\t<meta property=\"og:image:width\" content=\"1701\" \/>\n\t<meta property=\"og:image:height\" content=\"1126\" \/>\n\t<meta property=\"og:image:type\" content=\"image\/jpeg\" \/>\n<meta name=\"twitter:card\" content=\"summary_large_image\" \/>\n<meta name=\"twitter:title\" content=\"Forside\" \/>\n<meta name=\"twitter:label1\" content=\"Ansl. lesetid\" \/>\n\t<meta name=\"twitter:data1\" content=\"3 minutter\" \/>\n<script type=\"application\/ld+json\" class=\"yoast-schema-graph\">{\"@context\":\"https:\\\/\\\/schema.org\",\"@graph\":[{\"@type\":\"WebPage\",\"@id\":\"https:\\\/\\\/kirkensbymisjon.no\\\/tilbud-rusomsorgen\\\/\",\"url\":\"https:\\\/\\\/kirkensbymisjon.no\\\/tilbud-rusomsorgen\\\/\",\"name\":\"Kirkens Bymisjon - Rusomsorgen\",\"isPartOf\":{\"@id\":\"https:\\\/\\\/kirkensbymisjon.no\\\/tilbud-rusomsorgen\\\/#website\"},\"primaryImageOfPage\":{\"@id\":\"https:\\\/\\\/kirkensbymisjon.no\\\/tilbud-rusomsorgen\\\/#primaryimage\"},\"image\":{\"@id\":\"https:\\\/\\\/kirkensbymisjon.no\\\/tilbud-rusomsorgen\\\/#primaryimage\"},\"thumbnailUrl\":\"https:\\\/\\\/kirkensbymisjon.no\\\/content\\\/uploads\\\/sites\\\/18\\\/2024\\\/06\\\/Tilbud_Rusomsorgen_01.jpg\",\"datePublished\":\"2024-06-14T11:15:34+00:00\",\"dateModified\":\"2024-12-04T11:19:57+00:00\",\"description\":\"Vi tilbyr n\u00e6rv\u00e6r, mat, samtaler, sjelesorg, vask av kl\u00e6r, adgang til dusj og toaletter for mennesker i rusmilj\u00f8et.\",\"breadcrumb\":{\"@id\":\"https:\\\/\\\/kirkensbymisjon.no\\\/tilbud-rusomsorgen\\\/#breadcrumb\"},\"inLanguage\":\"nb-NO\",\"potentialAction\":[{\"@type\":\"ReadAction\",\"target\":[\"https:\\\/\\\/kirkensbymisjon.no\\\/tilbud-rusomsorgen\\\/\"]}]},{\"@type\":\"ImageObject\",\"inLanguage\":\"nb-NO\",\"@id\":\"https:\\\/\\\/kirkensbymisjon.no\\\/tilbud-rusomsorgen\\\/#primaryimage\",\"url\":\"https:\\\/\\\/kirkensbymisjon.no\\\/content\\\/uploads\\\/sites\\\/18\\\/2024\\\/06\\\/Tilbud_Rusomsorgen_01.jpg\",\"contentUrl\":\"https:\\\/\\\/kirkensbymisjon.no\\\/content\\\/uploads\\\/sites\\\/18\\\/2024\\\/06\\\/Tilbud_Rusomsorgen_01.jpg\",\"width\":1701,\"height\":1126,\"caption\":\"Hender som holder en kaffekopp\"},{\"@type\":\"BreadcrumbList\",\"@id\":\"https:\\\/\\\/kirkensbymisjon.no\\\/tilbud-rusomsorgen\\\/#breadcrumb\",\"itemListElement\":[{\"@type\":\"ListItem\",\"position\":1,\"name\":\"Hjem\",\"item\":\"https:\\\/\\\/kirkensbymisjon.no\\\/tilbud-rusomsorgen\\\/\"},{\"@type\":\"ListItem\",\"position\":2,\"name\":\"Forside\"}]},{\"@type\":\"WebSite\",\"@id\":\"https:\\\/\\\/kirkensbymisjon.no\\\/tilbud-rusomsorgen\\\/#website\",\"url\":\"https:\\\/\\\/kirkensbymisjon.no\\\/tilbud-rusomsorgen\\\/\",\"name\":\"Rusomsorgen\",\"description\":\"\",\"potentialAction\":[{\"@type\":\"SearchAction\",\"target\":{\"@type\":\"EntryPoint\",\"urlTemplate\":\"https:\\\/\\\/kirkensbymisjon.no\\\/tilbud-rusomsorgen\\\/?s={search_term_string}\"},\"query-input\":{\"@type\":\"PropertyValueSpecification\",\"valueRequired\":true,\"valueName\":\"search_term_string\"}}],\"inLanguage\":\"nb-NO\"}]}<\/script>\n<!-- \/ Yoast SEO Premium plugin. -->","yoast_head_json":{"title":"Kirkens Bymisjon - Rusomsorgen","description":"Vi tilbyr n\u00e6rv\u00e6r, mat, samtaler, sjelesorg, vask av kl\u00e6r, adgang til dusj og toaletter for mennesker i rusmilj\u00f8et.","robots":{"index":"index","follow":"follow","max-snippet":"max-snippet:-1","max-image-preview":"max-image-preview:large","max-video-preview":"max-video-preview:-1"},"canonical":"https:\/\/kirkensbymisjon.no\/tilbud-rusomsorgen\/","og_locale":"nb_NO","og_type":"article","og_title":"Kirkens Bymisjon - Rusomsorgen","og_description":"Vi tilbyr n\u00e6rv\u00e6r, mat, samtaler, sjelesorg, vask av kl\u00e6r, adgang til dusj og toaletter for mennesker i rusmilj\u00f8et.","og_url":"https:\/\/kirkensbymisjon.no\/tilbud-rusomsorgen\/","og_site_name":"Rusomsorgen","article_modified_time":"2024-12-04T11:19:57+00:00","og_image":[{"width":1701,"height":1126,"url":"https:\/\/kirkensbymisjon.no\/content\/uploads\/sites\/18\/2024\/06\/Tilbud_Rusomsorgen_01.jpg","type":"image\/jpeg"}],"twitter_card":"summary_large_image","twitter_title":"Forside","twitter_misc":{"Ansl. lesetid":"3 minutter"},"schema":{"@context":"https:\/\/schema.org","@graph":[{"@type":"WebPage","@id":"https:\/\/kirkensbymisjon.no\/tilbud-rusomsorgen\/","url":"https:\/\/kirkensbymisjon.no\/tilbud-rusomsorgen\/","name":"Kirkens Bymisjon - Rusomsorgen","isPartOf":{"@id":"https:\/\/kirkensbymisjon.no\/tilbud-rusomsorgen\/#website"},"primaryImageOfPage":{"@id":"https:\/\/kirkensbymisjon.no\/tilbud-rusomsorgen\/#primaryimage"},"image":{"@id":"https:\/\/kirkensbymisjon.no\/tilbud-rusomsorgen\/#primaryimage"},"thumbnailUrl":"https:\/\/kirkensbymisjon.no\/content\/uploads\/sites\/18\/2024\/06\/Tilbud_Rusomsorgen_01.jpg","datePublished":"2024-06-14T11:15:34+00:00","dateModified":"2024-12-04T11:19:57+00:00","description":"Vi tilbyr n\u00e6rv\u00e6r, mat, samtaler, sjelesorg, vask av kl\u00e6r, adgang til dusj og toaletter for mennesker i rusmilj\u00f8et.","breadcrumb":{"@id":"https:\/\/kirkensbymisjon.no\/tilbud-rusomsorgen\/#breadcrumb"},"inLanguage":"nb-NO","potentialAction":[{"@type":"ReadAction","target":["https:\/\/kirkensbymisjon.no\/tilbud-rusomsorgen\/"]}]},{"@type":"ImageObject","inLanguage":"nb-NO","@id":"https:\/\/kirkensbymisjon.no\/tilbud-rusomsorgen\/#primaryimage","url":"https:\/\/kirkensbymisjon.no\/content\/uploads\/sites\/18\/2024\/06\/Tilbud_Rusomsorgen_01.jpg","contentUrl":"https:\/\/kirkensbymisjon.no\/content\/uploads\/sites\/18\/2024\/06\/Tilbud_Rusomsorgen_01.jpg","width":1701,"height":1126,"caption":"Hender som holder en kaffekopp"},{"@type":"BreadcrumbList","@id":"https:\/\/kirkensbymisjon.no\/tilbud-rusomsorgen\/#breadcrumb","itemListElement":[{"@type":"ListItem","position":1,"name":"Hjem","item":"https:\/\/kirkensbymisjon.no\/tilbud-rusomsorgen\/"},{"@type":"ListItem","position":2,"name":"Forside"}]},{"@type":"WebSite","@id":"https:\/\/kirkensbymisjon.no\/tilbud-rusomsorgen\/#website","url":"https:\/\/kirkensbymisjon.no\/tilbud-rusomsorgen\/","name":"Rusomsorgen","description":"","potentialAction":[{"@type":"SearchAction","target":{"@type":"EntryPoint","urlTemplate":"https:\/\/kirkensbymisjon.no\/tilbud-rusomsorgen\/?s={search_term_string}"},"query-input":{"@type":"PropertyValueSpecification","valueRequired":true,"valueName":"search_term_string"}}],"inLanguage":"nb-NO"}]}},"_links":{"self":[{"href":"https:\/\/kirkensbymisjon.no\/tilbud-rusomsorgen\/wp-json\/wp\/v2\/pages\/2","targetHints":{"allow":["GET"]}}],"collection":[{"href":"https:\/\/kirkensbymisjon.no\/tilbud-rusomsorgen\/wp-json\/wp\/v2\/pages"}],"about":[{"href":"https:\/\/kirkensbymisjon.no\/tilbud-rusomsorgen\/wp-json\/wp\/v2\/types\/page"}],"author":[{"embeddable":true,"href":"https:\/\/kirkensbymisjon.no\/tilbud-rusomsorgen\/wp-json\/wp\/v2\/users\/1"}],"replies":[{"embeddable":true,"href":"https:\/\/kirkensbymisjon.no\/tilbud-rusomsorgen\/wp-json\/wp\/v2\/comments?post=2"}],"version-history":[{"count":4,"href":"https:\/\/kirkensbymisjon.no\/tilbud-rusomsorgen\/wp-json\/wp\/v2\/pages\/2\/revisions"}],"predecessor-version":[{"id":45,"href":"https:\/\/kirkensbymisjon.no\/tilbud-rusomsorgen\/wp-json\/wp\/v2\/pages\/2\/revisions\/45"}],"wp:featuredmedia":[{"embeddable":true,"href":"https:\/\/kirkensbymisjon.no\/tilbud-rusomsorgen\/wp-json\/wp\/v2\/media\/8"}],"wp:attachment":[{"href":"https:\/\/kirkensbymisjon.no\/tilbud-rusomsorgen\/wp-json\/wp\/v2\/media?parent=2"}],"curies":[{"name":"wp","href":"https:\/\/api.w.org\/{rel}","templated":true}]}}