{"id":3,"date":"2024-06-20T08:38:40","date_gmt":"2024-06-20T06:38:40","guid":{"rendered":"https:\/\/kirkensbymisjon.no\/tilbud-skattkammeret\/forside\/"},"modified":"2026-02-23T13:28:26","modified_gmt":"2026-02-23T12:28:26","slug":"forside","status":"publish","type":"page","link":"https:\/\/kirkensbymisjon.no\/tilbud-skattkammeret\/","title":{"rendered":"Forside"},"content":{"rendered":"\n<div class=\"wp-block-media-text alignwide is-stacked-on-mobile is-style-filled\"><figure class=\"wp-block-media-text__media\"><img loading=\"lazy\" decoding=\"async\" width=\"1024\" height=\"683\" src=\"https:\/\/kirkensbymisjon.no\/content\/uploads\/sites\/64\/2024\/08\/Tilbud_Skattkammeret_02-1024x683.jpg\" alt=\"\" class=\"wp-image-10 size-full\" srcset=\"https:\/\/kirkensbymisjon.no\/content\/uploads\/sites\/64\/2024\/08\/Tilbud_Skattkammeret_02-1024x683.jpg 1024w, https:\/\/kirkensbymisjon.no\/content\/uploads\/sites\/64\/2024\/08\/Tilbud_Skattkammeret_02-300x200.jpg 300w, https:\/\/kirkensbymisjon.no\/content\/uploads\/sites\/64\/2024\/08\/Tilbud_Skattkammeret_02-768x512.jpg 768w, https:\/\/kirkensbymisjon.no\/content\/uploads\/sites\/64\/2024\/08\/Tilbud_Skattkammeret_02-1536x1024.jpg 1536w, https:\/\/kirkensbymisjon.no\/content\/uploads\/sites\/64\/2024\/08\/Tilbud_Skattkammeret_02-2048x1365.jpg 2048w\" sizes=\"auto, (max-width: 1024px) 100vw, 1024px\" \/><\/figure><div class=\"wp-block-media-text__content\">\n<h2 class=\"wp-block-heading\" id=\"h-er-du-under-25-ar-og-vil-lane-gratis-fritidsutstyr\">Er du under 25 \u00e5r og vil l\u00e5ne gratis fritidsutstyr?<\/h2>\n\n\n\n<p>Bes\u00f8k Skattkammeret n\u00e6rmest deg i \u00e5pningstiden, s\u00e5 hjelper vi deg med \u00e5 finne det du \u00f8nsker \u00e5 l\u00e5ne. Ta med deg utstyret ut, kos deg og lever det tilbake til avtalt tid slik at flere kan f\u00e5 gleden av det. Husk legitimasjon!<\/p>\n\n\n\n<div class=\"wp-block-button\"><a class=\"wp-block-button__link wp-element-button\" href=\"\/tilbud-skattkammeret\/kontaktinformasjon\">Her finner du oss<\/a><\/div>\n<\/div><\/div>\n\n\n\t<div class=\"alignwide wp-block-kbm-link-list\">\n\t\t<div class=\"kbm-link-list__items\">\n\t\t\t\n<div class=\"wp-block-kbm-link-list-item\">\t<svg xmlns=\"http:\/\/www.w3.org\/2000\/svg\" viewBox=\"0 0 48 48\" height=\"24\" width=\"24\" class=\"t2-icon t2-icon-vacationexperiences\" aria-hidden=\"true\" focusable=\"false\"><path d=\"M17.56 3.089a113.3 113.3 0 0 0-1.36.157c-3.322.401-6.354 1.504-8.378 3.048-.602.459-1.742 1.535-1.742 1.644 0 .034.265.062.59.062 1.696 0 4.234.846 6.194 2.064 1.947 1.211 3.579 2.783 4.504 4.34l.332.559.452-.782c2.219-3.839 5.009-6.915 7.986-8.806.639-.406 1.964-1.088 2.511-1.293l.271-.102-.48-.103c-.744-.161-2.996-.499-4.28-.642-1.096-.122-5.795-.226-6.6-.146m13.16 2.238c-4.148 1.409-7.888 4.624-10.932 9.398l-.488.765 1.01.093a13.08 13.08 0 0 1 1.77.296c.779.207 2.548.87 2.751 1.031.094.075-1.043 2.497-6.688 14.25-5.194 10.815-6.801 14.23-6.803 14.457-.005.722.813 1.238 1.444.911.119-.061.274-.178.344-.26.071-.081 3.143-6.448 6.829-14.148 3.685-7.7 6.732-14.033 6.769-14.073.087-.093.695.309 1.74 1.149.9.724 1.695 1.557 2.198 2.301.185.274.356.499.38.5.062.004.756-1.908.986-2.717.586-2.064.839-3.733.905-5.96.071-2.416-.161-4.554-.736-6.8-.319-1.249-.403-1.48-.537-1.479-.056 0-.48.129-.942.286m3.945 1.995c.387 1.821.535 3.215.534 5.026-.002 3.33-.772 7.196-1.991 9.999a6.26 6.26 0 0 0-.168.408c0 .013.495.042 1.1.066.605.024 1.369.103 1.698.174 3.308.72 6.996 3.095 8.686 5.595l.263.389.067-.389c.036-.215.065-1.092.063-1.95-.003-1.732-.12-2.523-.634-4.311-.687-2.386-2.037-5.146-3.918-8.009-1.418-2.16-3.4-4.682-5.311-6.758-.403-.439-.436-.459-.389-.24M7.555 20.118c-1.668.363-3.084 1.793-3.44 3.474-.143.672-.142 1.109.005 1.801.323 1.525 1.325 2.702 2.8 3.288.673.268 1.838.36 2.531.201 1.669-.385 3.046-1.762 3.431-3.431.159-.693.067-1.858-.201-2.531-.834-2.097-2.978-3.269-5.126-2.802\"\/><\/svg>\t<div class=\"kbm-link-list-item__content\">\n\t\t<p class=\"kbm-link-list-item__title\">Hel\u00e5rstilbud<\/p>\n\t\t\t\t\t<p class=\"kbm-link-list-item__description\">Vi har utstyr som passer for alle \u00e5rstider. Her kan du l\u00e5ne alt fra snowboard, sk\u00f8yter og slal\u00e5m-utstyr til volleyball, telt og fiskestenger!<\/p>\n\t\t\t<\/div>\n\t<\/div>\n\n<div class=\"wp-block-kbm-link-list-item\">\t<svg xmlns=\"http:\/\/www.w3.org\/2000\/svg\" viewBox=\"0 0 48 48\" height=\"24\" width=\"24\" class=\"t2-icon t2-icon-child\" aria-hidden=\"true\" focusable=\"false\"><path d=\"M22.48 4.083a22.9 22.9 0 0 0-3.643.637c-4.782 1.215-9.055 4.091-11.768 7.92-1.339 1.89-2.379 4.2-2.87 6.374-.107.471-.174.877-.15.902.087.087 4.165.035 4.951-.064 3.552-.445 6.287-1.242 9.377-2.733 5.019-2.422 9.062-6.008 11.68-10.359.454-.755.903-1.587.903-1.674 0-.134-2.46-.708-3.8-.887-1.157-.154-3.632-.216-4.68-.116m10.334 2.053c-.147.277-.484 1.442-.611 2.11-.603 3.166.272 6.614 2.33 9.186 2.143 2.678 5.219 4.283 8.691 4.534l.785.057-.052-.432c-.466-3.924-1.689-6.961-4.022-9.991-.725-.941-2.455-2.645-3.418-3.367a23.81 23.81 0 0 0-2.932-1.863c-.637-.346-.702-.366-.771-.234m-3.385 4.556c-1.996 2.789-4.882 5.435-7.847 7.195-4.513 2.679-9.686 4.12-15.89 4.426-.852.042-1.572.1-1.6.129-.112.112-.04 3.203.098 4.158.331 2.31.953 4.278 2.007 6.346 2.145 4.213 5.559 7.445 9.883 9.359 4.618 2.043 9.756 2.228 14.6.527 1.926-.677 4.461-2.119 6.03-3.43 4.305-3.6 6.941-8.865 7.258-14.502.03-.539.033-.98.007-.98-.026 0-.468-.055-.982-.123-5.668-.743-9.68-3.183-11.634-7.077-.427-.851-.977-2.522-1.158-3.52a23.852 23.852 0 0 1-.23-1.948l-.091-1.189-.451.629M18.84 24.141c.429.222.955.777 1.154 1.219.109.242.163.531.163.88.002.688-.238 1.202-.794 1.702-.971.873-2.304.78-3.187-.223-.556-.631-.715-1.441-.442-2.245.173-.508.883-1.235 1.386-1.419.48-.176 1.292-.135 1.72.086m13.058.008c1.112.567 1.642 1.95 1.146 2.99-.701 1.47-2.463 1.834-3.656.756-.496-.448-.708-.942-.708-1.655 0-.516.033-.66.237-1.028.284-.513.811-.997 1.269-1.166.459-.169 1.275-.121 1.712.103\"\/><\/svg>\t<div class=\"kbm-link-list-item__content\">\n\t\t<p class=\"kbm-link-list-item__title\">Inkluderende<\/p>\n\t\t\t\t\t<p class=\"kbm-link-list-item__description\">Vi gj\u00f8r det mulig for barn og unge \u00e5 ha en aktiv hverdag uten en prislapp som ekskluderer fra deltakelse.<\/p>\n\t\t\t<\/div>\n\t<\/div>\n\n<div class=\"wp-block-kbm-link-list-item\">\t<svg xmlns=\"http:\/\/www.w3.org\/2000\/svg\" viewBox=\"0 0 48 48\" height=\"24\" width=\"24\" class=\"t2-icon t2-icon-eco\" aria-hidden=\"true\" focusable=\"false\"><path d=\"M35.08 6.091c-2.869.362-5.372 1.869-6.939 4.177-.789 1.162-1.373 2.843-1.325 3.811l.024.474.48-.306c3.121-1.986 7.201-3.356 12.16-4.082.616-.09 1.246-.159 1.4-.153.267.011.269.013.04.044-.132.018-.87.158-1.64.31-4.457.885-7.798 2.205-10.128 4.004-1.139.879-1.754 1.674-2.518 3.258-.831 1.723-1.141 2.909-1.873 7.172-.349 2.031-.698 3.68-.779 3.68-.034 0-.062-.031-.062-.07 0-.038-.088-.497-.197-1.02-.108-.522-.324-1.677-.481-2.565-.346-1.963-.581-2.802-1.05-3.745-1.562-3.139-4.348-5.186-9.312-6.843-1.801-.602-4.247-1.213-6.16-1.541-.559-.096.403-.044 1.293.07 4.833.618 9.276 2.043 12.426 3.987.69.426.721.437.782.273.081-.22-.066-1.297-.264-1.933A8.677 8.677 0 0 0 20.5 14c-1.268-2.508-3.46-4.254-6.248-4.976-.786-.204-1.133-.248-2.212-.283-2.049-.064-3.777.265-6.6 1.259-3.312 1.166-3.896 1.34-4.981 1.481l-.382.049.416.313c.873.655 1.813 1.532 3.325 3.102 2.317 2.404 3.555 3.375 5.729 4.496 1.644.847 3.154 1.397 4.373 1.594.743.12 2.106.102 2.758-.036.648-.137 1.576-.558 2.137-.97.216-.158.405-.275.419-.259.015.017.191.336.392.71.694 1.293 1.51 3.505 1.974 5.35.36 1.429.867 4.29.777 4.38-.019.019-.356.086-.748.15-1.559.252-3.036.812-4.522 1.715-2.588 1.573-4.68 4.003-5.495 6.383-.197.577-.412 1.732-.412 2.218 0 .99.696 1.825 2.087 2.504 1.61.786 3.439 1.244 6.368 1.595 1.707.204 6.983.204 8.69 0 3.907-.468 6.492-1.304 7.695-2.488.753-.743.88-1.259.643-2.617-.222-1.267-.711-2.409-1.589-3.71-.593-.878-2.308-2.612-3.214-3.25-1.795-1.264-3.631-2.047-5.509-2.35-.392-.064-.728-.13-.745-.147-.05-.05.35-2.603.66-4.213.554-2.877 1.23-5.393 1.997-7.431.238-.633.452-1.17.475-1.194.023-.023.204.074.402.217 1.524 1.094 3.714 1.264 6.181.479 2.284-.727 4.844-2.119 6.539-3.556.352-.298 1.473-1.392 2.491-2.43 1.019-1.038 2.232-2.193 2.697-2.566l.846-.679-.537-.06c-.723-.081-1.555-.326-3.728-1.096a80.54 80.54 0 0 0-2.739-.925c-2.163-.656-4.136-.882-5.83-.668m6.38 3.882a.311.311 0 0 1-.2 0c-.055-.022-.01-.04.1-.04s.155.018.1.04\"\/><\/svg>\t<div class=\"kbm-link-list-item__content\">\n\t\t<p class=\"kbm-link-list-item__title\">B\u00e6rekraftig<\/p>\n\t\t\t\t\t<p class=\"kbm-link-list-item__description\">Vi fremmer et milj\u00f8vennlig perspektiv ved \u00e5 oppfordre til gjenbruk av sportsutstyr, og tar gjerne i mot brukt utstyr av god kvalitet!<\/p>\n\t\t\t<\/div>\n\t<\/div>\n\t\t<\/div>\n\t<\/div>\n\t\n\n\n<div class=\"wp-block-media-text alignwide is-stacked-on-mobile is-style-filled\"><figure class=\"wp-block-media-text__media\"><img loading=\"lazy\" decoding=\"async\" width=\"1024\" height=\"683\" src=\"https:\/\/kirkensbymisjon.no\/content\/uploads\/sites\/64\/2024\/08\/Tilbud_Skattkammeret_04-1024x683.jpg\" alt=\"\" class=\"wp-image-12 size-full\" srcset=\"https:\/\/kirkensbymisjon.no\/content\/uploads\/sites\/64\/2024\/08\/Tilbud_Skattkammeret_04-1024x683.jpg 1024w, https:\/\/kirkensbymisjon.no\/content\/uploads\/sites\/64\/2024\/08\/Tilbud_Skattkammeret_04-300x200.jpg 300w, https:\/\/kirkensbymisjon.no\/content\/uploads\/sites\/64\/2024\/08\/Tilbud_Skattkammeret_04-768x512.jpg 768w, https:\/\/kirkensbymisjon.no\/content\/uploads\/sites\/64\/2024\/08\/Tilbud_Skattkammeret_04-1536x1024.jpg 1536w, https:\/\/kirkensbymisjon.no\/content\/uploads\/sites\/64\/2024\/08\/Tilbud_Skattkammeret_04-2048x1366.jpg 2048w\" sizes=\"auto, (max-width: 1024px) 100vw, 1024px\" \/><\/figure><div class=\"wp-block-media-text__content\">\n<h2 class=\"wp-block-heading\" id=\"h-flere-steder-tilbyr-vi-utlan-til-skoler-og-barnehager\"><strong>Flere steder tilbyr vi utl\u00e5n til skoler og barnehager<\/strong><\/h2>\n\n\n\n<p>For at flest mulig skal f\u00e5 bruke utstyret, \u00f8nsker vi at skoler kontakter oss p\u00e5 e-post \u00e9n uke f\u00f8r \u00f8nsket l\u00e5nedato, og leverer utstyret straks de er ferdige med bruken. Vi trenger f\u00f8lgende info:<\/p>\n\n\n\n<ul class=\"wp-block-list\">\n<li>Dato\/tidspunkt og leveringsdato<\/li>\n\n\n\n<li>Type utstyr og st\u00f8rrelser<\/li>\n\n\n\n<li>Ansvarlig kontaktperson for henting\/levering av utstyret<\/li>\n<\/ul>\n\n\n\n<p><a href=\"\/tilbud-skattkammeret\/kontaktinformasjon\">Ta kontakt med Skattkammeret n\u00e6rmest deg<\/a>.<\/p>\n<\/div><\/div>\n\n\n\t<div class=\"alignfull wp-block-kbm-gallery\" data-scroll=\"1\">\n\t\t<div class=\"kbm-gallery__scroll\">\n\t\t\t<div class=\"kbm-gallery__wrapper\">\n\t\t\t\t\n\n<figure class=\"wp-block-gallery has-nested-images columns-default is-cropped wp-block-gallery-1 is-layout-flex wp-block-gallery-is-layout-flex\">\n<figure class=\"wp-block-image size-large\"><img loading=\"lazy\" decoding=\"async\" width=\"1024\" height=\"787\" data-id=\"13\" src=\"https:\/\/kirkensbymisjon.no\/content\/uploads\/sites\/64\/2024\/08\/Tilbud_Skattkammeret_05-1024x787.jpg\" alt=\"\" class=\"wp-image-13\" srcset=\"https:\/\/kirkensbymisjon.no\/content\/uploads\/sites\/64\/2024\/08\/Tilbud_Skattkammeret_05-1024x787.jpg 1024w, https:\/\/kirkensbymisjon.no\/content\/uploads\/sites\/64\/2024\/08\/Tilbud_Skattkammeret_05-300x230.jpg 300w, https:\/\/kirkensbymisjon.no\/content\/uploads\/sites\/64\/2024\/08\/Tilbud_Skattkammeret_05-768x590.jpg 768w, https:\/\/kirkensbymisjon.no\/content\/uploads\/sites\/64\/2024\/08\/Tilbud_Skattkammeret_05-1536x1180.jpg 1536w, https:\/\/kirkensbymisjon.no\/content\/uploads\/sites\/64\/2024\/08\/Tilbud_Skattkammeret_05-2048x1573.jpg 2048w\" sizes=\"auto, (max-width: 1024px) 100vw, 1024px\" \/><\/figure>\n\n\n\n<figure class=\"wp-block-image size-large\"><img loading=\"lazy\" decoding=\"async\" width=\"1024\" height=\"819\" data-id=\"157\" src=\"https:\/\/kirkensbymisjon.no\/content\/uploads\/sites\/64\/2024\/08\/Tilbud_Skattkammeret_25-1024x819.jpg\" alt=\"To unge i en hengek\u00f8ye\" class=\"wp-image-157\" srcset=\"https:\/\/kirkensbymisjon.no\/content\/uploads\/sites\/64\/2024\/08\/Tilbud_Skattkammeret_25-1024x819.jpg 1024w, https:\/\/kirkensbymisjon.no\/content\/uploads\/sites\/64\/2024\/08\/Tilbud_Skattkammeret_25-300x240.jpg 300w, https:\/\/kirkensbymisjon.no\/content\/uploads\/sites\/64\/2024\/08\/Tilbud_Skattkammeret_25-768x615.jpg 768w, https:\/\/kirkensbymisjon.no\/content\/uploads\/sites\/64\/2024\/08\/Tilbud_Skattkammeret_25-1536x1229.jpg 1536w, https:\/\/kirkensbymisjon.no\/content\/uploads\/sites\/64\/2024\/08\/Tilbud_Skattkammeret_25-2048x1639.jpg 2048w\" sizes=\"auto, (max-width: 1024px) 100vw, 1024px\" \/><\/figure>\n\n\n\n<figure class=\"wp-block-image size-large\"><img loading=\"lazy\" decoding=\"async\" width=\"973\" height=\"649\" data-id=\"14\" src=\"https:\/\/kirkensbymisjon.no\/content\/uploads\/sites\/64\/2024\/08\/Tilbud_Skattkammeret_06.jpg\" alt=\"\" class=\"wp-image-14\" srcset=\"https:\/\/kirkensbymisjon.no\/content\/uploads\/sites\/64\/2024\/08\/Tilbud_Skattkammeret_06.jpg 973w, https:\/\/kirkensbymisjon.no\/content\/uploads\/sites\/64\/2024\/08\/Tilbud_Skattkammeret_06-300x200.jpg 300w, https:\/\/kirkensbymisjon.no\/content\/uploads\/sites\/64\/2024\/08\/Tilbud_Skattkammeret_06-768x512.jpg 768w\" sizes=\"auto, (max-width: 973px) 100vw, 973px\" \/><\/figure>\n\n\n\n<figure class=\"wp-block-image size-large\"><img loading=\"lazy\" decoding=\"async\" width=\"683\" height=\"1024\" data-id=\"15\" src=\"https:\/\/kirkensbymisjon.no\/content\/uploads\/sites\/64\/2024\/08\/Tilbud_Skattkammeret_07-683x1024.jpg\" alt=\"\" class=\"wp-image-15\" srcset=\"https:\/\/kirkensbymisjon.no\/content\/uploads\/sites\/64\/2024\/08\/Tilbud_Skattkammeret_07-683x1024.jpg 683w, https:\/\/kirkensbymisjon.no\/content\/uploads\/sites\/64\/2024\/08\/Tilbud_Skattkammeret_07-200x300.jpg 200w, https:\/\/kirkensbymisjon.no\/content\/uploads\/sites\/64\/2024\/08\/Tilbud_Skattkammeret_07-768x1152.jpg 768w, https:\/\/kirkensbymisjon.no\/content\/uploads\/sites\/64\/2024\/08\/Tilbud_Skattkammeret_07-1024x1536.jpg 1024w, https:\/\/kirkensbymisjon.no\/content\/uploads\/sites\/64\/2024\/08\/Tilbud_Skattkammeret_07-1365x2048.jpg 1365w, https:\/\/kirkensbymisjon.no\/content\/uploads\/sites\/64\/2024\/08\/Tilbud_Skattkammeret_07-scaled.jpg 1707w\" sizes=\"auto, (max-width: 683px) 100vw, 683px\" \/><\/figure>\n\n\n\n<figure class=\"wp-block-image size-large\"><img loading=\"lazy\" decoding=\"async\" width=\"817\" height=\"1024\" data-id=\"16\" src=\"https:\/\/kirkensbymisjon.no\/content\/uploads\/sites\/64\/2024\/08\/Tilbud_Skattkammeret_08-817x1024.jpg\" alt=\"\" class=\"wp-image-16\" srcset=\"https:\/\/kirkensbymisjon.no\/content\/uploads\/sites\/64\/2024\/08\/Tilbud_Skattkammeret_08-817x1024.jpg 817w, https:\/\/kirkensbymisjon.no\/content\/uploads\/sites\/64\/2024\/08\/Tilbud_Skattkammeret_08-239x300.jpg 239w, https:\/\/kirkensbymisjon.no\/content\/uploads\/sites\/64\/2024\/08\/Tilbud_Skattkammeret_08-768x963.jpg 768w, https:\/\/kirkensbymisjon.no\/content\/uploads\/sites\/64\/2024\/08\/Tilbud_Skattkammeret_08.jpg 973w\" sizes=\"auto, (max-width: 817px) 100vw, 817px\" \/><\/figure>\n\n\n\n<figure class=\"wp-block-image size-large\"><img loading=\"lazy\" decoding=\"async\" width=\"1024\" height=\"683\" data-id=\"11\" src=\"https:\/\/kirkensbymisjon.no\/content\/uploads\/sites\/64\/2024\/08\/Tilbud_Skattkammeret_03-1024x683.jpg\" alt=\"\" class=\"wp-image-11\" srcset=\"https:\/\/kirkensbymisjon.no\/content\/uploads\/sites\/64\/2024\/08\/Tilbud_Skattkammeret_03-1024x683.jpg 1024w, https:\/\/kirkensbymisjon.no\/content\/uploads\/sites\/64\/2024\/08\/Tilbud_Skattkammeret_03-300x200.jpg 300w, https:\/\/kirkensbymisjon.no\/content\/uploads\/sites\/64\/2024\/08\/Tilbud_Skattkammeret_03-768x512.jpg 768w, https:\/\/kirkensbymisjon.no\/content\/uploads\/sites\/64\/2024\/08\/Tilbud_Skattkammeret_03-1536x1024.jpg 1536w, https:\/\/kirkensbymisjon.no\/content\/uploads\/sites\/64\/2024\/08\/Tilbud_Skattkammeret_03-2048x1365.jpg 2048w\" sizes=\"auto, (max-width: 1024px) 100vw, 1024px\" \/><\/figure>\n<\/figure>\n\n\t\t\t<\/div>\n\t\t<\/div>\n\t<\/div>\n\t","protected":false},"excerpt":{"rendered":"","protected":false},"author":2,"featured_media":7,"parent":0,"menu_order":0,"comment_status":"closed","ping_status":"closed","template":"","meta":{"_relevanssi_hide_post":"","_relevanssi_hide_content":"","_relevanssi_pin_for_all":"","_relevanssi_pin_keywords":"","_relevanssi_unpin_keywords":"","_relevanssi_related_keywords":"","_relevanssi_related_include_ids":"","_relevanssi_related_exclude_ids":"","_relevanssi_related_no_append":"","_relevanssi_related_not_related":"","_relevanssi_related_posts":"1","_relevanssi_noindex_reason":"","editor_notices":[],"footnotes":""},"class_list":["post-3","page","type-page","status-publish","has-post-thumbnail","hentry"],"yoast_head":"<!-- This site is optimized with the Yoast SEO Premium plugin v27.2 (Yoast SEO v27.2) - https:\/\/yoast.com\/product\/yoast-seo-premium-wordpress\/ -->\n<title>Kirkens Bymisjon - Skattkammeret<\/title>\n<meta name=\"description\" content=\"Gratis l\u00e5n av sports- og fritidsutstyr for barn og unge under 25 \u00e5r. Flere steder i landet arrangerer vi ogs\u00e5 gratis akiviteter.\" \/>\n<meta name=\"robots\" content=\"index, follow, max-snippet:-1, max-image-preview:large, max-video-preview:-1\" \/>\n<link rel=\"canonical\" href=\"https:\/\/kirkensbymisjon.no\/tilbud-skattkammeret\/\" \/>\n<meta property=\"og:locale\" content=\"nb_NO\" \/>\n<meta property=\"og:type\" content=\"article\" \/>\n<meta property=\"og:title\" content=\"Kirkens Bymisjon - Skattkammeret\" \/>\n<meta property=\"og:description\" content=\"Gratis l\u00e5n av sports- og fritidsutstyr for barn og unge under 25 \u00e5r. Flere steder i landet arrangerer vi ogs\u00e5 gratis akiviteter.\" \/>\n<meta property=\"og:url\" content=\"https:\/\/kirkensbymisjon.no\/tilbud-skattkammeret\/\" \/>\n<meta property=\"og:site_name\" content=\"Skattkammeret\" \/>\n<meta property=\"article:modified_time\" content=\"2026-02-23T12:28:26+00:00\" \/>\n<meta property=\"og:image\" content=\"https:\/\/kirkensbymisjon.no\/content\/uploads\/sites\/64\/2024\/06\/Tilbud_Skattkammeret_01.jpg\" \/>\n\t<meta property=\"og:image:width\" content=\"1701\" \/>\n\t<meta property=\"og:image:height\" content=\"1134\" \/>\n\t<meta property=\"og:image:type\" content=\"image\/jpeg\" \/>\n<meta name=\"twitter:card\" content=\"summary_large_image\" \/>\n<meta name=\"twitter:title\" content=\"Forside\" \/>\n<meta name=\"twitter:label1\" content=\"Ansl. lesetid\" \/>\n\t<meta name=\"twitter:data1\" content=\"3 minutter\" \/>\n<script type=\"application\/ld+json\" class=\"yoast-schema-graph\">{\"@context\":\"https:\/\/schema.org\",\"@graph\":[{\"@type\":\"WebPage\",\"@id\":\"https:\/\/kirkensbymisjon.no\/tilbud-skattkammeret\/\",\"url\":\"https:\/\/kirkensbymisjon.no\/tilbud-skattkammeret\/\",\"name\":\"Kirkens Bymisjon - Skattkammeret\",\"isPartOf\":{\"@id\":\"https:\/\/kirkensbymisjon.no\/tilbud-skattkammeret\/#website\"},\"primaryImageOfPage\":{\"@id\":\"https:\/\/kirkensbymisjon.no\/tilbud-skattkammeret\/#primaryimage\"},\"image\":{\"@id\":\"https:\/\/kirkensbymisjon.no\/tilbud-skattkammeret\/#primaryimage\"},\"thumbnailUrl\":\"https:\/\/kirkensbymisjon.no\/content\/uploads\/sites\/64\/2024\/06\/Tilbud_Skattkammeret_01.jpg\",\"datePublished\":\"2024-06-20T06:38:40+00:00\",\"dateModified\":\"2026-02-23T12:28:26+00:00\",\"description\":\"Gratis l\u00e5n av sports- og fritidsutstyr for barn og unge under 25 \u00e5r. Flere steder i landet arrangerer vi ogs\u00e5 gratis akiviteter.\",\"breadcrumb\":{\"@id\":\"https:\/\/kirkensbymisjon.no\/tilbud-skattkammeret\/#breadcrumb\"},\"inLanguage\":\"nb-NO\",\"potentialAction\":[{\"@type\":\"ReadAction\",\"target\":[\"https:\/\/kirkensbymisjon.no\/tilbud-skattkammeret\/\"]}]},{\"@type\":\"ImageObject\",\"inLanguage\":\"nb-NO\",\"@id\":\"https:\/\/kirkensbymisjon.no\/tilbud-skattkammeret\/#primaryimage\",\"url\":\"https:\/\/kirkensbymisjon.no\/content\/uploads\/sites\/64\/2024\/06\/Tilbud_Skattkammeret_01.jpg\",\"contentUrl\":\"https:\/\/kirkensbymisjon.no\/content\/uploads\/sites\/64\/2024\/06\/Tilbud_Skattkammeret_01.jpg\",\"width\":1701,\"height\":1134,\"caption\":\"Medarbeider ved disken p\u00e5 Skattkammeret I Sarpsborg\"},{\"@type\":\"BreadcrumbList\",\"@id\":\"https:\/\/kirkensbymisjon.no\/tilbud-skattkammeret\/#breadcrumb\",\"itemListElement\":[{\"@type\":\"ListItem\",\"position\":1,\"name\":\"Hjem\",\"item\":\"https:\/\/kirkensbymisjon.no\/tilbud-skattkammeret\/\"},{\"@type\":\"ListItem\",\"position\":2,\"name\":\"Forside\"}]},{\"@type\":\"WebSite\",\"@id\":\"https:\/\/kirkensbymisjon.no\/tilbud-skattkammeret\/#website\",\"url\":\"https:\/\/kirkensbymisjon.no\/tilbud-skattkammeret\/\",\"name\":\"Skattkammeret\",\"description\":\"\",\"potentialAction\":[{\"@type\":\"SearchAction\",\"target\":{\"@type\":\"EntryPoint\",\"urlTemplate\":\"https:\/\/kirkensbymisjon.no\/tilbud-skattkammeret\/?s={search_term_string}\"},\"query-input\":{\"@type\":\"PropertyValueSpecification\",\"valueRequired\":true,\"valueName\":\"search_term_string\"}}],\"inLanguage\":\"nb-NO\"}]}<\/script>\n<!-- \/ Yoast SEO Premium plugin. -->","yoast_head_json":{"title":"Kirkens Bymisjon - Skattkammeret","description":"Gratis l\u00e5n av sports- og fritidsutstyr for barn og unge under 25 \u00e5r. Flere steder i landet arrangerer vi ogs\u00e5 gratis akiviteter.","robots":{"index":"index","follow":"follow","max-snippet":"max-snippet:-1","max-image-preview":"max-image-preview:large","max-video-preview":"max-video-preview:-1"},"canonical":"https:\/\/kirkensbymisjon.no\/tilbud-skattkammeret\/","og_locale":"nb_NO","og_type":"article","og_title":"Kirkens Bymisjon - Skattkammeret","og_description":"Gratis l\u00e5n av sports- og fritidsutstyr for barn og unge under 25 \u00e5r. Flere steder i landet arrangerer vi ogs\u00e5 gratis akiviteter.","og_url":"https:\/\/kirkensbymisjon.no\/tilbud-skattkammeret\/","og_site_name":"Skattkammeret","article_modified_time":"2026-02-23T12:28:26+00:00","og_image":[{"width":1701,"height":1134,"url":"https:\/\/kirkensbymisjon.no\/content\/uploads\/sites\/64\/2024\/06\/Tilbud_Skattkammeret_01.jpg","type":"image\/jpeg"}],"twitter_card":"summary_large_image","twitter_title":"Forside","twitter_misc":{"Ansl. lesetid":"3 minutter"},"schema":{"@context":"https:\/\/schema.org","@graph":[{"@type":"WebPage","@id":"https:\/\/kirkensbymisjon.no\/tilbud-skattkammeret\/","url":"https:\/\/kirkensbymisjon.no\/tilbud-skattkammeret\/","name":"Kirkens Bymisjon - Skattkammeret","isPartOf":{"@id":"https:\/\/kirkensbymisjon.no\/tilbud-skattkammeret\/#website"},"primaryImageOfPage":{"@id":"https:\/\/kirkensbymisjon.no\/tilbud-skattkammeret\/#primaryimage"},"image":{"@id":"https:\/\/kirkensbymisjon.no\/tilbud-skattkammeret\/#primaryimage"},"thumbnailUrl":"https:\/\/kirkensbymisjon.no\/content\/uploads\/sites\/64\/2024\/06\/Tilbud_Skattkammeret_01.jpg","datePublished":"2024-06-20T06:38:40+00:00","dateModified":"2026-02-23T12:28:26+00:00","description":"Gratis l\u00e5n av sports- og fritidsutstyr for barn og unge under 25 \u00e5r. Flere steder i landet arrangerer vi ogs\u00e5 gratis akiviteter.","breadcrumb":{"@id":"https:\/\/kirkensbymisjon.no\/tilbud-skattkammeret\/#breadcrumb"},"inLanguage":"nb-NO","potentialAction":[{"@type":"ReadAction","target":["https:\/\/kirkensbymisjon.no\/tilbud-skattkammeret\/"]}]},{"@type":"ImageObject","inLanguage":"nb-NO","@id":"https:\/\/kirkensbymisjon.no\/tilbud-skattkammeret\/#primaryimage","url":"https:\/\/kirkensbymisjon.no\/content\/uploads\/sites\/64\/2024\/06\/Tilbud_Skattkammeret_01.jpg","contentUrl":"https:\/\/kirkensbymisjon.no\/content\/uploads\/sites\/64\/2024\/06\/Tilbud_Skattkammeret_01.jpg","width":1701,"height":1134,"caption":"Medarbeider ved disken p\u00e5 Skattkammeret I Sarpsborg"},{"@type":"BreadcrumbList","@id":"https:\/\/kirkensbymisjon.no\/tilbud-skattkammeret\/#breadcrumb","itemListElement":[{"@type":"ListItem","position":1,"name":"Hjem","item":"https:\/\/kirkensbymisjon.no\/tilbud-skattkammeret\/"},{"@type":"ListItem","position":2,"name":"Forside"}]},{"@type":"WebSite","@id":"https:\/\/kirkensbymisjon.no\/tilbud-skattkammeret\/#website","url":"https:\/\/kirkensbymisjon.no\/tilbud-skattkammeret\/","name":"Skattkammeret","description":"","potentialAction":[{"@type":"SearchAction","target":{"@type":"EntryPoint","urlTemplate":"https:\/\/kirkensbymisjon.no\/tilbud-skattkammeret\/?s={search_term_string}"},"query-input":{"@type":"PropertyValueSpecification","valueRequired":true,"valueName":"search_term_string"}}],"inLanguage":"nb-NO"}]}},"_links":{"self":[{"href":"https:\/\/kirkensbymisjon.no\/tilbud-skattkammeret\/wp-json\/wp\/v2\/pages\/3","targetHints":{"allow":["GET"]}}],"collection":[{"href":"https:\/\/kirkensbymisjon.no\/tilbud-skattkammeret\/wp-json\/wp\/v2\/pages"}],"about":[{"href":"https:\/\/kirkensbymisjon.no\/tilbud-skattkammeret\/wp-json\/wp\/v2\/types\/page"}],"author":[{"embeddable":true,"href":"https:\/\/kirkensbymisjon.no\/tilbud-skattkammeret\/wp-json\/wp\/v2\/users\/2"}],"replies":[{"embeddable":true,"href":"https:\/\/kirkensbymisjon.no\/tilbud-skattkammeret\/wp-json\/wp\/v2\/comments?post=3"}],"version-history":[{"count":5,"href":"https:\/\/kirkensbymisjon.no\/tilbud-skattkammeret\/wp-json\/wp\/v2\/pages\/3\/revisions"}],"predecessor-version":[{"id":592,"href":"https:\/\/kirkensbymisjon.no\/tilbud-skattkammeret\/wp-json\/wp\/v2\/pages\/3\/revisions\/592"}],"wp:featuredmedia":[{"embeddable":true,"href":"https:\/\/kirkensbymisjon.no\/tilbud-skattkammeret\/wp-json\/wp\/v2\/media\/7"}],"wp:attachment":[{"href":"https:\/\/kirkensbymisjon.no\/tilbud-skattkammeret\/wp-json\/wp\/v2\/media?parent=3"}],"curies":[{"name":"wp","href":"https:\/\/api.w.org\/{rel}","templated":true}]}}