{"id":10,"date":"2024-07-24T12:43:22","date_gmt":"2024-07-24T10:43:22","guid":{"rendered":"https:\/\/kirkensbymisjon.no\/tilbud-skovheim-allsenter\/?page_id=10"},"modified":"2026-03-23T13:47:44","modified_gmt":"2026-03-23T12:47:44","slug":"hva-vi-tilbyr","status":"publish","type":"page","link":"https:\/\/kirkensbymisjon.no\/tilbud-skovheim-allsenter\/hva-vi-tilbyr\/","title":{"rendered":"Hva vi tilbyr"},"content":{"rendered":"\n<p>Vi \u00f8nsker \u00e5 m\u00f8te alle mennesker der de er. Derfor tilbyr vi et rikt tilbud av kultur, faste aktiviteter, gode m\u00e5ltider og meningsfulle fellesskap.<a href=\"https:\/\/kirkensbymisjon.fra1.digitaloceanspaces.com\/content\/uploads\/2024\/01\/26115625\/Kulturprogram_va%CC%8Ar_2024-1.pdf\"><\/a><\/p>\n\n\n\n<figure class=\"wp-block-image size-full\"><img loading=\"lazy\" decoding=\"async\" width=\"1559\" height=\"1134\" src=\"https:\/\/kirkensbymisjon.no\/content\/uploads\/sites\/39\/2024\/08\/tilbud_skovheim-allsenter_07.jpeg\" alt=\"Bes\u00f8kende i kafeen\" class=\"wp-image-140\" srcset=\"https:\/\/kirkensbymisjon.no\/content\/uploads\/sites\/39\/2024\/08\/tilbud_skovheim-allsenter_07.jpeg 1559w, https:\/\/kirkensbymisjon.no\/content\/uploads\/sites\/39\/2024\/08\/tilbud_skovheim-allsenter_07-300x218.jpeg 300w, https:\/\/kirkensbymisjon.no\/content\/uploads\/sites\/39\/2024\/08\/tilbud_skovheim-allsenter_07-1024x745.jpeg 1024w, https:\/\/kirkensbymisjon.no\/content\/uploads\/sites\/39\/2024\/08\/tilbud_skovheim-allsenter_07-768x559.jpeg 768w, https:\/\/kirkensbymisjon.no\/content\/uploads\/sites\/39\/2024\/08\/tilbud_skovheim-allsenter_07-1536x1117.jpeg 1536w\" sizes=\"auto, (max-width: 1559px) 100vw, 1559px\" \/><\/figure>\n\n\n\n<blockquote class=\"wp-block-quote is-layout-flow wp-block-quote-is-layout-flow\">\n<p>Kaf\u00e9en er hjertet p\u00e5 Skovheim. Hjemmelaget tradisjonell husmannskost er veldig popul\u00e6rt, men jeg utfordrer ogs\u00e5 gjestene med nye smaker og internasjonale retter. Og jeg tar gjerne imot bestillinger, det v\u00e6re seg vafler, kaker, sm\u00f8rbr\u00f8d eller hva man m\u00e5tte \u00f8nske seg. Jeg er et &laquo;ja-menneske&raquo;!<\/p>\n<cite>Istvan, kj\u00f8kkensjef p\u00e5 Skovheim allsenter<\/cite><\/blockquote>\n\n\n\n<h2 class=\"wp-block-heading\" id=\"h-vare-aktiviteter-og-tilbud\">V\u00e5re aktiviteter og tilbud<\/h2>\n\n\n<div class=\"t2-accordion wp-block-t2-accordion\" data-allow-multiple=\"1\" role=\"list\">\n<div class=\"t2-accordion-item wp-block-t2-accordion-item\" role=\"listitem\">\n\t\t\t<h2 class=\"t2-accordion-title\">\n\t\t\t\t<button type=\"button\" class=\"t2-accordion-trigger\" id=\"\u00e5pen-kaf\u00e9-og-m\u00f8teplass\" aria-controls=\"accordion-panel\" aria-expanded=\"false\">\n\t\t\t\t\t\u00c5pen kaf\u00e9 og m\u00f8teplass\n\t\t\t\t\t<span class=\"t2-accordion-icon is-closed-icon\"><svg xmlns=\"http:\/\/www.w3.org\/2000\/svg\" viewBox=\"0 0 24 24\" height=\"24\" width=\"24\" class=\"t2-icon t2-icon-plus\" aria-hidden=\"true\" focusable=\"false\"><path d=\"M11.8 5.037a1.088 1.088 0 0 0-.722.566c-.075.148-.078.25-.078 2.772v2.619l-2.61.016c-1.867.012-2.652.03-2.756.064-.168.055-.438.301-.54.494-.049.092-.07.223-.07.432 0 .34.054.476.282.704.289.289.14.275 3.064.288l2.63.012v2.619c0 2.544.002 2.625.08 2.778.191.372.516.577.92.577s.729-.205.92-.577c.078-.153.08-.234.08-2.778v-2.619l2.63-.012c2.924-.013 2.775.001 3.064-.288.228-.228.282-.364.282-.704 0-.209-.021-.34-.07-.432-.102-.193-.372-.439-.54-.494-.104-.034-.889-.052-2.756-.064L13 10.994V8.375c0-2.522-.003-2.624-.078-2.772-.214-.418-.685-.656-1.122-.566\"\/><\/svg><\/span>\n\t\t\t\t\t<span class=\"t2-accordion-icon is-open-icon\"><svg xmlns=\"http:\/\/www.w3.org\/2000\/svg\" viewBox=\"0 0 24 24\" height=\"24\" width=\"24\" class=\"t2-icon t2-icon-chevronup\" aria-hidden=\"true\" focusable=\"false\"><path d=\"M6.7 14.7c-.2-.2-.3-.4-.3-.7s.1-.5.3-.7l4.6-4.6c.1-.1.2-.2.3-.2.1 0 .2-.1.4-.1.1 0 .3 0 .4.1.1 0 .2.1.3.2l4.6 4.6c.2.2.3.4.3.7s-.1.5-.3.7c-.2.2-.4.3-.7.3s-.5-.1-.7-.3L12 10.8l-3.9 3.9c-.2.2-.4.3-.7.3s-.5-.1-.7-.3z\" fill=\"currentColor\" \/><\/svg><\/span>\n\t\t\t\t<\/button>\n\t\t\t<\/h2>\n\t\t\t<div class=\"t2-accordion-item__inner-container is-layout-flow\" id=\"accordion-panel\" aria-labelledby=\"\u00e5pen-kaf\u00e9-og-m\u00f8teplass\" role=\"region\" hidden>\n\t\t\t\t\n\n<p>Mat er Skovheims viktigste samlingspunkt, og kanskje den viktigste inngangen til \u00e5 gi trygghet og omsorg. Et variert og n\u00e6ringsrikt kosthold har styrkende og forebyggende effekt.<\/p>\n\n\n\n<p>Et variert og n\u00e6ringsrikt kosthold har styrkende og forebyggende effekt. Skovheims kaf\u00e9 har \u00e5pent fra kl. 10.00\u201315.00 p\u00e5 hverdager og tilbyr bagetter, rundstykker, vafler og hjemmelaget middag til subsidierte priser. <\/p>\n\n\n\n<p>Mat er sosialt, og i kaf\u00e9en kan man m\u00f8tes til frokost, vafler, is, lunsj eller middag. Middag serveres kl. 12.30\u201314.30 p\u00e5 hverdager. L\u00f8rdag, s\u00f8ndag og helligdager kl. 13.30\u201315.00. Ettermiddagskaffe serveres hver dag kl. 16.30, og dette er et fast og hyggelig samlingspunkt for mange.<\/p>\n\n\n\t\t\t<\/div>\n\t\t<\/div>\n\n<div class=\"t2-accordion-item wp-block-t2-accordion-item\" role=\"listitem\">\n\t\t\t<h2 class=\"t2-accordion-title\">\n\t\t\t\t<button type=\"button\" class=\"t2-accordion-trigger\" id=\"kulturprogram\" aria-controls=\"accordion-panel-1\" aria-expanded=\"false\">\n\t\t\t\t\tKulturprogram\n\t\t\t\t\t<span class=\"t2-accordion-icon is-closed-icon\"><svg xmlns=\"http:\/\/www.w3.org\/2000\/svg\" viewBox=\"0 0 24 24\" height=\"24\" width=\"24\" class=\"t2-icon t2-icon-plus\" aria-hidden=\"true\" focusable=\"false\"><path d=\"M11.8 5.037a1.088 1.088 0 0 0-.722.566c-.075.148-.078.25-.078 2.772v2.619l-2.61.016c-1.867.012-2.652.03-2.756.064-.168.055-.438.301-.54.494-.049.092-.07.223-.07.432 0 .34.054.476.282.704.289.289.14.275 3.064.288l2.63.012v2.619c0 2.544.002 2.625.08 2.778.191.372.516.577.92.577s.729-.205.92-.577c.078-.153.08-.234.08-2.778v-2.619l2.63-.012c2.924-.013 2.775.001 3.064-.288.228-.228.282-.364.282-.704 0-.209-.021-.34-.07-.432-.102-.193-.372-.439-.54-.494-.104-.034-.889-.052-2.756-.064L13 10.994V8.375c0-2.522-.003-2.624-.078-2.772-.214-.418-.685-.656-1.122-.566\"\/><\/svg><\/span>\n\t\t\t\t\t<span class=\"t2-accordion-icon is-open-icon\"><svg xmlns=\"http:\/\/www.w3.org\/2000\/svg\" viewBox=\"0 0 24 24\" height=\"24\" width=\"24\" class=\"t2-icon t2-icon-chevronup\" aria-hidden=\"true\" focusable=\"false\"><path d=\"M6.7 14.7c-.2-.2-.3-.4-.3-.7s.1-.5.3-.7l4.6-4.6c.1-.1.2-.2.3-.2.1 0 .2-.1.4-.1.1 0 .3 0 .4.1.1 0 .2.1.3.2l4.6 4.6c.2.2.3.4.3.7s-.1.5-.3.7c-.2.2-.4.3-.7.3s-.5-.1-.7-.3L12 10.8l-3.9 3.9c-.2.2-.4.3-.7.3s-.5-.1-.7-.3z\" fill=\"currentColor\" \/><\/svg><\/span>\n\t\t\t\t<\/button>\n\t\t\t<\/h2>\n\t\t\t<div class=\"t2-accordion-item__inner-container is-layout-flow\" id=\"accordion-panel-1\" aria-labelledby=\"kulturprogram\" role=\"region\" hidden>\n\t\t\t\t\n\n<p>V\u00e5rt kulturtilbud favner vidt. Det spenner fra en god samtale, til h\u00e5ndarbeidsgrupper og kulturaftener med profesjonelle akt\u00f8rer og foredragsholdere. Vi \u00f8nsker \u00e5 legge til rette for gode generasjonsm\u00f8ter og har et godt samarbeid med Kanvas Barnehage. Kulturprogrammet oppdateres hver h\u00f8st- og v\u00e5rsesong, og finnes b\u00e5de elektronisk og i papirform.<\/p>\n\n\n\n<p><a href=\"https:\/\/kirkensbymisjon.no\/content\/uploads\/sites\/39\/2026\/03\/Kulturprogram_var_2026.pdf\" target=\"_blank\" rel=\"noreferrer noopener\">Her kan du lese kulturprogrammet for v\u00e5ren 2026<\/a>.<\/p>\n\n\n\t\t\t<\/div>\n\t\t<\/div>\n\n<div class=\"t2-accordion-item wp-block-t2-accordion-item\" role=\"listitem\">\n\t\t\t<h2 class=\"t2-accordion-title\">\n\t\t\t\t<button type=\"button\" class=\"t2-accordion-trigger\" id=\"servicetilbud\" aria-controls=\"accordion-panel-2\" aria-expanded=\"false\">\n\t\t\t\t\tServicetilbud\n\t\t\t\t\t<span class=\"t2-accordion-icon is-closed-icon\"><svg xmlns=\"http:\/\/www.w3.org\/2000\/svg\" viewBox=\"0 0 24 24\" height=\"24\" width=\"24\" class=\"t2-icon t2-icon-plus\" aria-hidden=\"true\" focusable=\"false\"><path d=\"M11.8 5.037a1.088 1.088 0 0 0-.722.566c-.075.148-.078.25-.078 2.772v2.619l-2.61.016c-1.867.012-2.652.03-2.756.064-.168.055-.438.301-.54.494-.049.092-.07.223-.07.432 0 .34.054.476.282.704.289.289.14.275 3.064.288l2.63.012v2.619c0 2.544.002 2.625.08 2.778.191.372.516.577.92.577s.729-.205.92-.577c.078-.153.08-.234.08-2.778v-2.619l2.63-.012c2.924-.013 2.775.001 3.064-.288.228-.228.282-.364.282-.704 0-.209-.021-.34-.07-.432-.102-.193-.372-.439-.54-.494-.104-.034-.889-.052-2.756-.064L13 10.994V8.375c0-2.522-.003-2.624-.078-2.772-.214-.418-.685-.656-1.122-.566\"\/><\/svg><\/span>\n\t\t\t\t\t<span class=\"t2-accordion-icon is-open-icon\"><svg xmlns=\"http:\/\/www.w3.org\/2000\/svg\" viewBox=\"0 0 24 24\" height=\"24\" width=\"24\" class=\"t2-icon t2-icon-chevronup\" aria-hidden=\"true\" focusable=\"false\"><path d=\"M6.7 14.7c-.2-.2-.3-.4-.3-.7s.1-.5.3-.7l4.6-4.6c.1-.1.2-.2.3-.2.1 0 .2-.1.4-.1.1 0 .3 0 .4.1.1 0 .2.1.3.2l4.6 4.6c.2.2.3.4.3.7s-.1.5-.3.7c-.2.2-.4.3-.7.3s-.5-.1-.7-.3L12 10.8l-3.9 3.9c-.2.2-.4.3-.7.3s-.5-.1-.7-.3z\" fill=\"currentColor\" \/><\/svg><\/span>\n\t\t\t\t<\/button>\n\t\t\t<\/h2>\n\t\t\t<div class=\"t2-accordion-item__inner-container is-layout-flow\" id=\"accordion-panel-2\" aria-labelledby=\"servicetilbud\" role=\"region\" hidden>\n\t\t\t\t\n\n<ul class=\"wp-block-list\">\n<li><strong>Fris\u00f8r<\/strong><br>Sol\u2019s salong er \u00e5pen onsdag og fredag fra kl. 10.00\u201317.00. Hjemme-frisering tilbys mandag, tirsdag og torsdag. Dame, herre og barn. Pensjonistpriser. Timebestilling p\u00e5 telefon 916 62&nbsp;775.<a href=\"https:\/\/kirkensbymisjon.no\/skovheim-allsenter\/17014-2\/#\"><\/a><\/li>\n\n\n\n<li><strong>Fotpleier<\/strong><\/li>\n\n\n\n<li><strong>Bibliotek, aviser og internett<\/strong><br>I vestfl\u00f8yen i f\u00f8rsteetasje har vi et bibliotek med et rikholdig utvalg b\u00f8ker som man kan l\u00e5ne med seg, eller lese i ro og fred p\u00e5 stedet. I kaf\u00e9en har vi en datamaskin og tr\u00e5dl\u00f8st nettverk. I resepsjonsomr\u00e5det kan man lese dagens aviser: Aftenposten, Dagsavisen og V\u00e5rt Land.<a href=\"https:\/\/kirkensbymisjon.no\/skovheim-allsenter\/17014-2\/#\"><\/a><\/li>\n\n\n\n<li><strong>Samtaletilbud&nbsp;<\/strong><br>Bymisjonsprest Olga Tvedt er p\u00e5 Skovheim annenhver mandag. Hun er tilgjengelig for samtale. Tid kan avtales p\u00e5 forh\u00e5nd. Ta kontakt i resepsjonen.<a href=\"https:\/\/kirkensbymisjon.no\/skovheim-allsenter\/17014-2\/#\"><\/a><\/li>\n\n\n\n<li><strong>Handletjeneste matvarer<\/strong><br>Legg handlelapp i resepsjonen p\u00e5 torsdag f\u00f8r kl. 12.00, og f\u00e5 varer p\u00e5 d\u00f8ren dagen etter.<a href=\"https:\/\/kirkensbymisjon.no\/skovheim-allsenter\/17014-2\/#\"><\/a><\/li>\n\n\n\n<li><strong>Butikker<\/strong><br>Seniorshop og Stopshop Sko kommer til Skovheim b\u00e5de i v\u00e5r- og h\u00f8stsesongen og selger sine varer i kaf\u00e9en.<a href=\"https:\/\/kirkensbymisjon.no\/skovheim-allsenter\/17014-2\/#\"><\/a><\/li>\n\n\n\n<li><strong>Vaskeri<\/strong><br>Det finnes vaskeri i hver etasje med vaskemaskin og t\u00f8rketrommel.<a href=\"https:\/\/kirkensbymisjon.no\/skovheim-allsenter\/17014-2\/#\"><\/a><\/li>\n\n\n\n<li><strong>Trimrom<\/strong><br>Enkelt trimrom med noe utstyr.<\/li>\n<\/ul>\n\n\n\t\t\t<\/div>\n\t\t<\/div>\n\n<div class=\"t2-accordion-item wp-block-t2-accordion-item\" role=\"listitem\">\n\t\t\t<h3 class=\"t2-accordion-title\">\n\t\t\t\t<button type=\"button\" class=\"t2-accordion-trigger\" id=\"faste-aktiviteter\" aria-controls=\"accordion-panel-3\" aria-expanded=\"false\">\n\t\t\t\t\tFaste aktiviteter\n\t\t\t\t\t<span class=\"t2-accordion-icon is-closed-icon\"><svg xmlns=\"http:\/\/www.w3.org\/2000\/svg\" viewBox=\"0 0 24 24\" height=\"24\" width=\"24\" class=\"t2-icon t2-icon-plus\" aria-hidden=\"true\" focusable=\"false\"><path d=\"M11.8 5.037a1.088 1.088 0 0 0-.722.566c-.075.148-.078.25-.078 2.772v2.619l-2.61.016c-1.867.012-2.652.03-2.756.064-.168.055-.438.301-.54.494-.049.092-.07.223-.07.432 0 .34.054.476.282.704.289.289.14.275 3.064.288l2.63.012v2.619c0 2.544.002 2.625.08 2.778.191.372.516.577.92.577s.729-.205.92-.577c.078-.153.08-.234.08-2.778v-2.619l2.63-.012c2.924-.013 2.775.001 3.064-.288.228-.228.282-.364.282-.704 0-.209-.021-.34-.07-.432-.102-.193-.372-.439-.54-.494-.104-.034-.889-.052-2.756-.064L13 10.994V8.375c0-2.522-.003-2.624-.078-2.772-.214-.418-.685-.656-1.122-.566\"\/><\/svg><\/span>\n\t\t\t\t\t<span class=\"t2-accordion-icon is-open-icon\"><svg xmlns=\"http:\/\/www.w3.org\/2000\/svg\" viewBox=\"0 0 24 24\" height=\"24\" width=\"24\" class=\"t2-icon t2-icon-chevronup\" aria-hidden=\"true\" focusable=\"false\"><path d=\"M6.7 14.7c-.2-.2-.3-.4-.3-.7s.1-.5.3-.7l4.6-4.6c.1-.1.2-.2.3-.2.1 0 .2-.1.4-.1.1 0 .3 0 .4.1.1 0 .2.1.3.2l4.6 4.6c.2.2.3.4.3.7s-.1.5-.3.7c-.2.2-.4.3-.7.3s-.5-.1-.7-.3L12 10.8l-3.9 3.9c-.2.2-.4.3-.7.3s-.5-.1-.7-.3z\" fill=\"currentColor\" \/><\/svg><\/span>\n\t\t\t\t<\/button>\n\t\t\t<\/h3>\n\t\t\t<div class=\"t2-accordion-item__inner-container is-layout-flow\" id=\"accordion-panel-3\" aria-labelledby=\"faste-aktiviteter\" role=\"region\" hidden>\n\t\t\t\t\n\n<p>Vi har flere ukentlige faste, frivillige aktiviteter, alt fra bingokvelder, quizkvelder og andakt. En gang i m\u00e5neden har vi kulturaften med konserter, vi har ogs\u00e5 foredrag, der ulike artister og foredragsholdere underholder.&nbsp;Programmet er nytt hver h\u00f8st- og v\u00e5rsesong.<\/p>\n\n\n\n<p><\/p>\n\n\n\n<ul class=\"wp-block-list\">\n<li><strong>Allsang til kaffen<\/strong><br>\u00c9n tirsdag i m\u00e5neden er det allsang til kaffen, ledet av forskjellige.<a href=\"https:\/\/kirkensbymisjon.no\/skovheim-allsenter\/17014-2\/#\"><\/a><\/li>\n\n\n\n<li><strong>Andakt med lystenning<\/strong><br>Hver andre og fjerde mandag i m\u00e5neden kl. 14.30. Ledes av bymisjonsprest Olga Tvedt.<a href=\"https:\/\/kirkensbymisjon.no\/skovheim-allsenter\/17014-2\/#\"><\/a><\/li>\n\n\n\n<li><strong>Nattverd<\/strong><br>En gang i m\u00e5neden, ledet av Nordstrand menighet.<a href=\"https:\/\/kirkensbymisjon.no\/skovheim-allsenter\/17014-2\/#\"><\/a><\/li>\n\n\n\n<li><strong>Bingo<\/strong><br>Annenhver onsdag, kl. 17.00.<\/li>\n\n\n\n<li><strong>Barnehagebes\u00f8k<\/strong><br>Kanvas Skovheim barnehage kommer p\u00e5 lunsj hver siste fredag i m\u00e5neden, og annenhver torsdag har vi generasjonssang fra kl. 10.30\u201311.00.<a href=\"https:\/\/kirkensbymisjon.no\/skovheim-allsenter\/17014-2\/#\"><\/a><\/li>\n\n\n\n<li><strong>Quiz<\/strong><br>Hver torsdag ettermiddag. Initiert og ledet av Skovheims beboere.<a href=\"https:\/\/kirkensbymisjon.no\/skovheim-allsenter\/17014-2\/#\"><\/a><\/li>\n\n\n\n<li><strong>H\u00e5ndarbeidsgruppe<\/strong><br>Samling hver mandag fra kl. 10.00\u201312.00. Deltagerne lager kvalitetsprodukter som selges under jule- og v\u00e5rmarkedet.<a href=\"https:\/\/kirkensbymisjon.no\/skovheim-allsenter\/17014-2\/#\"><\/a><\/li>\n\n\n\n<li><strong>Trening<\/strong><br>Gruppetrening mandager, tirsdager og onsdager. Ta kontakt om du \u00f8nsker \u00e5 delta.<\/li>\n<\/ul>\n\n\n\t\t\t<\/div>\n\t\t<\/div>\n<\/div>\n\n\n<div class=\"wp-block-media-text alignwide is-stacked-on-mobile is-style-filled\"><figure class=\"wp-block-media-text__media\"><img decoding=\"async\" src=\"https:\/\/kirkensbymisjon.no\/content\/uploads\/2024\/06\/Tilbud_Mysen-Frivilligsentral_01.jpg\" alt=\"Frivillig som bist\u00e5r eldre dame\" class=\"wp-image-464 size-full\"\/><\/figure><div class=\"wp-block-media-text__content\">\n<h2 class=\"wp-block-heading\" id=\"h-eldre\">Eldre<\/h2>\n\n\n\n<p>Vi jobber for \u00e5 bidra til en god eldreomsorg, enten man bor hjemme eller p\u00e5 sykehjem. Gjennom tett samarbeid med kommuner og bydeler, jobber vi for \u00e5 tilby eldre meningsfulle liv, med trygghet, fellesskap og omsorg. &nbsp;<\/p>\n\n\n\n<p><a href=\"\/eldre\">Les mer om v\u00e5re tilbud<\/a><\/p>\n<\/div><\/div>\n\n\n\n<h2 class=\"wp-block-heading\" id=\"h-frivillighet\">Frivillighet<\/h2>\n\n\n\n<p>Vi har alltid behov for nye frivillige for \u00e5 gi et s\u00e5 godt tilbud som mulig til v\u00e5re beboere. Oppgavene tilrettelegges ut fra hva den frivillige \u00f8nsker \u00e5 gj\u00f8re og hva v\u00e5re behov er. Vi tilbyr, i et sosialt fellesskap med andre frivillige, oppl\u00e6ring og veiledning, samt invitasjoner til m\u00f8ter, temakvelder og sosiale sammenkomster. <a href=\"https:\/\/kirkensbymisjon.no\/tilbud-skovheim-allsenter\/kontaktinformasjon\/#kontaktpersoner\">Ta kontakt for \u00e5 h\u00f8re mer<\/a>!<\/p>\n","protected":false},"excerpt":{"rendered":"<p>Vi \u00f8nsker \u00e5 m\u00f8te alle mennesker der de er. Derfor tilbyr vi et rikt tilbud&hellip;<\/p>\n","protected":false},"author":6,"featured_media":0,"parent":0,"menu_order":0,"comment_status":"closed","ping_status":"closed","template":"","meta":{"_relevanssi_hide_post":"","_relevanssi_hide_content":"","_relevanssi_pin_for_all":"","_relevanssi_pin_keywords":"","_relevanssi_unpin_keywords":"","_relevanssi_related_keywords":"","_relevanssi_related_include_ids":"","_relevanssi_related_exclude_ids":"","_relevanssi_related_no_append":"","_relevanssi_related_not_related":"","_relevanssi_related_posts":"1","_relevanssi_noindex_reason":"","editor_notices":[],"footnotes":""},"class_list":["post-10","page","type-page","status-publish","hentry"],"yoast_head":"<!-- This site is optimized with the Yoast SEO Premium plugin v27.2 (Yoast SEO v27.2) - https:\/\/yoast.com\/product\/yoast-seo-premium-wordpress\/ -->\n<title>Hva vi tilbyr - Skovheim allsenter<\/title>\n<meta name=\"robots\" content=\"index, follow, max-snippet:-1, max-image-preview:large, max-video-preview:-1\" \/>\n<link rel=\"canonical\" href=\"https:\/\/kirkensbymisjon.no\/tilbud-skovheim-allsenter\/hva-vi-tilbyr\/\" \/>\n<meta property=\"og:locale\" content=\"nb_NO\" \/>\n<meta property=\"og:type\" content=\"article\" \/>\n<meta property=\"og:title\" content=\"Hva vi tilbyr\" \/>\n<meta property=\"og:description\" content=\"Vi \u00f8nsker \u00e5 m\u00f8te alle mennesker der de er. Derfor tilbyr vi et rikt tilbud&hellip;\" \/>\n<meta property=\"og:url\" content=\"https:\/\/kirkensbymisjon.no\/tilbud-skovheim-allsenter\/hva-vi-tilbyr\/\" \/>\n<meta property=\"og:site_name\" content=\"Skovheim allsenter\" \/>\n<meta property=\"article:modified_time\" content=\"2026-03-23T12:47:44+00:00\" \/>\n<meta property=\"og:image\" content=\"https:\/\/kirkensbymisjon.no\/content\/uploads\/sites\/39\/2024\/08\/tilbud_skovheim-allsenter_07.jpeg\" \/>\n\t<meta property=\"og:image:width\" content=\"1559\" \/>\n\t<meta property=\"og:image:height\" content=\"1134\" \/>\n\t<meta property=\"og:image:type\" content=\"image\/jpeg\" \/>\n<meta name=\"twitter:card\" content=\"summary_large_image\" \/>\n<meta name=\"twitter:label1\" content=\"Ansl. lesetid\" \/>\n\t<meta name=\"twitter:data1\" content=\"4 minutter\" \/>\n<script type=\"application\/ld+json\" class=\"yoast-schema-graph\">{\"@context\":\"https:\/\/schema.org\",\"@graph\":[{\"@type\":\"WebPage\",\"@id\":\"https:\/\/kirkensbymisjon.no\/tilbud-skovheim-allsenter\/hva-vi-tilbyr\/\",\"url\":\"https:\/\/kirkensbymisjon.no\/tilbud-skovheim-allsenter\/hva-vi-tilbyr\/\",\"name\":\"Hva vi tilbyr - Skovheim allsenter\",\"isPartOf\":{\"@id\":\"https:\/\/kirkensbymisjon.no\/tilbud-skovheim-allsenter\/#website\"},\"primaryImageOfPage\":{\"@id\":\"https:\/\/kirkensbymisjon.no\/tilbud-skovheim-allsenter\/hva-vi-tilbyr\/#primaryimage\"},\"image\":{\"@id\":\"https:\/\/kirkensbymisjon.no\/tilbud-skovheim-allsenter\/hva-vi-tilbyr\/#primaryimage\"},\"thumbnailUrl\":\"https:\/\/kirkensbymisjon.no\/content\/uploads\/sites\/39\/2024\/08\/tilbud_skovheim-allsenter_07.jpeg\",\"datePublished\":\"2024-07-24T10:43:22+00:00\",\"dateModified\":\"2026-03-23T12:47:44+00:00\",\"breadcrumb\":{\"@id\":\"https:\/\/kirkensbymisjon.no\/tilbud-skovheim-allsenter\/hva-vi-tilbyr\/#breadcrumb\"},\"inLanguage\":\"nb-NO\",\"potentialAction\":[{\"@type\":\"ReadAction\",\"target\":[\"https:\/\/kirkensbymisjon.no\/tilbud-skovheim-allsenter\/hva-vi-tilbyr\/\"]}]},{\"@type\":\"ImageObject\",\"inLanguage\":\"nb-NO\",\"@id\":\"https:\/\/kirkensbymisjon.no\/tilbud-skovheim-allsenter\/hva-vi-tilbyr\/#primaryimage\",\"url\":\"https:\/\/kirkensbymisjon.no\/content\/uploads\/sites\/39\/2024\/08\/tilbud_skovheim-allsenter_07.jpeg\",\"contentUrl\":\"https:\/\/kirkensbymisjon.no\/content\/uploads\/sites\/39\/2024\/08\/tilbud_skovheim-allsenter_07.jpeg\"},{\"@type\":\"BreadcrumbList\",\"@id\":\"https:\/\/kirkensbymisjon.no\/tilbud-skovheim-allsenter\/hva-vi-tilbyr\/#breadcrumb\",\"itemListElement\":[{\"@type\":\"ListItem\",\"position\":1,\"name\":\"Hjem\",\"item\":\"https:\/\/kirkensbymisjon.no\/tilbud-skovheim-allsenter\/\"},{\"@type\":\"ListItem\",\"position\":2,\"name\":\"Hva vi tilbyr\"}]},{\"@type\":\"WebSite\",\"@id\":\"https:\/\/kirkensbymisjon.no\/tilbud-skovheim-allsenter\/#website\",\"url\":\"https:\/\/kirkensbymisjon.no\/tilbud-skovheim-allsenter\/\",\"name\":\"Skovheim allsenter\",\"description\":\"\",\"potentialAction\":[{\"@type\":\"SearchAction\",\"target\":{\"@type\":\"EntryPoint\",\"urlTemplate\":\"https:\/\/kirkensbymisjon.no\/tilbud-skovheim-allsenter\/?s={search_term_string}\"},\"query-input\":{\"@type\":\"PropertyValueSpecification\",\"valueRequired\":true,\"valueName\":\"search_term_string\"}}],\"inLanguage\":\"nb-NO\"}]}<\/script>\n<!-- \/ Yoast SEO Premium plugin. -->","yoast_head_json":{"title":"Hva vi tilbyr - Skovheim allsenter","robots":{"index":"index","follow":"follow","max-snippet":"max-snippet:-1","max-image-preview":"max-image-preview:large","max-video-preview":"max-video-preview:-1"},"canonical":"https:\/\/kirkensbymisjon.no\/tilbud-skovheim-allsenter\/hva-vi-tilbyr\/","og_locale":"nb_NO","og_type":"article","og_title":"Hva vi tilbyr","og_description":"Vi \u00f8nsker \u00e5 m\u00f8te alle mennesker der de er. Derfor tilbyr vi et rikt tilbud&hellip;","og_url":"https:\/\/kirkensbymisjon.no\/tilbud-skovheim-allsenter\/hva-vi-tilbyr\/","og_site_name":"Skovheim allsenter","article_modified_time":"2026-03-23T12:47:44+00:00","og_image":[{"width":1559,"height":1134,"url":"https:\/\/kirkensbymisjon.no\/content\/uploads\/sites\/39\/2024\/08\/tilbud_skovheim-allsenter_07.jpeg","type":"image\/jpeg"}],"twitter_card":"summary_large_image","twitter_misc":{"Ansl. lesetid":"4 minutter"},"schema":{"@context":"https:\/\/schema.org","@graph":[{"@type":"WebPage","@id":"https:\/\/kirkensbymisjon.no\/tilbud-skovheim-allsenter\/hva-vi-tilbyr\/","url":"https:\/\/kirkensbymisjon.no\/tilbud-skovheim-allsenter\/hva-vi-tilbyr\/","name":"Hva vi tilbyr - Skovheim allsenter","isPartOf":{"@id":"https:\/\/kirkensbymisjon.no\/tilbud-skovheim-allsenter\/#website"},"primaryImageOfPage":{"@id":"https:\/\/kirkensbymisjon.no\/tilbud-skovheim-allsenter\/hva-vi-tilbyr\/#primaryimage"},"image":{"@id":"https:\/\/kirkensbymisjon.no\/tilbud-skovheim-allsenter\/hva-vi-tilbyr\/#primaryimage"},"thumbnailUrl":"https:\/\/kirkensbymisjon.no\/content\/uploads\/sites\/39\/2024\/08\/tilbud_skovheim-allsenter_07.jpeg","datePublished":"2024-07-24T10:43:22+00:00","dateModified":"2026-03-23T12:47:44+00:00","breadcrumb":{"@id":"https:\/\/kirkensbymisjon.no\/tilbud-skovheim-allsenter\/hva-vi-tilbyr\/#breadcrumb"},"inLanguage":"nb-NO","potentialAction":[{"@type":"ReadAction","target":["https:\/\/kirkensbymisjon.no\/tilbud-skovheim-allsenter\/hva-vi-tilbyr\/"]}]},{"@type":"ImageObject","inLanguage":"nb-NO","@id":"https:\/\/kirkensbymisjon.no\/tilbud-skovheim-allsenter\/hva-vi-tilbyr\/#primaryimage","url":"https:\/\/kirkensbymisjon.no\/content\/uploads\/sites\/39\/2024\/08\/tilbud_skovheim-allsenter_07.jpeg","contentUrl":"https:\/\/kirkensbymisjon.no\/content\/uploads\/sites\/39\/2024\/08\/tilbud_skovheim-allsenter_07.jpeg"},{"@type":"BreadcrumbList","@id":"https:\/\/kirkensbymisjon.no\/tilbud-skovheim-allsenter\/hva-vi-tilbyr\/#breadcrumb","itemListElement":[{"@type":"ListItem","position":1,"name":"Hjem","item":"https:\/\/kirkensbymisjon.no\/tilbud-skovheim-allsenter\/"},{"@type":"ListItem","position":2,"name":"Hva vi tilbyr"}]},{"@type":"WebSite","@id":"https:\/\/kirkensbymisjon.no\/tilbud-skovheim-allsenter\/#website","url":"https:\/\/kirkensbymisjon.no\/tilbud-skovheim-allsenter\/","name":"Skovheim allsenter","description":"","potentialAction":[{"@type":"SearchAction","target":{"@type":"EntryPoint","urlTemplate":"https:\/\/kirkensbymisjon.no\/tilbud-skovheim-allsenter\/?s={search_term_string}"},"query-input":{"@type":"PropertyValueSpecification","valueRequired":true,"valueName":"search_term_string"}}],"inLanguage":"nb-NO"}]}},"_links":{"self":[{"href":"https:\/\/kirkensbymisjon.no\/tilbud-skovheim-allsenter\/wp-json\/wp\/v2\/pages\/10","targetHints":{"allow":["GET"]}}],"collection":[{"href":"https:\/\/kirkensbymisjon.no\/tilbud-skovheim-allsenter\/wp-json\/wp\/v2\/pages"}],"about":[{"href":"https:\/\/kirkensbymisjon.no\/tilbud-skovheim-allsenter\/wp-json\/wp\/v2\/types\/page"}],"author":[{"embeddable":true,"href":"https:\/\/kirkensbymisjon.no\/tilbud-skovheim-allsenter\/wp-json\/wp\/v2\/users\/6"}],"replies":[{"embeddable":true,"href":"https:\/\/kirkensbymisjon.no\/tilbud-skovheim-allsenter\/wp-json\/wp\/v2\/comments?post=10"}],"version-history":[{"count":5,"href":"https:\/\/kirkensbymisjon.no\/tilbud-skovheim-allsenter\/wp-json\/wp\/v2\/pages\/10\/revisions"}],"predecessor-version":[{"id":189,"href":"https:\/\/kirkensbymisjon.no\/tilbud-skovheim-allsenter\/wp-json\/wp\/v2\/pages\/10\/revisions\/189"}],"wp:attachment":[{"href":"https:\/\/kirkensbymisjon.no\/tilbud-skovheim-allsenter\/wp-json\/wp\/v2\/media?parent=10"}],"curies":[{"name":"wp","href":"https:\/\/api.w.org\/{rel}","templated":true}]}}