{"id":3,"date":"2024-06-18T13:14:55","date_gmt":"2024-06-18T11:14:55","guid":{"rendered":"https:\/\/kirkensbymisjon.no\/tilbud-skovheim-allsenter\/forside\/"},"modified":"2026-03-23T13:46:59","modified_gmt":"2026-03-23T12:46:59","slug":"forside","status":"publish","type":"page","link":"https:\/\/kirkensbymisjon.no\/tilbud-skovheim-allsenter\/","title":{"rendered":"Forside"},"content":{"rendered":"\n<div class=\"wp-block-media-text alignwide is-stacked-on-mobile is-style-filled\"><figure class=\"wp-block-media-text__media\"><img loading=\"lazy\" decoding=\"async\" width=\"1024\" height=\"681\" src=\"https:\/\/kirkensbymisjon.no\/content\/uploads\/sites\/39\/2024\/08\/tilbud_skovheim-allsenter_05-1024x681.jpg\" alt=\"Omr\u00e5det utenfor Skovheim allsenter.\" class=\"wp-image-124 size-full\" srcset=\"https:\/\/kirkensbymisjon.no\/content\/uploads\/sites\/39\/2024\/08\/tilbud_skovheim-allsenter_05-1024x681.jpg 1024w, https:\/\/kirkensbymisjon.no\/content\/uploads\/sites\/39\/2024\/08\/tilbud_skovheim-allsenter_05-300x200.jpg 300w, https:\/\/kirkensbymisjon.no\/content\/uploads\/sites\/39\/2024\/08\/tilbud_skovheim-allsenter_05-768x511.jpg 768w, https:\/\/kirkensbymisjon.no\/content\/uploads\/sites\/39\/2024\/08\/tilbud_skovheim-allsenter_05-1536x1022.jpg 1536w, https:\/\/kirkensbymisjon.no\/content\/uploads\/sites\/39\/2024\/08\/tilbud_skovheim-allsenter_05.jpg 1559w\" sizes=\"auto, (max-width: 1024px) 100vw, 1024px\" \/><\/figure><div class=\"wp-block-media-text__content\">\n<h2 class=\"wp-block-heading\" id=\"h-nordstrands-trivelige-storstue\">Nordstrands trivelige storstue<\/h2>\n\n\n\n<p>P\u00e5 Skovheim allsenter kan du f\u00e5 brukt dine ressurser i ulike aktiviteter, f\u00e5 kulturelt p\u00e5fyll og sosiale fellesskap. <\/p>\n\n\n\n<p>Allsenteret har en \u00e5pen d\u00f8r for alle som vil komme innom; store og sm\u00e5 bes\u00f8kende fra n\u00e6rmilj\u00f8et, eller beboere ved eldreboligene.<\/p>\n\n\n\n<p><a href=\"\/tilbud-skovheim-allsenter\/hva-vi-tilbyr\/\">Se alle v\u00e5re aktiviteter og program for sesongen<\/a>.<\/p>\n\n\n\n<p><a href=\"https:\/\/kirkensbymisjon.no\/content\/uploads\/sites\/39\/2025\/09\/Tilbud_Skovheim_Kulturprogram-host-2025.pdf\" target=\"_blank\" rel=\"noreferrer noopener\">G\u00e5 direkte til v\u00e5rt kulturprogram for v\u00e5ren 2026<\/a>.<\/p>\n<\/div><\/div>\n\n\n\t<div class=\"alignwide wp-block-kbm-link-list\">\n\t\t<div class=\"kbm-link-list__items\">\n\t\t\t\n<div class=\"wp-block-kbm-link-list-item\">\t<svg xmlns=\"http:\/\/www.w3.org\/2000\/svg\" viewBox=\"0 0 48 48\" height=\"24\" width=\"24\" class=\"t2-icon t2-icon-foodservice\" aria-hidden=\"true\" focusable=\"false\"><path d=\"M33.876 3.268c-1.698.996-2.874 4.265-3.469 9.652-.321 2.901-.364 4.112-.366 10.36l-.001 6.04.22.374c.403.685 1.115 1.106 1.872 1.106h.344l.022 6.22.022 6.22.185.409c.797 1.76 3.217 1.787 4.072.046L37 43.24V23.96c0-21.203.04-19.614-.504-20.216-.429-.475-.826-.646-1.576-.682-.593-.028-.67-.013-1.044.206m-21.751.847c-.442.163-.696.369-.904.733l-.178.312-.002 7.607c-.001 7.337.005 7.63.159 8.24.458 1.819 1.648 3.264 3.376 4.098l.776.375.024 9 .024 9 .173.32c.383.709 1.104 1.155 1.873 1.158.909.004 1.587-.402 1.969-1.18l.225-.458.022-8.924.021-8.924.625-.292a6.341 6.341 0 0 0 3.61-4.794c.065-.417.084-2.699.067-7.906-.024-7.153-.029-7.326-.185-7.592a1.894 1.894 0 0 0-1.1-.821c-.713-.188-1.53.189-1.827.844-.142.313-.15.67-.151 7.554-.001 5.161-.028 7.275-.091 7.4-.259.505-.885.614-1.277.221l-.234-.234-.002-7.266c-.001-6.855-.01-7.284-.147-7.587a1.611 1.611 0 0 0-2.622-.489c-.194.194-.367.463-.419.65-.062.223-.089 2.489-.09 7.506v7.186l-.234.234a.851.851 0 0 1-.978.148c-.392-.21-.388-.13-.388-7.835 0-6.913-.006-7.217-.151-7.502a1.788 1.788 0 0 0-.3-.427c-.447-.392-1.155-.543-1.664-.355\"\/><\/svg>\t<div class=\"kbm-link-list-item__content\">\n\t\t<p class=\"kbm-link-list-item__title\">Variert og god mat<\/p>\n\t\t\t\t\t<p class=\"kbm-link-list-item__description\">I et godt m\u00e5ltid finner vi trygghet og velv\u00e6re. P\u00e5 Skovheim er m\u00e5ltidet et stort samlingspunkt, og kokken v\u00e5r gir oss alltid spennende og n\u00e6ringsrike retter.<\/p>\n\t\t\t<\/div>\n\t<\/div>\n\n<div class=\"wp-block-kbm-link-list-item\">\t<svg xmlns=\"http:\/\/www.w3.org\/2000\/svg\" viewBox=\"0 0 48 48\" height=\"24\" width=\"24\" class=\"t2-icon t2-icon-heart\" aria-hidden=\"true\" focusable=\"false\"><path d=\"M12.608 7.169c-1.695.306-3.132.959-4.579 2.081-1.894 1.468-3.293 3.755-3.79 6.194-.689 3.382.232 7.499 2.57 11.489 2.339 3.991 6.459 8.359 11.511 12.202 1.924 1.463 5.432 3.825 5.682 3.825.244 0 3.789-2.389 5.678-3.826 3.507-2.666 6.767-5.781 9.058-8.654 4.107-5.151 5.927-10.598 5.023-15.036-.867-4.255-4.231-7.559-8.431-8.282-.908-.156-2.546-.157-3.46-.001-3.228.55-6.151 2.758-7.548 5.699-.151.319-.296.58-.32.58-.025 0-.212-.333-.416-.74-1.452-2.905-4.266-4.995-7.456-5.539-.885-.151-2.667-.147-3.522.008\"\/><\/svg>\t<div class=\"kbm-link-list-item__content\">\n\t\t<p class=\"kbm-link-list-item__title\">Gode fellesskap<\/p>\n\t\t\t\t\t<p class=\"kbm-link-list-item__description\">Vi tror at det \u00e5 kjenne seg trygg og f\u00e5 ta del i nye nettverk, p\u00e5 tvers av generasjoner og livssituasjoner, gir meningsfulle hverdager som bidrar til bedre helse.<\/p>\n\t\t\t<\/div>\n\t<\/div>\n\n<div class=\"wp-block-kbm-link-list-item\">\t<svg xmlns=\"http:\/\/www.w3.org\/2000\/svg\" viewBox=\"0 0 48 48\" height=\"24\" width=\"24\" class=\"t2-icon t2-icon-integrationmulticultural\" aria-hidden=\"true\" focusable=\"false\"><path d=\"M17.576 2.122c-1.569.297-2.843 1.076-3.532 2.158-.466.732-.614 1.3-.614 2.353 0 1.401.405 2.616 1.332 3.994.33.491.709 1.107.843 1.37.615 1.21.401 2.381-.634 3.467-.774.812-1.514 1.084-3.131 1.151-1.597.066-3.765-.142-7.64-.732-.44-.067-.899-.143-1.02-.169l-.22-.047.02 13.705L3 43.077l.64.096c6.849 1.034 9.181 1.086 10.625.24.476-.279 1.193-1.07 1.454-1.605.52-1.061.344-1.845-.802-3.577-1.162-1.756-1.494-2.707-1.491-4.271.001-1.048.17-1.681.643-2.413.557-.863 1.774-1.661 3.051-2.003.658-.175 2.624-.197 3.28-.036 1.667.41 3.024 1.637 3.409 3.081.143.539.14 1.895-.007 2.451-.17.647-.705 1.654-1.215 2.286-1.074 1.332-1.532 2.279-1.605 3.318-.138 1.966 1.17 3.072 3.757 3.176 1.227.05 2.476-.05 5.859-.466 1.406-.173 2.789-.314 3.072-.314h.514l-.047-.82c-.026-.451-.173-1.468-.328-2.26-.397-2.037-.475-2.674-.431-3.52.067-1.273.632-2.198 1.649-2.699.95-.468 2.066-.406 3.253.181.352.174.964.571 1.36.883 1.421 1.119 2.453 1.539 3.8 1.545 1.376.006 2.365-.39 3.196-1.279.828-.884 1.259-1.994 1.341-3.449.155-2.753-1.249-4.986-3.465-5.509-.418-.099-.775-.12-1.472-.086-1.433.069-2.477.443-3.891 1.394-1.411.948-2.208 1.229-3.013 1.062-.646-.134-1.177-.418-1.717-.919-.61-.564-.94-1.198-1.11-2.13-.229-1.257-.024-4.109.57-7.952.15-.966.256-1.773.236-1.793-.052-.052-1.965.126-3.793.353-3.637.451-5.67.548-6.742.321-.699-.148-1.51-.539-1.873-.901-.954-.955-.947-2.7.017-4.262.204-.33.525-.78.712-1 1.155-1.354 1.685-2.857 1.506-4.271-.137-1.089-.422-1.694-1.138-2.416a4.806 4.806 0 0 0-2.284-1.317c-.692-.181-2.181-.219-2.944-.074\"\/><\/svg>\t<div class=\"kbm-link-list-item__content\">\n\t\t<p class=\"kbm-link-list-item__title\">Kultur som beriker<\/p>\n\t\t\t\t\t<p class=\"kbm-link-list-item__description\">Alle mennesker er ulike, med ulike behov, ogs\u00e5 kulturelle. Det mangfoldet \u00f8nsker vi \u00e5 omfavne p\u00e5 Skovheim, og vi har et bredt kulturtilbud. <\/p>\n\t\t\t<\/div>\n\t<\/div>\n\t\t<\/div>\n\t<\/div>\n\t","protected":false},"excerpt":{"rendered":"<p>Nordstrands trivelige storstue P\u00e5 Skovheim allsenter kan du f\u00e5 brukt dine ressurser i ulike aktiviteter,&hellip;<\/p>\n","protected":false},"author":2,"featured_media":0,"parent":0,"menu_order":0,"comment_status":"closed","ping_status":"closed","template":"","meta":{"_relevanssi_hide_post":"","_relevanssi_hide_content":"","_relevanssi_pin_for_all":"","_relevanssi_pin_keywords":"","_relevanssi_unpin_keywords":"","_relevanssi_related_keywords":"","_relevanssi_related_include_ids":"","_relevanssi_related_exclude_ids":"","_relevanssi_related_no_append":"","_relevanssi_related_not_related":"","_relevanssi_related_posts":"1","_relevanssi_noindex_reason":"","editor_notices":[],"footnotes":""},"class_list":["post-3","page","type-page","status-publish","hentry"],"yoast_head":"<!-- This site is optimized with the Yoast SEO Premium plugin v27.2 (Yoast SEO v27.2) - https:\/\/yoast.com\/product\/yoast-seo-premium-wordpress\/ -->\n<title>Kirkens Bymisjon - Skovheim allsenter<\/title>\n<meta name=\"description\" content=\"En m\u00f8teplass for folk i alle aldre fra n\u00e6rmilj\u00f8et p\u00e5 Nordstrand.\" \/>\n<meta name=\"robots\" content=\"index, follow, max-snippet:-1, max-image-preview:large, max-video-preview:-1\" \/>\n<link rel=\"canonical\" href=\"https:\/\/kirkensbymisjon.no\/tilbud-skovheim-allsenter\/\" \/>\n<meta property=\"og:locale\" content=\"nb_NO\" \/>\n<meta property=\"og:type\" content=\"article\" \/>\n<meta property=\"og:title\" content=\"Forside\" \/>\n<meta property=\"og:description\" content=\"En m\u00f8teplass for folk i alle aldre fra n\u00e6rmilj\u00f8et p\u00e5 Nordstrand.\" \/>\n<meta property=\"og:url\" content=\"https:\/\/kirkensbymisjon.no\/tilbud-skovheim-allsenter\/\" \/>\n<meta property=\"og:site_name\" content=\"Skovheim allsenter\" \/>\n<meta property=\"article:modified_time\" content=\"2026-03-23T12:46:59+00:00\" \/>\n<meta property=\"og:image\" content=\"https:\/\/kirkensbymisjon.no\/content\/uploads\/sites\/39\/2024\/08\/tilbud_skovheim-allsenter_05.jpg\" \/>\n\t<meta property=\"og:image:width\" content=\"1559\" \/>\n\t<meta property=\"og:image:height\" content=\"1037\" \/>\n\t<meta property=\"og:image:type\" content=\"image\/jpeg\" \/>\n<meta name=\"twitter:card\" content=\"summary_large_image\" \/>\n<meta name=\"twitter:label1\" content=\"Ansl. lesetid\" \/>\n\t<meta name=\"twitter:data1\" content=\"1 minutt\" \/>\n<script type=\"application\/ld+json\" class=\"yoast-schema-graph\">{\"@context\":\"https:\/\/schema.org\",\"@graph\":[{\"@type\":\"WebPage\",\"@id\":\"https:\/\/kirkensbymisjon.no\/tilbud-skovheim-allsenter\/\",\"url\":\"https:\/\/kirkensbymisjon.no\/tilbud-skovheim-allsenter\/\",\"name\":\"Kirkens Bymisjon - Skovheim allsenter\",\"isPartOf\":{\"@id\":\"https:\/\/kirkensbymisjon.no\/tilbud-skovheim-allsenter\/#website\"},\"primaryImageOfPage\":{\"@id\":\"https:\/\/kirkensbymisjon.no\/tilbud-skovheim-allsenter\/#primaryimage\"},\"image\":{\"@id\":\"https:\/\/kirkensbymisjon.no\/tilbud-skovheim-allsenter\/#primaryimage\"},\"thumbnailUrl\":\"https:\/\/kirkensbymisjon.no\/content\/uploads\/sites\/39\/2024\/08\/tilbud_skovheim-allsenter_05-1024x681.jpg\",\"datePublished\":\"2024-06-18T11:14:55+00:00\",\"dateModified\":\"2026-03-23T12:46:59+00:00\",\"description\":\"En m\u00f8teplass for folk i alle aldre fra n\u00e6rmilj\u00f8et p\u00e5 Nordstrand.\",\"breadcrumb\":{\"@id\":\"https:\/\/kirkensbymisjon.no\/tilbud-skovheim-allsenter\/#breadcrumb\"},\"inLanguage\":\"nb-NO\",\"potentialAction\":[{\"@type\":\"ReadAction\",\"target\":[\"https:\/\/kirkensbymisjon.no\/tilbud-skovheim-allsenter\/\"]}]},{\"@type\":\"ImageObject\",\"inLanguage\":\"nb-NO\",\"@id\":\"https:\/\/kirkensbymisjon.no\/tilbud-skovheim-allsenter\/#primaryimage\",\"url\":\"https:\/\/kirkensbymisjon.no\/content\/uploads\/sites\/39\/2024\/08\/tilbud_skovheim-allsenter_05-1024x681.jpg\",\"contentUrl\":\"https:\/\/kirkensbymisjon.no\/content\/uploads\/sites\/39\/2024\/08\/tilbud_skovheim-allsenter_05-1024x681.jpg\"},{\"@type\":\"BreadcrumbList\",\"@id\":\"https:\/\/kirkensbymisjon.no\/tilbud-skovheim-allsenter\/#breadcrumb\",\"itemListElement\":[{\"@type\":\"ListItem\",\"position\":1,\"name\":\"Hjem\",\"item\":\"https:\/\/kirkensbymisjon.no\/tilbud-skovheim-allsenter\/\"},{\"@type\":\"ListItem\",\"position\":2,\"name\":\"Forside\"}]},{\"@type\":\"WebSite\",\"@id\":\"https:\/\/kirkensbymisjon.no\/tilbud-skovheim-allsenter\/#website\",\"url\":\"https:\/\/kirkensbymisjon.no\/tilbud-skovheim-allsenter\/\",\"name\":\"Skovheim allsenter\",\"description\":\"\",\"potentialAction\":[{\"@type\":\"SearchAction\",\"target\":{\"@type\":\"EntryPoint\",\"urlTemplate\":\"https:\/\/kirkensbymisjon.no\/tilbud-skovheim-allsenter\/?s={search_term_string}\"},\"query-input\":{\"@type\":\"PropertyValueSpecification\",\"valueRequired\":true,\"valueName\":\"search_term_string\"}}],\"inLanguage\":\"nb-NO\"}]}<\/script>\n<!-- \/ Yoast SEO Premium plugin. -->","yoast_head_json":{"title":"Kirkens Bymisjon - Skovheim allsenter","description":"En m\u00f8teplass for folk i alle aldre fra n\u00e6rmilj\u00f8et p\u00e5 Nordstrand.","robots":{"index":"index","follow":"follow","max-snippet":"max-snippet:-1","max-image-preview":"max-image-preview:large","max-video-preview":"max-video-preview:-1"},"canonical":"https:\/\/kirkensbymisjon.no\/tilbud-skovheim-allsenter\/","og_locale":"nb_NO","og_type":"article","og_title":"Forside","og_description":"En m\u00f8teplass for folk i alle aldre fra n\u00e6rmilj\u00f8et p\u00e5 Nordstrand.","og_url":"https:\/\/kirkensbymisjon.no\/tilbud-skovheim-allsenter\/","og_site_name":"Skovheim allsenter","article_modified_time":"2026-03-23T12:46:59+00:00","og_image":[{"width":1559,"height":1037,"url":"https:\/\/kirkensbymisjon.no\/content\/uploads\/sites\/39\/2024\/08\/tilbud_skovheim-allsenter_05.jpg","type":"image\/jpeg"}],"twitter_card":"summary_large_image","twitter_misc":{"Ansl. lesetid":"1 minutt"},"schema":{"@context":"https:\/\/schema.org","@graph":[{"@type":"WebPage","@id":"https:\/\/kirkensbymisjon.no\/tilbud-skovheim-allsenter\/","url":"https:\/\/kirkensbymisjon.no\/tilbud-skovheim-allsenter\/","name":"Kirkens Bymisjon - Skovheim allsenter","isPartOf":{"@id":"https:\/\/kirkensbymisjon.no\/tilbud-skovheim-allsenter\/#website"},"primaryImageOfPage":{"@id":"https:\/\/kirkensbymisjon.no\/tilbud-skovheim-allsenter\/#primaryimage"},"image":{"@id":"https:\/\/kirkensbymisjon.no\/tilbud-skovheim-allsenter\/#primaryimage"},"thumbnailUrl":"https:\/\/kirkensbymisjon.no\/content\/uploads\/sites\/39\/2024\/08\/tilbud_skovheim-allsenter_05-1024x681.jpg","datePublished":"2024-06-18T11:14:55+00:00","dateModified":"2026-03-23T12:46:59+00:00","description":"En m\u00f8teplass for folk i alle aldre fra n\u00e6rmilj\u00f8et p\u00e5 Nordstrand.","breadcrumb":{"@id":"https:\/\/kirkensbymisjon.no\/tilbud-skovheim-allsenter\/#breadcrumb"},"inLanguage":"nb-NO","potentialAction":[{"@type":"ReadAction","target":["https:\/\/kirkensbymisjon.no\/tilbud-skovheim-allsenter\/"]}]},{"@type":"ImageObject","inLanguage":"nb-NO","@id":"https:\/\/kirkensbymisjon.no\/tilbud-skovheim-allsenter\/#primaryimage","url":"https:\/\/kirkensbymisjon.no\/content\/uploads\/sites\/39\/2024\/08\/tilbud_skovheim-allsenter_05-1024x681.jpg","contentUrl":"https:\/\/kirkensbymisjon.no\/content\/uploads\/sites\/39\/2024\/08\/tilbud_skovheim-allsenter_05-1024x681.jpg"},{"@type":"BreadcrumbList","@id":"https:\/\/kirkensbymisjon.no\/tilbud-skovheim-allsenter\/#breadcrumb","itemListElement":[{"@type":"ListItem","position":1,"name":"Hjem","item":"https:\/\/kirkensbymisjon.no\/tilbud-skovheim-allsenter\/"},{"@type":"ListItem","position":2,"name":"Forside"}]},{"@type":"WebSite","@id":"https:\/\/kirkensbymisjon.no\/tilbud-skovheim-allsenter\/#website","url":"https:\/\/kirkensbymisjon.no\/tilbud-skovheim-allsenter\/","name":"Skovheim allsenter","description":"","potentialAction":[{"@type":"SearchAction","target":{"@type":"EntryPoint","urlTemplate":"https:\/\/kirkensbymisjon.no\/tilbud-skovheim-allsenter\/?s={search_term_string}"},"query-input":{"@type":"PropertyValueSpecification","valueRequired":true,"valueName":"search_term_string"}}],"inLanguage":"nb-NO"}]}},"_links":{"self":[{"href":"https:\/\/kirkensbymisjon.no\/tilbud-skovheim-allsenter\/wp-json\/wp\/v2\/pages\/3","targetHints":{"allow":["GET"]}}],"collection":[{"href":"https:\/\/kirkensbymisjon.no\/tilbud-skovheim-allsenter\/wp-json\/wp\/v2\/pages"}],"about":[{"href":"https:\/\/kirkensbymisjon.no\/tilbud-skovheim-allsenter\/wp-json\/wp\/v2\/types\/page"}],"author":[{"embeddable":true,"href":"https:\/\/kirkensbymisjon.no\/tilbud-skovheim-allsenter\/wp-json\/wp\/v2\/users\/2"}],"replies":[{"embeddable":true,"href":"https:\/\/kirkensbymisjon.no\/tilbud-skovheim-allsenter\/wp-json\/wp\/v2\/comments?post=3"}],"version-history":[{"count":5,"href":"https:\/\/kirkensbymisjon.no\/tilbud-skovheim-allsenter\/wp-json\/wp\/v2\/pages\/3\/revisions"}],"predecessor-version":[{"id":188,"href":"https:\/\/kirkensbymisjon.no\/tilbud-skovheim-allsenter\/wp-json\/wp\/v2\/pages\/3\/revisions\/188"}],"wp:attachment":[{"href":"https:\/\/kirkensbymisjon.no\/tilbud-skovheim-allsenter\/wp-json\/wp\/v2\/media?parent=3"}],"curies":[{"name":"wp","href":"https:\/\/api.w.org\/{rel}","templated":true}]}}