{"id":8,"date":"2024-07-24T12:42:33","date_gmt":"2024-07-24T10:42:33","guid":{"rendered":"https:\/\/kirkensbymisjon.no\/tilbud-skovheim-allsenter\/?page_id=8"},"modified":"2024-10-23T13:13:41","modified_gmt":"2024-10-23T11:13:41","slug":"om-allsenteret","status":"publish","type":"page","link":"https:\/\/kirkensbymisjon.no\/tilbud-skovheim-allsenter\/om-allsenteret\/","title":{"rendered":"Om allsenteret"},"content":{"rendered":"\n<p>Skovheim allsenter ligger sentralt til p\u00e5 Nordstrand, mellom S\u00e6ter og Kastellet. M\u00e5lsetningen for Skovheimomr\u00e5det er \u00e5 skape et boomr\u00e5de der mennesker med ulik alder og ulik livserfaring skal leve og fungere sammen. <\/p>\n\n\n\n<figure class=\"wp-block-image size-full\"><img loading=\"lazy\" decoding=\"async\" width=\"1559\" height=\"1040\" src=\"https:\/\/kirkensbymisjon.no\/content\/uploads\/sites\/39\/2024\/08\/tilbud_skovheim-allsenter_03.jpg\" alt=\"Omr\u00e5det utenfor Skovheim allsenter\" class=\"wp-image-102\" srcset=\"https:\/\/kirkensbymisjon.no\/content\/uploads\/sites\/39\/2024\/08\/tilbud_skovheim-allsenter_03.jpg 1559w, https:\/\/kirkensbymisjon.no\/content\/uploads\/sites\/39\/2024\/08\/tilbud_skovheim-allsenter_03-300x200.jpg 300w, https:\/\/kirkensbymisjon.no\/content\/uploads\/sites\/39\/2024\/08\/tilbud_skovheim-allsenter_03-1024x683.jpg 1024w, https:\/\/kirkensbymisjon.no\/content\/uploads\/sites\/39\/2024\/08\/tilbud_skovheim-allsenter_03-768x512.jpg 768w, https:\/\/kirkensbymisjon.no\/content\/uploads\/sites\/39\/2024\/08\/tilbud_skovheim-allsenter_03-1536x1025.jpg 1536w\" sizes=\"auto, (max-width: 1559px) 100vw, 1559px\" \/><\/figure>\n\n\n\n<blockquote class=\"wp-block-quote is-layout-flow wp-block-quote-is-layout-flow\">\n<p>Jeg kommer hit hver dag for \u00e5 spise middag og prate. Og jeg f\u00e5r med meg nesten alle kulturkveldene her. Skovheim f\u00e5r meg ut av huset, og jeg trosser v\u00e6r og vind for \u00e5 komme hit!<\/p>\n<cite>96-\u00e5rig bes\u00f8kende fra n\u00e6rmilj\u00f8et<\/cite><\/blockquote>\n\n\n\n<h2 class=\"wp-block-heading\" id=\"h-moteplass-for-alle-i-naermiljoet\">M\u00f8teplass for alle i n\u00e6rmilj\u00f8et<\/h2>\n\n\n<div class=\"t2-accordion wp-block-t2-accordion\" data-allow-multiple=\"1\" role=\"list\">\n<div class=\"t2-accordion-item wp-block-t2-accordion-item\" role=\"listitem\">\n\t\t\t<h2 class=\"t2-accordion-title\">\n\t\t\t\t<button type=\"button\" class=\"t2-accordion-trigger\" id=\"kulturelt-p\u00e5fyll-og-sosialt-fellesskap\" aria-controls=\"accordion-panel\" aria-expanded=\"false\">\n\t\t\t\t\tKulturelt p\u00e5fyll og sosialt fellesskap\n\t\t\t\t\t<span class=\"t2-accordion-icon is-closed-icon\"><svg xmlns=\"http:\/\/www.w3.org\/2000\/svg\" viewBox=\"0 0 24 24\" height=\"24\" width=\"24\" class=\"t2-icon t2-icon-plus\" aria-hidden=\"true\" focusable=\"false\"><path d=\"M11.8 5.037a1.088 1.088 0 0 0-.722.566c-.075.148-.078.25-.078 2.772v2.619l-2.61.016c-1.867.012-2.652.03-2.756.064-.168.055-.438.301-.54.494-.049.092-.07.223-.07.432 0 .34.054.476.282.704.289.289.14.275 3.064.288l2.63.012v2.619c0 2.544.002 2.625.08 2.778.191.372.516.577.92.577s.729-.205.92-.577c.078-.153.08-.234.08-2.778v-2.619l2.63-.012c2.924-.013 2.775.001 3.064-.288.228-.228.282-.364.282-.704 0-.209-.021-.34-.07-.432-.102-.193-.372-.439-.54-.494-.104-.034-.889-.052-2.756-.064L13 10.994V8.375c0-2.522-.003-2.624-.078-2.772-.214-.418-.685-.656-1.122-.566\"\/><\/svg><\/span>\n\t\t\t\t\t<span class=\"t2-accordion-icon is-open-icon\"><svg xmlns=\"http:\/\/www.w3.org\/2000\/svg\" viewBox=\"0 0 24 24\" height=\"24\" width=\"24\" class=\"t2-icon t2-icon-chevronup\" aria-hidden=\"true\" focusable=\"false\"><path d=\"M6.7 14.7c-.2-.2-.3-.4-.3-.7s.1-.5.3-.7l4.6-4.6c.1-.1.2-.2.3-.2.1 0 .2-.1.4-.1.1 0 .3 0 .4.1.1 0 .2.1.3.2l4.6 4.6c.2.2.3.4.3.7s-.1.5-.3.7c-.2.2-.4.3-.7.3s-.5-.1-.7-.3L12 10.8l-3.9 3.9c-.2.2-.4.3-.7.3s-.5-.1-.7-.3z\" fill=\"currentColor\" \/><\/svg><\/span>\n\t\t\t\t<\/button>\n\t\t\t<\/h2>\n\t\t\t<div class=\"t2-accordion-item__inner-container is-layout-flow\" id=\"accordion-panel\" aria-labelledby=\"kulturelt-p\u00e5fyll-og-sosialt-fellesskap\" role=\"region\" hidden>\n\t\t\t\t\n\n<p>Alle som bor her kan benytte seg av Skovheim allsenters brede kulturtilbud. Her kan man spise god lunsj og middag, bruke sine ressurser i ulike aktiviteter, f\u00e5 kulturelt p\u00e5fyll og delta i et sosialt fellesskap.<\/p>\n\n\n\t\t\t<\/div>\n\t\t<\/div>\n\n<div class=\"t2-accordion-item wp-block-t2-accordion-item\" role=\"listitem\">\n\t\t\t<h2 class=\"t2-accordion-title\">\n\t\t\t\t<button type=\"button\" class=\"t2-accordion-trigger\" id=\"fagressurser-p\u00e5-huset\" aria-controls=\"accordion-panel-1\" aria-expanded=\"false\">\n\t\t\t\t\tFagressurser p\u00e5 huset\n\t\t\t\t\t<span class=\"t2-accordion-icon is-closed-icon\"><svg xmlns=\"http:\/\/www.w3.org\/2000\/svg\" viewBox=\"0 0 24 24\" height=\"24\" width=\"24\" class=\"t2-icon t2-icon-plus\" aria-hidden=\"true\" focusable=\"false\"><path d=\"M11.8 5.037a1.088 1.088 0 0 0-.722.566c-.075.148-.078.25-.078 2.772v2.619l-2.61.016c-1.867.012-2.652.03-2.756.064-.168.055-.438.301-.54.494-.049.092-.07.223-.07.432 0 .34.054.476.282.704.289.289.14.275 3.064.288l2.63.012v2.619c0 2.544.002 2.625.08 2.778.191.372.516.577.92.577s.729-.205.92-.577c.078-.153.08-.234.08-2.778v-2.619l2.63-.012c2.924-.013 2.775.001 3.064-.288.228-.228.282-.364.282-.704 0-.209-.021-.34-.07-.432-.102-.193-.372-.439-.54-.494-.104-.034-.889-.052-2.756-.064L13 10.994V8.375c0-2.522-.003-2.624-.078-2.772-.214-.418-.685-.656-1.122-.566\"\/><\/svg><\/span>\n\t\t\t\t\t<span class=\"t2-accordion-icon is-open-icon\"><svg xmlns=\"http:\/\/www.w3.org\/2000\/svg\" viewBox=\"0 0 24 24\" height=\"24\" width=\"24\" class=\"t2-icon t2-icon-chevronup\" aria-hidden=\"true\" focusable=\"false\"><path d=\"M6.7 14.7c-.2-.2-.3-.4-.3-.7s.1-.5.3-.7l4.6-4.6c.1-.1.2-.2.3-.2.1 0 .2-.1.4-.1.1 0 .3 0 .4.1.1 0 .2.1.3.2l4.6 4.6c.2.2.3.4.3.7s-.1.5-.3.7c-.2.2-.4.3-.7.3s-.5-.1-.7-.3L12 10.8l-3.9 3.9c-.2.2-.4.3-.7.3s-.5-.1-.7-.3z\" fill=\"currentColor\" \/><\/svg><\/span>\n\t\t\t\t<\/button>\n\t\t\t<\/h2>\n\t\t\t<div class=\"t2-accordion-item__inner-container is-layout-flow\" id=\"accordion-panel-1\" aria-labelledby=\"fagressurser-p\u00e5-huset\" role=\"region\" hidden>\n\t\t\t\t\n\n<p>Skovheim allsenter har \u00e5tte ansatte; daglig leder, frivilligleder, kulturleder, kj\u00f8kkensjef, kj\u00f8kkenassistent og senterassistenter. Det er personale tilstede fra kl. 08.30\u201321.00 og vakttelefon fra 21.00\u201308.30. For beboerne i eldreboligene gir vaktordning p\u00e5 kvelden og de ansattes mellommenneskelige og faglige kompetanse trygghet og st\u00f8tte i tilv\u00e6relsen.<\/p>\n\n\n\t\t\t<\/div>\n\t\t<\/div>\n\n<div class=\"t2-accordion-item wp-block-t2-accordion-item\" role=\"listitem\">\n\t\t\t<h2 class=\"t2-accordion-title\">\n\t\t\t\t<button type=\"button\" class=\"t2-accordion-trigger\" id=\"&lt;strong&gt;v\u00e5rt-beboerutvalg&lt;\/strong&gt;\" aria-controls=\"accordion-panel-2\" aria-expanded=\"false\">\n\t\t\t\t\tV\u00e5rt beboerutvalg\n\t\t\t\t\t<span class=\"t2-accordion-icon is-closed-icon\"><svg xmlns=\"http:\/\/www.w3.org\/2000\/svg\" viewBox=\"0 0 24 24\" height=\"24\" width=\"24\" class=\"t2-icon t2-icon-plus\" aria-hidden=\"true\" focusable=\"false\"><path d=\"M11.8 5.037a1.088 1.088 0 0 0-.722.566c-.075.148-.078.25-.078 2.772v2.619l-2.61.016c-1.867.012-2.652.03-2.756.064-.168.055-.438.301-.54.494-.049.092-.07.223-.07.432 0 .34.054.476.282.704.289.289.14.275 3.064.288l2.63.012v2.619c0 2.544.002 2.625.08 2.778.191.372.516.577.92.577s.729-.205.92-.577c.078-.153.08-.234.08-2.778v-2.619l2.63-.012c2.924-.013 2.775.001 3.064-.288.228-.228.282-.364.282-.704 0-.209-.021-.34-.07-.432-.102-.193-.372-.439-.54-.494-.104-.034-.889-.052-2.756-.064L13 10.994V8.375c0-2.522-.003-2.624-.078-2.772-.214-.418-.685-.656-1.122-.566\"\/><\/svg><\/span>\n\t\t\t\t\t<span class=\"t2-accordion-icon is-open-icon\"><svg xmlns=\"http:\/\/www.w3.org\/2000\/svg\" viewBox=\"0 0 24 24\" height=\"24\" width=\"24\" class=\"t2-icon t2-icon-chevronup\" aria-hidden=\"true\" focusable=\"false\"><path d=\"M6.7 14.7c-.2-.2-.3-.4-.3-.7s.1-.5.3-.7l4.6-4.6c.1-.1.2-.2.3-.2.1 0 .2-.1.4-.1.1 0 .3 0 .4.1.1 0 .2.1.3.2l4.6 4.6c.2.2.3.4.3.7s-.1.5-.3.7c-.2.2-.4.3-.7.3s-.5-.1-.7-.3L12 10.8l-3.9 3.9c-.2.2-.4.3-.7.3s-.5-.1-.7-.3z\" fill=\"currentColor\" \/><\/svg><\/span>\n\t\t\t\t<\/button>\n\t\t\t<\/h2>\n\t\t\t<div class=\"t2-accordion-item__inner-container is-layout-flow\" id=\"accordion-panel-2\" aria-labelledby=\"&lt;strong&gt;v\u00e5rt-beboerutvalg&lt;\/strong&gt;\" role=\"region\" hidden>\n\t\t\t\t\n\n<p>Skovheim har et beboerutvalg med seks faste medlemmer og to varamedlemmer. Utvalget er aktive deltagere i utviklingen av Skovheim. De er et taler\u00f8r for alle som bor her, og de deltar ogs\u00e5 aktivt under kulturarrangementer eller initierer aktiviteter for beboerne.<\/p>\n\n\n\t\t\t<\/div>\n\t\t<\/div>\n\n<div class=\"t2-accordion-item wp-block-t2-accordion-item\" role=\"listitem\">\n\t\t\t<h2 class=\"t2-accordion-title\">\n\t\t\t\t<button type=\"button\" class=\"t2-accordion-trigger\" id=\"et-livssyns\u00e5pent-allsenter\" aria-controls=\"accordion-panel-3\" aria-expanded=\"false\">\n\t\t\t\t\tEt livssyns\u00e5pent allsenter\n\t\t\t\t\t<span class=\"t2-accordion-icon is-closed-icon\"><svg xmlns=\"http:\/\/www.w3.org\/2000\/svg\" viewBox=\"0 0 24 24\" height=\"24\" width=\"24\" class=\"t2-icon t2-icon-plus\" aria-hidden=\"true\" focusable=\"false\"><path d=\"M11.8 5.037a1.088 1.088 0 0 0-.722.566c-.075.148-.078.25-.078 2.772v2.619l-2.61.016c-1.867.012-2.652.03-2.756.064-.168.055-.438.301-.54.494-.049.092-.07.223-.07.432 0 .34.054.476.282.704.289.289.14.275 3.064.288l2.63.012v2.619c0 2.544.002 2.625.08 2.778.191.372.516.577.92.577s.729-.205.92-.577c.078-.153.08-.234.08-2.778v-2.619l2.63-.012c2.924-.013 2.775.001 3.064-.288.228-.228.282-.364.282-.704 0-.209-.021-.34-.07-.432-.102-.193-.372-.439-.54-.494-.104-.034-.889-.052-2.756-.064L13 10.994V8.375c0-2.522-.003-2.624-.078-2.772-.214-.418-.685-.656-1.122-.566\"\/><\/svg><\/span>\n\t\t\t\t\t<span class=\"t2-accordion-icon is-open-icon\"><svg xmlns=\"http:\/\/www.w3.org\/2000\/svg\" viewBox=\"0 0 24 24\" height=\"24\" width=\"24\" class=\"t2-icon t2-icon-chevronup\" aria-hidden=\"true\" focusable=\"false\"><path d=\"M6.7 14.7c-.2-.2-.3-.4-.3-.7s.1-.5.3-.7l4.6-4.6c.1-.1.2-.2.3-.2.1 0 .2-.1.4-.1.1 0 .3 0 .4.1.1 0 .2.1.3.2l4.6 4.6c.2.2.3.4.3.7s-.1.5-.3.7c-.2.2-.4.3-.7.3s-.5-.1-.7-.3L12 10.8l-3.9 3.9c-.2.2-.4.3-.7.3s-.5-.1-.7-.3z\" fill=\"currentColor\" \/><\/svg><\/span>\n\t\t\t\t<\/button>\n\t\t\t<\/h2>\n\t\t\t<div class=\"t2-accordion-item__inner-container is-layout-flow\" id=\"accordion-panel-3\" aria-labelledby=\"et-livssyns\u00e5pent-allsenter\" role=\"region\" hidden>\n\t\t\t\t\n\n<p>Vi er et livssyns\u00e5pent senter. Bes\u00f8kende kan komme med den troen man har eller ikke har, og blant de faste aktivitetene vi tilbyr, er det tydelig annonsert hvilke arrangementer som har et religi\u00f8st preg. <\/p>\n\n\n\n<p>Bymisjonsprest Olga Tvedt er p\u00e5 Skovheim to ganger i m\u00e5neden for b\u00e5de lystenning og samtaler. I tillegg har vi Nordstrand menighets prester som holder gudstjeneste med nattverd \u00e9n gang i m\u00e5neden, og vi har Kirkens hyggetreff \u00e9n gang i m\u00e5neden med b\u00e5de \u00e5ndelig og kulturelt innhold. P\u00e5 Skovheim m\u00f8tes du med respekt for din historie og dine behov, og du velger selv om du vil ta del i felleskapet eller ikke.<\/p>\n\n\n\t\t\t<\/div>\n\t\t<\/div>\n\n<div class=\"t2-accordion-item wp-block-t2-accordion-item\" role=\"listitem\">\n\t\t\t<h2 class=\"t2-accordion-title\">\n\t\t\t\t<button type=\"button\" class=\"t2-accordion-trigger\" id=\"forl\u00f8per-til-omsorg+\" aria-controls=\"accordion-panel-4\" aria-expanded=\"false\">\n\t\t\t\t\tForl\u00f8per til Omsorg+\n\t\t\t\t\t<span class=\"t2-accordion-icon is-closed-icon\"><svg xmlns=\"http:\/\/www.w3.org\/2000\/svg\" viewBox=\"0 0 24 24\" height=\"24\" width=\"24\" class=\"t2-icon t2-icon-plus\" aria-hidden=\"true\" focusable=\"false\"><path d=\"M11.8 5.037a1.088 1.088 0 0 0-.722.566c-.075.148-.078.25-.078 2.772v2.619l-2.61.016c-1.867.012-2.652.03-2.756.064-.168.055-.438.301-.54.494-.049.092-.07.223-.07.432 0 .34.054.476.282.704.289.289.14.275 3.064.288l2.63.012v2.619c0 2.544.002 2.625.08 2.778.191.372.516.577.92.577s.729-.205.92-.577c.078-.153.08-.234.08-2.778v-2.619l2.63-.012c2.924-.013 2.775.001 3.064-.288.228-.228.282-.364.282-.704 0-.209-.021-.34-.07-.432-.102-.193-.372-.439-.54-.494-.104-.034-.889-.052-2.756-.064L13 10.994V8.375c0-2.522-.003-2.624-.078-2.772-.214-.418-.685-.656-1.122-.566\"\/><\/svg><\/span>\n\t\t\t\t\t<span class=\"t2-accordion-icon is-open-icon\"><svg xmlns=\"http:\/\/www.w3.org\/2000\/svg\" viewBox=\"0 0 24 24\" height=\"24\" width=\"24\" class=\"t2-icon t2-icon-chevronup\" aria-hidden=\"true\" focusable=\"false\"><path d=\"M6.7 14.7c-.2-.2-.3-.4-.3-.7s.1-.5.3-.7l4.6-4.6c.1-.1.2-.2.3-.2.1 0 .2-.1.4-.1.1 0 .3 0 .4.1.1 0 .2.1.3.2l4.6 4.6c.2.2.3.4.3.7s-.1.5-.3.7c-.2.2-.4.3-.7.3s-.5-.1-.7-.3L12 10.8l-3.9 3.9c-.2.2-.4.3-.7.3s-.5-.1-.7-.3z\" fill=\"currentColor\" \/><\/svg><\/span>\n\t\t\t\t<\/button>\n\t\t\t<\/h2>\n\t\t\t<div class=\"t2-accordion-item__inner-container is-layout-flow\" id=\"accordion-panel-4\" aria-labelledby=\"forl\u00f8per-til-omsorg+\" role=\"region\" hidden>\n\t\t\t\t\n\n<p>Skovheim allsenter ble bygget i 1981, og er forl\u00f8per og inspirasjonskilde til Omsorg+ boliger som n\u00e5 bygges opp rundt i hele landet. Tanken bak Skovheim-modellen er at eldre skal kunne bo hjemme i egen bolig lenger, man skal kjenne seg trygg, bygge nye nettverk og ha gode, meningsfulle dager. Med n\u00e6rmere f\u00f8rti \u00e5rs fartstid har Skovheim lang erfaring og solide kunnskaper om hvordan man kan skape en trygg og meningsfull hverdag for den enkelte.<\/p>\n\n\n\t\t\t<\/div>\n\t\t<\/div>\n\n<div class=\"t2-accordion-item wp-block-t2-accordion-item\" role=\"listitem\">\n\t\t\t<h2 class=\"t2-accordion-title\">\n\t\t\t\t<button type=\"button\" class=\"t2-accordion-trigger\" id=\"bakgrunn\" aria-controls=\"accordion-panel-5\" aria-expanded=\"false\">\n\t\t\t\t\tBakgrunn\n\t\t\t\t\t<span class=\"t2-accordion-icon is-closed-icon\"><svg xmlns=\"http:\/\/www.w3.org\/2000\/svg\" viewBox=\"0 0 24 24\" height=\"24\" width=\"24\" class=\"t2-icon t2-icon-plus\" aria-hidden=\"true\" focusable=\"false\"><path d=\"M11.8 5.037a1.088 1.088 0 0 0-.722.566c-.075.148-.078.25-.078 2.772v2.619l-2.61.016c-1.867.012-2.652.03-2.756.064-.168.055-.438.301-.54.494-.049.092-.07.223-.07.432 0 .34.054.476.282.704.289.289.14.275 3.064.288l2.63.012v2.619c0 2.544.002 2.625.08 2.778.191.372.516.577.92.577s.729-.205.92-.577c.078-.153.08-.234.08-2.778v-2.619l2.63-.012c2.924-.013 2.775.001 3.064-.288.228-.228.282-.364.282-.704 0-.209-.021-.34-.07-.432-.102-.193-.372-.439-.54-.494-.104-.034-.889-.052-2.756-.064L13 10.994V8.375c0-2.522-.003-2.624-.078-2.772-.214-.418-.685-.656-1.122-.566\"\/><\/svg><\/span>\n\t\t\t\t\t<span class=\"t2-accordion-icon is-open-icon\"><svg xmlns=\"http:\/\/www.w3.org\/2000\/svg\" viewBox=\"0 0 24 24\" height=\"24\" width=\"24\" class=\"t2-icon t2-icon-chevronup\" aria-hidden=\"true\" focusable=\"false\"><path d=\"M6.7 14.7c-.2-.2-.3-.4-.3-.7s.1-.5.3-.7l4.6-4.6c.1-.1.2-.2.3-.2.1 0 .2-.1.4-.1.1 0 .3 0 .4.1.1 0 .2.1.3.2l4.6 4.6c.2.2.3.4.3.7s-.1.5-.3.7c-.2.2-.4.3-.7.3s-.5-.1-.7-.3L12 10.8l-3.9 3.9c-.2.2-.4.3-.7.3s-.5-.1-.7-.3z\" fill=\"currentColor\" \/><\/svg><\/span>\n\t\t\t\t<\/button>\n\t\t\t<\/h2>\n\t\t\t<div class=\"t2-accordion-item__inner-container is-layout-flow\" id=\"accordion-panel-5\" aria-labelledby=\"bakgrunn\" role=\"region\" hidden>\n\t\t\t\t\n\n<p>Skovheimeiendommen og -omr\u00e5det ble i sin tid gitt som en gave fra familien Scheibler, og hadde som form\u00e5l \u00e5 v\u00e6re et hjem for \u00e5 hjelpe vanskeligstilte piker i utdannelse. M\u00e5ten omr\u00e5det er bygget opp p\u00e5 er unikt, og gir sv\u00e6rt gode muligheter for treffpunkter og utvikling av sosiale nettverk p\u00e5 tvers av generasjoner. Og det er jo ogs\u00e5 m\u00e5let for alle disse m\u00f8teplassene: At vi i fellesskap kan skape et boomr\u00e5de der mennesker med ulik alder og ulik livserfaring skal leve, fungere og skape glede sammen.<\/p>\n\n\n\t\t\t<\/div>\n\t\t<\/div>\n<\/div>\n\n\t<div class=\"alignfull is-style-default wp-block-kbm-logos\">\n\t\t<div class=\"kbm-logos__inner\">\n\t\t\t\t\t\t\t<h2 class=\"kbm-logos__title\">V\u00e5re st\u00f8ttespillere<\/h2>\n\t\t\t\t\t\t\n\n<figure class=\"wp-block-gallery has-nested-images columns-1 wp-block-gallery-1 is-layout-flex wp-block-gallery-is-layout-flex\">\n<figure class=\"wp-block-image size-large\"><a href=\"https:\/\/obos.no\" target=\"_blank\" rel=\"noreferrer noopener\"><img loading=\"lazy\" decoding=\"async\" width=\"1024\" height=\"576\" data-id=\"150\" src=\"https:\/\/kirkensbymisjon.no\/content\/uploads\/sites\/39\/2024\/09\/logo_obos-1024x576.png\" alt=\"\" class=\"wp-image-150\" srcset=\"https:\/\/kirkensbymisjon.no\/content\/uploads\/sites\/39\/2024\/09\/logo_obos-1024x576.png 1024w, https:\/\/kirkensbymisjon.no\/content\/uploads\/sites\/39\/2024\/09\/logo_obos-300x169.png 300w, https:\/\/kirkensbymisjon.no\/content\/uploads\/sites\/39\/2024\/09\/logo_obos-768x432.png 768w, https:\/\/kirkensbymisjon.no\/content\/uploads\/sites\/39\/2024\/09\/logo_obos-1536x864.png 1536w, https:\/\/kirkensbymisjon.no\/content\/uploads\/sites\/39\/2024\/09\/logo_obos.png 1600w\" sizes=\"auto, (max-width: 1024px) 100vw, 1024px\" \/><\/a><\/figure>\n\n\n\n<figure class=\"wp-block-image size-large\"><a href=\"https:\/\/scheibler.no\/\" target=\"_blank\" rel=\"noreferrer noopener\"><img loading=\"lazy\" decoding=\"async\" width=\"432\" height=\"120\" data-id=\"149\" src=\"https:\/\/kirkensbymisjon.no\/content\/uploads\/sites\/39\/2024\/09\/logo_-StiftelsenScheibler.png\" alt=\"\" class=\"wp-image-149\" srcset=\"https:\/\/kirkensbymisjon.no\/content\/uploads\/sites\/39\/2024\/09\/logo_-StiftelsenScheibler.png 432w, https:\/\/kirkensbymisjon.no\/content\/uploads\/sites\/39\/2024\/09\/logo_-StiftelsenScheibler-300x83.png 300w\" sizes=\"auto, (max-width: 432px) 100vw, 432px\" \/><\/a><\/figure>\n<\/figure>\n\n\t\t<\/div>\n\t<\/div>\n\t","protected":false},"excerpt":{"rendered":"<p>Skovheim allsenter ligger sentralt til p\u00e5 Nordstrand, mellom S\u00e6ter og Kastellet. M\u00e5lsetningen for Skovheimomr\u00e5det er&hellip;<\/p>\n","protected":false},"author":6,"featured_media":0,"parent":0,"menu_order":0,"comment_status":"closed","ping_status":"closed","template":"","meta":{"_relevanssi_hide_post":"","_relevanssi_hide_content":"","_relevanssi_pin_for_all":"","_relevanssi_pin_keywords":"","_relevanssi_unpin_keywords":"","_relevanssi_related_keywords":"","_relevanssi_related_include_ids":"","_relevanssi_related_exclude_ids":"","_relevanssi_related_no_append":"","_relevanssi_related_not_related":"","_relevanssi_related_posts":"1","_relevanssi_noindex_reason":"","editor_notices":[],"footnotes":""},"class_list":["post-8","page","type-page","status-publish","hentry"],"yoast_head":"<!-- This site is optimized with the Yoast SEO Premium plugin v27.2 (Yoast SEO v27.2) - https:\/\/yoast.com\/product\/yoast-seo-premium-wordpress\/ -->\n<title>Om allsenteret - Skovheim allsenter<\/title>\n<meta name=\"robots\" content=\"index, follow, max-snippet:-1, max-image-preview:large, max-video-preview:-1\" \/>\n<link rel=\"canonical\" href=\"https:\/\/kirkensbymisjon.no\/tilbud-skovheim-allsenter\/om-allsenteret\/\" \/>\n<meta property=\"og:locale\" content=\"nb_NO\" \/>\n<meta property=\"og:type\" content=\"article\" \/>\n<meta property=\"og:title\" content=\"Om allsenteret\" \/>\n<meta property=\"og:description\" content=\"Skovheim allsenter ligger sentralt til p\u00e5 Nordstrand, mellom S\u00e6ter og Kastellet. M\u00e5lsetningen for Skovheimomr\u00e5det er&hellip;\" \/>\n<meta property=\"og:url\" content=\"https:\/\/kirkensbymisjon.no\/tilbud-skovheim-allsenter\/om-allsenteret\/\" \/>\n<meta property=\"og:site_name\" content=\"Skovheim allsenter\" \/>\n<meta property=\"article:modified_time\" content=\"2024-10-23T11:13:41+00:00\" \/>\n<meta property=\"og:image\" content=\"https:\/\/kirkensbymisjon.no\/content\/uploads\/sites\/39\/2024\/08\/tilbud_skovheim-allsenter_03.jpg\" \/>\n<meta name=\"twitter:card\" content=\"summary_large_image\" \/>\n<meta name=\"twitter:label1\" content=\"Ansl. lesetid\" \/>\n\t<meta name=\"twitter:data1\" content=\"3 minutter\" \/>\n<script type=\"application\/ld+json\" class=\"yoast-schema-graph\">{\"@context\":\"https:\/\/schema.org\",\"@graph\":[{\"@type\":\"WebPage\",\"@id\":\"https:\/\/kirkensbymisjon.no\/tilbud-skovheim-allsenter\/om-allsenteret\/\",\"url\":\"https:\/\/kirkensbymisjon.no\/tilbud-skovheim-allsenter\/om-allsenteret\/\",\"name\":\"Om allsenteret - Skovheim allsenter\",\"isPartOf\":{\"@id\":\"https:\/\/kirkensbymisjon.no\/tilbud-skovheim-allsenter\/#website\"},\"primaryImageOfPage\":{\"@id\":\"https:\/\/kirkensbymisjon.no\/tilbud-skovheim-allsenter\/om-allsenteret\/#primaryimage\"},\"image\":{\"@id\":\"https:\/\/kirkensbymisjon.no\/tilbud-skovheim-allsenter\/om-allsenteret\/#primaryimage\"},\"thumbnailUrl\":\"https:\/\/kirkensbymisjon.no\/content\/uploads\/sites\/39\/2024\/08\/tilbud_skovheim-allsenter_03.jpg\",\"datePublished\":\"2024-07-24T10:42:33+00:00\",\"dateModified\":\"2024-10-23T11:13:41+00:00\",\"breadcrumb\":{\"@id\":\"https:\/\/kirkensbymisjon.no\/tilbud-skovheim-allsenter\/om-allsenteret\/#breadcrumb\"},\"inLanguage\":\"nb-NO\",\"potentialAction\":[{\"@type\":\"ReadAction\",\"target\":[\"https:\/\/kirkensbymisjon.no\/tilbud-skovheim-allsenter\/om-allsenteret\/\"]}]},{\"@type\":\"ImageObject\",\"inLanguage\":\"nb-NO\",\"@id\":\"https:\/\/kirkensbymisjon.no\/tilbud-skovheim-allsenter\/om-allsenteret\/#primaryimage\",\"url\":\"https:\/\/kirkensbymisjon.no\/content\/uploads\/sites\/39\/2024\/08\/tilbud_skovheim-allsenter_03.jpg\",\"contentUrl\":\"https:\/\/kirkensbymisjon.no\/content\/uploads\/sites\/39\/2024\/08\/tilbud_skovheim-allsenter_03.jpg\"},{\"@type\":\"BreadcrumbList\",\"@id\":\"https:\/\/kirkensbymisjon.no\/tilbud-skovheim-allsenter\/om-allsenteret\/#breadcrumb\",\"itemListElement\":[{\"@type\":\"ListItem\",\"position\":1,\"name\":\"Hjem\",\"item\":\"https:\/\/kirkensbymisjon.no\/tilbud-skovheim-allsenter\/\"},{\"@type\":\"ListItem\",\"position\":2,\"name\":\"Om allsenteret\"}]},{\"@type\":\"WebSite\",\"@id\":\"https:\/\/kirkensbymisjon.no\/tilbud-skovheim-allsenter\/#website\",\"url\":\"https:\/\/kirkensbymisjon.no\/tilbud-skovheim-allsenter\/\",\"name\":\"Skovheim allsenter\",\"description\":\"\",\"potentialAction\":[{\"@type\":\"SearchAction\",\"target\":{\"@type\":\"EntryPoint\",\"urlTemplate\":\"https:\/\/kirkensbymisjon.no\/tilbud-skovheim-allsenter\/?s={search_term_string}\"},\"query-input\":{\"@type\":\"PropertyValueSpecification\",\"valueRequired\":true,\"valueName\":\"search_term_string\"}}],\"inLanguage\":\"nb-NO\"}]}<\/script>\n<!-- \/ Yoast SEO Premium plugin. -->","yoast_head_json":{"title":"Om allsenteret - Skovheim allsenter","robots":{"index":"index","follow":"follow","max-snippet":"max-snippet:-1","max-image-preview":"max-image-preview:large","max-video-preview":"max-video-preview:-1"},"canonical":"https:\/\/kirkensbymisjon.no\/tilbud-skovheim-allsenter\/om-allsenteret\/","og_locale":"nb_NO","og_type":"article","og_title":"Om allsenteret","og_description":"Skovheim allsenter ligger sentralt til p\u00e5 Nordstrand, mellom S\u00e6ter og Kastellet. M\u00e5lsetningen for Skovheimomr\u00e5det er&hellip;","og_url":"https:\/\/kirkensbymisjon.no\/tilbud-skovheim-allsenter\/om-allsenteret\/","og_site_name":"Skovheim allsenter","article_modified_time":"2024-10-23T11:13:41+00:00","og_image":[{"url":"https:\/\/kirkensbymisjon.no\/content\/uploads\/sites\/39\/2024\/08\/tilbud_skovheim-allsenter_03.jpg","type":"","width":"","height":""}],"twitter_card":"summary_large_image","twitter_misc":{"Ansl. lesetid":"3 minutter"},"schema":{"@context":"https:\/\/schema.org","@graph":[{"@type":"WebPage","@id":"https:\/\/kirkensbymisjon.no\/tilbud-skovheim-allsenter\/om-allsenteret\/","url":"https:\/\/kirkensbymisjon.no\/tilbud-skovheim-allsenter\/om-allsenteret\/","name":"Om allsenteret - Skovheim allsenter","isPartOf":{"@id":"https:\/\/kirkensbymisjon.no\/tilbud-skovheim-allsenter\/#website"},"primaryImageOfPage":{"@id":"https:\/\/kirkensbymisjon.no\/tilbud-skovheim-allsenter\/om-allsenteret\/#primaryimage"},"image":{"@id":"https:\/\/kirkensbymisjon.no\/tilbud-skovheim-allsenter\/om-allsenteret\/#primaryimage"},"thumbnailUrl":"https:\/\/kirkensbymisjon.no\/content\/uploads\/sites\/39\/2024\/08\/tilbud_skovheim-allsenter_03.jpg","datePublished":"2024-07-24T10:42:33+00:00","dateModified":"2024-10-23T11:13:41+00:00","breadcrumb":{"@id":"https:\/\/kirkensbymisjon.no\/tilbud-skovheim-allsenter\/om-allsenteret\/#breadcrumb"},"inLanguage":"nb-NO","potentialAction":[{"@type":"ReadAction","target":["https:\/\/kirkensbymisjon.no\/tilbud-skovheim-allsenter\/om-allsenteret\/"]}]},{"@type":"ImageObject","inLanguage":"nb-NO","@id":"https:\/\/kirkensbymisjon.no\/tilbud-skovheim-allsenter\/om-allsenteret\/#primaryimage","url":"https:\/\/kirkensbymisjon.no\/content\/uploads\/sites\/39\/2024\/08\/tilbud_skovheim-allsenter_03.jpg","contentUrl":"https:\/\/kirkensbymisjon.no\/content\/uploads\/sites\/39\/2024\/08\/tilbud_skovheim-allsenter_03.jpg"},{"@type":"BreadcrumbList","@id":"https:\/\/kirkensbymisjon.no\/tilbud-skovheim-allsenter\/om-allsenteret\/#breadcrumb","itemListElement":[{"@type":"ListItem","position":1,"name":"Hjem","item":"https:\/\/kirkensbymisjon.no\/tilbud-skovheim-allsenter\/"},{"@type":"ListItem","position":2,"name":"Om allsenteret"}]},{"@type":"WebSite","@id":"https:\/\/kirkensbymisjon.no\/tilbud-skovheim-allsenter\/#website","url":"https:\/\/kirkensbymisjon.no\/tilbud-skovheim-allsenter\/","name":"Skovheim allsenter","description":"","potentialAction":[{"@type":"SearchAction","target":{"@type":"EntryPoint","urlTemplate":"https:\/\/kirkensbymisjon.no\/tilbud-skovheim-allsenter\/?s={search_term_string}"},"query-input":{"@type":"PropertyValueSpecification","valueRequired":true,"valueName":"search_term_string"}}],"inLanguage":"nb-NO"}]}},"_links":{"self":[{"href":"https:\/\/kirkensbymisjon.no\/tilbud-skovheim-allsenter\/wp-json\/wp\/v2\/pages\/8","targetHints":{"allow":["GET"]}}],"collection":[{"href":"https:\/\/kirkensbymisjon.no\/tilbud-skovheim-allsenter\/wp-json\/wp\/v2\/pages"}],"about":[{"href":"https:\/\/kirkensbymisjon.no\/tilbud-skovheim-allsenter\/wp-json\/wp\/v2\/types\/page"}],"author":[{"embeddable":true,"href":"https:\/\/kirkensbymisjon.no\/tilbud-skovheim-allsenter\/wp-json\/wp\/v2\/users\/6"}],"replies":[{"embeddable":true,"href":"https:\/\/kirkensbymisjon.no\/tilbud-skovheim-allsenter\/wp-json\/wp\/v2\/comments?post=8"}],"version-history":[{"count":5,"href":"https:\/\/kirkensbymisjon.no\/tilbud-skovheim-allsenter\/wp-json\/wp\/v2\/pages\/8\/revisions"}],"predecessor-version":[{"id":177,"href":"https:\/\/kirkensbymisjon.no\/tilbud-skovheim-allsenter\/wp-json\/wp\/v2\/pages\/8\/revisions\/177"}],"wp:attachment":[{"href":"https:\/\/kirkensbymisjon.no\/tilbud-skovheim-allsenter\/wp-json\/wp\/v2\/media?parent=8"}],"curies":[{"name":"wp","href":"https:\/\/api.w.org\/{rel}","templated":true}]}}