{"id":3,"date":"2024-06-18T13:16:31","date_gmt":"2024-06-18T11:16:31","guid":{"rendered":"https:\/\/kirkensbymisjon.no\/tilbud-sporet\/forside\/"},"modified":"2025-03-07T11:33:27","modified_gmt":"2025-03-07T10:33:27","slug":"forside","status":"publish","type":"page","link":"https:\/\/kirkensbymisjon.no\/tilbud-sporet\/","title":{"rendered":"Forside"},"content":{"rendered":"\n<div class=\"wp-block-media-text alignwide is-stacked-on-mobile is-style-filled\"><figure class=\"wp-block-media-text__media\"><img loading=\"lazy\" decoding=\"async\" width=\"1024\" height=\"687\" src=\"https:\/\/kirkensbymisjon.no\/content\/uploads\/sites\/40\/2024\/08\/tilbud_sporet_02-1024x687.jpg\" alt=\"Frivillig i samtale med en person p\u00e5 Oslo S. \" class=\"wp-image-32 size-full\" srcset=\"https:\/\/kirkensbymisjon.no\/content\/uploads\/sites\/40\/2024\/08\/tilbud_sporet_02-1024x687.jpg 1024w, https:\/\/kirkensbymisjon.no\/content\/uploads\/sites\/40\/2024\/08\/tilbud_sporet_02-300x201.jpg 300w, https:\/\/kirkensbymisjon.no\/content\/uploads\/sites\/40\/2024\/08\/tilbud_sporet_02-768x515.jpg 768w, https:\/\/kirkensbymisjon.no\/content\/uploads\/sites\/40\/2024\/08\/tilbud_sporet_02.jpg 1474w\" sizes=\"auto, (max-width: 1024px) 100vw, 1024px\" \/><\/figure><div class=\"wp-block-media-text__content\">\n<h2 class=\"wp-block-heading\" id=\"h-trivsel-trygghet-og-helse-for-alle-som-ferdes-pa-oslo-s-og-lillestrom-stasjon\">Trivsel, trygghet og helse for alle som ferdes p\u00e5 Oslo S og Lillestr\u00f8m stasjon<\/h2>\n\n\n\n<p>Med Sporet vil vi v\u00e6re synlige og tilstede for alle som \u00f8nsker det p\u00e5 Oslo S og Lillestr\u00f8m stasjon. Sporet tilbyr r\u00e5d og veiledning, f\u00f8lge til \u00f8vrig hjelpeapparat m.m.<\/p>\n<\/div><\/div>\n\n\n<div class=\"t2-accordion wp-block-t2-accordion\" data-allow-multiple=\"1\" role=\"list\">\n<div class=\"t2-accordion-item wp-block-t2-accordion-item\" role=\"listitem\">\n\t\t\t<h2 class=\"t2-accordion-title\">\n\t\t\t\t<button type=\"button\" class=\"t2-accordion-trigger\" id=\"&lt;strong&gt;hva-er-sporet?&lt;\/strong&gt;\" aria-controls=\"accordion-panel\" aria-expanded=\"false\">\n\t\t\t\t\tHva er Sporet?\n\t\t\t\t\t<span class=\"t2-accordion-icon is-closed-icon\"><svg xmlns=\"http:\/\/www.w3.org\/2000\/svg\" viewBox=\"0 0 24 24\" height=\"24\" width=\"24\" class=\"t2-icon t2-icon-plus\" aria-hidden=\"true\" focusable=\"false\"><path d=\"M11.8 5.037a1.088 1.088 0 0 0-.722.566c-.075.148-.078.25-.078 2.772v2.619l-2.61.016c-1.867.012-2.652.03-2.756.064-.168.055-.438.301-.54.494-.049.092-.07.223-.07.432 0 .34.054.476.282.704.289.289.14.275 3.064.288l2.63.012v2.619c0 2.544.002 2.625.08 2.778.191.372.516.577.92.577s.729-.205.92-.577c.078-.153.08-.234.08-2.778v-2.619l2.63-.012c2.924-.013 2.775.001 3.064-.288.228-.228.282-.364.282-.704 0-.209-.021-.34-.07-.432-.102-.193-.372-.439-.54-.494-.104-.034-.889-.052-2.756-.064L13 10.994V8.375c0-2.522-.003-2.624-.078-2.772-.214-.418-.685-.656-1.122-.566\"\/><\/svg><\/span>\n\t\t\t\t\t<span class=\"t2-accordion-icon is-open-icon\"><svg xmlns=\"http:\/\/www.w3.org\/2000\/svg\" viewBox=\"0 0 24 24\" height=\"24\" width=\"24\" class=\"t2-icon t2-icon-chevronup\" aria-hidden=\"true\" focusable=\"false\"><path d=\"M6.7 14.7c-.2-.2-.3-.4-.3-.7s.1-.5.3-.7l4.6-4.6c.1-.1.2-.2.3-.2.1 0 .2-.1.4-.1.1 0 .3 0 .4.1.1 0 .2.1.3.2l4.6 4.6c.2.2.3.4.3.7s-.1.5-.3.7c-.2.2-.4.3-.7.3s-.5-.1-.7-.3L12 10.8l-3.9 3.9c-.2.2-.4.3-.7.3s-.5-.1-.7-.3z\" fill=\"currentColor\" \/><\/svg><\/span>\n\t\t\t\t<\/button>\n\t\t\t<\/h2>\n\t\t\t<div class=\"t2-accordion-item__inner-container is-layout-flow\" id=\"accordion-panel\" aria-labelledby=\"&lt;strong&gt;hva-er-sporet?&lt;\/strong&gt;\" role=\"region\" hidden>\n\t\t\t\t\n\n<p>Sporet er et samarbeid mellom Kirkens Bymisjon og Bane Nor Eiendom, og med v\u00e5r tilstedev\u00e6relse p\u00e5 Oslo S skal Sporet fremme trivsel, trygghet og helse.<\/p>\n\n\n\n<p>Sporet holder til i annen etasje p\u00e5 Oslo S. Vi tar imot folk i v\u00e5re lokaler, og g\u00e5r ogs\u00e5 opps\u00f8kende p\u00e5 stasjonen.<\/p>\n\n\n\n<p>I 2024 \u00e5pnet vi ogs\u00e5 et <a href=\"https:\/\/kirkensbymisjon.no\/pa-lillestrom-stasjon-for-a-skape-trygghet\/\">pilotprosjekt<\/a> p\u00e5 Lillestr\u00f8m stasjon, med tilstedev\u00e6relse fredag og l\u00f8rdag kveld. <\/p>\n\n\n\t\t\t<\/div>\n\t\t<\/div>\n\n<div class=\"t2-accordion-item wp-block-t2-accordion-item\" role=\"listitem\">\n\t\t\t<h2 class=\"t2-accordion-title\">\n\t\t\t\t<button type=\"button\" class=\"t2-accordion-trigger\" id=\"&lt;strong&gt;hva-tilbyr-vi?&lt;\/strong&gt;\" aria-controls=\"accordion-panel-1\" aria-expanded=\"false\">\n\t\t\t\t\tHva tilbyr vi?\n\t\t\t\t\t<span class=\"t2-accordion-icon is-closed-icon\"><svg xmlns=\"http:\/\/www.w3.org\/2000\/svg\" viewBox=\"0 0 24 24\" height=\"24\" width=\"24\" class=\"t2-icon t2-icon-plus\" aria-hidden=\"true\" focusable=\"false\"><path d=\"M11.8 5.037a1.088 1.088 0 0 0-.722.566c-.075.148-.078.25-.078 2.772v2.619l-2.61.016c-1.867.012-2.652.03-2.756.064-.168.055-.438.301-.54.494-.049.092-.07.223-.07.432 0 .34.054.476.282.704.289.289.14.275 3.064.288l2.63.012v2.619c0 2.544.002 2.625.08 2.778.191.372.516.577.92.577s.729-.205.92-.577c.078-.153.08-.234.08-2.778v-2.619l2.63-.012c2.924-.013 2.775.001 3.064-.288.228-.228.282-.364.282-.704 0-.209-.021-.34-.07-.432-.102-.193-.372-.439-.54-.494-.104-.034-.889-.052-2.756-.064L13 10.994V8.375c0-2.522-.003-2.624-.078-2.772-.214-.418-.685-.656-1.122-.566\"\/><\/svg><\/span>\n\t\t\t\t\t<span class=\"t2-accordion-icon is-open-icon\"><svg xmlns=\"http:\/\/www.w3.org\/2000\/svg\" viewBox=\"0 0 24 24\" height=\"24\" width=\"24\" class=\"t2-icon t2-icon-chevronup\" aria-hidden=\"true\" focusable=\"false\"><path d=\"M6.7 14.7c-.2-.2-.3-.4-.3-.7s.1-.5.3-.7l4.6-4.6c.1-.1.2-.2.3-.2.1 0 .2-.1.4-.1.1 0 .3 0 .4.1.1 0 .2.1.3.2l4.6 4.6c.2.2.3.4.3.7s-.1.5-.3.7c-.2.2-.4.3-.7.3s-.5-.1-.7-.3L12 10.8l-3.9 3.9c-.2.2-.4.3-.7.3s-.5-.1-.7-.3z\" fill=\"currentColor\" \/><\/svg><\/span>\n\t\t\t\t<\/button>\n\t\t\t<\/h2>\n\t\t\t<div class=\"t2-accordion-item__inner-container is-layout-flow\" id=\"accordion-panel-1\" aria-labelledby=\"&lt;strong&gt;hva-tilbyr-vi?&lt;\/strong&gt;\" role=\"region\" hidden>\n\t\t\t\t\n\n<p>Vi tilbyr r\u00e5d og veiledning, stille rom og samtale for de som \u00f8nsker det. <\/p>\n\n\n\n<p>Vi henviser og f\u00f8lger videre til b.la. annet legevakt, NAV, andre tilbud i Kirkens Bymisjon, Uteseksjonen og andre tjenester.<\/p>\n\n\n\n<p>Det er lystenning p\u00e5 Sporet Oslo S torsdager i partallsuker kl. 12.00.<\/p>\n\n\n\t\t\t<\/div>\n\t\t<\/div>\n\n<div class=\"t2-accordion-item wp-block-t2-accordion-item\" role=\"listitem\">\n\t\t\t<h2 class=\"t2-accordion-title\">\n\t\t\t\t<button type=\"button\" class=\"t2-accordion-trigger\" id=\"&lt;strong&gt;hvem-m\u00f8ter-vi-p\u00e5-oslo-s?&lt;\/strong&gt;\" aria-controls=\"accordion-panel-2\" aria-expanded=\"false\">\n\t\t\t\t\tHvem m\u00f8ter vi p\u00e5 Oslo S?\n\t\t\t\t\t<span class=\"t2-accordion-icon is-closed-icon\"><svg xmlns=\"http:\/\/www.w3.org\/2000\/svg\" viewBox=\"0 0 24 24\" height=\"24\" width=\"24\" class=\"t2-icon t2-icon-plus\" aria-hidden=\"true\" focusable=\"false\"><path d=\"M11.8 5.037a1.088 1.088 0 0 0-.722.566c-.075.148-.078.25-.078 2.772v2.619l-2.61.016c-1.867.012-2.652.03-2.756.064-.168.055-.438.301-.54.494-.049.092-.07.223-.07.432 0 .34.054.476.282.704.289.289.14.275 3.064.288l2.63.012v2.619c0 2.544.002 2.625.08 2.778.191.372.516.577.92.577s.729-.205.92-.577c.078-.153.08-.234.08-2.778v-2.619l2.63-.012c2.924-.013 2.775.001 3.064-.288.228-.228.282-.364.282-.704 0-.209-.021-.34-.07-.432-.102-.193-.372-.439-.54-.494-.104-.034-.889-.052-2.756-.064L13 10.994V8.375c0-2.522-.003-2.624-.078-2.772-.214-.418-.685-.656-1.122-.566\"\/><\/svg><\/span>\n\t\t\t\t\t<span class=\"t2-accordion-icon is-open-icon\"><svg xmlns=\"http:\/\/www.w3.org\/2000\/svg\" viewBox=\"0 0 24 24\" height=\"24\" width=\"24\" class=\"t2-icon t2-icon-chevronup\" aria-hidden=\"true\" focusable=\"false\"><path d=\"M6.7 14.7c-.2-.2-.3-.4-.3-.7s.1-.5.3-.7l4.6-4.6c.1-.1.2-.2.3-.2.1 0 .2-.1.4-.1.1 0 .3 0 .4.1.1 0 .2.1.3.2l4.6 4.6c.2.2.3.4.3.7s-.1.5-.3.7c-.2.2-.4.3-.7.3s-.5-.1-.7-.3L12 10.8l-3.9 3.9c-.2.2-.4.3-.7.3s-.5-.1-.7-.3z\" fill=\"currentColor\" \/><\/svg><\/span>\n\t\t\t\t<\/button>\n\t\t\t<\/h2>\n\t\t\t<div class=\"t2-accordion-item__inner-container is-layout-flow\" id=\"accordion-panel-2\" aria-labelledby=\"&lt;strong&gt;hvem-m\u00f8ter-vi-p\u00e5-oslo-s?&lt;\/strong&gt;\" role=\"region\" hidden>\n\t\t\t\t\n\n<p>Oslo Sentralstasjon er landets travleste knutepunkt. I vrimmelen av mennesker finnes ogs\u00e5 mennesker med rusrelaterte utfordringer, d\u00e5rlig psykisk helse, ensomhet, bostedsl\u00f8se og personer med demens. <\/p>\n\n\n\n<p>Her er unge som opplever m\u00f8tet med storbyen spennende, men ogs\u00e5 utrygt og skremmende. Vi m\u00f8ter mennesker som opplever st\u00f8rre og mindre livskriser, noen ganger kan en samtale v\u00e6re det som skal til.<\/p>\n\n\n\t\t\t<\/div>\n\t\t<\/div>\n\n<div class=\"t2-accordion-item wp-block-t2-accordion-item\" role=\"listitem\">\n\t\t\t<h2 class=\"t2-accordion-title\">\n\t\t\t\t<button type=\"button\" class=\"t2-accordion-trigger\" id=\"er-du-nysgjerrig-p\u00e5-\u00e5-bli-en-av-v\u00e5re-viktige-frivillige?\" aria-controls=\"accordion-panel-3\" aria-expanded=\"false\">\n\t\t\t\t\tEr du nysgjerrig p\u00e5 \u00e5 bli en av v\u00e5re viktige frivillige?\n\t\t\t\t\t<span class=\"t2-accordion-icon is-closed-icon\"><svg xmlns=\"http:\/\/www.w3.org\/2000\/svg\" viewBox=\"0 0 24 24\" height=\"24\" width=\"24\" class=\"t2-icon t2-icon-plus\" aria-hidden=\"true\" focusable=\"false\"><path d=\"M11.8 5.037a1.088 1.088 0 0 0-.722.566c-.075.148-.078.25-.078 2.772v2.619l-2.61.016c-1.867.012-2.652.03-2.756.064-.168.055-.438.301-.54.494-.049.092-.07.223-.07.432 0 .34.054.476.282.704.289.289.14.275 3.064.288l2.63.012v2.619c0 2.544.002 2.625.08 2.778.191.372.516.577.92.577s.729-.205.92-.577c.078-.153.08-.234.08-2.778v-2.619l2.63-.012c2.924-.013 2.775.001 3.064-.288.228-.228.282-.364.282-.704 0-.209-.021-.34-.07-.432-.102-.193-.372-.439-.54-.494-.104-.034-.889-.052-2.756-.064L13 10.994V8.375c0-2.522-.003-2.624-.078-2.772-.214-.418-.685-.656-1.122-.566\"\/><\/svg><\/span>\n\t\t\t\t\t<span class=\"t2-accordion-icon is-open-icon\"><svg xmlns=\"http:\/\/www.w3.org\/2000\/svg\" viewBox=\"0 0 24 24\" height=\"24\" width=\"24\" class=\"t2-icon t2-icon-chevronup\" aria-hidden=\"true\" focusable=\"false\"><path d=\"M6.7 14.7c-.2-.2-.3-.4-.3-.7s.1-.5.3-.7l4.6-4.6c.1-.1.2-.2.3-.2.1 0 .2-.1.4-.1.1 0 .3 0 .4.1.1 0 .2.1.3.2l4.6 4.6c.2.2.3.4.3.7s-.1.5-.3.7c-.2.2-.4.3-.7.3s-.5-.1-.7-.3L12 10.8l-3.9 3.9c-.2.2-.4.3-.7.3s-.5-.1-.7-.3z\" fill=\"currentColor\" \/><\/svg><\/span>\n\t\t\t\t<\/button>\n\t\t\t<\/h2>\n\t\t\t<div class=\"t2-accordion-item__inner-container is-layout-flow\" id=\"accordion-panel-3\" aria-labelledby=\"er-du-nysgjerrig-p\u00e5-\u00e5-bli-en-av-v\u00e5re-viktige-frivillige?\" role=\"region\" hidden>\n\t\t\t\t\n\n<p>Vi trenger flere frivillige til v\u00e5r viktig innsats p\u00e5 Oslo S, og leter etter gode frivillige fra 20 \u00e5r og oppover.<\/p>\n\n\n\n<p>Er du god \u00e5 snakke med? Er du nysgjerrig p\u00e5 mennesker og kan m\u00f8te alle p\u00e5 Oslo S med respekt, rettferdighet og omsorg? Da trenger vi deg!<\/p>\n\n\n\n<p>Vi rekrutterer og kurser nye frivillige hver h\u00f8st og v\u00e5r.&nbsp;<a href=\"\/bli-frivillig\/\">S\u00f8k her<\/a>&nbsp;eller ta kontakt med oss.<\/p>\n\n\n\t\t\t<\/div>\n\t\t<\/div>\n<\/div>\n\n\n<div class=\"wp-block-media-text alignwide is-stacked-on-mobile is-style-filled\"><figure class=\"wp-block-media-text__media\"><img decoding=\"async\" src=\"https:\/\/kirkensbymisjon.no\/content\/uploads\/2024\/09\/Standard_Bli-frivillig_01-1024x751.jpg\" alt=\"Frivillige i samtale med gjest i kafeen. Foto: Kirkens Bymisjon\" class=\"wp-image-3078 size-full\"\/><\/figure><div class=\"wp-block-media-text__content\">\n<h2 class=\"wp-block-heading\" id=\"h-bli-frivillig-pa-sporet\"><strong>Bli frivillig p\u00e5 Sporet!<\/strong>\u00a0<\/h2>\n\n\n\n<p>Vi trenger deg som \u00f8nsker \u00e5 gj\u00f8re en frivillig innsats til nytte og glede for andre og deg selv. Gjennom frivillig engasjement kan du bruke din erfaring og kompetanse \u2013 eller l\u00e6re noe nytt.&nbsp;<\/p>\n\n\n\n<p><a href=\"https:\/\/kirkensbymisjon1.mobilise.no\/www2\/Forms\/ClerkForm\/Clerk.aspx?arr=9080651&amp;lang=NO\" target=\"_blank\" rel=\"noreferrer noopener\">Registrer deg som frivillig<\/a><\/p>\n<\/div><\/div>\n","protected":false},"excerpt":{"rendered":"<p>Trivsel, trygghet og helse for alle som ferdes p\u00e5 Oslo S og Lillestr\u00f8m stasjon Med&hellip;<\/p>\n","protected":false},"author":2,"featured_media":5,"parent":0,"menu_order":0,"comment_status":"closed","ping_status":"closed","template":"","meta":{"_relevanssi_hide_post":"","_relevanssi_hide_content":"","_relevanssi_pin_for_all":"","_relevanssi_pin_keywords":"","_relevanssi_unpin_keywords":"","_relevanssi_related_keywords":"","_relevanssi_related_include_ids":"","_relevanssi_related_exclude_ids":"","_relevanssi_related_no_append":"","_relevanssi_related_not_related":"","_relevanssi_related_posts":"1","_relevanssi_noindex_reason":"","editor_notices":[],"footnotes":""},"class_list":["post-3","page","type-page","status-publish","has-post-thumbnail","hentry"],"yoast_head":"<!-- This site is optimized with the Yoast SEO Premium plugin v27.2 (Yoast SEO v27.2) - https:\/\/yoast.com\/product\/yoast-seo-premium-wordpress\/ -->\n<title>Kirkens Bymisjon - Sporet<\/title>\n<meta name=\"description\" content=\"Opps\u00f8kende arbeid og tilstedev\u00e6relse p\u00e5 Oslo Sentralstasjon og Lillestr\u00f8m stasjon.\" \/>\n<meta name=\"robots\" content=\"index, follow, max-snippet:-1, max-image-preview:large, max-video-preview:-1\" \/>\n<link rel=\"canonical\" href=\"https:\/\/kirkensbymisjon.no\/tilbud-sporet\/\" \/>\n<meta property=\"og:locale\" content=\"nb_NO\" \/>\n<meta property=\"og:type\" content=\"article\" \/>\n<meta property=\"og:title\" content=\"Kirkens Bymisjon - Sporet\" \/>\n<meta property=\"og:description\" content=\"Opps\u00f8kende arbeid p\u00e5 Oslo S. Vi tilbyr r\u00e5d og veiledning, f\u00f8lge til \u00f8vrig hjelpeapparat, m.m.\" \/>\n<meta property=\"og:url\" content=\"https:\/\/kirkensbymisjon.no\/tilbud-sporet\/\" \/>\n<meta property=\"og:site_name\" content=\"Sporet\" \/>\n<meta property=\"article:modified_time\" content=\"2025-03-07T10:33:27+00:00\" \/>\n<meta property=\"og:image\" content=\"https:\/\/kirkensbymisjon.no\/content\/uploads\/sites\/40\/2024\/06\/Tilbud_Sporet_01.jpeg\" \/>\n\t<meta property=\"og:image:width\" content=\"1701\" \/>\n\t<meta property=\"og:image:height\" content=\"1214\" \/>\n\t<meta property=\"og:image:type\" content=\"image\/jpeg\" \/>\n<meta name=\"twitter:card\" content=\"summary_large_image\" \/>\n<meta name=\"twitter:title\" content=\"Forside\" \/>\n<meta name=\"twitter:label1\" content=\"Ansl. lesetid\" \/>\n\t<meta name=\"twitter:data1\" content=\"3 minutter\" \/>\n<script type=\"application\/ld+json\" class=\"yoast-schema-graph\">{\"@context\":\"https:\/\/schema.org\",\"@graph\":[{\"@type\":\"WebPage\",\"@id\":\"https:\/\/kirkensbymisjon.no\/tilbud-sporet\/\",\"url\":\"https:\/\/kirkensbymisjon.no\/tilbud-sporet\/\",\"name\":\"Kirkens Bymisjon - Sporet\",\"isPartOf\":{\"@id\":\"https:\/\/kirkensbymisjon.no\/tilbud-sporet\/#website\"},\"primaryImageOfPage\":{\"@id\":\"https:\/\/kirkensbymisjon.no\/tilbud-sporet\/#primaryimage\"},\"image\":{\"@id\":\"https:\/\/kirkensbymisjon.no\/tilbud-sporet\/#primaryimage\"},\"thumbnailUrl\":\"https:\/\/kirkensbymisjon.no\/content\/uploads\/sites\/40\/2024\/06\/Tilbud_Sporet_01.jpeg\",\"datePublished\":\"2024-06-18T11:16:31+00:00\",\"dateModified\":\"2025-03-07T10:33:27+00:00\",\"description\":\"Opps\u00f8kende arbeid og tilstedev\u00e6relse p\u00e5 Oslo Sentralstasjon og Lillestr\u00f8m stasjon.\",\"breadcrumb\":{\"@id\":\"https:\/\/kirkensbymisjon.no\/tilbud-sporet\/#breadcrumb\"},\"inLanguage\":\"nb-NO\",\"potentialAction\":[{\"@type\":\"ReadAction\",\"target\":[\"https:\/\/kirkensbymisjon.no\/tilbud-sporet\/\"]}]},{\"@type\":\"ImageObject\",\"inLanguage\":\"nb-NO\",\"@id\":\"https:\/\/kirkensbymisjon.no\/tilbud-sporet\/#primaryimage\",\"url\":\"https:\/\/kirkensbymisjon.no\/content\/uploads\/sites\/40\/2024\/06\/Tilbud_Sporet_01.jpeg\",\"contentUrl\":\"https:\/\/kirkensbymisjon.no\/content\/uploads\/sites\/40\/2024\/06\/Tilbud_Sporet_01.jpeg\",\"width\":1701,\"height\":1214,\"caption\":\"Frivillige p\u00e5 Oslo S\"},{\"@type\":\"BreadcrumbList\",\"@id\":\"https:\/\/kirkensbymisjon.no\/tilbud-sporet\/#breadcrumb\",\"itemListElement\":[{\"@type\":\"ListItem\",\"position\":1,\"name\":\"Hjem\",\"item\":\"https:\/\/kirkensbymisjon.no\/tilbud-sporet\/\"},{\"@type\":\"ListItem\",\"position\":2,\"name\":\"Forside\"}]},{\"@type\":\"WebSite\",\"@id\":\"https:\/\/kirkensbymisjon.no\/tilbud-sporet\/#website\",\"url\":\"https:\/\/kirkensbymisjon.no\/tilbud-sporet\/\",\"name\":\"Sporet\",\"description\":\"\",\"potentialAction\":[{\"@type\":\"SearchAction\",\"target\":{\"@type\":\"EntryPoint\",\"urlTemplate\":\"https:\/\/kirkensbymisjon.no\/tilbud-sporet\/?s={search_term_string}\"},\"query-input\":{\"@type\":\"PropertyValueSpecification\",\"valueRequired\":true,\"valueName\":\"search_term_string\"}}],\"inLanguage\":\"nb-NO\"}]}<\/script>\n<!-- \/ Yoast SEO Premium plugin. -->","yoast_head_json":{"title":"Kirkens Bymisjon - Sporet","description":"Opps\u00f8kende arbeid og tilstedev\u00e6relse p\u00e5 Oslo Sentralstasjon og Lillestr\u00f8m stasjon.","robots":{"index":"index","follow":"follow","max-snippet":"max-snippet:-1","max-image-preview":"max-image-preview:large","max-video-preview":"max-video-preview:-1"},"canonical":"https:\/\/kirkensbymisjon.no\/tilbud-sporet\/","og_locale":"nb_NO","og_type":"article","og_title":"Kirkens Bymisjon - Sporet","og_description":"Opps\u00f8kende arbeid p\u00e5 Oslo S. Vi tilbyr r\u00e5d og veiledning, f\u00f8lge til \u00f8vrig hjelpeapparat, m.m.","og_url":"https:\/\/kirkensbymisjon.no\/tilbud-sporet\/","og_site_name":"Sporet","article_modified_time":"2025-03-07T10:33:27+00:00","og_image":[{"width":1701,"height":1214,"url":"https:\/\/kirkensbymisjon.no\/content\/uploads\/sites\/40\/2024\/06\/Tilbud_Sporet_01.jpeg","type":"image\/jpeg"}],"twitter_card":"summary_large_image","twitter_title":"Forside","twitter_misc":{"Ansl. lesetid":"3 minutter"},"schema":{"@context":"https:\/\/schema.org","@graph":[{"@type":"WebPage","@id":"https:\/\/kirkensbymisjon.no\/tilbud-sporet\/","url":"https:\/\/kirkensbymisjon.no\/tilbud-sporet\/","name":"Kirkens Bymisjon - Sporet","isPartOf":{"@id":"https:\/\/kirkensbymisjon.no\/tilbud-sporet\/#website"},"primaryImageOfPage":{"@id":"https:\/\/kirkensbymisjon.no\/tilbud-sporet\/#primaryimage"},"image":{"@id":"https:\/\/kirkensbymisjon.no\/tilbud-sporet\/#primaryimage"},"thumbnailUrl":"https:\/\/kirkensbymisjon.no\/content\/uploads\/sites\/40\/2024\/06\/Tilbud_Sporet_01.jpeg","datePublished":"2024-06-18T11:16:31+00:00","dateModified":"2025-03-07T10:33:27+00:00","description":"Opps\u00f8kende arbeid og tilstedev\u00e6relse p\u00e5 Oslo Sentralstasjon og Lillestr\u00f8m stasjon.","breadcrumb":{"@id":"https:\/\/kirkensbymisjon.no\/tilbud-sporet\/#breadcrumb"},"inLanguage":"nb-NO","potentialAction":[{"@type":"ReadAction","target":["https:\/\/kirkensbymisjon.no\/tilbud-sporet\/"]}]},{"@type":"ImageObject","inLanguage":"nb-NO","@id":"https:\/\/kirkensbymisjon.no\/tilbud-sporet\/#primaryimage","url":"https:\/\/kirkensbymisjon.no\/content\/uploads\/sites\/40\/2024\/06\/Tilbud_Sporet_01.jpeg","contentUrl":"https:\/\/kirkensbymisjon.no\/content\/uploads\/sites\/40\/2024\/06\/Tilbud_Sporet_01.jpeg","width":1701,"height":1214,"caption":"Frivillige p\u00e5 Oslo S"},{"@type":"BreadcrumbList","@id":"https:\/\/kirkensbymisjon.no\/tilbud-sporet\/#breadcrumb","itemListElement":[{"@type":"ListItem","position":1,"name":"Hjem","item":"https:\/\/kirkensbymisjon.no\/tilbud-sporet\/"},{"@type":"ListItem","position":2,"name":"Forside"}]},{"@type":"WebSite","@id":"https:\/\/kirkensbymisjon.no\/tilbud-sporet\/#website","url":"https:\/\/kirkensbymisjon.no\/tilbud-sporet\/","name":"Sporet","description":"","potentialAction":[{"@type":"SearchAction","target":{"@type":"EntryPoint","urlTemplate":"https:\/\/kirkensbymisjon.no\/tilbud-sporet\/?s={search_term_string}"},"query-input":{"@type":"PropertyValueSpecification","valueRequired":true,"valueName":"search_term_string"}}],"inLanguage":"nb-NO"}]}},"_links":{"self":[{"href":"https:\/\/kirkensbymisjon.no\/tilbud-sporet\/wp-json\/wp\/v2\/pages\/3","targetHints":{"allow":["GET"]}}],"collection":[{"href":"https:\/\/kirkensbymisjon.no\/tilbud-sporet\/wp-json\/wp\/v2\/pages"}],"about":[{"href":"https:\/\/kirkensbymisjon.no\/tilbud-sporet\/wp-json\/wp\/v2\/types\/page"}],"author":[{"embeddable":true,"href":"https:\/\/kirkensbymisjon.no\/tilbud-sporet\/wp-json\/wp\/v2\/users\/2"}],"replies":[{"embeddable":true,"href":"https:\/\/kirkensbymisjon.no\/tilbud-sporet\/wp-json\/wp\/v2\/comments?post=3"}],"version-history":[{"count":5,"href":"https:\/\/kirkensbymisjon.no\/tilbud-sporet\/wp-json\/wp\/v2\/pages\/3\/revisions"}],"predecessor-version":[{"id":75,"href":"https:\/\/kirkensbymisjon.no\/tilbud-sporet\/wp-json\/wp\/v2\/pages\/3\/revisions\/75"}],"wp:featuredmedia":[{"embeddable":true,"href":"https:\/\/kirkensbymisjon.no\/tilbud-sporet\/wp-json\/wp\/v2\/media\/5"}],"wp:attachment":[{"href":"https:\/\/kirkensbymisjon.no\/tilbud-sporet\/wp-json\/wp\/v2\/media?parent=3"}],"curies":[{"name":"wp","href":"https:\/\/api.w.org\/{rel}","templated":true}]}}