{"id":3,"date":"2024-08-16T15:26:03","date_gmt":"2024-08-16T13:26:03","guid":{"rendered":"https:\/\/kirkensbymisjon.no\/tilbud-sprak-gjennom-arbeid\/forside\/"},"modified":"2024-11-07T11:08:03","modified_gmt":"2024-11-07T10:08:03","slug":"forside","status":"publish","type":"page","link":"https:\/\/kirkensbymisjon.no\/tilbud-sprak-gjennom-arbeid\/","title":{"rendered":"Forside"},"content":{"rendered":"\n<div class=\"wp-block-media-text alignwide is-stacked-on-mobile is-style-filled\"><figure class=\"wp-block-media-text__media\"><img loading=\"lazy\" decoding=\"async\" width=\"1000\" height=\"500\" src=\"https:\/\/kirkensbymisjon.no\/content\/uploads\/sites\/139\/2024\/08\/tilbud_sprak-arbeid_02.jpg\" alt=\"\" class=\"wp-image-8 size-full\" srcset=\"https:\/\/kirkensbymisjon.no\/content\/uploads\/sites\/139\/2024\/08\/tilbud_sprak-arbeid_02.jpg 1000w, https:\/\/kirkensbymisjon.no\/content\/uploads\/sites\/139\/2024\/08\/tilbud_sprak-arbeid_02-300x150.jpg 300w, https:\/\/kirkensbymisjon.no\/content\/uploads\/sites\/139\/2024\/08\/tilbud_sprak-arbeid_02-768x384.jpg 768w\" sizes=\"auto, (max-width: 1000px) 100vw, 1000px\" \/><\/figure><div class=\"wp-block-media-text__content\">\n<h2 class=\"wp-block-heading\" id=\"h-sprak-gjennom-arbeid\">Spr\u00e5k gjennom arbeid<\/h2>\n\n\n\n<p>Spr\u00e5k er n\u00f8kkelen til integrering og jobb. Et unikt og tilrettelagt tilbud for flyktninger og innvandrere med lavt spr\u00e5klig niv\u00e5 og manglende kartlagte arbeidsferdigheter.<\/p>\n<\/div><\/div>\n\n\n\t<div class=\"alignwide wp-block-kbm-link-list\">\n\t\t<div class=\"kbm-link-list__items\">\n\t\t\t\n<div class=\"wp-block-kbm-link-list-item\">\t<svg xmlns=\"http:\/\/www.w3.org\/2000\/svg\" viewBox=\"0 0 48 48\" height=\"24\" width=\"24\" class=\"t2-icon t2-icon-integrationmulticultural\" aria-hidden=\"true\" focusable=\"false\"><path d=\"M17.576 2.122c-1.569.297-2.843 1.076-3.532 2.158-.466.732-.614 1.3-.614 2.353 0 1.401.405 2.616 1.332 3.994.33.491.709 1.107.843 1.37.615 1.21.401 2.381-.634 3.467-.774.812-1.514 1.084-3.131 1.151-1.597.066-3.765-.142-7.64-.732-.44-.067-.899-.143-1.02-.169l-.22-.047.02 13.705L3 43.077l.64.096c6.849 1.034 9.181 1.086 10.625.24.476-.279 1.193-1.07 1.454-1.605.52-1.061.344-1.845-.802-3.577-1.162-1.756-1.494-2.707-1.491-4.271.001-1.048.17-1.681.643-2.413.557-.863 1.774-1.661 3.051-2.003.658-.175 2.624-.197 3.28-.036 1.667.41 3.024 1.637 3.409 3.081.143.539.14 1.895-.007 2.451-.17.647-.705 1.654-1.215 2.286-1.074 1.332-1.532 2.279-1.605 3.318-.138 1.966 1.17 3.072 3.757 3.176 1.227.05 2.476-.05 5.859-.466 1.406-.173 2.789-.314 3.072-.314h.514l-.047-.82c-.026-.451-.173-1.468-.328-2.26-.397-2.037-.475-2.674-.431-3.52.067-1.273.632-2.198 1.649-2.699.95-.468 2.066-.406 3.253.181.352.174.964.571 1.36.883 1.421 1.119 2.453 1.539 3.8 1.545 1.376.006 2.365-.39 3.196-1.279.828-.884 1.259-1.994 1.341-3.449.155-2.753-1.249-4.986-3.465-5.509-.418-.099-.775-.12-1.472-.086-1.433.069-2.477.443-3.891 1.394-1.411.948-2.208 1.229-3.013 1.062-.646-.134-1.177-.418-1.717-.919-.61-.564-.94-1.198-1.11-2.13-.229-1.257-.024-4.109.57-7.952.15-.966.256-1.773.236-1.793-.052-.052-1.965.126-3.793.353-3.637.451-5.67.548-6.742.321-.699-.148-1.51-.539-1.873-.901-.954-.955-.947-2.7.017-4.262.204-.33.525-.78.712-1 1.155-1.354 1.685-2.857 1.506-4.271-.137-1.089-.422-1.694-1.138-2.416a4.806 4.806 0 0 0-2.284-1.317c-.692-.181-2.181-.219-2.944-.074\"\/><\/svg>\t<div class=\"kbm-link-list-item__content\">\n\t\t<p class=\"kbm-link-list-item__title\">Individuell tilrettelegging<\/p>\n\t\t\t\t\t<p class=\"kbm-link-list-item__description\">Hver og en f\u00e5r muligheter til \u00e5 utvikle spr\u00e5ket i et raust og inkluderende milj\u00f8, med  rom for \u00e5 bryte spr\u00e5klige, sosiale, faglige og kulturelle barrierer.<\/p>\n\t\t\t<\/div>\n\t<\/div>\n\n<div class=\"wp-block-kbm-link-list-item\">\t<svg xmlns=\"http:\/\/www.w3.org\/2000\/svg\" viewBox=\"0 0 48 48\" height=\"24\" width=\"24\" class=\"t2-icon t2-icon-substanceabuse\" aria-hidden=\"true\" focusable=\"false\"><path d=\"M12.56 9.154c-1.341.298-2.645 1.02-3.574 1.979C7.697 12.465 7.02 14.139 7.02 16c0 1.434.389 2.738 1.147 3.847 1.839 2.689 5.013 3.786 8.045 2.781 2.343-.777 4.141-2.82 4.672-5.308.157-.736.12-2.2-.074-2.939-.374-1.42-.887-2.311-1.927-3.341-.989-.98-2.132-1.604-3.441-1.88-.683-.143-2.248-.147-2.882-.006m19.96.013c-.635.139-1.595.533-2.262.927-.582.343-1.821 1.582-2.164 2.164-.801 1.355-1.097 2.524-1.03 4.056.053 1.203.179 1.707.694 2.766a6.659 6.659 0 0 0 3.162 3.162c1.198.583 1.617.675 3.08.675s1.882-.092 3.08-.675a6.878 6.878 0 0 0 2.325-1.823c.5-.602 1.152-1.869 1.369-2.659.108-.395.143-.818.143-1.76 0-1.463-.092-1.882-.675-3.08a6.878 6.878 0 0 0-1.823-2.325c-.59-.49-1.865-1.151-2.619-1.357-.694-.191-2.555-.231-3.28-.071M8.438 28.079c-2.389.351-4.344 1.951-5.133 4.201l-.225.64-.024 3.02-.025 3.02h17.586l.048-1.06c.071-1.592.431-2.97 1.156-4.42.413-.828 1.123-1.894 1.7-2.553.219-.251.399-.497.399-.548 0-.149-.879-.956-1.44-1.322a7.39 7.39 0 0 0-1.133-.577c-1.197-.462-1.483-.481-7.257-.47-2.888.005-5.431.037-5.652.069m24.251.006c-1.748.203-3.4.813-4.929 1.82-.842.555-2.146 1.809-2.743 2.638-1.226 1.702-1.977 3.887-1.977 5.747v.67h21.92v-.67c0-1.861-.751-4.045-1.978-5.748-.523-.727-1.755-1.947-2.502-2.478-2.187-1.554-5.092-2.292-7.791-1.979\"\/><\/svg>\t<div class=\"kbm-link-list-item__content\">\n\t\t<p class=\"kbm-link-list-item__title\">Arbeidstrening og fellesskap<\/p>\n\t\t\t\t\t<p class=\"kbm-link-list-item__description\">Spr\u00e5k er en n\u00f8kkel til vellykket integrering. I all arbeids- og aktivitetssammenheng foreg\u00e5r kommunikasjonen p\u00e5 norsk.<\/p>\n\t\t\t<\/div>\n\t<\/div>\n\n<a class=\"wp-block-kbm-link-list-item\" href=\"https:\/\/kirkensbymisjon.no\/tilbud-sprak-gjennom-arbeid\/kontaktinformasjon\">\t<svg xmlns=\"http:\/\/www.w3.org\/2000\/svg\" viewBox=\"0 0 48 48\" height=\"24\" width=\"24\" class=\"t2-icon t2-icon-phone\" aria-hidden=\"true\" focusable=\"false\"><path d=\"M21.8 5.133c-2.76.311-5.892 1.468-8.254 3.049-4.726 3.162-7.751 8.077-8.43 13.698-.141 1.162-.122 3.415.037 4.56a19.875 19.875 0 0 0 1.899 6.112l.616 1.232-1.319 4.556c-.726 2.506-1.303 4.573-1.282 4.593.02.021 2.091-.557 4.602-1.285l4.565-1.322.983.509c2.763 1.433 5.623 2.14 8.663 2.143 1.594.002 2.577-.093 3.968-.385 5.419-1.134 10.084-4.598 12.812-9.513 1.136-2.047 1.937-4.555 2.223-6.96.121-1.027.121-3.213 0-4.24-.664-5.593-3.707-10.539-8.429-13.698-2.419-1.619-5.511-2.745-8.391-3.058-.914-.099-3.35-.094-4.263.009m-4.545 6.712c.24.091 3.646 3.423 4.034 3.947.181.245.231.397.231.705 0 .516-.061.62-.839 1.423-.827.853-1.017 1.21-1.062 2-.028.486 0 .691.146 1.078.17.451.362.658 3.335 3.598 1.735 1.715 3.283 3.206 3.44 3.313.611.415 1.433.517 2.191.272.346-.111.579-.282 1.204-.88.847-.809 1.007-.901 1.578-.901.297 0 .453.052.695.231.491.364 3.759 3.7 3.903 3.985.313.621.131 1.052-.844 1.992-.6.578-.854.766-1.231.908-.94.354-1.489.423-2.996.377-2.142-.064-3.403-.394-5.56-1.453-5.135-2.523-9.898-7.948-11.078-12.618a12.016 12.016 0 0 1-.377-3.621c.076-1.715.363-2.535 1.211-3.461.814-.889 1.376-1.138 2.019-.895\"\/><\/svg>\t<div class=\"kbm-link-list-item__content\">\n\t\t<p class=\"kbm-link-list-item__title\">Sp\u00f8rsm\u00e5l om tiltaket?<\/p>\n\t\t\t\t\t<p class=\"kbm-link-list-item__description\">\u00d8nsker du mer informasjon eller vil du vite hvordan du kan f\u00e5 en plass her? Ta kontakt med oss!<\/p>\n\t\t\t<\/div>\n\t<\/a>\n\t\t<\/div>\n\t<\/div>\n\t","protected":false},"excerpt":{"rendered":"<p>Spr\u00e5k gjennom arbeid Spr\u00e5k er n\u00f8kkelen til integrering og jobb. Et unikt og tilrettelagt tilbud&hellip;<\/p>\n","protected":false},"author":5,"featured_media":0,"parent":0,"menu_order":0,"comment_status":"closed","ping_status":"closed","template":"","meta":{"_relevanssi_hide_post":"","_relevanssi_hide_content":"","_relevanssi_pin_for_all":"","_relevanssi_pin_keywords":"","_relevanssi_unpin_keywords":"","_relevanssi_related_keywords":"","_relevanssi_related_include_ids":"","_relevanssi_related_exclude_ids":"","_relevanssi_related_no_append":"","_relevanssi_related_not_related":"","_relevanssi_related_posts":"1","_relevanssi_noindex_reason":"","editor_notices":[],"footnotes":""},"class_list":["post-3","page","type-page","status-publish","hentry"],"yoast_head":"<!-- This site is optimized with the Yoast SEO Premium plugin v27.2 (Yoast SEO v27.4) - https:\/\/yoast.com\/product\/yoast-seo-premium-wordpress\/ -->\n<title>Kirkens Bymisjon - Spr\u00e5k gjennom arbeid<\/title>\n<meta name=\"description\" content=\"Et tilbud for innvandrere og flyktninger som st\u00e5r utenfor arbeidslivet og andre ordin\u00e6re samfunnsarenaer.\" \/>\n<meta name=\"robots\" content=\"index, follow, max-snippet:-1, max-image-preview:large, max-video-preview:-1\" \/>\n<link rel=\"canonical\" href=\"https:\/\/kirkensbymisjon.no\/tilbud-sprak-gjennom-arbeid\/\" \/>\n<meta property=\"og:locale\" content=\"nb_NO\" \/>\n<meta property=\"og:type\" content=\"article\" \/>\n<meta property=\"og:title\" content=\"Forside\" \/>\n<meta property=\"og:description\" content=\"Et tilbud for innvandrere og flyktninger som st\u00e5r utenfor arbeidslivet og andre ordin\u00e6re samfunnsarenaer.\" \/>\n<meta property=\"og:url\" content=\"https:\/\/kirkensbymisjon.no\/tilbud-sprak-gjennom-arbeid\/\" \/>\n<meta property=\"og:site_name\" content=\"Spr\u00e5k gjennom arbeid\" \/>\n<meta property=\"article:modified_time\" content=\"2024-11-07T10:08:03+00:00\" \/>\n<meta property=\"og:image\" content=\"https:\/\/kirkensbymisjon.no\/content\/uploads\/sites\/139\/2024\/08\/tilbud_sprak-arbeid_02.jpg\" \/>\n\t<meta property=\"og:image:width\" content=\"1000\" \/>\n\t<meta property=\"og:image:height\" content=\"500\" \/>\n\t<meta property=\"og:image:type\" content=\"image\/jpeg\" \/>\n<meta name=\"twitter:card\" content=\"summary_large_image\" \/>\n<meta name=\"twitter:label1\" content=\"Ansl. lesetid\" \/>\n\t<meta name=\"twitter:data1\" content=\"1 minutt\" \/>\n<script type=\"application\/ld+json\" class=\"yoast-schema-graph\">{\"@context\":\"https:\\\/\\\/schema.org\",\"@graph\":[{\"@type\":\"WebPage\",\"@id\":\"https:\\\/\\\/kirkensbymisjon.no\\\/tilbud-sprak-gjennom-arbeid\\\/\",\"url\":\"https:\\\/\\\/kirkensbymisjon.no\\\/tilbud-sprak-gjennom-arbeid\\\/\",\"name\":\"Kirkens Bymisjon - Spr\u00e5k gjennom arbeid\",\"isPartOf\":{\"@id\":\"https:\\\/\\\/kirkensbymisjon.no\\\/tilbud-sprak-gjennom-arbeid\\\/#website\"},\"primaryImageOfPage\":{\"@id\":\"https:\\\/\\\/kirkensbymisjon.no\\\/tilbud-sprak-gjennom-arbeid\\\/#primaryimage\"},\"image\":{\"@id\":\"https:\\\/\\\/kirkensbymisjon.no\\\/tilbud-sprak-gjennom-arbeid\\\/#primaryimage\"},\"thumbnailUrl\":\"https:\\\/\\\/kirkensbymisjon.no\\\/content\\\/uploads\\\/sites\\\/139\\\/2024\\\/08\\\/tilbud_sprak-arbeid_02.jpg\",\"datePublished\":\"2024-08-16T13:26:03+00:00\",\"dateModified\":\"2024-11-07T10:08:03+00:00\",\"description\":\"Et tilbud for innvandrere og flyktninger som st\u00e5r utenfor arbeidslivet og andre ordin\u00e6re samfunnsarenaer.\",\"breadcrumb\":{\"@id\":\"https:\\\/\\\/kirkensbymisjon.no\\\/tilbud-sprak-gjennom-arbeid\\\/#breadcrumb\"},\"inLanguage\":\"nb-NO\",\"potentialAction\":[{\"@type\":\"ReadAction\",\"target\":[\"https:\\\/\\\/kirkensbymisjon.no\\\/tilbud-sprak-gjennom-arbeid\\\/\"]}]},{\"@type\":\"ImageObject\",\"inLanguage\":\"nb-NO\",\"@id\":\"https:\\\/\\\/kirkensbymisjon.no\\\/tilbud-sprak-gjennom-arbeid\\\/#primaryimage\",\"url\":\"https:\\\/\\\/kirkensbymisjon.no\\\/content\\\/uploads\\\/sites\\\/139\\\/2024\\\/08\\\/tilbud_sprak-arbeid_02.jpg\",\"contentUrl\":\"https:\\\/\\\/kirkensbymisjon.no\\\/content\\\/uploads\\\/sites\\\/139\\\/2024\\\/08\\\/tilbud_sprak-arbeid_02.jpg\"},{\"@type\":\"BreadcrumbList\",\"@id\":\"https:\\\/\\\/kirkensbymisjon.no\\\/tilbud-sprak-gjennom-arbeid\\\/#breadcrumb\",\"itemListElement\":[{\"@type\":\"ListItem\",\"position\":1,\"name\":\"Hjem\",\"item\":\"https:\\\/\\\/kirkensbymisjon.no\\\/tilbud-sprak-gjennom-arbeid\\\/\"},{\"@type\":\"ListItem\",\"position\":2,\"name\":\"Forside\"}]},{\"@type\":\"WebSite\",\"@id\":\"https:\\\/\\\/kirkensbymisjon.no\\\/tilbud-sprak-gjennom-arbeid\\\/#website\",\"url\":\"https:\\\/\\\/kirkensbymisjon.no\\\/tilbud-sprak-gjennom-arbeid\\\/\",\"name\":\"Spr\u00e5k gjennom arbeid\",\"description\":\"\",\"potentialAction\":[{\"@type\":\"SearchAction\",\"target\":{\"@type\":\"EntryPoint\",\"urlTemplate\":\"https:\\\/\\\/kirkensbymisjon.no\\\/tilbud-sprak-gjennom-arbeid\\\/?s={search_term_string}\"},\"query-input\":{\"@type\":\"PropertyValueSpecification\",\"valueRequired\":true,\"valueName\":\"search_term_string\"}}],\"inLanguage\":\"nb-NO\"}]}<\/script>\n<!-- \/ Yoast SEO Premium plugin. -->","yoast_head_json":{"title":"Kirkens Bymisjon - Spr\u00e5k gjennom arbeid","description":"Et tilbud for innvandrere og flyktninger som st\u00e5r utenfor arbeidslivet og andre ordin\u00e6re samfunnsarenaer.","robots":{"index":"index","follow":"follow","max-snippet":"max-snippet:-1","max-image-preview":"max-image-preview:large","max-video-preview":"max-video-preview:-1"},"canonical":"https:\/\/kirkensbymisjon.no\/tilbud-sprak-gjennom-arbeid\/","og_locale":"nb_NO","og_type":"article","og_title":"Forside","og_description":"Et tilbud for innvandrere og flyktninger som st\u00e5r utenfor arbeidslivet og andre ordin\u00e6re samfunnsarenaer.","og_url":"https:\/\/kirkensbymisjon.no\/tilbud-sprak-gjennom-arbeid\/","og_site_name":"Spr\u00e5k gjennom arbeid","article_modified_time":"2024-11-07T10:08:03+00:00","og_image":[{"width":1000,"height":500,"url":"https:\/\/kirkensbymisjon.no\/content\/uploads\/sites\/139\/2024\/08\/tilbud_sprak-arbeid_02.jpg","type":"image\/jpeg"}],"twitter_card":"summary_large_image","twitter_misc":{"Ansl. lesetid":"1 minutt"},"schema":{"@context":"https:\/\/schema.org","@graph":[{"@type":"WebPage","@id":"https:\/\/kirkensbymisjon.no\/tilbud-sprak-gjennom-arbeid\/","url":"https:\/\/kirkensbymisjon.no\/tilbud-sprak-gjennom-arbeid\/","name":"Kirkens Bymisjon - Spr\u00e5k gjennom arbeid","isPartOf":{"@id":"https:\/\/kirkensbymisjon.no\/tilbud-sprak-gjennom-arbeid\/#website"},"primaryImageOfPage":{"@id":"https:\/\/kirkensbymisjon.no\/tilbud-sprak-gjennom-arbeid\/#primaryimage"},"image":{"@id":"https:\/\/kirkensbymisjon.no\/tilbud-sprak-gjennom-arbeid\/#primaryimage"},"thumbnailUrl":"https:\/\/kirkensbymisjon.no\/content\/uploads\/sites\/139\/2024\/08\/tilbud_sprak-arbeid_02.jpg","datePublished":"2024-08-16T13:26:03+00:00","dateModified":"2024-11-07T10:08:03+00:00","description":"Et tilbud for innvandrere og flyktninger som st\u00e5r utenfor arbeidslivet og andre ordin\u00e6re samfunnsarenaer.","breadcrumb":{"@id":"https:\/\/kirkensbymisjon.no\/tilbud-sprak-gjennom-arbeid\/#breadcrumb"},"inLanguage":"nb-NO","potentialAction":[{"@type":"ReadAction","target":["https:\/\/kirkensbymisjon.no\/tilbud-sprak-gjennom-arbeid\/"]}]},{"@type":"ImageObject","inLanguage":"nb-NO","@id":"https:\/\/kirkensbymisjon.no\/tilbud-sprak-gjennom-arbeid\/#primaryimage","url":"https:\/\/kirkensbymisjon.no\/content\/uploads\/sites\/139\/2024\/08\/tilbud_sprak-arbeid_02.jpg","contentUrl":"https:\/\/kirkensbymisjon.no\/content\/uploads\/sites\/139\/2024\/08\/tilbud_sprak-arbeid_02.jpg"},{"@type":"BreadcrumbList","@id":"https:\/\/kirkensbymisjon.no\/tilbud-sprak-gjennom-arbeid\/#breadcrumb","itemListElement":[{"@type":"ListItem","position":1,"name":"Hjem","item":"https:\/\/kirkensbymisjon.no\/tilbud-sprak-gjennom-arbeid\/"},{"@type":"ListItem","position":2,"name":"Forside"}]},{"@type":"WebSite","@id":"https:\/\/kirkensbymisjon.no\/tilbud-sprak-gjennom-arbeid\/#website","url":"https:\/\/kirkensbymisjon.no\/tilbud-sprak-gjennom-arbeid\/","name":"Spr\u00e5k gjennom arbeid","description":"","potentialAction":[{"@type":"SearchAction","target":{"@type":"EntryPoint","urlTemplate":"https:\/\/kirkensbymisjon.no\/tilbud-sprak-gjennom-arbeid\/?s={search_term_string}"},"query-input":{"@type":"PropertyValueSpecification","valueRequired":true,"valueName":"search_term_string"}}],"inLanguage":"nb-NO"}]}},"_links":{"self":[{"href":"https:\/\/kirkensbymisjon.no\/tilbud-sprak-gjennom-arbeid\/wp-json\/wp\/v2\/pages\/3","targetHints":{"allow":["GET"]}}],"collection":[{"href":"https:\/\/kirkensbymisjon.no\/tilbud-sprak-gjennom-arbeid\/wp-json\/wp\/v2\/pages"}],"about":[{"href":"https:\/\/kirkensbymisjon.no\/tilbud-sprak-gjennom-arbeid\/wp-json\/wp\/v2\/types\/page"}],"author":[{"embeddable":true,"href":"https:\/\/kirkensbymisjon.no\/tilbud-sprak-gjennom-arbeid\/wp-json\/wp\/v2\/users\/5"}],"replies":[{"embeddable":true,"href":"https:\/\/kirkensbymisjon.no\/tilbud-sprak-gjennom-arbeid\/wp-json\/wp\/v2\/comments?post=3"}],"version-history":[{"count":5,"href":"https:\/\/kirkensbymisjon.no\/tilbud-sprak-gjennom-arbeid\/wp-json\/wp\/v2\/pages\/3\/revisions"}],"predecessor-version":[{"id":50,"href":"https:\/\/kirkensbymisjon.no\/tilbud-sprak-gjennom-arbeid\/wp-json\/wp\/v2\/pages\/3\/revisions\/50"}],"wp:attachment":[{"href":"https:\/\/kirkensbymisjon.no\/tilbud-sprak-gjennom-arbeid\/wp-json\/wp\/v2\/media?parent=3"}],"curies":[{"name":"wp","href":"https:\/\/api.w.org\/{rel}","templated":true}]}}