{"id":3,"date":"2024-06-27T07:59:04","date_gmt":"2024-06-27T05:59:04","guid":{"rendered":"https:\/\/kirkensbymisjon.no\/tilbud-st-hanshaugen-frivilligsentral\/forside\/"},"modified":"2025-09-12T14:51:14","modified_gmt":"2025-09-12T12:51:14","slug":"forside","status":"publish","type":"page","link":"https:\/\/kirkensbymisjon.no\/tilbud-st-hanshaugen-frivilligsentral\/","title":{"rendered":"Forside"},"content":{"rendered":"\n<div class=\"wp-block-media-text alignwide is-stacked-on-mobile is-style-filled\"><figure class=\"wp-block-media-text__media\"><img loading=\"lazy\" decoding=\"async\" width=\"1024\" height=\"576\" src=\"https:\/\/kirkensbymisjon.no\/content\/uploads\/sites\/111\/2025\/09\/Tilbud_St-hanshaugen-frivilligsentral_02-1024x576.jpg\" alt=\"\" class=\"wp-image-61 size-full\" srcset=\"https:\/\/kirkensbymisjon.no\/content\/uploads\/sites\/111\/2025\/09\/Tilbud_St-hanshaugen-frivilligsentral_02-1024x576.jpg 1024w, https:\/\/kirkensbymisjon.no\/content\/uploads\/sites\/111\/2025\/09\/Tilbud_St-hanshaugen-frivilligsentral_02-300x169.jpg 300w, https:\/\/kirkensbymisjon.no\/content\/uploads\/sites\/111\/2025\/09\/Tilbud_St-hanshaugen-frivilligsentral_02-768x432.jpg 768w, https:\/\/kirkensbymisjon.no\/content\/uploads\/sites\/111\/2025\/09\/Tilbud_St-hanshaugen-frivilligsentral_02-1536x864.jpg 1536w, https:\/\/kirkensbymisjon.no\/content\/uploads\/sites\/111\/2025\/09\/Tilbud_St-hanshaugen-frivilligsentral_02.jpg 2048w\" sizes=\"auto, (max-width: 1024px) 100vw, 1024px\" \/><\/figure><div class=\"wp-block-media-text__content\">\n<h2 class=\"wp-block-heading\" id=\"h-velkommen-til-st-hanshaugen-frivilligsentral\">Velkommen til St. Hanshaugen Frivilligsentral<\/h2>\n\n\n\n<p>St. Hanshaugen Frivilligsentral er en lokalt forankret og sosial m\u00f8teplass, som er \u00e5pen for alle som \u00f8nsker \u00e5 delta i frivillig arbeid. Kom gjerne innom oss for \u00e5 sl\u00e5 av en prat, delta p\u00e5 aktiviteter eller finne ut mer om hvordan du kan <a href=\"https:\/\/kirkensbymisjon.no\/tilbud-st-hanshaugen-frivilligsentral\/hva-vi-tilbyr\/#frivillig\">bli frivillig<\/a>! Du finner oss <a href=\"https:\/\/kirkensbymisjon.no\/tilbud-st-hanshaugen-frivilligsentral\/kontaktinformasjon\/\">her<\/a>.<\/p>\n\n\n\n<p><a href=\"https:\/\/kirkensbymisjon.no\/tilbud-st-hanshaugen-frivilligsentral\/hva-vi-tilbyr\/\">Les mer om v\u00e5re aktiviteter<\/a>. <\/p>\n<\/div><\/div>\n\n\n\t<div class=\"alignwide wp-block-kbm-link-list\">\n\t\t<div class=\"kbm-link-list__items\">\n\t\t\t\n<div class=\"wp-block-kbm-link-list-item\">\t<svg xmlns=\"http:\/\/www.w3.org\/2000\/svg\" viewBox=\"0 0 48 48\" height=\"24\" width=\"24\" class=\"t2-icon t2-icon-volunteering\" aria-hidden=\"true\" focusable=\"false\"><path d=\"M23.33 1.157c-.459.164-.862.527-1.11 1.001l-.22.42v9.211c0 10.395.045 9.659-.603 9.883-.286.098-.356.096-.601-.02-.55-.261-.512.307-.556-8.212-.044-8.585-.004-7.999-.593-8.588-.506-.505-.872-.65-1.647-.65-.55 0-.744.034-1.015.178-.412.219-.843.653-1.039 1.046-.139.28-.148.907-.186 13.494l-.04 13.2-2.888-4.321c-3.002-4.493-3.036-4.536-3.788-4.84-.357-.145-1.245-.13-1.604.026-.899.391-1.4 1.126-1.4 2.055 0 .605.105.842.971 2.201.826 1.295 1.75 3.04 2.71 5.119 1.268 2.745 2.467 5.172 2.981 6.034 2.373 3.98 5.378 5.888 10.151 6.446 1.014.119 3.559.163 4.113.071l.286-.047-3.126-3.048c-1.719-1.675-3.315-3.265-3.546-3.531-.922-1.066-1.411-2.4-1.407-3.845.005-2.62 1.651-4.838 4.227-5.698.58-.193.756-.214 1.88-.218 1.081-.003 1.317.02 1.84.182 1.024.318 1.849.825 2.736 1.681l.456.441.595-.565c1.254-1.192 2.72-1.781 4.436-1.782 1.081-.002 2.292.349 3.19.924l.427.273v-9.73c0-7.226-.024-9.81-.094-10.043-.12-.402-.632-.984-1.056-1.201-.398-.204-1.304-.281-1.783-.152a2.142 2.142 0 0 0-1.345 1.082l-.242.474-.04 6.593-.04 6.593-.19.154c-.427.346-.973.276-1.269-.162l-.181-.27-.001-9.088-.001-9.088-.188-.404c-.611-1.312-2.534-1.66-3.624-.655-.682.629-.621-.199-.666 9.099-.044 9.138-.004 8.51-.556 8.772-.245.116-.315.118-.601.02-.648-.224-.603.512-.603-9.883V2.578l-.223-.427c-.25-.478-.743-.901-1.199-1.027-.418-.116-1.359-.098-1.728.033m1.372 28.611c-1.11.121-2.023.574-2.869 1.423-1.568 1.572-1.855 3.79-.735 5.679.296.499.462.666 7.001 7.043l.698.681.542-.142c3.486-.919 6.794-3.671 8.386-6.979.723-1.504 1.098-2.941 1.243-4.77.11-1.383.113-1.375-.672-1.957-1.021-.758-1.887-1.019-3.21-.968-1.505.057-2.308.439-3.687 1.75-1.07 1.018-1.083 1.019-1.983.172-.928-.873-1.305-1.166-1.862-1.445a5.097 5.097 0 0 0-2.852-.487\"\/><\/svg>\t<div class=\"kbm-link-list-item__content\">\n\t\t<p class=\"kbm-link-list-item__title\">Frivillighet<\/p>\n\t\t\t\t\t<p class=\"kbm-link-list-item__description\">Har du engasjement for andre mennesker og kan tenke deg \u00e5 bruke litt av din tid? Du er hjertelig velkommen til \u00e5 bes\u00f8ke oss i Frivilligsentralen, for \u00e5 finne ut mer om hvordan akkurat du kan bidra!<\/p>\n\t\t\t<\/div>\n\t<\/div>\n\n<div class=\"wp-block-kbm-link-list-item\">\t<svg xmlns=\"http:\/\/www.w3.org\/2000\/svg\" viewBox=\"0 0 48 48\" height=\"24\" width=\"24\" class=\"t2-icon t2-icon-integrationmulticultural\" aria-hidden=\"true\" focusable=\"false\"><path d=\"M17.576 2.122c-1.569.297-2.843 1.076-3.532 2.158-.466.732-.614 1.3-.614 2.353 0 1.401.405 2.616 1.332 3.994.33.491.709 1.107.843 1.37.615 1.21.401 2.381-.634 3.467-.774.812-1.514 1.084-3.131 1.151-1.597.066-3.765-.142-7.64-.732-.44-.067-.899-.143-1.02-.169l-.22-.047.02 13.705L3 43.077l.64.096c6.849 1.034 9.181 1.086 10.625.24.476-.279 1.193-1.07 1.454-1.605.52-1.061.344-1.845-.802-3.577-1.162-1.756-1.494-2.707-1.491-4.271.001-1.048.17-1.681.643-2.413.557-.863 1.774-1.661 3.051-2.003.658-.175 2.624-.197 3.28-.036 1.667.41 3.024 1.637 3.409 3.081.143.539.14 1.895-.007 2.451-.17.647-.705 1.654-1.215 2.286-1.074 1.332-1.532 2.279-1.605 3.318-.138 1.966 1.17 3.072 3.757 3.176 1.227.05 2.476-.05 5.859-.466 1.406-.173 2.789-.314 3.072-.314h.514l-.047-.82c-.026-.451-.173-1.468-.328-2.26-.397-2.037-.475-2.674-.431-3.52.067-1.273.632-2.198 1.649-2.699.95-.468 2.066-.406 3.253.181.352.174.964.571 1.36.883 1.421 1.119 2.453 1.539 3.8 1.545 1.376.006 2.365-.39 3.196-1.279.828-.884 1.259-1.994 1.341-3.449.155-2.753-1.249-4.986-3.465-5.509-.418-.099-.775-.12-1.472-.086-1.433.069-2.477.443-3.891 1.394-1.411.948-2.208 1.229-3.013 1.062-.646-.134-1.177-.418-1.717-.919-.61-.564-.94-1.198-1.11-2.13-.229-1.257-.024-4.109.57-7.952.15-.966.256-1.773.236-1.793-.052-.052-1.965.126-3.793.353-3.637.451-5.67.548-6.742.321-.699-.148-1.51-.539-1.873-.901-.954-.955-.947-2.7.017-4.262.204-.33.525-.78.712-1 1.155-1.354 1.685-2.857 1.506-4.271-.137-1.089-.422-1.694-1.138-2.416a4.806 4.806 0 0 0-2.284-1.317c-.692-.181-2.181-.219-2.944-.074\"\/><\/svg>\t<div class=\"kbm-link-list-item__content\">\n\t\t<p class=\"kbm-link-list-item__title\">Aktiviteter for alle<\/p>\n\t\t\t\t\t<p class=\"kbm-link-list-item__description\">Vi tilbyr mange ulike aktiviteter, for eksempel nabolagsmiddag, spr\u00e5k-kaf\u00e9 og sosiale samlinger med brettspill. Alle er velkomne til \u00e5 delta, enten du kommer som frivillig eller bes\u00f8kende!<\/p>\n\t\t\t<\/div>\n\t<\/div>\n\n<div class=\"wp-block-kbm-link-list-item\">\t<svg xmlns=\"http:\/\/www.w3.org\/2000\/svg\" viewBox=\"0 0 48 48\" height=\"24\" width=\"24\" class=\"t2-icon t2-icon-heart\" aria-hidden=\"true\" focusable=\"false\"><path d=\"M12.608 7.169c-1.695.306-3.132.959-4.579 2.081-1.894 1.468-3.293 3.755-3.79 6.194-.689 3.382.232 7.499 2.57 11.489 2.339 3.991 6.459 8.359 11.511 12.202 1.924 1.463 5.432 3.825 5.682 3.825.244 0 3.789-2.389 5.678-3.826 3.507-2.666 6.767-5.781 9.058-8.654 4.107-5.151 5.927-10.598 5.023-15.036-.867-4.255-4.231-7.559-8.431-8.282-.908-.156-2.546-.157-3.46-.001-3.228.55-6.151 2.758-7.548 5.699-.151.319-.296.58-.32.58-.025 0-.212-.333-.416-.74-1.452-2.905-4.266-4.995-7.456-5.539-.885-.151-2.667-.147-3.522.008\"\/><\/svg>\t<div class=\"kbm-link-list-item__content\">\n\t\t<p class=\"kbm-link-list-item__title\">Det er gratis \u00e5 delta <\/p>\n\t\t\t\t\t<p class=\"kbm-link-list-item__description\">Her kan du komme innom for \u00e5 m\u00f8te andre som bor og oppholder seg p\u00e5 St. Hanshaugen, enten det er over en kaffe eller gjennom aktiviteter. Det koster ingenting \u00e5 delta hos oss!<\/p>\n\t\t\t<\/div>\n\t<\/div>\n\t\t<\/div>\n\t<\/div>\n\t\n\n\n<div class=\"wp-block-media-text alignwide is-stacked-on-mobile is-style-filled\"><figure class=\"wp-block-media-text__media\"><img decoding=\"async\" src=\"https:\/\/kirkensbymisjon.no\/content\/uploads\/2024\/09\/Standard_Bli-frivillig_01-1024x751.jpg\" alt=\"Frivillige i samtale med gjest i kafeen. Foto: Kirkens Bymisjon\" class=\"wp-image-3078 size-full\"\/><\/figure><div class=\"wp-block-media-text__content\">\n<h2 class=\"wp-block-heading\" id=\"h-bli-frivillig-nbsp\"><strong>Bli frivillig!<\/strong>&nbsp;<\/h2>\n\n\n\n<p>Vi trenger deg som \u00f8nsker \u00e5 gj\u00f8re en frivillig innsats til nytte og glede for andre og deg selv. Gjennom frivillig engasjement kan du bruke din erfaring og kompetanse \u2013 eller l\u00e6re noe nytt.&nbsp;<\/p>\n\n\n\n<p><a href=\"\/bli-frivillig\">Les mer om frivillighet i Kirkens Bymisjon<\/a>.<\/p>\n<\/div><\/div>\n","protected":false},"excerpt":{"rendered":"<p>Velkommen til St. Hanshaugen Frivilligsentral St. Hanshaugen Frivilligsentral er en lokalt forankret og sosial m\u00f8teplass,&hellip;<\/p>\n","protected":false},"author":5,"featured_media":0,"parent":0,"menu_order":0,"comment_status":"closed","ping_status":"closed","template":"","meta":{"_relevanssi_hide_post":"","_relevanssi_hide_content":"","_relevanssi_pin_for_all":"","_relevanssi_pin_keywords":"","_relevanssi_unpin_keywords":"","_relevanssi_related_keywords":"","_relevanssi_related_include_ids":"","_relevanssi_related_exclude_ids":"","_relevanssi_related_no_append":"","_relevanssi_related_not_related":"","_relevanssi_related_posts":"1","_relevanssi_noindex_reason":"","editor_notices":[],"footnotes":""},"class_list":["post-3","page","type-page","status-publish","hentry"],"yoast_head":"<!-- This site is optimized with the Yoast SEO Premium plugin v27.2 (Yoast SEO v27.2) - https:\/\/yoast.com\/product\/yoast-seo-premium-wordpress\/ -->\n<title>Kirkens Bymisjon - St. Hanshaugen Frivilligsentral<\/title>\n<meta name=\"description\" content=\"Frivilligsentralen p\u00e5 St. Hanshaugen er en lokalt forankret og sosial m\u00f8teplass, som er \u00e5pen for alle som \u00f8nsker \u00e5 delta i frivillig arbeid.\" \/>\n<meta name=\"robots\" content=\"index, follow, max-snippet:-1, max-image-preview:large, max-video-preview:-1\" \/>\n<link rel=\"canonical\" href=\"https:\/\/kirkensbymisjon.no\/tilbud-st-hanshaugen-frivilligsentral\/\" \/>\n<meta property=\"og:locale\" content=\"nb_NO\" \/>\n<meta property=\"og:type\" content=\"article\" \/>\n<meta property=\"og:title\" content=\"Forside\" \/>\n<meta property=\"og:description\" content=\"Frivilligsentralen p\u00e5 St. Hanshaugen er en lokalt forankret og sosial m\u00f8teplass, som er \u00e5pen for alle som \u00f8nsker \u00e5 delta i frivillig arbeid.\" \/>\n<meta property=\"og:url\" content=\"https:\/\/kirkensbymisjon.no\/tilbud-st-hanshaugen-frivilligsentral\/\" \/>\n<meta property=\"og:site_name\" content=\"St. Hanshaugen Frivilligsentral\" \/>\n<meta property=\"article:modified_time\" content=\"2025-09-12T12:51:14+00:00\" \/>\n<meta property=\"og:image\" content=\"https:\/\/kirkensbymisjon.no\/content\/uploads\/sites\/111\/2025\/09\/Tilbud_St-hanshaugen-frivilligsentral_02.jpg\" \/>\n\t<meta property=\"og:image:width\" content=\"2048\" \/>\n\t<meta property=\"og:image:height\" content=\"1152\" \/>\n\t<meta property=\"og:image:type\" content=\"image\/jpeg\" \/>\n<meta name=\"twitter:card\" content=\"summary_large_image\" \/>\n<meta name=\"twitter:label1\" content=\"Ansl. lesetid\" \/>\n\t<meta name=\"twitter:data1\" content=\"1 minutt\" \/>\n<script type=\"application\/ld+json\" class=\"yoast-schema-graph\">{\"@context\":\"https:\/\/schema.org\",\"@graph\":[{\"@type\":\"WebPage\",\"@id\":\"https:\/\/kirkensbymisjon.no\/tilbud-st-hanshaugen-frivilligsentral\/\",\"url\":\"https:\/\/kirkensbymisjon.no\/tilbud-st-hanshaugen-frivilligsentral\/\",\"name\":\"Kirkens Bymisjon - St. Hanshaugen Frivilligsentral\",\"isPartOf\":{\"@id\":\"https:\/\/kirkensbymisjon.no\/tilbud-st-hanshaugen-frivilligsentral\/#website\"},\"primaryImageOfPage\":{\"@id\":\"https:\/\/kirkensbymisjon.no\/tilbud-st-hanshaugen-frivilligsentral\/#primaryimage\"},\"image\":{\"@id\":\"https:\/\/kirkensbymisjon.no\/tilbud-st-hanshaugen-frivilligsentral\/#primaryimage\"},\"thumbnailUrl\":\"https:\/\/kirkensbymisjon.no\/content\/uploads\/sites\/111\/2025\/09\/Tilbud_St-hanshaugen-frivilligsentral_02-1024x576.jpg\",\"datePublished\":\"2024-06-27T05:59:04+00:00\",\"dateModified\":\"2025-09-12T12:51:14+00:00\",\"description\":\"Frivilligsentralen p\u00e5 St. Hanshaugen er en lokalt forankret og sosial m\u00f8teplass, som er \u00e5pen for alle som \u00f8nsker \u00e5 delta i frivillig arbeid.\",\"breadcrumb\":{\"@id\":\"https:\/\/kirkensbymisjon.no\/tilbud-st-hanshaugen-frivilligsentral\/#breadcrumb\"},\"inLanguage\":\"nb-NO\",\"potentialAction\":[{\"@type\":\"ReadAction\",\"target\":[\"https:\/\/kirkensbymisjon.no\/tilbud-st-hanshaugen-frivilligsentral\/\"]}]},{\"@type\":\"ImageObject\",\"inLanguage\":\"nb-NO\",\"@id\":\"https:\/\/kirkensbymisjon.no\/tilbud-st-hanshaugen-frivilligsentral\/#primaryimage\",\"url\":\"https:\/\/kirkensbymisjon.no\/content\/uploads\/sites\/111\/2025\/09\/Tilbud_St-hanshaugen-frivilligsentral_02-1024x576.jpg\",\"contentUrl\":\"https:\/\/kirkensbymisjon.no\/content\/uploads\/sites\/111\/2025\/09\/Tilbud_St-hanshaugen-frivilligsentral_02-1024x576.jpg\"},{\"@type\":\"BreadcrumbList\",\"@id\":\"https:\/\/kirkensbymisjon.no\/tilbud-st-hanshaugen-frivilligsentral\/#breadcrumb\",\"itemListElement\":[{\"@type\":\"ListItem\",\"position\":1,\"name\":\"Hjem\",\"item\":\"https:\/\/kirkensbymisjon.no\/tilbud-st-hanshaugen-frivilligsentral\/\"},{\"@type\":\"ListItem\",\"position\":2,\"name\":\"Forside\"}]},{\"@type\":\"WebSite\",\"@id\":\"https:\/\/kirkensbymisjon.no\/tilbud-st-hanshaugen-frivilligsentral\/#website\",\"url\":\"https:\/\/kirkensbymisjon.no\/tilbud-st-hanshaugen-frivilligsentral\/\",\"name\":\"St. Hanshaugen Frivilligsentral\",\"description\":\"\",\"potentialAction\":[{\"@type\":\"SearchAction\",\"target\":{\"@type\":\"EntryPoint\",\"urlTemplate\":\"https:\/\/kirkensbymisjon.no\/tilbud-st-hanshaugen-frivilligsentral\/?s={search_term_string}\"},\"query-input\":{\"@type\":\"PropertyValueSpecification\",\"valueRequired\":true,\"valueName\":\"search_term_string\"}}],\"inLanguage\":\"nb-NO\"}]}<\/script>\n<!-- \/ Yoast SEO Premium plugin. -->","yoast_head_json":{"title":"Kirkens Bymisjon - St. Hanshaugen Frivilligsentral","description":"Frivilligsentralen p\u00e5 St. Hanshaugen er en lokalt forankret og sosial m\u00f8teplass, som er \u00e5pen for alle som \u00f8nsker \u00e5 delta i frivillig arbeid.","robots":{"index":"index","follow":"follow","max-snippet":"max-snippet:-1","max-image-preview":"max-image-preview:large","max-video-preview":"max-video-preview:-1"},"canonical":"https:\/\/kirkensbymisjon.no\/tilbud-st-hanshaugen-frivilligsentral\/","og_locale":"nb_NO","og_type":"article","og_title":"Forside","og_description":"Frivilligsentralen p\u00e5 St. Hanshaugen er en lokalt forankret og sosial m\u00f8teplass, som er \u00e5pen for alle som \u00f8nsker \u00e5 delta i frivillig arbeid.","og_url":"https:\/\/kirkensbymisjon.no\/tilbud-st-hanshaugen-frivilligsentral\/","og_site_name":"St. Hanshaugen Frivilligsentral","article_modified_time":"2025-09-12T12:51:14+00:00","og_image":[{"width":2048,"height":1152,"url":"https:\/\/kirkensbymisjon.no\/content\/uploads\/sites\/111\/2025\/09\/Tilbud_St-hanshaugen-frivilligsentral_02.jpg","type":"image\/jpeg"}],"twitter_card":"summary_large_image","twitter_misc":{"Ansl. lesetid":"1 minutt"},"schema":{"@context":"https:\/\/schema.org","@graph":[{"@type":"WebPage","@id":"https:\/\/kirkensbymisjon.no\/tilbud-st-hanshaugen-frivilligsentral\/","url":"https:\/\/kirkensbymisjon.no\/tilbud-st-hanshaugen-frivilligsentral\/","name":"Kirkens Bymisjon - St. Hanshaugen Frivilligsentral","isPartOf":{"@id":"https:\/\/kirkensbymisjon.no\/tilbud-st-hanshaugen-frivilligsentral\/#website"},"primaryImageOfPage":{"@id":"https:\/\/kirkensbymisjon.no\/tilbud-st-hanshaugen-frivilligsentral\/#primaryimage"},"image":{"@id":"https:\/\/kirkensbymisjon.no\/tilbud-st-hanshaugen-frivilligsentral\/#primaryimage"},"thumbnailUrl":"https:\/\/kirkensbymisjon.no\/content\/uploads\/sites\/111\/2025\/09\/Tilbud_St-hanshaugen-frivilligsentral_02-1024x576.jpg","datePublished":"2024-06-27T05:59:04+00:00","dateModified":"2025-09-12T12:51:14+00:00","description":"Frivilligsentralen p\u00e5 St. Hanshaugen er en lokalt forankret og sosial m\u00f8teplass, som er \u00e5pen for alle som \u00f8nsker \u00e5 delta i frivillig arbeid.","breadcrumb":{"@id":"https:\/\/kirkensbymisjon.no\/tilbud-st-hanshaugen-frivilligsentral\/#breadcrumb"},"inLanguage":"nb-NO","potentialAction":[{"@type":"ReadAction","target":["https:\/\/kirkensbymisjon.no\/tilbud-st-hanshaugen-frivilligsentral\/"]}]},{"@type":"ImageObject","inLanguage":"nb-NO","@id":"https:\/\/kirkensbymisjon.no\/tilbud-st-hanshaugen-frivilligsentral\/#primaryimage","url":"https:\/\/kirkensbymisjon.no\/content\/uploads\/sites\/111\/2025\/09\/Tilbud_St-hanshaugen-frivilligsentral_02-1024x576.jpg","contentUrl":"https:\/\/kirkensbymisjon.no\/content\/uploads\/sites\/111\/2025\/09\/Tilbud_St-hanshaugen-frivilligsentral_02-1024x576.jpg"},{"@type":"BreadcrumbList","@id":"https:\/\/kirkensbymisjon.no\/tilbud-st-hanshaugen-frivilligsentral\/#breadcrumb","itemListElement":[{"@type":"ListItem","position":1,"name":"Hjem","item":"https:\/\/kirkensbymisjon.no\/tilbud-st-hanshaugen-frivilligsentral\/"},{"@type":"ListItem","position":2,"name":"Forside"}]},{"@type":"WebSite","@id":"https:\/\/kirkensbymisjon.no\/tilbud-st-hanshaugen-frivilligsentral\/#website","url":"https:\/\/kirkensbymisjon.no\/tilbud-st-hanshaugen-frivilligsentral\/","name":"St. Hanshaugen Frivilligsentral","description":"","potentialAction":[{"@type":"SearchAction","target":{"@type":"EntryPoint","urlTemplate":"https:\/\/kirkensbymisjon.no\/tilbud-st-hanshaugen-frivilligsentral\/?s={search_term_string}"},"query-input":{"@type":"PropertyValueSpecification","valueRequired":true,"valueName":"search_term_string"}}],"inLanguage":"nb-NO"}]}},"_links":{"self":[{"href":"https:\/\/kirkensbymisjon.no\/tilbud-st-hanshaugen-frivilligsentral\/wp-json\/wp\/v2\/pages\/3","targetHints":{"allow":["GET"]}}],"collection":[{"href":"https:\/\/kirkensbymisjon.no\/tilbud-st-hanshaugen-frivilligsentral\/wp-json\/wp\/v2\/pages"}],"about":[{"href":"https:\/\/kirkensbymisjon.no\/tilbud-st-hanshaugen-frivilligsentral\/wp-json\/wp\/v2\/types\/page"}],"author":[{"embeddable":true,"href":"https:\/\/kirkensbymisjon.no\/tilbud-st-hanshaugen-frivilligsentral\/wp-json\/wp\/v2\/users\/5"}],"replies":[{"embeddable":true,"href":"https:\/\/kirkensbymisjon.no\/tilbud-st-hanshaugen-frivilligsentral\/wp-json\/wp\/v2\/comments?post=3"}],"version-history":[{"count":5,"href":"https:\/\/kirkensbymisjon.no\/tilbud-st-hanshaugen-frivilligsentral\/wp-json\/wp\/v2\/pages\/3\/revisions"}],"predecessor-version":[{"id":94,"href":"https:\/\/kirkensbymisjon.no\/tilbud-st-hanshaugen-frivilligsentral\/wp-json\/wp\/v2\/pages\/3\/revisions\/94"}],"wp:attachment":[{"href":"https:\/\/kirkensbymisjon.no\/tilbud-st-hanshaugen-frivilligsentral\/wp-json\/wp\/v2\/media?parent=3"}],"curies":[{"name":"wp","href":"https:\/\/api.w.org\/{rel}","templated":true}]}}