{"id":62,"date":"2025-09-12T12:47:31","date_gmt":"2025-09-12T10:47:31","guid":{"rendered":"https:\/\/kirkensbymisjon.no\/tilbud-st-hanshaugen-frivilligsentral\/?page_id=62"},"modified":"2026-01-15T11:22:33","modified_gmt":"2026-01-15T10:22:33","slug":"hva-vi-tilbyr","status":"publish","type":"page","link":"https:\/\/kirkensbymisjon.no\/tilbud-st-hanshaugen-frivilligsentral\/hva-vi-tilbyr\/","title":{"rendered":"Hva vi tilbyr"},"content":{"rendered":"\n<h2 class=\"wp-block-heading\" id=\"h-vare-aktiviteter-og-arrangementer\"><strong>V\u00e5re aktiviteter og arrangementer<\/strong><\/h2>\n\n\n\n<p>I listen under kan du se en oversikt over aktiviteter og tider for h\u00f8sten 2025. De fleste aktivitetene finner sted i v\u00e5re lokaler i Louises gate 30, dersom annet ikke er spesifisert. Hvis du har sp\u00f8rsm\u00e5l rundt noen av aktivitetene (eller annet) kan du kontakte oss <a href=\"https:\/\/kirkensbymisjon.no\/tilbud-st-hanshaugen-frivilligsentral\/kontaktinformasjon\/\">her<\/a>.<\/p>\n\n\n\n<p><strong>Alle v\u00e5re aktiviteter og arrangementer er gratis!<\/strong><\/p>\n\n\n<div class=\"t2-accordion wp-block-t2-accordion\" data-allow-multiple=\"1\" role=\"list\">\n<div class=\"t2-accordion-item wp-block-t2-accordion-item\" role=\"listitem\">\n\t\t\t<h3 class=\"t2-accordion-title\">\n\t\t\t\t<button type=\"button\" class=\"t2-accordion-trigger\" id=\"nabolagsmiddag\" aria-controls=\"accordion-panel\" aria-expanded=\"false\">\n\t\t\t\t\tNabolagsmiddag\n\t\t\t\t\t<span class=\"t2-accordion-icon is-closed-icon\"><svg xmlns=\"http:\/\/www.w3.org\/2000\/svg\" viewBox=\"0 0 24 24\" height=\"24\" width=\"24\" class=\"t2-icon t2-icon-plus\" aria-hidden=\"true\" focusable=\"false\"><path d=\"M11.8 5.037a1.088 1.088 0 0 0-.722.566c-.075.148-.078.25-.078 2.772v2.619l-2.61.016c-1.867.012-2.652.03-2.756.064-.168.055-.438.301-.54.494-.049.092-.07.223-.07.432 0 .34.054.476.282.704.289.289.14.275 3.064.288l2.63.012v2.619c0 2.544.002 2.625.08 2.778.191.372.516.577.92.577s.729-.205.92-.577c.078-.153.08-.234.08-2.778v-2.619l2.63-.012c2.924-.013 2.775.001 3.064-.288.228-.228.282-.364.282-.704 0-.209-.021-.34-.07-.432-.102-.193-.372-.439-.54-.494-.104-.034-.889-.052-2.756-.064L13 10.994V8.375c0-2.522-.003-2.624-.078-2.772-.214-.418-.685-.656-1.122-.566\"\/><\/svg><\/span>\n\t\t\t\t\t<span class=\"t2-accordion-icon is-open-icon\"><svg xmlns=\"http:\/\/www.w3.org\/2000\/svg\" viewBox=\"0 0 24 24\" height=\"24\" width=\"24\" class=\"t2-icon t2-icon-chevronup\" aria-hidden=\"true\" focusable=\"false\"><path d=\"M6.7 14.7c-.2-.2-.3-.4-.3-.7s.1-.5.3-.7l4.6-4.6c.1-.1.2-.2.3-.2.1 0 .2-.1.4-.1.1 0 .3 0 .4.1.1 0 .2.1.3.2l4.6 4.6c.2.2.3.4.3.7s-.1.5-.3.7c-.2.2-.4.3-.7.3s-.5-.1-.7-.3L12 10.8l-3.9 3.9c-.2.2-.4.3-.7.3s-.5-.1-.7-.3z\" fill=\"currentColor\" \/><\/svg><\/span>\n\t\t\t\t<\/button>\n\t\t\t<\/h3>\n\t\t\t<div class=\"t2-accordion-item__inner-container is-layout-flow\" id=\"accordion-panel\" aria-labelledby=\"nabolagsmiddag\" role=\"region\" hidden>\n\t\t\t\t\n\n<p><strong><u>Siste onsdager i mnd. kl 16.00\u201318.00<\/u><\/strong>.<\/p>\n\n\n\n<p><strong>Velkommen til Nabolagsmiddag! <\/strong>Her serverer vi god og hjemmelaget mat og et hyggelig sosialt samv\u00e6r.<\/p>\n\n\n\t\t\t<\/div>\n\t\t<\/div>\n\n<div class=\"t2-accordion-item wp-block-t2-accordion-item\" role=\"listitem\">\n\t\t\t<h3 class=\"t2-accordion-title\">\n\t\t\t\t<button type=\"button\" class=\"t2-accordion-trigger\" id=\"torsdagslunsj\" aria-controls=\"accordion-panel-1\" aria-expanded=\"false\">\n\t\t\t\t\tTorsdagslunsj\n\t\t\t\t\t<span class=\"t2-accordion-icon is-closed-icon\"><svg xmlns=\"http:\/\/www.w3.org\/2000\/svg\" viewBox=\"0 0 24 24\" height=\"24\" width=\"24\" class=\"t2-icon t2-icon-plus\" aria-hidden=\"true\" focusable=\"false\"><path d=\"M11.8 5.037a1.088 1.088 0 0 0-.722.566c-.075.148-.078.25-.078 2.772v2.619l-2.61.016c-1.867.012-2.652.03-2.756.064-.168.055-.438.301-.54.494-.049.092-.07.223-.07.432 0 .34.054.476.282.704.289.289.14.275 3.064.288l2.63.012v2.619c0 2.544.002 2.625.08 2.778.191.372.516.577.92.577s.729-.205.92-.577c.078-.153.08-.234.08-2.778v-2.619l2.63-.012c2.924-.013 2.775.001 3.064-.288.228-.228.282-.364.282-.704 0-.209-.021-.34-.07-.432-.102-.193-.372-.439-.54-.494-.104-.034-.889-.052-2.756-.064L13 10.994V8.375c0-2.522-.003-2.624-.078-2.772-.214-.418-.685-.656-1.122-.566\"\/><\/svg><\/span>\n\t\t\t\t\t<span class=\"t2-accordion-icon is-open-icon\"><svg xmlns=\"http:\/\/www.w3.org\/2000\/svg\" viewBox=\"0 0 24 24\" height=\"24\" width=\"24\" class=\"t2-icon t2-icon-chevronup\" aria-hidden=\"true\" focusable=\"false\"><path d=\"M6.7 14.7c-.2-.2-.3-.4-.3-.7s.1-.5.3-.7l4.6-4.6c.1-.1.2-.2.3-.2.1 0 .2-.1.4-.1.1 0 .3 0 .4.1.1 0 .2.1.3.2l4.6 4.6c.2.2.3.4.3.7s-.1.5-.3.7c-.2.2-.4.3-.7.3s-.5-.1-.7-.3L12 10.8l-3.9 3.9c-.2.2-.4.3-.7.3s-.5-.1-.7-.3z\" fill=\"currentColor\" \/><\/svg><\/span>\n\t\t\t\t<\/button>\n\t\t\t<\/h3>\n\t\t\t<div class=\"t2-accordion-item__inner-container is-layout-flow\" id=\"accordion-panel-1\" aria-labelledby=\"torsdagslunsj\" role=\"region\" hidden>\n\t\t\t\t\n\n<p><strong><u>Torsdager kl. 12.00\u201315.00<\/u><\/strong>.<\/p>\n\n\n\n<p><strong>Torsdagslunsj <\/strong>hos oss med god mat og hyggelig sosialt samv\u00e6r.<\/p>\n\n\n\t\t\t<\/div>\n\t\t<\/div>\n\n<div class=\"t2-accordion-item wp-block-t2-accordion-item\" role=\"listitem\">\n\t\t\t<h3 class=\"t2-accordion-title\">\n\t\t\t\t<button type=\"button\" class=\"t2-accordion-trigger\" id=\"syverksted\" aria-controls=\"accordion-panel-2\" aria-expanded=\"false\">\n\t\t\t\t\tSyverksted\n\t\t\t\t\t<span class=\"t2-accordion-icon is-closed-icon\"><svg xmlns=\"http:\/\/www.w3.org\/2000\/svg\" viewBox=\"0 0 24 24\" height=\"24\" width=\"24\" class=\"t2-icon t2-icon-plus\" aria-hidden=\"true\" focusable=\"false\"><path d=\"M11.8 5.037a1.088 1.088 0 0 0-.722.566c-.075.148-.078.25-.078 2.772v2.619l-2.61.016c-1.867.012-2.652.03-2.756.064-.168.055-.438.301-.54.494-.049.092-.07.223-.07.432 0 .34.054.476.282.704.289.289.14.275 3.064.288l2.63.012v2.619c0 2.544.002 2.625.08 2.778.191.372.516.577.92.577s.729-.205.92-.577c.078-.153.08-.234.08-2.778v-2.619l2.63-.012c2.924-.013 2.775.001 3.064-.288.228-.228.282-.364.282-.704 0-.209-.021-.34-.07-.432-.102-.193-.372-.439-.54-.494-.104-.034-.889-.052-2.756-.064L13 10.994V8.375c0-2.522-.003-2.624-.078-2.772-.214-.418-.685-.656-1.122-.566\"\/><\/svg><\/span>\n\t\t\t\t\t<span class=\"t2-accordion-icon is-open-icon\"><svg xmlns=\"http:\/\/www.w3.org\/2000\/svg\" viewBox=\"0 0 24 24\" height=\"24\" width=\"24\" class=\"t2-icon t2-icon-chevronup\" aria-hidden=\"true\" focusable=\"false\"><path d=\"M6.7 14.7c-.2-.2-.3-.4-.3-.7s.1-.5.3-.7l4.6-4.6c.1-.1.2-.2.3-.2.1 0 .2-.1.4-.1.1 0 .3 0 .4.1.1 0 .2.1.3.2l4.6 4.6c.2.2.3.4.3.7s-.1.5-.3.7c-.2.2-.4.3-.7.3s-.5-.1-.7-.3L12 10.8l-3.9 3.9c-.2.2-.4.3-.7.3s-.5-.1-.7-.3z\" fill=\"currentColor\" \/><\/svg><\/span>\n\t\t\t\t<\/button>\n\t\t\t<\/h3>\n\t\t\t<div class=\"t2-accordion-item__inner-container is-layout-flow\" id=\"accordion-panel-2\" aria-labelledby=\"syverksted\" role=\"region\" hidden>\n\t\t\t\t\n\n<p><strong><u>Tirsdager kl. 16.00\u201320.00<\/u><\/strong>.<\/p>\n\n\n\n<p><strong>Syverksted<\/strong>-tilbudet v\u00e5rt \u00abSy om og sy med\u00bb \u00f8nsker alle velkommen til byens hyggeligste h\u00e5ndarbeidstreff! Her kan du l\u00e6re \u00e5 sy, strikke, hekle eller bare komme \u00e5 bli inspirert. V\u00e5re 2 frivillige, Helena og Linnea, den ene skredder og den andre r\u00e5god p\u00e5 redesign, er til stede for \u00e5 hjelpe og inspirere. Ta gjerne med materialer selv. Vi har symaskiner og en overlockmaskin, og ikke minst har vi masse godt hum\u00f8r!<\/p>\n\n\n\t\t\t<\/div>\n\t\t<\/div>\n\n<div class=\"t2-accordion-item wp-block-t2-accordion-item\" role=\"listitem\">\n\t\t\t<h3 class=\"t2-accordion-title\">\n\t\t\t\t<button type=\"button\" class=\"t2-accordion-trigger\" id=\"&quot;kom-og-spill!&quot;-&lt;strong&gt;\u2013&lt;\/strong&gt;-brettspill\" aria-controls=\"accordion-panel-3\" aria-expanded=\"false\">\n\t\t\t\t\t&quot;Kom og spill!&quot; \u2013 brettspill\n\t\t\t\t\t<span class=\"t2-accordion-icon is-closed-icon\"><svg xmlns=\"http:\/\/www.w3.org\/2000\/svg\" viewBox=\"0 0 24 24\" height=\"24\" width=\"24\" class=\"t2-icon t2-icon-plus\" aria-hidden=\"true\" focusable=\"false\"><path d=\"M11.8 5.037a1.088 1.088 0 0 0-.722.566c-.075.148-.078.25-.078 2.772v2.619l-2.61.016c-1.867.012-2.652.03-2.756.064-.168.055-.438.301-.54.494-.049.092-.07.223-.07.432 0 .34.054.476.282.704.289.289.14.275 3.064.288l2.63.012v2.619c0 2.544.002 2.625.08 2.778.191.372.516.577.92.577s.729-.205.92-.577c.078-.153.08-.234.08-2.778v-2.619l2.63-.012c2.924-.013 2.775.001 3.064-.288.228-.228.282-.364.282-.704 0-.209-.021-.34-.07-.432-.102-.193-.372-.439-.54-.494-.104-.034-.889-.052-2.756-.064L13 10.994V8.375c0-2.522-.003-2.624-.078-2.772-.214-.418-.685-.656-1.122-.566\"\/><\/svg><\/span>\n\t\t\t\t\t<span class=\"t2-accordion-icon is-open-icon\"><svg xmlns=\"http:\/\/www.w3.org\/2000\/svg\" viewBox=\"0 0 24 24\" height=\"24\" width=\"24\" class=\"t2-icon t2-icon-chevronup\" aria-hidden=\"true\" focusable=\"false\"><path d=\"M6.7 14.7c-.2-.2-.3-.4-.3-.7s.1-.5.3-.7l4.6-4.6c.1-.1.2-.2.3-.2.1 0 .2-.1.4-.1.1 0 .3 0 .4.1.1 0 .2.1.3.2l4.6 4.6c.2.2.3.4.3.7s-.1.5-.3.7c-.2.2-.4.3-.7.3s-.5-.1-.7-.3L12 10.8l-3.9 3.9c-.2.2-.4.3-.7.3s-.5-.1-.7-.3z\" fill=\"currentColor\" \/><\/svg><\/span>\n\t\t\t\t<\/button>\n\t\t\t<\/h3>\n\t\t\t<div class=\"t2-accordion-item__inner-container is-layout-flow\" id=\"accordion-panel-3\" aria-labelledby=\"&quot;kom-og-spill!&quot;-&lt;strong&gt;\u2013&lt;\/strong&gt;-brettspill\" role=\"region\" hidden>\n\t\t\t\t\n\n<p><strong><u>Fredager kl.13.00\u201315.00<\/u><\/strong>.<\/p>\n\n\n\n<p><strong>\u00abKom og spill!\u00bb <\/strong>Velkommen til \u00e5 spille brettspill, kort, sjakk etc.<strong>&nbsp;Oppstart fredag 29. august.<\/strong><\/p>\n\n\n\t\t\t<\/div>\n\t\t<\/div>\n\n<div class=\"t2-accordion-item wp-block-t2-accordion-item\" role=\"listitem\">\n\t\t\t<h3 class=\"t2-accordion-title\">\n\t\t\t\t<button type=\"button\" class=\"t2-accordion-trigger\" id=\"trenger-du-hjelp-til-praktiske-oppgaver?\" aria-controls=\"accordion-panel-4\" aria-expanded=\"false\">\n\t\t\t\t\tTrenger du hjelp til praktiske oppgaver?\n\t\t\t\t\t<span class=\"t2-accordion-icon is-closed-icon\"><svg xmlns=\"http:\/\/www.w3.org\/2000\/svg\" viewBox=\"0 0 24 24\" height=\"24\" width=\"24\" class=\"t2-icon t2-icon-plus\" aria-hidden=\"true\" focusable=\"false\"><path d=\"M11.8 5.037a1.088 1.088 0 0 0-.722.566c-.075.148-.078.25-.078 2.772v2.619l-2.61.016c-1.867.012-2.652.03-2.756.064-.168.055-.438.301-.54.494-.049.092-.07.223-.07.432 0 .34.054.476.282.704.289.289.14.275 3.064.288l2.63.012v2.619c0 2.544.002 2.625.08 2.778.191.372.516.577.92.577s.729-.205.92-.577c.078-.153.08-.234.08-2.778v-2.619l2.63-.012c2.924-.013 2.775.001 3.064-.288.228-.228.282-.364.282-.704 0-.209-.021-.34-.07-.432-.102-.193-.372-.439-.54-.494-.104-.034-.889-.052-2.756-.064L13 10.994V8.375c0-2.522-.003-2.624-.078-2.772-.214-.418-.685-.656-1.122-.566\"\/><\/svg><\/span>\n\t\t\t\t\t<span class=\"t2-accordion-icon is-open-icon\"><svg xmlns=\"http:\/\/www.w3.org\/2000\/svg\" viewBox=\"0 0 24 24\" height=\"24\" width=\"24\" class=\"t2-icon t2-icon-chevronup\" aria-hidden=\"true\" focusable=\"false\"><path d=\"M6.7 14.7c-.2-.2-.3-.4-.3-.7s.1-.5.3-.7l4.6-4.6c.1-.1.2-.2.3-.2.1 0 .2-.1.4-.1.1 0 .3 0 .4.1.1 0 .2.1.3.2l4.6 4.6c.2.2.3.4.3.7s-.1.5-.3.7c-.2.2-.4.3-.7.3s-.5-.1-.7-.3L12 10.8l-3.9 3.9c-.2.2-.4.3-.7.3s-.5-.1-.7-.3z\" fill=\"currentColor\" \/><\/svg><\/span>\n\t\t\t\t<\/button>\n\t\t\t<\/h3>\n\t\t\t<div class=\"t2-accordion-item__inner-container is-layout-flow\" id=\"accordion-panel-4\" aria-labelledby=\"trenger-du-hjelp-til-praktiske-oppgaver?\" role=\"region\" hidden>\n\t\t\t\t\n\n<p>V\u00e5re frivillige kan hjelpe til med ulike oppgaver. Vi tilbyr blant annet:<\/p>\n\n\n\n<ul class=\"wp-block-list\">\n<li>Ledsagertjeneste.<\/li>\n\n\n\n<li>Praktisk hjelp.<\/li>\n\n\n\n<li><a href=\"https:\/\/kirkensbymisjon.no\/tilbud-st-hanshaugen-frivilligsentral\/kontaktinformasjon\">Ta kontakt<\/a>&nbsp;med oss om du har sp\u00f8rsm\u00e5l.<\/li>\n<\/ul>\n\n\n\n<p><em>Vi kan dessverre ikke hjelpe deg med flytting og vask, eller arbeid som krever s\u00e6rskilt faglig kompetanse som eksempelvis h\u00e5ndverkertjenester og sykepleie\/psykiatri.<\/em><\/p>\n\n\n\t\t\t<\/div>\n\t\t<\/div>\n\n<div class=\"t2-accordion-item wp-block-t2-accordion-item\" role=\"listitem\">\n\t\t\t<h2 class=\"t2-accordion-title\">\n\t\t\t\t<button type=\"button\" class=\"t2-accordion-trigger\" id=\"frivillig-forum\" aria-controls=\"accordion-panel-5\" aria-expanded=\"false\">\n\t\t\t\t\tFrivillig-forum\n\t\t\t\t\t<span class=\"t2-accordion-icon is-closed-icon\"><svg xmlns=\"http:\/\/www.w3.org\/2000\/svg\" viewBox=\"0 0 24 24\" height=\"24\" width=\"24\" class=\"t2-icon t2-icon-plus\" aria-hidden=\"true\" focusable=\"false\"><path d=\"M11.8 5.037a1.088 1.088 0 0 0-.722.566c-.075.148-.078.25-.078 2.772v2.619l-2.61.016c-1.867.012-2.652.03-2.756.064-.168.055-.438.301-.54.494-.049.092-.07.223-.07.432 0 .34.054.476.282.704.289.289.14.275 3.064.288l2.63.012v2.619c0 2.544.002 2.625.08 2.778.191.372.516.577.92.577s.729-.205.92-.577c.078-.153.08-.234.08-2.778v-2.619l2.63-.012c2.924-.013 2.775.001 3.064-.288.228-.228.282-.364.282-.704 0-.209-.021-.34-.07-.432-.102-.193-.372-.439-.54-.494-.104-.034-.889-.052-2.756-.064L13 10.994V8.375c0-2.522-.003-2.624-.078-2.772-.214-.418-.685-.656-1.122-.566\"\/><\/svg><\/span>\n\t\t\t\t\t<span class=\"t2-accordion-icon is-open-icon\"><svg xmlns=\"http:\/\/www.w3.org\/2000\/svg\" viewBox=\"0 0 24 24\" height=\"24\" width=\"24\" class=\"t2-icon t2-icon-chevronup\" aria-hidden=\"true\" focusable=\"false\"><path d=\"M6.7 14.7c-.2-.2-.3-.4-.3-.7s.1-.5.3-.7l4.6-4.6c.1-.1.2-.2.3-.2.1 0 .2-.1.4-.1.1 0 .3 0 .4.1.1 0 .2.1.3.2l4.6 4.6c.2.2.3.4.3.7s-.1.5-.3.7c-.2.2-.4.3-.7.3s-.5-.1-.7-.3L12 10.8l-3.9 3.9c-.2.2-.4.3-.7.3s-.5-.1-.7-.3z\" fill=\"currentColor\" \/><\/svg><\/span>\n\t\t\t\t<\/button>\n\t\t\t<\/h2>\n\t\t\t<div class=\"t2-accordion-item__inner-container is-layout-flow\" id=\"accordion-panel-5\" aria-labelledby=\"frivillig-forum\" role=\"region\" hidden>\n\t\t\t\t\n\n<p><strong><u>F\u00f8rste onsdager i mnd. kl. 16.30\u201318.00.<\/u><\/strong><\/p>\n\n\n\n<p>Frivllig-forum er en m\u00f8teplass for de frivillige som er tilknyttet St Hanshaugen frivilligsentral. Vi \u00f8nsker \u00e5 etablere et trygt og solid milj\u00f8 for v\u00e5re frivillige og har tro p\u00e5 at det \u00e5 m\u00f8tes jevnlig, utveksle erfaringer samt f\u00e5 faglig p\u00e5fyll vil gj\u00f8re frivilligarbeidet enda mere meningsfullt. Velkommen skal dere v\u00e6re, ogs\u00e5 til deg som ikke har kommet i gang som frivillig og til deg som \u00f8nsker \u00e5 komme i gang igjen!<\/p>\n\n\n\t\t\t<\/div>\n\t\t<\/div>\n<\/div>\n\n\n<div class=\"wp-block-media-text alignwide is-stacked-on-mobile is-style-filled\"><figure class=\"wp-block-media-text__media\"><img loading=\"lazy\" decoding=\"async\" width=\"1024\" height=\"726\" src=\"https:\/\/kirkensbymisjon.no\/content\/uploads\/sites\/111\/2025\/09\/Tilbud_St-hanshaugen-frivilligsentral_03-1024x726.jpg\" alt=\"\" class=\"wp-image-68 size-full\" srcset=\"https:\/\/kirkensbymisjon.no\/content\/uploads\/sites\/111\/2025\/09\/Tilbud_St-hanshaugen-frivilligsentral_03-1024x726.jpg 1024w, https:\/\/kirkensbymisjon.no\/content\/uploads\/sites\/111\/2025\/09\/Tilbud_St-hanshaugen-frivilligsentral_03-300x213.jpg 300w, https:\/\/kirkensbymisjon.no\/content\/uploads\/sites\/111\/2025\/09\/Tilbud_St-hanshaugen-frivilligsentral_03-768x545.jpg 768w, https:\/\/kirkensbymisjon.no\/content\/uploads\/sites\/111\/2025\/09\/Tilbud_St-hanshaugen-frivilligsentral_03-1536x1089.jpg 1536w, https:\/\/kirkensbymisjon.no\/content\/uploads\/sites\/111\/2025\/09\/Tilbud_St-hanshaugen-frivilligsentral_03.jpg 2048w\" sizes=\"auto, (max-width: 1024px) 100vw, 1024px\" \/><\/figure><div class=\"wp-block-media-text__content\">\n<h2 class=\"wp-block-heading\" id=\"frivillig\">Vil du bli frivillig hos St. Hanshaugen Frivilligsentral?<\/h2>\n\n\n\n<p><strong>Vi legger til rette for, mobiliserer og samordner frivillig aktivitet.<\/strong> Uansett hva slags interesser, ferdigheter eller erfaring du har, bist\u00e5r vi deg gjerne i \u00e5 finne en meningsfull, frivillig oppgave, til beste for deg og oss. Det er du selv som bestemmer hvor mye tid du vil bruke \u2013 noen timer kan bety mye for andre mennesker!<\/p>\n\n\n\n<p><strong>Lurer du p\u00e5 noe rundt det \u00e5 v\u00e6re frivillig?<\/strong> Kom gjerne innom Frivilligsentralen for en uforpliktende prat, hvor vi kan snakke mer om hvordan du kan bidra som frivillig og hjelpe andre! <a href=\"https:\/\/kirkensbymisjon.no\/tilbud-st-hanshaugen-frivilligsentral\/kontaktinformasjon\/\">Her<\/a> finner du v\u00e5re lokaler. <a href=\"https:\/\/kirkensbymisjon.no\/bli-frivillig\/\" target=\"_blank\" rel=\"noreferrer noopener\">P\u00e5 denne siden<\/a> kan du lese mer om hvordan det er \u00e5 v\u00e6re frivillig i Kirkens Bymisjon.<\/p>\n<\/div><\/div>\n","protected":false},"excerpt":{"rendered":"<p>V\u00e5re aktiviteter og arrangementer I listen under kan du se en oversikt over aktiviteter og&hellip;<\/p>\n","protected":false},"author":4,"featured_media":0,"parent":0,"menu_order":0,"comment_status":"closed","ping_status":"closed","template":"","meta":{"_relevanssi_hide_post":"","_relevanssi_hide_content":"","_relevanssi_pin_for_all":"","_relevanssi_pin_keywords":"","_relevanssi_unpin_keywords":"","_relevanssi_related_keywords":"","_relevanssi_related_include_ids":"","_relevanssi_related_exclude_ids":"","_relevanssi_related_no_append":"","_relevanssi_related_not_related":"","_relevanssi_related_posts":"1","_relevanssi_noindex_reason":"","editor_notices":[],"footnotes":""},"class_list":["post-62","page","type-page","status-publish","hentry"],"yoast_head":"<!-- This site is optimized with the Yoast SEO Premium plugin v27.2 (Yoast SEO v27.2) - https:\/\/yoast.com\/product\/yoast-seo-premium-wordpress\/ -->\n<title>Hva vi tilbyr - St. Hanshaugen Frivilligsentral<\/title>\n<meta name=\"robots\" content=\"index, follow, max-snippet:-1, max-image-preview:large, max-video-preview:-1\" \/>\n<link rel=\"canonical\" href=\"https:\/\/kirkensbymisjon.no\/tilbud-st-hanshaugen-frivilligsentral\/hva-vi-tilbyr\/\" \/>\n<meta property=\"og:locale\" content=\"nb_NO\" \/>\n<meta property=\"og:type\" content=\"article\" \/>\n<meta property=\"og:title\" content=\"Hva vi tilbyr\" \/>\n<meta property=\"og:description\" content=\"V\u00e5re aktiviteter og arrangementer I listen under kan du se en oversikt over aktiviteter og&hellip;\" \/>\n<meta property=\"og:url\" content=\"https:\/\/kirkensbymisjon.no\/tilbud-st-hanshaugen-frivilligsentral\/hva-vi-tilbyr\/\" \/>\n<meta property=\"og:site_name\" content=\"St. Hanshaugen Frivilligsentral\" \/>\n<meta property=\"article:modified_time\" content=\"2026-01-15T10:22:33+00:00\" \/>\n<meta property=\"og:image\" content=\"https:\/\/kirkensbymisjon.no\/content\/uploads\/sites\/111\/2025\/09\/Tilbud_St-hanshaugen-frivilligsentral_03.jpg\" \/>\n\t<meta property=\"og:image:width\" content=\"2048\" \/>\n\t<meta property=\"og:image:height\" content=\"1452\" \/>\n\t<meta property=\"og:image:type\" content=\"image\/jpeg\" \/>\n<meta name=\"twitter:card\" content=\"summary_large_image\" \/>\n<meta name=\"twitter:label1\" content=\"Ansl. lesetid\" \/>\n\t<meta name=\"twitter:data1\" content=\"3 minutter\" \/>\n<script type=\"application\/ld+json\" class=\"yoast-schema-graph\">{\"@context\":\"https:\/\/schema.org\",\"@graph\":[{\"@type\":\"WebPage\",\"@id\":\"https:\/\/kirkensbymisjon.no\/tilbud-st-hanshaugen-frivilligsentral\/hva-vi-tilbyr\/\",\"url\":\"https:\/\/kirkensbymisjon.no\/tilbud-st-hanshaugen-frivilligsentral\/hva-vi-tilbyr\/\",\"name\":\"Hva vi tilbyr - St. Hanshaugen Frivilligsentral\",\"isPartOf\":{\"@id\":\"https:\/\/kirkensbymisjon.no\/tilbud-st-hanshaugen-frivilligsentral\/#website\"},\"primaryImageOfPage\":{\"@id\":\"https:\/\/kirkensbymisjon.no\/tilbud-st-hanshaugen-frivilligsentral\/hva-vi-tilbyr\/#primaryimage\"},\"image\":{\"@id\":\"https:\/\/kirkensbymisjon.no\/tilbud-st-hanshaugen-frivilligsentral\/hva-vi-tilbyr\/#primaryimage\"},\"thumbnailUrl\":\"https:\/\/kirkensbymisjon.no\/content\/uploads\/sites\/111\/2025\/09\/Tilbud_St-hanshaugen-frivilligsentral_03-1024x726.jpg\",\"datePublished\":\"2025-09-12T10:47:31+00:00\",\"dateModified\":\"2026-01-15T10:22:33+00:00\",\"breadcrumb\":{\"@id\":\"https:\/\/kirkensbymisjon.no\/tilbud-st-hanshaugen-frivilligsentral\/hva-vi-tilbyr\/#breadcrumb\"},\"inLanguage\":\"nb-NO\",\"potentialAction\":[{\"@type\":\"ReadAction\",\"target\":[\"https:\/\/kirkensbymisjon.no\/tilbud-st-hanshaugen-frivilligsentral\/hva-vi-tilbyr\/\"]}]},{\"@type\":\"ImageObject\",\"inLanguage\":\"nb-NO\",\"@id\":\"https:\/\/kirkensbymisjon.no\/tilbud-st-hanshaugen-frivilligsentral\/hva-vi-tilbyr\/#primaryimage\",\"url\":\"https:\/\/kirkensbymisjon.no\/content\/uploads\/sites\/111\/2025\/09\/Tilbud_St-hanshaugen-frivilligsentral_03-1024x726.jpg\",\"contentUrl\":\"https:\/\/kirkensbymisjon.no\/content\/uploads\/sites\/111\/2025\/09\/Tilbud_St-hanshaugen-frivilligsentral_03-1024x726.jpg\"},{\"@type\":\"BreadcrumbList\",\"@id\":\"https:\/\/kirkensbymisjon.no\/tilbud-st-hanshaugen-frivilligsentral\/hva-vi-tilbyr\/#breadcrumb\",\"itemListElement\":[{\"@type\":\"ListItem\",\"position\":1,\"name\":\"Hjem\",\"item\":\"https:\/\/kirkensbymisjon.no\/tilbud-st-hanshaugen-frivilligsentral\/\"},{\"@type\":\"ListItem\",\"position\":2,\"name\":\"Hva vi tilbyr\"}]},{\"@type\":\"WebSite\",\"@id\":\"https:\/\/kirkensbymisjon.no\/tilbud-st-hanshaugen-frivilligsentral\/#website\",\"url\":\"https:\/\/kirkensbymisjon.no\/tilbud-st-hanshaugen-frivilligsentral\/\",\"name\":\"St. Hanshaugen Frivilligsentral\",\"description\":\"\",\"potentialAction\":[{\"@type\":\"SearchAction\",\"target\":{\"@type\":\"EntryPoint\",\"urlTemplate\":\"https:\/\/kirkensbymisjon.no\/tilbud-st-hanshaugen-frivilligsentral\/?s={search_term_string}\"},\"query-input\":{\"@type\":\"PropertyValueSpecification\",\"valueRequired\":true,\"valueName\":\"search_term_string\"}}],\"inLanguage\":\"nb-NO\"}]}<\/script>\n<!-- \/ Yoast SEO Premium plugin. -->","yoast_head_json":{"title":"Hva vi tilbyr - St. Hanshaugen Frivilligsentral","robots":{"index":"index","follow":"follow","max-snippet":"max-snippet:-1","max-image-preview":"max-image-preview:large","max-video-preview":"max-video-preview:-1"},"canonical":"https:\/\/kirkensbymisjon.no\/tilbud-st-hanshaugen-frivilligsentral\/hva-vi-tilbyr\/","og_locale":"nb_NO","og_type":"article","og_title":"Hva vi tilbyr","og_description":"V\u00e5re aktiviteter og arrangementer I listen under kan du se en oversikt over aktiviteter og&hellip;","og_url":"https:\/\/kirkensbymisjon.no\/tilbud-st-hanshaugen-frivilligsentral\/hva-vi-tilbyr\/","og_site_name":"St. Hanshaugen Frivilligsentral","article_modified_time":"2026-01-15T10:22:33+00:00","og_image":[{"width":2048,"height":1452,"url":"https:\/\/kirkensbymisjon.no\/content\/uploads\/sites\/111\/2025\/09\/Tilbud_St-hanshaugen-frivilligsentral_03.jpg","type":"image\/jpeg"}],"twitter_card":"summary_large_image","twitter_misc":{"Ansl. lesetid":"3 minutter"},"schema":{"@context":"https:\/\/schema.org","@graph":[{"@type":"WebPage","@id":"https:\/\/kirkensbymisjon.no\/tilbud-st-hanshaugen-frivilligsentral\/hva-vi-tilbyr\/","url":"https:\/\/kirkensbymisjon.no\/tilbud-st-hanshaugen-frivilligsentral\/hva-vi-tilbyr\/","name":"Hva vi tilbyr - St. Hanshaugen Frivilligsentral","isPartOf":{"@id":"https:\/\/kirkensbymisjon.no\/tilbud-st-hanshaugen-frivilligsentral\/#website"},"primaryImageOfPage":{"@id":"https:\/\/kirkensbymisjon.no\/tilbud-st-hanshaugen-frivilligsentral\/hva-vi-tilbyr\/#primaryimage"},"image":{"@id":"https:\/\/kirkensbymisjon.no\/tilbud-st-hanshaugen-frivilligsentral\/hva-vi-tilbyr\/#primaryimage"},"thumbnailUrl":"https:\/\/kirkensbymisjon.no\/content\/uploads\/sites\/111\/2025\/09\/Tilbud_St-hanshaugen-frivilligsentral_03-1024x726.jpg","datePublished":"2025-09-12T10:47:31+00:00","dateModified":"2026-01-15T10:22:33+00:00","breadcrumb":{"@id":"https:\/\/kirkensbymisjon.no\/tilbud-st-hanshaugen-frivilligsentral\/hva-vi-tilbyr\/#breadcrumb"},"inLanguage":"nb-NO","potentialAction":[{"@type":"ReadAction","target":["https:\/\/kirkensbymisjon.no\/tilbud-st-hanshaugen-frivilligsentral\/hva-vi-tilbyr\/"]}]},{"@type":"ImageObject","inLanguage":"nb-NO","@id":"https:\/\/kirkensbymisjon.no\/tilbud-st-hanshaugen-frivilligsentral\/hva-vi-tilbyr\/#primaryimage","url":"https:\/\/kirkensbymisjon.no\/content\/uploads\/sites\/111\/2025\/09\/Tilbud_St-hanshaugen-frivilligsentral_03-1024x726.jpg","contentUrl":"https:\/\/kirkensbymisjon.no\/content\/uploads\/sites\/111\/2025\/09\/Tilbud_St-hanshaugen-frivilligsentral_03-1024x726.jpg"},{"@type":"BreadcrumbList","@id":"https:\/\/kirkensbymisjon.no\/tilbud-st-hanshaugen-frivilligsentral\/hva-vi-tilbyr\/#breadcrumb","itemListElement":[{"@type":"ListItem","position":1,"name":"Hjem","item":"https:\/\/kirkensbymisjon.no\/tilbud-st-hanshaugen-frivilligsentral\/"},{"@type":"ListItem","position":2,"name":"Hva vi tilbyr"}]},{"@type":"WebSite","@id":"https:\/\/kirkensbymisjon.no\/tilbud-st-hanshaugen-frivilligsentral\/#website","url":"https:\/\/kirkensbymisjon.no\/tilbud-st-hanshaugen-frivilligsentral\/","name":"St. Hanshaugen Frivilligsentral","description":"","potentialAction":[{"@type":"SearchAction","target":{"@type":"EntryPoint","urlTemplate":"https:\/\/kirkensbymisjon.no\/tilbud-st-hanshaugen-frivilligsentral\/?s={search_term_string}"},"query-input":{"@type":"PropertyValueSpecification","valueRequired":true,"valueName":"search_term_string"}}],"inLanguage":"nb-NO"}]}},"_links":{"self":[{"href":"https:\/\/kirkensbymisjon.no\/tilbud-st-hanshaugen-frivilligsentral\/wp-json\/wp\/v2\/pages\/62","targetHints":{"allow":["GET"]}}],"collection":[{"href":"https:\/\/kirkensbymisjon.no\/tilbud-st-hanshaugen-frivilligsentral\/wp-json\/wp\/v2\/pages"}],"about":[{"href":"https:\/\/kirkensbymisjon.no\/tilbud-st-hanshaugen-frivilligsentral\/wp-json\/wp\/v2\/types\/page"}],"author":[{"embeddable":true,"href":"https:\/\/kirkensbymisjon.no\/tilbud-st-hanshaugen-frivilligsentral\/wp-json\/wp\/v2\/users\/4"}],"replies":[{"embeddable":true,"href":"https:\/\/kirkensbymisjon.no\/tilbud-st-hanshaugen-frivilligsentral\/wp-json\/wp\/v2\/comments?post=62"}],"version-history":[{"count":4,"href":"https:\/\/kirkensbymisjon.no\/tilbud-st-hanshaugen-frivilligsentral\/wp-json\/wp\/v2\/pages\/62\/revisions"}],"predecessor-version":[{"id":98,"href":"https:\/\/kirkensbymisjon.no\/tilbud-st-hanshaugen-frivilligsentral\/wp-json\/wp\/v2\/pages\/62\/revisions\/98"}],"wp:attachment":[{"href":"https:\/\/kirkensbymisjon.no\/tilbud-st-hanshaugen-frivilligsentral\/wp-json\/wp\/v2\/media?parent=62"}],"curies":[{"name":"wp","href":"https:\/\/api.w.org\/{rel}","templated":true}]}}