{"id":3,"date":"2024-06-27T08:07:08","date_gmt":"2024-06-27T06:07:08","guid":{"rendered":"https:\/\/kirkensbymisjon.no\/tilbud-st-hanshaugen-seniorsenter\/forside\/"},"modified":"2026-01-06T13:44:29","modified_gmt":"2026-01-06T12:44:29","slug":"forside","status":"publish","type":"page","link":"https:\/\/kirkensbymisjon.no\/tilbud-st-hanshaugen-seniorsenter\/","title":{"rendered":"Forside"},"content":{"rendered":"\n<p><strong>Senteret drives av Kirkens Bymisjon p\u00e5 oppdrag for Bydel St. Hanshaugen, og st\u00e5r for et \u00e5pent og inkluderende fellesskap der hver enkelt kan delta ut fra egne \u00f8nsker og behov. <\/strong><\/p>\n\n\n\n<p>Gjennom samv\u00e6r, fellesskap og deltakelse i aktiviteter ved seniorsenteret fremmes vennskap, tilh\u00f8righet og sosialt nettverk. <a href=\"https:\/\/kirkensbymisjon.no\/tilbud-st-hanshaugen-seniorsenter\/#program\">Vi tilbyr<\/a> ulike kurs, kulturarbeid, <a href=\"https:\/\/kirkensbymisjon.no\/tilbud-st-hanshaugen-seniorsenter\/#frivillig\">frivilligarbeid<\/a>, kaf\u00e9- og servicetilbud, ulike spr\u00e5kkurs og mange ulike treningstilbud. Seniorsenteret samarbeider med bydelens administrasjon, hjemmetjenesten, seniorveileder, demenskoordinator, frivilligsentralen, Eldresenter for d\u00f8ve og d\u00f8vblinde (aktiviteter mandager og tirsdager) og Sentrum St. Hanshaugen sokn.<\/p>\n\n\n\n<h3 class=\"wp-block-heading\" id=\"program\">Lurer du p\u00e5 hva som skjer ved seniorsenteret?<\/h3>\n\n\n\n<p><a href=\"https:\/\/kirkensbymisjon.no\/content\/uploads\/sites\/112\/2026\/01\/A5_Kulturprogram_var_2026.pdf\" target=\"_blank\" rel=\"noreferrer noopener\">Her kan du se v\u00e5rprogrammet for 2026.<\/a><\/p>\n\n\n\n<div class=\"wp-block-media-text alignwide is-stacked-on-mobile is-style-filled\"><figure class=\"wp-block-media-text__media\"><img loading=\"lazy\" decoding=\"async\" width=\"1000\" height=\"500\" src=\"https:\/\/kirkensbymisjon.no\/content\/uploads\/sites\/112\/2024\/07\/Tilbud_st-hanshaugen-seniorsenter_02.jpg\" alt=\"En mann hjelper eldre kvinne p\u00e5 handletur\" class=\"wp-image-22 size-full\" srcset=\"https:\/\/kirkensbymisjon.no\/content\/uploads\/sites\/112\/2024\/07\/Tilbud_st-hanshaugen-seniorsenter_02.jpg 1000w, https:\/\/kirkensbymisjon.no\/content\/uploads\/sites\/112\/2024\/07\/Tilbud_st-hanshaugen-seniorsenter_02-300x150.jpg 300w, https:\/\/kirkensbymisjon.no\/content\/uploads\/sites\/112\/2024\/07\/Tilbud_st-hanshaugen-seniorsenter_02-768x384.jpg 768w\" sizes=\"auto, (max-width: 1000px) 100vw, 1000px\" \/><\/figure><div class=\"wp-block-media-text__content\">\n<h2 class=\"wp-block-heading\" id=\"frivillig\">Frivillig innsats er senterets uunnv\u00e6rlige ressurs!<\/h2>\n\n\n\n<p>\u00c5 v\u00e6re frivillig gir ogs\u00e5 mening for deg selv. Du m\u00f8ter folk du ellers ikke ville ha m\u00f8tt og innsatsen gir mer innhold i hverdagen.<\/p>\n\n\n\n<p><a href=\"\/tilbud-st-hanshaugen-seniorsenter\/bli-frivillig\">Les mer om hva det inneb\u00e6rer \u00e5 v\u00e6re frivillig p\u00e5 seniorsenteret<\/a><\/p>\n<\/div><\/div>\n","protected":false},"excerpt":{"rendered":"<p>Senteret drives av Kirkens Bymisjon p\u00e5 oppdrag for Bydel St. Hanshaugen, og st\u00e5r for et&hellip;<\/p>\n","protected":false},"author":5,"featured_media":0,"parent":0,"menu_order":0,"comment_status":"closed","ping_status":"closed","template":"","meta":{"_relevanssi_hide_post":"","_relevanssi_hide_content":"","_relevanssi_pin_for_all":"","_relevanssi_pin_keywords":"","_relevanssi_unpin_keywords":"","_relevanssi_related_keywords":"","_relevanssi_related_include_ids":"","_relevanssi_related_exclude_ids":"","_relevanssi_related_no_append":"","_relevanssi_related_not_related":"","_relevanssi_related_posts":"1","_relevanssi_noindex_reason":"","editor_notices":[],"footnotes":""},"class_list":["post-3","page","type-page","status-publish","hentry"],"yoast_head":"<!-- This site is optimized with the Yoast SEO Premium plugin v27.2 (Yoast SEO v27.2) - https:\/\/yoast.com\/product\/yoast-seo-premium-wordpress\/ -->\n<title>Kirkens Bymisjon - St. Hanshaugen seniorsenter<\/title>\n<meta name=\"description\" content=\"En m\u00f8teplass som legger til rette for fellesskap i n\u00e6rmilj\u00f8et, slik at eldre kan bo lengst mulig hjemme.\" \/>\n<meta name=\"robots\" content=\"index, follow, max-snippet:-1, max-image-preview:large, max-video-preview:-1\" \/>\n<link rel=\"canonical\" href=\"https:\/\/kirkensbymisjon.no\/tilbud-st-hanshaugen-seniorsenter\/\" \/>\n<meta property=\"og:locale\" content=\"nb_NO\" \/>\n<meta property=\"og:type\" content=\"article\" \/>\n<meta property=\"og:title\" content=\"Forside\" \/>\n<meta property=\"og:description\" content=\"En m\u00f8teplass som legger til rette for fellesskap i n\u00e6rmilj\u00f8et, slik at eldre kan bo lengst mulig hjemme.\" \/>\n<meta property=\"og:url\" content=\"https:\/\/kirkensbymisjon.no\/tilbud-st-hanshaugen-seniorsenter\/\" \/>\n<meta property=\"og:site_name\" content=\"St. Hanshaugen seniorsenter\" \/>\n<meta property=\"article:modified_time\" content=\"2026-01-06T12:44:29+00:00\" \/>\n<meta property=\"og:image\" content=\"https:\/\/kirkensbymisjon.no\/content\/uploads\/sites\/112\/2024\/07\/Tilbud_st-hanshaugen-seniorsenter_02.jpg\" \/>\n\t<meta property=\"og:image:width\" content=\"1000\" \/>\n\t<meta property=\"og:image:height\" content=\"500\" \/>\n\t<meta property=\"og:image:type\" content=\"image\/jpeg\" \/>\n<meta name=\"twitter:card\" content=\"summary_large_image\" \/>\n<meta name=\"twitter:label1\" content=\"Ansl. lesetid\" \/>\n\t<meta name=\"twitter:data1\" content=\"1 minutt\" \/>\n<script type=\"application\/ld+json\" class=\"yoast-schema-graph\">{\"@context\":\"https:\/\/schema.org\",\"@graph\":[{\"@type\":\"WebPage\",\"@id\":\"https:\/\/kirkensbymisjon.no\/tilbud-st-hanshaugen-seniorsenter\/\",\"url\":\"https:\/\/kirkensbymisjon.no\/tilbud-st-hanshaugen-seniorsenter\/\",\"name\":\"Kirkens Bymisjon - St. Hanshaugen seniorsenter\",\"isPartOf\":{\"@id\":\"https:\/\/kirkensbymisjon.no\/tilbud-st-hanshaugen-seniorsenter\/#website\"},\"primaryImageOfPage\":{\"@id\":\"https:\/\/kirkensbymisjon.no\/tilbud-st-hanshaugen-seniorsenter\/#primaryimage\"},\"image\":{\"@id\":\"https:\/\/kirkensbymisjon.no\/tilbud-st-hanshaugen-seniorsenter\/#primaryimage\"},\"thumbnailUrl\":\"https:\/\/kirkensbymisjon.no\/content\/uploads\/sites\/112\/2024\/07\/Tilbud_st-hanshaugen-seniorsenter_02.jpg\",\"datePublished\":\"2024-06-27T06:07:08+00:00\",\"dateModified\":\"2026-01-06T12:44:29+00:00\",\"description\":\"En m\u00f8teplass som legger til rette for fellesskap i n\u00e6rmilj\u00f8et, slik at eldre kan bo lengst mulig hjemme.\",\"breadcrumb\":{\"@id\":\"https:\/\/kirkensbymisjon.no\/tilbud-st-hanshaugen-seniorsenter\/#breadcrumb\"},\"inLanguage\":\"nb-NO\",\"potentialAction\":[{\"@type\":\"ReadAction\",\"target\":[\"https:\/\/kirkensbymisjon.no\/tilbud-st-hanshaugen-seniorsenter\/\"]}]},{\"@type\":\"ImageObject\",\"inLanguage\":\"nb-NO\",\"@id\":\"https:\/\/kirkensbymisjon.no\/tilbud-st-hanshaugen-seniorsenter\/#primaryimage\",\"url\":\"https:\/\/kirkensbymisjon.no\/content\/uploads\/sites\/112\/2024\/07\/Tilbud_st-hanshaugen-seniorsenter_02.jpg\",\"contentUrl\":\"https:\/\/kirkensbymisjon.no\/content\/uploads\/sites\/112\/2024\/07\/Tilbud_st-hanshaugen-seniorsenter_02.jpg\"},{\"@type\":\"BreadcrumbList\",\"@id\":\"https:\/\/kirkensbymisjon.no\/tilbud-st-hanshaugen-seniorsenter\/#breadcrumb\",\"itemListElement\":[{\"@type\":\"ListItem\",\"position\":1,\"name\":\"Hjem\",\"item\":\"https:\/\/kirkensbymisjon.no\/tilbud-st-hanshaugen-seniorsenter\/\"},{\"@type\":\"ListItem\",\"position\":2,\"name\":\"Forside\"}]},{\"@type\":\"WebSite\",\"@id\":\"https:\/\/kirkensbymisjon.no\/tilbud-st-hanshaugen-seniorsenter\/#website\",\"url\":\"https:\/\/kirkensbymisjon.no\/tilbud-st-hanshaugen-seniorsenter\/\",\"name\":\"St. Hanshaugen seniorsenter\",\"description\":\"\",\"potentialAction\":[{\"@type\":\"SearchAction\",\"target\":{\"@type\":\"EntryPoint\",\"urlTemplate\":\"https:\/\/kirkensbymisjon.no\/tilbud-st-hanshaugen-seniorsenter\/?s={search_term_string}\"},\"query-input\":{\"@type\":\"PropertyValueSpecification\",\"valueRequired\":true,\"valueName\":\"search_term_string\"}}],\"inLanguage\":\"nb-NO\"}]}<\/script>\n<!-- \/ Yoast SEO Premium plugin. -->","yoast_head_json":{"title":"Kirkens Bymisjon - St. Hanshaugen seniorsenter","description":"En m\u00f8teplass som legger til rette for fellesskap i n\u00e6rmilj\u00f8et, slik at eldre kan bo lengst mulig hjemme.","robots":{"index":"index","follow":"follow","max-snippet":"max-snippet:-1","max-image-preview":"max-image-preview:large","max-video-preview":"max-video-preview:-1"},"canonical":"https:\/\/kirkensbymisjon.no\/tilbud-st-hanshaugen-seniorsenter\/","og_locale":"nb_NO","og_type":"article","og_title":"Forside","og_description":"En m\u00f8teplass som legger til rette for fellesskap i n\u00e6rmilj\u00f8et, slik at eldre kan bo lengst mulig hjemme.","og_url":"https:\/\/kirkensbymisjon.no\/tilbud-st-hanshaugen-seniorsenter\/","og_site_name":"St. Hanshaugen seniorsenter","article_modified_time":"2026-01-06T12:44:29+00:00","og_image":[{"width":1000,"height":500,"url":"https:\/\/kirkensbymisjon.no\/content\/uploads\/sites\/112\/2024\/07\/Tilbud_st-hanshaugen-seniorsenter_02.jpg","type":"image\/jpeg"}],"twitter_card":"summary_large_image","twitter_misc":{"Ansl. lesetid":"1 minutt"},"schema":{"@context":"https:\/\/schema.org","@graph":[{"@type":"WebPage","@id":"https:\/\/kirkensbymisjon.no\/tilbud-st-hanshaugen-seniorsenter\/","url":"https:\/\/kirkensbymisjon.no\/tilbud-st-hanshaugen-seniorsenter\/","name":"Kirkens Bymisjon - St. Hanshaugen seniorsenter","isPartOf":{"@id":"https:\/\/kirkensbymisjon.no\/tilbud-st-hanshaugen-seniorsenter\/#website"},"primaryImageOfPage":{"@id":"https:\/\/kirkensbymisjon.no\/tilbud-st-hanshaugen-seniorsenter\/#primaryimage"},"image":{"@id":"https:\/\/kirkensbymisjon.no\/tilbud-st-hanshaugen-seniorsenter\/#primaryimage"},"thumbnailUrl":"https:\/\/kirkensbymisjon.no\/content\/uploads\/sites\/112\/2024\/07\/Tilbud_st-hanshaugen-seniorsenter_02.jpg","datePublished":"2024-06-27T06:07:08+00:00","dateModified":"2026-01-06T12:44:29+00:00","description":"En m\u00f8teplass som legger til rette for fellesskap i n\u00e6rmilj\u00f8et, slik at eldre kan bo lengst mulig hjemme.","breadcrumb":{"@id":"https:\/\/kirkensbymisjon.no\/tilbud-st-hanshaugen-seniorsenter\/#breadcrumb"},"inLanguage":"nb-NO","potentialAction":[{"@type":"ReadAction","target":["https:\/\/kirkensbymisjon.no\/tilbud-st-hanshaugen-seniorsenter\/"]}]},{"@type":"ImageObject","inLanguage":"nb-NO","@id":"https:\/\/kirkensbymisjon.no\/tilbud-st-hanshaugen-seniorsenter\/#primaryimage","url":"https:\/\/kirkensbymisjon.no\/content\/uploads\/sites\/112\/2024\/07\/Tilbud_st-hanshaugen-seniorsenter_02.jpg","contentUrl":"https:\/\/kirkensbymisjon.no\/content\/uploads\/sites\/112\/2024\/07\/Tilbud_st-hanshaugen-seniorsenter_02.jpg"},{"@type":"BreadcrumbList","@id":"https:\/\/kirkensbymisjon.no\/tilbud-st-hanshaugen-seniorsenter\/#breadcrumb","itemListElement":[{"@type":"ListItem","position":1,"name":"Hjem","item":"https:\/\/kirkensbymisjon.no\/tilbud-st-hanshaugen-seniorsenter\/"},{"@type":"ListItem","position":2,"name":"Forside"}]},{"@type":"WebSite","@id":"https:\/\/kirkensbymisjon.no\/tilbud-st-hanshaugen-seniorsenter\/#website","url":"https:\/\/kirkensbymisjon.no\/tilbud-st-hanshaugen-seniorsenter\/","name":"St. Hanshaugen seniorsenter","description":"","potentialAction":[{"@type":"SearchAction","target":{"@type":"EntryPoint","urlTemplate":"https:\/\/kirkensbymisjon.no\/tilbud-st-hanshaugen-seniorsenter\/?s={search_term_string}"},"query-input":{"@type":"PropertyValueSpecification","valueRequired":true,"valueName":"search_term_string"}}],"inLanguage":"nb-NO"}]}},"_links":{"self":[{"href":"https:\/\/kirkensbymisjon.no\/tilbud-st-hanshaugen-seniorsenter\/wp-json\/wp\/v2\/pages\/3","targetHints":{"allow":["GET"]}}],"collection":[{"href":"https:\/\/kirkensbymisjon.no\/tilbud-st-hanshaugen-seniorsenter\/wp-json\/wp\/v2\/pages"}],"about":[{"href":"https:\/\/kirkensbymisjon.no\/tilbud-st-hanshaugen-seniorsenter\/wp-json\/wp\/v2\/types\/page"}],"author":[{"embeddable":true,"href":"https:\/\/kirkensbymisjon.no\/tilbud-st-hanshaugen-seniorsenter\/wp-json\/wp\/v2\/users\/5"}],"replies":[{"embeddable":true,"href":"https:\/\/kirkensbymisjon.no\/tilbud-st-hanshaugen-seniorsenter\/wp-json\/wp\/v2\/comments?post=3"}],"version-history":[{"count":5,"href":"https:\/\/kirkensbymisjon.no\/tilbud-st-hanshaugen-seniorsenter\/wp-json\/wp\/v2\/pages\/3\/revisions"}],"predecessor-version":[{"id":149,"href":"https:\/\/kirkensbymisjon.no\/tilbud-st-hanshaugen-seniorsenter\/wp-json\/wp\/v2\/pages\/3\/revisions\/149"}],"wp:attachment":[{"href":"https:\/\/kirkensbymisjon.no\/tilbud-st-hanshaugen-seniorsenter\/wp-json\/wp\/v2\/media?parent=3"}],"curies":[{"name":"wp","href":"https:\/\/api.w.org\/{rel}","templated":true}]}}