{"id":48,"date":"2024-07-30T10:44:56","date_gmt":"2024-07-30T08:44:56","guid":{"rendered":"https:\/\/kirkensbymisjon.no\/tilbud-st-hanshaugen-seniorsenter\/?page_id=48"},"modified":"2024-08-15T00:21:09","modified_gmt":"2024-08-14T22:21:09","slug":"servicetilbud","status":"publish","type":"page","link":"https:\/\/kirkensbymisjon.no\/tilbud-st-hanshaugen-seniorsenter\/hva-vi-tilbyr\/servicetilbud\/","title":{"rendered":"Servicetilbud"},"content":{"rendered":"\n<h2 class=\"wp-block-heading\" id=\"h-frisor\"><strong>Fris\u00f8r<\/strong><\/h2>\n\n\n\n<p>Sine Akerholt Skyttemyr er v\u00e5r fris\u00f8r. Hun er tilstede p\u00e5 senteret mandager og tirsdager.<br>For timebestilling, ring telefon: 928 12 554<\/p>\n\n\n\n<p><strong>Prisliste fris\u00f8rtjenester:<\/strong><br>Klipp dame kr. 500<br>Klipp herre kr. 400<br>Vask og f\u00f8hn: kr. 450<br>Vask og legg: kr. 450<br>Farge kr. 650<br>Permanent med klipp kr. 1&nbsp;450<\/p>\n\n\n\n<h2 class=\"wp-block-heading\" id=\"h-fotterapi\">Fotterapi<\/h2>\n\n\n\n<p>Nann-Karin og Lise er v\u00e5re dyktige fotterapeuter. Nann-Karin har spesialutdanning for behandling av diabetikere. Fotterapi er per n\u00e5 tilgjengelig mandager, onsdager, torsdager og fredager.<\/p>\n\n\n\n<p>Pris er kr 650,-<\/p>\n\n\n\n<p>For bestilling, ring sentralbord p\u00e5 tlf. 22 38 70 60, eller direkte til fotpleierne p\u00e5 tlf. 47 46 32 79.<\/p>\n\n\n\n<h2 class=\"wp-block-heading\" id=\"h-massasje\">Massasje<\/h2>\n\n\n\n<p>Vi har ogs\u00e5 tilbud om massasje p\u00e5 seniorsenteret. V\u00e5r muskel- og massasjeterapeut heter Mimmi Vangen, og hun er tilstede p\u00e5 senteret annenhver fredag.<\/p>\n\n\n\n<p>Pris for 30 minutter: 550,-<br>Pris for 60 minutter: 1 000,-<\/p>\n\n\n\n<p>Send SMS til 452 07 529 for \u00e5 bestille time, s\u00e5 hjelper hun deg videre.<\/p>\n\n\n\n<h2 class=\"wp-block-heading\" id=\"h-transport\">Transport<\/h2>\n\n\n\n<p>Transport til senteret kan ordnes for de som av ulike \u00e5rsaker ikke har mulighet til \u00e5 komme seg til senteret p\u00e5 annet vis.<br>For bestilling, ring: 22 38 70 60<\/p>\n\n\n\n<h2 class=\"wp-block-heading\" id=\"h-kjokken-catering\">Kj\u00f8kken\/catering<\/h2>\n\n\n\n<p>Vi serverer god, hjemmelaget mat.<br>I kaf\u00e9disken er det p\u00e5smurte snitter, nystekte vafler og andre fristende varer.<br>Frokost serveres mandag, onsdag og fredag klokken 10.30.<br>N\u00e6ringsrik, hjemmelaget middag serveres mandag til fredag fra klokken 14.00-16.00.<\/p>\n\n\n\n<h2 class=\"wp-block-heading\" id=\"h-maltidsboks-eller-middag-pa-farten\"><strong>M\u00e5ltidsboks eller middag \u00abp\u00e5 farten\u00bb<\/strong><\/h2>\n\n\n\n<p id=\"contentarea\">Seniorsenteret har ikke lenger mulighet til \u00e5 levere varme m\u00e5ltider hjem, men det er mulig \u00e5 bestille m\u00e5ltidsboks eller middag som kan hentes p\u00e5 senteret mellom klokken 14.00-16.00.<\/p>\n\n\n\n<p>B\u00e5de m\u00e5ltidsboks og middag inneholder velsmakende energi- og n\u00e6ringsrik mat, og st\u00f8rrelsen dekker behovet for ett m\u00e5ltid.<\/p>\n\n\n\n<p>Pris for m\u00e5ltidsboks: kr. 50<br>Pris for middag: kr. 100<br>Bestillingen m\u00e5 skje en dag i forveien.<br>For mer informasjon og bestilling, ring 22 38 70 60<\/p>\n","protected":false},"excerpt":{"rendered":"<p>Fris\u00f8r Sine Akerholt Skyttemyr er v\u00e5r fris\u00f8r. Hun er tilstede p\u00e5 senteret mandager og tirsdager.For&hellip;<\/p>\n","protected":false},"author":4,"featured_media":0,"parent":8,"menu_order":0,"comment_status":"closed","ping_status":"closed","template":"","meta":{"_relevanssi_hide_post":"","_relevanssi_hide_content":"","_relevanssi_pin_for_all":"","_relevanssi_pin_keywords":"","_relevanssi_unpin_keywords":"","_relevanssi_related_keywords":"","_relevanssi_related_include_ids":"","_relevanssi_related_exclude_ids":"","_relevanssi_related_no_append":"","_relevanssi_related_not_related":"","_relevanssi_related_posts":"1","_relevanssi_noindex_reason":"","editor_notices":[],"footnotes":""},"class_list":["post-48","page","type-page","status-publish","hentry"],"yoast_head":"<!-- This site is optimized with the Yoast SEO Premium plugin v27.2 (Yoast SEO v27.2) - https:\/\/yoast.com\/product\/yoast-seo-premium-wordpress\/ -->\n<title>Servicetilbud - St. Hanshaugen seniorsenter<\/title>\n<meta name=\"robots\" content=\"index, follow, max-snippet:-1, max-image-preview:large, max-video-preview:-1\" \/>\n<link rel=\"canonical\" href=\"https:\/\/kirkensbymisjon.no\/tilbud-st-hanshaugen-seniorsenter\/hva-vi-tilbyr\/servicetilbud\/\" \/>\n<meta property=\"og:locale\" content=\"nb_NO\" \/>\n<meta property=\"og:type\" content=\"article\" \/>\n<meta property=\"og:title\" content=\"Servicetilbud\" \/>\n<meta property=\"og:description\" content=\"Fris\u00f8r Sine Akerholt Skyttemyr er v\u00e5r fris\u00f8r. Hun er tilstede p\u00e5 senteret mandager og tirsdager.For&hellip;\" \/>\n<meta property=\"og:url\" content=\"https:\/\/kirkensbymisjon.no\/tilbud-st-hanshaugen-seniorsenter\/hva-vi-tilbyr\/servicetilbud\/\" \/>\n<meta property=\"og:site_name\" content=\"St. Hanshaugen seniorsenter\" \/>\n<meta property=\"article:modified_time\" content=\"2024-08-14T22:21:09+00:00\" \/>\n<meta name=\"twitter:card\" content=\"summary_large_image\" \/>\n<meta name=\"twitter:label1\" content=\"Ansl. lesetid\" \/>\n\t<meta name=\"twitter:data1\" content=\"2 minutter\" \/>\n<script type=\"application\/ld+json\" class=\"yoast-schema-graph\">{\"@context\":\"https:\/\/schema.org\",\"@graph\":[{\"@type\":\"WebPage\",\"@id\":\"https:\/\/kirkensbymisjon.no\/tilbud-st-hanshaugen-seniorsenter\/hva-vi-tilbyr\/servicetilbud\/\",\"url\":\"https:\/\/kirkensbymisjon.no\/tilbud-st-hanshaugen-seniorsenter\/hva-vi-tilbyr\/servicetilbud\/\",\"name\":\"Servicetilbud - St. Hanshaugen seniorsenter\",\"isPartOf\":{\"@id\":\"https:\/\/kirkensbymisjon.no\/tilbud-st-hanshaugen-seniorsenter\/#website\"},\"datePublished\":\"2024-07-30T08:44:56+00:00\",\"dateModified\":\"2024-08-14T22:21:09+00:00\",\"breadcrumb\":{\"@id\":\"https:\/\/kirkensbymisjon.no\/tilbud-st-hanshaugen-seniorsenter\/hva-vi-tilbyr\/servicetilbud\/#breadcrumb\"},\"inLanguage\":\"nb-NO\",\"potentialAction\":[{\"@type\":\"ReadAction\",\"target\":[\"https:\/\/kirkensbymisjon.no\/tilbud-st-hanshaugen-seniorsenter\/hva-vi-tilbyr\/servicetilbud\/\"]}]},{\"@type\":\"BreadcrumbList\",\"@id\":\"https:\/\/kirkensbymisjon.no\/tilbud-st-hanshaugen-seniorsenter\/hva-vi-tilbyr\/servicetilbud\/#breadcrumb\",\"itemListElement\":[{\"@type\":\"ListItem\",\"position\":1,\"name\":\"Hjem\",\"item\":\"https:\/\/kirkensbymisjon.no\/tilbud-st-hanshaugen-seniorsenter\/\"},{\"@type\":\"ListItem\",\"position\":2,\"name\":\"Hva vi tilbyr\",\"item\":\"https:\/\/kirkensbymisjon.no\/tilbud-st-hanshaugen-seniorsenter\/hva-vi-tilbyr\/\"},{\"@type\":\"ListItem\",\"position\":3,\"name\":\"Servicetilbud\"}]},{\"@type\":\"WebSite\",\"@id\":\"https:\/\/kirkensbymisjon.no\/tilbud-st-hanshaugen-seniorsenter\/#website\",\"url\":\"https:\/\/kirkensbymisjon.no\/tilbud-st-hanshaugen-seniorsenter\/\",\"name\":\"St. Hanshaugen seniorsenter\",\"description\":\"\",\"potentialAction\":[{\"@type\":\"SearchAction\",\"target\":{\"@type\":\"EntryPoint\",\"urlTemplate\":\"https:\/\/kirkensbymisjon.no\/tilbud-st-hanshaugen-seniorsenter\/?s={search_term_string}\"},\"query-input\":{\"@type\":\"PropertyValueSpecification\",\"valueRequired\":true,\"valueName\":\"search_term_string\"}}],\"inLanguage\":\"nb-NO\"}]}<\/script>\n<!-- \/ Yoast SEO Premium plugin. -->","yoast_head_json":{"title":"Servicetilbud - St. Hanshaugen seniorsenter","robots":{"index":"index","follow":"follow","max-snippet":"max-snippet:-1","max-image-preview":"max-image-preview:large","max-video-preview":"max-video-preview:-1"},"canonical":"https:\/\/kirkensbymisjon.no\/tilbud-st-hanshaugen-seniorsenter\/hva-vi-tilbyr\/servicetilbud\/","og_locale":"nb_NO","og_type":"article","og_title":"Servicetilbud","og_description":"Fris\u00f8r Sine Akerholt Skyttemyr er v\u00e5r fris\u00f8r. Hun er tilstede p\u00e5 senteret mandager og tirsdager.For&hellip;","og_url":"https:\/\/kirkensbymisjon.no\/tilbud-st-hanshaugen-seniorsenter\/hva-vi-tilbyr\/servicetilbud\/","og_site_name":"St. Hanshaugen seniorsenter","article_modified_time":"2024-08-14T22:21:09+00:00","twitter_card":"summary_large_image","twitter_misc":{"Ansl. lesetid":"2 minutter"},"schema":{"@context":"https:\/\/schema.org","@graph":[{"@type":"WebPage","@id":"https:\/\/kirkensbymisjon.no\/tilbud-st-hanshaugen-seniorsenter\/hva-vi-tilbyr\/servicetilbud\/","url":"https:\/\/kirkensbymisjon.no\/tilbud-st-hanshaugen-seniorsenter\/hva-vi-tilbyr\/servicetilbud\/","name":"Servicetilbud - St. Hanshaugen seniorsenter","isPartOf":{"@id":"https:\/\/kirkensbymisjon.no\/tilbud-st-hanshaugen-seniorsenter\/#website"},"datePublished":"2024-07-30T08:44:56+00:00","dateModified":"2024-08-14T22:21:09+00:00","breadcrumb":{"@id":"https:\/\/kirkensbymisjon.no\/tilbud-st-hanshaugen-seniorsenter\/hva-vi-tilbyr\/servicetilbud\/#breadcrumb"},"inLanguage":"nb-NO","potentialAction":[{"@type":"ReadAction","target":["https:\/\/kirkensbymisjon.no\/tilbud-st-hanshaugen-seniorsenter\/hva-vi-tilbyr\/servicetilbud\/"]}]},{"@type":"BreadcrumbList","@id":"https:\/\/kirkensbymisjon.no\/tilbud-st-hanshaugen-seniorsenter\/hva-vi-tilbyr\/servicetilbud\/#breadcrumb","itemListElement":[{"@type":"ListItem","position":1,"name":"Hjem","item":"https:\/\/kirkensbymisjon.no\/tilbud-st-hanshaugen-seniorsenter\/"},{"@type":"ListItem","position":2,"name":"Hva vi tilbyr","item":"https:\/\/kirkensbymisjon.no\/tilbud-st-hanshaugen-seniorsenter\/hva-vi-tilbyr\/"},{"@type":"ListItem","position":3,"name":"Servicetilbud"}]},{"@type":"WebSite","@id":"https:\/\/kirkensbymisjon.no\/tilbud-st-hanshaugen-seniorsenter\/#website","url":"https:\/\/kirkensbymisjon.no\/tilbud-st-hanshaugen-seniorsenter\/","name":"St. Hanshaugen seniorsenter","description":"","potentialAction":[{"@type":"SearchAction","target":{"@type":"EntryPoint","urlTemplate":"https:\/\/kirkensbymisjon.no\/tilbud-st-hanshaugen-seniorsenter\/?s={search_term_string}"},"query-input":{"@type":"PropertyValueSpecification","valueRequired":true,"valueName":"search_term_string"}}],"inLanguage":"nb-NO"}]}},"_links":{"self":[{"href":"https:\/\/kirkensbymisjon.no\/tilbud-st-hanshaugen-seniorsenter\/wp-json\/wp\/v2\/pages\/48","targetHints":{"allow":["GET"]}}],"collection":[{"href":"https:\/\/kirkensbymisjon.no\/tilbud-st-hanshaugen-seniorsenter\/wp-json\/wp\/v2\/pages"}],"about":[{"href":"https:\/\/kirkensbymisjon.no\/tilbud-st-hanshaugen-seniorsenter\/wp-json\/wp\/v2\/types\/page"}],"author":[{"embeddable":true,"href":"https:\/\/kirkensbymisjon.no\/tilbud-st-hanshaugen-seniorsenter\/wp-json\/wp\/v2\/users\/4"}],"replies":[{"embeddable":true,"href":"https:\/\/kirkensbymisjon.no\/tilbud-st-hanshaugen-seniorsenter\/wp-json\/wp\/v2\/comments?post=48"}],"version-history":[{"count":3,"href":"https:\/\/kirkensbymisjon.no\/tilbud-st-hanshaugen-seniorsenter\/wp-json\/wp\/v2\/pages\/48\/revisions"}],"predecessor-version":[{"id":75,"href":"https:\/\/kirkensbymisjon.no\/tilbud-st-hanshaugen-seniorsenter\/wp-json\/wp\/v2\/pages\/48\/revisions\/75"}],"up":[{"embeddable":true,"href":"https:\/\/kirkensbymisjon.no\/tilbud-st-hanshaugen-seniorsenter\/wp-json\/wp\/v2\/pages\/8"}],"wp:attachment":[{"href":"https:\/\/kirkensbymisjon.no\/tilbud-st-hanshaugen-seniorsenter\/wp-json\/wp\/v2\/media?parent=48"}],"curies":[{"name":"wp","href":"https:\/\/api.w.org\/{rel}","templated":true}]}}