{"id":8,"date":"2024-07-24T12:45:57","date_gmt":"2024-07-24T10:45:57","guid":{"rendered":"https:\/\/kirkensbymisjon.no\/tilbud-st-hanshaugen-seniorsenter\/?page_id=8"},"modified":"2026-01-06T11:57:15","modified_gmt":"2026-01-06T10:57:15","slug":"hva-vi-tilbyr","status":"publish","type":"page","link":"https:\/\/kirkensbymisjon.no\/tilbud-st-hanshaugen-seniorsenter\/hva-vi-tilbyr\/","title":{"rendered":"Hva vi tilbyr"},"content":{"rendered":"\n<h2 class=\"wp-block-heading\" id=\"h-vare-aktiviteter\">V\u00e5re aktiviteter<\/h2>\n\n\n\n<h3 class=\"wp-block-heading\" id=\"h-apen-kafe\">\u00c5pen kaf\u00e9<\/h3>\n\n\n\n<p>St. Hanshaugen seniorsenter har \u00e5pen kaf\u00e9 mandag\u2013fredag kl. 10.00\u201315.30,<br>med blant annet snitter og nystekte vafler og og middagsservering kl. 14.00\u201315.00.<br><strong>\u00d8nsker du \u00e5 f\u00e5 tilsendt ukentlig middagsmeny p\u00e5 e-post?<\/strong> Kontakt oss p\u00e5 telefon <a href=\"tel:22387060\">22 38 70 60<\/a> eller e-post <a href=\"mailto:StHanshaugenSeniorsenter@bymisjon.no\">StHanshaugenSeniorsenter@bymisjon.no<\/a><\/p>\n\n\n\n<h3 class=\"wp-block-heading\" id=\"h-treningstilbud\">Treningstilbud<\/h3>\n\n\n\n<p>For \u00e5 lese om v\u00e5re treningsgrupper og se hvordan du kan melde deg p\u00e5, <a href=\"\/tilbud-st-hanshaugen-seniorsenter\/vare-tilbud\/treningstilbud\">klikker du her<\/a>.<\/p>\n\n\n\n<h3 class=\"wp-block-heading\" id=\"h-servicetilbud\">Servicetilbud<\/h3>\n\n\n\n<p>For \u00e5 lese mer om v\u00e5re servicetilbud; fris\u00f8r, fotterapi, transport m.m.,<br><a href=\"\/tilbud-st-hanshaugen-seniorsenter\/vare-tilbud\/servicetilbud\">klikker du her<\/a>.<\/p>\n\n\n\n<h3 class=\"wp-block-heading\" id=\"h-handarbeidsgruppe\"><strong>H\u00e5ndarbeidsgruppe<\/strong><\/h3>\n\n\n\n<p>P\u00e5 seniorsenteret har vi mange flittige mennesker. <br><em>H\u00e5ndarbeidsgruppen samles mandager, fra kl. 15.00\u201318.00.<\/em> <br>I tillegg til \u00e5 drive med h\u00e5ndarbeid, prater vi ogs\u00e5 om l\u00f8st og fast og drikker kaffe. Gruppen \u00f8nsker alle nye medlemmer velkommen.<\/p>\n\n\n\n<h3 class=\"wp-block-heading\" id=\"h-digital-veiledning\"><strong>Digital veiledning<\/strong><\/h3>\n\n\n\n<p><em>Mandager fra kl. 10.00\u201313.00, kan du f\u00e5 hjelp med digitale verkt\u00f8y.<\/em> <br>Frivillige fra Seniornett er tilstede p\u00e5 seniorsenteret, og kan bist\u00e5 med blant annet oppsett og bruk av e-post, nettbank, surfing p\u00e5 internett, billettbestilling, bildebehandling, og generell bruk av mobil og nettbrett.<br><br>For \u00e5 <strong>bestille time<\/strong>, ta kontakt med en av v\u00e5re frivillige medarbeidere:<\/p>\n\n\n\n<p>Else-Marit Holtermann<br>Telefon <a href=\"tel:+4790991141\">909 91 141<\/a><br><br>Petter Horgen<br>Telefon <a href=\"tel:+4795060228\">950 60 228<\/a><\/p>\n\n\n\n<h3 class=\"wp-block-heading\" id=\"h-musikkafe\"><strong>Musikkaf\u00e9<\/strong><\/h3>\n\n\n\n<p>En gang i m\u00e5neden f\u00e5r vi bes\u00f8k av dyktige sangere og musikere som tar oss med p\u00e5 en reise gjennom ulike musikksjangre. Her spilles alt fra blues og jazz til pop, rock og visesang. <br><strong>\u00d8nsker du mer informasjon?<\/strong> <a href=\"https:\/\/kirkensbymisjon.no\/content\/uploads\/sites\/112\/2026\/01\/A5_Kulturprogram_var_2026.pdf\" target=\"_blank\" rel=\"noreferrer noopener\">Her kan du se v\u00e5rprogrammet for 2026.<\/a><\/p>\n\n\n\n<h3 class=\"wp-block-heading\" id=\"h-konserter-foredrag\">Konserter\/foredrag<\/h3>\n\n\n\n<p>P\u00e5 utvalgte onsdager arrangerer vi konserter og foredrag p\u00e5 seniorsenteret. Noen av arrangementene er st\u00f8ttet av <a href=\"https:\/\/www.oslo.kommune.no\/tilskudd-legater-og-stipend\/den-kulturelle-spaserstokken\/#gref\">Den kulturelle spaserstokken<\/a>. <br><strong>\u00d8nsker du mer informasjon?<\/strong> <a href=\"https:\/\/kirkensbymisjon.no\/content\/uploads\/sites\/112\/2026\/01\/A5_Kulturprogram_var_2026.pdf\" target=\"_blank\" rel=\"noreferrer noopener\">Her kan du se v\u00e5rprogrammet for 2026.<\/a><\/p>\n\n\n\n<h3 class=\"wp-block-heading\" id=\"h-bymisjonsprest\">Bymisjonsprest<\/h3>\n\n\n\n<p>Kirkens Bymisjon sin prest, Olga Tvedt, er tilgjengelig for samtaler. Hun er ogs\u00e5 p\u00e5 senteret i forbindelse med lystenning, f\u00f8rste mandag hver m\u00e5ned.<\/p>\n","protected":false},"excerpt":{"rendered":"<p>V\u00e5re aktiviteter \u00c5pen kaf\u00e9 St. Hanshaugen seniorsenter har \u00e5pen kaf\u00e9 mandag\u2013fredag kl. 10.00\u201315.30,med blant annet&hellip;<\/p>\n","protected":false},"author":6,"featured_media":0,"parent":0,"menu_order":0,"comment_status":"closed","ping_status":"closed","template":"","meta":{"_relevanssi_hide_post":"","_relevanssi_hide_content":"","_relevanssi_pin_for_all":"","_relevanssi_pin_keywords":"","_relevanssi_unpin_keywords":"","_relevanssi_related_keywords":"","_relevanssi_related_include_ids":"","_relevanssi_related_exclude_ids":"","_relevanssi_related_no_append":"","_relevanssi_related_not_related":"","_relevanssi_related_posts":"1","_relevanssi_noindex_reason":"","editor_notices":[],"footnotes":""},"class_list":["post-8","page","type-page","status-publish","hentry"],"yoast_head":"<!-- This site is optimized with the Yoast SEO Premium plugin v27.2 (Yoast SEO v27.2) - https:\/\/yoast.com\/product\/yoast-seo-premium-wordpress\/ -->\n<title>Hva vi tilbyr - St. Hanshaugen seniorsenter<\/title>\n<meta name=\"robots\" content=\"index, follow, max-snippet:-1, max-image-preview:large, max-video-preview:-1\" \/>\n<link rel=\"canonical\" href=\"https:\/\/kirkensbymisjon.no\/tilbud-st-hanshaugen-seniorsenter\/hva-vi-tilbyr\/\" \/>\n<meta property=\"og:locale\" content=\"nb_NO\" \/>\n<meta property=\"og:type\" content=\"article\" \/>\n<meta property=\"og:title\" content=\"Hva vi tilbyr\" \/>\n<meta property=\"og:description\" content=\"V\u00e5re aktiviteter \u00c5pen kaf\u00e9 St. Hanshaugen seniorsenter har \u00e5pen kaf\u00e9 mandag\u2013fredag kl. 10.00\u201315.30,med blant annet&hellip;\" \/>\n<meta property=\"og:url\" content=\"https:\/\/kirkensbymisjon.no\/tilbud-st-hanshaugen-seniorsenter\/hva-vi-tilbyr\/\" \/>\n<meta property=\"og:site_name\" content=\"St. Hanshaugen seniorsenter\" \/>\n<meta property=\"article:modified_time\" content=\"2026-01-06T10:57:15+00:00\" \/>\n<meta name=\"twitter:card\" content=\"summary_large_image\" \/>\n<meta name=\"twitter:label1\" content=\"Ansl. lesetid\" \/>\n\t<meta name=\"twitter:data1\" content=\"2 minutter\" \/>\n<script type=\"application\/ld+json\" class=\"yoast-schema-graph\">{\"@context\":\"https:\/\/schema.org\",\"@graph\":[{\"@type\":\"WebPage\",\"@id\":\"https:\/\/kirkensbymisjon.no\/tilbud-st-hanshaugen-seniorsenter\/hva-vi-tilbyr\/\",\"url\":\"https:\/\/kirkensbymisjon.no\/tilbud-st-hanshaugen-seniorsenter\/hva-vi-tilbyr\/\",\"name\":\"Hva vi tilbyr - St. Hanshaugen seniorsenter\",\"isPartOf\":{\"@id\":\"https:\/\/kirkensbymisjon.no\/tilbud-st-hanshaugen-seniorsenter\/#website\"},\"datePublished\":\"2024-07-24T10:45:57+00:00\",\"dateModified\":\"2026-01-06T10:57:15+00:00\",\"breadcrumb\":{\"@id\":\"https:\/\/kirkensbymisjon.no\/tilbud-st-hanshaugen-seniorsenter\/hva-vi-tilbyr\/#breadcrumb\"},\"inLanguage\":\"nb-NO\",\"potentialAction\":[{\"@type\":\"ReadAction\",\"target\":[\"https:\/\/kirkensbymisjon.no\/tilbud-st-hanshaugen-seniorsenter\/hva-vi-tilbyr\/\"]}]},{\"@type\":\"BreadcrumbList\",\"@id\":\"https:\/\/kirkensbymisjon.no\/tilbud-st-hanshaugen-seniorsenter\/hva-vi-tilbyr\/#breadcrumb\",\"itemListElement\":[{\"@type\":\"ListItem\",\"position\":1,\"name\":\"Hjem\",\"item\":\"https:\/\/kirkensbymisjon.no\/tilbud-st-hanshaugen-seniorsenter\/\"},{\"@type\":\"ListItem\",\"position\":2,\"name\":\"Hva vi tilbyr\"}]},{\"@type\":\"WebSite\",\"@id\":\"https:\/\/kirkensbymisjon.no\/tilbud-st-hanshaugen-seniorsenter\/#website\",\"url\":\"https:\/\/kirkensbymisjon.no\/tilbud-st-hanshaugen-seniorsenter\/\",\"name\":\"St. Hanshaugen seniorsenter\",\"description\":\"\",\"potentialAction\":[{\"@type\":\"SearchAction\",\"target\":{\"@type\":\"EntryPoint\",\"urlTemplate\":\"https:\/\/kirkensbymisjon.no\/tilbud-st-hanshaugen-seniorsenter\/?s={search_term_string}\"},\"query-input\":{\"@type\":\"PropertyValueSpecification\",\"valueRequired\":true,\"valueName\":\"search_term_string\"}}],\"inLanguage\":\"nb-NO\"}]}<\/script>\n<!-- \/ Yoast SEO Premium plugin. -->","yoast_head_json":{"title":"Hva vi tilbyr - St. Hanshaugen seniorsenter","robots":{"index":"index","follow":"follow","max-snippet":"max-snippet:-1","max-image-preview":"max-image-preview:large","max-video-preview":"max-video-preview:-1"},"canonical":"https:\/\/kirkensbymisjon.no\/tilbud-st-hanshaugen-seniorsenter\/hva-vi-tilbyr\/","og_locale":"nb_NO","og_type":"article","og_title":"Hva vi tilbyr","og_description":"V\u00e5re aktiviteter \u00c5pen kaf\u00e9 St. Hanshaugen seniorsenter har \u00e5pen kaf\u00e9 mandag\u2013fredag kl. 10.00\u201315.30,med blant annet&hellip;","og_url":"https:\/\/kirkensbymisjon.no\/tilbud-st-hanshaugen-seniorsenter\/hva-vi-tilbyr\/","og_site_name":"St. Hanshaugen seniorsenter","article_modified_time":"2026-01-06T10:57:15+00:00","twitter_card":"summary_large_image","twitter_misc":{"Ansl. lesetid":"2 minutter"},"schema":{"@context":"https:\/\/schema.org","@graph":[{"@type":"WebPage","@id":"https:\/\/kirkensbymisjon.no\/tilbud-st-hanshaugen-seniorsenter\/hva-vi-tilbyr\/","url":"https:\/\/kirkensbymisjon.no\/tilbud-st-hanshaugen-seniorsenter\/hva-vi-tilbyr\/","name":"Hva vi tilbyr - St. Hanshaugen seniorsenter","isPartOf":{"@id":"https:\/\/kirkensbymisjon.no\/tilbud-st-hanshaugen-seniorsenter\/#website"},"datePublished":"2024-07-24T10:45:57+00:00","dateModified":"2026-01-06T10:57:15+00:00","breadcrumb":{"@id":"https:\/\/kirkensbymisjon.no\/tilbud-st-hanshaugen-seniorsenter\/hva-vi-tilbyr\/#breadcrumb"},"inLanguage":"nb-NO","potentialAction":[{"@type":"ReadAction","target":["https:\/\/kirkensbymisjon.no\/tilbud-st-hanshaugen-seniorsenter\/hva-vi-tilbyr\/"]}]},{"@type":"BreadcrumbList","@id":"https:\/\/kirkensbymisjon.no\/tilbud-st-hanshaugen-seniorsenter\/hva-vi-tilbyr\/#breadcrumb","itemListElement":[{"@type":"ListItem","position":1,"name":"Hjem","item":"https:\/\/kirkensbymisjon.no\/tilbud-st-hanshaugen-seniorsenter\/"},{"@type":"ListItem","position":2,"name":"Hva vi tilbyr"}]},{"@type":"WebSite","@id":"https:\/\/kirkensbymisjon.no\/tilbud-st-hanshaugen-seniorsenter\/#website","url":"https:\/\/kirkensbymisjon.no\/tilbud-st-hanshaugen-seniorsenter\/","name":"St. Hanshaugen seniorsenter","description":"","potentialAction":[{"@type":"SearchAction","target":{"@type":"EntryPoint","urlTemplate":"https:\/\/kirkensbymisjon.no\/tilbud-st-hanshaugen-seniorsenter\/?s={search_term_string}"},"query-input":{"@type":"PropertyValueSpecification","valueRequired":true,"valueName":"search_term_string"}}],"inLanguage":"nb-NO"}]}},"_links":{"self":[{"href":"https:\/\/kirkensbymisjon.no\/tilbud-st-hanshaugen-seniorsenter\/wp-json\/wp\/v2\/pages\/8","targetHints":{"allow":["GET"]}}],"collection":[{"href":"https:\/\/kirkensbymisjon.no\/tilbud-st-hanshaugen-seniorsenter\/wp-json\/wp\/v2\/pages"}],"about":[{"href":"https:\/\/kirkensbymisjon.no\/tilbud-st-hanshaugen-seniorsenter\/wp-json\/wp\/v2\/types\/page"}],"author":[{"embeddable":true,"href":"https:\/\/kirkensbymisjon.no\/tilbud-st-hanshaugen-seniorsenter\/wp-json\/wp\/v2\/users\/6"}],"replies":[{"embeddable":true,"href":"https:\/\/kirkensbymisjon.no\/tilbud-st-hanshaugen-seniorsenter\/wp-json\/wp\/v2\/comments?post=8"}],"version-history":[{"count":4,"href":"https:\/\/kirkensbymisjon.no\/tilbud-st-hanshaugen-seniorsenter\/wp-json\/wp\/v2\/pages\/8\/revisions"}],"predecessor-version":[{"id":148,"href":"https:\/\/kirkensbymisjon.no\/tilbud-st-hanshaugen-seniorsenter\/wp-json\/wp\/v2\/pages\/8\/revisions\/148"}],"wp:attachment":[{"href":"https:\/\/kirkensbymisjon.no\/tilbud-st-hanshaugen-seniorsenter\/wp-json\/wp\/v2\/media?parent=8"}],"curies":[{"name":"wp","href":"https:\/\/api.w.org\/{rel}","templated":true}]}}