{"id":86,"date":"2024-08-15T00:38:34","date_gmt":"2024-08-14T22:38:34","guid":{"rendered":"https:\/\/kirkensbymisjon.no\/tilbud-st-hanshaugen-seniorsenter\/?page_id=86"},"modified":"2026-03-24T12:20:56","modified_gmt":"2026-03-24T11:20:56","slug":"meny","status":"publish","type":"page","link":"https:\/\/kirkensbymisjon.no\/tilbud-st-hanshaugen-seniorsenter\/hva-vi-tilbyr\/meny\/","title":{"rendered":"Meny"},"content":{"rendered":"\n<p data-wp-context---core-fit-text=\"core\/fit-text::{&quot;fontSize&quot;:&quot;&quot;}\" data-wp-init---core-fit-text=\"core\/fit-text::callbacks.init\" data-wp-interactive data-wp-style--font-size=\"core\/fit-text::context.fontSize\" class=\"has-fit-text\">Middag serveres alle hverdager mellom kl. 14.00 og 15.00.<br>Frokost serveres mandager, onsdager og fredager kl. 10.30.<\/p>\n\n\n\n<h2 class=\"wp-block-heading\" id=\"h-ukas-meny\">Ukas meny<\/h2>\n\n\n\n<p><strong>Mandag 23. mars<\/strong><\/p>\n\n\n\n<p>Seibiff med l\u00f8k, remulade, gulrot og potet<\/p>\n\n\n\n<p><em>Allergener:&nbsp;fisk<\/em><\/p>\n\n\n\n<p><\/p>\n\n\n\n<p><strong>Tirsdag 24.mars<\/strong><\/p>\n\n\n\n<p>Lammekj\u00f8ttkaker med tzatziki, tomatsalat og ovnsbakte poteter&nbsp;<\/p>\n\n\n\n<p><em>Allergener: laktose og sesam&nbsp;<\/em><\/p>\n\n\n\n<p><\/p>\n\n\n\n<p><strong>Onsdag 25.mars<\/strong><\/p>\n\n\n\n<p><em>Lange i kremet saus med gr\u00f8nnsaker<\/em><\/p>\n\n\n\n<p><em>Allergener:&nbsp;fisk og laktose<\/em><\/p>\n\n\n\n<p><\/p>\n\n\n\n<p><strong>Torsdag 26. mars<\/strong><\/p>\n\n\n\n<p><strong>P\u00e5skefestmiddag:<\/strong> lammestek med rotgr\u00f8nnsaker og r\u00f8dvinssaus, crepe suzette med vaniljeiskrem til dessert. alkoholfridrikke inkludert. P\u00e5melding! Pris kr 350<\/p>\n\n\n\n<p><em>Allergener: laktose og sulfitt<\/em><\/p>\n\n\n\n<p><\/p>\n\n\n\n<p><strong>Fredag 27.mars<\/strong><\/p>\n\n\n\n<p>Fiskegryte<\/p>\n\n\n\n<p><em>Allergener:\u00a0fisk, gluten og laktose<\/em><\/p>\n\n\n\n<p><\/p>\n","protected":false},"excerpt":{"rendered":"<p>Middag serveres alle hverdager mellom kl. 14.00 og 15.00.Frokost serveres mandager, onsdager og fredager kl.&hellip;<\/p>\n","protected":false},"author":5,"featured_media":151,"parent":8,"menu_order":0,"comment_status":"closed","ping_status":"closed","template":"","meta":{"_relevanssi_hide_post":"","_relevanssi_hide_content":"","_relevanssi_pin_for_all":"","_relevanssi_pin_keywords":"","_relevanssi_unpin_keywords":"","_relevanssi_related_keywords":"","_relevanssi_related_include_ids":"","_relevanssi_related_exclude_ids":"","_relevanssi_related_no_append":"","_relevanssi_related_not_related":"","_relevanssi_related_posts":"1","_relevanssi_noindex_reason":"","editor_notices":[],"footnotes":""},"class_list":["post-86","page","type-page","status-publish","has-post-thumbnail","hentry"],"yoast_head":"<!-- This site is optimized with the Yoast SEO Premium plugin v27.2 (Yoast SEO v27.2) - https:\/\/yoast.com\/product\/yoast-seo-premium-wordpress\/ -->\n<title>Meny - St. Hanshaugen seniorsenter<\/title>\n<meta name=\"robots\" content=\"index, follow, max-snippet:-1, max-image-preview:large, max-video-preview:-1\" \/>\n<link rel=\"canonical\" href=\"https:\/\/kirkensbymisjon.no\/tilbud-st-hanshaugen-seniorsenter\/hva-vi-tilbyr\/meny\/\" \/>\n<meta property=\"og:locale\" content=\"nb_NO\" \/>\n<meta property=\"og:type\" content=\"article\" \/>\n<meta property=\"og:title\" content=\"Meny\" \/>\n<meta property=\"og:description\" content=\"Middag serveres alle hverdager mellom kl. 14.00 og 15.00.Frokost serveres mandager, onsdager og fredager kl.&hellip;\" \/>\n<meta property=\"og:url\" content=\"https:\/\/kirkensbymisjon.no\/tilbud-st-hanshaugen-seniorsenter\/hva-vi-tilbyr\/meny\/\" \/>\n<meta property=\"og:site_name\" content=\"St. Hanshaugen seniorsenter\" \/>\n<meta property=\"article:modified_time\" content=\"2026-03-24T11:20:56+00:00\" \/>\n<meta property=\"og:image\" content=\"https:\/\/kirkensbymisjon.no\/content\/uploads\/sites\/112\/2026\/03\/Skjermbilde-2026-03-24-105921.png\" \/>\n\t<meta property=\"og:image:width\" content=\"1177\" \/>\n\t<meta property=\"og:image:height\" content=\"830\" \/>\n\t<meta property=\"og:image:type\" content=\"image\/png\" \/>\n<meta name=\"twitter:card\" content=\"summary_large_image\" \/>\n<meta name=\"twitter:label1\" content=\"Ansl. lesetid\" \/>\n\t<meta name=\"twitter:data1\" content=\"1 minutt\" \/>\n<script type=\"application\/ld+json\" class=\"yoast-schema-graph\">{\"@context\":\"https:\/\/schema.org\",\"@graph\":[{\"@type\":\"WebPage\",\"@id\":\"https:\/\/kirkensbymisjon.no\/tilbud-st-hanshaugen-seniorsenter\/hva-vi-tilbyr\/meny\/\",\"url\":\"https:\/\/kirkensbymisjon.no\/tilbud-st-hanshaugen-seniorsenter\/hva-vi-tilbyr\/meny\/\",\"name\":\"Meny - St. Hanshaugen seniorsenter\",\"isPartOf\":{\"@id\":\"https:\/\/kirkensbymisjon.no\/tilbud-st-hanshaugen-seniorsenter\/#website\"},\"primaryImageOfPage\":{\"@id\":\"https:\/\/kirkensbymisjon.no\/tilbud-st-hanshaugen-seniorsenter\/hva-vi-tilbyr\/meny\/#primaryimage\"},\"image\":{\"@id\":\"https:\/\/kirkensbymisjon.no\/tilbud-st-hanshaugen-seniorsenter\/hva-vi-tilbyr\/meny\/#primaryimage\"},\"thumbnailUrl\":\"https:\/\/kirkensbymisjon.no\/content\/uploads\/sites\/112\/2026\/03\/Skjermbilde-2026-03-24-105921.png\",\"datePublished\":\"2024-08-14T22:38:34+00:00\",\"dateModified\":\"2026-03-24T11:20:56+00:00\",\"breadcrumb\":{\"@id\":\"https:\/\/kirkensbymisjon.no\/tilbud-st-hanshaugen-seniorsenter\/hva-vi-tilbyr\/meny\/#breadcrumb\"},\"inLanguage\":\"nb-NO\",\"potentialAction\":[{\"@type\":\"ReadAction\",\"target\":[\"https:\/\/kirkensbymisjon.no\/tilbud-st-hanshaugen-seniorsenter\/hva-vi-tilbyr\/meny\/\"]}]},{\"@type\":\"ImageObject\",\"inLanguage\":\"nb-NO\",\"@id\":\"https:\/\/kirkensbymisjon.no\/tilbud-st-hanshaugen-seniorsenter\/hva-vi-tilbyr\/meny\/#primaryimage\",\"url\":\"https:\/\/kirkensbymisjon.no\/content\/uploads\/sites\/112\/2026\/03\/Skjermbilde-2026-03-24-105921.png\",\"contentUrl\":\"https:\/\/kirkensbymisjon.no\/content\/uploads\/sites\/112\/2026\/03\/Skjermbilde-2026-03-24-105921.png\",\"width\":1177,\"height\":830,\"caption\":\"Meny uke 13\"},{\"@type\":\"BreadcrumbList\",\"@id\":\"https:\/\/kirkensbymisjon.no\/tilbud-st-hanshaugen-seniorsenter\/hva-vi-tilbyr\/meny\/#breadcrumb\",\"itemListElement\":[{\"@type\":\"ListItem\",\"position\":1,\"name\":\"Hjem\",\"item\":\"https:\/\/kirkensbymisjon.no\/tilbud-st-hanshaugen-seniorsenter\/\"},{\"@type\":\"ListItem\",\"position\":2,\"name\":\"Hva vi tilbyr\",\"item\":\"https:\/\/kirkensbymisjon.no\/tilbud-st-hanshaugen-seniorsenter\/hva-vi-tilbyr\/\"},{\"@type\":\"ListItem\",\"position\":3,\"name\":\"Meny\"}]},{\"@type\":\"WebSite\",\"@id\":\"https:\/\/kirkensbymisjon.no\/tilbud-st-hanshaugen-seniorsenter\/#website\",\"url\":\"https:\/\/kirkensbymisjon.no\/tilbud-st-hanshaugen-seniorsenter\/\",\"name\":\"St. Hanshaugen seniorsenter\",\"description\":\"\",\"potentialAction\":[{\"@type\":\"SearchAction\",\"target\":{\"@type\":\"EntryPoint\",\"urlTemplate\":\"https:\/\/kirkensbymisjon.no\/tilbud-st-hanshaugen-seniorsenter\/?s={search_term_string}\"},\"query-input\":{\"@type\":\"PropertyValueSpecification\",\"valueRequired\":true,\"valueName\":\"search_term_string\"}}],\"inLanguage\":\"nb-NO\"}]}<\/script>\n<!-- \/ Yoast SEO Premium plugin. -->","yoast_head_json":{"title":"Meny - St. Hanshaugen seniorsenter","robots":{"index":"index","follow":"follow","max-snippet":"max-snippet:-1","max-image-preview":"max-image-preview:large","max-video-preview":"max-video-preview:-1"},"canonical":"https:\/\/kirkensbymisjon.no\/tilbud-st-hanshaugen-seniorsenter\/hva-vi-tilbyr\/meny\/","og_locale":"nb_NO","og_type":"article","og_title":"Meny","og_description":"Middag serveres alle hverdager mellom kl. 14.00 og 15.00.Frokost serveres mandager, onsdager og fredager kl.&hellip;","og_url":"https:\/\/kirkensbymisjon.no\/tilbud-st-hanshaugen-seniorsenter\/hva-vi-tilbyr\/meny\/","og_site_name":"St. Hanshaugen seniorsenter","article_modified_time":"2026-03-24T11:20:56+00:00","og_image":[{"width":1177,"height":830,"url":"https:\/\/kirkensbymisjon.no\/content\/uploads\/sites\/112\/2026\/03\/Skjermbilde-2026-03-24-105921.png","type":"image\/png"}],"twitter_card":"summary_large_image","twitter_misc":{"Ansl. lesetid":"1 minutt"},"schema":{"@context":"https:\/\/schema.org","@graph":[{"@type":"WebPage","@id":"https:\/\/kirkensbymisjon.no\/tilbud-st-hanshaugen-seniorsenter\/hva-vi-tilbyr\/meny\/","url":"https:\/\/kirkensbymisjon.no\/tilbud-st-hanshaugen-seniorsenter\/hva-vi-tilbyr\/meny\/","name":"Meny - St. Hanshaugen seniorsenter","isPartOf":{"@id":"https:\/\/kirkensbymisjon.no\/tilbud-st-hanshaugen-seniorsenter\/#website"},"primaryImageOfPage":{"@id":"https:\/\/kirkensbymisjon.no\/tilbud-st-hanshaugen-seniorsenter\/hva-vi-tilbyr\/meny\/#primaryimage"},"image":{"@id":"https:\/\/kirkensbymisjon.no\/tilbud-st-hanshaugen-seniorsenter\/hva-vi-tilbyr\/meny\/#primaryimage"},"thumbnailUrl":"https:\/\/kirkensbymisjon.no\/content\/uploads\/sites\/112\/2026\/03\/Skjermbilde-2026-03-24-105921.png","datePublished":"2024-08-14T22:38:34+00:00","dateModified":"2026-03-24T11:20:56+00:00","breadcrumb":{"@id":"https:\/\/kirkensbymisjon.no\/tilbud-st-hanshaugen-seniorsenter\/hva-vi-tilbyr\/meny\/#breadcrumb"},"inLanguage":"nb-NO","potentialAction":[{"@type":"ReadAction","target":["https:\/\/kirkensbymisjon.no\/tilbud-st-hanshaugen-seniorsenter\/hva-vi-tilbyr\/meny\/"]}]},{"@type":"ImageObject","inLanguage":"nb-NO","@id":"https:\/\/kirkensbymisjon.no\/tilbud-st-hanshaugen-seniorsenter\/hva-vi-tilbyr\/meny\/#primaryimage","url":"https:\/\/kirkensbymisjon.no\/content\/uploads\/sites\/112\/2026\/03\/Skjermbilde-2026-03-24-105921.png","contentUrl":"https:\/\/kirkensbymisjon.no\/content\/uploads\/sites\/112\/2026\/03\/Skjermbilde-2026-03-24-105921.png","width":1177,"height":830,"caption":"Meny uke 13"},{"@type":"BreadcrumbList","@id":"https:\/\/kirkensbymisjon.no\/tilbud-st-hanshaugen-seniorsenter\/hva-vi-tilbyr\/meny\/#breadcrumb","itemListElement":[{"@type":"ListItem","position":1,"name":"Hjem","item":"https:\/\/kirkensbymisjon.no\/tilbud-st-hanshaugen-seniorsenter\/"},{"@type":"ListItem","position":2,"name":"Hva vi tilbyr","item":"https:\/\/kirkensbymisjon.no\/tilbud-st-hanshaugen-seniorsenter\/hva-vi-tilbyr\/"},{"@type":"ListItem","position":3,"name":"Meny"}]},{"@type":"WebSite","@id":"https:\/\/kirkensbymisjon.no\/tilbud-st-hanshaugen-seniorsenter\/#website","url":"https:\/\/kirkensbymisjon.no\/tilbud-st-hanshaugen-seniorsenter\/","name":"St. Hanshaugen seniorsenter","description":"","potentialAction":[{"@type":"SearchAction","target":{"@type":"EntryPoint","urlTemplate":"https:\/\/kirkensbymisjon.no\/tilbud-st-hanshaugen-seniorsenter\/?s={search_term_string}"},"query-input":{"@type":"PropertyValueSpecification","valueRequired":true,"valueName":"search_term_string"}}],"inLanguage":"nb-NO"}]}},"_links":{"self":[{"href":"https:\/\/kirkensbymisjon.no\/tilbud-st-hanshaugen-seniorsenter\/wp-json\/wp\/v2\/pages\/86","targetHints":{"allow":["GET"]}}],"collection":[{"href":"https:\/\/kirkensbymisjon.no\/tilbud-st-hanshaugen-seniorsenter\/wp-json\/wp\/v2\/pages"}],"about":[{"href":"https:\/\/kirkensbymisjon.no\/tilbud-st-hanshaugen-seniorsenter\/wp-json\/wp\/v2\/types\/page"}],"author":[{"embeddable":true,"href":"https:\/\/kirkensbymisjon.no\/tilbud-st-hanshaugen-seniorsenter\/wp-json\/wp\/v2\/users\/5"}],"replies":[{"embeddable":true,"href":"https:\/\/kirkensbymisjon.no\/tilbud-st-hanshaugen-seniorsenter\/wp-json\/wp\/v2\/comments?post=86"}],"version-history":[{"count":3,"href":"https:\/\/kirkensbymisjon.no\/tilbud-st-hanshaugen-seniorsenter\/wp-json\/wp\/v2\/pages\/86\/revisions"}],"predecessor-version":[{"id":153,"href":"https:\/\/kirkensbymisjon.no\/tilbud-st-hanshaugen-seniorsenter\/wp-json\/wp\/v2\/pages\/86\/revisions\/153"}],"up":[{"embeddable":true,"href":"https:\/\/kirkensbymisjon.no\/tilbud-st-hanshaugen-seniorsenter\/wp-json\/wp\/v2\/pages\/8"}],"wp:featuredmedia":[{"embeddable":true,"href":"https:\/\/kirkensbymisjon.no\/tilbud-st-hanshaugen-seniorsenter\/wp-json\/wp\/v2\/media\/151"}],"wp:attachment":[{"href":"https:\/\/kirkensbymisjon.no\/tilbud-st-hanshaugen-seniorsenter\/wp-json\/wp\/v2\/media?parent=86"}],"curies":[{"name":"wp","href":"https:\/\/api.w.org\/{rel}","templated":true}]}}