{"id":11,"date":"2024-07-24T12:48:38","date_gmt":"2024-07-24T10:48:38","guid":{"rendered":"https:\/\/kirkensbymisjon.no\/tilbud-stovner-frivilligsentral\/?page_id=11"},"modified":"2025-10-01T14:06:30","modified_gmt":"2025-10-01T12:06:30","slug":"bli-frivillig","status":"publish","type":"page","link":"https:\/\/kirkensbymisjon.no\/tilbud-stovner-frivilligsentral\/bli-frivillig\/","title":{"rendered":"Bli frivillig"},"content":{"rendered":"\n<div class=\"wp-block-media-text alignwide is-stacked-on-mobile is-style-filled\"><figure class=\"wp-block-media-text__media\"><img loading=\"lazy\" decoding=\"async\" width=\"1024\" height=\"668\" src=\"https:\/\/kirkensbymisjon.no\/content\/uploads\/sites\/113\/2024\/08\/tilbud_Stovner_frivillig_03-1024x668.jpg\" alt=\"Frivillig fra Stovner Bydel.\" class=\"wp-image-33 size-full\" srcset=\"https:\/\/kirkensbymisjon.no\/content\/uploads\/sites\/113\/2024\/08\/tilbud_Stovner_frivillig_03-1024x668.jpg 1024w, https:\/\/kirkensbymisjon.no\/content\/uploads\/sites\/113\/2024\/08\/tilbud_Stovner_frivillig_03-300x196.jpg 300w, https:\/\/kirkensbymisjon.no\/content\/uploads\/sites\/113\/2024\/08\/tilbud_Stovner_frivillig_03-768x501.jpg 768w, https:\/\/kirkensbymisjon.no\/content\/uploads\/sites\/113\/2024\/08\/tilbud_Stovner_frivillig_03.jpg 1440w\" sizes=\"auto, (max-width: 1024px) 100vw, 1024px\" \/><\/figure><div class=\"wp-block-media-text__content\">\n<h2 class=\"wp-block-heading\" id=\"h-vil-du-bli-en-av-vare-engasjerte-frivillige\"><strong>Vil du bli en av v\u00e5re engasjerte frivillige?<\/strong><\/h2>\n\n\n\n<p>Vi trenger deg som \u00f8nsker \u00e5 gj\u00f8re en frivillig innsats til nytte og glede for andre og deg selv. Gjennom frivillig engasjement kan du bruke din erfaring og kompetanse \u2013 eller l\u00e6re noe nytt.&nbsp;<\/p>\n\n\n\n<p><a href=\"\/bli-frivillig\">Les mer om frivillighet<\/a><\/p>\n<\/div><\/div>\n\n\n\n<p>Vi har alltid behov for frivillige, men aktivitetene som vi trenger frivillige til varierer. De som \u00f8nsker \u00e5 bli frivillige intervjues, kurses og tilbys individuell oppf\u00f8lging, avhengig av hvilket innsatsomr\u00e5de de velger og vi har behov for.<\/p>\n\n\n\n<h2 class=\"wp-block-heading\" id=\"h-hva-betyr-det-a-vaere-frivillig\">Hva betyr det \u00e5 v\u00e6re frivillig?<\/h2>\n\n\n<div class=\"t2-accordion wp-block-t2-accordion\" data-allow-multiple=\"1\" role=\"list\">\n<div class=\"t2-accordion-item wp-block-t2-accordion-item\" role=\"listitem\">\n\t\t\t<h2 class=\"t2-accordion-title\">\n\t\t\t\t<button type=\"button\" class=\"t2-accordion-trigger\" id=\"her-er-noe-av-det-du-kan-gj\u00f8re-som-frivillig-hos-oss\" aria-controls=\"accordion-panel\" aria-expanded=\"false\">\n\t\t\t\t\tHer er noe av det du kan gj\u00f8re som frivillig hos oss\n\t\t\t\t\t<span class=\"t2-accordion-icon is-closed-icon\"><svg xmlns=\"http:\/\/www.w3.org\/2000\/svg\" viewBox=\"0 0 24 24\" height=\"24\" width=\"24\" class=\"t2-icon t2-icon-plus\" aria-hidden=\"true\" focusable=\"false\"><path d=\"M11.8 5.037a1.088 1.088 0 0 0-.722.566c-.075.148-.078.25-.078 2.772v2.619l-2.61.016c-1.867.012-2.652.03-2.756.064-.168.055-.438.301-.54.494-.049.092-.07.223-.07.432 0 .34.054.476.282.704.289.289.14.275 3.064.288l2.63.012v2.619c0 2.544.002 2.625.08 2.778.191.372.516.577.92.577s.729-.205.92-.577c.078-.153.08-.234.08-2.778v-2.619l2.63-.012c2.924-.013 2.775.001 3.064-.288.228-.228.282-.364.282-.704 0-.209-.021-.34-.07-.432-.102-.193-.372-.439-.54-.494-.104-.034-.889-.052-2.756-.064L13 10.994V8.375c0-2.522-.003-2.624-.078-2.772-.214-.418-.685-.656-1.122-.566\"\/><\/svg><\/span>\n\t\t\t\t\t<span class=\"t2-accordion-icon is-open-icon\"><svg xmlns=\"http:\/\/www.w3.org\/2000\/svg\" viewBox=\"0 0 24 24\" height=\"24\" width=\"24\" class=\"t2-icon t2-icon-chevronup\" aria-hidden=\"true\" focusable=\"false\"><path d=\"M6.7 14.7c-.2-.2-.3-.4-.3-.7s.1-.5.3-.7l4.6-4.6c.1-.1.2-.2.3-.2.1 0 .2-.1.4-.1.1 0 .3 0 .4.1.1 0 .2.1.3.2l4.6 4.6c.2.2.3.4.3.7s-.1.5-.3.7c-.2.2-.4.3-.7.3s-.5-.1-.7-.3L12 10.8l-3.9 3.9c-.2.2-.4.3-.7.3s-.5-.1-.7-.3z\" fill=\"currentColor\" \/><\/svg><\/span>\n\t\t\t\t<\/button>\n\t\t\t<\/h2>\n\t\t\t<div class=\"t2-accordion-item__inner-container is-layout-flow\" id=\"accordion-panel\" aria-labelledby=\"her-er-noe-av-det-du-kan-gj\u00f8re-som-frivillig-hos-oss\" role=\"region\" hidden>\n\t\t\t\t\n\n<ul class=\"wp-block-list\">\n<li>Lede spr\u00e5ktrening (tirsdag, kl. 12.00\u201314.00 og kl. 17.00\u201319.00).<\/li>\n\n\n\n<li>Bidra med kj\u00f8kkentjeneste (tirsdag, kl. 10.00\u201314.00).<\/li>\n\n\n\n<li>Hjelpe til med l\u00e5n av sports- og fritidsutstyr hos&nbsp;Skattkammeret p\u00e5 Stovner&nbsp;(mandag, kl. 16.00\u201319.00).<\/li>\n\n\n\n<li>Drive aktiviteter for ungdom p\u00e5 Skattkammeret.<\/li>\n\n\n\n<li>Lede familieaktiviteter sammen med unge frivillige 18\u201330 \u00e5r.<\/li>\n\n\n\n<li>Lede digital veiledning p\u00e5 smarttelefon (mandag, kl. 17.00\u201319.00).<\/li>\n\n\n\n<li>Alle tidspunkter er tilpasset turnus.<\/li>\n<\/ul>\n\n\n\t\t\t<\/div>\n\t\t<\/div>\n<\/div>","protected":false},"excerpt":{"rendered":"<p>Vil du bli en av v\u00e5re engasjerte frivillige? Vi trenger deg som \u00f8nsker \u00e5 gj\u00f8re&hellip;<\/p>\n","protected":false},"author":6,"featured_media":0,"parent":0,"menu_order":0,"comment_status":"closed","ping_status":"closed","template":"","meta":{"_relevanssi_hide_post":"","_relevanssi_hide_content":"","_relevanssi_pin_for_all":"","_relevanssi_pin_keywords":"","_relevanssi_unpin_keywords":"","_relevanssi_related_keywords":"","_relevanssi_related_include_ids":"","_relevanssi_related_exclude_ids":"","_relevanssi_related_no_append":"","_relevanssi_related_not_related":"","_relevanssi_related_posts":"1","_relevanssi_noindex_reason":"","editor_notices":[],"footnotes":""},"class_list":["post-11","page","type-page","status-publish","hentry"],"yoast_head":"<!-- This site is optimized with the Yoast SEO Premium plugin v27.2 (Yoast SEO v27.4) - https:\/\/yoast.com\/product\/yoast-seo-premium-wordpress\/ -->\n<title>Bli frivillig - Stovner Frivilligsentral<\/title>\n<meta name=\"robots\" content=\"index, follow, max-snippet:-1, max-image-preview:large, max-video-preview:-1\" \/>\n<link rel=\"canonical\" href=\"https:\/\/kirkensbymisjon.no\/tilbud-stovner-frivilligsentral\/bli-frivillig\/\" \/>\n<meta property=\"og:locale\" content=\"nb_NO\" \/>\n<meta property=\"og:type\" content=\"article\" \/>\n<meta property=\"og:title\" content=\"Bli frivillig\" \/>\n<meta property=\"og:description\" content=\"Vil du bli en av v\u00e5re engasjerte frivillige? Vi trenger deg som \u00f8nsker \u00e5 gj\u00f8re&hellip;\" \/>\n<meta property=\"og:url\" content=\"https:\/\/kirkensbymisjon.no\/tilbud-stovner-frivilligsentral\/bli-frivillig\/\" \/>\n<meta property=\"og:site_name\" content=\"Stovner Frivilligsentral\" \/>\n<meta property=\"article:modified_time\" content=\"2025-10-01T12:06:30+00:00\" \/>\n<meta property=\"og:image\" content=\"https:\/\/kirkensbymisjon.no\/content\/uploads\/sites\/113\/2024\/08\/tilbud_Stovner_frivillig_03.jpg\" \/>\n\t<meta property=\"og:image:width\" content=\"1440\" \/>\n\t<meta property=\"og:image:height\" content=\"939\" \/>\n\t<meta property=\"og:image:type\" content=\"image\/jpeg\" \/>\n<meta name=\"twitter:card\" content=\"summary_large_image\" \/>\n<meta name=\"twitter:label1\" content=\"Ansl. lesetid\" \/>\n\t<meta name=\"twitter:data1\" content=\"1 minutt\" \/>\n<script type=\"application\/ld+json\" class=\"yoast-schema-graph\">{\"@context\":\"https:\\\/\\\/schema.org\",\"@graph\":[{\"@type\":\"WebPage\",\"@id\":\"https:\\\/\\\/kirkensbymisjon.no\\\/tilbud-stovner-frivilligsentral\\\/bli-frivillig\\\/\",\"url\":\"https:\\\/\\\/kirkensbymisjon.no\\\/tilbud-stovner-frivilligsentral\\\/bli-frivillig\\\/\",\"name\":\"Bli frivillig - Stovner Frivilligsentral\",\"isPartOf\":{\"@id\":\"https:\\\/\\\/kirkensbymisjon.no\\\/tilbud-stovner-frivilligsentral\\\/#website\"},\"primaryImageOfPage\":{\"@id\":\"https:\\\/\\\/kirkensbymisjon.no\\\/tilbud-stovner-frivilligsentral\\\/bli-frivillig\\\/#primaryimage\"},\"image\":{\"@id\":\"https:\\\/\\\/kirkensbymisjon.no\\\/tilbud-stovner-frivilligsentral\\\/bli-frivillig\\\/#primaryimage\"},\"thumbnailUrl\":\"https:\\\/\\\/kirkensbymisjon.no\\\/content\\\/uploads\\\/sites\\\/113\\\/2024\\\/08\\\/tilbud_Stovner_frivillig_03-1024x668.jpg\",\"datePublished\":\"2024-07-24T10:48:38+00:00\",\"dateModified\":\"2025-10-01T12:06:30+00:00\",\"breadcrumb\":{\"@id\":\"https:\\\/\\\/kirkensbymisjon.no\\\/tilbud-stovner-frivilligsentral\\\/bli-frivillig\\\/#breadcrumb\"},\"inLanguage\":\"nb-NO\",\"potentialAction\":[{\"@type\":\"ReadAction\",\"target\":[\"https:\\\/\\\/kirkensbymisjon.no\\\/tilbud-stovner-frivilligsentral\\\/bli-frivillig\\\/\"]}]},{\"@type\":\"ImageObject\",\"inLanguage\":\"nb-NO\",\"@id\":\"https:\\\/\\\/kirkensbymisjon.no\\\/tilbud-stovner-frivilligsentral\\\/bli-frivillig\\\/#primaryimage\",\"url\":\"https:\\\/\\\/kirkensbymisjon.no\\\/content\\\/uploads\\\/sites\\\/113\\\/2024\\\/08\\\/tilbud_Stovner_frivillig_03-1024x668.jpg\",\"contentUrl\":\"https:\\\/\\\/kirkensbymisjon.no\\\/content\\\/uploads\\\/sites\\\/113\\\/2024\\\/08\\\/tilbud_Stovner_frivillig_03-1024x668.jpg\"},{\"@type\":\"BreadcrumbList\",\"@id\":\"https:\\\/\\\/kirkensbymisjon.no\\\/tilbud-stovner-frivilligsentral\\\/bli-frivillig\\\/#breadcrumb\",\"itemListElement\":[{\"@type\":\"ListItem\",\"position\":1,\"name\":\"Hjem\",\"item\":\"https:\\\/\\\/kirkensbymisjon.no\\\/tilbud-stovner-frivilligsentral\\\/\"},{\"@type\":\"ListItem\",\"position\":2,\"name\":\"Bli frivillig\"}]},{\"@type\":\"WebSite\",\"@id\":\"https:\\\/\\\/kirkensbymisjon.no\\\/tilbud-stovner-frivilligsentral\\\/#website\",\"url\":\"https:\\\/\\\/kirkensbymisjon.no\\\/tilbud-stovner-frivilligsentral\\\/\",\"name\":\"Stovner Frivilligsentral\",\"description\":\"\",\"potentialAction\":[{\"@type\":\"SearchAction\",\"target\":{\"@type\":\"EntryPoint\",\"urlTemplate\":\"https:\\\/\\\/kirkensbymisjon.no\\\/tilbud-stovner-frivilligsentral\\\/?s={search_term_string}\"},\"query-input\":{\"@type\":\"PropertyValueSpecification\",\"valueRequired\":true,\"valueName\":\"search_term_string\"}}],\"inLanguage\":\"nb-NO\"}]}<\/script>\n<!-- \/ Yoast SEO Premium plugin. -->","yoast_head_json":{"title":"Bli frivillig - Stovner Frivilligsentral","robots":{"index":"index","follow":"follow","max-snippet":"max-snippet:-1","max-image-preview":"max-image-preview:large","max-video-preview":"max-video-preview:-1"},"canonical":"https:\/\/kirkensbymisjon.no\/tilbud-stovner-frivilligsentral\/bli-frivillig\/","og_locale":"nb_NO","og_type":"article","og_title":"Bli frivillig","og_description":"Vil du bli en av v\u00e5re engasjerte frivillige? Vi trenger deg som \u00f8nsker \u00e5 gj\u00f8re&hellip;","og_url":"https:\/\/kirkensbymisjon.no\/tilbud-stovner-frivilligsentral\/bli-frivillig\/","og_site_name":"Stovner Frivilligsentral","article_modified_time":"2025-10-01T12:06:30+00:00","og_image":[{"width":1440,"height":939,"url":"https:\/\/kirkensbymisjon.no\/content\/uploads\/sites\/113\/2024\/08\/tilbud_Stovner_frivillig_03.jpg","type":"image\/jpeg"}],"twitter_card":"summary_large_image","twitter_misc":{"Ansl. lesetid":"1 minutt"},"schema":{"@context":"https:\/\/schema.org","@graph":[{"@type":"WebPage","@id":"https:\/\/kirkensbymisjon.no\/tilbud-stovner-frivilligsentral\/bli-frivillig\/","url":"https:\/\/kirkensbymisjon.no\/tilbud-stovner-frivilligsentral\/bli-frivillig\/","name":"Bli frivillig - Stovner Frivilligsentral","isPartOf":{"@id":"https:\/\/kirkensbymisjon.no\/tilbud-stovner-frivilligsentral\/#website"},"primaryImageOfPage":{"@id":"https:\/\/kirkensbymisjon.no\/tilbud-stovner-frivilligsentral\/bli-frivillig\/#primaryimage"},"image":{"@id":"https:\/\/kirkensbymisjon.no\/tilbud-stovner-frivilligsentral\/bli-frivillig\/#primaryimage"},"thumbnailUrl":"https:\/\/kirkensbymisjon.no\/content\/uploads\/sites\/113\/2024\/08\/tilbud_Stovner_frivillig_03-1024x668.jpg","datePublished":"2024-07-24T10:48:38+00:00","dateModified":"2025-10-01T12:06:30+00:00","breadcrumb":{"@id":"https:\/\/kirkensbymisjon.no\/tilbud-stovner-frivilligsentral\/bli-frivillig\/#breadcrumb"},"inLanguage":"nb-NO","potentialAction":[{"@type":"ReadAction","target":["https:\/\/kirkensbymisjon.no\/tilbud-stovner-frivilligsentral\/bli-frivillig\/"]}]},{"@type":"ImageObject","inLanguage":"nb-NO","@id":"https:\/\/kirkensbymisjon.no\/tilbud-stovner-frivilligsentral\/bli-frivillig\/#primaryimage","url":"https:\/\/kirkensbymisjon.no\/content\/uploads\/sites\/113\/2024\/08\/tilbud_Stovner_frivillig_03-1024x668.jpg","contentUrl":"https:\/\/kirkensbymisjon.no\/content\/uploads\/sites\/113\/2024\/08\/tilbud_Stovner_frivillig_03-1024x668.jpg"},{"@type":"BreadcrumbList","@id":"https:\/\/kirkensbymisjon.no\/tilbud-stovner-frivilligsentral\/bli-frivillig\/#breadcrumb","itemListElement":[{"@type":"ListItem","position":1,"name":"Hjem","item":"https:\/\/kirkensbymisjon.no\/tilbud-stovner-frivilligsentral\/"},{"@type":"ListItem","position":2,"name":"Bli frivillig"}]},{"@type":"WebSite","@id":"https:\/\/kirkensbymisjon.no\/tilbud-stovner-frivilligsentral\/#website","url":"https:\/\/kirkensbymisjon.no\/tilbud-stovner-frivilligsentral\/","name":"Stovner Frivilligsentral","description":"","potentialAction":[{"@type":"SearchAction","target":{"@type":"EntryPoint","urlTemplate":"https:\/\/kirkensbymisjon.no\/tilbud-stovner-frivilligsentral\/?s={search_term_string}"},"query-input":{"@type":"PropertyValueSpecification","valueRequired":true,"valueName":"search_term_string"}}],"inLanguage":"nb-NO"}]}},"_links":{"self":[{"href":"https:\/\/kirkensbymisjon.no\/tilbud-stovner-frivilligsentral\/wp-json\/wp\/v2\/pages\/11","targetHints":{"allow":["GET"]}}],"collection":[{"href":"https:\/\/kirkensbymisjon.no\/tilbud-stovner-frivilligsentral\/wp-json\/wp\/v2\/pages"}],"about":[{"href":"https:\/\/kirkensbymisjon.no\/tilbud-stovner-frivilligsentral\/wp-json\/wp\/v2\/types\/page"}],"author":[{"embeddable":true,"href":"https:\/\/kirkensbymisjon.no\/tilbud-stovner-frivilligsentral\/wp-json\/wp\/v2\/users\/6"}],"replies":[{"embeddable":true,"href":"https:\/\/kirkensbymisjon.no\/tilbud-stovner-frivilligsentral\/wp-json\/wp\/v2\/comments?post=11"}],"version-history":[{"count":5,"href":"https:\/\/kirkensbymisjon.no\/tilbud-stovner-frivilligsentral\/wp-json\/wp\/v2\/pages\/11\/revisions"}],"predecessor-version":[{"id":118,"href":"https:\/\/kirkensbymisjon.no\/tilbud-stovner-frivilligsentral\/wp-json\/wp\/v2\/pages\/11\/revisions\/118"}],"wp:attachment":[{"href":"https:\/\/kirkensbymisjon.no\/tilbud-stovner-frivilligsentral\/wp-json\/wp\/v2\/media?parent=11"}],"curies":[{"name":"wp","href":"https:\/\/api.w.org\/{rel}","templated":true}]}}