{"id":3,"date":"2024-06-27T08:15:38","date_gmt":"2024-06-27T06:15:38","guid":{"rendered":"https:\/\/kirkensbymisjon.no\/tilbud-stovner-frivilligsentral\/forside\/"},"modified":"2024-12-02T11:54:02","modified_gmt":"2024-12-02T10:54:02","slug":"forside","status":"publish","type":"page","link":"https:\/\/kirkensbymisjon.no\/tilbud-stovner-frivilligsentral\/","title":{"rendered":"Forside"},"content":{"rendered":"\n<p>Stovner Frivilligsentral er et sted for deg som \u00f8nsker \u00e5 gj\u00f8re noe meningsfylt for andre mennesker og skape et godt samfunn i Oslo og Bydel Stovner.<\/p>\n\n\n\n<p>Vi \u00f8nsker \u00e5 bidra til \u00e5 l\u00f8fte lokalt engasjement og skape gode m\u00f8ter mellom mennesker i bydelen og byen for \u00f8vrig med frivillighet som verkt\u00f8y.<\/p>\n\n\n\n<p>B\u00e5de deltakere og frivillige rekrutteres fra befolkningen i Bydel Stovner, men vi opplever at ogs\u00e5 mennesker fra hele byen er nysgjerrige og \u00f8nsker \u00e5 bidra. Aktivitetene v\u00e5re er \u00e5pne for alle.<\/p>\n\n\n\n<div class=\"wp-block-media-text alignwide is-stacked-on-mobile is-style-filled\"><figure class=\"wp-block-media-text__media\"><img decoding=\"async\" src=\"https:\/\/kirkensbymisjon.no\/content\/uploads\/2024\/08\/arbeidsfelt_narmiljo_04-1024x723.jpg\" alt=\"Frivillige i samtale med gjest i kafeen\" class=\"wp-image-1303 size-full\"\/><\/figure><div class=\"wp-block-media-text__content\">\n<h2 class=\"wp-block-heading\" id=\"h-naermiljo\">N\u00e6rmilj\u00f8<\/h2>\n\n\n\n<p>Lokale og \u00e5pne fellesskap er viktige for \u00e5 forebygge utenforskap og ensomhet. Vi har tilbud for b\u00e5de unge, eldre, familier og personer med rus- og helseutfordringer, som skal bidra til trivsel og sosiale m\u00f8teplasser i n\u00e6rmilj\u00f8et.<\/p>\n\n\n\n<p><a href=\"https:\/\/kirkensbymisjon.no\/arbeidsfelt\/naermiljo\/\">Les mer om v\u00e5re tilbud<\/a><\/p>\n<\/div><\/div>\n","protected":false},"excerpt":{"rendered":"<p>Stovner Frivilligsentral er et sted for deg som \u00f8nsker \u00e5 gj\u00f8re noe meningsfylt for andre&hellip;<\/p>\n","protected":false},"author":5,"featured_media":0,"parent":0,"menu_order":0,"comment_status":"closed","ping_status":"closed","template":"","meta":{"_relevanssi_hide_post":"","_relevanssi_hide_content":"","_relevanssi_pin_for_all":"","_relevanssi_pin_keywords":"","_relevanssi_unpin_keywords":"","_relevanssi_related_keywords":"","_relevanssi_related_include_ids":"","_relevanssi_related_exclude_ids":"","_relevanssi_related_no_append":"","_relevanssi_related_not_related":"","_relevanssi_related_posts":"1","_relevanssi_noindex_reason":"","editor_notices":[],"footnotes":""},"class_list":["post-3","page","type-page","status-publish","hentry"],"yoast_head":"<!-- This site is optimized with the Yoast SEO Premium plugin v27.2 (Yoast SEO v27.4) - https:\/\/yoast.com\/product\/yoast-seo-premium-wordpress\/ -->\n<title>Kirkens Bymisjon - Stovner Frivilligsentral<\/title>\n<meta name=\"description\" content=\"Frivillig for et godt n\u00e6rmilj\u00f8\" \/>\n<meta name=\"robots\" content=\"index, follow, max-snippet:-1, max-image-preview:large, max-video-preview:-1\" \/>\n<link rel=\"canonical\" href=\"https:\/\/kirkensbymisjon.no\/tilbud-stovner-frivilligsentral\/\" \/>\n<meta property=\"og:locale\" content=\"nb_NO\" \/>\n<meta property=\"og:type\" content=\"article\" \/>\n<meta property=\"og:title\" content=\"Forside\" \/>\n<meta property=\"og:description\" content=\"Frivillig for et godt n\u00e6rmilj\u00f8\" \/>\n<meta property=\"og:url\" content=\"https:\/\/kirkensbymisjon.no\/tilbud-stovner-frivilligsentral\/\" \/>\n<meta property=\"og:site_name\" content=\"Stovner Frivilligsentral\" \/>\n<meta property=\"article:modified_time\" content=\"2024-12-02T10:54:02+00:00\" \/>\n<meta name=\"twitter:card\" content=\"summary_large_image\" \/>\n<meta name=\"twitter:label1\" content=\"Ansl. lesetid\" \/>\n\t<meta name=\"twitter:data1\" content=\"1 minutt\" \/>\n<script type=\"application\/ld+json\" class=\"yoast-schema-graph\">{\"@context\":\"https:\\\/\\\/schema.org\",\"@graph\":[{\"@type\":\"WebPage\",\"@id\":\"https:\\\/\\\/kirkensbymisjon.no\\\/tilbud-stovner-frivilligsentral\\\/\",\"url\":\"https:\\\/\\\/kirkensbymisjon.no\\\/tilbud-stovner-frivilligsentral\\\/\",\"name\":\"Kirkens Bymisjon - Stovner Frivilligsentral\",\"isPartOf\":{\"@id\":\"https:\\\/\\\/kirkensbymisjon.no\\\/tilbud-stovner-frivilligsentral\\\/#website\"},\"primaryImageOfPage\":{\"@id\":\"https:\\\/\\\/kirkensbymisjon.no\\\/tilbud-stovner-frivilligsentral\\\/#primaryimage\"},\"image\":{\"@id\":\"https:\\\/\\\/kirkensbymisjon.no\\\/tilbud-stovner-frivilligsentral\\\/#primaryimage\"},\"thumbnailUrl\":\"https:\\\/\\\/kirkensbymisjon.no\\\/content\\\/uploads\\\/2024\\\/08\\\/arbeidsfelt_narmiljo_04-1024x723.jpg\",\"datePublished\":\"2024-06-27T06:15:38+00:00\",\"dateModified\":\"2024-12-02T10:54:02+00:00\",\"description\":\"Frivillig for et godt n\u00e6rmilj\u00f8\",\"breadcrumb\":{\"@id\":\"https:\\\/\\\/kirkensbymisjon.no\\\/tilbud-stovner-frivilligsentral\\\/#breadcrumb\"},\"inLanguage\":\"nb-NO\",\"potentialAction\":[{\"@type\":\"ReadAction\",\"target\":[\"https:\\\/\\\/kirkensbymisjon.no\\\/tilbud-stovner-frivilligsentral\\\/\"]}]},{\"@type\":\"ImageObject\",\"inLanguage\":\"nb-NO\",\"@id\":\"https:\\\/\\\/kirkensbymisjon.no\\\/tilbud-stovner-frivilligsentral\\\/#primaryimage\",\"url\":\"https:\\\/\\\/kirkensbymisjon.no\\\/content\\\/uploads\\\/2024\\\/08\\\/arbeidsfelt_narmiljo_04-1024x723.jpg\",\"contentUrl\":\"https:\\\/\\\/kirkensbymisjon.no\\\/content\\\/uploads\\\/2024\\\/08\\\/arbeidsfelt_narmiljo_04-1024x723.jpg\"},{\"@type\":\"BreadcrumbList\",\"@id\":\"https:\\\/\\\/kirkensbymisjon.no\\\/tilbud-stovner-frivilligsentral\\\/#breadcrumb\",\"itemListElement\":[{\"@type\":\"ListItem\",\"position\":1,\"name\":\"Hjem\",\"item\":\"https:\\\/\\\/kirkensbymisjon.no\\\/tilbud-stovner-frivilligsentral\\\/\"},{\"@type\":\"ListItem\",\"position\":2,\"name\":\"Forside\"}]},{\"@type\":\"WebSite\",\"@id\":\"https:\\\/\\\/kirkensbymisjon.no\\\/tilbud-stovner-frivilligsentral\\\/#website\",\"url\":\"https:\\\/\\\/kirkensbymisjon.no\\\/tilbud-stovner-frivilligsentral\\\/\",\"name\":\"Stovner Frivilligsentral\",\"description\":\"\",\"potentialAction\":[{\"@type\":\"SearchAction\",\"target\":{\"@type\":\"EntryPoint\",\"urlTemplate\":\"https:\\\/\\\/kirkensbymisjon.no\\\/tilbud-stovner-frivilligsentral\\\/?s={search_term_string}\"},\"query-input\":{\"@type\":\"PropertyValueSpecification\",\"valueRequired\":true,\"valueName\":\"search_term_string\"}}],\"inLanguage\":\"nb-NO\"}]}<\/script>\n<!-- \/ Yoast SEO Premium plugin. -->","yoast_head_json":{"title":"Kirkens Bymisjon - Stovner Frivilligsentral","description":"Frivillig for et godt n\u00e6rmilj\u00f8","robots":{"index":"index","follow":"follow","max-snippet":"max-snippet:-1","max-image-preview":"max-image-preview:large","max-video-preview":"max-video-preview:-1"},"canonical":"https:\/\/kirkensbymisjon.no\/tilbud-stovner-frivilligsentral\/","og_locale":"nb_NO","og_type":"article","og_title":"Forside","og_description":"Frivillig for et godt n\u00e6rmilj\u00f8","og_url":"https:\/\/kirkensbymisjon.no\/tilbud-stovner-frivilligsentral\/","og_site_name":"Stovner Frivilligsentral","article_modified_time":"2024-12-02T10:54:02+00:00","twitter_card":"summary_large_image","twitter_misc":{"Ansl. lesetid":"1 minutt"},"schema":{"@context":"https:\/\/schema.org","@graph":[{"@type":"WebPage","@id":"https:\/\/kirkensbymisjon.no\/tilbud-stovner-frivilligsentral\/","url":"https:\/\/kirkensbymisjon.no\/tilbud-stovner-frivilligsentral\/","name":"Kirkens Bymisjon - Stovner Frivilligsentral","isPartOf":{"@id":"https:\/\/kirkensbymisjon.no\/tilbud-stovner-frivilligsentral\/#website"},"primaryImageOfPage":{"@id":"https:\/\/kirkensbymisjon.no\/tilbud-stovner-frivilligsentral\/#primaryimage"},"image":{"@id":"https:\/\/kirkensbymisjon.no\/tilbud-stovner-frivilligsentral\/#primaryimage"},"thumbnailUrl":"https:\/\/kirkensbymisjon.no\/content\/uploads\/2024\/08\/arbeidsfelt_narmiljo_04-1024x723.jpg","datePublished":"2024-06-27T06:15:38+00:00","dateModified":"2024-12-02T10:54:02+00:00","description":"Frivillig for et godt n\u00e6rmilj\u00f8","breadcrumb":{"@id":"https:\/\/kirkensbymisjon.no\/tilbud-stovner-frivilligsentral\/#breadcrumb"},"inLanguage":"nb-NO","potentialAction":[{"@type":"ReadAction","target":["https:\/\/kirkensbymisjon.no\/tilbud-stovner-frivilligsentral\/"]}]},{"@type":"ImageObject","inLanguage":"nb-NO","@id":"https:\/\/kirkensbymisjon.no\/tilbud-stovner-frivilligsentral\/#primaryimage","url":"https:\/\/kirkensbymisjon.no\/content\/uploads\/2024\/08\/arbeidsfelt_narmiljo_04-1024x723.jpg","contentUrl":"https:\/\/kirkensbymisjon.no\/content\/uploads\/2024\/08\/arbeidsfelt_narmiljo_04-1024x723.jpg"},{"@type":"BreadcrumbList","@id":"https:\/\/kirkensbymisjon.no\/tilbud-stovner-frivilligsentral\/#breadcrumb","itemListElement":[{"@type":"ListItem","position":1,"name":"Hjem","item":"https:\/\/kirkensbymisjon.no\/tilbud-stovner-frivilligsentral\/"},{"@type":"ListItem","position":2,"name":"Forside"}]},{"@type":"WebSite","@id":"https:\/\/kirkensbymisjon.no\/tilbud-stovner-frivilligsentral\/#website","url":"https:\/\/kirkensbymisjon.no\/tilbud-stovner-frivilligsentral\/","name":"Stovner Frivilligsentral","description":"","potentialAction":[{"@type":"SearchAction","target":{"@type":"EntryPoint","urlTemplate":"https:\/\/kirkensbymisjon.no\/tilbud-stovner-frivilligsentral\/?s={search_term_string}"},"query-input":{"@type":"PropertyValueSpecification","valueRequired":true,"valueName":"search_term_string"}}],"inLanguage":"nb-NO"}]}},"_links":{"self":[{"href":"https:\/\/kirkensbymisjon.no\/tilbud-stovner-frivilligsentral\/wp-json\/wp\/v2\/pages\/3","targetHints":{"allow":["GET"]}}],"collection":[{"href":"https:\/\/kirkensbymisjon.no\/tilbud-stovner-frivilligsentral\/wp-json\/wp\/v2\/pages"}],"about":[{"href":"https:\/\/kirkensbymisjon.no\/tilbud-stovner-frivilligsentral\/wp-json\/wp\/v2\/types\/page"}],"author":[{"embeddable":true,"href":"https:\/\/kirkensbymisjon.no\/tilbud-stovner-frivilligsentral\/wp-json\/wp\/v2\/users\/5"}],"replies":[{"embeddable":true,"href":"https:\/\/kirkensbymisjon.no\/tilbud-stovner-frivilligsentral\/wp-json\/wp\/v2\/comments?post=3"}],"version-history":[{"count":5,"href":"https:\/\/kirkensbymisjon.no\/tilbud-stovner-frivilligsentral\/wp-json\/wp\/v2\/pages\/3\/revisions"}],"predecessor-version":[{"id":105,"href":"https:\/\/kirkensbymisjon.no\/tilbud-stovner-frivilligsentral\/wp-json\/wp\/v2\/pages\/3\/revisions\/105"}],"wp:attachment":[{"href":"https:\/\/kirkensbymisjon.no\/tilbud-stovner-frivilligsentral\/wp-json\/wp\/v2\/media?parent=3"}],"curies":[{"name":"wp","href":"https:\/\/api.w.org\/{rel}","templated":true}]}}