{"id":24,"date":"2024-08-20T19:51:09","date_gmt":"2024-08-20T17:51:09","guid":{"rendered":"https:\/\/kirkensbymisjon.no\/tilbud-stovner-leaderz\/?page_id=24"},"modified":"2025-06-16T13:46:27","modified_gmt":"2025-06-16T11:46:27","slug":"om-lederprogrammet","status":"publish","type":"page","link":"https:\/\/kirkensbymisjon.no\/tilbud-stovner-leaderz\/om-lederprogrammet\/","title":{"rendered":"Om lederprogrammet"},"content":{"rendered":"\n<h3 class=\"wp-block-heading\" id=\"h-onsker-du-a-bli-en-av-stovner-leaders-sok-plass-her\">\u00d8nsker du \u00e5 bli en av Stovner Leaders? S\u00f8k plass her!<\/h3>\n\n\n\n<p>Du kan enkelt s\u00f8ke plass ved \u00e5 <a href=\"https:\/\/forms.office.com\/Pages\/ResponsePage.aspx?id=gi4gAoiyy0qLCn-EBKR82xBVkXZPsXtJrVgHnzosyMhUNk0zWVlaT0w3VU5GOUg0ODNaQUJPNUxORS4u\" target=\"_blank\" rel=\"noreferrer noopener\">fylle ut skjemaet her<\/a>.<\/p>\n\n\n\n<p>Alle s\u00f8kere blir innkalt til intervju! Om du er heldig og g\u00e5r videre, f\u00f8lger du programmet med kun seks workshops fra september 2024 til juni 2025.<\/p>\n\n\n\n<p>Stovner Leaders er et prosjekt under tilbudet <a href=\"\/tilbud-Stovner-Frivilligsentral\">Stovner Frivilligsentral<\/a>, og som drives i samarbeid med Bydel Stovner. V\u00e5rt slagord er: Led deg selv \u2013 p\u00e5virk samfunnet.<\/p>\n\n\n\n<p>Programmet er lagt opp med hensyn til eksamensperioder og skole.<\/p>\n\n\n\n<p><a href=\"https:\/\/kirkensbymisjon.no\/tilbud-stovner-leaderz\/om-lederprogrammet\/#om-lederprogrammet\" target=\"_blank\" rel=\"noreferrer noopener\">Les mer om lederprogrammet her<\/a>.<\/p>\n\n\n\t<div class=\"alignfull wp-block-kbm-gallery\" data-scroll=\"1\">\n\t\t<div class=\"kbm-gallery__scroll\">\n\t\t\t<div class=\"kbm-gallery__wrapper\">\n\t\t\t\t\n\n<figure class=\"wp-block-gallery has-nested-images columns-default is-cropped wp-block-gallery-1 is-layout-flex wp-block-gallery-is-layout-flex\">\n<figure class=\"wp-block-image size-large\"><img loading=\"lazy\" decoding=\"async\" width=\"780\" height=\"697\" data-id=\"21\" src=\"https:\/\/kirkensbymisjon.no\/content\/uploads\/sites\/114\/2024\/08\/tilbud_stovner-lead_03.jpg\" alt=\"Unge deltakere i friluft\" class=\"wp-image-21\" srcset=\"https:\/\/kirkensbymisjon.no\/content\/uploads\/sites\/114\/2024\/08\/tilbud_stovner-lead_03.jpg 780w, https:\/\/kirkensbymisjon.no\/content\/uploads\/sites\/114\/2024\/08\/tilbud_stovner-lead_03-300x268.jpg 300w, https:\/\/kirkensbymisjon.no\/content\/uploads\/sites\/114\/2024\/08\/tilbud_stovner-lead_03-768x686.jpg 768w\" sizes=\"auto, (max-width: 780px) 100vw, 780px\" \/><\/figure>\n\n\n\n<figure class=\"wp-block-image size-large\"><img loading=\"lazy\" decoding=\"async\" width=\"828\" height=\"621\" data-id=\"20\" src=\"https:\/\/kirkensbymisjon.no\/content\/uploads\/sites\/114\/2024\/08\/tilbud_stovner-lead_04.jpg\" alt=\"Unge deltakere i samtale\" class=\"wp-image-20\" srcset=\"https:\/\/kirkensbymisjon.no\/content\/uploads\/sites\/114\/2024\/08\/tilbud_stovner-lead_04.jpg 828w, https:\/\/kirkensbymisjon.no\/content\/uploads\/sites\/114\/2024\/08\/tilbud_stovner-lead_04-300x225.jpg 300w, https:\/\/kirkensbymisjon.no\/content\/uploads\/sites\/114\/2024\/08\/tilbud_stovner-lead_04-768x576.jpg 768w\" sizes=\"auto, (max-width: 828px) 100vw, 828px\" \/><\/figure>\n\n\n\n<figure class=\"wp-block-image size-large\"><img loading=\"lazy\" decoding=\"async\" width=\"917\" height=\"515\" data-id=\"19\" src=\"https:\/\/kirkensbymisjon.no\/content\/uploads\/sites\/114\/2024\/08\/tilbud_stovner-lead_05.jpg\" alt=\"Unge deltakere i samtale\" class=\"wp-image-19\" srcset=\"https:\/\/kirkensbymisjon.no\/content\/uploads\/sites\/114\/2024\/08\/tilbud_stovner-lead_05.jpg 917w, https:\/\/kirkensbymisjon.no\/content\/uploads\/sites\/114\/2024\/08\/tilbud_stovner-lead_05-300x168.jpg 300w, https:\/\/kirkensbymisjon.no\/content\/uploads\/sites\/114\/2024\/08\/tilbud_stovner-lead_05-768x431.jpg 768w\" sizes=\"auto, (max-width: 917px) 100vw, 917px\" \/><\/figure>\n<\/figure>\n\n\t\t\t<\/div>\n\t\t<\/div>\n\t<\/div>\n\t\n\n\n<h2 class=\"wp-block-heading\" id=\"om-lederprogrammet\">Om lederprogrammet<\/h2>\n\n\n<div class=\"t2-accordion wp-block-t2-accordion\" data-allow-multiple=\"1\" role=\"list\">\n<div class=\"t2-accordion-item wp-block-t2-accordion-item\" role=\"listitem\">\n\t\t\t<h2 class=\"t2-accordion-title\">\n\t\t\t\t<button type=\"button\" class=\"t2-accordion-trigger\" id=\"v\u00e5rt-m\u00e5l\" aria-controls=\"accordion-panel\" aria-expanded=\"false\">\n\t\t\t\t\tV\u00e5rt m\u00e5l\n\t\t\t\t\t<span class=\"t2-accordion-icon is-closed-icon\"><svg xmlns=\"http:\/\/www.w3.org\/2000\/svg\" viewBox=\"0 0 24 24\" height=\"24\" width=\"24\" class=\"t2-icon t2-icon-plus\" aria-hidden=\"true\" focusable=\"false\"><path d=\"M11.8 5.037a1.088 1.088 0 0 0-.722.566c-.075.148-.078.25-.078 2.772v2.619l-2.61.016c-1.867.012-2.652.03-2.756.064-.168.055-.438.301-.54.494-.049.092-.07.223-.07.432 0 .34.054.476.282.704.289.289.14.275 3.064.288l2.63.012v2.619c0 2.544.002 2.625.08 2.778.191.372.516.577.92.577s.729-.205.92-.577c.078-.153.08-.234.08-2.778v-2.619l2.63-.012c2.924-.013 2.775.001 3.064-.288.228-.228.282-.364.282-.704 0-.209-.021-.34-.07-.432-.102-.193-.372-.439-.54-.494-.104-.034-.889-.052-2.756-.064L13 10.994V8.375c0-2.522-.003-2.624-.078-2.772-.214-.418-.685-.656-1.122-.566\"\/><\/svg><\/span>\n\t\t\t\t\t<span class=\"t2-accordion-icon is-open-icon\"><svg xmlns=\"http:\/\/www.w3.org\/2000\/svg\" viewBox=\"0 0 24 24\" height=\"24\" width=\"24\" class=\"t2-icon t2-icon-chevronup\" aria-hidden=\"true\" focusable=\"false\"><path d=\"M6.7 14.7c-.2-.2-.3-.4-.3-.7s.1-.5.3-.7l4.6-4.6c.1-.1.2-.2.3-.2.1 0 .2-.1.4-.1.1 0 .3 0 .4.1.1 0 .2.1.3.2l4.6 4.6c.2.2.3.4.3.7s-.1.5-.3.7c-.2.2-.4.3-.7.3s-.5-.1-.7-.3L12 10.8l-3.9 3.9c-.2.2-.4.3-.7.3s-.5-.1-.7-.3z\" fill=\"currentColor\" \/><\/svg><\/span>\n\t\t\t\t<\/button>\n\t\t\t<\/h2>\n\t\t\t<div class=\"t2-accordion-item__inner-container is-layout-flow\" id=\"accordion-panel\" aria-labelledby=\"v\u00e5rt-m\u00e5l\" role=\"region\" hidden>\n\t\t\t\t\n\n<p>Stovner Leaders har som m\u00e5l \u00e5 bidra til at ungdom p\u00e5 fritiden, gjennom ledertrening og frivillig arbeid, blir trygge ungdommer, unge ledere og rollemodeller i et sosialt, inkluderende og mangfoldig fellesskap.<\/p>\n\n\n\n<p>Lederprogrammet \u00f8nsker \u00e5 myndiggj\u00f8re ungdommer til \u00e5 ta gode valg for eget liv og bidra i samfunnet.<\/p>\n\n\n\t\t\t<\/div>\n\t\t<\/div>\n\n<div class=\"t2-accordion-item wp-block-t2-accordion-item\" role=\"listitem\">\n\t\t\t<h2 class=\"t2-accordion-title\">\n\t\t\t\t<button type=\"button\" class=\"t2-accordion-trigger\" id=\"slik-fungerer-det\" aria-controls=\"accordion-panel-1\" aria-expanded=\"false\">\n\t\t\t\t\tSlik fungerer det\n\t\t\t\t\t<span class=\"t2-accordion-icon is-closed-icon\"><svg xmlns=\"http:\/\/www.w3.org\/2000\/svg\" viewBox=\"0 0 24 24\" height=\"24\" width=\"24\" class=\"t2-icon t2-icon-plus\" aria-hidden=\"true\" focusable=\"false\"><path d=\"M11.8 5.037a1.088 1.088 0 0 0-.722.566c-.075.148-.078.25-.078 2.772v2.619l-2.61.016c-1.867.012-2.652.03-2.756.064-.168.055-.438.301-.54.494-.049.092-.07.223-.07.432 0 .34.054.476.282.704.289.289.14.275 3.064.288l2.63.012v2.619c0 2.544.002 2.625.08 2.778.191.372.516.577.92.577s.729-.205.92-.577c.078-.153.08-.234.08-2.778v-2.619l2.63-.012c2.924-.013 2.775.001 3.064-.288.228-.228.282-.364.282-.704 0-.209-.021-.34-.07-.432-.102-.193-.372-.439-.54-.494-.104-.034-.889-.052-2.756-.064L13 10.994V8.375c0-2.522-.003-2.624-.078-2.772-.214-.418-.685-.656-1.122-.566\"\/><\/svg><\/span>\n\t\t\t\t\t<span class=\"t2-accordion-icon is-open-icon\"><svg xmlns=\"http:\/\/www.w3.org\/2000\/svg\" viewBox=\"0 0 24 24\" height=\"24\" width=\"24\" class=\"t2-icon t2-icon-chevronup\" aria-hidden=\"true\" focusable=\"false\"><path d=\"M6.7 14.7c-.2-.2-.3-.4-.3-.7s.1-.5.3-.7l4.6-4.6c.1-.1.2-.2.3-.2.1 0 .2-.1.4-.1.1 0 .3 0 .4.1.1 0 .2.1.3.2l4.6 4.6c.2.2.3.4.3.7s-.1.5-.3.7c-.2.2-.4.3-.7.3s-.5-.1-.7-.3L12 10.8l-3.9 3.9c-.2.2-.4.3-.7.3s-.5-.1-.7-.3z\" fill=\"currentColor\" \/><\/svg><\/span>\n\t\t\t\t<\/button>\n\t\t\t<\/h2>\n\t\t\t<div class=\"t2-accordion-item__inner-container is-layout-flow\" id=\"accordion-panel-1\" aria-labelledby=\"slik-fungerer-det\" role=\"region\" hidden>\n\t\t\t\t\n\n<ul class=\"wp-block-list\">\n<li>Programmet best\u00e5r av 6 workshops som g\u00e5r over to semester. Ungdommene som s\u00f8ker seg inn i programmet m\u00f8tes \u00e9n&nbsp;gang i m\u00e5neden, samtidig som de ogs\u00e5 jobber frivillig hvert semester.<\/li>\n\n\n\n<li>Her kan ungdom l\u00e6re, utforske og erfare, samt bidra frivillig, bygge CV og f\u00e5 attest og referanse n\u00e5r de er ferdig med programmet.<\/li>\n<\/ul>\n\n\n\t\t\t<\/div>\n\t\t<\/div>\n\n<div class=\"t2-accordion-item wp-block-t2-accordion-item\" role=\"listitem\">\n\t\t\t<h2 class=\"t2-accordion-title\">\n\t\t\t\t<button type=\"button\" class=\"t2-accordion-trigger\" id=\"hva-vi-tilbyr?\" aria-controls=\"accordion-panel-2\" aria-expanded=\"false\">\n\t\t\t\t\tHva vi tilbyr?\n\t\t\t\t\t<span class=\"t2-accordion-icon is-closed-icon\"><svg xmlns=\"http:\/\/www.w3.org\/2000\/svg\" viewBox=\"0 0 24 24\" height=\"24\" width=\"24\" class=\"t2-icon t2-icon-plus\" aria-hidden=\"true\" focusable=\"false\"><path d=\"M11.8 5.037a1.088 1.088 0 0 0-.722.566c-.075.148-.078.25-.078 2.772v2.619l-2.61.016c-1.867.012-2.652.03-2.756.064-.168.055-.438.301-.54.494-.049.092-.07.223-.07.432 0 .34.054.476.282.704.289.289.14.275 3.064.288l2.63.012v2.619c0 2.544.002 2.625.08 2.778.191.372.516.577.92.577s.729-.205.92-.577c.078-.153.08-.234.08-2.778v-2.619l2.63-.012c2.924-.013 2.775.001 3.064-.288.228-.228.282-.364.282-.704 0-.209-.021-.34-.07-.432-.102-.193-.372-.439-.54-.494-.104-.034-.889-.052-2.756-.064L13 10.994V8.375c0-2.522-.003-2.624-.078-2.772-.214-.418-.685-.656-1.122-.566\"\/><\/svg><\/span>\n\t\t\t\t\t<span class=\"t2-accordion-icon is-open-icon\"><svg xmlns=\"http:\/\/www.w3.org\/2000\/svg\" viewBox=\"0 0 24 24\" height=\"24\" width=\"24\" class=\"t2-icon t2-icon-chevronup\" aria-hidden=\"true\" focusable=\"false\"><path d=\"M6.7 14.7c-.2-.2-.3-.4-.3-.7s.1-.5.3-.7l4.6-4.6c.1-.1.2-.2.3-.2.1 0 .2-.1.4-.1.1 0 .3 0 .4.1.1 0 .2.1.3.2l4.6 4.6c.2.2.3.4.3.7s-.1.5-.3.7c-.2.2-.4.3-.7.3s-.5-.1-.7-.3L12 10.8l-3.9 3.9c-.2.2-.4.3-.7.3s-.5-.1-.7-.3z\" fill=\"currentColor\" \/><\/svg><\/span>\n\t\t\t\t<\/button>\n\t\t\t<\/h2>\n\t\t\t<div class=\"t2-accordion-item__inner-container is-layout-flow\" id=\"accordion-panel-2\" aria-labelledby=\"hva-vi-tilbyr?\" role=\"region\" hidden>\n\t\t\t\t\n\n<ul class=\"wp-block-list\">\n<li>Som deltager i \u00abStovner Leaders\u00bb f\u00e5r du en arena til \u00e5 utforske dine egne ressurser i samspill med andre, bli kjent med andre ungdommer og bygge nye nettverk.<\/li>\n\n\n\n<li>Du deltar i m\u00e5nedlige workshops for ungdommer med tema som;<br>egne ressurser og talenter, lederskap og organisering, eventplanlegging, presentasjonsteknikk m.m.<\/li>\n\n\n\n<li>Du opparbeider frivillig erfaring ved \u00e5 bidra frivillig p\u00e5 forskjellige tiltak i Bydel Stovner og i Kirkens Bymisjon, Oslo sine tiltak, samt erfaring ved \u00e5 lage, planlegge og gjennomf\u00f8re egne arrangement hvert semester.<\/li>\n\n\n\n<li>Vi tilbyr kurs for elevr\u00e5d ved utvalgte skoler.<\/li>\n\n\n\n<li>Du f\u00e5r relevant erfaring og bygger CV-en din.<\/li>\n\n\n\n<li>Ved gjennomf\u00f8rt kurs f\u00e5r du attest, referanse og mulighet til \u00e5 bli med i \u00abStovner Leaders\u00bb-alumnigruppe (nettverksgruppe).<\/li>\n<\/ul>\n\n\n\t\t\t<\/div>\n\t\t<\/div>\n\n<div class=\"t2-accordion-item wp-block-t2-accordion-item\" role=\"listitem\">\n\t\t\t<h2 class=\"t2-accordion-title\">\n\t\t\t\t<button type=\"button\" class=\"t2-accordion-trigger\" id=\"samarbeidspartnere\" aria-controls=\"accordion-panel-3\" aria-expanded=\"false\">\n\t\t\t\t\tSamarbeidspartnere\n\t\t\t\t\t<span class=\"t2-accordion-icon is-closed-icon\"><svg xmlns=\"http:\/\/www.w3.org\/2000\/svg\" viewBox=\"0 0 24 24\" height=\"24\" width=\"24\" class=\"t2-icon t2-icon-plus\" aria-hidden=\"true\" focusable=\"false\"><path d=\"M11.8 5.037a1.088 1.088 0 0 0-.722.566c-.075.148-.078.25-.078 2.772v2.619l-2.61.016c-1.867.012-2.652.03-2.756.064-.168.055-.438.301-.54.494-.049.092-.07.223-.07.432 0 .34.054.476.282.704.289.289.14.275 3.064.288l2.63.012v2.619c0 2.544.002 2.625.08 2.778.191.372.516.577.92.577s.729-.205.92-.577c.078-.153.08-.234.08-2.778v-2.619l2.63-.012c2.924-.013 2.775.001 3.064-.288.228-.228.282-.364.282-.704 0-.209-.021-.34-.07-.432-.102-.193-.372-.439-.54-.494-.104-.034-.889-.052-2.756-.064L13 10.994V8.375c0-2.522-.003-2.624-.078-2.772-.214-.418-.685-.656-1.122-.566\"\/><\/svg><\/span>\n\t\t\t\t\t<span class=\"t2-accordion-icon is-open-icon\"><svg xmlns=\"http:\/\/www.w3.org\/2000\/svg\" viewBox=\"0 0 24 24\" height=\"24\" width=\"24\" class=\"t2-icon t2-icon-chevronup\" aria-hidden=\"true\" focusable=\"false\"><path d=\"M6.7 14.7c-.2-.2-.3-.4-.3-.7s.1-.5.3-.7l4.6-4.6c.1-.1.2-.2.3-.2.1 0 .2-.1.4-.1.1 0 .3 0 .4.1.1 0 .2.1.3.2l4.6 4.6c.2.2.3.4.3.7s-.1.5-.3.7c-.2.2-.4.3-.7.3s-.5-.1-.7-.3L12 10.8l-3.9 3.9c-.2.2-.4.3-.7.3s-.5-.1-.7-.3z\" fill=\"currentColor\" \/><\/svg><\/span>\n\t\t\t\t<\/button>\n\t\t\t<\/h2>\n\t\t\t<div class=\"t2-accordion-item__inner-container is-layout-flow\" id=\"accordion-panel-3\" aria-labelledby=\"samarbeidspartnere\" role=\"region\" hidden>\n\t\t\t\t\n\n<ul class=\"wp-block-list\">\n<li><a href=\"\/tilbud-batteriet\/\" target=\"_blank\" rel=\"noreferrer noopener\">Batteriet, Oslo<\/a><\/li>\n\n\n\n<li><a href=\"https:\/\/stovner.vgs.no\/\" target=\"_blank\" rel=\"noreferrer noopener\">Stovner videreg\u00e5ende skole<\/a><\/li>\n\n\n\n<li><a href=\"https:\/\/www.oslo.kommune.no\/politikk-og-administrasjon\/bydeler\/bydel-stovner\/#gref\" target=\"_blank\" rel=\"noreferrer noopener\">Bydel Stovner<\/a><\/li>\n<\/ul>\n\n\n\t\t\t<\/div>\n\t\t<\/div>\n<\/div>","protected":false},"excerpt":{"rendered":"<p>\u00d8nsker du \u00e5 bli en av Stovner Leaders? S\u00f8k plass her! Du kan enkelt s\u00f8ke&hellip;<\/p>\n","protected":false},"author":5,"featured_media":0,"parent":0,"menu_order":0,"comment_status":"closed","ping_status":"closed","template":"","meta":{"_relevanssi_hide_post":"","_relevanssi_hide_content":"","_relevanssi_pin_for_all":"","_relevanssi_pin_keywords":"","_relevanssi_unpin_keywords":"","_relevanssi_related_keywords":"","_relevanssi_related_include_ids":"","_relevanssi_related_exclude_ids":"","_relevanssi_related_no_append":"","_relevanssi_related_not_related":"","_relevanssi_related_posts":"1","_relevanssi_noindex_reason":"","editor_notices":[],"footnotes":""},"class_list":["post-24","page","type-page","status-publish","hentry"],"yoast_head":"<!-- This site is optimized with the Yoast SEO Premium plugin v27.2 (Yoast SEO v27.4) - https:\/\/yoast.com\/product\/yoast-seo-premium-wordpress\/ -->\n<title>Om lederprogrammet - Stovner Leaders<\/title>\n<meta name=\"robots\" content=\"index, follow, max-snippet:-1, max-image-preview:large, max-video-preview:-1\" \/>\n<link rel=\"canonical\" href=\"https:\/\/kirkensbymisjon.no\/tilbud-stovner-leaderz\/om-lederprogrammet\/\" \/>\n<meta property=\"og:locale\" content=\"nb_NO\" \/>\n<meta property=\"og:type\" content=\"article\" \/>\n<meta property=\"og:title\" content=\"Om lederprogrammet\" \/>\n<meta property=\"og:description\" content=\"\u00d8nsker du \u00e5 bli en av Stovner Leaders? S\u00f8k plass her! Du kan enkelt s\u00f8ke&hellip;\" \/>\n<meta property=\"og:url\" content=\"https:\/\/kirkensbymisjon.no\/tilbud-stovner-leaderz\/om-lederprogrammet\/\" \/>\n<meta property=\"og:site_name\" content=\"Stovner Leaders\" \/>\n<meta property=\"article:modified_time\" content=\"2025-06-16T11:46:27+00:00\" \/>\n<meta property=\"og:image\" content=\"https:\/\/kirkensbymisjon.no\/content\/uploads\/sites\/114\/2024\/08\/tilbud_stovner-lead_03.jpg\" \/>\n\t<meta property=\"og:image:width\" content=\"780\" \/>\n\t<meta property=\"og:image:height\" content=\"697\" \/>\n\t<meta property=\"og:image:type\" content=\"image\/jpeg\" \/>\n<meta name=\"twitter:card\" content=\"summary_large_image\" \/>\n<meta name=\"twitter:label1\" content=\"Ansl. lesetid\" \/>\n\t<meta name=\"twitter:data1\" content=\"3 minutter\" \/>\n<script type=\"application\/ld+json\" class=\"yoast-schema-graph\">{\"@context\":\"https:\\\/\\\/schema.org\",\"@graph\":[{\"@type\":\"WebPage\",\"@id\":\"https:\\\/\\\/kirkensbymisjon.no\\\/tilbud-stovner-leaderz\\\/om-lederprogrammet\\\/\",\"url\":\"https:\\\/\\\/kirkensbymisjon.no\\\/tilbud-stovner-leaderz\\\/om-lederprogrammet\\\/\",\"name\":\"Om lederprogrammet - Stovner Leaders\",\"isPartOf\":{\"@id\":\"https:\\\/\\\/kirkensbymisjon.no\\\/tilbud-stovner-leaderz\\\/#website\"},\"primaryImageOfPage\":{\"@id\":\"https:\\\/\\\/kirkensbymisjon.no\\\/tilbud-stovner-leaderz\\\/om-lederprogrammet\\\/#primaryimage\"},\"image\":{\"@id\":\"https:\\\/\\\/kirkensbymisjon.no\\\/tilbud-stovner-leaderz\\\/om-lederprogrammet\\\/#primaryimage\"},\"thumbnailUrl\":\"https:\\\/\\\/kirkensbymisjon.no\\\/content\\\/uploads\\\/sites\\\/114\\\/2024\\\/08\\\/tilbud_stovner-lead_03.jpg\",\"datePublished\":\"2024-08-20T17:51:09+00:00\",\"dateModified\":\"2025-06-16T11:46:27+00:00\",\"breadcrumb\":{\"@id\":\"https:\\\/\\\/kirkensbymisjon.no\\\/tilbud-stovner-leaderz\\\/om-lederprogrammet\\\/#breadcrumb\"},\"inLanguage\":\"nb-NO\",\"potentialAction\":[{\"@type\":\"ReadAction\",\"target\":[\"https:\\\/\\\/kirkensbymisjon.no\\\/tilbud-stovner-leaderz\\\/om-lederprogrammet\\\/\"]}]},{\"@type\":\"ImageObject\",\"inLanguage\":\"nb-NO\",\"@id\":\"https:\\\/\\\/kirkensbymisjon.no\\\/tilbud-stovner-leaderz\\\/om-lederprogrammet\\\/#primaryimage\",\"url\":\"https:\\\/\\\/kirkensbymisjon.no\\\/content\\\/uploads\\\/sites\\\/114\\\/2024\\\/08\\\/tilbud_stovner-lead_03.jpg\",\"contentUrl\":\"https:\\\/\\\/kirkensbymisjon.no\\\/content\\\/uploads\\\/sites\\\/114\\\/2024\\\/08\\\/tilbud_stovner-lead_03.jpg\"},{\"@type\":\"BreadcrumbList\",\"@id\":\"https:\\\/\\\/kirkensbymisjon.no\\\/tilbud-stovner-leaderz\\\/om-lederprogrammet\\\/#breadcrumb\",\"itemListElement\":[{\"@type\":\"ListItem\",\"position\":1,\"name\":\"Hjem\",\"item\":\"https:\\\/\\\/kirkensbymisjon.no\\\/tilbud-stovner-leaderz\\\/\"},{\"@type\":\"ListItem\",\"position\":2,\"name\":\"Om lederprogrammet\"}]},{\"@type\":\"WebSite\",\"@id\":\"https:\\\/\\\/kirkensbymisjon.no\\\/tilbud-stovner-leaderz\\\/#website\",\"url\":\"https:\\\/\\\/kirkensbymisjon.no\\\/tilbud-stovner-leaderz\\\/\",\"name\":\"Stovner Leaders\",\"description\":\"\",\"potentialAction\":[{\"@type\":\"SearchAction\",\"target\":{\"@type\":\"EntryPoint\",\"urlTemplate\":\"https:\\\/\\\/kirkensbymisjon.no\\\/tilbud-stovner-leaderz\\\/?s={search_term_string}\"},\"query-input\":{\"@type\":\"PropertyValueSpecification\",\"valueRequired\":true,\"valueName\":\"search_term_string\"}}],\"inLanguage\":\"nb-NO\"}]}<\/script>\n<!-- \/ Yoast SEO Premium plugin. -->","yoast_head_json":{"title":"Om lederprogrammet - Stovner Leaders","robots":{"index":"index","follow":"follow","max-snippet":"max-snippet:-1","max-image-preview":"max-image-preview:large","max-video-preview":"max-video-preview:-1"},"canonical":"https:\/\/kirkensbymisjon.no\/tilbud-stovner-leaderz\/om-lederprogrammet\/","og_locale":"nb_NO","og_type":"article","og_title":"Om lederprogrammet","og_description":"\u00d8nsker du \u00e5 bli en av Stovner Leaders? S\u00f8k plass her! Du kan enkelt s\u00f8ke&hellip;","og_url":"https:\/\/kirkensbymisjon.no\/tilbud-stovner-leaderz\/om-lederprogrammet\/","og_site_name":"Stovner Leaders","article_modified_time":"2025-06-16T11:46:27+00:00","og_image":[{"width":780,"height":697,"url":"https:\/\/kirkensbymisjon.no\/content\/uploads\/sites\/114\/2024\/08\/tilbud_stovner-lead_03.jpg","type":"image\/jpeg"}],"twitter_card":"summary_large_image","twitter_misc":{"Ansl. lesetid":"3 minutter"},"schema":{"@context":"https:\/\/schema.org","@graph":[{"@type":"WebPage","@id":"https:\/\/kirkensbymisjon.no\/tilbud-stovner-leaderz\/om-lederprogrammet\/","url":"https:\/\/kirkensbymisjon.no\/tilbud-stovner-leaderz\/om-lederprogrammet\/","name":"Om lederprogrammet - Stovner Leaders","isPartOf":{"@id":"https:\/\/kirkensbymisjon.no\/tilbud-stovner-leaderz\/#website"},"primaryImageOfPage":{"@id":"https:\/\/kirkensbymisjon.no\/tilbud-stovner-leaderz\/om-lederprogrammet\/#primaryimage"},"image":{"@id":"https:\/\/kirkensbymisjon.no\/tilbud-stovner-leaderz\/om-lederprogrammet\/#primaryimage"},"thumbnailUrl":"https:\/\/kirkensbymisjon.no\/content\/uploads\/sites\/114\/2024\/08\/tilbud_stovner-lead_03.jpg","datePublished":"2024-08-20T17:51:09+00:00","dateModified":"2025-06-16T11:46:27+00:00","breadcrumb":{"@id":"https:\/\/kirkensbymisjon.no\/tilbud-stovner-leaderz\/om-lederprogrammet\/#breadcrumb"},"inLanguage":"nb-NO","potentialAction":[{"@type":"ReadAction","target":["https:\/\/kirkensbymisjon.no\/tilbud-stovner-leaderz\/om-lederprogrammet\/"]}]},{"@type":"ImageObject","inLanguage":"nb-NO","@id":"https:\/\/kirkensbymisjon.no\/tilbud-stovner-leaderz\/om-lederprogrammet\/#primaryimage","url":"https:\/\/kirkensbymisjon.no\/content\/uploads\/sites\/114\/2024\/08\/tilbud_stovner-lead_03.jpg","contentUrl":"https:\/\/kirkensbymisjon.no\/content\/uploads\/sites\/114\/2024\/08\/tilbud_stovner-lead_03.jpg"},{"@type":"BreadcrumbList","@id":"https:\/\/kirkensbymisjon.no\/tilbud-stovner-leaderz\/om-lederprogrammet\/#breadcrumb","itemListElement":[{"@type":"ListItem","position":1,"name":"Hjem","item":"https:\/\/kirkensbymisjon.no\/tilbud-stovner-leaderz\/"},{"@type":"ListItem","position":2,"name":"Om lederprogrammet"}]},{"@type":"WebSite","@id":"https:\/\/kirkensbymisjon.no\/tilbud-stovner-leaderz\/#website","url":"https:\/\/kirkensbymisjon.no\/tilbud-stovner-leaderz\/","name":"Stovner Leaders","description":"","potentialAction":[{"@type":"SearchAction","target":{"@type":"EntryPoint","urlTemplate":"https:\/\/kirkensbymisjon.no\/tilbud-stovner-leaderz\/?s={search_term_string}"},"query-input":{"@type":"PropertyValueSpecification","valueRequired":true,"valueName":"search_term_string"}}],"inLanguage":"nb-NO"}]}},"_links":{"self":[{"href":"https:\/\/kirkensbymisjon.no\/tilbud-stovner-leaderz\/wp-json\/wp\/v2\/pages\/24","targetHints":{"allow":["GET"]}}],"collection":[{"href":"https:\/\/kirkensbymisjon.no\/tilbud-stovner-leaderz\/wp-json\/wp\/v2\/pages"}],"about":[{"href":"https:\/\/kirkensbymisjon.no\/tilbud-stovner-leaderz\/wp-json\/wp\/v2\/types\/page"}],"author":[{"embeddable":true,"href":"https:\/\/kirkensbymisjon.no\/tilbud-stovner-leaderz\/wp-json\/wp\/v2\/users\/5"}],"replies":[{"embeddable":true,"href":"https:\/\/kirkensbymisjon.no\/tilbud-stovner-leaderz\/wp-json\/wp\/v2\/comments?post=24"}],"version-history":[{"count":5,"href":"https:\/\/kirkensbymisjon.no\/tilbud-stovner-leaderz\/wp-json\/wp\/v2\/pages\/24\/revisions"}],"predecessor-version":[{"id":89,"href":"https:\/\/kirkensbymisjon.no\/tilbud-stovner-leaderz\/wp-json\/wp\/v2\/pages\/24\/revisions\/89"}],"wp:attachment":[{"href":"https:\/\/kirkensbymisjon.no\/tilbud-stovner-leaderz\/wp-json\/wp\/v2\/media?parent=24"}],"curies":[{"name":"wp","href":"https:\/\/api.w.org\/{rel}","templated":true}]}}