{"id":3,"date":"2024-06-27T08:23:51","date_gmt":"2024-06-27T06:23:51","guid":{"rendered":"https:\/\/kirkensbymisjon.no\/tilbud-stovner-leaderz\/forside\/"},"modified":"2025-06-16T13:44:30","modified_gmt":"2025-06-16T11:44:30","slug":"forside","status":"publish","type":"page","link":"https:\/\/kirkensbymisjon.no\/tilbud-stovner-leaderz\/","title":{"rendered":"Forside"},"content":{"rendered":"\n<div class=\"wp-block-media-text alignwide is-stacked-on-mobile is-style-filled\"><figure class=\"wp-block-media-text__media\"><img loading=\"lazy\" decoding=\"async\" width=\"867\" height=\"651\" src=\"https:\/\/kirkensbymisjon.no\/content\/uploads\/sites\/114\/2024\/08\/tilbud_stovner-lead_02.jpg\" alt=\"Unge deltakere i samtale\" class=\"wp-image-22 size-full\" srcset=\"https:\/\/kirkensbymisjon.no\/content\/uploads\/sites\/114\/2024\/08\/tilbud_stovner-lead_02.jpg 867w, https:\/\/kirkensbymisjon.no\/content\/uploads\/sites\/114\/2024\/08\/tilbud_stovner-lead_02-300x225.jpg 300w, https:\/\/kirkensbymisjon.no\/content\/uploads\/sites\/114\/2024\/08\/tilbud_stovner-lead_02-768x577.jpg 768w\" sizes=\"auto, (max-width: 867px) 100vw, 867px\" \/><\/figure><div class=\"wp-block-media-text__content\">\n<h2 class=\"wp-block-heading\" id=\"h-vil-du-bli-en-leder-i-ditt-liv\">Vil du bli en leder i ditt liv?<\/h2>\n\n\n\n<p>Gjennom ungdomsprogrammet Stovner Leaders kan du som er mellom 16\u201322 \u00e5r l\u00e6re \u00e5 bli leder i ditt eget liv \u2013 og p\u00e5virke samfunnet rundt deg.<\/p>\n\n\n\n<p><a href=\"https:\/\/kirkensbymisjon.no\/tilbud-stovner-leaderz\/om-lederprogrammet\/\">S\u00f8k plass i Stovner Leaders<\/a><\/p>\n<\/div><\/div>\n\n\n\t<div class=\"alignwide wp-block-kbm-link-list\">\n\t\t<div class=\"kbm-link-list__items\">\n\t\t\t\n<div class=\"wp-block-kbm-link-list-item\">\t<svg xmlns=\"http:\/\/www.w3.org\/2000\/svg\" viewBox=\"0 0 48 48\" height=\"24\" width=\"24\" class=\"t2-icon t2-icon-message\" aria-hidden=\"true\" focusable=\"false\"><path d=\"M43.158 3.152c-.132.057-.713.623-1.29 1.256a26.174 26.174 0 0 1-4.051 3.666 28.09 28.09 0 0 1-10.044 4.657l-1.133.268V29.742l1.097.259c3.632.858 7.287 2.572 10.284 4.823 1.447 1.087 2.562 2.134 4.557 4.277.329.353.548.516.777.578.562.151 1.132-.099 1.428-.626l.177-.315V3.944l-.182-.27c-.388-.577-1.024-.782-1.62-.522M23.36 13.443c-.242.034-3.51.065-7.263.069-7.546.009-7.166-.018-7.586.533-.218.285-.233.353-.258 1.205l-.027.903-2.213.023c-2.171.024-2.218.028-2.474.21-.552.394-.536.267-.564 4.614-.014 2.156-.003 4.107.025 4.336.055.453.273.835.626 1.097.214.158.338.168 2.42.191l2.194.023v.751c0 .859.069 1.097.421 1.463.292.302.641.418 1.259.419h.44l2.553 6.82c1.404 3.751 2.652 7.042 2.772 7.314a2.624 2.624 0 0 0 3.263 1.431c.354-.119.623-.326 1.56-1.203 1.716-1.606 2.871-2.831 3.093-3.283.164-.334.196-.518.197-1.133l.002-.734-2.303-4.615-2.303-4.614 2.403.028L24 29.32v-7.98c0-6.337-.021-7.978-.1-7.969-.055.006-.298.039-.54.072\"\/><\/svg>\t<div class=\"kbm-link-list-item__content\">\n\t\t<p class=\"kbm-link-list-item__title\">Utvikle dine beste egenskaper<\/p>\n\t\t\t\t\t<p class=\"kbm-link-list-item__description\">Vi tror p\u00e5 ungdom som morgendagens ledere. Derfor vil vi myndiggj\u00f8re ungdom. Gjennom ledertrening kan du finne ut hva DU er best p\u00e5, og utvikle dine talenter videre.<\/p>\n\t\t\t<\/div>\n\t<\/div>\n\n<div class=\"wp-block-kbm-link-list-item\">\t<svg xmlns=\"http:\/\/www.w3.org\/2000\/svg\" viewBox=\"0 0 48 48\" height=\"24\" width=\"24\" class=\"t2-icon t2-icon-volunteering\" aria-hidden=\"true\" focusable=\"false\"><path d=\"M23.33 1.157c-.459.164-.862.527-1.11 1.001l-.22.42v9.211c0 10.395.045 9.659-.603 9.883-.286.098-.356.096-.601-.02-.55-.261-.512.307-.556-8.212-.044-8.585-.004-7.999-.593-8.588-.506-.505-.872-.65-1.647-.65-.55 0-.744.034-1.015.178-.412.219-.843.653-1.039 1.046-.139.28-.148.907-.186 13.494l-.04 13.2-2.888-4.321c-3.002-4.493-3.036-4.536-3.788-4.84-.357-.145-1.245-.13-1.604.026-.899.391-1.4 1.126-1.4 2.055 0 .605.105.842.971 2.201.826 1.295 1.75 3.04 2.71 5.119 1.268 2.745 2.467 5.172 2.981 6.034 2.373 3.98 5.378 5.888 10.151 6.446 1.014.119 3.559.163 4.113.071l.286-.047-3.126-3.048c-1.719-1.675-3.315-3.265-3.546-3.531-.922-1.066-1.411-2.4-1.407-3.845.005-2.62 1.651-4.838 4.227-5.698.58-.193.756-.214 1.88-.218 1.081-.003 1.317.02 1.84.182 1.024.318 1.849.825 2.736 1.681l.456.441.595-.565c1.254-1.192 2.72-1.781 4.436-1.782 1.081-.002 2.292.349 3.19.924l.427.273v-9.73c0-7.226-.024-9.81-.094-10.043-.12-.402-.632-.984-1.056-1.201-.398-.204-1.304-.281-1.783-.152a2.142 2.142 0 0 0-1.345 1.082l-.242.474-.04 6.593-.04 6.593-.19.154c-.427.346-.973.276-1.269-.162l-.181-.27-.001-9.088-.001-9.088-.188-.404c-.611-1.312-2.534-1.66-3.624-.655-.682.629-.621-.199-.666 9.099-.044 9.138-.004 8.51-.556 8.772-.245.116-.315.118-.601.02-.648-.224-.603.512-.603-9.883V2.578l-.223-.427c-.25-.478-.743-.901-1.199-1.027-.418-.116-1.359-.098-1.728.033m1.372 28.611c-1.11.121-2.023.574-2.869 1.423-1.568 1.572-1.855 3.79-.735 5.679.296.499.462.666 7.001 7.043l.698.681.542-.142c3.486-.919 6.794-3.671 8.386-6.979.723-1.504 1.098-2.941 1.243-4.77.11-1.383.113-1.375-.672-1.957-1.021-.758-1.887-1.019-3.21-.968-1.505.057-2.308.439-3.687 1.75-1.07 1.018-1.083 1.019-1.983.172-.928-.873-1.305-1.166-1.862-1.445a5.097 5.097 0 0 0-2.852-.487\"\/><\/svg>\t<div class=\"kbm-link-list-item__content\">\n\t\t<p class=\"kbm-link-list-item__title\">Erfaring som frivillig<\/p>\n\t\t\t\t\t<p class=\"kbm-link-list-item__description\">Vi tror at gjennom \u00e5 bidra frivillig i samspill med andre unge og kommende ledere, vil du oppleve \u00e5 kjenne tilh\u00f8righet, engasjement og vokse p\u00e5 et personlig plan.<\/p>\n\t\t\t<\/div>\n\t<\/div>\n\n<div class=\"wp-block-kbm-link-list-item\">\t<svg xmlns=\"http:\/\/www.w3.org\/2000\/svg\" viewBox=\"0 0 48 48\" height=\"24\" width=\"24\" class=\"t2-icon t2-icon-heart\" aria-hidden=\"true\" focusable=\"false\"><path d=\"M12.608 7.169c-1.695.306-3.132.959-4.579 2.081-1.894 1.468-3.293 3.755-3.79 6.194-.689 3.382.232 7.499 2.57 11.489 2.339 3.991 6.459 8.359 11.511 12.202 1.924 1.463 5.432 3.825 5.682 3.825.244 0 3.789-2.389 5.678-3.826 3.507-2.666 6.767-5.781 9.058-8.654 4.107-5.151 5.927-10.598 5.023-15.036-.867-4.255-4.231-7.559-8.431-8.282-.908-.156-2.546-.157-3.46-.001-3.228.55-6.151 2.758-7.548 5.699-.151.319-.296.58-.32.58-.025 0-.212-.333-.416-.74-1.452-2.905-4.266-4.995-7.456-5.539-.885-.151-2.667-.147-3.522.008\"\/><\/svg>\t<div class=\"kbm-link-list-item__content\">\n\t\t<p class=\"kbm-link-list-item__title\">Positivt l\u00f8ft for n\u00e6rmilj\u00f8et<\/p>\n\t\t\t\t\t<p class=\"kbm-link-list-item__description\">Ved \u00e5 engasjere deg som en av ledere, kan du v\u00e6re med p\u00e5 \u00e5 p\u00e5virke omverdenens syn p\u00e5 ditt n\u00e6rmilj\u00f8. Bli med og l\u00f8ft frem alt det positive med Stovner og menneskene her!<\/p>\n\t\t\t<\/div>\n\t<\/div>\n\t\t<\/div>\n\t<\/div>\n\t","protected":false},"excerpt":{"rendered":"<p>Vil du bli en leder i ditt liv? Gjennom ungdomsprogrammet Stovner Leaders kan du som&hellip;<\/p>\n","protected":false},"author":5,"featured_media":0,"parent":0,"menu_order":0,"comment_status":"closed","ping_status":"closed","template":"","meta":{"_relevanssi_hide_post":"","_relevanssi_hide_content":"","_relevanssi_pin_for_all":"","_relevanssi_pin_keywords":"","_relevanssi_unpin_keywords":"","_relevanssi_related_keywords":"","_relevanssi_related_include_ids":"","_relevanssi_related_exclude_ids":"","_relevanssi_related_no_append":"","_relevanssi_related_not_related":"","_relevanssi_related_posts":"1","_relevanssi_noindex_reason":"","editor_notices":[],"footnotes":""},"class_list":["post-3","page","type-page","status-publish","hentry"],"yoast_head":"<!-- This site is optimized with the Yoast SEO Premium plugin v27.2 (Yoast SEO v27.2) - https:\/\/yoast.com\/product\/yoast-seo-premium-wordpress\/ -->\n<title>Kirkens Bymisjon - Stovner Leaders<\/title>\n<meta name=\"description\" content=\"Ledertreningsprogram for ungdom mellom 16\u201322 \u00e5r som har tilknytning til Bydel Stovner og Groruddalen.\" \/>\n<meta name=\"robots\" content=\"index, follow, max-snippet:-1, max-image-preview:large, max-video-preview:-1\" \/>\n<link rel=\"canonical\" href=\"https:\/\/kirkensbymisjon.no\/tilbud-stovner-leaderz\/\" \/>\n<meta property=\"og:locale\" content=\"nb_NO\" \/>\n<meta property=\"og:type\" content=\"article\" \/>\n<meta property=\"og:title\" content=\"Forside\" \/>\n<meta property=\"og:description\" content=\"Ledertreningsprogram for ungdom mellom 16\u201322 \u00e5r som har tilknytning til Bydel Stovner og Groruddalen.\" \/>\n<meta property=\"og:url\" content=\"https:\/\/kirkensbymisjon.no\/tilbud-stovner-leaderz\/\" \/>\n<meta property=\"og:site_name\" content=\"Stovner Leaders\" \/>\n<meta property=\"article:modified_time\" content=\"2025-06-16T11:44:30+00:00\" \/>\n<meta property=\"og:image\" content=\"https:\/\/kirkensbymisjon.no\/content\/uploads\/sites\/114\/2024\/08\/tilbud_stovner-lead_02.jpg\" \/>\n\t<meta property=\"og:image:width\" content=\"867\" \/>\n\t<meta property=\"og:image:height\" content=\"651\" \/>\n\t<meta property=\"og:image:type\" content=\"image\/jpeg\" \/>\n<meta name=\"twitter:card\" content=\"summary_large_image\" \/>\n<meta name=\"twitter:label1\" content=\"Ansl. lesetid\" \/>\n\t<meta name=\"twitter:data1\" content=\"1 minutt\" \/>\n<script type=\"application\/ld+json\" class=\"yoast-schema-graph\">{\"@context\":\"https:\/\/schema.org\",\"@graph\":[{\"@type\":\"WebPage\",\"@id\":\"https:\/\/kirkensbymisjon.no\/tilbud-stovner-leaderz\/\",\"url\":\"https:\/\/kirkensbymisjon.no\/tilbud-stovner-leaderz\/\",\"name\":\"Kirkens Bymisjon - Stovner Leaders\",\"isPartOf\":{\"@id\":\"https:\/\/kirkensbymisjon.no\/tilbud-stovner-leaderz\/#website\"},\"primaryImageOfPage\":{\"@id\":\"https:\/\/kirkensbymisjon.no\/tilbud-stovner-leaderz\/#primaryimage\"},\"image\":{\"@id\":\"https:\/\/kirkensbymisjon.no\/tilbud-stovner-leaderz\/#primaryimage\"},\"thumbnailUrl\":\"https:\/\/kirkensbymisjon.no\/content\/uploads\/sites\/114\/2024\/08\/tilbud_stovner-lead_02.jpg\",\"datePublished\":\"2024-06-27T06:23:51+00:00\",\"dateModified\":\"2025-06-16T11:44:30+00:00\",\"description\":\"Ledertreningsprogram for ungdom mellom 16\u201322 \u00e5r som har tilknytning til Bydel Stovner og Groruddalen.\",\"breadcrumb\":{\"@id\":\"https:\/\/kirkensbymisjon.no\/tilbud-stovner-leaderz\/#breadcrumb\"},\"inLanguage\":\"nb-NO\",\"potentialAction\":[{\"@type\":\"ReadAction\",\"target\":[\"https:\/\/kirkensbymisjon.no\/tilbud-stovner-leaderz\/\"]}]},{\"@type\":\"ImageObject\",\"inLanguage\":\"nb-NO\",\"@id\":\"https:\/\/kirkensbymisjon.no\/tilbud-stovner-leaderz\/#primaryimage\",\"url\":\"https:\/\/kirkensbymisjon.no\/content\/uploads\/sites\/114\/2024\/08\/tilbud_stovner-lead_02.jpg\",\"contentUrl\":\"https:\/\/kirkensbymisjon.no\/content\/uploads\/sites\/114\/2024\/08\/tilbud_stovner-lead_02.jpg\"},{\"@type\":\"BreadcrumbList\",\"@id\":\"https:\/\/kirkensbymisjon.no\/tilbud-stovner-leaderz\/#breadcrumb\",\"itemListElement\":[{\"@type\":\"ListItem\",\"position\":1,\"name\":\"Hjem\",\"item\":\"https:\/\/kirkensbymisjon.no\/tilbud-stovner-leaderz\/\"},{\"@type\":\"ListItem\",\"position\":2,\"name\":\"Forside\"}]},{\"@type\":\"WebSite\",\"@id\":\"https:\/\/kirkensbymisjon.no\/tilbud-stovner-leaderz\/#website\",\"url\":\"https:\/\/kirkensbymisjon.no\/tilbud-stovner-leaderz\/\",\"name\":\"Stovner Leaders\",\"description\":\"\",\"potentialAction\":[{\"@type\":\"SearchAction\",\"target\":{\"@type\":\"EntryPoint\",\"urlTemplate\":\"https:\/\/kirkensbymisjon.no\/tilbud-stovner-leaderz\/?s={search_term_string}\"},\"query-input\":{\"@type\":\"PropertyValueSpecification\",\"valueRequired\":true,\"valueName\":\"search_term_string\"}}],\"inLanguage\":\"nb-NO\"}]}<\/script>\n<!-- \/ Yoast SEO Premium plugin. -->","yoast_head_json":{"title":"Kirkens Bymisjon - Stovner Leaders","description":"Ledertreningsprogram for ungdom mellom 16\u201322 \u00e5r som har tilknytning til Bydel Stovner og Groruddalen.","robots":{"index":"index","follow":"follow","max-snippet":"max-snippet:-1","max-image-preview":"max-image-preview:large","max-video-preview":"max-video-preview:-1"},"canonical":"https:\/\/kirkensbymisjon.no\/tilbud-stovner-leaderz\/","og_locale":"nb_NO","og_type":"article","og_title":"Forside","og_description":"Ledertreningsprogram for ungdom mellom 16\u201322 \u00e5r som har tilknytning til Bydel Stovner og Groruddalen.","og_url":"https:\/\/kirkensbymisjon.no\/tilbud-stovner-leaderz\/","og_site_name":"Stovner Leaders","article_modified_time":"2025-06-16T11:44:30+00:00","og_image":[{"width":867,"height":651,"url":"https:\/\/kirkensbymisjon.no\/content\/uploads\/sites\/114\/2024\/08\/tilbud_stovner-lead_02.jpg","type":"image\/jpeg"}],"twitter_card":"summary_large_image","twitter_misc":{"Ansl. lesetid":"1 minutt"},"schema":{"@context":"https:\/\/schema.org","@graph":[{"@type":"WebPage","@id":"https:\/\/kirkensbymisjon.no\/tilbud-stovner-leaderz\/","url":"https:\/\/kirkensbymisjon.no\/tilbud-stovner-leaderz\/","name":"Kirkens Bymisjon - Stovner Leaders","isPartOf":{"@id":"https:\/\/kirkensbymisjon.no\/tilbud-stovner-leaderz\/#website"},"primaryImageOfPage":{"@id":"https:\/\/kirkensbymisjon.no\/tilbud-stovner-leaderz\/#primaryimage"},"image":{"@id":"https:\/\/kirkensbymisjon.no\/tilbud-stovner-leaderz\/#primaryimage"},"thumbnailUrl":"https:\/\/kirkensbymisjon.no\/content\/uploads\/sites\/114\/2024\/08\/tilbud_stovner-lead_02.jpg","datePublished":"2024-06-27T06:23:51+00:00","dateModified":"2025-06-16T11:44:30+00:00","description":"Ledertreningsprogram for ungdom mellom 16\u201322 \u00e5r som har tilknytning til Bydel Stovner og Groruddalen.","breadcrumb":{"@id":"https:\/\/kirkensbymisjon.no\/tilbud-stovner-leaderz\/#breadcrumb"},"inLanguage":"nb-NO","potentialAction":[{"@type":"ReadAction","target":["https:\/\/kirkensbymisjon.no\/tilbud-stovner-leaderz\/"]}]},{"@type":"ImageObject","inLanguage":"nb-NO","@id":"https:\/\/kirkensbymisjon.no\/tilbud-stovner-leaderz\/#primaryimage","url":"https:\/\/kirkensbymisjon.no\/content\/uploads\/sites\/114\/2024\/08\/tilbud_stovner-lead_02.jpg","contentUrl":"https:\/\/kirkensbymisjon.no\/content\/uploads\/sites\/114\/2024\/08\/tilbud_stovner-lead_02.jpg"},{"@type":"BreadcrumbList","@id":"https:\/\/kirkensbymisjon.no\/tilbud-stovner-leaderz\/#breadcrumb","itemListElement":[{"@type":"ListItem","position":1,"name":"Hjem","item":"https:\/\/kirkensbymisjon.no\/tilbud-stovner-leaderz\/"},{"@type":"ListItem","position":2,"name":"Forside"}]},{"@type":"WebSite","@id":"https:\/\/kirkensbymisjon.no\/tilbud-stovner-leaderz\/#website","url":"https:\/\/kirkensbymisjon.no\/tilbud-stovner-leaderz\/","name":"Stovner Leaders","description":"","potentialAction":[{"@type":"SearchAction","target":{"@type":"EntryPoint","urlTemplate":"https:\/\/kirkensbymisjon.no\/tilbud-stovner-leaderz\/?s={search_term_string}"},"query-input":{"@type":"PropertyValueSpecification","valueRequired":true,"valueName":"search_term_string"}}],"inLanguage":"nb-NO"}]}},"_links":{"self":[{"href":"https:\/\/kirkensbymisjon.no\/tilbud-stovner-leaderz\/wp-json\/wp\/v2\/pages\/3","targetHints":{"allow":["GET"]}}],"collection":[{"href":"https:\/\/kirkensbymisjon.no\/tilbud-stovner-leaderz\/wp-json\/wp\/v2\/pages"}],"about":[{"href":"https:\/\/kirkensbymisjon.no\/tilbud-stovner-leaderz\/wp-json\/wp\/v2\/types\/page"}],"author":[{"embeddable":true,"href":"https:\/\/kirkensbymisjon.no\/tilbud-stovner-leaderz\/wp-json\/wp\/v2\/users\/5"}],"replies":[{"embeddable":true,"href":"https:\/\/kirkensbymisjon.no\/tilbud-stovner-leaderz\/wp-json\/wp\/v2\/comments?post=3"}],"version-history":[{"count":5,"href":"https:\/\/kirkensbymisjon.no\/tilbud-stovner-leaderz\/wp-json\/wp\/v2\/pages\/3\/revisions"}],"predecessor-version":[{"id":87,"href":"https:\/\/kirkensbymisjon.no\/tilbud-stovner-leaderz\/wp-json\/wp\/v2\/pages\/3\/revisions\/87"}],"wp:attachment":[{"href":"https:\/\/kirkensbymisjon.no\/tilbud-stovner-leaderz\/wp-json\/wp\/v2\/media?parent=3"}],"curies":[{"name":"wp","href":"https:\/\/api.w.org\/{rel}","templated":true}]}}